{"id":10812,"date":"2022-10-04T16:56:09","date_gmt":"2022-10-04T14:56:09","guid":{"rendered":"https:\/\/www.bulkgenetics.com\/mazar-auto\/"},"modified":"2024-10-08T01:13:48","modified_gmt":"2024-10-07T23:13:48","slug":"mazar-auto","status":"publish","type":"product","link":"https:\/\/bulkgenetics.com\/fr\/mazar-auto\/","title":{"rendered":"Mazar Auto"},"content":{"rendered":"\n<p><strong>Mazar Auto<\/strong> est une vari\u00e9t\u00e9 autofloraison \u00e9l\u00e9gante, raffin\u00e9e et tr\u00e8s sp\u00e9ciale \u00e0 dominance Indica. Il s&#8217;agit de la version la plus rapide de l&#8217;une des vari\u00e9t\u00e9s de cannabis les plus vendues de Dutch Passion, un best-seller depuis son introduction sur le march\u00e9 il y a plus de 20 ans.<\/p>\n\n\n\n<p><a href=\"https:\/\/bulkgenetics.com\/fr\/mazar\/\">Mazar<\/a> est un croisement entre la <a href=\"https:\/\/bulkgenetics.com\/fr\/skunk-1\/\">Skunk #1<\/a> et une vari\u00e9t\u00e9 afghane provenant de Mazar-e Sharif, une ville situ\u00e9e au c\u0153ur de l&#8217;Hindu Kush. Sur des sites comme Leafly, elle a re\u00e7u d&#8217;excellentes critiques et des avis positifs. Elle a \u00e9t\u00e9 utilis\u00e9e pour le d\u00e9veloppement de grands hybrides tels que la d\u00e9licieuse Blue Mazar.<\/p>\n\n\n\n<h2 class=\"wp-block-heading\">Comment cultiver la Mazar Auto<\/h2>\n\n\n\n<p>C&#8217;est une vari\u00e9t\u00e9 qui plaira aux cultivateurs d\u00e9butants en raison de sa simplicit\u00e9 de culture. Aucun soin particulier n&#8217;est n\u00e9cessaire pour obtenir des r\u00e9sultats impressionnants qui feront l&#8217;envie des autres cultivateurs.<\/p>\n\n\n\n<p>Comme toute vari\u00e9t\u00e9 autofleurissante, elle appr\u00e9cie un grand pot d\u00e8s le premier jour o\u00f9 elle peut d\u00e9velopper ses racines sans limites. <strong>Cela permet d&#8217;\u00e9viter l&#8217;arr\u00eat de croissance typique<\/strong> qui se produit apr\u00e8s le rempotage.<\/p>\n\n\n\n<p><strong>Elle reste sous une hauteur de 110 cm<\/strong>, ce qui la rend tr\u00e8s discr\u00e8te lorsqu&#8217;elle est cultiv\u00e9e sur des terrasses ou des balcons. Elle <strong>se r\u00e9colte \u00e9galement en seulement 65-70 jours<\/strong>, ce qui vous permet de faire jusqu&#8217;\u00e0 3 r\u00e9coltes ext\u00e9rieures cons\u00e9cutives par saison.<\/p>\n\n\n\n<h2 class=\"wp-block-heading\">Caract\u00e9ristiques de la Mazar Auto<\/h2>\n\n\n\n<p>Les t\u00eates sont grandes, allong\u00e9es et aussi \u00e9paisses que des bouteilles de soda. Elles produisent une quantit\u00e9 exag\u00e9r\u00e9e de r\u00e9sine, qui contraste dans les climats temp\u00e9r\u00e9s avec les magnifiques tons bruns\/rouges des fleurs et des feuilles.<\/p>\n\n\n\n<p><strong>La saveur et l&#8217;ar\u00f4me sont denses<\/strong>, avec des notes claires de haschisch, de terre et de pin, avec un fond d&#8217;agrumes et d&#8217;encens qui ravira le palais.<\/p>\n\n\n\n<p><strong>Les effets sont puissants<\/strong> et parfaits pour la fin de la journ\u00e9e. Apr\u00e8s quelques bouff\u00e9es, le corps est plong\u00e9 dans une profonde relaxation et un sourire appara\u00eet sur le visage.<\/p>\n\n\n\n<p>Les rendements sont tr\u00e8s \u00e9lev\u00e9s compte tenu de sa taille. Les plantes qui atteignent une taille plus importante \u00e0 l&#8217;ext\u00e9rieur <strong>produiront jusqu&#8217;\u00e0 250 grammes<\/strong> par plante. En int\u00e9rieur, avec une ampoule LED de 300-350W, les rendements atteindront facilement <strong>jusqu&#8217;\u00e0 550 grammes par m\u00b2<\/strong>.<\/p>\n\n\n\n<div style=\"height:50px\" aria-hidden=\"true\" class=\"wp-block-spacer uag-hide-mob\"><\/div>\n\n\n\n<div class=\"wp-block-columns is-layout-flex wp-container-core-columns-is-layout-28f84493 wp-block-columns-is-layout-flex\">\n<div class=\"wp-block-column is-layout-flow wp-block-column-is-layout-flow\">\n<p class=\"has-text-align-center has-medium-font-size\"><strong>Ce qui nous pla\u00eet le plus<\/strong><\/p>\n\n\n\n<ul class=\"wp-block-list\">\n<li>Tr\u00e8s facile \u00e0 cultiver.<\/li>\n\n\n\n<li>Production abondante.<\/li>\n\n\n\n<li>Se r\u00e9colte en 65-70 jours.<\/li>\n\n\n\n<li>Effets positifs et relaxants.<\/li>\n\n\n\n<li>Son prix.<\/li>\n<\/ul>\n<\/div>\n\n\n\n<div class=\"wp-block-column is-layout-flow wp-block-column-is-layout-flow\">\n<p class=\"has-text-align-center has-medium-font-size\"><strong>Ce qui nous pla\u00eet le moins<\/strong><\/p>\n\n\n\n<ul class=\"wp-block-list\">\n<li>Odeur intense en floraison.<\/li>\n<\/ul>\n<\/div>\n<\/div>\n\n\n\n<div style=\"height:50px\" aria-hidden=\"true\" class=\"wp-block-spacer uag-hide-mob\"><\/div>\n\n\n\n<h2 class=\"wp-block-heading\">Questions fr\u00e9quentes<\/h2>\n\n\n\n<p>Vous trouverez ci-dessous les questions les plus fr\u00e9quemment pos\u00e9es par les cultivateurs int\u00e9ress\u00e9s par ces graines en vrac bon march\u00e9 :<\/p>\n\n\n<div id=\"rank-math-faq\" class=\"rank-math-block\">\n<div class=\"rank-math-list \">\n<div id=\"faq-question-1663029074962\" class=\"rank-math-list-item\">\n<h3 class=\"rank-math-question \">Quand commence la floraison de la Mazar Auto?<\/h3>\n<div class=\"rank-math-answer \">\n\n<p>La floraison commence 3-4 semaines apr\u00e8s la germination des graines.<\/p>\n\n<\/div>\n<\/div>\n<div id=\"faq-question-1663029159933\" class=\"rank-math-list-item\">\n<h3 class=\"rank-math-question \">Quand r\u00e9colter la Mazar Auto apr\u00e8s sa germination ?<\/h3>\n<div class=\"rank-math-answer \">\n\n<p>C&#8217;est une vari\u00e9t\u00e9 de cannabis \u00e0 autofloraison rapide qui est r\u00e9colt\u00e9e en 65-70 jours \u00e0 partir de la germination.<\/p>\n\n<\/div>\n<\/div>\n<div id=\"faq-question-1663029165861\" class=\"rank-math-list-item\">\n<h3 class=\"rank-math-question \">Comment cultiver la Mazar Auto f\u00e9minis\u00e9e ?<\/h3>\n<div class=\"rank-math-answer \">\n\n<p>C&#8217;est une plante facile \u00e0 cultiver et r\u00e9sistante. Si vous utilisez un grand pot d\u00e8s le premier jour, vous obtiendrez des plantes d&#8217;environ 110 cm avec des rendements allant jusqu&#8217;\u00e0 250 grammes.<\/p>\n\n<\/div>\n<\/div>\n<div id=\"faq-question-1666780029954\" class=\"rank-math-list-item\">\n<h3 class=\"rank-math-question \">Quels sont les effets de la Mazar Auto en vrac ?<\/h3>\n<div class=\"rank-math-answer \">\n\n<p>Les effets sont tr\u00e8s relaxants et heureux. Vous vous endormirez avec un sourire sur le visage.<\/p>\n\n<\/div>\n<\/div>\n<\/div>\n<\/div>","protected":false},"excerpt":{"rendered":"<p>Mazar Auto est la version tr\u00e8s rapide du best-seller de Dutch Passion. C&#8217;est une plante \u00e0 forte dominance Indica, facile \u00e0 cultiver, peu exigeante et tr\u00e8s reconnaissante. Sa hauteur, qui d\u00e9passe rarement un m\u00e8tre, la rend particuli\u00e8rement adapt\u00e9e aux petites terrasses ou balcons. Elle produit de longues branches remplies de t\u00eates dures comme la pierre, recouverts d&#8217;une \u00e9paisse couche de trichomes collante. Mettez-vous \u00e0 l&#8217;aise et profitez. Une saveur et un ar\u00f4me de Kush terreux avec des notes d&#8217;encens \u00e9veilleront vos sens. Vous sentirez rapidement un nuage vous envelopper dans une \u00e9treinte chaleureuse et accueillante.<\/p>\n","protected":false},"featured_media":32119,"comment_status":"open","ping_status":"closed","template":"","meta":{"_acf_changed":false,"inline_featured_image":false,"_uag_custom_page_level_css":""},"product_brand":[],"product_cat":[2265],"product_tag":[],"class_list":{"0":"post-10812","1":"product","2":"type-product","3":"status-publish","4":"has-post-thumbnail","6":"product_cat-graines-autofloraison-en-gros","8":"first","9":"instock","10":"taxable","11":"shipping-taxable","12":"purchasable","13":"product-type-simple"},"acf":[],"uagb_featured_image_src":{"full":["https:\/\/bulkgenetics.com\/wp-content\/uploads\/2022\/10\/mazar-auto-autoflowering-cannabis-seeds-bulk-genetics.jpg",1600,1600,false],"thumbnail":["https:\/\/bulkgenetics.com\/wp-content\/uploads\/2022\/10\/mazar-auto-autoflowering-cannabis-seeds-bulk-genetics-150x150.jpg",150,150,true],"medium":["https:\/\/bulkgenetics.com\/wp-content\/uploads\/2022\/10\/mazar-auto-autoflowering-cannabis-seeds-bulk-genetics-300x300.jpg",300,300,true],"medium_large":["https:\/\/bulkgenetics.com\/wp-content\/uploads\/2022\/10\/mazar-auto-autoflowering-cannabis-seeds-bulk-genetics-768x768.jpg",768,768,true],"large":["https:\/\/bulkgenetics.com\/wp-content\/uploads\/2022\/10\/mazar-auto-autoflowering-cannabis-seeds-bulk-genetics-1024x1024.jpg",1024,1024,true],"1536x1536":["https:\/\/bulkgenetics.com\/wp-content\/uploads\/2022\/10\/mazar-auto-autoflowering-cannabis-seeds-bulk-genetics-1536x1536.jpg",1536,1536,true],"2048x2048":["https:\/\/bulkgenetics.com\/wp-content\/uploads\/2022\/10\/mazar-auto-autoflowering-cannabis-seeds-bulk-genetics.jpg",1600,1600,false],"commercegurus-pdp-large":["https:\/\/bulkgenetics.com\/wp-content\/uploads\/2022\/10\/mazar-auto-autoflowering-cannabis-seeds-bulk-genetics-990x990.jpg",990,990,true],"commercegurus-plp-mobile":["https:\/\/bulkgenetics.com\/wp-content\/uploads\/2022\/10\/mazar-auto-autoflowering-cannabis-seeds-bulk-genetics-441x441.jpg",441,441,true],"cgkit_image_swatch":["https:\/\/bulkgenetics.com\/wp-content\/uploads\/2022\/10\/mazar-auto-autoflowering-cannabis-seeds-bulk-genetics-100x100.jpg",100,100,true],"woocommerce_thumbnail":["https:\/\/bulkgenetics.com\/wp-content\/uploads\/2022\/10\/mazar-auto-autoflowering-cannabis-seeds-bulk-genetics-300x300.jpg",300,300,true],"woocommerce_single":["https:\/\/bulkgenetics.com\/wp-content\/uploads\/2022\/10\/mazar-auto-autoflowering-cannabis-seeds-bulk-genetics-800x800.jpg",800,800,true],"woocommerce_gallery_thumbnail":["https:\/\/bulkgenetics.com\/wp-content\/uploads\/2022\/10\/mazar-auto-autoflowering-cannabis-seeds-bulk-genetics-150x150.jpg",150,150,true],"dgwt-wcas-product-suggestion":["https:\/\/bulkgenetics.com\/wp-content\/uploads\/2022\/10\/mazar-auto-autoflowering-cannabis-seeds-bulk-genetics-64x64.jpg",64,64,true]},"uagb_author_info":{"display_name":"J\u00e9r\u00f4me","author_link":"https:\/\/bulkgenetics.com\/fr\/author\/"},"uagb_comment_info":0,"uagb_excerpt":"Mazar Auto est la version tr\u00e8s rapide du best-seller de Dutch Passion. C'est une plante \u00e0 forte dominance Indica, facile \u00e0 cultiver, peu exigeante et tr\u00e8s reconnaissante. Sa hauteur, qui d\u00e9passe rarement un m\u00e8tre, la rend particuli\u00e8rement adapt\u00e9e aux petites terrasses ou balcons. Elle produit de longues branches remplies de t\u00eates dures comme la pierre,\u2026","_links":{"self":[{"href":"https:\/\/bulkgenetics.com\/fr\/wp-json\/wp\/v2\/product\/10812","targetHints":{"allow":["GET"]}}],"collection":[{"href":"https:\/\/bulkgenetics.com\/fr\/wp-json\/wp\/v2\/product"}],"about":[{"href":"https:\/\/bulkgenetics.com\/fr\/wp-json\/wp\/v2\/types\/product"}],"replies":[{"embeddable":true,"href":"https:\/\/bulkgenetics.com\/fr\/wp-json\/wp\/v2\/comments?post=10812"}],"wp:featuredmedia":[{"embeddable":true,"href":"https:\/\/bulkgenetics.com\/fr\/wp-json\/wp\/v2\/media\/32119"}],"wp:attachment":[{"href":"https:\/\/bulkgenetics.com\/fr\/wp-json\/wp\/v2\/media?parent=10812"}],"wp:term":[{"taxonomy":"product_brand","embeddable":true,"href":"https:\/\/bulkgenetics.com\/fr\/wp-json\/wp\/v2\/product_brand?post=10812"},{"taxonomy":"product_cat","embeddable":true,"href":"https:\/\/bulkgenetics.com\/fr\/wp-json\/wp\/v2\/product_cat?post=10812"},{"taxonomy":"product_tag","embeddable":true,"href":"https:\/\/bulkgenetics.com\/fr\/wp-json\/wp\/v2\/product_tag?post=10812"}],"curies":[{"name":"wp","href":"https:\/\/api.w.org\/{rel}","templated":true}]}}