{"id":10814,"date":"2022-10-04T16:52:16","date_gmt":"2022-10-04T14:52:16","guid":{"rendered":"https:\/\/www.bulkgenetics.com\/magnum-auto\/"},"modified":"2025-11-25T21:49:48","modified_gmt":"2025-11-25T20:49:48","slug":"magnum-auto","status":"publish","type":"product","link":"https:\/\/bulkgenetics.com\/fr\/magnum-auto\/","title":{"rendered":"Magnum Auto"},"content":{"rendered":"\n<p><strong>Magnum Auto<\/strong> est l&#8217;une des vari\u00e9t\u00e9s de cannabis autofloraison les plus c\u00e9l\u00e8bres et les plus cultiv\u00e9es au monde, connue pour sa grande stabilit\u00e9, sa r\u00e9sistance et sa production.<\/p>\n\n\n\n<p>C&#8217;est le r\u00e9sultat de la meilleure s\u00e9lection de Magnum de Buddha Seeds, \u00e0 la recherche des <strong>sp\u00e9cimens les plus rapides, les plus grands et les plus productifs<\/strong>. C&#8217;est ainsi que nous avons obtenu l&#8217;Auto Magnum XXL en vrac ou Super Magnum que les cultivateurs aiment tant.<\/p>\n\n\n\n<h2 class=\"wp-block-heading\">Comment cultiver la Magnum Auto<\/h2>\n\n\n\n<p>Magnum Auto est l&#8217;une des plantes de cannabis autofloraison les plus faciles \u00e0 cultiver. En int\u00e9rieur et en ext\u00e9rieur, dans des climats chauds et temp\u00e9r\u00e9s, pour les d\u00e9butants et les cultivateurs exp\u00e9riment\u00e9s&#8230; vous pourrez toujours vous attendre \u00e0 d&#8217;excellents r\u00e9sultats.<\/p>\n\n\n\n<p>Nous vous recommandons d&#8217;utiliser un grand pot avec un bon substrat d\u00e8s le premier jour. De cette fa\u00e7on, les plantes pousseront sans le ralentissement typique qui se produit parfois apr\u00e8s le rempotage et atteindront une <strong>hauteur allant jusqu&#8217;\u00e0 130 cm.<\/strong> Ce n&#8217;est pas l&#8217;autofloraison la plus discr\u00e8te en raison de sa grande taille, mais c&#8217;est sans aucun doute l&#8217;une des plus productives.<\/p>\n\n\n\n<p>\u00c0 partir de la germination, <strong>elle se r\u00e9colte en environ 80-85 jours<\/strong>, ce qui permet de faire jusqu&#8217;\u00e0 2 r\u00e9coltes ext\u00e9rieures cons\u00e9cutives pendant les mois de printemps et d&#8217;\u00e9t\u00e9.<\/p>\n\n\n\n<h2 class=\"wp-block-heading\">Caract\u00e9ristiques de la Magnum Auto<\/h2>\n\n\n\n<p>Les t\u00eates sont d&#8217;une taille exceptionnelle, tr\u00e8s compactes et r\u00e9sineuses. Les entrenoeuds des fleurs se rejoignent pour former de longues t\u00eates de la taille d&#8217;une batte de baseball et qui sont tr\u00e8s faciles \u00e0 manucurer.<\/p>\n\n\n\n<p>Un<strong> ar\u00f4me et une saveur<\/strong> menthol\u00e9s tr\u00e8s fraiche et app\u00e9tissante dominent, avec des notes bois\u00e9es, \u00e9pic\u00e9es et l\u00e9g\u00e8rement herbac\u00e9es qui titilleront vos papilles.<\/p>\n\n\n\n<p>Les <strong>effets<\/strong> sont puissants et bien \u00e9quilibr\u00e9s mais avec une dominance de ses g\u00e8nes sativa. Votre corps re\u00e7oit une grande dose d&#8217;\u00e9nergie et votre esprit d\u00e9bordera d&#8217;id\u00e9es cr\u00e9atives que vous voudrez partager avec les autres.<\/p>\n\n\n\n<p>Les rendements sont tr\u00e8s \u00e9lev\u00e9s. En ext\u00e9rieur, les plantes plus grandes atteindront facilement <strong>250 grammes<\/strong> de t\u00eates s\u00e9ch\u00e9s. En int\u00e9rieur, tous les cultivateurs pourront <strong>600 grammes par m\u00b2<\/strong> avec des LED de 300-350 W.<\/p>\n\n\n\n<div style=\"height:50px\" aria-hidden=\"true\" class=\"wp-block-spacer uag-hide-mob\"><\/div>\n\n\n\n<div class=\"wp-block-columns is-layout-flex wp-container-core-columns-is-layout-28f84493 wp-block-columns-is-layout-flex\">\n<div class=\"wp-block-column is-layout-flow wp-block-column-is-layout-flow\">\n<p class=\"has-text-align-center has-medium-font-size\"><strong>Ce que nous aimons le plus<\/strong><\/p>\n\n\n\n<ul class=\"wp-block-list\">\n<li>Tr\u00e8s facile \u00e0 cultiver.<\/li>\n\n\n\n<li>Production abondante.<\/li>\n\n\n\n<li>Cycle de vie court.<\/li>\n\n\n\n<li>Effets tr\u00e8s sociaux, \u00e9nergiques et cr\u00e9atifs.<\/li>\n\n\n\n<li>Son prix.<\/li>\n<\/ul>\n<\/div>\n\n\n\n<div class=\"wp-block-column is-layout-flow wp-block-column-is-layout-flow\">\n<p class=\"has-text-align-center has-medium-font-size\"><strong>Ce que nous aimons le moins<\/strong><\/p>\n\n\n\n<ul class=\"wp-block-list\">\n<li>Odeur intense en floraison.<\/li>\n<\/ul>\n<\/div>\n<\/div>\n\n\n\n<div style=\"height:50px\" aria-hidden=\"true\" class=\"wp-block-spacer uag-hide-mob\"><\/div>\n\n\n\n<h2 class=\"wp-block-heading\">Questions fr\u00e9quentes<\/h2>\n\n\n\n<p>Nous r\u00e9pondons ci-dessous aux questions les plus fr\u00e9quemment pos\u00e9es par les cultivateurs int\u00e9ress\u00e9s par le suivi de cette vari\u00e9t\u00e9 de cannabis :<\/p>\n\n\n<div id=\"rank-math-faq\" class=\"rank-math-block\">\n<div class=\"rank-math-list \">\n<div id=\"faq-question-1663029074962\" class=\"rank-math-list-item\">\n<h3 class=\"rank-math-question \">Quand commence la floraison de la Magnum Auto ?<\/h3>\n<div class=\"rank-math-answer \">\n\n<p>Environ 4 semaines apr\u00e8s la germination, la phase de floraison commencera.<\/p>\n\n<\/div>\n<\/div>\n<div id=\"faq-question-1663029159933\" class=\"rank-math-list-item\">\n<h3 class=\"rank-math-question \">Quand r\u00e9colter la Magnum Auto apr\u00e8s la germination ?<\/h3>\n<div class=\"rank-math-answer \">\n\n<p>\u00c0 partir de la germination des graines, il faudra environ 80-85 jours pour r\u00e9colter.<\/p>\n\n<\/div>\n<\/div>\n<div id=\"faq-question-1663029165861\" class=\"rank-math-list-item\">\n<h3 class=\"rank-math-question \">Comment cultiver la Magnum Auto f\u00e9minis\u00e9e ?<\/h3>\n<div class=\"rank-math-answer \">\n\n<p>C&#8217;est une vari\u00e9t\u00e9 autofloraison tr\u00e8s facile \u00e0 cultiver, r\u00e9sistante et productive. Utilisez un grand pot d\u00e8s le premier jour pour obtenir les plus grandes plantes.<\/p>\n\n<\/div>\n<\/div>\n<div id=\"faq-question-1666780029954\" class=\"rank-math-list-item\">\n<h3 class=\"rank-math-question \">Quels sont les effets de la Magnum Auto en vrac ?<\/h3>\n<div class=\"rank-math-answer \">\n\n<p>Elle a un effet \u00e9nergique, cr\u00e9atif et tr\u00e8s sociable. Id\u00e9al pour passer un moment en bonne compagnie.<\/p>\n\n<\/div>\n<\/div>\n<\/div>\n<\/div>","protected":false},"excerpt":{"rendered":"<p>Magnum Auto est l&#8217;une des vari\u00e9t\u00e9s autofloraison les plus r\u00e9ussies. C&#8217;est un myst\u00e9rieux hybride Indica\/Sativa et la vedette du catalogue de Buddha Seeds. Elle est tr\u00e8s r\u00e9sistante, facile \u00e0 cultiver et discr\u00e8te, id\u00e9ale pour les terrasses et les balcons. Son cycle de vie est court, environ 80-85 jours au total. Les rendements sont monstrueux pour sa taille, atteignant jusqu&#8217;\u00e0 250 grammes de t\u00eates dures comme la pierre et collantes comme du miel. Sa saveur est tr\u00e8s fra\u00eeche, bois\u00e9e et \u00e9pic\u00e9e, tandis que ses effets sont puissants, tr\u00e8s \u00e9nergiques et cr\u00e9atifs.<\/p>\n","protected":false},"featured_media":11892,"comment_status":"open","ping_status":"closed","template":"","meta":{"_acf_changed":false,"inline_featured_image":false,"_uag_custom_page_level_css":""},"product_brand":[],"product_cat":[2265],"product_tag":[],"class_list":{"0":"post-10814","1":"product","2":"type-product","3":"status-publish","4":"has-post-thumbnail","6":"product_cat-graines-autofloraison-en-gros","8":"first","9":"outofstock","10":"taxable","11":"shipping-taxable","12":"purchasable","13":"product-type-simple"},"acf":[],"uagb_featured_image_src":{"full":["https:\/\/bulkgenetics.com\/wp-content\/uploads\/2022\/10\/magnum-auto.jpg",1600,1600,false],"thumbnail":["https:\/\/bulkgenetics.com\/wp-content\/uploads\/2022\/10\/magnum-auto-150x150.jpg",150,150,true],"medium":["https:\/\/bulkgenetics.com\/wp-content\/uploads\/2022\/10\/magnum-auto-300x300.jpg",300,300,true],"medium_large":["https:\/\/bulkgenetics.com\/wp-content\/uploads\/2022\/10\/magnum-auto-768x768.jpg",768,768,true],"large":["https:\/\/bulkgenetics.com\/wp-content\/uploads\/2022\/10\/magnum-auto-1024x1024.jpg",1024,1024,true],"1536x1536":["https:\/\/bulkgenetics.com\/wp-content\/uploads\/2022\/10\/magnum-auto-1536x1536.jpg",1536,1536,true],"2048x2048":["https:\/\/bulkgenetics.com\/wp-content\/uploads\/2022\/10\/magnum-auto.jpg",1600,1600,false],"commercegurus-pdp-large":["https:\/\/bulkgenetics.com\/wp-content\/uploads\/2022\/10\/magnum-auto-990x990.jpg",990,990,true],"commercegurus-plp-mobile":["https:\/\/bulkgenetics.com\/wp-content\/uploads\/2022\/10\/magnum-auto-441x441.jpg",441,441,true],"cgkit_image_swatch":["https:\/\/bulkgenetics.com\/wp-content\/uploads\/2022\/10\/magnum-auto-100x100.jpg",100,100,true],"woocommerce_thumbnail":["https:\/\/bulkgenetics.com\/wp-content\/uploads\/2022\/10\/magnum-auto-300x300.jpg",300,300,true],"woocommerce_single":["https:\/\/bulkgenetics.com\/wp-content\/uploads\/2022\/10\/magnum-auto-800x800.jpg",800,800,true],"woocommerce_gallery_thumbnail":["https:\/\/bulkgenetics.com\/wp-content\/uploads\/2022\/10\/magnum-auto-150x150.jpg",150,150,true],"dgwt-wcas-product-suggestion":["https:\/\/bulkgenetics.com\/wp-content\/uploads\/2022\/10\/magnum-auto-64x64.jpg",64,64,true]},"uagb_author_info":{"display_name":"J\u00e9r\u00f4me","author_link":"https:\/\/bulkgenetics.com\/fr\/author\/"},"uagb_comment_info":1,"uagb_excerpt":"Magnum Auto est l'une des vari\u00e9t\u00e9s autofloraison les plus r\u00e9ussies. C'est un myst\u00e9rieux hybride Indica\/Sativa et la vedette du catalogue de Buddha Seeds. Elle est tr\u00e8s r\u00e9sistante, facile \u00e0 cultiver et discr\u00e8te, id\u00e9ale pour les terrasses et les balcons. Son cycle de vie est court, environ 80-85 jours au total. Les rendements sont monstrueux pour\u2026","_links":{"self":[{"href":"https:\/\/bulkgenetics.com\/fr\/wp-json\/wp\/v2\/product\/10814","targetHints":{"allow":["GET"]}}],"collection":[{"href":"https:\/\/bulkgenetics.com\/fr\/wp-json\/wp\/v2\/product"}],"about":[{"href":"https:\/\/bulkgenetics.com\/fr\/wp-json\/wp\/v2\/types\/product"}],"replies":[{"embeddable":true,"href":"https:\/\/bulkgenetics.com\/fr\/wp-json\/wp\/v2\/comments?post=10814"}],"wp:featuredmedia":[{"embeddable":true,"href":"https:\/\/bulkgenetics.com\/fr\/wp-json\/wp\/v2\/media\/11892"}],"wp:attachment":[{"href":"https:\/\/bulkgenetics.com\/fr\/wp-json\/wp\/v2\/media?parent=10814"}],"wp:term":[{"taxonomy":"product_brand","embeddable":true,"href":"https:\/\/bulkgenetics.com\/fr\/wp-json\/wp\/v2\/product_brand?post=10814"},{"taxonomy":"product_cat","embeddable":true,"href":"https:\/\/bulkgenetics.com\/fr\/wp-json\/wp\/v2\/product_cat?post=10814"},{"taxonomy":"product_tag","embeddable":true,"href":"https:\/\/bulkgenetics.com\/fr\/wp-json\/wp\/v2\/product_tag?post=10814"}],"curies":[{"name":"wp","href":"https:\/\/api.w.org\/{rel}","templated":true}]}}