{"id":10815,"date":"2022-10-04T16:53:55","date_gmt":"2022-10-04T14:53:55","guid":{"rendered":"https:\/\/www.bulkgenetics.com\/mandarine-auto\/"},"modified":"2024-10-08T01:13:49","modified_gmt":"2024-10-07T23:13:49","slug":"mandarine-auto","status":"publish","type":"product","link":"https:\/\/bulkgenetics.com\/fr\/mandarine-auto\/","title":{"rendered":"Mandarine Auto"},"content":{"rendered":"\n<p><strong>Mandarine Auto<\/strong> est une autofloraison g\u00e9ante qui surprend tous ceux qui la cultivent. Elle est aussi \u00e9l\u00e9gante et productive, et se transformera sans aucun doute en l&#8217;une des reines de tout jardin.<\/p>\n\n\n\n<p>Il s&#8217;agit d&#8217;un hybride \u00e0 dominance Indica qui <strong>combine une Cream Auto et une Ice Cool<\/strong>. On pourrait dire qu&#8217;elle est similaire \u00e0 la Cream Mandarine XL Auto de Sweet Seeds qui obtient de si bonnes critiques sur des sites comme Growdiaries, mais en beaucoup moins ch\u00e8re.<\/p>\n\n\n\n<h2 class=\"wp-block-heading\">Comment cultiver la Mandarine Auto<\/h2>\n\n\n\n<p>Ce n&#8217;est pas une plante de cannabis tr\u00e8s exigeante et tout cultivateur novice obtiendra d&#8217;excellents r\u00e9sultats. <strong>Elle atteint une hauteur de 150 cm<\/strong> dans des conditions favorables, ce n&#8217;est donc pas non plus la plante \u00e0 autofloraison la plus discr\u00e8te.<\/p>\n\n\n\n<p>Nous vous recommandons d&#8217;opter pour un pot d&#8217;au moins 25 litres d\u00e8s le premier jour. De cette fa\u00e7on, les plantes <strong>peuvent se d\u00e9velopper sans le ralentissement parfois li\u00e9 \u00e0 un rempotage<\/strong> et atteindront leur taille maximale avant le d\u00e9but de la phase de floraison.<\/p>\n\n\n\n<p>Elle est tr\u00e8s rapide et <strong>peut \u00eatre r\u00e9colt\u00e9e en un total de 9 semaines \u00e0 partir de la germination<\/strong>. Pendant les mois de printemps et d&#8217;\u00e9t\u00e9, il est possible de faire jusqu&#8217;\u00e0 3 cultures cons\u00e9cutives.<\/p>\n\n\n\n<h2 class=\"wp-block-heading\">Caract\u00e9ristiques de la Mandarine Auto<\/h2>\n\n\n\n<p>Elle produit une grosse branche centrale, longue et \u00e9paisse, avec de nombreux t\u00eates satellites de taille consid\u00e9rable. Elles sont compactes et recouvertes d&#8217;une \u00e9paisse couche de r\u00e9sine cr\u00e9meuse.<\/p>\n\n\n\n<p><strong>L&#8217;ar\u00f4me et le go\u00fbt<\/strong> h\u00e9ritent des caract\u00e9ristiques marqu\u00e9es de la <a href=\"https:\/\/bulkgenetics.com\/fr\/new-york-diesel\/\">NYC Diesel<\/a>, avec des notes d&#8217;agrumes comme l&#8217;orange et la mandarine, sur un fond de diesel typique des g\u00e9n\u00e9tiques am\u00e9ricaines.<\/p>\n\n\n\n<p><strong>Les effets sont puissants et bien \u00e9quilibr\u00e9s<\/strong> entre le physique et le mental. Un high \u00e9nergique est suivi d&#8217;une relaxation durable, tr\u00e8s positive et joyeuse. C&#8217;est une vari\u00e9t\u00e9 parfaite \u00e0 tout moment de la journ\u00e9e.<\/p>\n\n\n\n<p>Les rendements sont tr\u00e8s \u00e9lev\u00e9s et \u00e0 l&#8217;ext\u00e9rieur, ils atteignent facilement <strong>150 grammes par plante<\/strong> pour les plus grandes. En int\u00e9rieur, avec un panneau LED de 300-350 W, le rendement est de <strong>450-550 grammes par m\u00b2<\/strong>.<\/p>\n\n\n\n<div style=\"height:50px\" aria-hidden=\"true\" class=\"wp-block-spacer uag-hide-mob\"><\/div>\n\n\n\n<div class=\"wp-block-columns is-layout-flex wp-container-core-columns-is-layout-28f84493 wp-block-columns-is-layout-flex\">\n<div class=\"wp-block-column is-layout-flow wp-block-column-is-layout-flow\">\n<p class=\"has-text-align-center has-medium-font-size\"><strong>Ce qui nous pla\u00eet le plus<\/strong><\/p>\n\n\n\n<ul class=\"wp-block-list\">\n<li>Tr\u00e8s facile \u00e0 cultiver.<\/li>\n\n\n\n<li>Production abondante.<\/li>\n\n\n\n<li>Se r\u00e9colte en 9 semaines.<\/li>\n\n\n\n<li>Saveur de mandarine et d&#8217;orange.<\/li>\n\n\n\n<li>Effets \u00e9quilibr\u00e9s.<\/li>\n\n\n\n<li>Son prix.<\/li>\n<\/ul>\n<\/div>\n\n\n\n<div class=\"wp-block-column is-layout-flow wp-block-column-is-layout-flow\">\n<p class=\"has-text-align-center has-medium-font-size\"><strong>Ce qui nous pla\u00eet le moins<\/strong><\/p>\n\n\n\n<ul class=\"wp-block-list\">\n<li>Odeur intense en floraison.<\/li>\n<\/ul>\n<\/div>\n<\/div>\n\n\n\n<div style=\"height:50px\" aria-hidden=\"true\" class=\"wp-block-spacer uag-hide-mob\"><\/div>\n\n\n\n<h2 class=\"wp-block-heading\">Questions fr\u00e9quentes<\/h2>\n\n\n\n<p>Vous trouverez ici les r\u00e9ponses \u00e0 certaines des questions les plus fr\u00e9quemment pos\u00e9es par les cultivateurs int\u00e9ress\u00e9s par cette g\u00e9n\u00e9tique :<\/p>\n\n\n<div id=\"rank-math-faq\" class=\"rank-math-block\">\n<div class=\"rank-math-list \">\n<div id=\"faq-question-1663029074962\" class=\"rank-math-list-item\">\n<h3 class=\"rank-math-question \">Quand commence la floraison de la Mandarine Auto?<\/h3>\n<div class=\"rank-math-answer \">\n\n<p>La p\u00e9riode de croissance est tr\u00e8s courte. Apr\u00e8s 3-4 semaines \u00e0 partir de la germination, les plantes commencent \u00e0 fleurir.<\/p>\n\n<\/div>\n<\/div>\n<div id=\"faq-question-1663029159933\" class=\"rank-math-list-item\">\n<h3 class=\"rank-math-question \">Quand r\u00e9colter la Mandarine Auto apr\u00e8s sa germination ?<\/h3>\n<div class=\"rank-math-answer \">\n\n<p>Le cycle de vie est tr\u00e8s court et la r\u00e9colte se fait en 9 semaines au total.<\/p>\n\n<\/div>\n<\/div>\n<div id=\"faq-question-1663029165861\" class=\"rank-math-list-item\">\n<h3 class=\"rank-math-question \">Comment cultiver la Mandarine Auto f\u00e9minis\u00e9e ?<\/h3>\n<div class=\"rank-math-answer \">\n\n<p>C&#8217;est une vari\u00e9t\u00e9 de cannabis autofloraison g\u00e9ante qui est tr\u00e8s facile \u00e0 cultiver. Choisissez un grand pot d\u00e8s le premier jour et vous obtiendrez des plantes pouvant atteindre 150 cm de haut.<\/p>\n\n<\/div>\n<\/div>\n<div id=\"faq-question-1666780029954\" class=\"rank-math-list-item\">\n<h3 class=\"rank-math-question \">Quels sont les effets de la Mandarine Auto en vrac ?<\/h3>\n<div class=\"rank-math-answer \">\n\n<p>Elle a des effets tr\u00e8s \u00e9quilibr\u00e9s. Ils sont \u00e0 la fois \u00e9nergiques, joyeux et relaxants.<\/p>\n\n<\/div>\n<\/div>\n<\/div>\n<\/div>","protected":false},"excerpt":{"rendered":"<p>Mandarine Auto est une plante que tout le monde aime, surtout les amateurs de saveurs et d&#8217;ar\u00f4mes d&#8217;agrumes doux. Elle est \u00e9galement facile \u00e0 cultiver et r\u00e9sistante et atteint une hauteur maximale de 110 cm, ce qui la rend tr\u00e8s discr\u00e8te. \u00c0 partir de la germination, il ne faut que 9 semaines pour effectuer la r\u00e9colte. Les t\u00eates sont grandes, allong\u00e9es et tr\u00e8s r\u00e9sineuses. Vos papilles gustatives appr\u00e9cieront les douces notes d&#8217;orange et de mandarine. Votre corps et votre esprit seront plong\u00e9s dans des montagnes russes de sensations grisantes, tr\u00e8s c\u00e9r\u00e9brales au d\u00e9but et physiques \u00e0 la fin.<\/p>\n","protected":false},"featured_media":31721,"comment_status":"open","ping_status":"closed","template":"","meta":{"_acf_changed":false,"inline_featured_image":false,"_uag_custom_page_level_css":""},"product_brand":[],"product_cat":[2265],"product_tag":[],"class_list":{"0":"post-10815","1":"product","2":"type-product","3":"status-publish","4":"has-post-thumbnail","6":"product_cat-graines-autofloraison-en-gros","8":"first","9":"instock","10":"taxable","11":"shipping-taxable","12":"purchasable","13":"product-type-simple"},"acf":[],"uagb_featured_image_src":{"full":["https:\/\/bulkgenetics.com\/wp-content\/uploads\/2022\/10\/mandarine-auto-autoflowering-bulk-seeds.jpg",1600,1600,false],"thumbnail":["https:\/\/bulkgenetics.com\/wp-content\/uploads\/2022\/10\/mandarine-auto-autoflowering-bulk-seeds-150x150.jpg",150,150,true],"medium":["https:\/\/bulkgenetics.com\/wp-content\/uploads\/2022\/10\/mandarine-auto-autoflowering-bulk-seeds-300x300.jpg",300,300,true],"medium_large":["https:\/\/bulkgenetics.com\/wp-content\/uploads\/2022\/10\/mandarine-auto-autoflowering-bulk-seeds-768x768.jpg",768,768,true],"large":["https:\/\/bulkgenetics.com\/wp-content\/uploads\/2022\/10\/mandarine-auto-autoflowering-bulk-seeds-1024x1024.jpg",1024,1024,true],"1536x1536":["https:\/\/bulkgenetics.com\/wp-content\/uploads\/2022\/10\/mandarine-auto-autoflowering-bulk-seeds-1536x1536.jpg",1536,1536,true],"2048x2048":["https:\/\/bulkgenetics.com\/wp-content\/uploads\/2022\/10\/mandarine-auto-autoflowering-bulk-seeds.jpg",1600,1600,false],"commercegurus-pdp-large":["https:\/\/bulkgenetics.com\/wp-content\/uploads\/2022\/10\/mandarine-auto-autoflowering-bulk-seeds-990x990.jpg",990,990,true],"commercegurus-plp-mobile":["https:\/\/bulkgenetics.com\/wp-content\/uploads\/2022\/10\/mandarine-auto-autoflowering-bulk-seeds-441x441.jpg",441,441,true],"cgkit_image_swatch":["https:\/\/bulkgenetics.com\/wp-content\/uploads\/2022\/10\/mandarine-auto-autoflowering-bulk-seeds-100x100.jpg",100,100,true],"woocommerce_thumbnail":["https:\/\/bulkgenetics.com\/wp-content\/uploads\/2022\/10\/mandarine-auto-autoflowering-bulk-seeds-300x300.jpg",300,300,true],"woocommerce_single":["https:\/\/bulkgenetics.com\/wp-content\/uploads\/2022\/10\/mandarine-auto-autoflowering-bulk-seeds-800x800.jpg",800,800,true],"woocommerce_gallery_thumbnail":["https:\/\/bulkgenetics.com\/wp-content\/uploads\/2022\/10\/mandarine-auto-autoflowering-bulk-seeds-150x150.jpg",150,150,true],"dgwt-wcas-product-suggestion":["https:\/\/bulkgenetics.com\/wp-content\/uploads\/2022\/10\/mandarine-auto-autoflowering-bulk-seeds-64x64.jpg",64,64,true]},"uagb_author_info":{"display_name":"J\u00e9r\u00f4me","author_link":"https:\/\/bulkgenetics.com\/fr\/author\/"},"uagb_comment_info":0,"uagb_excerpt":"Mandarine Auto est une plante que tout le monde aime, surtout les amateurs de saveurs et d'ar\u00f4mes d'agrumes doux. Elle est \u00e9galement facile \u00e0 cultiver et r\u00e9sistante et atteint une hauteur maximale de 110 cm, ce qui la rend tr\u00e8s discr\u00e8te. \u00c0 partir de la germination, il ne faut que 9 semaines pour effectuer la\u2026","_links":{"self":[{"href":"https:\/\/bulkgenetics.com\/fr\/wp-json\/wp\/v2\/product\/10815","targetHints":{"allow":["GET"]}}],"collection":[{"href":"https:\/\/bulkgenetics.com\/fr\/wp-json\/wp\/v2\/product"}],"about":[{"href":"https:\/\/bulkgenetics.com\/fr\/wp-json\/wp\/v2\/types\/product"}],"replies":[{"embeddable":true,"href":"https:\/\/bulkgenetics.com\/fr\/wp-json\/wp\/v2\/comments?post=10815"}],"wp:featuredmedia":[{"embeddable":true,"href":"https:\/\/bulkgenetics.com\/fr\/wp-json\/wp\/v2\/media\/31721"}],"wp:attachment":[{"href":"https:\/\/bulkgenetics.com\/fr\/wp-json\/wp\/v2\/media?parent=10815"}],"wp:term":[{"taxonomy":"product_brand","embeddable":true,"href":"https:\/\/bulkgenetics.com\/fr\/wp-json\/wp\/v2\/product_brand?post=10815"},{"taxonomy":"product_cat","embeddable":true,"href":"https:\/\/bulkgenetics.com\/fr\/wp-json\/wp\/v2\/product_cat?post=10815"},{"taxonomy":"product_tag","embeddable":true,"href":"https:\/\/bulkgenetics.com\/fr\/wp-json\/wp\/v2\/product_tag?post=10815"}],"curies":[{"name":"wp","href":"https:\/\/api.w.org\/{rel}","templated":true}]}}