{"id":10818,"date":"2022-10-04T13:13:31","date_gmt":"2022-10-04T11:13:31","guid":{"rendered":"https:\/\/www.bulkgenetics.com\/red-devil-auto\/"},"modified":"2024-10-08T01:13:52","modified_gmt":"2024-10-07T23:13:52","slug":"red-devil-auto","status":"publish","type":"product","link":"https:\/\/bulkgenetics.com\/fr\/red-devil-auto\/","title":{"rendered":"Red Devil Auto"},"content":{"rendered":"\n<p>La <strong>Red Devil Auto<\/strong> est une strain de cannabis autoflorissante qui se distingue non seulement par sa couleur impressionnante, mais aussi par sa facilit\u00e9 de culture et ses effets \u00e9quilibr\u00e9s. Issue du croisement entre <strong>Dark Devil<\/strong> et <strong>Red Poison<\/strong>, cette g\u00e9n\u00e9tique offre une plante robuste et attrayante. Cet hybride Indica\/Sativa est similaire \u00e0 la c\u00e9l\u00e8bre <strong><a href=\"https:\/\/bulkgenetics.com\/fr\/producto\/red-skunk-auto\/\">Red Skunk Auto<\/a><\/strong> et \u00e0 la <strong>Red Poison Auto de Sweet Seeds<\/strong>, mais avec l&#8217;avantage d&#8217;\u00eatre plus abordable.<\/p>\n\n\n\n<p>Cette vari\u00e9t\u00e9 est un v\u00e9ritable spectacle visuel. Elle atteint une hauteur maximale de 110 cm, ce qui la rend parfaite pour les espaces restreints comme les terrasses, les balcons ou les petits jardins, o\u00f9 la discr\u00e9tion est cruciale. Sa taille compacte ne compromet pas sa beaut\u00e9 : les t\u00eates de cette strain sont d&#8217;un rouge vibrant qui \u00e9gayera n&#8217;importe quel espace.<\/p>\n\n\n\n<p>Les buds sont durs, gros et super r\u00e9sineux, avec des tons rouge\u00e2tres visibles m\u00eame lors de la fabrication de haschisch. Cette caract\u00e9ristique les rend non seulement attrayants \u00e0 l&#8217;\u0153il, mais aussi tr\u00e8s recherch\u00e9s par ceux qui souhaitent produire des extraits de qualit\u00e9.<\/p>\n\n\n\n<h2 class=\"wp-block-heading\">Saveur et Effets<\/h2>\n\n\n\n<p>La <strong>Red Devil Auto<\/strong> est un plaisir non seulement pour les yeux, mais aussi pour le palais. Ses t\u00eates d\u00e9gagent un ar\u00f4me d\u00e9licieux combinant des touches citronn\u00e9es, sucr\u00e9es, de fruits m\u00fbrs et de fruits rouges, avec une note de fond encens\u00e9e et skunky. Ce m\u00e9lange de saveurs rend chaque bouff\u00e9e une exp\u00e9rience sensorielle unique, pleine de nuances et de profondeur.<\/p>\n\n\n\n<p>Lors de sa consommation, les effets sont bien \u00e9quilibr\u00e9s gr\u00e2ce \u00e0 son ratio THC:CBD. Avec un contenu de <strong>THC de 15% \u00e0 20%<\/strong> et un <strong>CBD bas, inf\u00e9rieur \u00e0 1%<\/strong>, cette vari\u00e9t\u00e9 produit une relaxation sans blocages, vous remplissant de bonheur et de bien-\u00eatre. Elle est id\u00e9ale \u00e0 tout moment de la journ\u00e9e, car elle vous maintiendra d\u00e9tendu et joyeux sans vous laisser compl\u00e8tement assomm\u00e9.<\/p>\n\n\n\n<p>Parfaite pour ceux qui recherchent un \u00e9quilibre entre le corps et l&#8217;esprit, la <strong>Red Devil Auto<\/strong> est id\u00e9ale pour se d\u00e9tendre apr\u00e8s une longue journ\u00e9e ou pour profiter d&#8217;un moment de tranquillit\u00e9 pendant le week-end.<\/p>\n\n\n\n<h3 class=\"wp-block-heading\">Terp\u00e8nes de la Red Devil Auto<\/h3>\n\n\n\n<p>La <strong>Red Devil Auto<\/strong> se distingue par son profil riche en terp\u00e8nes, qui contribuent non seulement \u00e0 sa saveur et son ar\u00f4me complexes, mais aussi \u00e0 ses effets th\u00e9rapeutiques. Parmi les terp\u00e8nes les plus pr\u00e9sents, on trouve :<\/p>\n\n\n\n<ul class=\"wp-block-list\">\n<li><strong>Linalool :<\/strong> Apporte un ar\u00f4me floral et est connu pour ses effets calmants, aidant \u00e0 r\u00e9duire l&#8217;anxi\u00e9t\u00e9 et \u00e0 am\u00e9liorer le sommeil.<\/li>\n\n\n\n<li><strong>Alpha-Pin\u00e8ne et B\u00eata-Pin\u00e8ne :<\/strong> Ces terp\u00e8nes ont un ar\u00f4me de pin frais et sont associ\u00e9s \u00e0 des effets anti-inflammatoires et d&#8217;am\u00e9lioration de la m\u00e9moire.<\/li>\n\n\n\n<li><strong>Myrc\u00e8ne :<\/strong> Avec un ar\u00f4me terreux et de clou de girofle, il est connu pour ses propri\u00e9t\u00e9s s\u00e9datives et analg\u00e9siques, id\u00e9al pour combattre la douleur et l&#8217;insomnie.<\/li>\n\n\n\n<li><strong>Terpin\u00e9ol :<\/strong> Avec son ar\u00f4me de lilas et d&#8217;agrumes, ce terp\u00e8ne aide \u00e0 r\u00e9duire le stress et poss\u00e8de des propri\u00e9t\u00e9s antioxydantes.<\/li>\n<\/ul>\n\n\n\n<p>Ces terp\u00e8nes enrichissent non seulement l&#8217;exp\u00e9rience de consommation, mais augmentent \u00e9galement ses effets th\u00e9rapeutiques, faisant de cette vari\u00e9t\u00e9 une option excellente tant pour un usage r\u00e9cr\u00e9atif que m\u00e9dical.<\/p>\n\n\n\n<h2 class=\"wp-block-heading\">Production et Temps de Floraison<\/h2>\n\n\n\n<p>La <strong>Red Devil Auto<\/strong> est une vari\u00e9t\u00e9 qui se distingue par sa haute production tant en int\u00e9rieur qu&#8217;en ext\u00e9rieur. En culture int\u00e9rieure, cette plante peut produire entre <strong>400 et 450 grammes par m\u00e8tre carr\u00e9<\/strong> en utilisant des lampes LED de 300-350 W. En ext\u00e9rieur, chaque plante peut produire entre <strong>80 et 120 grammes<\/strong>, ce qui en fait une option tr\u00e8s productive compte tenu de sa taille discr\u00e8te.<\/p>\n\n\n\n<p>En ce qui concerne le temps de floraison, c&#8217;est l&#8217;une des strains autoflorissantes les plus rapides du march\u00e9. De la germination \u00e0 la r\u00e9colte, il ne faut que <strong>8 semaines<\/strong>, ce qui permet de r\u00e9aliser jusqu&#8217;\u00e0 trois cultures cons\u00e9cutives pendant le printemps et l&#8217;\u00e9t\u00e9 en ext\u00e9rieur. Cette rapidit\u00e9 la rend id\u00e9ale pour ceux qui recherchent une r\u00e9colte rapide et efficace.<\/p>\n\n\n\n<p>Pour obtenir les meilleurs r\u00e9sultats, il est recommand\u00e9 de semer dans de grands pots d\u00e8s le premier jour, en \u00e9vitant les transplantations qui pourraient ralentir la croissance. Avec un cycle de vie complet de moins de 56 jours, elle assure une production rapide et g\u00e9n\u00e9reuse sans compromettre la qualit\u00e9.<\/p>\n\n\n\n<h2 class=\"wp-block-heading\">Comment Cultiver la Red Devil Auto<\/h2>\n\n\n\n<p>La <strong>Red Devil Auto<\/strong> est l&#8217;une des vari\u00e9t\u00e9s les plus faciles \u00e0 cultiver, id\u00e9ale tant pour les cultivateurs novices que pour les experts. Sa r\u00e9sistance et son adaptabilit\u00e9 en font une excellente option pour ceux qui recherchent une plante n\u00e9cessitant peu de soins.<\/p>\n\n\n\n<p>Pour obtenir les meilleurs r\u00e9sultats, nous recommandons de cultiver la <strong>Red Devil Auto<\/strong> dans un climat chaud et ensoleill\u00e9. Cette plante prosp\u00e8re \u00e0 des temp\u00e9ratures mod\u00e9r\u00e9es et peut bien s&#8217;adapter tant en int\u00e9rieur qu&#8217;en ext\u00e9rieur. Cependant, il est essentiel de s&#8217;assurer qu&#8217;elle re\u00e7oive suffisamment de lumi\u00e8re, surtout en culture int\u00e9rieure o\u00f9 les heures de lumi\u00e8re peuvent \u00eatre contr\u00f4l\u00e9es plus facilement.<\/p>\n\n\n\n<p>Un des avantages de la <strong>Red Devil Auto<\/strong> est sa r\u00e9sistance aux ravageurs et aux maladies. Cette vari\u00e9t\u00e9 est robuste et peut supporter des conditions adverses mieux que de nombreuses autres strains, r\u00e9duisant ainsi le besoin de pesticides et autres traitements chimiques. Cependant, il est toujours recommand\u00e9 de rester vigilant face aux probl\u00e8mes potentiels et de maintenir un environnement de culture propre et bien ventil\u00e9.<\/p>\n\n\n\n<div style=\"height:50px\" aria-hidden=\"true\" class=\"wp-block-spacer uag-hide-mob\"><\/div>\n\n\n\n<div class=\"wp-block-columns is-layout-flex wp-container-core-columns-is-layout-28f84493 wp-block-columns-is-layout-flex\">\n<div class=\"wp-block-column is-layout-flow wp-block-column-is-layout-flow\">\n<p class=\"has-text-align-center has-medium-font-size\"><strong>Ce que nous aimons le plus<\/strong><\/p>\n\n\n\n<ul class=\"wp-block-list\">\n<li>Tr\u00e8s facile \u00e0 cultiver, parfaite pour les d\u00e9butants.<\/li>\n\n\n\n<li>Buds d&#8217;un rouge vibrant et attrayants.<\/li>\n\n\n\n<li>R\u00e9colte en seulement 8 semaines.<\/li>\n\n\n\n<li>D\u00e9licieuse saveur avec des notes citronn\u00e9es et sucr\u00e9es.<\/li>\n\n\n\n<li>Effets bien \u00e9quilibr\u00e9s, id\u00e9aux pour tout moment de la journ\u00e9e.<\/li>\n\n\n\n<li>Haute r\u00e9sistance aux ravageurs et aux maladies.<\/li>\n<\/ul>\n<\/div>\n\n\n\n<div class=\"wp-block-column is-layout-flow wp-block-column-is-layout-flow\">\n<p class=\"has-text-align-center has-medium-font-size\"><strong>Ce que nous aimons le moins<\/strong><\/p>\n\n\n\n<ul class=\"wp-block-list\">\n<li>Tr\u00e8s odorante pendant la floraison, ce qui peut n\u00e9cessiter des filtres \u00e0 odeur en int\u00e9rieur.<\/li>\n\n\n\n<li>En raison de sa taille compacte, la production par plante en ext\u00e9rieur est inf\u00e9rieure compar\u00e9e \u00e0 des vari\u00e9t\u00e9s plus grandes.<\/li>\n<\/ul>\n<\/div>\n<\/div>\n\n\n\n<div style=\"height:50px\" aria-hidden=\"true\" class=\"wp-block-spacer uag-hide-mob\"><\/div>\n\n\n\n<h2 class=\"wp-block-heading\">Questions Fr\u00e9quentes<\/h2>\n\n\n\n<p>Vous trouverez ci-dessous les r\u00e9ponses aux questions les plus fr\u00e9quentes que nous posent les cultivateurs int\u00e9ress\u00e9s par cette strain de cannabis autoflorissante :<\/p>\n\n\n<div id=\"rank-math-faq\" class=\"rank-math-block\">\n<div class=\"rank-math-list \">\n<div id=\"faq-question-1722424820540\" class=\"rank-math-list-item\">\n<h3 class=\"rank-math-question \">Est-ce que la Red Devil Auto est une sativa ou une indica?<br><\/h3>\n<div class=\"rank-math-answer \">\n\n<p>La <strong>Red Devil Auto<\/strong> est une vari\u00e9t\u00e9 hybride \u00e0 dominance <strong>Indica<\/strong>. Les plantes indica sont g\u00e9n\u00e9ralement plus compactes et ont un cycle de floraison plus court, ce qui les rend id\u00e9ales pour des cultures discr\u00e8tes et dans des espaces restreints. En revanche, les vari\u00e9t\u00e9s sativa tendent \u00e0 \u00eatre plus hautes et n\u00e9cessitent plus de temps pour fleurir, offrant des effets plus \u00e9nergisants et c\u00e9r\u00e9braux. La <strong>Red Devil Auto<\/strong> combine le meilleur des deux mondes, offrant une structure maniable et des effets \u00e9quilibr\u00e9s.<\/p>\n\n<\/div>\n<\/div>\n<div id=\"faq-question-1722424823191\" class=\"rank-math-list-item\">\n<h3 class=\"rank-math-question \">Quel croisement est la Red Devil Auto?<\/h3>\n<div class=\"rank-math-answer \">\n\n<p>La Red Devil Auto est le r\u00e9sultat du croisement entre Dark Devil et <strong>Red Poison<\/strong>. Ce croisement a donn\u00e9 naissance \u00e0 une vari\u00e9t\u00e9 qui se distingue par sa couleur vibrante et sa facilit\u00e9 de culture, similaire \u00e0 la <strong>Red Skunk Auto<\/strong> et \u00e0 la <strong>Red Devil Auto de Sweet Seeds<\/strong>, mais \u00e0 un prix plus accessible.<\/p>\n\n<\/div>\n<\/div>\n<div id=\"faq-question-1663029074962\" class=\"rank-math-list-item\">\n<h3 class=\"rank-math-question \">Quand commence \u00e0 fleurir la Red Devil Auto?<\/h3>\n<div class=\"rank-math-answer \">\n\n<p>La <strong>Red Devil Auto<\/strong> commence sa floraison apr\u00e8s une rapide p\u00e9riode de croissance de 3 \u00e0 4 semaines. Cette rapidit\u00e9 \u00e0 entrer en phase de floraison la rend tr\u00e8s attrayante pour ceux qui recherchent des r\u00e9sultats rapides et efficaces.<\/p>\n\n<\/div>\n<\/div>\n<div id=\"faq-question-1663029159933\" class=\"rank-math-list-item\">\n<h3 class=\"rank-math-question \">Combien de temps faut-il pour r\u00e9colter une Red Devil Auto depuis sa germination?<\/h3>\n<div class=\"rank-math-answer \">\n\n<p>La <strong>Red Devil Auto<\/strong> est l&#8217;une des vari\u00e9t\u00e9s autoflorissantes les plus rapides disponibles. Elle se r\u00e9colte en un total de 8 semaines depuis la germination, ce qui permet de multiples r\u00e9coltes en une seule saison de culture en ext\u00e9rieur.<\/p>\n\n<\/div>\n<\/div>\n<div id=\"faq-question-1663029165861\" class=\"rank-math-list-item\">\n<h3 class=\"rank-math-question \">Comment cultiver une Red Devil Auto f\u00e9minis\u00e9e?<\/h3>\n<div class=\"rank-math-answer \">\n\n<p>La <strong>Red Devil Auto<\/strong> est une plante tr\u00e8s facile \u00e0 cultiver. Nous recommandons d&#8217;utiliser un grand pot d\u00e8s le premier jour pour \u00e9viter les transplantations qui pourraient ralentir sa croissance. Elle est adapt\u00e9e tant pour l&#8217;int\u00e9rieur que pour l&#8217;ext\u00e9rieur, et prosp\u00e8re dans des climats chauds et ensoleill\u00e9s. De plus, sa haute r\u00e9sistance aux ravageurs et aux maladies en fait une option id\u00e9ale pour les cultivateurs de tous niveaux.<\/p>\n\n<\/div>\n<\/div>\n<div id=\"faq-question-1666780029954\" class=\"rank-math-list-item\">\n<h3 class=\"rank-math-question \">Quels sont les effets de la Red Devil Auto en vrac?<\/h3>\n<div class=\"rank-math-answer \">\n\n<p>La <strong>Red Devil Auto<\/strong> produit des effets bien \u00e9quilibr\u00e9s gr\u00e2ce \u00e0 son ratio THC:CBD. Les consommateurs ressentiront une relaxation sans blocage, accompagn\u00e9e d&#8217;une sensation de bonheur et de bien-\u00eatre. Elle est parfaite \u00e0 tout moment de la journ\u00e9e, car elle maintient les utilisateurs d\u00e9tendus et heureux sans induire une s\u00e9dation profonde.<\/p>\n\n<\/div>\n<\/div>\n<div id=\"faq-question-1722424824204\" class=\"rank-math-list-item\">\n<h3 class=\"rank-math-question \">Quel est le go\u00fbt de la Red Devil Auto?<\/h3>\n<div class=\"rank-math-answer \">\n\n<p>La <strong>Red Devil Auto<\/strong> offre une saveur d\u00e9licieuse avec des touches citronn\u00e9es, sucr\u00e9es, de fruits m\u00fbrs et de fruits rouges, compl\u00e9t\u00e9e par une note encens\u00e9e et skunky. Cette combinaison de saveurs rend chaque bouff\u00e9e riche et complexe.<\/p>\n\n<\/div>\n<\/div>\n<div id=\"faq-question-1722424825232\" class=\"rank-math-list-item\">\n<h3 class=\"rank-math-question \">Quel est le contenu en cannabino\u00efdes de la Red Devil Auto?<\/h3>\n<div class=\"rank-math-answer \">\n\n<p>Les t\u00eates de la Red Devil Auto contiennent un THC de 15% \u00e0 20% et un <strong>CBD bas, inf\u00e9rieur \u00e0 1%<\/strong>. Cette proportion offre des effets \u00e9quilibr\u00e9s id\u00e9aux pour ceux qui recherchent une exp\u00e9rience relaxante sans \u00eatre compl\u00e8tement s\u00e9dat\u00e9s.<\/p>\n\n<\/div>\n<\/div>\n<\/div>\n<\/div>","protected":false},"excerpt":{"rendered":"<p><b>Red Devil Auto<\/b> est la vari\u00e9t\u00e9 parfaite pour ceux qui recherchent une plante facile \u00e0 cultiver avec une r\u00e9colte rapide en <strong>seulement 8 semaines<\/strong>. Profitez de ses <strong>buds rouges<\/strong> vibrants, de son <strong>d\u00e9licieux go\u00fbt citronn\u00e9 et sucr\u00e9<\/strong>, et de ses <strong>effets \u00e9quilibr\u00e9s<\/strong> qui vous maintiendront d\u00e9tendu et heureux \u00e0 tout moment de la journ\u00e9e.<\/p>\n","protected":false},"featured_media":23024,"comment_status":"open","ping_status":"closed","template":"","meta":{"_acf_changed":false,"inline_featured_image":false,"_uag_custom_page_level_css":""},"product_brand":[],"product_cat":[2265],"product_tag":[],"class_list":{"0":"post-10818","1":"product","2":"type-product","3":"status-publish","4":"has-post-thumbnail","6":"product_cat-graines-autofloraison-en-gros","8":"first","9":"instock","10":"taxable","11":"shipping-taxable","12":"purchasable","13":"product-type-simple"},"acf":[],"uagb_featured_image_src":{"full":["https:\/\/bulkgenetics.com\/wp-content\/uploads\/2022\/10\/red-devil-auto-1.jpg",1600,1600,false],"thumbnail":["https:\/\/bulkgenetics.com\/wp-content\/uploads\/2022\/10\/red-devil-auto-1-150x150.jpg",150,150,true],"medium":["https:\/\/bulkgenetics.com\/wp-content\/uploads\/2022\/10\/red-devil-auto-1-300x300.jpg",300,300,true],"medium_large":["https:\/\/bulkgenetics.com\/wp-content\/uploads\/2022\/10\/red-devil-auto-1-768x768.jpg",768,768,true],"large":["https:\/\/bulkgenetics.com\/wp-content\/uploads\/2022\/10\/red-devil-auto-1-1024x1024.jpg",1024,1024,true],"1536x1536":["https:\/\/bulkgenetics.com\/wp-content\/uploads\/2022\/10\/red-devil-auto-1-1536x1536.jpg",1536,1536,true],"2048x2048":["https:\/\/bulkgenetics.com\/wp-content\/uploads\/2022\/10\/red-devil-auto-1.jpg",1600,1600,false],"commercegurus-pdp-large":["https:\/\/bulkgenetics.com\/wp-content\/uploads\/2022\/10\/red-devil-auto-1-990x990.jpg",990,990,true],"commercegurus-plp-mobile":["https:\/\/bulkgenetics.com\/wp-content\/uploads\/2022\/10\/red-devil-auto-1-441x441.jpg",441,441,true],"cgkit_image_swatch":["https:\/\/bulkgenetics.com\/wp-content\/uploads\/2022\/10\/red-devil-auto-1-100x100.jpg",100,100,true],"woocommerce_thumbnail":["https:\/\/bulkgenetics.com\/wp-content\/uploads\/2022\/10\/red-devil-auto-1-300x300.jpg",300,300,true],"woocommerce_single":["https:\/\/bulkgenetics.com\/wp-content\/uploads\/2022\/10\/red-devil-auto-1-800x800.jpg",800,800,true],"woocommerce_gallery_thumbnail":["https:\/\/bulkgenetics.com\/wp-content\/uploads\/2022\/10\/red-devil-auto-1-150x150.jpg",150,150,true],"dgwt-wcas-product-suggestion":["https:\/\/bulkgenetics.com\/wp-content\/uploads\/2022\/10\/red-devil-auto-1-64x64.jpg",64,64,true]},"uagb_author_info":{"display_name":"Bruno Crespo","author_link":"https:\/\/bulkgenetics.com\/fr\/author\/"},"uagb_comment_info":0,"uagb_excerpt":"Red Devil Auto est la vari\u00e9t\u00e9 parfaite pour ceux qui recherchent une plante facile \u00e0 cultiver avec une r\u00e9colte rapide en seulement 8 semaines. Profitez de ses buds rouges vibrants, de son d\u00e9licieux go\u00fbt citronn\u00e9 et sucr\u00e9, et de ses effets \u00e9quilibr\u00e9s qui vous maintiendront d\u00e9tendu et heureux \u00e0 tout moment de la journ\u00e9e.","_links":{"self":[{"href":"https:\/\/bulkgenetics.com\/fr\/wp-json\/wp\/v2\/product\/10818","targetHints":{"allow":["GET"]}}],"collection":[{"href":"https:\/\/bulkgenetics.com\/fr\/wp-json\/wp\/v2\/product"}],"about":[{"href":"https:\/\/bulkgenetics.com\/fr\/wp-json\/wp\/v2\/types\/product"}],"replies":[{"embeddable":true,"href":"https:\/\/bulkgenetics.com\/fr\/wp-json\/wp\/v2\/comments?post=10818"}],"wp:featuredmedia":[{"embeddable":true,"href":"https:\/\/bulkgenetics.com\/fr\/wp-json\/wp\/v2\/media\/23024"}],"wp:attachment":[{"href":"https:\/\/bulkgenetics.com\/fr\/wp-json\/wp\/v2\/media?parent=10818"}],"wp:term":[{"taxonomy":"product_brand","embeddable":true,"href":"https:\/\/bulkgenetics.com\/fr\/wp-json\/wp\/v2\/product_brand?post=10818"},{"taxonomy":"product_cat","embeddable":true,"href":"https:\/\/bulkgenetics.com\/fr\/wp-json\/wp\/v2\/product_cat?post=10818"},{"taxonomy":"product_tag","embeddable":true,"href":"https:\/\/bulkgenetics.com\/fr\/wp-json\/wp\/v2\/product_tag?post=10818"}],"curies":[{"name":"wp","href":"https:\/\/api.w.org\/{rel}","templated":true}]}}