{"id":10819,"date":"2022-10-04T13:25:36","date_gmt":"2022-10-04T11:25:36","guid":{"rendered":"https:\/\/www.bulkgenetics.com\/?post_type=product&#038;p=10819"},"modified":"2025-01-27T11:28:06","modified_gmt":"2025-01-27T10:28:06","slug":"critical-2-0-auto","status":"publish","type":"product","link":"https:\/\/bulkgenetics.com\/fr\/critical-2-0-auto\/","title":{"rendered":"Critical 2.0 Auto"},"content":{"rendered":"\n<p><strong>Critical 2.0 Auto<\/strong> est l&#8217;une des vari\u00e9t\u00e9s de marijuana \u00e0 floraison automatique <strong>les plus cultiv\u00e9es au monde<\/strong>. La raison en est, outre sa qualit\u00e9, sa facilit\u00e9. Dans les mains de n&#8217;importe quel cultivateur, il fournira toujours d&#8217;\u00e9normes r\u00e9coltes en tr\u00e8s peu de temps.<\/p>\n\n\n\n<h2 class=\"wp-block-heading\">Quelle est la g\u00e9n\u00e9tique de Critical 2.0 Auto ?<\/h2>\n\n\n\n<p>Pour d\u00e9velopper cette vari\u00e9t\u00e9, nous avons combin\u00e9 la meilleure s\u00e9lection de <strong><a href=\"https:\/\/bulkgenetics.com\/fr\/critical-2-0\/\">Critical 2.0<\/a><\/strong>de Dinafem, avec une Ruderalis qui r\u00e9duit au maximum la dur\u00e9e totale de culture et conserve tout le charme de sa m\u00e8re Critical, un hybride \u00e0 dominante Indica crois\u00e9 de <strong>Skunk x Afhgani<\/strong>.<\/p>\n\n\n\n<h2 class=\"wp-block-heading\">Comment cultiver la vari\u00e9t\u00e9 Critical 2.0 Auto<\/h2>\n\n\n\n<p>C&#8217;est l&#8217;un des autos les plus faciles et les plus r\u00e9sistants, id\u00e9al pour les d\u00e9butants qui recherchent un bon r\u00e9sultat sans trop de soins. Elle reste \u00e0 une <strong>hauteur discr\u00e8te de 100-130 cm<\/strong>, ce qui la rend \u00e9galement tr\u00e8s discr\u00e8te et id\u00e9ale pour la culture sur les balcons ou les terrasses.<\/p>\n\n\n\n<p>Comme toute autre vari\u00e9t\u00e9 \u00e0 autofloraison, elle appr\u00e9cie d&#8217;\u00eatre cultiv\u00e9e d\u00e8s le premier jour dans un grand pot. De cette mani\u00e8re, elle pourra cro\u00eetre sans le blocage qui se produit parfois apr\u00e8s la transplantation et les plantes atteindront la plus grande hauteur possible.<\/p>\n\n\n\n<p>Le cycle de vie est tr\u00e8s court et la r\u00e9colte <strong>n&#8217;a lieu que 8 \u00e0 9 semaines apr\u00e8s la germination de la graine<\/strong>. Tout cultivateur pourra r\u00e9colter jusqu&#8217;\u00e0 trois r\u00e9coltes cons\u00e9cutives au cours des mois de printemps et d&#8217;\u00e9t\u00e9.<\/p>\n\n\n\n<h2 class=\"wp-block-heading\">Caract\u00e9ristiques de Critical 2.0 Auto<\/h2>\n\n\n\n<p>Le rendement est tr\u00e8s \u00e9lev\u00e9 et sup\u00e9rieur \u00e0 la moyenne. En ext\u00e9rieur, il est possible d&#8217;atteindre <strong>300 g avec les plantes les plus grandes<\/strong>. En int\u00e9rieur et avec un \u00e9clairage LED de 300-350 W, la production pourra atteindre <strong>600 g \/m\u00b2<\/strong>.<\/p>\n\n\n\n<p>Les t\u00eates sont volumineuses et super compactes. Elles se rejoignent et forment de longues t\u00eates, tr\u00e8s faciles \u00e0 manucurer. Tous les amateurs d&#8217;extractions profiteront de la grande production de r\u00e9sine.<\/p>\n\n\n\n<p>L&#8217;<strong>ar\u00f4me et les saveurs<\/strong> sont d\u00e9licieux avec cette touche classique de Critical. Il sera possible de profiter de touches citriques et sucr\u00e9es, avec un fond <em>skunky<\/em> et des touches de haschich et de th\u00e9.<\/p>\n\n\n\n<p>Les <strong>effets<\/strong> sont puissants. Vous sentirez une \u00e9treinte chaleureuse qui vous comblera de bonheur, de sensations relaxantes et vous plongera enfin dans un sommeil profond et r\u00e9parateur. Parfait pour fumer le soir apr\u00e8s une dure journ\u00e9e.<\/p>\n\n\n\n<div class=\"wp-block-columns is-layout-flex wp-container-core-columns-is-layout-28f84493 wp-block-columns-is-layout-flex\">\n<div class=\"wp-block-column is-layout-flow wp-block-column-is-layout-flow\">\n<p class=\"has-text-align-center has-medium-font-size\"><strong>Lo que m\u00e1s nos gusta<\/strong><\/p>\n\n\n\n<ul class=\"wp-block-list\">\n<li>Muy f\u00e1cil de cultivar.<\/li>\n\n\n\n<li>Producci\u00f3n XXL.<\/li>\n\n\n\n<li>R\u00e9colte en seulement 8-9 semaines.<\/li>\n\n\n\n<li>Des effets tr\u00e8s relaxants.<\/li>\n\n\n\n<li>Son prix.<\/li>\n<\/ul>\n<\/div>\n\n\n\n<div class=\"wp-block-column is-layout-flow wp-block-column-is-layout-flow\">\n<p class=\"has-text-align-center has-medium-font-size\"><strong>Ce que nous aimons le moins<\/strong><\/p>\n\n\n\n<ul class=\"wp-block-list\">\n<li>Elle est tr\u00e8s parfum\u00e9e lorsqu&#8217;elle fleurit.<\/li>\n<\/ul>\n<\/div>\n<\/div>\n\n\n\n<div style=\"height:50px\" aria-hidden=\"true\" class=\"wp-block-spacer uag-hide-mob\"><\/div>\n\n\n\n<h2 class=\"wp-block-heading\">Questions fr\u00e9quemment pos\u00e9es<\/h2>\n\n\n\n<p>Vous trouverez en suivant les r\u00e9ponses aux questions les plus fr\u00e9quentes faites par les cultivateurs int\u00e9ress\u00e9s par ces graines autofloraisons en vrac :<\/p>\n\n\n<div id=\"rank-math-faq\" class=\"rank-math-block\">\n<div class=\"rank-math-list \">\n<div id=\"faq-question-1663029074962\" class=\"rank-math-list-item\">\n<h3 class=\"rank-math-question \">Quand commence la floraison de la Critical 2.0 Auto ?<\/h3>\n<div class=\"rank-math-answer \">\n\n<p>3-4 semaines apr\u00e8s la germination, les plantes commencent \u00e0 fleurir quelle que soit la quantit\u00e9 de lumi\u00e8re solaire ou artificielle re\u00e7ue.<\/p>\n\n<\/div>\n<\/div>\n<div id=\"faq-question-1663029159933\" class=\"rank-math-list-item\">\n<h3 class=\"rank-math-question \">Combien de temps pour r\u00e9colter une Critical 2.0 Auto apr\u00e8s la germination ?<\/h3>\n<div class=\"rank-math-answer \">\n\n<p>C&#8217;est une vari\u00e9t\u00e9 de cannabis tr\u00e8s rapide qui se r\u00e9colte en un total de 8-9 semaines. Il est possible de r\u00e9aliser 3 r\u00e9coltes cons\u00e9cutives entre le printemps et l&#8217;\u00e9t\u00e9.<\/p>\n\n<\/div>\n<\/div>\n<div id=\"faq-question-1663029165861\" class=\"rank-math-list-item\">\n<h3 class=\"rank-math-question \">Comment cultiver une Critical 2.0 Auto f\u00e9minis\u00e9e ?<\/h3>\n<div class=\"rank-math-answer \">\n\n<p>Critical 2.0 Auto est une plante tr\u00e8s simple \u00e0 cultiver et r\u00e9sistante. Il sera pr\u00e9f\u00e9rable de commencer directement dans un grand pot depuis le d\u00e9part de la culture. On \u00e9vitera ainsi le blocage de croissance apr\u00e8s le rempotage afin d&#8217;obtenir des plantes plus grandes et productives.<\/p>\n\n<\/div>\n<\/div>\n<div id=\"faq-question-1666780029954\" class=\"rank-math-list-item\">\n<h3 class=\"rank-math-question \">Quels sont les effets de Critical 2.0 Auto en vrac ?<\/h3>\n<div class=\"rank-math-answer \">\n\n<p>Critical 2.0 Auto poss\u00e8de des effets puissants. Elle a un effet tr\u00e8s euphorique, mais les sensations sont relaxantes et de d\u00e9tente arriveront rapidement. Elle est id\u00e9ale pour la nuit.<\/p>\n\n<\/div>\n<\/div>\n<div id=\"faq-question-1683627222585\" class=\"rank-math-list-item\">\n<h3 class=\"rank-math-question \">La Critical 2.0 produit combien de grammes ?<\/h3>\n<div class=\"rank-math-answer \">\n\n<p>En int\u00e9rieur, la production de Critical 2.0 Auto est sup\u00e9rieure \u00e0 de nombreuses autres vari\u00e9t\u00e9s f\u00e9minis\u00e9es, avec plus de 600 g par m\u00b2 en utilisant une LED de 300-350 W. En ext\u00e9rieur, les plantes les plus grandes peuvent produire jusqu&#8217;\u00e0 300 g.<\/p>\n\n<\/div>\n<\/div>\n<div id=\"faq-question-1683627223904\" class=\"rank-math-list-item\">\n<h3 class=\"rank-math-question \">La Critical 2.0 Auto est l&#8217;autofloraison la plus productive ?<\/h3>\n<div class=\"rank-math-answer \">\n\n<p>Critical 2.0 Auto fait partie des 5 autofloraisons les plus productives actuellement. En int\u00e9rieur et en ext\u00e9rieur, elle d\u00e9passe de nombreuses vari\u00e9t\u00e9s f\u00e9minis\u00e9es aussi bien en production par m\u00b2 qu&#8217;en production\/taille.<\/p>\n\n<\/div>\n<\/div>\n<\/div>\n<\/div>\n\n\n<figure class=\"wp-block-embed aligncenter is-type-video is-provider-youtube wp-block-embed-youtube wp-embed-aspect-16-9 wp-has-aspect-ratio\"><div class=\"wp-block-embed__wrapper\">\n<div class=\"video-container\"><iframe loading=\"lazy\" title=\"Critical+ 2 0 Auto Ganjalapse\" width=\"1170\" height=\"658\" src=\"https:\/\/www.youtube.com\/embed\/rau-I0FYu_A?feature=oembed\" frameborder=\"0\" allow=\"accelerometer; autoplay; clipboard-write; encrypted-media; gyroscope; picture-in-picture; web-share\" allowfullscreen><\/iframe><\/div>\n<\/div><figcaption class=\"wp-element-caption\">Notre Critical 2.0 Auto est bas\u00e9e sur la Critical 2.0 Auto de Dinafem<\/figcaption><\/figure>\n","protected":false},"excerpt":{"rendered":"<p>Critical 2.0 Auto est l&#8217;une des souches autoflorissantes les plus cultiv\u00e9es. C&#8217;est une souche \u00e0 dominante Indica qui a tout et ne d\u00e9\u00e7oit jamais. Il atteint une hauteur discr\u00e8te de 130 cm, ce qui le rend adapt\u00e9 aux terrasses et aux balcons. \u00c0 partir de la germination, elle est r\u00e9colt\u00e9e en un temps record de 8 \u00e0 9 semaines. Les bourgeons sont gros comme des poings et durs comme des pierres, recouverts d&#8217;une \u00e9paisse couche de r\u00e9sine brillante et collante. Une fum\u00e9e douce et citronn\u00e9e \u00e9veillera tes sens, suivie d&#8217;un hit puissant qui provoquera une relaxation et une somnolence intenses.<\/p>\n","protected":false},"featured_media":29990,"comment_status":"open","ping_status":"closed","template":"","meta":{"_acf_changed":false,"inline_featured_image":false,"_uag_custom_page_level_css":""},"product_brand":[],"product_cat":[2265],"product_tag":[],"class_list":{"0":"post-10819","1":"product","2":"type-product","3":"status-publish","4":"has-post-thumbnail","6":"product_cat-graines-autofloraison-en-gros","8":"first","9":"instock","10":"taxable","11":"shipping-taxable","12":"purchasable","13":"product-type-simple"},"acf":[],"uagb_featured_image_src":{"full":["https:\/\/bulkgenetics.com\/wp-content\/uploads\/2022\/10\/critical-2-0-auto-autoflower-cannabis-seeds.jpg",1600,1600,false],"thumbnail":["https:\/\/bulkgenetics.com\/wp-content\/uploads\/2022\/10\/critical-2-0-auto-autoflower-cannabis-seeds-150x150.jpg",150,150,true],"medium":["https:\/\/bulkgenetics.com\/wp-content\/uploads\/2022\/10\/critical-2-0-auto-autoflower-cannabis-seeds-300x300.jpg",300,300,true],"medium_large":["https:\/\/bulkgenetics.com\/wp-content\/uploads\/2022\/10\/critical-2-0-auto-autoflower-cannabis-seeds-768x768.jpg",768,768,true],"large":["https:\/\/bulkgenetics.com\/wp-content\/uploads\/2022\/10\/critical-2-0-auto-autoflower-cannabis-seeds-1024x1024.jpg",1024,1024,true],"1536x1536":["https:\/\/bulkgenetics.com\/wp-content\/uploads\/2022\/10\/critical-2-0-auto-autoflower-cannabis-seeds-1536x1536.jpg",1536,1536,true],"2048x2048":["https:\/\/bulkgenetics.com\/wp-content\/uploads\/2022\/10\/critical-2-0-auto-autoflower-cannabis-seeds.jpg",1600,1600,false],"commercegurus-pdp-large":["https:\/\/bulkgenetics.com\/wp-content\/uploads\/2022\/10\/critical-2-0-auto-autoflower-cannabis-seeds-990x990.jpg",990,990,true],"commercegurus-plp-mobile":["https:\/\/bulkgenetics.com\/wp-content\/uploads\/2022\/10\/critical-2-0-auto-autoflower-cannabis-seeds-441x441.jpg",441,441,true],"cgkit_image_swatch":["https:\/\/bulkgenetics.com\/wp-content\/uploads\/2022\/10\/critical-2-0-auto-autoflower-cannabis-seeds-100x100.jpg",100,100,true],"woocommerce_thumbnail":["https:\/\/bulkgenetics.com\/wp-content\/uploads\/2022\/10\/critical-2-0-auto-autoflower-cannabis-seeds-300x300.jpg",300,300,true],"woocommerce_single":["https:\/\/bulkgenetics.com\/wp-content\/uploads\/2022\/10\/critical-2-0-auto-autoflower-cannabis-seeds-800x800.jpg",800,800,true],"woocommerce_gallery_thumbnail":["https:\/\/bulkgenetics.com\/wp-content\/uploads\/2022\/10\/critical-2-0-auto-autoflower-cannabis-seeds-150x150.jpg",150,150,true],"dgwt-wcas-product-suggestion":["https:\/\/bulkgenetics.com\/wp-content\/uploads\/2022\/10\/critical-2-0-auto-autoflower-cannabis-seeds-64x64.jpg",64,64,true]},"uagb_author_info":{"display_name":"\u00c1ngel Flores","author_link":"https:\/\/bulkgenetics.com\/fr\/author\/"},"uagb_comment_info":2,"uagb_excerpt":"Critical 2.0 Auto est l'une des souches autoflorissantes les plus cultiv\u00e9es. C'est une souche \u00e0 dominante Indica qui a tout et ne d\u00e9\u00e7oit jamais. Il atteint une hauteur discr\u00e8te de 130 cm, ce qui le rend adapt\u00e9 aux terrasses et aux balcons. \u00c0 partir de la germination, elle est r\u00e9colt\u00e9e en un temps record de\u2026","_links":{"self":[{"href":"https:\/\/bulkgenetics.com\/fr\/wp-json\/wp\/v2\/product\/10819","targetHints":{"allow":["GET"]}}],"collection":[{"href":"https:\/\/bulkgenetics.com\/fr\/wp-json\/wp\/v2\/product"}],"about":[{"href":"https:\/\/bulkgenetics.com\/fr\/wp-json\/wp\/v2\/types\/product"}],"replies":[{"embeddable":true,"href":"https:\/\/bulkgenetics.com\/fr\/wp-json\/wp\/v2\/comments?post=10819"}],"wp:featuredmedia":[{"embeddable":true,"href":"https:\/\/bulkgenetics.com\/fr\/wp-json\/wp\/v2\/media\/29990"}],"wp:attachment":[{"href":"https:\/\/bulkgenetics.com\/fr\/wp-json\/wp\/v2\/media?parent=10819"}],"wp:term":[{"taxonomy":"product_brand","embeddable":true,"href":"https:\/\/bulkgenetics.com\/fr\/wp-json\/wp\/v2\/product_brand?post=10819"},{"taxonomy":"product_cat","embeddable":true,"href":"https:\/\/bulkgenetics.com\/fr\/wp-json\/wp\/v2\/product_cat?post=10819"},{"taxonomy":"product_tag","embeddable":true,"href":"https:\/\/bulkgenetics.com\/fr\/wp-json\/wp\/v2\/product_tag?post=10819"}],"curies":[{"name":"wp","href":"https:\/\/api.w.org\/{rel}","templated":true}]}}