{"id":10821,"date":"2022-10-04T12:43:32","date_gmt":"2022-10-04T10:43:32","guid":{"rendered":"https:\/\/www.bulkgenetics.com\/caramel-blanc-auto-2\/"},"modified":"2024-10-08T01:13:53","modified_gmt":"2024-10-07T23:13:53","slug":"white-caramel-auto","status":"publish","type":"product","link":"https:\/\/bulkgenetics.com\/fr\/white-caramel-auto\/","title":{"rendered":"White Caramel Auto"},"content":{"rendered":"\n<p><strong>White Caramel Auto<\/strong> est l&#8217;une des strains les plus relaxantes et rapides. Cette autofloraison est une version am\u00e9lior\u00e9e de la c\u00e9l\u00e8bre <a href=\"https:\/\/bulkgenetics.com\/fr\/white-caramel\/\"><strong>Cream Caramel<\/strong><\/a>, l&#8217;une des g\u00e9n\u00e9tiques les plus vendues et prim\u00e9es de Sweet Seeds. White Caramel Auto a \u00e9t\u00e9 cr\u00e9\u00e9e en s\u00e9lectionnant les ph\u00e9notypes les plus r\u00e9sineux et \u00e0 floraison pr\u00e9coce, pour offrir une exp\u00e9rience unique.<\/p>\n\n\n\n<p>D\u00e8s le premier jour, cette plante montre une croissance vigoureuse et une structure compacte. Elle est robuste et ne d\u00e9passe g\u00e9n\u00e9ralement pas les 110 cm de hauteur, ce qui en fait une option id\u00e9ale pour les cultivateurs \u00e0 la recherche de discr\u00e9tion. Ses feuilles sont larges et d&#8217;un vert profond, des caract\u00e9ristiques typiques des indicas.<\/p>\n\n\n\n<p>Les t\u00eates sont extr\u00eamement compactes et couvertes d&#8217;une \u00e9paisse couche de trichomes, leur donnant un aspect brillant et r\u00e9sineux. Elles sont parfaites pour l&#8217;\u00e9laboration d&#8217;extraits sucr\u00e9s et d\u00e9licieux. Leur couleur peut varier du vert profond aux touches de pourpre, toujours orn\u00e9es de pistils orange qui accentuent encore plus leur beaut\u00e9.<\/p>\n\n\n\n<h2 class=\"wp-block-heading\">Saveur et Effets<\/h2>\n\n\n\n<p>La <strong>White Caramel Auto<\/strong> n&#8217;impressionne pas seulement par son apparence, mais aussi par son <strong>ar\u00f4me et sa saveur spectaculaires<\/strong>. En allumant une t\u00eate, la fum\u00e9e dense inonde le palais de notes sucr\u00e9es rappelant les bonbons, suivies d&#8217;une finale terreuse typique des vari\u00e9t\u00e9s afghanes. C&#8217;est une v\u00e9ritable exp\u00e9rience sensorielle qui transforme chaque bouff\u00e9e en un voyage inoubliable.<\/p>\n\n\n\n<p>Le contenu en <strong>THC<\/strong> est remarquable, atteignant jusqu&#8217;\u00e0 un impressionnant <strong>18% &#8211; 22%<\/strong>, garantissant une puissante mont\u00e9e relaxante. D&#8217;un autre c\u00f4t\u00e9, son contenu en <strong>CBD<\/strong> est faible, g\u00e9n\u00e9ralement autour de <strong>1%<\/strong>, ce qui la rend parfaite pour ceux qui recherchent un effet th\u00e9rapeutique sans compromettre l&#8217;intensit\u00e9 du THC.<\/p>\n\n\n\n<p>Les effets sont principalement relaxants, id\u00e9aux pour d\u00e9connecter apr\u00e8s une longue journ\u00e9e. En la consommant, ton corps sera plong\u00e9 dans une spirale de sensations apaisantes et calmes dont il sera difficile de sortir. Elle est parfaite pour ces moments o\u00f9 tu as besoin de soulager le stress et la tension, fournissant une relaxation profonde et durable.<\/p>\n\n\n\n<h3 class=\"wp-block-heading\">Terp\u00e8nes de White Caramel Auto<\/h3>\n\n\n\n<p>Le profil des terp\u00e8nes de cette vari\u00e9t\u00e9 est une symphonie d&#8217;ar\u00f4mes et de bienfaits th\u00e9rapeutiques. Parmi les terp\u00e8nes les plus remarquables, on trouve :<\/p>\n\n\n\n<ul class=\"wp-block-list\">\n<li><strong>Alpha-pin\u00e8ne<\/strong> : Avec son ar\u00f4me de pin frais, ce terp\u00e8ne agit comme un \u00e9nergisant naturel, aidant \u00e0 r\u00e9duire la fatigue et \u00e0 am\u00e9liorer la concentration.<\/li>\n\n\n\n<li><strong>Limon\u00e8ne<\/strong> : Ce terp\u00e8ne apporte un ar\u00f4me citronn\u00e9 rafra\u00eechissant, am\u00e9liorant l&#8217;humeur et offrant des propri\u00e9t\u00e9s anti-stress. Il est id\u00e9al pour ceux qui cherchent un r\u00e9pit du stress quotidien.<\/li>\n\n\n\n<li><strong>Linalool<\/strong> : Avec sa touche florale, le linalol est connu pour ses effets calmants et sa capacit\u00e9 \u00e0 soulager l&#8217;anxi\u00e9t\u00e9 et les spasmes musculaires.<\/li>\n<\/ul>\n\n\n\n<p>Ces terp\u00e8nes enrichissent non seulement l&#8217;exp\u00e9rience de saveur et d&#8217;ar\u00f4me, mais ils renforcent \u00e9galement les effets th\u00e9rapeutiques de la <strong>White Caramel Auto<\/strong>, faisant de chaque session une exp\u00e9rience compl\u00e8te et satisfaisante.<\/p>\n\n\n\n<h2 class=\"wp-block-heading\">Production et Temps de Floraison<\/h2>\n\n\n\n<p><strong>White Caramel Auto<\/strong> est une strain qui se distingue non seulement par sa saveur et ses effets, mais aussi par sa <strong>g\u00e9n\u00e9reuse production<\/strong> et la rapidit\u00e9 de son cycle de culture. Cette vari\u00e9t\u00e9 autoflorissante est parfaite pour ceux qui cherchent des r\u00e9coltes abondantes sans avoir \u00e0 attendre trop longtemps.<\/p>\n\n\n\n<p>En <strong>culture int\u00e9rieure<\/strong>, elle a un temps de floraison extr\u00eamement court, compl\u00e9tant son cycle en seulement <strong>8 semaines apr\u00e8s la germination<\/strong>. Avec une puissance LED de 300-350W, il est possible d&#8217;obtenir entre <strong>400 et 500 grammes par m\u00e8tre carr\u00e9<\/strong>. Ses t\u00eates denses et r\u00e9sineuses assurent une production de haute qualit\u00e9.<\/p>\n\n\n\n<p>En <strong>culture ext\u00e9rieure<\/strong>, cette vari\u00e9t\u00e9 montre \u00e9galement son potentiel. Gr\u00e2ce \u00e0 sa nature compacte, elle est id\u00e9ale pour ceux qui cherchent la discr\u00e9tion dans leur jardin. Les plantes peuvent atteindre jusqu&#8217;\u00e0 <strong>120 grammes par plante<\/strong> dans des conditions optimales. Il est possible de r\u00e9aliser jusqu&#8217;\u00e0 <strong>3 cultures cons\u00e9cutives<\/strong> pendant la saison de culture en ext\u00e9rieur, maximisant ainsi la production annuelle.<\/p>\n\n\n\n<p>Le cycle rapide de croissance et de floraison permet aux cultivateurs de profiter de multiples r\u00e9coltes par an, faisant de cette strain une option extr\u00eamement efficace et gratifiante.<\/p>\n\n\n\n<h2 class=\"wp-block-heading\">Comment Cultiver White Caramel Auto<\/h2>\n\n\n\n<p>La culture de <strong>White Caramel Auto<\/strong> est une exp\u00e9rience gratifiante tant pour les cultivateurs d\u00e9butants que pour les plus exp\u00e9riment\u00e9s. Cette vari\u00e9t\u00e9 est connue pour sa <strong>faible difficult\u00e9 de culture<\/strong>, ce qui en fait une option parfaite pour tous les niveaux d&#8217;exp\u00e9rience.<\/p>\n\n\n\n<p>Pour obtenir les meilleurs r\u00e9sultats, nous recommandons de cultiver dans un climat temp\u00e9r\u00e9 \u00e0 chaud. Cette vari\u00e9t\u00e9 s&#8217;adapte bien \u00e0 la culture en int\u00e9rieur comme en ext\u00e9rieur. En int\u00e9rieur, il est essentiel de maintenir une temp\u00e9rature constante entre <strong>20\u00b0C et 27\u00b0C<\/strong> pendant la journ\u00e9e et un peu plus fra\u00eeche la nuit, entre <strong>16\u00b0C et 22\u00b0C<\/strong>. L&#8217;humidit\u00e9 relative doit \u00eatre maintenue entre <strong>55% et 60%<\/strong> pendant la phase v\u00e9g\u00e9tative et r\u00e9duite \u00e0 environ <strong>40%<\/strong> pendant la floraison.<\/p>\n\n\n\n<p>En ext\u00e9rieur, les plantes prosp\u00e8rent dans des endroits ensoleill\u00e9s avec de nombreuses heures de lumi\u00e8re directe. Il est id\u00e9al de planter les graines au printemps pour profiter au maximum de la saison de culture. Elle est compacte et r\u00e9sistante, capable de supporter les intemp\u00e9ries et de s&#8217;adapter \u00e0 diff\u00e9rentes conditions environnementales.<\/p>\n\n\n\n<p>L&#8217;un des grands avantages de cette vari\u00e9t\u00e9 est sa <strong>r\u00e9sistance aux ravageurs et aux maladies<\/strong>. Sa structure robuste et sa g\u00e9n\u00e9tique bien s\u00e9lectionn\u00e9e lui permettent de relever avec succ\u00e8s les d\u00e9fis courants de la culture, minimisant le risque d&#8217;infestations et de probl\u00e8mes de sant\u00e9.<\/p>\n\n\n\n<div style=\"height:50px\" aria-hidden=\"true\" class=\"wp-block-spacer uag-hide-mob\"><\/div>\n\n\n\n<div class=\"wp-block-columns is-layout-flex wp-container-core-columns-is-layout-28f84493 wp-block-columns-is-layout-flex\">\n<div class=\"wp-block-column is-layout-flow wp-block-column-is-layout-flow\">\n<p class=\"has-text-align-center has-medium-font-size\"><strong>Ce que nous aimons le plus<\/strong><\/p>\n\n\n\n<ul class=\"wp-block-list\">\n<li>Extr\u00eamement facile \u00e0 cultiver et r\u00e9sistante.<\/li>\n\n\n\n<li>Production rapide, en seulement 8 semaines.<\/li>\n\n\n\n<li>Arome et saveur d\u00e9licieux, avec des notes sucr\u00e9es et terreuses.<\/li>\n\n\n\n<li>Effets tr\u00e8s relaxants, parfaits pour d\u00e9connecter.<\/li>\n\n\n\n<li>Id\u00e9ale pour les cultivateurs d\u00e9butants et experts.<\/li>\n<\/ul>\n<\/div>\n\n\n\n<div class=\"wp-block-column is-layout-flow wp-block-column-is-layout-flow\">\n<p class=\"has-text-align-center has-medium-font-size\"><strong>Ce que nous aimons le moins<\/strong><\/p>\n\n\n\n<ul class=\"wp-block-list\">\n<li>Elle est tr\u00e8s odorante pendant la floraison, ce qui peut n\u00e9cessiter des mesures suppl\u00e9mentaires pour le contr\u00f4le des odeurs.<\/li>\n\n\n\n<li>Son effet relaxant peut \u00eatre trop fort pour une consommation diurne.<\/li>\n<\/ul>\n<\/div>\n<\/div>\n\n\n\n<div style=\"height:50px\" aria-hidden=\"true\" class=\"wp-block-spacer uag-hide-mob\"><\/div>\n\n\n\n<h2 class=\"wp-block-heading\">Questions Fr\u00e9quentes<\/h2>\n\n\n\n<p>Voici les r\u00e9ponses aux questions les plus fr\u00e9quentes que nous posent les cultivateurs int\u00e9ress\u00e9s par nos graines en vrac de White Caramel Auto :<\/p>\n\n\n<div id=\"rank-math-faq\" class=\"rank-math-block\">\n<div class=\"rank-math-list \">\n<div id=\"faq-question-1722414110401\" class=\"rank-math-list-item\">\n<h3 class=\"rank-math-question \">White Caramel Auto est-elle sativa ou indica?<\/h3>\n<div class=\"rank-math-answer \">\n\n<p><strong>White Caramel Auto<\/strong> est principalement une vari\u00e9t\u00e9 <strong>indica<\/strong>. Les vari\u00e9t\u00e9s indica, comme White Caramel Auto, sont connues pour leurs effets relaxants et apaisants, id\u00e9ales pour se d\u00e9tendre apr\u00e8s une longue journ\u00e9e. En revanche, les vari\u00e9t\u00e9s sativa offrent g\u00e9n\u00e9ralement un effet plus \u00e9nergisant et stimulant, parfait pour une utilisation diurne. La g\u00e9n\u00e9tique indica de White Caramel Auto garantit une exp\u00e9rience corporelle profond\u00e9ment relaxante.<\/p>\n\n<\/div>\n<\/div>\n<div id=\"faq-question-1722414111368\" class=\"rank-math-list-item\">\n<h3 class=\"rank-math-question \">Quel est le croisement de White Caramel Auto?<\/h3>\n<div class=\"rank-math-answer \">\n\n<p><strong>White Caramel Auto<\/strong> est le r\u00e9sultat d&#8217;un croisement entre <strong>Cream Caramel<\/strong> (<strong>Blue Black<\/strong> x <strong>Maple Leaf<\/strong> x <strong>White Rhino<\/strong>) et une <strong>Ruderalis<\/strong>. Cette combinaison g\u00e9n\u00e9tique a \u00e9t\u00e9 s\u00e9lectionn\u00e9e pour ses caract\u00e9ristiques exceptionnelles en termes de saveur, d&#8217;effet et de facilit\u00e9 de culture.<\/p>\n\n<\/div>\n<\/div>\n<div id=\"faq-question-1663029074962\" class=\"rank-math-list-item\">\n<h3 class=\"rank-math-question \">Quand commence \u00e0 fleurir White Caramel Auto en ext\u00e9rieur?<\/h3>\n<div class=\"rank-math-answer \">\n\n<p>La phase de floraison de <strong>White Caramel Auto<\/strong> commence environ <strong>3 \u00e0 4 semaines<\/strong> apr\u00e8s la germination. Cette phase est cruciale pour le d\u00e9veloppement des t\u00eates et pour maximiser la production.<\/p>\n\n<\/div>\n<\/div>\n<div id=\"faq-question-1663029159933\" class=\"rank-math-list-item\">\n<h3 class=\"rank-math-question \">Combien de temps faut-il pour r\u00e9colter une White Caramel Auto depuis la germination?<\/h3>\n<div class=\"rank-math-answer \">\n\n<p><strong>White Caramel Auto<\/strong> se r\u00e9colte en un temps record de seulement <strong>8 semaines<\/strong> apr\u00e8s la germination. Ce cycle de culture rapide permet plusieurs r\u00e9coltes par an, surtout dans des climats favorables.<\/p>\n\n<\/div>\n<\/div>\n<div id=\"faq-question-1663029165861\" class=\"rank-math-list-item\">\n<h3 class=\"rank-math-question \">Comment cultiver une White Caramel Auto f\u00e9minis\u00e9e?<\/h3>\n<div class=\"rank-math-answer \">\n\n<p>Pour cultiver <strong>White Caramel Auto<\/strong>, nous recommandons d&#8217;utiliser des pots de grande taille d\u00e8s le premier jour et d&#8217;\u00e9viter les transplantations pour garantir une croissance rapide et sans interruption. Cette vari\u00e9t\u00e9 est tr\u00e8s r\u00e9sistante et facile \u00e0 cultiver, adapt\u00e9e aux d\u00e9butants et aux experts. Elle pr\u00e9f\u00e8re les climats temp\u00e9r\u00e9s \u00e0 chauds et peut \u00eatre cultiv\u00e9e en int\u00e9rieur comme en ext\u00e9rieur.<\/p>\n\n<\/div>\n<\/div>\n<div id=\"faq-question-1666780029954\" class=\"rank-math-list-item\">\n<h3 class=\"rank-math-question \">Quels sont les effets de White Caramel Auto en vrac?<\/h3>\n<div class=\"rank-math-answer \">\n\n<p>Les effets de <strong>White Caramel Auto<\/strong> sont profond\u00e9ment <strong>relaxants<\/strong>, parfaits pour se d\u00e9tendre apr\u00e8s une journ\u00e9e \u00e9puisante. Elle procure une sensation de paix et de calme qui aide \u00e0 soulager le stress et la tension. Elle est id\u00e9ale pour une consommation nocturne en raison de son puissant effet s\u00e9datif.<\/p>\n\n<\/div>\n<\/div>\n<div id=\"faq-question-1722414272985\" class=\"rank-math-list-item\">\n<h3 class=\"rank-math-question \">Quelle est la saveur de White Caramel Auto?<\/h3>\n<div class=\"rank-math-answer \">\n\n<p>La saveur de <strong>White Caramel Auto<\/strong> est spectaculaire, avec une fum\u00e9e dense qui offre <strong>des notes sucr\u00e9es de bonbons<\/strong> et une finale terreuse tr\u00e8s caract\u00e9ristique des vari\u00e9t\u00e9s afghanes. Chaque bouff\u00e9e est un plaisir sensoriel qui combine douceur et profondeur.<\/p>\n\n<\/div>\n<\/div>\n<div id=\"faq-question-1722414276331\" class=\"rank-math-list-item\">\n<h3 class=\"rank-math-question \">Quel est le contenu en cannabino\u00efdes de White Caramel Auto?<\/h3>\n<div class=\"rank-math-answer \">\n\n<p>Les t\u00eates de <strong>White Caramel Auto<\/strong> ont une teneur en <strong>THC<\/strong> qui varie entre <strong>18% et 22%<\/strong>, offrant un puissant effet relaxant. La teneur en <strong>CBD<\/strong> est faible, autour de <strong>1%<\/strong>, ce qui la rend id\u00e9ale pour ceux qui recherchent un effet th\u00e9rapeutique puissant sans compromettre l&#8217;intensit\u00e9 du THC.<\/p>\n\n<\/div>\n<\/div>\n<\/div>\n<\/div>","protected":false},"excerpt":{"rendered":"<p><b>White Caramel Auto<\/b> vous offre une <strong>relaxation profonde<\/strong> et une <strong>saveur douce<\/strong> in\u00e9gal\u00e9e en <strong>seulement 8 semaines<\/strong>. Facile \u00e0 cultiver et hautement productive, cette vari\u00e9t\u00e9 est parfaite pour ceux qui recherchent qualit\u00e9 et rapidit\u00e9 dans leurs r\u00e9coltes.<\/p>\n","protected":false},"featured_media":12026,"comment_status":"open","ping_status":"closed","template":"","meta":{"_acf_changed":false,"inline_featured_image":false,"_uag_custom_page_level_css":""},"product_brand":[],"product_cat":[2265],"product_tag":[],"class_list":{"0":"post-10821","1":"product","2":"type-product","3":"status-publish","4":"has-post-thumbnail","6":"product_cat-graines-autofloraison-en-gros","8":"first","9":"instock","10":"taxable","11":"shipping-taxable","12":"purchasable","13":"product-type-simple"},"acf":[],"uagb_featured_image_src":{"full":["https:\/\/bulkgenetics.com\/wp-content\/uploads\/2022\/10\/white-caramel-auto.jpg",1600,1600,false],"thumbnail":["https:\/\/bulkgenetics.com\/wp-content\/uploads\/2022\/10\/white-caramel-auto-150x150.jpg",150,150,true],"medium":["https:\/\/bulkgenetics.com\/wp-content\/uploads\/2022\/10\/white-caramel-auto-300x300.jpg",300,300,true],"medium_large":["https:\/\/bulkgenetics.com\/wp-content\/uploads\/2022\/10\/white-caramel-auto-768x768.jpg",768,768,true],"large":["https:\/\/bulkgenetics.com\/wp-content\/uploads\/2022\/10\/white-caramel-auto-1024x1024.jpg",1024,1024,true],"1536x1536":["https:\/\/bulkgenetics.com\/wp-content\/uploads\/2022\/10\/white-caramel-auto-1536x1536.jpg",1536,1536,true],"2048x2048":["https:\/\/bulkgenetics.com\/wp-content\/uploads\/2022\/10\/white-caramel-auto.jpg",1600,1600,false],"commercegurus-pdp-large":["https:\/\/bulkgenetics.com\/wp-content\/uploads\/2022\/10\/white-caramel-auto-990x990.jpg",990,990,true],"commercegurus-plp-mobile":["https:\/\/bulkgenetics.com\/wp-content\/uploads\/2022\/10\/white-caramel-auto-441x441.jpg",441,441,true],"cgkit_image_swatch":["https:\/\/bulkgenetics.com\/wp-content\/uploads\/2022\/10\/white-caramel-auto-100x100.jpg",100,100,true],"woocommerce_thumbnail":["https:\/\/bulkgenetics.com\/wp-content\/uploads\/2022\/10\/white-caramel-auto-300x300.jpg",300,300,true],"woocommerce_single":["https:\/\/bulkgenetics.com\/wp-content\/uploads\/2022\/10\/white-caramel-auto-800x800.jpg",800,800,true],"woocommerce_gallery_thumbnail":["https:\/\/bulkgenetics.com\/wp-content\/uploads\/2022\/10\/white-caramel-auto-150x150.jpg",150,150,true],"dgwt-wcas-product-suggestion":["https:\/\/bulkgenetics.com\/wp-content\/uploads\/2022\/10\/white-caramel-auto-64x64.jpg",64,64,true]},"uagb_author_info":{"display_name":"Bruno Crespo","author_link":"https:\/\/bulkgenetics.com\/fr\/author\/"},"uagb_comment_info":0,"uagb_excerpt":"White Caramel Auto vous offre une relaxation profonde et une saveur douce in\u00e9gal\u00e9e en seulement 8 semaines. Facile \u00e0 cultiver et hautement productive, cette vari\u00e9t\u00e9 est parfaite pour ceux qui recherchent qualit\u00e9 et rapidit\u00e9 dans leurs r\u00e9coltes.","_links":{"self":[{"href":"https:\/\/bulkgenetics.com\/fr\/wp-json\/wp\/v2\/product\/10821","targetHints":{"allow":["GET"]}}],"collection":[{"href":"https:\/\/bulkgenetics.com\/fr\/wp-json\/wp\/v2\/product"}],"about":[{"href":"https:\/\/bulkgenetics.com\/fr\/wp-json\/wp\/v2\/types\/product"}],"replies":[{"embeddable":true,"href":"https:\/\/bulkgenetics.com\/fr\/wp-json\/wp\/v2\/comments?post=10821"}],"wp:featuredmedia":[{"embeddable":true,"href":"https:\/\/bulkgenetics.com\/fr\/wp-json\/wp\/v2\/media\/12026"}],"wp:attachment":[{"href":"https:\/\/bulkgenetics.com\/fr\/wp-json\/wp\/v2\/media?parent=10821"}],"wp:term":[{"taxonomy":"product_brand","embeddable":true,"href":"https:\/\/bulkgenetics.com\/fr\/wp-json\/wp\/v2\/product_brand?post=10821"},{"taxonomy":"product_cat","embeddable":true,"href":"https:\/\/bulkgenetics.com\/fr\/wp-json\/wp\/v2\/product_cat?post=10821"},{"taxonomy":"product_tag","embeddable":true,"href":"https:\/\/bulkgenetics.com\/fr\/wp-json\/wp\/v2\/product_tag?post=10821"}],"curies":[{"name":"wp","href":"https:\/\/api.w.org\/{rel}","templated":true}]}}