{"id":10822,"date":"2022-10-04T12:42:41","date_gmt":"2022-10-04T10:42:41","guid":{"rendered":"https:\/\/www.bulkgenetics.com\/cheese-xxl-auto-2\/"},"modified":"2024-10-08T01:13:53","modified_gmt":"2024-10-07T23:13:53","slug":"cheese-xxl-auto","status":"publish","type":"product","link":"https:\/\/bulkgenetics.com\/fr\/cheese-xxl-auto\/","title":{"rendered":"Cheese XXL Auto"},"content":{"rendered":"\n<p><strong>Cheese XXL Auto<\/strong> est notre version autofleurrissante g\u00e9ante de la l\u00e9gendaire vari\u00e9t\u00e9 britannique, c\u00e9l\u00e8bre pour avoir l&#8217;un des ar\u00f4mes les plus distinctifs et reconnaissables de toute la marijuana.<\/p>\n\n\n\n<p>L&#8217;original <a href=\"https:\/\/bulkgenetics.com\/fr\/cheese\/\">Cheese<\/a> est une <strong>s\u00e9lection de Skunk #1 de Sensi Seeds<\/strong> dans laquelle elle se distingue parmi ses s\u0153urs par une odeur et un go\u00fbt distincts de fromage vieilli. Son nom complet est UK Exodus Cheese, en r\u00e9f\u00e9rence \u00e0 sa saveur, au collectif Exodus charg\u00e9 de sa s\u00e9lection, et au Royaume-Uni o\u00f9 il est n\u00e9.<\/p>\n\n\n\n<p>C&#8217;est l&#8217;une des vari\u00e9t\u00e9s les plus populaires utilis\u00e9es par les banques de graines comme Dinafem, ou pour le d\u00e9veloppement de grandes souches autoflorissantes comme London Cheese XXL Auto ou Sweet Cheese XXL Auto. La principale diff\u00e9rence est que <strong>nos graines en vrac sont les moins ch\u00e8res<\/strong>.<\/p>\n\n\n\n<h2 class=\"wp-block-heading\">Comment faire pousser Cheese XXL Auto<\/h2>\n\n\n\n<p>Comme la bonne g\u00e9n\u00e9tique de la Skunk, c&#8217;est une plante simple qui n&#8217;a pas besoin de beaucoup de soins. M\u00eame le cultivateur le plus novice produira des r\u00e9coltes de qualit\u00e9 sup\u00e9rieure avec peu d&#8217;efforts.<\/p>\n\n\n\n<p>Contrairement \u00e0 notre <a href=\"https:\/\/bulkgenetics.com\/fr\/cheese-auto\/\">Cheese Auto<\/a>, qui a une taille tr\u00e8s discr\u00e8te, Cheese XXL Auto est plus adapt\u00e9 aux endroits o\u00f9 sa croissance n&#8217;est pas limit\u00e9e, atteignant jusqu&#8217;\u00e0 <strong>160 cm de hauteur<\/strong> dans des conditions favorables.<\/p>\n\n\n\n<p>Pour obtenir les plantes les plus hautes, les cultivateurs optent pour un grand pot et un substrat tr\u00e8s nutritif. Le repiquage est \u00e0 \u00e9viter car il est un peu stressant et les plantes peuvent r\u00e9agir en ralentissant leur croissance pendant quelques jours.<\/p>\n\n\n\n<p>\u00c0 partir du moment o\u00f9 les graines sont germ\u00e9es, il ne faut attendre que <strong>9 semaines pour r\u00e9colter<\/strong> les fleurs les plus spectaculaires. Comme elle est tr\u00e8s rapide, elle peut produire jusqu&#8217;\u00e0 3 r\u00e9coltes par saison en ext\u00e9rieur.<\/p>\n\n\n\n<h2 class=\"wp-block-heading\">Caract\u00e9ristiques de Cheese XXL Auto<\/h2>\n\n\n\n<p>Elle produit de gros bourgeons, tr\u00e8s compacts et recouverts d&#8217;une couche collante de trichomes brillants. <strong>Son odeur est tr\u00e8s tr\u00e8s intense<\/strong> et, au moins \u00e0 l&#8217;int\u00e9rieur, il est recommand\u00e9 d&#8217;utiliser un filtre \u00e0 charbon pour \u00e9viter les probl\u00e8mes pendant la culture.<\/p>\n\n\n\n<p>L&#8217;<strong>ar\u00f4me et le go\u00fbt<\/strong> ont un soup\u00e7on distinct de fromage vieilli, <strong>semblable \u00e0 celui des Cheetos<\/strong> et autres snacks de ce type. Il est tr\u00e8s identifiable et constitue sa plus grande marque de fabrique.<\/p>\n\n\n\n<p>Sans \u00eatre une souche d&#8217;une puissance extr\u00eame, elle produit des <strong>effets \u00e9quilibr\u00e9s et durables<\/strong>. Des sentiments d&#8217;euphorie et de relaxation s&#8217;empareront de ton corps et de ton esprit, te donnant des heures de vibrations tr\u00e8s positives.<\/p>\n\n\n\n<p>Les rendements sont tr\u00e8s \u00e9lev\u00e9s, les plus grandes plantes d&#8217;ext\u00e9rieur produisant jusqu&#8217;\u00e0 200 grammes. En int\u00e9rieur, avec un \u00e9clairage LED de 300-350W par m\u00b2, on peut r\u00e9colter <strong>450-550 grammes<\/strong>.<\/p>\n\n\n\n<div style=\"height:50px\" aria-hidden=\"true\" class=\"wp-block-spacer uag-hide-mob\"><\/div>\n\n\n\n<div class=\"wp-block-columns is-layout-flex wp-container-core-columns-is-layout-28f84493 wp-block-columns-is-layout-flex\">\n<div class=\"wp-block-column is-layout-flow wp-block-column-is-layout-flow\">\n<p class=\"has-text-align-center has-medium-font-size\"><strong>Ce que nous aimons le plus<\/strong><\/p>\n\n\n\n<ul class=\"wp-block-list\">\n<li>Tr\u00e8s facile \u00e0 cultiver.<\/li>\n\n\n\n<li>Production XXL.<\/li>\n\n\n\n<li>Elle est r\u00e9colt\u00e9e en seulement 63 jours.<\/li>\n\n\n\n<li>Saveur de Cheetos.<\/li>\n\n\n\n<li>Son prix.<\/li>\n<\/ul>\n<\/div>\n\n\n\n<div class=\"wp-block-column is-layout-flow wp-block-column-is-layout-flow\">\n<p class=\"has-text-align-center has-medium-font-size\"><strong>Ce que nous aimons le moins<\/strong><\/p>\n\n\n\n<ul class=\"wp-block-list\">\n<li>Elle est tr\u00e8s, tr\u00e8s parfum\u00e9e quand elle fleurit.<\/li>\n<\/ul>\n<\/div>\n<\/div>\n\n\n\n<div style=\"height:50px\" aria-hidden=\"true\" class=\"wp-block-spacer uag-hide-mob\"><\/div>\n\n\n\n<h2 class=\"wp-block-heading\">Questions fr\u00e9quemment pos\u00e9es<\/h2>\n\n\n\n<p>Vous trouverez ci-dessous les r\u00e9ponses aux questions les plus fr\u00e9quemment pos\u00e9es par les cultivateurs int\u00e9ress\u00e9s par cette vari\u00e9t\u00e9 de cannabis :<\/p>\n\n\n<div id=\"rank-math-faq\" class=\"rank-math-block\">\n<div class=\"rank-math-list \">\n<div id=\"faq-question-1663029074962\" class=\"rank-math-list-item\">\n<h3 class=\"rank-math-question \">Quand commence la floraison de la Cheese XXL Auto en ext\u00e9rieur ?<\/h3>\n<div class=\"rank-math-answer \">\n\n<p>La floraison commence entre la troisi\u00e8me et la quatri\u00e8me semaine apr\u00e8s la germination.<\/p>\n\n<\/div>\n<\/div>\n<div id=\"faq-question-1663029159933\" class=\"rank-math-list-item\">\n<h3 class=\"rank-math-question \">Quand r\u00e9colter la Cheese XXL Auto \u00e0 partir de la germination ?<\/h3>\n<div class=\"rank-math-answer \">\n\n<p>\u00c0 partir de la germination de la graine, elle sera r\u00e9colt\u00e9e en 9 semaines.<\/p>\n\n<\/div>\n<\/div>\n<div id=\"faq-question-1663029165861\" class=\"rank-math-list-item\">\n<h3 class=\"rank-math-question \">Comment cultiver une Cheese XXL Auto f\u00e9minis\u00e9e ?<\/h3>\n<div class=\"rank-math-answer \">\n\n<p>C&#8217;est tr\u00e8s, tr\u00e8s facile, id\u00e9al pour les d\u00e9butants. Optez d\u00e8s le d\u00e9part pour un bon substrat et un grand pot. Tu obtiendras des plantes de plus d&#8217;un m\u00e8tre et demi de haut.<\/p>\n\n<\/div>\n<\/div>\n<div id=\"faq-question-1666780029954\" class=\"rank-math-list-item\">\n<h3 class=\"rank-math-question \">Quels sont les effets de Cheese XXL Auto en vrac ?<\/h3>\n<div class=\"rank-math-answer \">\n\n<p>Ses effets sont \u00e9quilibr\u00e9s, euphoriques et relaxants \u00e0 parts \u00e9gales.<\/p>\n\n<\/div>\n<\/div>\n<\/div>\n<\/div>","protected":false},"excerpt":{"rendered":"<p>Cheese XXL Auto est une plante autofloraisons g\u00e9ante qui atteint plus d&#8217;un m\u00e8tre et demi de hauteur. Elle est r\u00e9sistante, facile \u00e0 cultiver et de la germination \u00e0 la r\u00e9colte il faudra attendre 9 semaines, elle est donc aussi tr\u00e8s rapide. C&#8217;est la vari\u00e9t\u00e9 parfaite pour tout cultivateur qui cherche des r\u00e9coltes de premi\u00e8re classe en un temps record. Les t\u00eates sont lourdes, compactes et m\u00e9ga r\u00e9sineuses, avec un ar\u00f4me clair de Cheetos. Les effets sont comme des montagnes russes d&#8217;\u00e9motions, avec des hauts et des bas \u00e0 couper le souffle jusqu&#8217;\u00e0 la fin.<\/p>\n","protected":false},"featured_media":22995,"comment_status":"open","ping_status":"closed","template":"","meta":{"_acf_changed":false,"inline_featured_image":false,"_uag_custom_page_level_css":""},"product_brand":[],"product_cat":[2265],"product_tag":[],"class_list":{"0":"post-10822","1":"product","2":"type-product","3":"status-publish","4":"has-post-thumbnail","6":"product_cat-graines-autofloraison-en-gros","8":"first","9":"instock","10":"taxable","11":"shipping-taxable","12":"purchasable","13":"product-type-simple"},"acf":[],"uagb_featured_image_src":{"full":["https:\/\/bulkgenetics.com\/wp-content\/uploads\/2022\/10\/cheese-xxl-auto-1.jpg",1600,1600,false],"thumbnail":["https:\/\/bulkgenetics.com\/wp-content\/uploads\/2022\/10\/cheese-xxl-auto-1-150x150.jpg",150,150,true],"medium":["https:\/\/bulkgenetics.com\/wp-content\/uploads\/2022\/10\/cheese-xxl-auto-1-300x300.jpg",300,300,true],"medium_large":["https:\/\/bulkgenetics.com\/wp-content\/uploads\/2022\/10\/cheese-xxl-auto-1-768x768.jpg",768,768,true],"large":["https:\/\/bulkgenetics.com\/wp-content\/uploads\/2022\/10\/cheese-xxl-auto-1-1024x1024.jpg",1024,1024,true],"1536x1536":["https:\/\/bulkgenetics.com\/wp-content\/uploads\/2022\/10\/cheese-xxl-auto-1-1536x1536.jpg",1536,1536,true],"2048x2048":["https:\/\/bulkgenetics.com\/wp-content\/uploads\/2022\/10\/cheese-xxl-auto-1.jpg",1600,1600,false],"commercegurus-pdp-large":["https:\/\/bulkgenetics.com\/wp-content\/uploads\/2022\/10\/cheese-xxl-auto-1-990x990.jpg",990,990,true],"commercegurus-plp-mobile":["https:\/\/bulkgenetics.com\/wp-content\/uploads\/2022\/10\/cheese-xxl-auto-1-441x441.jpg",441,441,true],"cgkit_image_swatch":["https:\/\/bulkgenetics.com\/wp-content\/uploads\/2022\/10\/cheese-xxl-auto-1-100x100.jpg",100,100,true],"woocommerce_thumbnail":["https:\/\/bulkgenetics.com\/wp-content\/uploads\/2022\/10\/cheese-xxl-auto-1-300x300.jpg",300,300,true],"woocommerce_single":["https:\/\/bulkgenetics.com\/wp-content\/uploads\/2022\/10\/cheese-xxl-auto-1-800x800.jpg",800,800,true],"woocommerce_gallery_thumbnail":["https:\/\/bulkgenetics.com\/wp-content\/uploads\/2022\/10\/cheese-xxl-auto-1-150x150.jpg",150,150,true],"dgwt-wcas-product-suggestion":["https:\/\/bulkgenetics.com\/wp-content\/uploads\/2022\/10\/cheese-xxl-auto-1-64x64.jpg",64,64,true]},"uagb_author_info":{"display_name":"J\u00e9r\u00f4me","author_link":"https:\/\/bulkgenetics.com\/fr\/author\/"},"uagb_comment_info":0,"uagb_excerpt":"Cheese XXL Auto est une plante autofloraisons g\u00e9ante qui atteint plus d'un m\u00e8tre et demi de hauteur. Elle est r\u00e9sistante, facile \u00e0 cultiver et de la germination \u00e0 la r\u00e9colte il faudra attendre 9 semaines, elle est donc aussi tr\u00e8s rapide. C'est la vari\u00e9t\u00e9 parfaite pour tout cultivateur qui cherche des r\u00e9coltes de premi\u00e8re classe\u2026","_links":{"self":[{"href":"https:\/\/bulkgenetics.com\/fr\/wp-json\/wp\/v2\/product\/10822","targetHints":{"allow":["GET"]}}],"collection":[{"href":"https:\/\/bulkgenetics.com\/fr\/wp-json\/wp\/v2\/product"}],"about":[{"href":"https:\/\/bulkgenetics.com\/fr\/wp-json\/wp\/v2\/types\/product"}],"replies":[{"embeddable":true,"href":"https:\/\/bulkgenetics.com\/fr\/wp-json\/wp\/v2\/comments?post=10822"}],"wp:featuredmedia":[{"embeddable":true,"href":"https:\/\/bulkgenetics.com\/fr\/wp-json\/wp\/v2\/media\/22995"}],"wp:attachment":[{"href":"https:\/\/bulkgenetics.com\/fr\/wp-json\/wp\/v2\/media?parent=10822"}],"wp:term":[{"taxonomy":"product_brand","embeddable":true,"href":"https:\/\/bulkgenetics.com\/fr\/wp-json\/wp\/v2\/product_brand?post=10822"},{"taxonomy":"product_cat","embeddable":true,"href":"https:\/\/bulkgenetics.com\/fr\/wp-json\/wp\/v2\/product_cat?post=10822"},{"taxonomy":"product_tag","embeddable":true,"href":"https:\/\/bulkgenetics.com\/fr\/wp-json\/wp\/v2\/product_tag?post=10822"}],"curies":[{"name":"wp","href":"https:\/\/api.w.org\/{rel}","templated":true}]}}