{"id":10826,"date":"2022-10-04T12:38:11","date_gmt":"2022-10-04T10:38:11","guid":{"rendered":"https:\/\/www.bulkgenetics.com\/bubblegum-auto-2\/"},"modified":"2024-10-08T01:13:54","modified_gmt":"2024-10-07T23:13:54","slug":"bubblegum-auto","status":"publish","type":"product","link":"https:\/\/bulkgenetics.com\/fr\/bubblegum-auto\/","title":{"rendered":"Bubblegum Auto"},"content":{"rendered":"\n<p>La <strong>Bubblegum Auto<\/strong> est la version autoflorissante de l&#8217;une des vari\u00e9t\u00e9s de cannabis les plus embl\u00e9matiques et r\u00e9compens\u00e9es au niveau mondial. Originaire de l&#8217;Indiana, aux \u00c9tats-Unis, et d\u00e9velopp\u00e9e dans les ann\u00e9es 90, cette g\u00e9n\u00e9tique a conquis le c\u0153ur des cultivateurs gr\u00e2ce \u00e0 son <strong>d\u00e9licieux et inimitable go\u00fbt de chewing-gum \u00e0 la fraise<\/strong>. C&#8217;est l&#8217;un des joyaux des banques n\u00e9erlandaises Serious Seeds et TH Seeds, qui partagent la lign\u00e9e originale.<\/p>\n\n\n\n<p>L&#8217;origine g\u00e9n\u00e9tique exacte de la <a href=\"https:\/\/bulkgenetics.com\/fr\/bubble-gum\/\"><strong>Bubblegum<\/strong><\/a> reste un myst\u00e8re, bien que sa dominance Indica et certains traits sugg\u00e8rent une possible influence afghane. Cette vari\u00e9t\u00e9 a remport\u00e9 de nombreux prix dans les plus prestigieuses coupes de cannabis, et sa popularit\u00e9 a conduit \u00e0 son adaptation et version par diverses banques de graines, comme 00 Seeds.<\/p>\n\n\n\n<p>C&#8217;est une plante <strong>facile \u00e0 cultiver<\/strong> et tr\u00e8s gratifiante. Sa structure est similaire \u00e0 celle d&#8217;un sapin, avec une hauteur qui d\u00e9passe rarement les 110 cm, ce qui la rend <strong>parfaite pour les petits espaces<\/strong> comme les terrasses et balcons. Les t\u00eates qu&#8217;elle produit sont grandes, compactes et couvertes de r\u00e9sine si collante que vous aurez du mal \u00e0 ne pas rester accroch\u00e9 en la manucurant.<\/p>\n\n\n\n<p>L&#8217;apparence de la plante est robuste et compacte, avec des branches fortes qui soutiennent des t\u00eates denses couvertes de trichomes brillants. La combinaison de ces \u00e9l\u00e9ments visuels fait de la Bubblegum Auto non seulement une option productive, mais aussi <strong>esth\u00e9tiquement attrayante<\/strong> dans n&#8217;importe quel jardin de culture.<\/p>\n\n\n\n<h2 class=\"wp-block-heading\">Saveur et Effets<\/h2>\n\n\n\n<p>La <strong>Bubblegum Auto<\/strong> est c\u00e9l\u00e8bre pour son <strong>ar\u00f4me sucr\u00e9 et fruit\u00e9<\/strong>, rappelant le classique chewing-gum \u00e0 la fraise. D\u00e8s la premi\u00e8re bouff\u00e9e, la saveur sucr\u00e9e envahit le palais, offrant une exp\u00e9rience sensorielle unique et inoubliable. Ce profil de saveur si caract\u00e9ristique n&#8217;est pas seulement d\u00e9licieux, mais \u00e9voque \u00e9galement des souvenirs nostalgiques d&#8217;enfance.<\/p>\n\n\n\n<p>En ce qui concerne les effets, la Bubblegum Auto offre une exp\u00e9rience bien \u00e9quilibr\u00e9e entre le physique et le mental. Apr\u00e8s quelques bouff\u00e9es, vous sentirez une vague de <strong>\u00e9nergie et cr\u00e9ativit\u00e9<\/strong> qui vous motivera et vous remplira de joie. \u00c0 mesure que l&#8217;effet progresse, une sensation de relaxation profonde s&#8217;emparera de votre corps, vous menant \u00e0 un \u00e9tat de paix int\u00e9rieure. Cette combinaison d&#8217;effets la rend id\u00e9ale pour une utilisation diurne comme nocturne.<\/p>\n\n\n\n<p>Les t\u00eates de Bubblegum Auto contiennent une <strong>teneur en THC<\/strong> allant de 15% \u00e0 20%, offrant un puissant effet psychoactif sans \u00eatre \u00e9crasant. La teneur en <strong>CBD<\/strong> est faible, g\u00e9n\u00e9ralement inf\u00e9rieure \u00e0 1%, ce qui renforce les effets th\u00e9rapeutiques du THC, fournissant un soulagement efficace du stress et de la douleur sans effets s\u00e9datifs significatifs.<\/p>\n\n\n\n<h3 class=\"wp-block-heading\">Terp\u00e8nes de la Bubblegum Auto<\/h3>\n\n\n\n<p>La <strong>Bubblegum Auto<\/strong> se distingue non seulement par sa saveur et ses effets, mais aussi par son profil terp\u00e9nique. Les terp\u00e8nes sont des compos\u00e9s aromatiques qui non seulement apportent l&#8217;ar\u00f4me et la saveur caract\u00e9ristiques du chewing-gum \u00e0 la fraise, mais ont \u00e9galement divers bienfaits th\u00e9rapeutiques.<\/p>\n\n\n\n<p>Parmi les terp\u00e8nes pr\u00e9sents dans la Bubblegum Auto, nous trouvons :<\/p>\n\n\n\n<ul class=\"wp-block-list\">\n<li><strong>Limon\u00e8ne :<\/strong> Avec un ar\u00f4me citronn\u00e9 et frais, ce terp\u00e8ne est connu pour ses effets <strong>\u00e9levateurs d&#8217;humeur et antistress<\/strong>.<\/li>\n\n\n\n<li><strong>B\u00eata-Caryophyll\u00e8ne :<\/strong> Avec un ar\u00f4me \u00e9pic\u00e9 et terreux, ce terp\u00e8ne a des propri\u00e9t\u00e9s <strong>anti-inflammatoires et analg\u00e9siques<\/strong>, utiles pour soulager la douleur et l&#8217;inflammation.<\/li>\n\n\n\n<li><strong>Myrc\u00e8ne :<\/strong> Avec un ar\u00f4me herbac\u00e9 et terreux, ce terp\u00e8ne est connu pour ses effets <strong>relaxants et s\u00e9datifs<\/strong>, aidant \u00e0 combattre l&#8217;insomnie et l&#8217;anxi\u00e9t\u00e9.<\/li>\n\n\n\n<li><strong>Pin\u00e8ne :<\/strong> Avec un ar\u00f4me de pin frais, ce terp\u00e8ne a des propri\u00e9t\u00e9s <strong>anti-inflammatoires et de renforcement de la m\u00e9moire<\/strong>.<\/li>\n\n\n\n<li><strong>Linalool :<\/strong> Avec un ar\u00f4me floral et de lavande, ce terp\u00e8ne est connu pour ses effets <strong>relaxants et anxiolytiques<\/strong>.<\/li>\n<\/ul>\n\n\n\n<p>Ces terp\u00e8nes travaillent en synergie pour renforcer les effets th\u00e9rapeutiques de la Bubblegum Auto, fournissant une exp\u00e9rience compl\u00e8te qui va au-del\u00e0 de la simple consommation r\u00e9cr\u00e9ative. Du soulagement du stress et de l&#8217;anxi\u00e9t\u00e9 \u00e0 l&#8217;am\u00e9lioration de l&#8217;humeur et \u00e0 la r\u00e9duction de la douleur, les terp\u00e8nes de la Bubblegum Auto font de cette vari\u00e9t\u00e9 une option id\u00e9ale pour ceux qui recherchent \u00e0 la fois plaisir et bien-\u00eatre.<\/p>\n\n\n\n<h2 class=\"wp-block-heading\">Rendement et Temps de Floraison<\/h2>\n\n\n\n<p>La <strong>Bubblegum Auto<\/strong> est une option id\u00e9ale pour les cultivateurs novices comme pour les plus exp\u00e9riment\u00e9s, gr\u00e2ce \u00e0 sa facilit\u00e9 de culture et \u00e0 sa <strong>production abondante<\/strong>. En culture int\u00e9rieure, cette vari\u00e9t\u00e9 peut offrir des rendements impressionnants de <strong>450-550 grammes par m\u00e8tre carr\u00e9<\/strong> lorsqu&#8217;elle est cultiv\u00e9e sous \u00e9clairage LED de 300-350W. Cette haute production est atteinte en un cycle de vie court, car la Bubblegum Auto est pr\u00eate \u00e0 \u00eatre r\u00e9colt\u00e9e en seulement <strong>9-10 semaines \u00e0 partir de la germination<\/strong>.<\/p>\n\n\n\n<p>En ext\u00e9rieur, la Bubblegum Auto montre \u00e9galement \u00eatre une excellente option. Avec une hauteur qui ne d\u00e9passe g\u00e9n\u00e9ralement pas les 110 cm, elle est parfaite pour ceux qui recherchent la discr\u00e9tion dans leurs cultures. Malgr\u00e9 sa taille compacte, elle est capable de produire <strong>100-150 grammes par plante<\/strong>, permettant de r\u00e9aliser jusqu&#8217;\u00e0 deux r\u00e9coltes cons\u00e9cutives en ext\u00e9rieur au cours d&#8217;une saison de culture. Dans les r\u00e9gions o\u00f9 le mois d&#8217;octobre est sec, il est m\u00eame possible d&#8217;obtenir jusqu&#8217;\u00e0 trois r\u00e9coltes par an.<\/p>\n\n\n\n<h2 class=\"wp-block-heading\">Comment Cultiver la Bubblegum Auto<\/h2>\n\n\n\n<p>Cette vari\u00e9t\u00e9 est <strong>tr\u00e8s facile \u00e0 cultiver<\/strong> et ne n\u00e9cessite pas de connaissances avanc\u00e9es ni de techniques compliqu\u00e9es pour obtenir de bons r\u00e9sultats, quel que soit le niveau du cultivateur.<\/p>\n\n\n\n<p>Pour assurer une r\u00e9colte r\u00e9ussie, nous recommandons de cultiver la Bubblegum Auto dans un climat temp\u00e9r\u00e9 et ensoleill\u00e9. Si vous la cultivez en int\u00e9rieur, assurez-vous de maintenir une temp\u00e9rature constante entre <strong>20-25\u00b0C<\/strong> pendant la journ\u00e9e et un peu plus fra\u00eeche pendant la nuit. En ce qui concerne l&#8217;humidit\u00e9, maintenez-la autour de <strong>55-60%<\/strong> pendant la phase v\u00e9g\u00e9tative et r\u00e9duisez-la \u00e0 <strong>40%<\/strong> pendant la floraison pour \u00e9viter les probl\u00e8mes de moisissure et de champignons.<\/p>\n\n\n\n<p>La <strong>r\u00e9sistance aux parasites et aux maladies<\/strong> de la Bubblegum Auto est un autre de ses grands avantages. Cette vari\u00e9t\u00e9 est robuste et peut r\u00e9sister \u00e0 la plupart des parasites et maladies courants avec une supervision de base et des soins pr\u00e9ventifs. Cependant, il est toujours recommand\u00e9 de surveiller de pr\u00e8s les plantes et d&#8217;appliquer des traitements pr\u00e9ventifs si n\u00e9cessaire.<\/p>\n\n\n\n<div style=\"height:50px\" aria-hidden=\"true\" class=\"wp-block-spacer uag-hide-mob\"><\/div>\n\n\n\n<div class=\"wp-block-columns is-layout-flex wp-container-core-columns-is-layout-28f84493 wp-block-columns-is-layout-flex\">\n<div class=\"wp-block-column is-layout-flow wp-block-column-is-layout-flow\">\n<p class=\"has-text-align-center has-medium-font-size\"><strong>Ce que nous aimons le plus<\/strong><\/p>\n\n\n\n<ul class=\"wp-block-list\">\n<li>Tr\u00e8s facile \u00e0 cultiver, id\u00e9ale pour les d\u00e9butants.<\/li>\n\n\n\n<li>Production XXL en un cycle de vie court.<\/li>\n\n\n\n<li>D\u00e9licieux go\u00fbt de chewing-gum \u00e0 la fraise.<\/li>\n\n\n\n<li>Effets bien \u00e9quilibr\u00e9s entre le physique et le mental.<\/li>\n\n\n\n<li>Tr\u00e8s r\u00e9sistante aux parasites et aux maladies.<\/li>\n<\/ul>\n<\/div>\n\n\n\n<div class=\"wp-block-column is-layout-flow wp-block-column-is-layout-flow\">\n<p class=\"has-text-align-center has-medium-font-size\"><strong>Ce que nous aimons le moins<\/strong><\/p>\n\n\n\n<ul class=\"wp-block-list\">\n<li>Elle est odorante pendant la floraison, ce qui peut n\u00e9cessiter un filtre \u00e0 charbon en int\u00e9rieur.<\/li>\n\n\n\n<li>La teneur en CBD est faible, moins adapt\u00e9e pour ceux qui recherchent des effets th\u00e9rapeutiques sp\u00e9cifiques du CBD.<\/li>\n<\/ul>\n<\/div>\n<\/div>\n\n\n\n<div style=\"height:50px\" aria-hidden=\"true\" class=\"wp-block-spacer uag-hide-mob\"><\/div>\n\n\n\n<h2 class=\"wp-block-heading\">Questions Fr\u00e9quentes<\/h2>\n\n\n\n<p>Si vous avez des questions concernant la culture de ces graines bon march\u00e9 en vrac, vous les trouverez peut-\u00eatre dans cette section de questions fr\u00e9quentes :<\/p>\n\n\n<div id=\"rank-math-faq\" class=\"rank-math-block\">\n<div class=\"rank-math-list \">\n<div id=\"faq-question-1722339771167\" class=\"rank-math-list-item\">\n<h3 class=\"rank-math-question \">Bubblegum Auto est-elle sativa ou indica?<\/h3>\n<div class=\"rank-math-answer \">\n\n<p>La <strong>Bubblegum Auto<\/strong> est majoritairement <strong>indica<\/strong>. Les vari\u00e9t\u00e9s indica se caract\u00e9risent par leur effet relaxant et apaisant, id\u00e9al pour une utilisation nocturne ou pour se d\u00e9tendre apr\u00e8s une longue journ\u00e9e. En revanche, les sativas ont g\u00e9n\u00e9ralement un effet plus \u00e9nergisant et stimulant, pr\u00e9f\u00e9r\u00e9es pour une utilisation diurne. La Bubblegum Auto, avec sa dominance indica, offre un \u00e9quilibre parfait entre relaxation physique et stimulation mentale.<\/p>\n\n<\/div>\n<\/div>\n<div id=\"faq-question-1722339772212\" class=\"rank-math-list-item\">\n<h3 class=\"rank-math-question \">Quel est le croisement de la Bubblegum Auto?<\/h3>\n<div class=\"rank-math-answer \">\n\n<p>La <strong>Bubblegum Auto<\/strong> est le r\u00e9sultat du croisement entre la classique <strong>Bubblegum<\/strong> et une <strong>Ruderalis<\/strong>. Ce croisement lui conf\u00e8re les caract\u00e9ristiques autoflorissantes qui la rendent si populaire et facile \u00e0 cultiver.<\/p>\n\n<\/div>\n<\/div>\n<div id=\"faq-question-1663029074962\" class=\"rank-math-list-item\">\n<h3 class=\"rank-math-question \">Quand commence la floraison de la Bubblegum Auto en ext\u00e9rieur?<\/h3>\n<div class=\"rank-math-answer \">\n\n<p>La floraison de la Bubblegum Auto commence environ <strong>3-4 semaines<\/strong> apr\u00e8s la germination. Ce d\u00e9but rapide de floraison est un des avantages des vari\u00e9t\u00e9s autoflorissantes.<\/p>\n\n<\/div>\n<\/div>\n<div id=\"faq-question-1663029159933\" class=\"rank-math-list-item\">\n<h3 class=\"rank-math-question \">Combien de temps faut-il pour r\u00e9colter une Bubblegum Auto depuis la germination?<\/h3>\n<div class=\"rank-math-answer \">\n\n<p>La Bubblegum Auto se r\u00e9colte en un total de <strong>9-10 semaines<\/strong> depuis la germination. Ce cycle de vie court permet d&#8217;obtenir plusieurs r\u00e9coltes en une saison, notamment en ext\u00e9rieur.<\/p>\n\n<\/div>\n<\/div>\n<div id=\"faq-question-1663029165861\" class=\"rank-math-list-item\">\n<h3 class=\"rank-math-question \">Comment cultiver une Bubblegum Auto f\u00e9minis\u00e9e?<\/h3>\n<div class=\"rank-math-answer \">\n\n<p>La Bubblegum Auto est tr\u00e8s facile \u00e0 cultiver. Nous recommandons d&#8217;utiliser un grand pot d\u00e8s le premier jour pour \u00e9viter les transplantations et permettre \u00e0 la plante de pousser sans interruption. Maintenez une temp\u00e9rature constante et contr\u00f4lez l&#8217;humidit\u00e9 pour \u00e9viter les probl\u00e8mes. Elle est r\u00e9sistante aux parasites et aux maladies, ce qui la rend id\u00e9ale pour les cultivateurs de tous niveaux.<\/p>\n\n<\/div>\n<\/div>\n<div id=\"faq-question-1666780029954\" class=\"rank-math-list-item\">\n<h3 class=\"rank-math-question \">Quels sont les effets de la Bubblegum Auto en vrac?<\/h3>\n<div class=\"rank-math-answer \">\n\n<p>La Bubblegum Auto offre une exp\u00e9rience \u00e9quilibr\u00e9e avec des effets \u00e0 la fois physiques et mentaux. Au d\u00e9but, vous ressentirez une <strong>vague d&#8217;\u00e9nergie et de cr\u00e9ativit\u00e9<\/strong> qui am\u00e9liore l&#8217;humeur. Au fil du temps, cette sensation se transforme en une profonde <strong>relaxation et paix int\u00e9rieure<\/strong>, id\u00e9ale pour se d\u00e9tendre \u00e0 la fin de la journ\u00e9e.<\/p>\n\n<\/div>\n<\/div>\n<div id=\"faq-question-1722339846817\" class=\"rank-math-list-item\">\n<h3 class=\"rank-math-question \">Quel est le go\u00fbt de la Bubblegum Auto?<\/h3>\n<div class=\"rank-math-answer \">\n\n<p>Le go\u00fbt de la <strong>Bubblegum Auto<\/strong> est <strong>sucr\u00e9 et fruit\u00e9<\/strong>, avec une touche distinctive de chewing-gum \u00e0 la fraise. Ce profil de saveur la rend tr\u00e8s populaire parmi les cultivateurs et les consommateurs qui recherchent une exp\u00e9rience d\u00e9licieuse et nostalgique.<\/p>\n\n<\/div>\n<\/div>\n<div id=\"faq-question-1722339865630\" class=\"rank-math-list-item\">\n<h3 class=\"rank-math-question \">Quel est le contenu en cannabino\u00efdes de la Bubblegum Auto?<\/h3>\n<div class=\"rank-math-answer \">\n\n<p>Les t\u00eates de Bubblegum Auto contiennent un <strong>THC<\/strong> qui varie entre <strong>15% et 20%<\/strong>, fournissant un puissant effet psychoactif. La <strong>tenue en CBD<\/strong> est faible, g\u00e9n\u00e9ralement inf\u00e9rieure \u00e0 1%, ce qui permet aux effets du THC d&#8217;\u00eatre plus prononc\u00e9s.<\/p>\n\n<\/div>\n<\/div>\n<\/div>\n<\/div>","protected":false},"excerpt":{"rendered":"<p><b>Bubblegum Auto<\/b> offre une exp\u00e9rience unique avec son <b>go\u00fbt de chewing-gum \u00e0 la fraise<\/b> et ses effets \u00e9quilibr\u00e9s. Parfaite pour tous les niveaux de cultivateurs, elle garantit des r\u00e9coltes abondantes en <strong>seulement 9-10 semaines<\/strong>. Profitez d&#8217;une culture facile et d&#8217;une relaxation profonde avec cette vari\u00e9t\u00e9 prim\u00e9e.<\/p>\n","protected":false},"featured_media":11308,"comment_status":"open","ping_status":"closed","template":"","meta":{"_acf_changed":false,"inline_featured_image":false,"_uag_custom_page_level_css":""},"product_brand":[],"product_cat":[2265,4112],"product_tag":[],"class_list":{"0":"post-10826","1":"product","2":"type-product","3":"status-publish","4":"has-post-thumbnail","6":"product_cat-graines-autofloraison-en-gros","7":"product_cat-graines-de-cannabis-a-1-euro","9":"first","10":"instock","11":"sale","12":"taxable","13":"shipping-taxable","14":"purchasable","15":"product-type-simple"},"acf":[],"uagb_featured_image_src":{"full":["https:\/\/bulkgenetics.com\/wp-content\/uploads\/2022\/10\/bubblegum-auto-2.jpg",1600,1600,false],"thumbnail":["https:\/\/bulkgenetics.com\/wp-content\/uploads\/2022\/10\/bubblegum-auto-2-150x150.jpg",150,150,true],"medium":["https:\/\/bulkgenetics.com\/wp-content\/uploads\/2022\/10\/bubblegum-auto-2-300x300.jpg",300,300,true],"medium_large":["https:\/\/bulkgenetics.com\/wp-content\/uploads\/2022\/10\/bubblegum-auto-2-768x768.jpg",768,768,true],"large":["https:\/\/bulkgenetics.com\/wp-content\/uploads\/2022\/10\/bubblegum-auto-2-1024x1024.jpg",1024,1024,true],"1536x1536":["https:\/\/bulkgenetics.com\/wp-content\/uploads\/2022\/10\/bubblegum-auto-2-1536x1536.jpg",1536,1536,true],"2048x2048":["https:\/\/bulkgenetics.com\/wp-content\/uploads\/2022\/10\/bubblegum-auto-2.jpg",1600,1600,false],"commercegurus-pdp-large":["https:\/\/bulkgenetics.com\/wp-content\/uploads\/2022\/10\/bubblegum-auto-2-990x990.jpg",990,990,true],"commercegurus-plp-mobile":["https:\/\/bulkgenetics.com\/wp-content\/uploads\/2022\/10\/bubblegum-auto-2-441x441.jpg",441,441,true],"cgkit_image_swatch":["https:\/\/bulkgenetics.com\/wp-content\/uploads\/2022\/10\/bubblegum-auto-2-100x100.jpg",100,100,true],"woocommerce_thumbnail":["https:\/\/bulkgenetics.com\/wp-content\/uploads\/2022\/10\/bubblegum-auto-2-300x300.jpg",300,300,true],"woocommerce_single":["https:\/\/bulkgenetics.com\/wp-content\/uploads\/2022\/10\/bubblegum-auto-2-800x800.jpg",800,800,true],"woocommerce_gallery_thumbnail":["https:\/\/bulkgenetics.com\/wp-content\/uploads\/2022\/10\/bubblegum-auto-2-150x150.jpg",150,150,true],"dgwt-wcas-product-suggestion":["https:\/\/bulkgenetics.com\/wp-content\/uploads\/2022\/10\/bubblegum-auto-2-64x64.jpg",64,64,true]},"uagb_author_info":{"display_name":"Bruno Crespo","author_link":"https:\/\/bulkgenetics.com\/fr\/author\/"},"uagb_comment_info":0,"uagb_excerpt":"Bubblegum Auto offre une exp\u00e9rience unique avec son go\u00fbt de chewing-gum \u00e0 la fraise et ses effets \u00e9quilibr\u00e9s. Parfaite pour tous les niveaux de cultivateurs, elle garantit des r\u00e9coltes abondantes en seulement 9-10 semaines. Profitez d'une culture facile et d'une relaxation profonde avec cette vari\u00e9t\u00e9 prim\u00e9e.","_links":{"self":[{"href":"https:\/\/bulkgenetics.com\/fr\/wp-json\/wp\/v2\/product\/10826","targetHints":{"allow":["GET"]}}],"collection":[{"href":"https:\/\/bulkgenetics.com\/fr\/wp-json\/wp\/v2\/product"}],"about":[{"href":"https:\/\/bulkgenetics.com\/fr\/wp-json\/wp\/v2\/types\/product"}],"replies":[{"embeddable":true,"href":"https:\/\/bulkgenetics.com\/fr\/wp-json\/wp\/v2\/comments?post=10826"}],"wp:featuredmedia":[{"embeddable":true,"href":"https:\/\/bulkgenetics.com\/fr\/wp-json\/wp\/v2\/media\/11308"}],"wp:attachment":[{"href":"https:\/\/bulkgenetics.com\/fr\/wp-json\/wp\/v2\/media?parent=10826"}],"wp:term":[{"taxonomy":"product_brand","embeddable":true,"href":"https:\/\/bulkgenetics.com\/fr\/wp-json\/wp\/v2\/product_brand?post=10826"},{"taxonomy":"product_cat","embeddable":true,"href":"https:\/\/bulkgenetics.com\/fr\/wp-json\/wp\/v2\/product_cat?post=10826"},{"taxonomy":"product_tag","embeddable":true,"href":"https:\/\/bulkgenetics.com\/fr\/wp-json\/wp\/v2\/product_tag?post=10826"}],"curies":[{"name":"wp","href":"https:\/\/api.w.org\/{rel}","templated":true}]}}