{"id":10828,"date":"2022-10-04T12:34:06","date_gmt":"2022-10-04T10:34:06","guid":{"rendered":"https:\/\/www.bulkgenetics.com\/red-skunk-auto-2\/"},"modified":"2024-10-08T01:13:56","modified_gmt":"2024-10-07T23:13:56","slug":"red-skunk-auto","status":"publish","type":"product","link":"https:\/\/bulkgenetics.com\/fr\/red-skunk-auto\/","title":{"rendered":"Red Skunk Auto"},"content":{"rendered":"\n<p><strong>Red Skunk Auto<\/strong> tire son origine g\u00e9n\u00e9tique d&#8217;un croisement magistral entre la classique <strong><strong><a href=\"https:\/\/bulkgenetics.com\/fr\/skunk-auto\/\">Skunk Auto<\/a><\/strong><\/strong> et une s\u00e9lection sp\u00e9ciale de <strong>Red Poison<\/strong>. Le r\u00e9sultat ? Une plante \u00e0 dominance indica qui h\u00e9rite des teintes rouge\u00e2tres frappantes de ses anc\u00eatres, la rendant ainsi l&#8217;une des strains les plus attrayantes et visuellement impressionnantes disponibles sur le march\u00e9.<\/p>\n\n\n\n<p>D\u00e8s le d\u00e9but de sa croissance, la <strong>Red Skunk Auto<\/strong> affiche une vigueur hybride impressionnante. La plante d\u00e9veloppe une tige principale robuste et des branches lat\u00e9rales longues et flexibles, capables de supporter le poids de ses buds denses et compacts. La hauteur maximale de la plante est d&#8217;environ 100 cm, ce qui la rend id\u00e9ale pour des cultures discr\u00e8tes sur les terrasses ou les balcons. Sa taille compacte la rend parfaite pour ceux qui recherchent une plante qui ne se fait pas remarquer.<\/p>\n\n\n\n<p>Les buds de la <strong>Red Skunk Auto<\/strong> sont de v\u00e9ritables \u0153uvres d&#8217;art. Grands et compacts, ils pr\u00e9sentent une couleur rouge\u00e2tre tr\u00e8s saisissante qui contraste magnifiquement avec l&#8217;\u00e9paisse couche de trichomes brillants de couleurs violettes qui les recouvrent. M\u00eame le haschisch obtenu de cette vari\u00e9t\u00e9 affiche ces magnifiques teintes rouge\u00e2tres.<\/p>\n\n\n\n<h2 class=\"wp-block-heading\">Saveur et Effets<\/h2>\n\n\n\n<p>La <strong>Red Skunk Auto<\/strong> n&#8217;est pas seulement belle \u00e0 regarder, elle est aussi un d\u00e9lice pour les sens. En consommant cette vari\u00e9t\u00e9, vous serez envelopp\u00e9 dans un spectacle d&#8217;ar\u00f4mes et de saveurs. Le profil aromatique est une explosion de douceur et de touches skunky, avec un fond musqu\u00e9 provenant de ses anc\u00eatres pakistanais. C&#8217;est comme si chaque bouff\u00e9e vous transportait dans un jardin rempli de baies fra\u00eeches, fusionn\u00e9 avec cette touche skunky caract\u00e9ristique que nous aimons tant.<\/p>\n\n\n\n<p>Quant \u00e0 la saveur, elle n&#8217;est pas en reste. Les buds ont un go\u00fbt de baies sucr\u00e9es qui se m\u00eale parfaitement avec des nuances \u00e9pic\u00e9es et terreuses, cr\u00e9ant une exp\u00e9rience gustative inoubliable.<\/p>\n\n\n\n<p>Les effets sont tout aussi impressionnants. Elle offre un \u00e9quilibre parfait entre effets \u00e9nergisants et relaxants. Au d\u00e9but, vous ressentirez une vague de cr\u00e9ativit\u00e9 et d&#8217;\u00e9nergie gr\u00e2ce \u00e0 son influence sativa, id\u00e9ale pour les activit\u00e9s artistiques ou simplement pour am\u00e9liorer votre humeur. Cependant, elle se transforme rapidement en une sensation de calme profond et de relaxation, parfaite pour profiter \u00e0 la fin de la journ\u00e9e.<\/p>\n\n\n\n<p>La teneur en <strong>THC<\/strong> des buds de la <strong>Red Skunk Auto<\/strong> varie entre 15% et 20%, offrant une puissance mod\u00e9r\u00e9e qui convient tant aux utilisateurs novices qu&#8217;exp\u00e9riment\u00e9s. Quant au <strong>CBD<\/strong>, cette vari\u00e9t\u00e9 en a une faible teneur, inf\u00e9rieure \u00e0 1%, ce qui la rend id\u00e9ale pour ceux qui recherchent principalement les effets psychoactifs du THC.<\/p>\n\n\n\n<h3 class=\"wp-block-heading\">Terp\u00e8nes de la Red Skunk Auto<\/h3>\n\n\n\n<p>Les terp\u00e8nes de la <strong>Red Skunk Auto<\/strong> sont responsables de ses ar\u00f4mes incroyables et contribuent \u00e9galement \u00e0 ses effets. Parmi les terp\u00e8nes les plus remarquables, on trouve :<\/p>\n\n\n\n<ul class=\"wp-block-list\">\n<li><strong>Caryophyll\u00e8ne<\/strong> : Ce terp\u00e8ne a un ar\u00f4me \u00e9pic\u00e9 et poivr\u00e9, semblable \u00e0 celui du poivre et de l&#8217;origan. Il est connu pour ses propri\u00e9t\u00e9s anti-inflammatoires et anxiolytiques, aidant \u00e0 r\u00e9duire le stress et l&#8217;anxi\u00e9t\u00e9.<\/li>\n\n\n\n<li><strong>Limon\u00e8ne<\/strong> : Avec son ar\u00f4me citronn\u00e9 rafra\u00eechissant, ce terp\u00e8ne am\u00e9liore l&#8217;humeur et combat le stress, apportant une dose de bonheur et de bien-\u00eatre. Il est pr\u00e9sent en forte concentration dans la <strong>Red Skunk Auto<\/strong>, ajoutant une touche de citron \u00e0 son profil aromatique.<\/li>\n\n\n\n<li><strong>Myrc\u00e8ne<\/strong> : Ce terp\u00e8ne, avec son ar\u00f4me terreux et musqu\u00e9, est connu pour ses effets s\u00e9datifs et relaxants. Il est parfait pour ceux qui cherchent une nuit paisible et sans interruptions.<\/li>\n\n\n\n<li><strong>Terpinol\u00e8ne<\/strong> : Avec un ar\u00f4me floral et herbac\u00e9, ce terp\u00e8ne est moins courant mais apporte une dimension suppl\u00e9mentaire aux effets de la <strong>Red Skunk Auto<\/strong>. Il est connu pour ses propri\u00e9t\u00e9s antioxydantes et sa capacit\u00e9 \u00e0 favoriser la relaxation.<\/li>\n<\/ul>\n\n\n\n<p>Ces terp\u00e8nes non seulement am\u00e9liorent l&#8217;exp\u00e9rience de consommation, mais ils augmentent \u00e9galement les effets th\u00e9rapeutiques de la <strong>Red Skunk Auto<\/strong>. De l&#8217;anxi\u00e9t\u00e9 apais\u00e9e \u00e0 un sommeil r\u00e9parateur, les terp\u00e8nes jouent un r\u00f4le crucial dans l&#8217;efficacit\u00e9 et le plaisir de cette merveilleuse vari\u00e9t\u00e9.<\/p>\n\n\n\n<h2 class=\"wp-block-heading\">Production et Temps de Floraison<\/h2>\n\n\n\n<p>En <strong>int\u00e9rieur<\/strong>, la <strong>Red Skunk Auto<\/strong> est capable de produire entre <strong>400 et 500 grammes par m\u00e8tre carr\u00e9<\/strong>. Avec un \u00e9clairage LED ad\u00e9quat de 300-350 W, les cultivateurs peuvent maximiser le rendement et obtenir des t\u00eates denses et r\u00e9sineuses. La plante atteint son plein potentiel dans un environnement contr\u00f4l\u00e9, o\u00f9 elle peut cro\u00eetre sans interruptions et d\u00e9velopper tout son \u00e9clat.<\/p>\n\n\n\n<p>En ext\u00e9rieur et dans des conditions optimales, elle peut atteindre une hauteur allant jusqu&#8217;\u00e0 1 m\u00e8tre et produire entre <strong>100 et 150 grammes par plante<\/strong>. Cette vari\u00e9t\u00e9 est id\u00e9ale pour les petits espaces en plein air, comme les terrasses ou les balcons, gr\u00e2ce \u00e0 sa taille compacte et discr\u00e8te.<\/p>\n\n\n\n<p>En <strong>int\u00e9rieur<\/strong>, la <strong>Red Skunk Auto<\/strong> commence \u00e0 fleurir environ 3 \u00e0 4 semaines apr\u00e8s la germination des graines, et elle est pr\u00eate pour la r\u00e9colte en un total de 8 semaines. En <strong>ext\u00e9rieur<\/strong>, le cycle est similaire, ce qui en fait une option parfaite pour les r\u00e9gions avec des saisons de culture plus courtes. Gr\u00e2ce \u00e0 sa r\u00e9sistance et \u00e0 sa vitesse de croissance, la <strong>Red Skunk Auto<\/strong> assure des r\u00e9coltes abondantes et de haute qualit\u00e9 en un temps record.<\/p>\n\n\n\n<h2 class=\"wp-block-heading\">Comment Cultiver la Red Skunk Auto<\/h2>\n\n\n\n<p>La <strong>Red Skunk Auto<\/strong> est une vari\u00e9t\u00e9 id\u00e9ale tant pour les cultivateurs novices que pour les plus exp\u00e9riment\u00e9s. La facilit\u00e9 de culture de cette strain en fait un excellent choix pour quiconque souhaite commencer dans le monde de la culture du cannabis sans complications.<\/p>\n\n\n\n<p>En ce qui concerne la <strong>difficult\u00e9 de culture<\/strong>, nous pouvons dire que la <strong>Red Skunk Auto<\/strong> est tr\u00e8s facile et r\u00e9sistante. Sa nature autoflorissante lui permet de s&#8217;adapter \u00e0 diverses conditions de culture sans n\u00e9cessiter trop d&#8217;attention ou d&#8217;exp\u00e9rience pr\u00e9alable. Elle est parfaite pour ceux qui recherchent une plante n\u00e9cessitant peu d&#8217;entretien tout en offrant d&#8217;excellents r\u00e9sultats.<\/p>\n\n\n\n<p>Pour obtenir les meilleurs r\u00e9sultats, nous recommandons de cultiver la <strong>Red Skunk Auto<\/strong> dans un climat temp\u00e9r\u00e9 \u00e0 chaud. Cette vari\u00e9t\u00e9 prosp\u00e8re avec des temp\u00e9ratures diurnes entre 20\u00b0C et 26\u00b0C, et peut supporter des temp\u00e9ratures nocturnes l\u00e9g\u00e8rement plus basses. Il est essentiel de fournir un substrat riche en nutriments et d&#8217;utiliser des pots de grande taille pour \u00e9viter le besoin de transplantations, ce qui pourrait ralentir la croissance de la plante.<\/p>\n\n\n\n<p>La <strong>Red Skunk Auto<\/strong> montre une remarquable <strong>r\u00e9sistance aux ravageurs et aux maladies<\/strong>, ce qui la rend encore plus attrayante pour les cultivateurs. Sa structure robuste et sa g\u00e9n\u00e9tique bien \u00e9quilibr\u00e9e lui permettent de r\u00e9sister aux attaques des ravageurs courants et des maladies, r\u00e9duisant ainsi le besoin de traitements chimiques et facilitant une culture plus naturelle et biologique.<\/p>\n\n\n\n<div style=\"height:50px\" aria-hidden=\"true\" class=\"wp-block-spacer uag-hide-mob\"><\/div>\n\n\n\n<div class=\"wp-block-columns is-layout-flex wp-container-core-columns-is-layout-28f84493 wp-block-columns-is-layout-flex\">\n<div class=\"wp-block-column is-layout-flow wp-block-column-is-layout-flow\">\n<p class=\"has-text-align-center has-medium-font-size\"><strong>Ce que nous aimons le plus<\/strong><\/p>\n\n\n\n<ul class=\"wp-block-list\">\n<li><strong>Facilit\u00e9 de culture et r\u00e9sistance<\/strong> : Parfaite tant pour les d\u00e9butants que pour les experts.<\/li>\n\n\n\n<li><strong>Cycle de vie rapide<\/strong> : De la germination \u00e0 la r\u00e9colte en seulement 8 semaines.<\/li>\n\n\n\n<li><strong>Production g\u00e9n\u00e9reuse<\/strong> : Jusqu&#8217;\u00e0 500 grammes par m\u00e8tre carr\u00e9 en int\u00e9rieur.<\/li>\n\n\n\n<li><strong>Ar\u00f4mes et couleurs impressionnants<\/strong> : T\u00eates rouge\u00e2tres et r\u00e9sineuses avec un ar\u00f4me doux et skunky.<\/li>\n\n\n\n<li><strong>Discr\u00e8te<\/strong> : Id\u00e9ale pour les cultures sur terrasses et balcons en raison de sa taille compacte.<\/li>\n<\/ul>\n<\/div>\n\n\n\n<div class=\"wp-block-column is-layout-flow wp-block-column-is-layout-flow\">\n<p class=\"has-text-align-center has-medium-font-size\"><strong>Ce que nous aimons le moins<\/strong><\/p>\n\n\n\n<ul class=\"wp-block-list\">\n<li><strong>Tr\u00e8s odorante en floraison<\/strong> : Peut n\u00e9cessiter des filtres \u00e0 odeurs pour des cultures discr\u00e8tes.<\/li>\n\n\n\n<li><strong>N\u00e9cessite de grands pots d\u00e8s le d\u00e9but<\/strong> : \u00c9viter les transplantations pour maximiser le rendement.<\/li>\n<\/ul>\n<\/div>\n<\/div>\n\n\n\n<div style=\"height:50px\" aria-hidden=\"true\" class=\"wp-block-spacer uag-hide-mob\"><\/div>\n\n\n\n<h2 class=\"wp-block-heading\">Questions Fr\u00e9quemment Pos\u00e9es<\/h2>\n\n\n\n<p>Voici les r\u00e9ponses \u00e0 certaines des questions les plus courantes que nous posent les cultivateurs int\u00e9ress\u00e9s par cette vari\u00e9t\u00e9 de cannabis :<\/p>\n\n\n<div id=\"rank-math-faq\" class=\"rank-math-block\">\n<div class=\"rank-math-list \">\n<div id=\"faq-question-1722259902607\" class=\"rank-math-list-item\">\n<h3 class=\"rank-math-question \">La Red Skunk Auto est-elle sativa ou indica ?<\/h3>\n<div class=\"rank-math-answer \">\n\n<p>La <strong>Red Skunk Auto<\/strong> est une vari\u00e9t\u00e9 dominante <strong>indica<\/strong>. Les plantes indicas et sativas ont des caract\u00e9ristiques distinctes : les indicas sont g\u00e9n\u00e9ralement plus basses et robustes, avec des feuilles larges, et sont connues pour leurs effets relaxants et s\u00e9datifs. En revanche, les sativas tendent \u00e0 \u00eatre plus hautes et plus fines, avec des feuilles \u00e9troites, et offrent g\u00e9n\u00e9ralement des effets plus \u00e9nergisants et stimulants. La <strong>Red Skunk Auto<\/strong>, avec sa dominance indica, offre un \u00e9quilibre parfait entre relaxation et \u00e9nergie initiale, id\u00e9ale pour profiter \u00e0 tout moment de la journ\u00e9e ou de la nuit.<\/p>\n\n<\/div>\n<\/div>\n<div id=\"faq-question-1722259906356\" class=\"rank-math-list-item\">\n<h3 class=\"rank-math-question \">Quel est le croisement de la Red Skunk Auto ?<\/h3>\n<div class=\"rank-math-answer \">\n\n<p>La <strong>Red Skunk Auto<\/strong> est le r\u00e9sultat du croisement entre la <strong>Skunk Auto<\/strong> et une s\u00e9lection sp\u00e9ciale de <strong>Red Poison<\/strong>. Cette combinaison lui conf\u00e8re ses teintes rouge\u00e2tres caract\u00e9ristiques et son ar\u00f4me distinctif, doux et skunky.<\/p>\n\n<\/div>\n<\/div>\n<div id=\"faq-question-1663029074962\" class=\"rank-math-list-item\">\n<h3 class=\"rank-math-question \">Quand commence la floraison de la Red Skunk Auto en ext\u00e9rieur ?<\/h3>\n<div class=\"rank-math-answer \">\n\n<p>La floraison de la <strong>Red Skunk Auto<\/strong> commence environ <strong>3 \u00e0 4 semaines<\/strong> apr\u00e8s la germination. \u00c9tant une vari\u00e9t\u00e9 autoflorissante, elle ne d\u00e9pend pas du cycle lumineux pour d\u00e9buter la floraison.<\/p>\n\n<\/div>\n<\/div>\n<div id=\"faq-question-1663029159933\" class=\"rank-math-list-item\">\n<h3 class=\"rank-math-question \">Combien de temps faut-il pour r\u00e9colter une Red Skunk Auto depuis la germination ?<\/h3>\n<div class=\"rank-math-answer \">\n\n<p>La <strong>Red Skunk Auto<\/strong> est pr\u00eate \u00e0 \u00eatre r\u00e9colt\u00e9e en seulement <strong>8 semaines<\/strong> apr\u00e8s la germination. Cette rapidit\u00e9 permet d&#8217;obtenir plusieurs r\u00e9coltes par an, surtout durant les saisons de printemps et d&#8217;\u00e9t\u00e9.<\/p>\n\n<\/div>\n<\/div>\n<div id=\"faq-question-1663029165861\" class=\"rank-math-list-item\">\n<h3 class=\"rank-math-question \">Comment cultiver une Red Skunk Auto f\u00e9minis\u00e9e ?<\/h3>\n<div class=\"rank-math-answer \">\n\n<p>Pour cultiver la <strong>Red Skunk Auto<\/strong>, nous recommandons d&#8217;utiliser de grands pots d\u00e8s le d\u00e9but et un substrat riche en nutriments. \u00c9viter les transplantations est crucial pour maximiser sa croissance. La plante prosp\u00e8re dans des climats temp\u00e9r\u00e9s \u00e0 chauds et est tr\u00e8s r\u00e9sistante aux ravageurs et aux maladies, ce qui facilite sa culture tant en int\u00e9rieur qu&#8217;en ext\u00e9rieur.<\/p>\n\n<\/div>\n<\/div>\n<div id=\"faq-question-1666780029954\" class=\"rank-math-list-item\">\n<h3 class=\"rank-math-question \">Quels sont les effets de la Red Skunk Auto en vrac ?<\/h3>\n<div class=\"rank-math-answer \">\n\n<p>Les effets de la <strong>Red Skunk Auto<\/strong> sont \u00e9quilibr\u00e9s et polyvalents. Ils commencent par une vague d&#8217;\u00e9nergie et de cr\u00e9ativit\u00e9, gr\u00e2ce \u00e0 son influence sativa, et se transforment rapidement en une sensation profonde de relaxation et de calme. Elle est id\u00e9ale pour une utilisation nocturne, procurant un \u00e9tat de tranquillit\u00e9 et de paix mentale.<\/p>\n\n<\/div>\n<\/div>\n<div id=\"faq-question-1722260002246\" class=\"rank-math-list-item\">\n<h3 class=\"rank-math-question \">Quel est le go\u00fbt de la Red Skunk Auto ?<\/h3>\n<div class=\"rank-math-answer \">\n\n<p>La <strong>Red Skunk Auto<\/strong> a une d\u00e9licieuse saveur de <strong>baies sucr\u00e9es<\/strong> avec des nuances skunky et terreuses. Chaque bouff\u00e9e offre une combinaison unique de douceur et de piquant, un v\u00e9ritable d\u00e9lice pour le palais.<\/p>\n\n<\/div>\n<\/div>\n<div id=\"faq-question-1722260003321\" class=\"rank-math-list-item\">\n<h3 class=\"rank-math-question \">Quel est le contenu en cannabino\u00efdes de la Red Skunk Auto ?<\/h3>\n<div class=\"rank-math-answer \">\n\n<p>La <strong>Red Skunk Auto<\/strong> a une teneur en <strong>THC<\/strong> qui varie entre <strong>15% et 20%<\/strong>, offrant une puissance mod\u00e9r\u00e9e adapt\u00e9e \u00e0 tous les types d&#8217;utilisateurs. Son contenu en <strong>CBD<\/strong> est faible, inf\u00e9rieur \u00e0 1%, se concentrant principalement sur les effets b\u00e9n\u00e9fiques du THC.<\/p>\n\n<\/div>\n<\/div>\n<\/div>\n<\/div>","protected":false},"excerpt":{"rendered":"<p><b>Red Skunk Auto<\/b> t&#8217;offre une exp\u00e9rience de culture sans complications avec des r\u00e9coltes abondantes en <strong>seulement 8 semaines<\/strong>. Profite de ses d\u00e9licieux <strong>ar\u00f4mes doux et skunky<\/strong>, et d&#8217;un \u00e9quilibre parfait entre <strong>\u00e9nergie et relaxation<\/strong>. Id\u00e9ale pour les cultivateurs novices et exp\u00e9riment\u00e9s qui recherchent qualit\u00e9 et rapidit\u00e9.<\/p>\n","protected":false},"featured_media":12017,"comment_status":"open","ping_status":"closed","template":"","meta":{"_acf_changed":false,"inline_featured_image":false,"_uag_custom_page_level_css":""},"product_brand":[],"product_cat":[2265],"product_tag":[],"class_list":{"0":"post-10828","1":"product","2":"type-product","3":"status-publish","4":"has-post-thumbnail","6":"product_cat-graines-autofloraison-en-gros","8":"first","9":"instock","10":"taxable","11":"shipping-taxable","12":"purchasable","13":"product-type-simple"},"acf":[],"uagb_featured_image_src":{"full":["https:\/\/bulkgenetics.com\/wp-content\/uploads\/2022\/10\/red-skunk-auto.jpg",1600,1600,false],"thumbnail":["https:\/\/bulkgenetics.com\/wp-content\/uploads\/2022\/10\/red-skunk-auto-150x150.jpg",150,150,true],"medium":["https:\/\/bulkgenetics.com\/wp-content\/uploads\/2022\/10\/red-skunk-auto-300x300.jpg",300,300,true],"medium_large":["https:\/\/bulkgenetics.com\/wp-content\/uploads\/2022\/10\/red-skunk-auto-768x768.jpg",768,768,true],"large":["https:\/\/bulkgenetics.com\/wp-content\/uploads\/2022\/10\/red-skunk-auto-1024x1024.jpg",1024,1024,true],"1536x1536":["https:\/\/bulkgenetics.com\/wp-content\/uploads\/2022\/10\/red-skunk-auto-1536x1536.jpg",1536,1536,true],"2048x2048":["https:\/\/bulkgenetics.com\/wp-content\/uploads\/2022\/10\/red-skunk-auto.jpg",1600,1600,false],"commercegurus-pdp-large":["https:\/\/bulkgenetics.com\/wp-content\/uploads\/2022\/10\/red-skunk-auto-990x990.jpg",990,990,true],"commercegurus-plp-mobile":["https:\/\/bulkgenetics.com\/wp-content\/uploads\/2022\/10\/red-skunk-auto-441x441.jpg",441,441,true],"cgkit_image_swatch":["https:\/\/bulkgenetics.com\/wp-content\/uploads\/2022\/10\/red-skunk-auto-100x100.jpg",100,100,true],"woocommerce_thumbnail":["https:\/\/bulkgenetics.com\/wp-content\/uploads\/2022\/10\/red-skunk-auto-300x300.jpg",300,300,true],"woocommerce_single":["https:\/\/bulkgenetics.com\/wp-content\/uploads\/2022\/10\/red-skunk-auto-800x800.jpg",800,800,true],"woocommerce_gallery_thumbnail":["https:\/\/bulkgenetics.com\/wp-content\/uploads\/2022\/10\/red-skunk-auto-150x150.jpg",150,150,true],"dgwt-wcas-product-suggestion":["https:\/\/bulkgenetics.com\/wp-content\/uploads\/2022\/10\/red-skunk-auto-64x64.jpg",64,64,true]},"uagb_author_info":{"display_name":"Bruno Crespo","author_link":"https:\/\/bulkgenetics.com\/fr\/author\/"},"uagb_comment_info":0,"uagb_excerpt":"Red Skunk Auto t'offre une exp\u00e9rience de culture sans complications avec des r\u00e9coltes abondantes en seulement 8 semaines. Profite de ses d\u00e9licieux ar\u00f4mes doux et skunky, et d'un \u00e9quilibre parfait entre \u00e9nergie et relaxation. Id\u00e9ale pour les cultivateurs novices et exp\u00e9riment\u00e9s qui recherchent qualit\u00e9 et rapidit\u00e9.","_links":{"self":[{"href":"https:\/\/bulkgenetics.com\/fr\/wp-json\/wp\/v2\/product\/10828","targetHints":{"allow":["GET"]}}],"collection":[{"href":"https:\/\/bulkgenetics.com\/fr\/wp-json\/wp\/v2\/product"}],"about":[{"href":"https:\/\/bulkgenetics.com\/fr\/wp-json\/wp\/v2\/types\/product"}],"replies":[{"embeddable":true,"href":"https:\/\/bulkgenetics.com\/fr\/wp-json\/wp\/v2\/comments?post=10828"}],"wp:featuredmedia":[{"embeddable":true,"href":"https:\/\/bulkgenetics.com\/fr\/wp-json\/wp\/v2\/media\/12017"}],"wp:attachment":[{"href":"https:\/\/bulkgenetics.com\/fr\/wp-json\/wp\/v2\/media?parent=10828"}],"wp:term":[{"taxonomy":"product_brand","embeddable":true,"href":"https:\/\/bulkgenetics.com\/fr\/wp-json\/wp\/v2\/product_brand?post=10828"},{"taxonomy":"product_cat","embeddable":true,"href":"https:\/\/bulkgenetics.com\/fr\/wp-json\/wp\/v2\/product_cat?post=10828"},{"taxonomy":"product_tag","embeddable":true,"href":"https:\/\/bulkgenetics.com\/fr\/wp-json\/wp\/v2\/product_tag?post=10828"}],"curies":[{"name":"wp","href":"https:\/\/api.w.org\/{rel}","templated":true}]}}