{"id":10834,"date":"2022-09-30T17:39:57","date_gmt":"2022-09-30T15:39:57","guid":{"rendered":"https:\/\/www.bulkgenetics.com\/pamplemousse-2\/"},"modified":"2024-10-08T01:14:00","modified_gmt":"2024-10-07T23:14:00","slug":"grapefruit","status":"publish","type":"product","link":"https:\/\/bulkgenetics.com\/fr\/grapefruit\/","title":{"rendered":"Grapefruit"},"content":{"rendered":"\n<p>La <strong>Grapefruit<\/strong> est une vari\u00e9t\u00e9 de marijuana f\u00e9minis\u00e9e qui a gagn\u00e9 en renomm\u00e9e gr\u00e2ce \u00e0 son go\u00fbt exquis de pamplemousse et d&#8217;ananas. Cette strain a une origine int\u00e9ressante, car elle r\u00e9sulte du croisement de la l\u00e9gendaire <a href=\"https:\/\/bulkgenetics.com\/fr\/cinderella-99\/\"><strong>Cinderella 99<\/strong><\/a> avec une Sativa Thai. De la Cinderella 99, Grapefruit h\u00e9rite de sa douce saveur d&#8217;ananas, tandis que les g\u00e8nes Thai apportent de la vigueur et des notes tr\u00e8s tropicales, cr\u00e9ant une exp\u00e9rience in\u00e9gal\u00e9e pour les amateurs de cannabis.<\/p>\n\n\n\n<p>L&#8217;histoire de <strong>Grapefruit<\/strong> comprend diverses versions et s\u00e9lections, de banques de graines comme Reeferman, Dinafem et Female Seeds. Gr\u00e2ce \u00e0 son lign\u00e9e, cette vari\u00e9t\u00e9 est devenue une favorite tant chez les cultivateurs que chez les consommateurs, obtenant d&#8217;excellentes critiques sur les sites sp\u00e9cialis\u00e9s.<\/p>\n\n\n\n<p>C&#8217;est une plante qui se distingue par sa facilit\u00e9 de culture. Bien qu&#8217;\u00e9tant majoritairement Sativa, cette plante ne pr\u00e9sente pas de grandes complications pour les cultivateurs, m\u00eame pour ceux qui d\u00e9butent dans le monde de la culture du cannabis. En int\u00e9rieur, sa dominance Sativa fait qu&#8217;elle a tendance \u00e0 beaucoup s&#8217;\u00e9tirer une fois la phase de croissance termin\u00e9e, c&#8217;est pourquoi nous recommandons des techniques de culture comme le SCROG ou l&#8217;\u00e9t\u00eatage pour contr\u00f4ler sa hauteur.<\/p>\n\n\n\n<p>Les t\u00eates de <strong>Grapefruit<\/strong> sont une v\u00e9ritable merveille. Elles sont grandes, compactes, avec peu de feuilles et brillantes en raison de la grande quantit\u00e9 de r\u00e9sine qu&#8217;elles accumulent. Pendant la phase de floraison, ces t\u00eates \u00e9mettent un d\u00e9licieux et puissant ar\u00f4me d&#8217;agrumes, fid\u00e8le \u00e0 son nom. Les longues branches flexibles se remplissent de ces pr\u00e9cieuses t\u00eates r\u00e9sineuses, cr\u00e9ant une image que tout cultivateur souhaite voir dans son jardin.<\/p>\n\n\n\n<h2 class=\"wp-block-heading\">Saveur et Effets<\/h2>\n\n\n\n<p>La saveur de <strong>Grapefruit<\/strong> est tout simplement in\u00e9gal\u00e9e. D\u00e8s le premier moment, son ar\u00f4me d&#8217;agrumes et de douceur te transporte dans un paradis tropical. En la d\u00e9gustant, des notes de pamplemousse acide et de fruits tropicaux inondent ton palais, cr\u00e9ant une exp\u00e9rience gustative inoubliable. Ce profil de saveur unique est l&#8217;une des raisons pour lesquelles <strong>Grapefruit<\/strong> est devenue l&#8217;une des pr\u00e9f\u00e9r\u00e9es des cultivateurs et des consommateurs.<\/p>\n\n\n\n<p>L&#8217;effet de <strong>Grapefruit<\/strong> est aussi frappant que sa saveur. Avec une teneur en THC variant entre 15% et 20%, cette vari\u00e9t\u00e9 offre une explosion d&#8217;euphorie et d&#8217;\u00e9nergie. Parfaite pour ceux qui cherchent un \u00e9lan cr\u00e9atif et une am\u00e9lioration de la concentration. De plus, sa faible teneur en CBD, inf\u00e9rieure \u00e0 1%, assure que les effets soient puissants sans provoquer une s\u00e9dation excessive. Consommer <strong>Grapefruit<\/strong> est comme recevoir une injection d&#8217;\u00e9nergie positive qui te maintiendra joyeux et souriant pendant des heures.<\/p>\n\n\n\n<h3 class=\"wp-block-heading\">Terp\u00e8nes de Grapefruit<\/h3>\n\n\n\n<p>La complexit\u00e9 de <strong>Grapefruit<\/strong> est en grande partie due \u00e0 son profil de terp\u00e8nes. Le terp\u00e8ne dominant, <strong>Myrc\u00e8ne<\/strong>, apporte un ar\u00f4me herbac\u00e9 qui compl\u00e8te parfaitement les saveurs d&#8217;agrumes. Connu pour ses propri\u00e9t\u00e9s relaxantes, le Myrc\u00e8ne aide \u00e0 \u00e9quilibrer les effets \u00e9nergisants du THC, cr\u00e9ant une exp\u00e9rience plus harmonieuse.<\/p>\n\n\n\n<p>Un autre terp\u00e8ne notable est le <strong>Caryophyll\u00e8ne<\/strong>, qui ajoute une touche \u00e9pic\u00e9e et terreuse. Ce terp\u00e8ne am\u00e9liore non seulement la saveur, mais offre \u00e9galement des bienfaits anti-inflammatoires et analg\u00e9siques, faisant de <strong>Grapefruit<\/strong> un choix id\u00e9al pour ceux qui recherchent un soulagement de la douleur.<\/p>\n\n\n\n<p>Le <strong>Pin\u00e8ne<\/strong>, avec son ar\u00f4me caract\u00e9ristique de pin, am\u00e9liore la m\u00e9moire et la concentration, tandis que le <strong>Limon\u00e8ne<\/strong> contribue avec un ar\u00f4me d&#8217;agrumes et des propri\u00e9t\u00e9s qui \u00e9l\u00e8vent l&#8217;humeur, r\u00e9duisant le stress et promouvant une sensation de bien-\u00eatre. Ces terp\u00e8nes travaillent en synergie avec les cannabino\u00efdes pour offrir une exp\u00e9rience compl\u00e8te et \u00e9quilibr\u00e9e.<\/p>\n\n\n\n<h2 class=\"wp-block-heading\">Production et Temps de Floraison<\/h2>\n\n\n\n<p>La <strong>Grapefruit<\/strong> ne se distingue pas seulement par sa saveur et ses effets, mais aussi par sa g\u00e9n\u00e9reuse production et son temps de floraison g\u00e9rable. Cette plante s&#8217;adapte bien \u00e0 la culture en int\u00e9rieur comme en ext\u00e9rieur, offrant des rendements impressionnants dans les deux environnements.<\/p>\n\n\n\n<p>En culture int\u00e9rieure, <strong>Grapefruit<\/strong> peut produire entre 450 et 550 grammes par m\u00e8tre carr\u00e9. Son temps de floraison est relativement court, car \u00e0 partir du changement de photop\u00e9riode, elle est pr\u00eate \u00e0 \u00eatre r\u00e9colt\u00e9e en seulement 50 \u00e0 60 jours. Cette rapidit\u00e9 de floraison en fait une option id\u00e9ale pour les cultivateurs \u00e0 la recherche de r\u00e9coltes fr\u00e9quentes et abondantes.<\/p>\n\n\n\n<p>En ext\u00e9rieur, <strong>Grapefruit<\/strong> montre tout son potentiel, atteignant des productions de 700 \u00e0 900 grammes par plante. Avec l&#8217;espace et les soins appropri\u00e9s, cette plante peut cro\u00eetre jusqu&#8217;\u00e0 devenir un v\u00e9ritable arbre de 3 m\u00e8tres de hauteur, avec de longues branches flexibles qui se rempliront de magnifiques t\u00eates r\u00e9sineuses. La r\u00e9colte en ext\u00e9rieur se fait \u00e0 la mi-octobre, ce qui la rend parfaite pour les zones o\u00f9 le d\u00e9but de l&#8217;automne est sec et avec des temp\u00e9ratures douces, aidant \u00e0 conserver son incroyable ar\u00f4me.<\/p>\n\n\n\n<h2 class=\"wp-block-heading\">Comment Cultiver Grapefruit<\/h2>\n\n\n\n<p>Lorsque nous cultivons <strong>Grapefruit<\/strong>, nous nous retrouvons avec une plante accessible tant pour les d\u00e9butants que pour les cultivateurs exp\u00e9riment\u00e9s. La difficult\u00e9 de culture de cette vari\u00e9t\u00e9 est faible, ce qui signifie qu&#8217;avec un peu d&#8217;attention et de soin, nous pouvons obtenir d&#8217;excellents r\u00e9sultats.<\/p>\n\n\n\n<p>Pour optimiser sa croissance, nous devons nous assurer de fournir un climat chaud et ensoleill\u00e9. <strong>Grapefruit<\/strong> prosp\u00e8re mieux dans des conditions similaires \u00e0 celles de la M\u00e9diterran\u00e9e, avec des temp\u00e9ratures oscillant entre 21\u00b0C et 29\u00b0C. De plus, il est fondamental de maintenir un environnement bien ventil\u00e9, car cette plante pr\u00e9f\u00e8re une humidit\u00e9 mod\u00e9r\u00e9e pour pr\u00e9venir les probl\u00e8mes de moisissure et d&#8217;autres maladies fongiques.<\/p>\n\n\n\n<p>En termes de r\u00e9sistance, <strong>Grapefruit<\/strong> montre une remarquable force contre les ravageurs et les maladies courantes, ce qui en fait une option fiable pour les cultivateurs de tous niveaux. Cependant, il est crucial de rester attentif aux signes de carence en calcium et magn\u00e9sium, car cette plante a une plus grande demande pour ces nutriments sp\u00e9cifiques. Nous recommandons l&#8217;utilisation d&#8217;engrais de haute qualit\u00e9 pour maintenir sa sant\u00e9 et sa vigueur tout au long du cycle de culture.<\/p>\n\n\n\n<div style=\"height:50px\" aria-hidden=\"true\" class=\"wp-block-spacer uag-hide-mob\"><\/div>\n\n\n\n<div class=\"wp-block-columns is-layout-flex wp-container-core-columns-is-layout-28f84493 wp-block-columns-is-layout-flex\">\n<div class=\"wp-block-column is-layout-flow wp-block-column-is-layout-flow\">\n<p class=\"has-text-align-center has-medium-font-size\"><strong>Ce que nous aimons le plus<\/strong><\/p>\n\n\n\n<ul class=\"wp-block-list\">\n<li>Sa saveur douce et tropicale qui rappelle un pamplemousse frais.<\/li>\n\n\n\n<li>Les effets \u00e9nergisants et euphoriques qui \u00e9l\u00e8vent l&#8217;humeur.<\/li>\n\n\n\n<li>La g\u00e9n\u00e9reuse production en int\u00e9rieur comme en ext\u00e9rieur.<\/li>\n\n\n\n<li>La r\u00e9sistance aux ravageurs et aux maladies courantes.<\/li>\n<\/ul>\n<\/div>\n\n\n\n<div class=\"wp-block-column is-layout-flow wp-block-column-is-layout-flow\">\n<p class=\"has-text-align-center has-medium-font-size\"><strong>Ce que nous aimons le moins<\/strong><\/p>\n\n\n\n<ul class=\"wp-block-list\">\n<li>N\u00e9cessite une attention particuli\u00e8re aux niveaux de calcium et magn\u00e9sium.<\/li>\n\n\n\n<li>Peut \u00eatre un peu difficile \u00e0 g\u00e9rer pour les cultivateurs compl\u00e8tement novices.<\/li>\n<\/ul>\n<\/div>\n<\/div>\n\n\n\n<div style=\"height:50px\" aria-hidden=\"true\" class=\"wp-block-spacer uag-hide-mob\"><\/div>\n\n\n\n<h2 class=\"wp-block-heading\">Questions Fr\u00e9quemment Pos\u00e9es<\/h2>\n\n\n\n<p>Nous r\u00e9pondons ci-dessous \u00e0 certaines des questions les plus courantes que se posent les cultivateurs int\u00e9ress\u00e9s par cette vari\u00e9t\u00e9:<\/p>\n\n\n<div id=\"rank-math-faq\" class=\"rank-math-block\">\n<div class=\"rank-math-list \">\n<div id=\"faq-question-1663029074962\" class=\"rank-math-list-item\">\n<h3 class=\"rank-math-question \">Grapefruit est-elle sativa ou indica ?<\/h3>\n<div class=\"rank-math-answer \">\n\n<p>Grapefruit est majoritairement sativa, avec 70% de g\u00e9n\u00e9tique sativa et 30% de g\u00e9n\u00e9tique indica. Les sativas offrent g\u00e9n\u00e9ralement des effets plus \u00e9nergisants et c\u00e9r\u00e9braux, id\u00e9aux pour une consommation diurne, tandis que les indicas procurent une sensation de relaxation corporelle et sont parfaites pour une utilisation nocturne. Grapefruit, avec sa dominance sativa, est connue pour sa capacit\u00e9 \u00e0 \u00e9lever l&#8217;humeur et fournir une \u00e9nergie vibrante.<\/p>\n\n<\/div>\n<\/div>\n<div id=\"faq-question-1663029159933\" class=\"rank-math-list-item\">\n<h3 class=\"rank-math-question \">Quand commence la floraison de Grapefruit ?<\/h3>\n<div class=\"rank-math-answer \">\n\n<p>La floraison de Grapefruit commence entre fin juillet et d\u00e9but ao\u00fbt, selon la latitude de la zone de culture. Cette vari\u00e9t\u00e9 se caract\u00e9rise par un d\u00e9but rapide de la phase de floraison.<\/p>\n\n<\/div>\n<\/div>\n<div id=\"faq-question-1663029165861\" class=\"rank-math-list-item\">\n<h3 class=\"rank-math-question \">Quand r\u00e9colter Grapefruit ?<\/h3>\n<div class=\"rank-math-answer \">\n\n<p>Grapefruit se r\u00e9colte \u00e0 la mi-octobre en ext\u00e9rieur. Sa p\u00e9riode de floraison est relativement courte, permettant aux cultivateurs d&#8217;obtenir une r\u00e9colte abondante avant que les conditions climatiques plus difficiles de l&#8217;automne n&#8217;arrivent.<\/p>\n\n<\/div>\n<\/div>\n<div id=\"faq-question-1666780029954\" class=\"rank-math-list-item\">\n<h3 class=\"rank-math-question \">Comment cultiver Grapefruit ?<\/h3>\n<div class=\"rank-math-answer \">\n\n<p>Grapefruit est une plante tr\u00e8s facile et r\u00e9sistante. En int\u00e9rieur, nous recommandons d&#8217;utiliser des techniques de culture comme le SCROG ou l&#8217;\u00e9t\u00eatage pour contr\u00f4ler sa hauteur en raison de sa dominance sativa. En ext\u00e9rieur, elle a besoin de suffisamment d&#8217;espace pour pousser jusqu&#8217;\u00e0 devenir un arbre de 3 m\u00e8tres. Il est important de pr\u00eater attention aux niveaux de calcium et de magn\u00e9sium en utilisant des engrais de haute qualit\u00e9.<\/p>\n\n<\/div>\n<\/div>\n<div id=\"faq-question-1721640101293\" class=\"rank-math-list-item\">\n<h3 class=\"rank-math-question \">Quel est le go\u00fbt de Grapefruit ?<\/h3>\n<div class=\"rank-math-answer \">\n\n<p>Le go\u00fbt de Grapefruit est l&#8217;une de ses caract\u00e9ristiques les plus remarquables. Elle offre une saveur intense d&#8217;agrumes, similaire au pamplemousse acide, fusionn\u00e9e avec la douceur de l&#8217;ananas m\u00fbr. Ce profil de saveur tropicale est inoubliable et rend chaque bouff\u00e9e une exp\u00e9rience sensorielle unique.<\/p>\n\n<\/div>\n<\/div>\n<div id=\"faq-question-1721640103214\" class=\"rank-math-list-item\">\n<h3 class=\"rank-math-question \">Quelle est la teneur en cannabino\u00efdes de Grapefruit ?<\/h3>\n<div class=\"rank-math-answer \">\n\n<p>Grapefruit a une teneur en THC qui varie entre 15% et 20%, ce qui procure des effets puissants et durables. Sa teneur en CBD est faible, g\u00e9n\u00e9ralement inf\u00e9rieure \u00e0 1%, ce qui assure des effets plus \u00e9nergisants et c\u00e9r\u00e9braux.<\/p>\n\n<\/div>\n<\/div>\n<div id=\"faq-question-1721640104753\" class=\"rank-math-list-item\">\n<h3 class=\"rank-math-question \">Quels sont les effets de Grapefruit ?<\/h3>\n<div class=\"rank-math-answer \">\n\n<p>Les effets de Grapefruit sont tr\u00e8s \u00e9nergisants et euphoriques. Elle procure une explosion d&#8217;\u00e9nergie et de vibrations positives, parfaites pour te garder joyeux et souriant pendant de longues heures. Elle est id\u00e9ale pour ceux qui recherchent un \u00e9lan cr\u00e9atif et une am\u00e9lioration de la concentration.<\/p>\n\n<\/div>\n<\/div>\n<div id=\"faq-question-1721640229623\" class=\"rank-math-list-item\">\n<h3 class=\"rank-math-question \">Quel est le croisement de Grapefruit ?<\/h3>\n<div class=\"rank-math-answer \">\n\n<p>Grapefruit est le r\u00e9sultat du croisement de la c\u00e9l\u00e8bre Cinderella 99 avec une sativa Thai. Cette combinaison g\u00e9n\u00e9tique lui conf\u00e8re son go\u00fbt sucr\u00e9 et tropical caract\u00e9ristique, en plus de ses effets \u00e9nergisants et positifs.<\/p>\n\n<\/div>\n<\/div>\n<\/div>\n<\/div>","protected":false},"excerpt":{"rendered":"<p><b>Grapefruit<\/b> vous offre une saveur tropicale in\u00e9gal\u00e9e et des <strong>effets \u00e9nergisants qui \u00e9l\u00e8vent l&#8217;humeur<\/strong>. Id\u00e9ale pour les cultivateurs de tous niveaux, cette vari\u00e9t\u00e9 garantit des <strong>r\u00e9coltes abondantes<\/strong> et une exp\u00e9rience sensorielle unique. Profitez d&#8217;un \u00e9lan cr\u00e9atif et d&#8217;une euphorie vibrante \u00e0 chaque bouff\u00e9e !<\/p>\n","protected":false},"featured_media":28475,"comment_status":"open","ping_status":"closed","template":"","meta":{"_acf_changed":false,"inline_featured_image":false,"_uag_custom_page_level_css":""},"product_brand":[],"product_cat":[1125,4112],"product_tag":[],"class_list":{"0":"post-10834","1":"product","2":"type-product","3":"status-publish","4":"has-post-thumbnail","6":"product_cat-graines-feminisees-en-gros","7":"product_cat-graines-de-cannabis-a-1-euro","9":"first","10":"instock","11":"sale","12":"taxable","13":"shipping-taxable","14":"purchasable","15":"product-type-simple"},"acf":[],"uagb_featured_image_src":{"full":["https:\/\/bulkgenetics.com\/wp-content\/uploads\/2022\/09\/grapefruit-strain-feminized-cannabis-seeds.jpg",1600,1600,false],"thumbnail":["https:\/\/bulkgenetics.com\/wp-content\/uploads\/2022\/09\/grapefruit-strain-feminized-cannabis-seeds-150x150.jpg",150,150,true],"medium":["https:\/\/bulkgenetics.com\/wp-content\/uploads\/2022\/09\/grapefruit-strain-feminized-cannabis-seeds-300x300.jpg",300,300,true],"medium_large":["https:\/\/bulkgenetics.com\/wp-content\/uploads\/2022\/09\/grapefruit-strain-feminized-cannabis-seeds-768x768.jpg",768,768,true],"large":["https:\/\/bulkgenetics.com\/wp-content\/uploads\/2022\/09\/grapefruit-strain-feminized-cannabis-seeds-1024x1024.jpg",1024,1024,true],"1536x1536":["https:\/\/bulkgenetics.com\/wp-content\/uploads\/2022\/09\/grapefruit-strain-feminized-cannabis-seeds-1536x1536.jpg",1536,1536,true],"2048x2048":["https:\/\/bulkgenetics.com\/wp-content\/uploads\/2022\/09\/grapefruit-strain-feminized-cannabis-seeds.jpg",1600,1600,false],"commercegurus-pdp-large":["https:\/\/bulkgenetics.com\/wp-content\/uploads\/2022\/09\/grapefruit-strain-feminized-cannabis-seeds-990x990.jpg",990,990,true],"commercegurus-plp-mobile":["https:\/\/bulkgenetics.com\/wp-content\/uploads\/2022\/09\/grapefruit-strain-feminized-cannabis-seeds-441x441.jpg",441,441,true],"cgkit_image_swatch":["https:\/\/bulkgenetics.com\/wp-content\/uploads\/2022\/09\/grapefruit-strain-feminized-cannabis-seeds-100x100.jpg",100,100,true],"woocommerce_thumbnail":["https:\/\/bulkgenetics.com\/wp-content\/uploads\/2022\/09\/grapefruit-strain-feminized-cannabis-seeds-300x300.jpg",300,300,true],"woocommerce_single":["https:\/\/bulkgenetics.com\/wp-content\/uploads\/2022\/09\/grapefruit-strain-feminized-cannabis-seeds-800x800.jpg",800,800,true],"woocommerce_gallery_thumbnail":["https:\/\/bulkgenetics.com\/wp-content\/uploads\/2022\/09\/grapefruit-strain-feminized-cannabis-seeds-150x150.jpg",150,150,true],"dgwt-wcas-product-suggestion":["https:\/\/bulkgenetics.com\/wp-content\/uploads\/2022\/09\/grapefruit-strain-feminized-cannabis-seeds-64x64.jpg",64,64,true]},"uagb_author_info":{"display_name":"Bruno Crespo","author_link":"https:\/\/bulkgenetics.com\/fr\/author\/"},"uagb_comment_info":1,"uagb_excerpt":"Grapefruit vous offre une saveur tropicale in\u00e9gal\u00e9e et des effets \u00e9nergisants qui \u00e9l\u00e8vent l'humeur. Id\u00e9ale pour les cultivateurs de tous niveaux, cette vari\u00e9t\u00e9 garantit des r\u00e9coltes abondantes et une exp\u00e9rience sensorielle unique. Profitez d'un \u00e9lan cr\u00e9atif et d'une euphorie vibrante \u00e0 chaque bouff\u00e9e !","_links":{"self":[{"href":"https:\/\/bulkgenetics.com\/fr\/wp-json\/wp\/v2\/product\/10834","targetHints":{"allow":["GET"]}}],"collection":[{"href":"https:\/\/bulkgenetics.com\/fr\/wp-json\/wp\/v2\/product"}],"about":[{"href":"https:\/\/bulkgenetics.com\/fr\/wp-json\/wp\/v2\/types\/product"}],"replies":[{"embeddable":true,"href":"https:\/\/bulkgenetics.com\/fr\/wp-json\/wp\/v2\/comments?post=10834"}],"wp:featuredmedia":[{"embeddable":true,"href":"https:\/\/bulkgenetics.com\/fr\/wp-json\/wp\/v2\/media\/28475"}],"wp:attachment":[{"href":"https:\/\/bulkgenetics.com\/fr\/wp-json\/wp\/v2\/media?parent=10834"}],"wp:term":[{"taxonomy":"product_brand","embeddable":true,"href":"https:\/\/bulkgenetics.com\/fr\/wp-json\/wp\/v2\/product_brand?post=10834"},{"taxonomy":"product_cat","embeddable":true,"href":"https:\/\/bulkgenetics.com\/fr\/wp-json\/wp\/v2\/product_cat?post=10834"},{"taxonomy":"product_tag","embeddable":true,"href":"https:\/\/bulkgenetics.com\/fr\/wp-json\/wp\/v2\/product_tag?post=10834"}],"curies":[{"name":"wp","href":"https:\/\/api.w.org\/{rel}","templated":true}]}}