{"id":10835,"date":"2022-09-30T17:39:47","date_gmt":"2022-09-30T15:39:47","guid":{"rendered":"https:\/\/www.bulkgenetics.com\/gorille-zkittlez\/"},"modified":"2024-10-08T01:14:00","modified_gmt":"2024-10-07T23:14:00","slug":"gorilla-zkittlez","status":"publish","type":"product","link":"https:\/\/bulkgenetics.com\/fr\/gorilla-zkittlez\/","title":{"rendered":"Gorilla Zkittlez"},"content":{"rendered":"\n<p>La <strong>Gorilla Zkittlez<\/strong> est l&#8217;une des vari\u00e9t\u00e9s de cannabis les plus puissantes et excitantes disponibles aujourd&#8217;hui. D\u00e9velopp\u00e9e par les experts de Barney\u2019s Farm, cette strain est le r\u00e9sultat du croisement de deux joyaux de la c\u00f4te ouest des \u00c9tats-Unis : <strong><a href=\"https:\/\/bulkgenetics.com\/fr\/gorilla-glue-4\/\">Gorilla Girl #4<\/a><\/strong> et <strong><a href=\"https:\/\/bulkgenetics.com\/fr\/zkittlez\/\">Zkittlez<\/a><\/strong>. Cette combinaison explosive unit la puissance extr\u00eame de la Gorilla Glue #4, connue pour ses niveaux \u00e9lev\u00e9s de THC pouvant atteindre jusqu&#8217;\u00e0 30%, avec la saveur douce et fruit\u00e9e de la Zkittlez.<\/p>\n\n\n\n<p>Cette vari\u00e9t\u00e9 est un hybride \u00e0 dominance indica qui offre un m\u00e9lange \u00e9quilibr\u00e9 d&#8217;effets relaxants et euphoriques. Elle a \u00e9t\u00e9 con\u00e7ue pour \u00eatre une plante facile \u00e0 cultiver, r\u00e9sistante aux moisissures et capable de tol\u00e9rer des environnements humides mieux que beaucoup d&#8217;autres vari\u00e9t\u00e9s.<\/p>\n\n\n\n<p>En termes de morphologie, la <strong>Gorilla Zkittlez<\/strong> a une structure robuste et r\u00e9sistante, typique d&#8217;un arbre de No\u00ebl, avec de longues et \u00e9paisses branches lat\u00e9rales. En ext\u00e9rieur, sa taille est assez discr\u00e8te, car elle ne d\u00e9passe pas 2,5 m\u00e8tres de hauteur, ce qui la rend parfaite pour ceux qui cherchent \u00e0 garder un profil bas.<\/p>\n\n\n\n<p>Les t\u00eates de cette strain sont tout simplement impressionnantes. Enormes, longues et \u00e9paisses comme des battes de baseball, elles tendent \u00e9galement \u00e0 acqu\u00e9rir de belles nuances orang\u00e9es et violettes. Elles sont \u00e9galement extr\u00eamement r\u00e9sineuses, ce qui les rend id\u00e9ales pour les amateurs d&#8217;extractions.<\/p>\n\n\n\n<h2 class=\"wp-block-heading\">Saveur et Effets<\/h2>\n\n\n\n<p>La saveur et l&#8217;ar\u00f4me de la <strong>Gorilla Zkittlez<\/strong> sont un v\u00e9ritable festin pour les sens. D\u00e8s le premier instant, ses t\u00eates d\u00e9gagent un parfum doux et fruit\u00e9 qui rappelle les bonbons aux fruits tropicaux, avec une touche de chocolat et une note de goudron. En la consommant, tu vas exp\u00e9rimenter une d\u00e9licieuse combinaison de saveurs qui te transportera dans un paradis tropical.<\/p>\n\n\n\n<p>Les effets de la Gorilla Zkittlez sont aussi puissants que son ar\u00f4me. Avec un contenu en <strong>THC variant entre 20% et 25%<\/strong>, cette vari\u00e9t\u00e9 procure une sensation d&#8217;euphorie et de bonheur qui envahit ton corps, te menant \u00e0 un \u00e9tat de relaxation profonde. Ses effets sont parfaits pour ceux qui cherchent \u00e0 soulager le stress et l&#8217;anxi\u00e9t\u00e9, et sa capacit\u00e9 \u00e0 induire le sommeil en fait une excellente option pour traiter l&#8217;insomnie. Malgr\u00e9 sa puissance, son contenu en <strong>CBD est faible, inf\u00e9rieur \u00e0 1%<\/strong>, ce qui la rend id\u00e9ale pour ceux qui recherchent une exp\u00e9rience principalement psychoactive.<\/p>\n\n\n\n<h3 class=\"wp-block-heading\">Terp\u00e8nes de la Gorilla Zkittlez<\/h3>\n\n\n\n<p>La <strong>Gorilla Zkittlez<\/strong> est riche en une vari\u00e9t\u00e9 de terp\u00e8nes qui non seulement contribuent \u00e0 son incroyable ar\u00f4me et saveur, mais amplifient \u00e9galement ses effets. Parmi les terp\u00e8nes les plus remarquables, on trouve :<\/p>\n\n\n\n<ul class=\"wp-block-list\">\n<li><strong>Limon\u00e8ne :<\/strong> Avec son ar\u00f4me d&#8217;agrumes, ce terp\u00e8ne est connu pour ses effets \u00e9nergisants et sa capacit\u00e9 \u00e0 am\u00e9liorer l&#8217;humeur.<\/li>\n\n\n\n<li><strong>B\u00eata-Caryophyll\u00e8ne :<\/strong> Apporte une touche \u00e9pic\u00e9e et poss\u00e8de des propri\u00e9t\u00e9s anti-inflammatoires et analg\u00e9siques.<\/li>\n\n\n\n<li><strong>Linalool :<\/strong> Ce terp\u00e8ne a un ar\u00f4me floral et est connu pour ses effets relaxants et anxiolytiques.<\/li>\n\n\n\n<li><strong>Humul\u00e8ne :<\/strong> Avec son ar\u00f4me terreux et bois\u00e9, ce terp\u00e8ne est reconnu pour ses propri\u00e9t\u00e9s anti-inflammatoires et coupe-faim.<\/li>\n\n\n\n<li><strong>Myrc\u00e8ne :<\/strong> Avec un ar\u00f4me herbac\u00e9, ce terp\u00e8ne a des effets s\u00e9datifs et relaxants, augmentant la capacit\u00e9 de la Gorilla Zkittlez \u00e0 induire le sommeil.<\/li>\n<\/ul>\n\n\n\n<p>La combinaison de ces terp\u00e8nes ne rend pas seulement la Gorilla Zkittlez une exp\u00e9rience sensorielle unique, mais augmente \u00e9galement ses bienfaits th\u00e9rapeutiques, offrant un m\u00e9lange parfait de relaxation et de soulagement du stress.<\/p>\n\n\n\n<h2 class=\"wp-block-heading\">Rendement et Temps de Floraison<\/h2>\n\n\n\n<p>La <strong>Gorilla Zkittlez<\/strong> ne se distingue pas seulement par ses effets puissants et sa saveur d\u00e9licieuse, mais aussi par sa capacit\u00e9 de production impressionnante. En culture int\u00e9rieure, cette vari\u00e9t\u00e9 peut offrir un rendement de <strong>550 \u00e0 650 grammes par m\u00e8tre carr\u00e9<\/strong>, \u00e0 condition de lui fournir un bon \u00e9clairage LED de 300-350 W par m\u00b2. Son temps de floraison en int\u00e9rieur est relativement court, n\u00e9cessitant seulement <strong>8 \u00e0 9 semaines<\/strong> depuis le changement de photop\u00e9riode pour \u00eatre pr\u00eate \u00e0 la r\u00e9colte.<\/p>\n\n\n\n<p>En ext\u00e9rieur, la Gorilla Zkittlez brille \u00e9galement par son rendement. Dans des conditions optimales, cette plante peut produire entre <strong>1300 et 1500 grammes par plante<\/strong>. Sa taille discr\u00e8te ne compromet pas sa capacit\u00e9 de production, et avec un support ad\u00e9quat pour ses branches, elle peut supporter le poids de ses t\u00eates sans probl\u00e8me. Le temps de r\u00e9colte en ext\u00e9rieur se situe g\u00e9n\u00e9ralement entre la <strong>premi\u00e8re et la deuxi\u00e8me semaine d&#8217;octobre<\/strong>, en fonction de la latitude et des conditions climatiques.<\/p>\n\n\n\n<h2 class=\"wp-block-heading\">Comment Cultiver la Gorilla Zkittlez<\/h2>\n\n\n\n<p>La <strong>Gorilla Zkittlez<\/strong> est une vari\u00e9t\u00e9 qui, malgr\u00e9 sa puissance, est \u00e9tonnamment facile \u00e0 cultiver. Elle est id\u00e9ale tant pour les cultivateurs novices que pour ceux ayant plus d&#8217;exp\u00e9rience et recherchant une plante r\u00e9sistante et \u00e0 haut rendement.<\/p>\n\n\n\n<p><strong>Difficult\u00e9 de culture :<\/strong> Cette strain est assez facile \u00e0 g\u00e9rer. Sa r\u00e9sistance aux moisissures et sa capacit\u00e9 \u00e0 tol\u00e9rer des environnements humides la rendent tr\u00e8s adapt\u00e9e \u00e0 diff\u00e9rents environnements de culture.<\/p>\n\n\n\n<p><strong>Climat et conditions de culture adapt\u00e9es :<\/strong> La Gorilla Zkittlez prosp\u00e8re dans les climats temp\u00e9r\u00e9s et chauds. En int\u00e9rieur, il est important de maintenir une bonne ventilation pour \u00e9viter l&#8217;accumulation d&#8217;humidit\u00e9, tandis qu&#8217;en ext\u00e9rieur elle b\u00e9n\u00e9ficiera de nombreuses heures de soleil. Cependant, sa r\u00e9sistance aux conditions humides en fait une option polyvalente.<\/p>\n\n\n\n<p><strong>R\u00e9sistance aux parasites et aux maladies :<\/strong> L&#8217;un des grands avantages de la Gorilla Zkittlez est sa robustesse face aux parasites et aux maladies. Bien qu&#8217;il soit toujours recommand\u00e9 de surveiller r\u00e9guli\u00e8rement les plantes, cette vari\u00e9t\u00e9 montre une r\u00e9sistance notable, facilitant la gestion de la culture.<\/p>\n\n\n\n<div style=\"height:50px\" aria-hidden=\"true\" class=\"wp-block-spacer uag-hide-mob\"><\/div>\n\n\n\n<div class=\"wp-block-columns is-layout-flex wp-container-core-columns-is-layout-28f84493 wp-block-columns-is-layout-flex\">\n<div class=\"wp-block-column is-layout-flow wp-block-column-is-layout-flow\">\n<p class=\"has-text-align-center has-medium-font-size\"><strong>Ce que nous aimons le plus<\/strong><\/p>\n\n\n\n<ul class=\"wp-block-list\">\n<li>Tr\u00e8s r\u00e9sistante aux moisissures.<\/li>\n\n\n\n<li>Rendement XXL.<\/li>\n\n\n\n<li>Saveur douce de bonbons aux fruits tropicaux.<\/li>\n<\/ul>\n<\/div>\n\n\n\n<div class=\"wp-block-column is-layout-flow wp-block-column-is-layout-flow\">\n<p class=\"has-text-align-center has-medium-font-size\"><strong>Ce que nous aimons le moins<\/strong><\/p>\n\n\n\n<ul class=\"wp-block-list\">\n<li>Tr\u00e8s odorante pendant la floraison.<\/li>\n\n\n\n<li>Attention. Effets tr\u00e8s puissants.<\/li>\n<\/ul>\n<\/div>\n<\/div>\n\n\n\n<div style=\"height:50px\" aria-hidden=\"true\" class=\"wp-block-spacer uag-hide-mob\"><\/div>\n\n\n\n<h2 class=\"wp-block-heading\">Questions Fr\u00e9quentes<\/h2>\n\n\n\n<p>Si tu as des questions concernant la culture de cette vari\u00e9t\u00e9 de cannabis f\u00e9minis\u00e9e, tu pourrais les trouver dans cette section de questions fr\u00e9quentes :<\/p>\n\n\n<div id=\"rank-math-faq\" class=\"rank-math-block\">\n<div class=\"rank-math-list \">\n<div id=\"faq-question-1663029074962\" class=\"rank-math-list-item\">\n<h3 class=\"rank-math-question \">Gorilla Zkittlez est-elle sativa ou indica?<\/h3>\n<div class=\"rank-math-answer \">\n\n<p>La <strong>Gorilla Zkittlez<\/strong> est une vari\u00e9t\u00e9 \u00e0 dominance indica, sp\u00e9cifiquement 60% indica et 40% sativa. Les vari\u00e9t\u00e9s indica et sativa ont des diff\u00e9rences cl\u00e9s: les indicas ont tendance \u00e0 fournir des effets relaxants et calmants, id\u00e9ales pour le repos et la relaxation musculaire, tandis que les sativas offrent des effets plus \u00e9nergisants et euphoriques, parfaits pour les activit\u00e9s diurnes.<\/p>\n\n<\/div>\n<\/div>\n<div id=\"faq-question-1663029159933\" class=\"rank-math-list-item\">\n<h3 class=\"rank-math-question \">Quand commence la floraison de la Gorilla Zkittlez?<\/h3>\n<div class=\"rank-math-answer \">\n\n<p>La floraison de la <strong>Gorilla Zkittlez<\/strong> en ext\u00e9rieur commence g\u00e9n\u00e9ralement de fin juillet \u00e0 mi-ao\u00fbt, selon la latitude et les conditions climatiques sp\u00e9cifiques.<\/p>\n\n<\/div>\n<\/div>\n<div id=\"faq-question-1663029165861\" class=\"rank-math-list-item\">\n<h3 class=\"rank-math-question \">Quand r\u00e9colter la Gorilla Zkittlez?<\/h3>\n<div class=\"rank-math-answer \">\n\n<p>La r\u00e9colte de la <strong>Gorilla Zkittlez<\/strong> en ext\u00e9rieur se fait g\u00e9n\u00e9ralement pendant la premi\u00e8re et la deuxi\u00e8me semaine d&#8217;octobre, selon la latitude et les conditions climatiques. En int\u00e9rieur, elle est pr\u00eate \u00e0 \u00eatre r\u00e9colt\u00e9e apr\u00e8s 8 \u00e0 9 semaines de floraison.<\/p>\n\n<\/div>\n<\/div>\n<div id=\"faq-question-1666780029954\" class=\"rank-math-list-item\">\n<h3 class=\"rank-math-question \">Comment cultiver la Gorilla Zkittlez?<\/h3>\n<div class=\"rank-math-answer \">\n\n<p>La <strong>Gorilla Zkittlez<\/strong> est facile \u00e0 cultiver et tr\u00e8s r\u00e9sistante. En ext\u00e9rieur, sa taille est discr\u00e8te, et elle explose en production lorsqu&#8217;elle re\u00e7oit de nombreuses heures de soleil. Il est recommand\u00e9 d&#8217;utiliser des supports pour les branches en raison du poids des t\u00eates. En int\u00e9rieur, elle ne s&#8217;\u00e9tire pas excessivement une fois la floraison commenc\u00e9e et s&#8217;adapte bien \u00e0 diverses techniques de culture.<\/p>\n\n<\/div>\n<\/div>\n<div id=\"faq-question-1721636763484\" class=\"rank-math-list-item\">\n<h3 class=\"rank-math-question \">Quel est le contenu en cannabino\u00efdes de la Gorilla Zkittlez?<\/h3>\n<div class=\"rank-math-answer \">\n\n<p>La <strong>Gorilla Zkittlez<\/strong> a un contenu en <strong>THC qui varie entre 20% et 25%<\/strong>, offrant des effets puissants et durables. Son contenu en <strong>CBD est faible, inf\u00e9rieur \u00e0 1%<\/strong>, ce qui la rend parfaite pour ceux qui recherchent une exp\u00e9rience principalement psychoactive.<\/p>\n\n<\/div>\n<\/div>\n<div id=\"faq-question-1721636782793\" class=\"rank-math-list-item\">\n<h3 class=\"rank-math-question \">Quel est le go\u00fbt de la Gorilla Zkittlez?<\/h3>\n<div class=\"rank-math-answer \">\n\n<p>Le go\u00fbt de la <strong>Gorilla Zkittlez<\/strong> est un d\u00e9licieux m\u00e9lange de fruits tropicaux, de chocolat et une touche de goudron. Cette combinaison douce et fruit\u00e9e est irr\u00e9sistible et fera plaisir \u00e0 tes sens \u00e0 chaque bouff\u00e9e.<\/p>\n\n<\/div>\n<\/div>\n<div id=\"faq-question-1721636814463\" class=\"rank-math-list-item\">\n<h3 class=\"rank-math-question \">Quel est le croisement de la Gorilla Zkittlez?<\/h3>\n<div class=\"rank-math-answer \">\n\n<p>La <strong>Gorilla Zkittlez<\/strong> est le r\u00e9sultat du croisement entre deux vari\u00e9t\u00e9s embl\u00e9matiques: <strong>Gorilla Glue #4<\/strong> et <strong>Zkittlez<\/strong>. Cette combinaison apporte le meilleur des deux mondes, avec une puissance incroyable et une saveur in\u00e9gal\u00e9e.<\/p>\n\n<\/div>\n<\/div>\n<div id=\"faq-question-1721636824600\" class=\"rank-math-list-item\">\n<h3 class=\"rank-math-question \">Quels sont les effets de la Gorilla Zkittlez?<\/h3>\n<div class=\"rank-math-answer \">\n\n<p>Les effets de la <strong>Gorilla Zkittlez<\/strong> incluent une sensation d&#8217;euphorie et de bonheur qui envahit ton corps, te menant \u00e0 un \u00e9tat de relaxation profonde. Elle est parfaite pour soulager le stress et l&#8217;anxi\u00e9t\u00e9, et sa capacit\u00e9 \u00e0 induire le sommeil en fait une excellente option pour traiter l&#8217;insomnie.<\/p>\n\n<\/div>\n<\/div>\n<\/div>\n<\/div>","protected":false},"excerpt":{"rendered":"<p><b>Gorilla Zkittlez<\/b> combine une puissance extr\u00eame avec une <strong>saveur douce et fruit\u00e9e<\/strong> irr\u00e9sistible. Id\u00e9ale pour soulager le stress et l&#8217;anxi\u00e9t\u00e9, et parfaite pour une relaxation profonde. Facile \u00e0 cultiver et tr\u00e8s r\u00e9sistante, cette vari\u00e9t\u00e9 offre une <strong>production XXL<\/strong> et des effets qui te m\u00e8neront \u00e0 un \u00e9tat de bonheur absolu.<\/p>\n","protected":false},"featured_media":11585,"comment_status":"open","ping_status":"closed","template":"","meta":{"_acf_changed":false,"inline_featured_image":false,"_uag_custom_page_level_css":""},"product_brand":[],"product_cat":[1125],"product_tag":[],"class_list":{"0":"post-10835","1":"product","2":"type-product","3":"status-publish","4":"has-post-thumbnail","6":"product_cat-graines-feminisees-en-gros","8":"first","9":"outofstock","10":"taxable","11":"shipping-taxable","12":"purchasable","13":"product-type-simple"},"acf":[],"uagb_featured_image_src":{"full":["https:\/\/bulkgenetics.com\/wp-content\/uploads\/2022\/09\/gorilla-zkittlez.jpg",1600,1600,false],"thumbnail":["https:\/\/bulkgenetics.com\/wp-content\/uploads\/2022\/09\/gorilla-zkittlez-150x150.jpg",150,150,true],"medium":["https:\/\/bulkgenetics.com\/wp-content\/uploads\/2022\/09\/gorilla-zkittlez-300x300.jpg",300,300,true],"medium_large":["https:\/\/bulkgenetics.com\/wp-content\/uploads\/2022\/09\/gorilla-zkittlez-768x768.jpg",768,768,true],"large":["https:\/\/bulkgenetics.com\/wp-content\/uploads\/2022\/09\/gorilla-zkittlez-1024x1024.jpg",1024,1024,true],"1536x1536":["https:\/\/bulkgenetics.com\/wp-content\/uploads\/2022\/09\/gorilla-zkittlez-1536x1536.jpg",1536,1536,true],"2048x2048":["https:\/\/bulkgenetics.com\/wp-content\/uploads\/2022\/09\/gorilla-zkittlez.jpg",1600,1600,false],"commercegurus-pdp-large":["https:\/\/bulkgenetics.com\/wp-content\/uploads\/2022\/09\/gorilla-zkittlez-990x990.jpg",990,990,true],"commercegurus-plp-mobile":["https:\/\/bulkgenetics.com\/wp-content\/uploads\/2022\/09\/gorilla-zkittlez-441x441.jpg",441,441,true],"cgkit_image_swatch":["https:\/\/bulkgenetics.com\/wp-content\/uploads\/2022\/09\/gorilla-zkittlez-100x100.jpg",100,100,true],"woocommerce_thumbnail":["https:\/\/bulkgenetics.com\/wp-content\/uploads\/2022\/09\/gorilla-zkittlez-300x300.jpg",300,300,true],"woocommerce_single":["https:\/\/bulkgenetics.com\/wp-content\/uploads\/2022\/09\/gorilla-zkittlez-800x800.jpg",800,800,true],"woocommerce_gallery_thumbnail":["https:\/\/bulkgenetics.com\/wp-content\/uploads\/2022\/09\/gorilla-zkittlez-150x150.jpg",150,150,true],"dgwt-wcas-product-suggestion":["https:\/\/bulkgenetics.com\/wp-content\/uploads\/2022\/09\/gorilla-zkittlez-64x64.jpg",64,64,true]},"uagb_author_info":{"display_name":"Bruno Crespo","author_link":"https:\/\/bulkgenetics.com\/fr\/author\/"},"uagb_comment_info":0,"uagb_excerpt":"Gorilla Zkittlez combine une puissance extr\u00eame avec une saveur douce et fruit\u00e9e irr\u00e9sistible. Id\u00e9ale pour soulager le stress et l'anxi\u00e9t\u00e9, et parfaite pour une relaxation profonde. Facile \u00e0 cultiver et tr\u00e8s r\u00e9sistante, cette vari\u00e9t\u00e9 offre une production XXL et des effets qui te m\u00e8neront \u00e0 un \u00e9tat de bonheur absolu.","_links":{"self":[{"href":"https:\/\/bulkgenetics.com\/fr\/wp-json\/wp\/v2\/product\/10835","targetHints":{"allow":["GET"]}}],"collection":[{"href":"https:\/\/bulkgenetics.com\/fr\/wp-json\/wp\/v2\/product"}],"about":[{"href":"https:\/\/bulkgenetics.com\/fr\/wp-json\/wp\/v2\/types\/product"}],"replies":[{"embeddable":true,"href":"https:\/\/bulkgenetics.com\/fr\/wp-json\/wp\/v2\/comments?post=10835"}],"wp:featuredmedia":[{"embeddable":true,"href":"https:\/\/bulkgenetics.com\/fr\/wp-json\/wp\/v2\/media\/11585"}],"wp:attachment":[{"href":"https:\/\/bulkgenetics.com\/fr\/wp-json\/wp\/v2\/media?parent=10835"}],"wp:term":[{"taxonomy":"product_brand","embeddable":true,"href":"https:\/\/bulkgenetics.com\/fr\/wp-json\/wp\/v2\/product_brand?post=10835"},{"taxonomy":"product_cat","embeddable":true,"href":"https:\/\/bulkgenetics.com\/fr\/wp-json\/wp\/v2\/product_cat?post=10835"},{"taxonomy":"product_tag","embeddable":true,"href":"https:\/\/bulkgenetics.com\/fr\/wp-json\/wp\/v2\/product_tag?post=10835"}],"curies":[{"name":"wp","href":"https:\/\/api.w.org\/{rel}","templated":true}]}}