{"id":10837,"date":"2022-09-30T17:10:24","date_gmt":"2022-09-30T15:10:24","guid":{"rendered":"https:\/\/www.bulkgenetics.com\/super-silver-haze\/"},"modified":"2024-10-08T01:14:05","modified_gmt":"2024-10-07T23:14:05","slug":"super-silver-haze","status":"publish","type":"product","link":"https:\/\/bulkgenetics.com\/fr\/super-silver-haze\/","title":{"rendered":"Super Silver Haze"},"content":{"rendered":"\n<p><strong>Super Silver Haze<\/strong> est une strain l\u00e9gendaire dans le monde du cannabis. Cr\u00e9\u00e9e \u00e0 la fin des ann\u00e9es 90, elle est le r\u00e9sultat d&#8217;un croisement m\u00e9ticuleux entre trois strains embl\u00e9matiques : <strong><a href=\"https:\/\/bulkgenetics.com\/fr\/skunk-1\/\">Skunk<\/a><\/strong>, <strong><a href=\"https:\/\/bulkgenetics.com\/fr\/northern-lights\/\">Northern Lights<\/a><\/strong> et <strong>Haze<\/strong>. Cette combinaison explosive a donn\u00e9 naissance \u00e0 une g\u00e9n\u00e9tique majoritairement sativa, connue pour ses effets \u00e9nerg\u00e9tiques et cr\u00e9atifs. Super Silver Haze a remport\u00e9 de nombreux prix, y compris la prestigieuse High Times Cannabis Cup en 1997, 1998 et 1999, ce qui la consolide comme l&#8217;une des meilleures strains de cannabis de tous les temps.<\/p>\n\n\n\n<p><strong>Super Silver Haze<\/strong> se distingue par sa structure robuste et sa hauteur imposante. Cette plante peut atteindre jusqu&#8217;\u00e0 3,5 m\u00e8tres en ext\u00e9rieur, d\u00e9veloppant une forme similaire \u00e0 celle d&#8217;un sapin avec de longues branches \u00e9paisses. Ses t\u00eates sont de taille colossale, grandes et dures comme des poings, d&#8217;un vert vibrant, orn\u00e9es de pistils orang\u00e9s et d&#8217;une couche de r\u00e9sine brillante qui leur donne un aspect presque c\u00e9leste, comme si elles \u00e9taient saupoudr\u00e9es de poussi\u00e8re d&#8217;\u00e9toiles.<\/p>\n\n\n\n<h2 class=\"wp-block-heading\">Saveur et Effets<\/h2>\n\n\n\n<p>La saveur de <strong>Super Silver Haze<\/strong> est une symphonie de notes classiques et contemporaines. D\u00e8s la premi\u00e8re inhalation, on appr\u00e9cie des touches claires de <strong>citrus<\/strong> qui se m\u00e9langent \u00e0 des nuances <strong>herbac\u00e9es<\/strong> et <strong>\u00e9pic\u00e9es<\/strong>, offrant une exp\u00e9rience gustative qui rappelle l&#8217;ancienne \u00e9cole hollandaise. Les touches <strong>skunky<\/strong> ajoutent de la profondeur et du caract\u00e8re, faisant de chaque bouff\u00e9e un plaisir complexe et d\u00e9licieux.<\/p>\n\n\n\n<p>L&#8217;ar\u00f4me est tout aussi impressionnant, avec un parfum qui combine la fra\u00eecheur des agrumes avec l&#8217;intensit\u00e9 des \u00e9pices et des herbes fra\u00eeches. Ce profil aromatique ne ravit pas seulement les sens, mais pr\u00e9pare \u00e9galement le terrain pour les effets puissants \u00e0 venir.<\/p>\n\n\n\n<p>Avec une teneur en <strong>THC<\/strong> allant de 20% \u00e0 25%, <strong>Super Silver Haze<\/strong> est une strain de cannabis extr\u00eamement puissante. Sa faible teneur en <strong>CBD<\/strong>, inf\u00e9rieure \u00e0 1%, assure que les effets psychoactifs sont les protagonistes. Apr\u00e8s quelques bouff\u00e9es, une intense vague d&#8217;excitation et d&#8217;\u00e9nergie parcourra votre corps, vous procurant des sensations stimulantes et cr\u00e9atives. Elle est id\u00e9ale pour les moments o\u00f9 vous avez besoin d&#8217;un coup de pouce d&#8217;inspiration et de vitalit\u00e9.<\/p>\n\n\n\n<h3 class=\"wp-block-heading\">Terp\u00e8nes de Super Silver Haze<\/h3>\n\n\n\n<p>Les terp\u00e8nes de <strong>Super Silver Haze<\/strong> jouent un r\u00f4le crucial dans son profil aromatique et dans les effets qu&#8217;elle produit. Parmi les principaux terp\u00e8nes que l&#8217;on trouve dans cette strain, on retrouve :<\/p>\n\n\n\n<ul class=\"wp-block-list\">\n<li><strong>Beta-Caryophyll\u00e8ne<\/strong> : Avec un ar\u00f4me \u00e9pic\u00e9 et poivr\u00e9, ce terp\u00e8ne est connu pour ses propri\u00e9t\u00e9s anti-inflammatoires et analg\u00e9siques, utile pour soulager la douleur et l&#8217;arthrite.<\/li>\n\n\n\n<li><strong>Limon\u00e8ne<\/strong> : Ce terp\u00e8ne apporte un ar\u00f4me citronn\u00e9 rafra\u00eechissant et a des effets anxiolytiques et antid\u00e9presseurs, aidant \u00e0 am\u00e9liorer l&#8217;humeur.<\/li>\n\n\n\n<li><strong>Linalool<\/strong> : Avec son parfum floral et de lavande, le linalool est connu pour ses propri\u00e9t\u00e9s s\u00e9datives et relaxantes, id\u00e9ales pour combattre l&#8217;insomnie.<\/li>\n\n\n\n<li><strong>Myrc\u00e8ne<\/strong> : Ce terp\u00e8ne a un ar\u00f4me terreux et musqu\u00e9, et est reconnu pour ses effets s\u00e9datifs et sa capacit\u00e9 \u00e0 augmenter la perm\u00e9abilit\u00e9 cellulaire, augmentant les effets des autres cannabino\u00efdes.<\/li>\n<\/ul>\n\n\n\n<p>Gr\u00e2ce \u00e0 cette riche combinaison de terp\u00e8nes, <strong>Super Silver Haze<\/strong> ne fournit pas seulement une exp\u00e9rience sensorielle unique, mais offre \u00e9galement de nombreux avantages th\u00e9rapeutiques, allant du soulagement du stress et de l&#8217;anxi\u00e9t\u00e9 \u00e0 l&#8217;am\u00e9lioration du sommeil et \u00e0 la r\u00e9duction de la douleur.<\/p>\n\n\n\n<h2 class=\"wp-block-heading\">Rendement et Temps de Floraison<\/h2>\n\n\n\n<p><strong>Super Silver Haze<\/strong> se distingue non seulement par sa qualit\u00e9, mais aussi par son rendement impressionnant et ses temps de culture efficaces. Cette strain est un choix populaire parmi les cultivateurs en raison de sa capacit\u00e9 \u00e0 produire de grandes r\u00e9coltes tant en int\u00e9rieur qu&#8217;en ext\u00e9rieur.<\/p>\n\n\n\n<p><strong>Rendement en int\u00e9rieur :<\/strong> Lorsque cultiv\u00e9e en int\u00e9rieur, la <strong>Super Silver Haze<\/strong> peut produire entre <strong>500 et 600 grammes par m\u00e8tre carr\u00e9<\/strong>, \u00e0 condition d&#8217;utiliser des m\u00e9thodes de culture optimis\u00e9es comme le SCROG (Screen of Green). Sa structure robuste et la densit\u00e9 de ses t\u00eates assurent un rendement g\u00e9n\u00e9reux, pouvant atteindre 600 grammes par m\u00e8tre carr\u00e9 dans des conditions de culture optimales et avec une lampe LED de 300-350 W.<\/p>\n\n\n\n<p><strong>Rendement en ext\u00e9rieur :<\/strong> En ext\u00e9rieur, cette strain peut atteindre des rendements impressionnants allant jusqu&#8217;\u00e0 <strong>1500 grammes par plante<\/strong>. Sous un climat favorable, la plante peut atteindre une hauteur impressionnante de 3,5 m\u00e8tres, d\u00e9veloppant une structure typique de sapin avec des branches longues et \u00e9paisses. La g\u00e9n\u00e9rosit\u00e9 de son rendement et la qualit\u00e9 de ses t\u00eates font que cela vaut la peine de la cultiver en plein air.<\/p>\n\n\n\n<p><strong>Temps de floraison en int\u00e9rieur :<\/strong> Dans un environnement contr\u00f4l\u00e9, la <strong>Super Silver Haze<\/strong> a un temps de floraison de <strong>10 \u00e0 11 semaines<\/strong>. D\u00e8s le changement de photop\u00e9riode \u00e0 floraison, la plante d\u00e9veloppe ses t\u00eates de mani\u00e8re constante et rapide, permettant aux cultivateurs d&#8217;obtenir plusieurs r\u00e9coltes par an. Il est recommand\u00e9 d&#8217;installer un bon filtre \u00e0 charbon pendant cette phase en raison de l&#8217;intensit\u00e9 de ses odeurs.<\/p>\n\n\n\n<p><strong>Temps de floraison en ext\u00e9rieur :<\/strong> En ext\u00e9rieur, la <strong>Super Silver Haze<\/strong> sera pr\u00eate pour la r\u00e9colte \u00e0 <strong>mi-octobre ou fin octobre.<\/strong> Ce temps de floraison moyen la rend moins adapt\u00e9e aux zones avec des \u00e9t\u00e9s courts, mais dans les r\u00e9gions avec un climat ensoleill\u00e9 et temp\u00e9r\u00e9, la plante prosp\u00e9rera et offrira des r\u00e9coltes abondantes et de haute qualit\u00e9.<\/p>\n\n\n\n<h2 class=\"wp-block-heading\">Comment Cultiver Super Silver Haze<\/h2>\n\n\n\n<p>La culture de <strong>Super Silver Haze<\/strong> est une exp\u00e9rience gratifiante tant pour les cultivateurs novices que pour les plus exp\u00e9riment\u00e9s. Voici quelques conseils cl\u00e9s pour tirer le meilleur parti de cette merveilleuse strain.<\/p>\n\n\n\n<p><strong>Difficult\u00e9 de Culture :<\/strong> La <strong>Super Silver Haze<\/strong> est relativement facile \u00e0 cultiver, ce qui en fait un excellent choix pour les d\u00e9butants. Sa robustesse et sa r\u00e9sistance en font une plante indulgente, capable de tol\u00e9rer les erreurs courantes des cultivateurs moins exp\u00e9riment\u00e9s. Cependant, comme pour toute plante, elle n\u00e9cessite de l&#8217;attention et des soins pour assurer une croissance optimale.<\/p>\n\n\n\n<p><strong>Climat et Conditions de Culture :<\/strong> Cette strain prosp\u00e8re dans les climats chauds et ensoleill\u00e9s. Pour la culture en int\u00e9rieur, nous recommandons de maintenir les temp\u00e9ratures diurnes entre 20\u00b0C et 27\u00b0C, et les temp\u00e9ratures nocturnes entre 15\u00b0C et 21\u00b0C. L&#8217;humidit\u00e9 relative doit \u00eatre d&#8217;environ 55%-60% pendant la phase v\u00e9g\u00e9tative et r\u00e9duite \u00e0 40% pendant la phase de floraison. Au moment de la r\u00e9colte, il est id\u00e9al de r\u00e9duire l&#8217;humidit\u00e9 relative \u00e0 30% pour pr\u00e9venir les probl\u00e8mes de moisissure et maximiser la production de r\u00e9sine.<\/p>\n\n\n\n<p><strong>R\u00e9sistance aux Parasites et Maladies :<\/strong> La <strong>Super Silver Haze<\/strong> est connue pour sa haute r\u00e9sistance aux parasites et aux maladies, ce qui r\u00e9duit la n\u00e9cessit\u00e9 de traitements intensifs. Cependant, il est toujours recommand\u00e9 de surveiller r\u00e9guli\u00e8rement les plantes et de maintenir un environnement propre pour pr\u00e9venir toute infestation possible.<\/p>\n\n\n\n<div style=\"height:50px\" aria-hidden=\"true\" class=\"wp-block-spacer uag-hide-mob\"><\/div>\n\n\n\n<div class=\"wp-block-columns is-layout-flex wp-container-core-columns-is-layout-28f84493 wp-block-columns-is-layout-flex\">\n<div class=\"wp-block-column is-layout-flow wp-block-column-is-layout-flow\">\n<p class=\"has-text-align-center has-medium-font-size\"><strong>Ce que nous aimons le plus<\/strong><\/p>\n\n\n\n<ul class=\"wp-block-list\">\n<li>Haute r\u00e9sistance aux parasites et aux maladies.<\/li>\n\n\n\n<li>Profil de saveur et d&#8217;ar\u00f4me exceptionnel, avec des notes citronn\u00e9es et herbac\u00e9es.<\/li>\n\n\n\n<li>Effets \u00e9nergisants et cr\u00e9atifs, parfaits pour une utilisation diurne.<\/li>\n\n\n\n<li>Rendement \u00e9lev\u00e9 tant en int\u00e9rieur qu&#8217;en ext\u00e9rieur.<\/li>\n\n\n\n<li>Facilit\u00e9 de culture, id\u00e9ale pour les d\u00e9butants.<\/li>\n<\/ul>\n<\/div>\n\n\n\n<div class=\"wp-block-column is-layout-flow wp-block-column-is-layout-flow\">\n<p class=\"has-text-align-center has-medium-font-size\"><strong>Ce que nous aimons le moins<\/strong><\/p>\n\n\n\n<ul class=\"wp-block-list\">\n<li>Peut n\u00e9cessiter des techniques de culture avanc\u00e9es pour maximiser le rendement.<\/li>\n\n\n\n<li>Les plantes peuvent atteindre une hauteur consid\u00e9rable, ce qui peut \u00eatre un d\u00e9fi dans les espaces limit\u00e9s.<\/li>\n\n\n\n<li>Odeur tr\u00e8s intense pendant la phase de floraison, n\u00e9cessite une bonne filtration.<\/li>\n<\/ul>\n<\/div>\n<\/div>\n\n\n\n<div style=\"height:50px\" aria-hidden=\"true\" class=\"wp-block-spacer uag-hide-mob\"><\/div>\n\n\n\n<h2 class=\"wp-block-heading\">Questions Fr\u00e9quemment Pos\u00e9es<\/h2>\n\n\n\n<p>Voici les r\u00e9ponses aux questions les plus courantes que nous posent les cultivateurs int\u00e9ress\u00e9s par ces graines bon march\u00e9 :<\/p>\n\n\n<div id=\"rank-math-faq\" class=\"rank-math-block\">\n<div class=\"rank-math-list \">\n<div id=\"faq-question-1663029074962\" class=\"rank-math-list-item\">\n<h3 class=\"rank-math-question \">Quand commence la floraison de Super Silver Haze en ext\u00e9rieur ?<\/h3>\n<div class=\"rank-math-answer \">\n\n<p>La floraison de <strong>Super Silver Haze<\/strong> en ext\u00e9rieur commence au cours des deux premi\u00e8res semaines du mois d&#8217;ao\u00fbt. Pendant cette p\u00e9riode, il est crucial de maintenir un bon r\u00e9gime d&#8217;arrosage et de nutrition pour s&#8217;assurer que la plante d\u00e9veloppe ses t\u00eates de mani\u00e8re optimale.<\/p>\n\n<\/div>\n<\/div>\n<div id=\"faq-question-1663029159933\" class=\"rank-math-list-item\">\n<h3 class=\"rank-math-question \">Quand r\u00e9colter une Super Silver Haze en ext\u00e9rieur ?<\/h3>\n<div class=\"rank-math-answer \">\n\n<p>La <strong>Super Silver Haze<\/strong> a un temps de floraison moyen et est pr\u00eate pour la r\u00e9colte lors des deux derni\u00e8res semaines d&#8217;octobre. Il est important de planifier la culture en tenant compte de ce temps de r\u00e9colte pour maximiser la production et la qualit\u00e9 des t\u00eates.<\/p>\n\n<\/div>\n<\/div>\n<div id=\"faq-question-1663029165861\" class=\"rank-math-list-item\">\n<h3 class=\"rank-math-question \">Comment cultiver une Super Silver Haze f\u00e9minis\u00e9e ?<\/h3>\n<div class=\"rank-math-answer \">\n\n<p>C&#8217;est une plante tr\u00e8s facile \u00e0 cultiver et r\u00e9sistante. Dans de bonnes conditions, elle peut atteindre jusqu&#8217;\u00e0 3,5 m\u00e8tres de hauteur en ext\u00e9rieur. En int\u00e9rieur, nous recommandons d&#8217;utiliser des techniques de taille pr\u00e9coce et des m\u00e9thodes de culture comme SCROG ou SOG pour contr\u00f4ler sa taille et maximiser son rendement.<\/p>\n\n<\/div>\n<\/div>\n<div id=\"faq-question-1666780029954\" class=\"rank-math-list-item\">\n<h3 class=\"rank-math-question \">Quels sont les effets de Super Silver Haze en vrac ?<\/h3>\n<div class=\"rank-math-answer \">\n\n<p>Les effets de la <strong>Super Silver Haze<\/strong> sont tr\u00e8s puissants et \u00e9nergisants. Apr\u00e8s quelques bouff\u00e9es, vous ressentirez une intense vague d&#8217;excitation et de cr\u00e9ativit\u00e9. C&#8217;est une vari\u00e9t\u00e9 id\u00e9ale \u00e0 consommer pendant la journ\u00e9e, car elle vous maintiendra actif et concentr\u00e9 sans causer une sensation de lourdeur. Avec une teneur en THC comprise entre 20% et 25%, ses effets sont durables et hautement stimulants.<\/p>\n\n<\/div>\n<\/div>\n<div id=\"faq-question-1720706748124\" class=\"rank-math-list-item\">\n<h3 class=\"rank-math-question \">Super Silver Haze est-elle sativa ou indica ?<\/h3>\n<div class=\"rank-math-answer \">\n\n<p><strong>Super Silver Haze<\/strong> est majoritairement sativa, avec 80% de g\u00e9n\u00e9tique sativa et 20% de g\u00e9n\u00e9tique indica. Les sativas sont connues pour leurs effets \u00e9nergisants et stimulants, parfaits pour une utilisation diurne et pour des activit\u00e9s n\u00e9cessitant cr\u00e9ativit\u00e9 et concentration. Les indicas, en revanche, ont tendance \u00e0 avoir des effets plus relaxants et s\u00e9datifs, id\u00e9ales pour une utilisation nocturne et pour soulager la douleur et l&#8217;insomnie. La <strong>Super Silver Haze<\/strong> combine le meilleur des deux mondes, offrant une mont\u00e9e c\u00e9r\u00e9brale active et euphorique, accompagn\u00e9e d&#8217;une l\u00e9g\u00e8re relaxation corporelle qui ne vous clouera pas au canap\u00e9.<\/p>\n\n<\/div>\n<\/div>\n<\/div>\n<\/div>","protected":false},"excerpt":{"rendered":"<p><b>Super Silver Haze<\/b> ist die perfekte Wahl f\u00fcr diejenigen, die nach einer <strong>hochergiebigen und leicht anzubauenden<\/strong> Marihuana-Sorte suchen. Genie\u00dfe <strong>energische und kreative<\/strong> Effekte mit einem k\u00f6stlichen und klassischen Geschmack. Ideal f\u00fcr Z\u00fcchter aller Erfahrungsstufen, die reichliche Ernten und eine <strong>unvergleichliche sensorische Erfahrung<\/strong> w\u00fcnschen.<\/p>\n","protected":false},"featured_media":26200,"comment_status":"open","ping_status":"closed","template":"","meta":{"_acf_changed":false,"inline_featured_image":false,"_uag_custom_page_level_css":""},"product_brand":[],"product_cat":[1125,4112],"product_tag":[],"class_list":{"0":"post-10837","1":"product","2":"type-product","3":"status-publish","4":"has-post-thumbnail","6":"product_cat-graines-feminisees-en-gros","7":"product_cat-graines-de-cannabis-a-1-euro","9":"first","10":"instock","11":"sale","12":"taxable","13":"shipping-taxable","14":"purchasable","15":"product-type-simple"},"acf":[],"uagb_featured_image_src":{"full":["https:\/\/bulkgenetics.com\/wp-content\/uploads\/2022\/09\/super-silver-haze-strain-feminized-cannabis-seeds.jpg",1600,1600,false],"thumbnail":["https:\/\/bulkgenetics.com\/wp-content\/uploads\/2022\/09\/super-silver-haze-strain-feminized-cannabis-seeds-150x150.jpg",150,150,true],"medium":["https:\/\/bulkgenetics.com\/wp-content\/uploads\/2022\/09\/super-silver-haze-strain-feminized-cannabis-seeds-300x300.jpg",300,300,true],"medium_large":["https:\/\/bulkgenetics.com\/wp-content\/uploads\/2022\/09\/super-silver-haze-strain-feminized-cannabis-seeds-768x768.jpg",768,768,true],"large":["https:\/\/bulkgenetics.com\/wp-content\/uploads\/2022\/09\/super-silver-haze-strain-feminized-cannabis-seeds-1024x1024.jpg",1024,1024,true],"1536x1536":["https:\/\/bulkgenetics.com\/wp-content\/uploads\/2022\/09\/super-silver-haze-strain-feminized-cannabis-seeds-1536x1536.jpg",1536,1536,true],"2048x2048":["https:\/\/bulkgenetics.com\/wp-content\/uploads\/2022\/09\/super-silver-haze-strain-feminized-cannabis-seeds.jpg",1600,1600,false],"commercegurus-pdp-large":["https:\/\/bulkgenetics.com\/wp-content\/uploads\/2022\/09\/super-silver-haze-strain-feminized-cannabis-seeds-990x990.jpg",990,990,true],"commercegurus-plp-mobile":["https:\/\/bulkgenetics.com\/wp-content\/uploads\/2022\/09\/super-silver-haze-strain-feminized-cannabis-seeds-441x441.jpg",441,441,true],"cgkit_image_swatch":["https:\/\/bulkgenetics.com\/wp-content\/uploads\/2022\/09\/super-silver-haze-strain-feminized-cannabis-seeds-100x100.jpg",100,100,true],"woocommerce_thumbnail":["https:\/\/bulkgenetics.com\/wp-content\/uploads\/2022\/09\/super-silver-haze-strain-feminized-cannabis-seeds-300x300.jpg",300,300,true],"woocommerce_single":["https:\/\/bulkgenetics.com\/wp-content\/uploads\/2022\/09\/super-silver-haze-strain-feminized-cannabis-seeds-800x800.jpg",800,800,true],"woocommerce_gallery_thumbnail":["https:\/\/bulkgenetics.com\/wp-content\/uploads\/2022\/09\/super-silver-haze-strain-feminized-cannabis-seeds-150x150.jpg",150,150,true],"dgwt-wcas-product-suggestion":["https:\/\/bulkgenetics.com\/wp-content\/uploads\/2022\/09\/super-silver-haze-strain-feminized-cannabis-seeds-64x64.jpg",64,64,true]},"uagb_author_info":{"display_name":"Bruno Crespo","author_link":"https:\/\/bulkgenetics.com\/fr\/author\/"},"uagb_comment_info":0,"uagb_excerpt":"Super Silver Haze ist die perfekte Wahl f\u00fcr diejenigen, die nach einer hochergiebigen und leicht anzubauenden Marihuana-Sorte suchen. Genie\u00dfe energische und kreative Effekte mit einem k\u00f6stlichen und klassischen Geschmack. Ideal f\u00fcr Z\u00fcchter aller Erfahrungsstufen, die reichliche Ernten und eine unvergleichliche sensorische Erfahrung w\u00fcnschen.","_links":{"self":[{"href":"https:\/\/bulkgenetics.com\/fr\/wp-json\/wp\/v2\/product\/10837","targetHints":{"allow":["GET"]}}],"collection":[{"href":"https:\/\/bulkgenetics.com\/fr\/wp-json\/wp\/v2\/product"}],"about":[{"href":"https:\/\/bulkgenetics.com\/fr\/wp-json\/wp\/v2\/types\/product"}],"replies":[{"embeddable":true,"href":"https:\/\/bulkgenetics.com\/fr\/wp-json\/wp\/v2\/comments?post=10837"}],"wp:featuredmedia":[{"embeddable":true,"href":"https:\/\/bulkgenetics.com\/fr\/wp-json\/wp\/v2\/media\/26200"}],"wp:attachment":[{"href":"https:\/\/bulkgenetics.com\/fr\/wp-json\/wp\/v2\/media?parent=10837"}],"wp:term":[{"taxonomy":"product_brand","embeddable":true,"href":"https:\/\/bulkgenetics.com\/fr\/wp-json\/wp\/v2\/product_brand?post=10837"},{"taxonomy":"product_cat","embeddable":true,"href":"https:\/\/bulkgenetics.com\/fr\/wp-json\/wp\/v2\/product_cat?post=10837"},{"taxonomy":"product_tag","embeddable":true,"href":"https:\/\/bulkgenetics.com\/fr\/wp-json\/wp\/v2\/product_tag?post=10837"}],"curies":[{"name":"wp","href":"https:\/\/api.w.org\/{rel}","templated":true}]}}