{"id":10840,"date":"2022-09-30T17:21:49","date_gmt":"2022-09-30T15:21:49","guid":{"rendered":"https:\/\/www.bulkgenetics.com\/trainwreck\/"},"modified":"2024-10-08T01:14:04","modified_gmt":"2024-10-07T23:14:04","slug":"trainwreck","status":"publish","type":"product","link":"https:\/\/bulkgenetics.com\/fr\/trainwreck\/","title":{"rendered":"Trainwreck"},"content":{"rendered":"\n<p><strong>Trainwreck<\/strong> est une vari\u00e9t\u00e9 l\u00e9gendaire qui a laiss\u00e9 une empreinte dans le monde du cannabis depuis son apparition \u00e0 la fin des ann\u00e9es 2000. Originaire de <strong>Arcata<\/strong>, une ville du <strong>comt\u00e9 de Humboldt, Californie<\/strong>, cette strain a remport\u00e9 deux prix \u00e0 l&#8217;IG 420 Growers Cup 2009 et \u00e0 la Karma Cup 2018 dans la cat\u00e9gorie meilleure Sativa. La g\u00e9n\u00e9tique de Trainwreck reste un myst\u00e8re, mais on suppose qu&#8217;elle poss\u00e8de une grande part de <a href=\"https:\/\/bulkgenetics.com\/fr\/og-kush\/\"><strong>OG Kush<\/strong><\/a> en raison de son lieu d&#8217;origine. Cependant, ce qui importe vraiment, c&#8217;est l&#8217;exp\u00e9rience unique qu&#8217;elle offre.<\/p>\n\n\n\n<p>Le nom <strong>Trainwreck<\/strong> se traduit litt\u00e9ralement par &#8220;d\u00e9raillement de train&#8221;, une r\u00e9f\u00e9rence \u00e0 ses effets puissants qui te frappent comme une locomotive sans freins. Cette vari\u00e9t\u00e9, \u00e9galement connue sous le nom d&#8217;Arcata, est une plante qui impressionne par sa croissance vigoureuse et sa taille. Ses longues branches flexibles lui donnent un aspect de buisson, id\u00e9al pour ceux qui recherchent une plante pouvant remplir un espace consid\u00e9rable.<\/p>\n\n\n\n<p>Les t\u00eates de <strong>Trainwreck<\/strong> sont vraiment spectaculaires. Grandes, allong\u00e9es et tr\u00e8s compactes, elles sont couvertes d&#8217;une \u00e9paisse couche de trichomes r\u00e9sineux qui leur donnent une couleur vert clair avec des tons rouge\u00e2tres. Ces t\u00eates ne sont pas seulement visuellement attrayantes, elles sont aussi charg\u00e9es d&#8217;effets puissants qui ne laisseront personne indiff\u00e9rent.<\/p>\n\n\n\n<h2 class=\"wp-block-heading\">Saveur et Effets<\/h2>\n\n\n\n<p>La <strong>saveur<\/strong> de Trainwreck est tout simplement spectaculaire. En approchant ses t\u00eates, tu remarqueras un ar\u00f4me terreux et bois\u00e9 qui se m\u00eale rapidement \u00e0 des notes sucr\u00e9es et citronn\u00e9es, \u00e9voquant la fra\u00eecheur d&#8217;une for\u00eat de pins apr\u00e8s la pluie. En la d\u00e9gustant, les saveurs de citron, de baies et de fruits tropicaux deviennent pr\u00e9dominantes, laissant un arri\u00e8re-go\u00fbt persistant et agr\u00e9able sur le palais. C&#8217;est une combinaison unique qui rend chaque bouff\u00e9e une exp\u00e9rience sensorielle inoubliable.<\/p>\n\n\n\n<p>Les effets de <strong>Trainwreck<\/strong> ne portent pas ce nom par hasard. Cette vari\u00e9t\u00e9 a une teneur en <strong>THC<\/strong> comprise entre 15% et 20%, garantissant une exp\u00e9rience puissante qui frappe rapidement avec une vague d&#8217;euphorie et de cr\u00e9ativit\u00e9. Quelques bouff\u00e9es suffisent pour te remonter le moral et te remplir d&#8217;\u00e9nergies positives. Parfaite pour n&#8217;importe quel moment de la journ\u00e9e, elle te gardera actif et motiv\u00e9, id\u00e9ale pour accomplir des t\u00e2ches quotidiennes ou profiter d&#8217;activit\u00e9s sociales.<\/p>\n\n\n\n<p>En plus de ses effets stimulants, <strong>Trainwreck<\/strong> offre une relaxation corporelle douce gr\u00e2ce \u00e0 son h\u00e9ritage indica, ce qui aide \u00e0 soulager le stress, la fatigue et les spasmes musculaires. Bien que sa teneur en <strong>CBD<\/strong> soit faible, autour de 1%, cette combinaison de cannabino\u00efdes en fait un choix polyvalent tant pour un usage r\u00e9cr\u00e9atif que m\u00e9dicinal. Ses effets puissants la rendent \u00e9galement tr\u00e8s appropri\u00e9e pour traiter les migraines, la douleur, l&#8217;arthrite et l&#8217;anxi\u00e9t\u00e9.<\/p>\n\n\n\n<h3 class=\"wp-block-heading\">Terp\u00e8nes de Trainwreck<\/h3>\n\n\n\n<p>Les terp\u00e8nes pr\u00e9sents dans <strong>Trainwreck<\/strong> jouent un r\u00f4le crucial dans ses ar\u00f4mes et effets th\u00e9rapeutiques. Le <strong>limon\u00e8ne<\/strong>, un des terp\u00e8nes dominants, est responsable de ses notes citronn\u00e9es et poss\u00e8de des propri\u00e9t\u00e9s qui \u00e9l\u00e8vent l&#8217;humeur et combattent l&#8217;anxi\u00e9t\u00e9. Ce terp\u00e8ne apporte non seulement un ar\u00f4me rafra\u00eechissant de citron, mais aide aussi \u00e0 am\u00e9liorer l&#8217;humeur et \u00e0 r\u00e9duire le stress.<\/p>\n\n\n\n<p>L&#8217;<strong>alpha-pin\u00e8ne<\/strong> ajoute l&#8217;ar\u00f4me de pin et est connu pour am\u00e9liorer la m\u00e9moire et la concentration, en plus d&#8217;avoir des effets anti-inflammatoires. Ce terp\u00e8ne est id\u00e9al pour ceux qui recherchent une clart\u00e9 mentale et un coup de pouce dans la concentration.<\/p>\n\n\n\n<p>Le <strong>born\u00e9ol<\/strong> et l&#8217;<strong>eucalyptol<\/strong> ajoutent une touche fra\u00eeche et herbac\u00e9e, offrant des bienfaits apaisants et anti-inflammatoires. Ces terp\u00e8nes aident \u00e0 cr\u00e9er une exp\u00e9rience relaxante et rafra\u00eechissante, parfaite pour soulager les tensions.<\/p>\n\n\n\n<p>La pr\u00e9sence de <strong>alpha-humul\u00e8ne<\/strong> ajoute une amertume terreuse subtile et agit comme un coupe-faim, tandis que le <strong>valenc\u00e8ne<\/strong> ajoute une fragrance douce et citronn\u00e9e, contribuant \u00e0 la sensation de bien-\u00eatre g\u00e9n\u00e9ral. Ces terp\u00e8nes travaillent en synergie, cr\u00e9ant un profil aromatique complexe et une exp\u00e9rience utilisateur riche en bienfaits th\u00e9rapeutiques.<\/p>\n\n\n\n<h2 class=\"wp-block-heading\">Production et Temps de Floraison<\/h2>\n\n\n\n<p><strong>Trainwreck<\/strong> est une vari\u00e9t\u00e9 qui se distingue non seulement par ses effets et son go\u00fbt, mais aussi par sa g\u00e9n\u00e9reuse production. Tant en culture int\u00e9rieure qu&#8217;ext\u00e9rieure, cette strain offre des rendements \u00e9lev\u00e9s qui satisfont les cultivateurs de tous niveaux.<\/p>\n\n\n\n<p>En int\u00e9rieur, les cultivateurs peuvent s&#8217;attendre \u00e0 une production allant jusqu&#8217;\u00e0 <strong>550 grammes par m\u00e8tre carr\u00e9<\/strong> en utilisant une lampe LED de 300-350 W. Du changement de photop\u00e9riode \u00e0 la floraison, <strong>Trainwreck<\/strong> se r\u00e9colte en environ <strong>55 jours<\/strong>, ce qui en fait une option rapide et efficace pour ceux qui recherchent une r\u00e9colte rapide. Au cours des derni\u00e8res semaines, les odeurs deviennent consid\u00e9rablement plus intenses, nous recommandons donc l&#8217;utilisation de filtres \u00e0 charbon pour maintenir la discr\u00e9tion.<\/p>\n\n\n\n<p>En ext\u00e9rieur, <strong>Trainwreck<\/strong> montre tout son potentiel. Si on lui donne suffisamment d&#8217;espace, cette plante peut atteindre une taille impressionnante de <strong>2,5 \u00e0 3 m\u00e8tres de hauteur<\/strong>. Les rendements en ext\u00e9rieur sont tout aussi impressionnants, avec une production allant jusqu&#8217;\u00e0 <strong>900 grammes par plante<\/strong>. La r\u00e9colte en ext\u00e9rieur se fait pendant les deux premi\u00e8res semaines d&#8217;octobre, ce qui permet de tirer le meilleur parti de la saison de croissance.<\/p>\n\n\n\n<p>Bien que domin\u00e9e par la Sativa, <strong>Trainwreck<\/strong> a une p\u00e9riode de floraison relativement courte. En ext\u00e9rieur, la floraison commence dans la premi\u00e8re quinzaine d&#8217;ao\u00fbt et les plantes sont pr\u00eates \u00e0 \u00eatre r\u00e9colt\u00e9es pendant les deux premi\u00e8res semaines d&#8217;octobre. Ce temps de floraison rapide est un grand avantage pour les cultivateurs qui cherchent \u00e0 maximiser leurs rendements en peu de temps.<\/p>\n\n\n\n<h2 class=\"wp-block-heading\">Comment Cultiver Trainwreck<\/h2>\n\n\n\n<p><strong>Trainwreck<\/strong> est une vari\u00e9t\u00e9 qui se distingue par sa facilit\u00e9 de culture, id\u00e9ale tant pour les cultivateurs novices qu&#8217;exp\u00e9riment\u00e9s. Bien que sa dominance Sativa puisse sugg\u00e9rer une croissance difficile, cette plante est \u00e9tonnamment g\u00e9rable et reconnaissante.<\/p>\n\n\n\n<p><strong>Difficult\u00e9 de culture :<\/strong> Trainwreck est tr\u00e8s facile \u00e0 cultiver. Elle accepte bien les tailles et le guidage des branches, ce qui permet de contr\u00f4ler sa croissance sans grandes complications. Cela en fait un choix id\u00e9al pour ceux qui recherchent une plante robuste et r\u00e9sistante.<\/p>\n\n\n\n<p><strong>Climat et conditions de culture ad\u00e9quates :<\/strong> Pour obtenir les meilleurs r\u00e9sultats, nous recommandons de cultiver <strong>Trainwreck<\/strong> dans un climat temp\u00e9r\u00e9 \u00e0 chaud, avec des temp\u00e9ratures oscillant entre 18\u00b0C et 27\u00b0C. Cette vari\u00e9t\u00e9 pr\u00e9f\u00e8re les environnements o\u00f9 elle peut recevoir une lumi\u00e8re solaire abondante et une bonne ventilation pour \u00e9viter l&#8217;humidit\u00e9 excessive. En int\u00e9rieur, il est essentiel de maintenir un contr\u00f4le ad\u00e9quat de la temp\u00e9rature et de l&#8217;humidit\u00e9 pour maximiser son potentiel de croissance.<\/p>\n\n\n\n<p><strong>R\u00e9sistance aux ravageurs et maladies :<\/strong> L&#8217;un des grands avantages de <strong>Trainwreck<\/strong> est sa r\u00e9sistance aux ravageurs et maladies. Gr\u00e2ce \u00e0 sa g\u00e9n\u00e9tique robuste, cette plante peut supporter les attaques d&#8217;insectes communs et de maladies fongiques avec une relative facilit\u00e9. Cependant, il est important de maintenir une bonne circulation de l&#8217;air et d&#8217;\u00e9viter l&#8217;exc\u00e8s d&#8217;arrosage pour pr\u00e9venir les probl\u00e8mes de moisissure et de champignons.<\/p>\n\n\n\n<div style=\"height:50px\" aria-hidden=\"true\" class=\"wp-block-spacer uag-hide-mob\"><\/div>\n\n\n\n<div class=\"wp-block-columns is-layout-flex wp-container-core-columns-is-layout-28f84493 wp-block-columns-is-layout-flex\">\n<div class=\"wp-block-column is-layout-flow wp-block-column-is-layout-flow\">\n<p class=\"has-text-align-center has-medium-font-size\"><strong>Ce que nous aimons le plus<\/strong><\/p>\n\n\n\n<ul class=\"wp-block-list\">\n<li><strong>Facilit\u00e9 de culture<\/strong> pour les d\u00e9butants et les experts.<\/li>\n\n\n\n<li><strong>R\u00e9sistance aux ravageurs et maladies<\/strong>, ce qui r\u00e9duit le besoin de traitements chimiques.<\/li>\n\n\n\n<li><strong>Rendement g\u00e9n\u00e9reux<\/strong> tant en int\u00e9rieur qu&#8217;en ext\u00e9rieur.<\/li>\n\n\n\n<li>Ses <strong>ar\u00f4mes et saveurs<\/strong> uniques et d\u00e9licieux.<\/li>\n\n\n\n<li>Son <strong>effet euphorique et \u00e9nergisant puissant<\/strong> qu&#8217;elle procure.<\/li>\n<\/ul>\n<\/div>\n\n\n\n<div class=\"wp-block-column is-layout-flow wp-block-column-is-layout-flow\">\n<p class=\"has-text-align-center has-medium-font-size\"><strong>Ce que nous aimons le moins<\/strong><\/p>\n\n\n\n<ul class=\"wp-block-list\">\n<li>Peut <strong>devenir trop haute<\/strong> en int\u00e9rieur sans entra\u00eenement ad\u00e9quat.<\/li>\n\n\n\n<li>Le temps de floraison de <strong>55 jours<\/strong> peut \u00eatre un peu long pour certains cultivateurs.<\/li>\n<\/ul>\n<\/div>\n<\/div>\n\n\n\n<div style=\"height:50px\" aria-hidden=\"true\" class=\"wp-block-spacer uag-hide-mob\"><\/div>\n\n\n\n<h2 class=\"wp-block-heading\">Questions Fr\u00e9quemment Pos\u00e9es<\/h2>\n\n\n\n<p>Vous trouverez ci-dessous les questions les plus fr\u00e9quentes que nous posent les personnes int\u00e9ress\u00e9es par ces graines bon march\u00e9 en vrac :<\/p>\n\n\n<div id=\"rank-math-faq\" class=\"rank-math-block\">\n<div class=\"rank-math-list \">\n<div id=\"faq-question-1663029074962\" class=\"rank-math-list-item\">\n<h3 class=\"rank-math-question \">Quand commence la floraison de Trainwreck en ext\u00e9rieur ?<\/h3>\n<div class=\"rank-math-answer \">\n\n<p>La floraison de <strong>Trainwreck<\/strong> en ext\u00e9rieur commence pendant la premi\u00e8re quinzaine d&#8217;ao\u00fbt, selon la latitude de la culture. Cette p\u00e9riode de floraison permet une r\u00e9colte rapide et efficace pendant les premi\u00e8res semaines d&#8217;octobre.<\/p>\n\n<\/div>\n<\/div>\n<div id=\"faq-question-1663029159933\" class=\"rank-math-list-item\">\n<h3 class=\"rank-math-question \">Quand r\u00e9colter une Trainwreck en ext\u00e9rieur ?<\/h3>\n<div class=\"rank-math-answer \">\n\n<p>En int\u00e9rieur, <strong>Trainwreck<\/strong> a un temps de floraison relativement court d&#8217;environ <strong>55 jours<\/strong>. En ext\u00e9rieur, la r\u00e9colte a lieu pendant les deux premi\u00e8res semaines d&#8217;octobre, ce qui permet de tirer le meilleur parti de la saison de croissance et d&#8217;obtenir des rendements g\u00e9n\u00e9reux.<\/p>\n\n<\/div>\n<\/div>\n<div id=\"faq-question-1663029165861\" class=\"rank-math-list-item\">\n<h3 class=\"rank-math-question \">Comment cultiver une Trainwreck f\u00e9minis\u00e9e ?<\/h3>\n<div class=\"rank-math-answer \">\n\n<p><strong>Trainwreck<\/strong> est tr\u00e8s facile \u00e0 cultiver, ce qui en fait une excellente option tant pour les cultivateurs novices qu&#8217;exp\u00e9riment\u00e9s. Elle accepte bien les tailles et le guidage des branches, et est r\u00e9sistante aux ravageurs et aux maladies, ce qui facilite sa gestion et assure une r\u00e9colte r\u00e9ussie.<\/p>\n\n<\/div>\n<\/div>\n<div id=\"faq-question-1666780029954\" class=\"rank-math-list-item\">\n<h3 class=\"rank-math-question \">Quels sont les effets de Trainwreck en vrac ?<\/h3>\n<div class=\"rank-math-answer \">\n\n<p>Trainwreck est connue pour ses effets puissants et rapides. Elle offre une vague d&#8217;euphorie et de cr\u00e9ativit\u00e9, remontant le moral et te remplissant d&#8217;\u00e9nergies positives en seulement quelques bouff\u00e9es. De plus, elle procure une relaxation corporelle douce qui aide \u00e0 soulager le stress, la fatigue et les spasmes musculaires.<\/p>\n\n<\/div>\n<\/div>\n<div id=\"faq-question-1721209833164\" class=\"rank-math-list-item\">\n<h3 class=\"rank-math-question \">Trainwreck est-elle sativa ou indica ?<\/h3>\n<div class=\"rank-math-answer \">\n\n<p>Trainwreck est principalement <strong>Sativa<\/strong>, ce qui signifie qu&#8217;elle offre une mont\u00e9e mentale \u00e9nerg\u00e9tique et euphorique. Les vari\u00e9t\u00e9s <strong>Sativa<\/strong> sont g\u00e9n\u00e9ralement plus hautes, avec des feuilles fines et allong\u00e9es, et procurent des effets plus stimulants et c\u00e9r\u00e9braux. En revanche, les vari\u00e9t\u00e9s <strong>Indica<\/strong> tendent \u00e0 \u00eatre plus compactes et denses, avec des feuilles larges, et offrent des effets plus relaxants et corporels. Trainwreck combine le meilleur des deux mondes, avec une forte composante Sativa qui te garde actif et cr\u00e9atif, tandis que son h\u00e9ritage Indica apporte une relaxation corporelle douce.<\/p>\n\n<\/div>\n<\/div>\n<div id=\"faq-question-1721209895638\" class=\"rank-math-list-item\">\n<h3 class=\"rank-math-question \">Quel est le go\u00fbt de Trainwreck ?<\/h3>\n<div class=\"rank-math-answer \">\n\n<p>Le go\u00fbt de <strong>Trainwreck<\/strong> est un m\u00e9lange spectaculaire de notes citronn\u00e9es, de baies et de fruits tropicaux, avec un fond bois\u00e9 et herbac\u00e9. Cette combinaison cr\u00e9e une exp\u00e9rience de saveur unique et persistante qui rend chaque bouff\u00e9e un plaisir sensoriel.<\/p>\n\n<\/div>\n<\/div>\n<\/div>\n<\/div>","protected":false},"excerpt":{"rendered":"<p><b>Trainwreck<\/b> est une vari\u00e9t\u00e9 l\u00e9gendaire qui offre une <strong>mont\u00e9e \u00e9nerg\u00e9tique et euphorique<\/strong> avec un go\u00fbt spectaculaire de <strong>citron et de fruits tropicaux<\/strong>. Facile \u00e0 cultiver et r\u00e9sistante, elle procure <strong>de hauts rendements<\/strong> et des effets puissants qui soulagent le stress et \u00e9l\u00e8vent l&#8217;humeur. Id\u00e9ale pour n&#8217;importe quel moment de la journ\u00e9e !<\/p>\n","protected":false},"featured_media":10770,"comment_status":"open","ping_status":"closed","template":"","meta":{"_acf_changed":false,"inline_featured_image":false,"_uag_custom_page_level_css":""},"product_brand":[],"product_cat":[1125],"product_tag":[],"class_list":{"0":"post-10840","1":"product","2":"type-product","3":"status-publish","4":"has-post-thumbnail","6":"product_cat-graines-feminisees-en-gros","8":"first","9":"instock","10":"taxable","11":"shipping-taxable","12":"purchasable","13":"product-type-simple"},"acf":[],"uagb_featured_image_src":{"full":["https:\/\/bulkgenetics.com\/wp-content\/uploads\/2022\/09\/trainwreck-feminizada-granel.jpg",1600,1600,false],"thumbnail":["https:\/\/bulkgenetics.com\/wp-content\/uploads\/2022\/09\/trainwreck-feminizada-granel-150x150.jpg",150,150,true],"medium":["https:\/\/bulkgenetics.com\/wp-content\/uploads\/2022\/09\/trainwreck-feminizada-granel-300x300.jpg",300,300,true],"medium_large":["https:\/\/bulkgenetics.com\/wp-content\/uploads\/2022\/09\/trainwreck-feminizada-granel-768x768.jpg",768,768,true],"large":["https:\/\/bulkgenetics.com\/wp-content\/uploads\/2022\/09\/trainwreck-feminizada-granel-1024x1024.jpg",1024,1024,true],"1536x1536":["https:\/\/bulkgenetics.com\/wp-content\/uploads\/2022\/09\/trainwreck-feminizada-granel-1536x1536.jpg",1536,1536,true],"2048x2048":["https:\/\/bulkgenetics.com\/wp-content\/uploads\/2022\/09\/trainwreck-feminizada-granel.jpg",1600,1600,false],"commercegurus-pdp-large":["https:\/\/bulkgenetics.com\/wp-content\/uploads\/2022\/09\/trainwreck-feminizada-granel-990x990.jpg",990,990,true],"commercegurus-plp-mobile":["https:\/\/bulkgenetics.com\/wp-content\/uploads\/2022\/09\/trainwreck-feminizada-granel-441x441.jpg",441,441,true],"cgkit_image_swatch":["https:\/\/bulkgenetics.com\/wp-content\/uploads\/2022\/09\/trainwreck-feminizada-granel-100x100.jpg",100,100,true],"woocommerce_thumbnail":["https:\/\/bulkgenetics.com\/wp-content\/uploads\/2022\/09\/trainwreck-feminizada-granel-300x300.jpg",300,300,true],"woocommerce_single":["https:\/\/bulkgenetics.com\/wp-content\/uploads\/2022\/09\/trainwreck-feminizada-granel-800x800.jpg",800,800,true],"woocommerce_gallery_thumbnail":["https:\/\/bulkgenetics.com\/wp-content\/uploads\/2022\/09\/trainwreck-feminizada-granel-150x150.jpg",150,150,true],"dgwt-wcas-product-suggestion":["https:\/\/bulkgenetics.com\/wp-content\/uploads\/2022\/09\/trainwreck-feminizada-granel-64x64.jpg",64,64,true]},"uagb_author_info":{"display_name":"Bruno Crespo","author_link":"https:\/\/bulkgenetics.com\/fr\/author\/"},"uagb_comment_info":0,"uagb_excerpt":"Trainwreck est une vari\u00e9t\u00e9 l\u00e9gendaire qui offre une mont\u00e9e \u00e9nerg\u00e9tique et euphorique avec un go\u00fbt spectaculaire de citron et de fruits tropicaux. Facile \u00e0 cultiver et r\u00e9sistante, elle procure de hauts rendements et des effets puissants qui soulagent le stress et \u00e9l\u00e8vent l'humeur. Id\u00e9ale pour n'importe quel moment de la journ\u00e9e !","_links":{"self":[{"href":"https:\/\/bulkgenetics.com\/fr\/wp-json\/wp\/v2\/product\/10840","targetHints":{"allow":["GET"]}}],"collection":[{"href":"https:\/\/bulkgenetics.com\/fr\/wp-json\/wp\/v2\/product"}],"about":[{"href":"https:\/\/bulkgenetics.com\/fr\/wp-json\/wp\/v2\/types\/product"}],"replies":[{"embeddable":true,"href":"https:\/\/bulkgenetics.com\/fr\/wp-json\/wp\/v2\/comments?post=10840"}],"wp:featuredmedia":[{"embeddable":true,"href":"https:\/\/bulkgenetics.com\/fr\/wp-json\/wp\/v2\/media\/10770"}],"wp:attachment":[{"href":"https:\/\/bulkgenetics.com\/fr\/wp-json\/wp\/v2\/media?parent=10840"}],"wp:term":[{"taxonomy":"product_brand","embeddable":true,"href":"https:\/\/bulkgenetics.com\/fr\/wp-json\/wp\/v2\/product_brand?post=10840"},{"taxonomy":"product_cat","embeddable":true,"href":"https:\/\/bulkgenetics.com\/fr\/wp-json\/wp\/v2\/product_cat?post=10840"},{"taxonomy":"product_tag","embeddable":true,"href":"https:\/\/bulkgenetics.com\/fr\/wp-json\/wp\/v2\/product_tag?post=10840"}],"curies":[{"name":"wp","href":"https:\/\/api.w.org\/{rel}","templated":true}]}}