{"id":10841,"date":"2022-09-30T17:23:51","date_gmt":"2022-09-30T15:23:51","guid":{"rendered":"https:\/\/www.bulkgenetics.com\/biscuits-tropicanna\/"},"modified":"2024-10-08T01:14:04","modified_gmt":"2024-10-07T23:14:04","slug":"tropicanna-cookies","status":"publish","type":"product","link":"https:\/\/bulkgenetics.com\/fr\/tropicanna-cookies\/","title":{"rendered":"Tropicanna Cookies"},"content":{"rendered":"\n<p><strong>Tropicanna Cookies<\/strong> est un joyau exotique dans le monde du cannabis qui a gagn\u00e9 l&#8217;admiration mondiale pour sa saveur exquise et ses effets puissants. Cette vari\u00e9t\u00e9 f\u00e9minis\u00e9e est le r\u00e9sultat du croisement magistral entre deux l\u00e9gendes : <a href=\"https:\/\/bulkgenetics.com\/fr\/girl-scout-cookies\/\"><strong>Girl Scout Cookies<\/strong><\/a> et <strong>Tangie<\/strong>. Elle a \u00e9t\u00e9 affin\u00e9e et port\u00e9e \u00e0 de nouveaux niveaux par des banques comme <strong>Oni Seeds<\/strong> et <strong>Sweet Seeds<\/strong>, offrant des versions F2 qui continuent de surprendre les cultivateurs. Cependant, chez <strong>Bulk Genetics<\/strong>, nous offrons ces graines en vrac \u00e0 un prix imbattable.<\/p>\n\n\n\n<p>Cette vari\u00e9t\u00e9 se distingue par sa structure vigoureuse et sa croissance rapide, des caract\u00e9ristiques qui la rendent id\u00e9ale aussi bien pour les cultivateurs novices que pour les professionnels. En ext\u00e9rieur, Tropicanna Cookies peut atteindre des hauteurs impressionnantes de jusqu&#8217;\u00e0 3 m\u00e8tres, d\u00e9veloppant une structure typique de sapin de No\u00ebl qui ne passe pas inaper\u00e7ue.<\/p>\n\n\n\n<p>Les t\u00eates de Tropicanna Cookies sont vraiment spectaculaires. Grandes, compactes et couvertes d&#8217;une \u00e9paisse couche de r\u00e9sine collante, ces t\u00eates montrent une gamme de couleurs allant du violet intense \u00e0 des tons pourpres, contrast\u00e9s par des feuilles vert fonc\u00e9. Cette impressionnante d\u00e9monstration visuelle est compl\u00e9t\u00e9e par des poils ambr\u00e9s fins et une abondante quantit\u00e9 de trichomes qui brillent au soleil, faisant de cette plante une v\u00e9ritable beaut\u00e9 pour les yeux.<\/p>\n\n\n\n<h2 class=\"wp-block-heading\">Saveur et Effets<\/h2>\n\n\n\n<p><strong>Tropicanna Cookies<\/strong> n&#8217;est pas seulement un d\u00e9lice visuel, elle offre \u00e9galement un festin pour les sens avec son profil de saveur et d&#8217;ar\u00f4me uniques. En inhalant, tu seras envelopp\u00e9 d&#8217;une fum\u00e9e \u00e9paisse avec des touches claires d&#8217;<strong>orange<\/strong> et de <strong>fruits tropicaux<\/strong> qui feront vibrer tes sens du go\u00fbt et de l&#8217;odorat comme rarement auparavant. En expirant, tu ressentiras un arri\u00e8re-go\u00fbt doux et subtil de biscuit qui te donnera envie de plus. Cet \u00e9quilibre parfait entre le sucr\u00e9 et le citronn\u00e9 est ce qui fait de Tropicanna Cookies une exp\u00e9rience si inoubliable.<\/p>\n\n\n\n<p>Les effets de cette vari\u00e9t\u00e9 sont tout aussi impressionnants. Avec une teneur en <strong>THC allant de 20% \u00e0 25%<\/strong> et un niveau de <strong>CBD faible (&lt;1%)<\/strong>, Tropicanna Cookies offre un coup puissant qui remplit ton corps d&#8217;\u00e9nergie et de bonheur. D\u00e8s la premi\u00e8re bouff\u00e9e, tu ressentiras une vague d&#8217;euphorie qui te soul\u00e8vera du canap\u00e9, parfaite pour des activit\u00e9s diurnes et cr\u00e9atives. Cet effet \u00e9nerg\u00e9tique et stimulant am\u00e9liore \u00e9galement les relations de couple, en faisant une option id\u00e9ale pour des moments sp\u00e9ciaux. Au fur et \u00e0 mesure que l&#8217;effet progresse, une l\u00e9g\u00e8re relaxation physique te maintiendra calme tandis que ton esprit continue de voler haut.<\/p>\n\n\n\n<h3 class=\"wp-block-heading\">Terp\u00e8nes de Tropicanna Cookies<\/h3>\n\n\n\n<p>Le profil de terp\u00e8nes de Tropicanna Cookies est aussi distinctif que sa saveur. Le <strong>caryophyll\u00e8ne<\/strong> est le terp\u00e8ne dominant, connu pour son ar\u00f4me de poivre et d&#8217;\u00e9pices, et ses possibles bienfaits anti-inflammatoires. Le <strong>limon\u00e8ne<\/strong>, qui apporte des notes citronn\u00e9es et fra\u00eeches, est c\u00e9l\u00e8bre pour ses effets \u00e9l\u00e9vateurs de l&#8217;humeur et ses propri\u00e9t\u00e9s antid\u00e9pressives. Enfin, le <strong>linalol<\/strong> ajoute une touche florale et relaxante, aidant \u00e0 calmer l&#8217;anxi\u00e9t\u00e9 et le stress.<\/p>\n\n\n\n<p>Cette combinaison de terp\u00e8nes ne d\u00e9finit pas seulement l&#8217;ar\u00f4me et la saveur de Tropicanna Cookies, mais elle en amplifie aussi les effets, cr\u00e9ant une exp\u00e9rience \u00e9quilibr\u00e9e \u00e0 la fois stimulante et relaxante. \u00c0 chaque bouff\u00e9e, tu profiteras d&#8217;une symphonie de saveurs et d&#8217;ar\u00f4mes qui te m\u00e8neront \u00e0 un \u00e9tat de bonheur et de bien-\u00eatre.<\/p>\n\n\n\n<h2 class=\"wp-block-heading\">Production et Temps de Floraison<\/h2>\n\n\n\n<p><strong>Tropicanna Cookies<\/strong> est un excellent choix pour les cultivateurs en int\u00e9rieur comme en ext\u00e9rieur, gr\u00e2ce \u00e0 sa haute production et \u00e0 son temps de floraison rapide.<\/p>\n\n\n\n<p>En ext\u00e9rieur, Tropicanna Cookies se d\u00e9veloppe rapidement et vigoureusement, atteignant des hauteurs allant jusqu&#8217;\u00e0 3 m\u00e8tres lorsqu&#8217;elle dispose de suffisamment d&#8217;espace pour cro\u00eetre. Le rendement est impressionnant : les plus grandes plantes peuvent produire jusqu&#8217;\u00e0 <strong>900 grammes<\/strong> de t\u00eates de premi\u00e8re qualit\u00e9. La floraison est rapide pour une vari\u00e9t\u00e9 avec une charge g\u00e9n\u00e9tique sativa si \u00e9lev\u00e9e, avec une r\u00e9colte attendue entre la premi\u00e8re et la deuxi\u00e8me semaine d&#8217;octobre.<\/p>\n\n\n\n<p>En int\u00e9rieur, elle d\u00e9montre \u00e9galement \u00eatre une championne. Les cultivateurs optent souvent pour une taille apicale pr\u00e9coce afin de contr\u00f4ler sa hauteur, ce qui en fait la strain parfaite pour les cultures SCROG les plus spectaculaires. D\u00e8s que le photop\u00e9riode est chang\u00e9 pour la floraison, elle se r\u00e9colte rapidement, en seulement <strong>60-65 jours<\/strong>. Avec un \u00e9clairage LED de 300-350 W, il est possible de r\u00e9colter jusqu&#8217;\u00e0 <strong>550 grammes par m\u00e8tre carr\u00e9<\/strong>. Pendant la phase de floraison, les odeurs sont tr\u00e8s fortes, il est donc recommand\u00e9 d&#8217;utiliser un filtre \u00e0 charbon ou un ozonisateur pour maintenir la discr\u00e9tion.<\/p>\n\n\n\n<h2 class=\"wp-block-heading\">Comment Cultiver Tropicanna Cookies<\/h2>\n\n\n\n<p>Chez <strong>Bulk Genetics<\/strong>, nous pensons que cultiver <strong>Tropicanna Cookies<\/strong> est une exp\u00e9rience gratifiante pour les cultivateurs novices comme pour les experts. Cette vari\u00e9t\u00e9 se distingue par sa facilit\u00e9 de culture, ne n\u00e9cessitant pas de soins particuliers pour produire des t\u00eates spectaculaires.<\/p>\n\n\n\n<p>En ce qui concerne le climat et les conditions de culture, Tropicanna Cookies pr\u00e9f\u00e8re un climat chaud et ensoleill\u00e9. Elle est id\u00e9ale pour les r\u00e9gions avec des \u00e9t\u00e9s longs et chauds, bien qu&#8217;elle s&#8217;adapte \u00e9galement bien aux cultures en int\u00e9rieur o\u00f9 l&#8217;environnement peut \u00eatre contr\u00f4l\u00e9. La plante a une structure robuste et r\u00e9sistante, la rendant moins susceptible aux ravageurs et maladies courantes du cannabis. Cependant, il est toujours conseill\u00e9 de la surveiller de pr\u00e8s pour pr\u00e9venir tout probl\u00e8me avant qu&#8217;il ne devienne une menace.<\/p>\n\n\n\n<div style=\"height:50px\" aria-hidden=\"true\" class=\"wp-block-spacer uag-hide-mob\"><\/div>\n\n\n\n<div class=\"wp-block-columns is-layout-flex wp-container-core-columns-is-layout-28f84493 wp-block-columns-is-layout-flex\">\n<div class=\"wp-block-column is-layout-flow wp-block-column-is-layout-flow\">\n<p class=\"has-text-align-center has-medium-font-size\"><strong>Ce que nous aimons le plus<\/strong><\/p>\n\n\n\n<ul class=\"wp-block-list\">\n<li>Tr\u00e8s facile \u00e0 cultiver, id\u00e9ale pour les d\u00e9butants.<\/li>\n\n\n\n<li>Haute production tant en int\u00e9rieur qu&#8217;en ext\u00e9rieur.<\/li>\n\n\n\n<li>Savoureuse, avec une saveur tropicale et sucr\u00e9e in\u00e9gal\u00e9e.<\/li>\n\n\n\n<li>Effets \u00e9nerg\u00e9tiques, joyeux et stimulants.<\/li>\n<\/ul>\n<\/div>\n\n\n\n<div class=\"wp-block-column is-layout-flow wp-block-column-is-layout-flow\">\n<p class=\"has-text-align-center has-medium-font-size\"><strong>Ce que nous aimons le moins<\/strong><\/p>\n\n\n\n<ul class=\"wp-block-list\">\n<li>En floraison, l&#8217;odeur peut \u00eatre assez forte.<\/li>\n\n\n\n<li>N\u00e9cessite de l&#8217;espace pour atteindre son plein potentiel en ext\u00e9rieur.<\/li>\n<\/ul>\n<\/div>\n<\/div>\n\n\n\n<div style=\"height:50px\" aria-hidden=\"true\" class=\"wp-block-spacer uag-hide-mob\"><\/div>\n\n\n\n<h2 class=\"wp-block-heading\">Questions Fr\u00e9quemment Pos\u00e9es<\/h2>\n\n\n\n<p>Voici les questions les plus fr\u00e9quemment pos\u00e9es par les cultivateurs int\u00e9ress\u00e9s par ces graines en vrac bon march\u00e9 :<\/p>\n\n\n<div id=\"rank-math-faq\" class=\"rank-math-block\">\n<div class=\"rank-math-list \">\n<div id=\"faq-question-1663029074962\" class=\"rank-math-list-item\">\n<h3 class=\"rank-math-question \">Quand commence la floraison de Tropicanna Cookies en ext\u00e9rieur ?<\/h3>\n<div class=\"rank-math-answer \">\n\n<p>Selon la latitude de la culture, la floraison commence entre la premi\u00e8re et la deuxi\u00e8me semaine d&#8217;ao\u00fbt.<\/p>\n\n<\/div>\n<\/div>\n<div id=\"faq-question-1663029159933\" class=\"rank-math-list-item\">\n<h3 class=\"rank-math-question \">Quand r\u00e9colter une Tropicanna Cookies en ext\u00e9rieur ?<\/h3>\n<div class=\"rank-math-answer \">\n\n<p>Tropicanna Cookies a une p\u00e9riode de floraison relativement courte. En ext\u00e9rieur, elle se r\u00e9colte entre la premi\u00e8re et la deuxi\u00e8me semaine d&#8217;octobre. En int\u00e9rieur, \u00e0 partir du changement de photop\u00e9riode \u00e0 la floraison, on peut s&#8217;attendre \u00e0 une r\u00e9colte en seulement 60-65 jours.<\/p>\n\n<\/div>\n<\/div>\n<div id=\"faq-question-1663029165861\" class=\"rank-math-list-item\">\n<h3 class=\"rank-math-question \">Comment cultiver une Tropicanna Cookies f\u00e9minis\u00e9e ?<\/h3>\n<div class=\"rank-math-answer \">\n\n<p>C&#8217;est une vari\u00e9t\u00e9 facile \u00e0 cultiver, id\u00e9ale tant pour les d\u00e9butants que pour les cultivateurs exp\u00e9riment\u00e9s. Elle pr\u00e9f\u00e8re les climats chauds et ensoleill\u00e9s et s&#8217;adapte bien tant aux cultures en int\u00e9rieur qu&#8217;en ext\u00e9rieur. En int\u00e9rieur, une taille apicale pr\u00e9coce et l&#8217;utilisation de techniques SCROG sont recommand\u00e9es pour maximiser son rendement. En ext\u00e9rieur, elle peut atteindre jusqu&#8217;\u00e0 3 m\u00e8tres de hauteur et produire jusqu&#8217;\u00e0 900 grammes par plante.<\/p>\n\n<\/div>\n<\/div>\n<div id=\"faq-question-1666780029954\" class=\"rank-math-list-item\">\n<h3 class=\"rank-math-question \">Quels sont les effets de Tropicanna Cookies en vrac ?<\/h3>\n<div class=\"rank-math-answer \">\n\n<p>Les effets de Tropicanna Cookies sont principalement \u00e9nerg\u00e9tiques et stimulants, parfaits pour la journ\u00e9e. D\u00e8s la premi\u00e8re bouff\u00e9e, vous ressentirez une vague d&#8217;euphorie qui remplira votre corps d&#8217;\u00e9nergie et de bonheur. Elle est id\u00e9ale pour am\u00e9liorer l&#8217;humeur, la cr\u00e9ativit\u00e9 et les relations sociales. Au fur et \u00e0 mesure que l&#8217;effet progresse, une l\u00e9g\u00e8re relaxation physique vous gardera calme sans perdre l&#8217;\u00e9nergie initiale.<\/p>\n\n<\/div>\n<\/div>\n<div id=\"faq-question-1721214873957\" class=\"rank-math-list-item\">\n<h3 class=\"rank-math-question \">Tropicanna Cookies est-elle sativa ou indica ?<\/h3>\n<div class=\"rank-math-answer \">\n\n<p>Tropicanna Cookies est un hybride \u00e0 dominance sativa, compos\u00e9 de 70 % sativa et 30 % indica. Les vari\u00e9t\u00e9s sativa sont connues pour leurs effets \u00e9nerg\u00e9tiques et stimulants, id\u00e9ales pour les activit\u00e9s diurnes et cr\u00e9atives. En revanche, les indicas offrent g\u00e9n\u00e9ralement une relaxation plus profonde, parfaite pour le repos et la nuit. Tropicanna Cookies combine le meilleur des deux mondes, offrant une explosion d&#8217;\u00e9nergie initiale suivie d&#8217;une relaxation douce.<\/p>\n\n<\/div>\n<\/div>\n<div id=\"faq-question-1721214901227\" class=\"rank-math-list-item\">\n<h3 class=\"rank-math-question \">Quel est le croisement de Tropicanna Cookies ?<\/h3>\n<div class=\"rank-math-answer \">\n\n<p>Tropicanna Cookies est le r\u00e9sultat du croisement entre deux vari\u00e9t\u00e9s l\u00e9gendaires : Girl Scout Cookies et Tangie. Cette combinaison g\u00e9n\u00e9tique lui donne son go\u00fbt unique et ses effets puissants, ainsi que son attrait visuel avec des tons pourpres et violets.<\/p>\n\n<\/div>\n<\/div>\n<div id=\"faq-question-1721214940552\" class=\"rank-math-list-item\">\n<h3 class=\"rank-math-question \">Quel est le go\u00fbt de Tropicanna Cookies ?<\/h3>\n<div class=\"rank-math-answer \">\n\n<p>Le go\u00fbt de Tropicanna Cookies est un m\u00e9lange d\u00e9licieux d&#8217;orange et de fruits tropicaux avec une touche sucr\u00e9e de biscuit. Ce profil de saveur unique est l&#8217;un des aspects les plus appr\u00e9ci\u00e9s de cette vari\u00e9t\u00e9, offrant une exp\u00e9rience sensorielle compl\u00e8te.<\/p>\n\n<\/div>\n<\/div>\n<div id=\"faq-question-1721214950467\" class=\"rank-math-list-item\">\n<h3 class=\"rank-math-question \">Quel est le contenu en cannabino\u00efdes de Tropicanna Cookies ?<\/h3>\n<div class=\"rank-math-answer \">\n\n<p>Tropicanna Cookies a une teneur en THC comprise entre 20 % et 25 %, offrant des effets puissants et durables. Sa teneur en CBD est faible, g\u00e9n\u00e9ralement inf\u00e9rieure \u00e0 1 %, ce qui renforce les effets psychoactifs du THC.<\/p>\n\n<\/div>\n<\/div>\n<\/div>\n<\/div>","protected":false},"excerpt":{"rendered":"<p><b>Tropicanna Cookies<\/b> vous offre une exp\u00e9rience unique avec son <strong>go\u00fbt tropical<\/strong> in\u00e9gal\u00e9 et ses <strong>effets \u00e9nerg\u00e9tiques et euphoriques<\/strong>. Facile \u00e0 cultiver et avec des rendements \u00e9lev\u00e9s, cette vari\u00e9t\u00e9 est id\u00e9ale pour ceux qui recherchent <strong>qualit\u00e9 et puissance<\/strong>. Profitez de fleurs exquises et d&#8217;une r\u00e9colte abondante sans complications.<\/p>\n","protected":false},"featured_media":10705,"comment_status":"open","ping_status":"closed","template":"","meta":{"_acf_changed":false,"inline_featured_image":false,"_uag_custom_page_level_css":""},"product_brand":[],"product_cat":[1125,4112],"product_tag":[],"class_list":{"0":"post-10841","1":"product","2":"type-product","3":"status-publish","4":"has-post-thumbnail","6":"product_cat-graines-feminisees-en-gros","7":"product_cat-graines-de-cannabis-a-1-euro","9":"first","10":"instock","11":"sale","12":"taxable","13":"shipping-taxable","14":"purchasable","15":"product-type-simple"},"acf":[],"uagb_featured_image_src":{"full":["https:\/\/bulkgenetics.com\/wp-content\/uploads\/2022\/09\/tropicanna-cookies-feminizada-granel.jpg",1600,1600,false],"thumbnail":["https:\/\/bulkgenetics.com\/wp-content\/uploads\/2022\/09\/tropicanna-cookies-feminizada-granel-150x150.jpg",150,150,true],"medium":["https:\/\/bulkgenetics.com\/wp-content\/uploads\/2022\/09\/tropicanna-cookies-feminizada-granel-300x300.jpg",300,300,true],"medium_large":["https:\/\/bulkgenetics.com\/wp-content\/uploads\/2022\/09\/tropicanna-cookies-feminizada-granel-768x768.jpg",768,768,true],"large":["https:\/\/bulkgenetics.com\/wp-content\/uploads\/2022\/09\/tropicanna-cookies-feminizada-granel-1024x1024.jpg",1024,1024,true],"1536x1536":["https:\/\/bulkgenetics.com\/wp-content\/uploads\/2022\/09\/tropicanna-cookies-feminizada-granel-1536x1536.jpg",1536,1536,true],"2048x2048":["https:\/\/bulkgenetics.com\/wp-content\/uploads\/2022\/09\/tropicanna-cookies-feminizada-granel.jpg",1600,1600,false],"commercegurus-pdp-large":["https:\/\/bulkgenetics.com\/wp-content\/uploads\/2022\/09\/tropicanna-cookies-feminizada-granel-990x990.jpg",990,990,true],"commercegurus-plp-mobile":["https:\/\/bulkgenetics.com\/wp-content\/uploads\/2022\/09\/tropicanna-cookies-feminizada-granel-441x441.jpg",441,441,true],"cgkit_image_swatch":["https:\/\/bulkgenetics.com\/wp-content\/uploads\/2022\/09\/tropicanna-cookies-feminizada-granel-100x100.jpg",100,100,true],"woocommerce_thumbnail":["https:\/\/bulkgenetics.com\/wp-content\/uploads\/2022\/09\/tropicanna-cookies-feminizada-granel-300x300.jpg",300,300,true],"woocommerce_single":["https:\/\/bulkgenetics.com\/wp-content\/uploads\/2022\/09\/tropicanna-cookies-feminizada-granel-800x800.jpg",800,800,true],"woocommerce_gallery_thumbnail":["https:\/\/bulkgenetics.com\/wp-content\/uploads\/2022\/09\/tropicanna-cookies-feminizada-granel-150x150.jpg",150,150,true],"dgwt-wcas-product-suggestion":["https:\/\/bulkgenetics.com\/wp-content\/uploads\/2022\/09\/tropicanna-cookies-feminizada-granel-64x64.jpg",64,64,true]},"uagb_author_info":{"display_name":"Bruno Crespo","author_link":"https:\/\/bulkgenetics.com\/fr\/author\/"},"uagb_comment_info":0,"uagb_excerpt":"Tropicanna Cookies vous offre une exp\u00e9rience unique avec son go\u00fbt tropical in\u00e9gal\u00e9 et ses effets \u00e9nerg\u00e9tiques et euphoriques. Facile \u00e0 cultiver et avec des rendements \u00e9lev\u00e9s, cette vari\u00e9t\u00e9 est id\u00e9ale pour ceux qui recherchent qualit\u00e9 et puissance. Profitez de fleurs exquises et d'une r\u00e9colte abondante sans complications.","_links":{"self":[{"href":"https:\/\/bulkgenetics.com\/fr\/wp-json\/wp\/v2\/product\/10841","targetHints":{"allow":["GET"]}}],"collection":[{"href":"https:\/\/bulkgenetics.com\/fr\/wp-json\/wp\/v2\/product"}],"about":[{"href":"https:\/\/bulkgenetics.com\/fr\/wp-json\/wp\/v2\/types\/product"}],"replies":[{"embeddable":true,"href":"https:\/\/bulkgenetics.com\/fr\/wp-json\/wp\/v2\/comments?post=10841"}],"wp:featuredmedia":[{"embeddable":true,"href":"https:\/\/bulkgenetics.com\/fr\/wp-json\/wp\/v2\/media\/10705"}],"wp:attachment":[{"href":"https:\/\/bulkgenetics.com\/fr\/wp-json\/wp\/v2\/media?parent=10841"}],"wp:term":[{"taxonomy":"product_brand","embeddable":true,"href":"https:\/\/bulkgenetics.com\/fr\/wp-json\/wp\/v2\/product_brand?post=10841"},{"taxonomy":"product_cat","embeddable":true,"href":"https:\/\/bulkgenetics.com\/fr\/wp-json\/wp\/v2\/product_cat?post=10841"},{"taxonomy":"product_tag","embeddable":true,"href":"https:\/\/bulkgenetics.com\/fr\/wp-json\/wp\/v2\/product_tag?post=10841"}],"curies":[{"name":"wp","href":"https:\/\/api.w.org\/{rel}","templated":true}]}}