{"id":10842,"date":"2022-09-30T17:25:03","date_gmt":"2022-09-30T15:25:03","guid":{"rendered":"https:\/\/www.bulkgenetics.com\/pasteque-x-zkittlez\/"},"modified":"2024-10-08T01:14:04","modified_gmt":"2024-10-07T23:14:04","slug":"watermelon-x-zkittlez","status":"publish","type":"product","link":"https:\/\/bulkgenetics.com\/fr\/watermelon-x-zkittlez\/","title":{"rendered":"Watermelon x Zkittlez"},"content":{"rendered":"\n<p>La <strong>Watermelon x Zkittlez<\/strong> est une vari\u00e9t\u00e9 qui fusionne le meilleur de deux mondes, combinant la d\u00e9licieuse <strong>Watermelon<\/strong> avec la populaire <a href=\"https:\/\/bulkgenetics.com\/fr\/zkittlez\/\"><strong>Zkittlez<\/strong><\/a>. Cet hybride Indica\/Sativa se distingue par son impressionnante lign\u00e9e et ses caract\u00e9ristiques uniques qui en font l&#8217;une des pr\u00e9f\u00e9r\u00e9es des cultivateurs. La g\u00e9n\u00e9tique de cette strain a capt\u00e9 l&#8217;attention sur des plateformes comme Growdiaries, Seedfinder et Leafly, la pla\u00e7ant aux c\u00f4t\u00e9s d&#8217;autres vari\u00e9t\u00e9s l\u00e9gendaires telles que Gelato, Cookies Z3 et Forbidden Fruit.<\/p>\n\n\n\n<p>La plante de <strong>Watermelon x Zkittlez<\/strong> pr\u00e9sente une morphologie compacte et robuste, parfaite pour les cultures en int\u00e9rieur comme en ext\u00e9rieur. En ext\u00e9rieur, cette plante peut atteindre une hauteur moyenne de 2,5 m\u00e8tres dans des conditions favorables, se distinguant par ses entren\u0153uds courts, ses grandes feuilles p\u00e2les et ses branches solides. En int\u00e9rieur, son \u00e9tirement est moyen, ce qui la rend id\u00e9ale pour des techniques de culture comme le SOG et le SCROG.<\/p>\n\n\n\n<p>Les t\u00eates de <strong>Watermelon x Zkittlez<\/strong> sont un vrai r\u00e9gal visuel et sensoriel. Elles sont grosses, allong\u00e9es et dures, avec une tendance \u00e0 prendre de magnifiques teintes rouge\u00e2tres. De plus, elles sont couvertes d&#8217;une \u00e9paisse couche de r\u00e9sine, les faisant briller comme si elles \u00e9taient recouvertes de cristaux. Cette caract\u00e9ristique leur donne non seulement un aspect attrayant, mais les rend \u00e9galement id\u00e9ales pour la production d&#8217;extraits et de concentr\u00e9s de haute qualit\u00e9.<\/p>\n\n\n\n<p>Avec une coloration qui varie du vert olive fonc\u00e9 aux tons pourpres, accentu\u00e9s par de fins pistils oranges, les t\u00eates de <strong>Watermelon x Zkittlez<\/strong> sont un spectacle. Cette combinaison de couleurs et leur densit\u00e9 font que la plante est aussi belle que productive, attirant tant les cultivateurs novices que les experts.<\/p>\n\n\n\n<h2 class=\"wp-block-heading\">Saveur et Effets<\/h2>\n\n\n\n<p>La <strong>Watermelon x Zkittlez<\/strong> vous emm\u00e8ne dans un voyage sensoriel d\u00e8s la premi\u00e8re bouff\u00e9e. Son ar\u00f4me est une explosion de douceur et de fruits tropicaux qui \u00e9voque des souvenirs de past\u00e8que et de raisins frais. En la fumant, sa saveur d\u00e9licieusement scandaleuse se d\u00e9ploie sur le palais avec des touches sucr\u00e9es et fruit\u00e9es qui feront vibrer vos papilles comme jamais.<\/p>\n\n\n\n<p>Les effets de la <strong>Watermelon x Zkittlez<\/strong> sont aussi percutants que sa saveur. Avec des niveaux de THC atteignant 25%, cette vari\u00e9t\u00e9 offre une exp\u00e9rience tr\u00e8s puissante. D\u00e8s la premi\u00e8re bouff\u00e9e, vous ressentirez une vague de joie et d&#8217;euphorie traverser votre corps, suivie de sensations extr\u00eamement relaxantes. Cette combinaison d&#8217;effets la rend parfaite tant pour une journ\u00e9e cr\u00e9ative que pour une soir\u00e9e de d\u00e9tente. De plus, son contenu en CBD est faible, inf\u00e9rieur \u00e0 1%, ce qui renforce encore les effets psychoactifs du THC.<\/p>\n\n\n\n<h3 class=\"wp-block-heading\">Terp\u00e8nes de Watermelon x Zkittlez<\/h3>\n\n\n\n<p>La <strong>Watermelon x Zkittlez<\/strong> se distingue par son profil complexe de terp\u00e8nes, qui contribuent non seulement \u00e0 sa saveur et \u00e0 son ar\u00f4me, mais offrent aussi plusieurs bienfaits th\u00e9rapeutiques. Parmi les principaux terp\u00e8nes, on trouve :<\/p>\n\n\n\n<ul class=\"wp-block-list\">\n<li><strong>Alpha-Humul\u00e8ne :<\/strong> Connu pour ses propri\u00e9t\u00e9s anti-inflammatoires et suppresseurs d&#8217;app\u00e9tit, ce terp\u00e8ne apporte des ar\u00f4mes terreux et \u00e9pic\u00e9s.<\/li>\n\n\n\n<li><strong>Beta-Caryophyllene :<\/strong> Ce terp\u00e8ne, que l&#8217;on trouve dans l&#8217;ar\u00f4me des \u00e9pices et du poivre, est r\u00e9put\u00e9 pour ses effets anxiolytiques et antid\u00e9presseurs, offrant une sensation de relaxation et de soulagement du stress.<\/li>\n\n\n\n<li><strong>Linalool :<\/strong> Avec un ar\u00f4me floral de lavande, ce terp\u00e8ne est c\u00e9l\u00e8bre pour ses propri\u00e9t\u00e9s calmantes et s\u00e9datives, aidant \u00e0 r\u00e9duire l&#8217;anxi\u00e9t\u00e9 et \u00e0 am\u00e9liorer le sommeil.<\/li>\n\n\n\n<li><strong>Delta-Limon\u00e8ne :<\/strong> Apporte un ar\u00f4me frais d&#8217;agrumes et est connu pour ses effets \u00e9nergisants et \u00e9l\u00e9vateurs d&#8217;humeur, id\u00e9al pour combattre la d\u00e9pression.<\/li>\n\n\n\n<li><strong>Myrc\u00e8ne :<\/strong> Commun dans les vari\u00e9t\u00e9s indica, ce terp\u00e8ne a un ar\u00f4me terreux et musqu\u00e9, et est r\u00e9put\u00e9 pour ses propri\u00e9t\u00e9s s\u00e9datives et relaxantes, parfaites pour soulager la douleur et la tension musculaire.<\/li>\n<\/ul>\n\n\n\n<p>Ces terp\u00e8nes travaillent ensemble pour offrir une exp\u00e9rience unique, combinant des effets euphoriques et relaxants qui font de la <strong>Watermelon x Zkittlez<\/strong> un excellent choix tant pour un usage r\u00e9cr\u00e9atif que m\u00e9dical.<\/p>\n\n\n\n<h2 class=\"wp-block-heading\">Production et Temps de Floraison<\/h2>\n\n\n\n<p>La <strong>Watermelon x Zkittlez<\/strong> ne se distingue pas seulement par sa saveur et ses effets, mais aussi par sa g\u00e9n\u00e9reuse production. En culture int\u00e9rieure, cette vari\u00e9t\u00e9 peut produire entre 500 et 600 grammes par m\u00e8tre carr\u00e9, surtout lorsqu&#8217;elle est cultiv\u00e9e sous une lampe LED de 300-350 W. La plante s&#8217;adapte bien \u00e0 des techniques de culture comme le SOG et le SCROG, permettant de couvrir de grandes surfaces de culture en quelques semaines.<\/p>\n\n\n\n<p>En ext\u00e9rieur, la <strong>Watermelon x Zkittlez<\/strong> r\u00e9v\u00e8le tout son potentiel. Dans des conditions favorables, les plantes peuvent atteindre une hauteur de 2 \u00e0 2,5 m\u00e8tres et produire entre 900 et 1000 grammes par plante. Sa robustesse et sa r\u00e9sistance la rendent parfaite pour divers climats, et son court cycle de floraison permet des r\u00e9coltes pr\u00e9coces.<\/p>\n\n\n\n<p>Le temps de floraison de la <strong>Watermelon x Zkittlez<\/strong> est relativement court. En int\u00e9rieur, depuis le changement du photop\u00e9riode de croissance \u00e0 floraison, il faut environ 60-65 jours pour r\u00e9colter les fleurs les plus aromatiques et collantes que vous puissiez imaginer. En ext\u00e9rieur, la floraison commence \u00e0 la premi\u00e8re quinzaine d&#8217;ao\u00fbt et la r\u00e9colte a lieu entre fin septembre et d\u00e9but octobre, ce qui la rend id\u00e9ale pour les cultivateurs recherchant des r\u00e9sultats rapides et efficaces.<\/p>\n\n\n\n<h2 class=\"wp-block-heading\">Comment Cultiver la Watermelon x Zkittlez<\/h2>\n\n\n\n<p>Chez Bulk Genetics, nous pensons que la <strong>Watermelon x Zkittlez<\/strong> est une vari\u00e9t\u00e9 qui convient parfaitement aux cultivateurs novices comme aux experts. Sa culture est relativement facile gr\u00e2ce \u00e0 sa r\u00e9sistance et sa robustesse, ce qui la rend id\u00e9ale pour tout type d&#8217;environnement de culture, qu&#8217;il soit int\u00e9rieur ou ext\u00e9rieur.<\/p>\n\n\n\n<p>Pour obtenir les meilleurs r\u00e9sultats, nous recommandons de la cultiver dans un climat mod\u00e9r\u00e9 \u00e0 chaud. La plante s&#8217;adapte bien \u00e0 diff\u00e9rentes conditions climatiques gr\u00e2ce \u00e0 son cycle de floraison rapide, ce qui lui permet d&#8217;\u00e9viter les intemp\u00e9ries automnales en ext\u00e9rieur. En int\u00e9rieur, maintenir une temp\u00e9rature constante entre 20-25\u00b0C et une humidit\u00e9 relative ad\u00e9quate est essentiel pour maximiser la production et la qualit\u00e9 des t\u00eates.<\/p>\n\n\n\n<p>Une des caract\u00e9ristiques les plus remarquables de la <strong>Watermelon x Zkittlez<\/strong> est sa r\u00e9sistance aux parasites et aux maladies. Cette vari\u00e9t\u00e9 montre une tol\u00e9rance notable aux attaques d&#8217;insectes et aux probl\u00e8mes courants de moisissure, ce qui r\u00e9duit consid\u00e9rablement le besoin de traitements chimiques et facilite la gestion de la culture.<\/p>\n\n\n\n<div style=\"height:50px\" aria-hidden=\"true\" class=\"wp-block-spacer uag-hide-mob\"><\/div>\n\n\n\n<div class=\"wp-block-columns is-layout-flex wp-container-core-columns-is-layout-28f84493 wp-block-columns-is-layout-flex\">\n<div class=\"wp-block-column is-layout-flow wp-block-column-is-layout-flow\">\n<p class=\"has-text-align-center has-medium-font-size\"><strong>Ce que nous aimons le plus<\/strong><\/p>\n\n\n\n<ul class=\"wp-block-list\">\n<li>Tr\u00e8s facile \u00e0 cultiver.<\/li>\n\n\n\n<li>Rendement \u00e9lev\u00e9 en int\u00e9rieur comme en ext\u00e9rieur.<\/li>\n\n\n\n<li>Saveur de fruits tropicaux irr\u00e9sistible.<\/li>\n\n\n\n<li>Effets tr\u00e8s puissants et \u00e9quilibr\u00e9s.<\/li>\n\n\n\n<li>Excellente r\u00e9sistance aux parasites et aux maladies.<\/li>\n<\/ul>\n<\/div>\n\n\n\n<div class=\"wp-block-column is-layout-flow wp-block-column-is-layout-flow\">\n<p class=\"has-text-align-center has-medium-font-size\"><strong>Ce que nous aimons le moins<\/strong><\/p>\n\n\n\n<ul class=\"wp-block-list\">\n<li>Assez odorante en floraison.<\/li>\n\n\n\n<li>Trop puissante pour de nombreux consommateurs.<\/li>\n<\/ul>\n<\/div>\n<\/div>\n\n\n\n<div style=\"height:50px\" aria-hidden=\"true\" class=\"wp-block-spacer uag-hide-mob\"><\/div>\n\n\n\n<h2 class=\"wp-block-heading\">Questions Fr\u00e9quemment Pos\u00e9es<\/h2>\n\n\n\n<p>Voici les questions les plus fr\u00e9quentes pos\u00e9es par les cultivateurs int\u00e9ress\u00e9s par ces graines en vrac bon march\u00e9 :<\/p>\n\n\n<div id=\"rank-math-faq\" class=\"rank-math-block\">\n<div class=\"rank-math-list \">\n<div id=\"faq-question-1663029074962\" class=\"rank-math-list-item\">\n<h3 class=\"rank-math-question \">Quand commence la floraison de la Watermelon x Zkittlez en ext\u00e9rieur ?<\/h3>\n<div class=\"rank-math-answer \">\n\n<p>En ext\u00e9rieur, la floraison de la <strong>Watermelon x Zkittlez<\/strong> commence au cours de la premi\u00e8re quinzaine d&#8217;ao\u00fbt, selon la latitude et les conditions sp\u00e9cifiques de culture.<\/p>\n\n<\/div>\n<\/div>\n<div id=\"faq-question-1663029159933\" class=\"rank-math-list-item\">\n<h3 class=\"rank-math-question \">Quand r\u00e9colter une Watermelon x Zkittlez en ext\u00e9rieur ?<\/h3>\n<div class=\"rank-math-answer \">\n\n<p>La <strong>Watermelon x Zkittlez<\/strong> a un cycle de floraison rapide, permettant une r\u00e9colte entre fin septembre et d\u00e9but octobre en culture ext\u00e9rieure. En int\u00e9rieur, la floraison dure environ 60-65 jours \u00e0 partir du changement de photop\u00e9riode.<\/p>\n\n<\/div>\n<\/div>\n<div id=\"faq-question-1663029165861\" class=\"rank-math-list-item\">\n<h3 class=\"rank-math-question \">Comment cultiver une Watermelon x Zkittlez f\u00e9minis\u00e9e ?<\/h3>\n<div class=\"rank-math-answer \">\n\n<p>La <strong>Watermelon x Zkittlez<\/strong> est tr\u00e8s facile \u00e0 cultiver et s&#8217;adapte bien \u00e0 la culture int\u00e9rieure comme ext\u00e9rieure. En int\u00e9rieur, elle est id\u00e9ale pour les techniques comme SOG et SCROG. En ext\u00e9rieur, elle se d\u00e9veloppe mieux dans des climats mod\u00e9r\u00e9s \u00e0 chauds et montre une grande r\u00e9sistance aux parasites et aux maladies. Son cycle de floraison rapide la rend parfaite pour \u00e9viter les probl\u00e8mes climatiques de l&#8217;automne.<\/p>\n\n<\/div>\n<\/div>\n<div id=\"faq-question-1666780029954\" class=\"rank-math-list-item\">\n<h3 class=\"rank-math-question \">Quels sont les effets de la Watermelon x Zkittlez en vrac ?<\/h3>\n<div class=\"rank-math-answer \">\n\n<p>Les effets de la <strong>Watermelon x Zkittlez<\/strong> commencent par une euphorie joyeuse et \u00e9nergisante, qui se transforme ensuite en une relaxation profonde. Cette vari\u00e9t\u00e9 est id\u00e9ale pour des activit\u00e9s cr\u00e9atives comme pour se d\u00e9tendre en fin de journ\u00e9e, offrant une exp\u00e9rience compl\u00e8te et polyvalente.<\/p>\n\n<\/div>\n<\/div>\n<div id=\"faq-question-1721218688489\" class=\"rank-math-list-item\">\n<h3 class=\"rank-math-question \">La Watermelon x Zkittlez est-elle une sativa ou une indica ?<\/h3>\n<div class=\"rank-math-answer \">\n\n<p>La <strong>Watermelon x Zkittlez<\/strong> est un hybride qui combine le meilleur des deux g\u00e9n\u00e9tiques, avec une l\u00e9g\u00e8re dominance indica. Avec un \u00e9quilibre de 55% indica et 45% sativa, cette vari\u00e9t\u00e9 offre le meilleur des deux mondes. Les vari\u00e9t\u00e9s indica sont connues pour leurs effets relaxants et s\u00e9datifs, id\u00e9ales pour la fin de journ\u00e9e. En revanche, les sativas procurent un high c\u00e9r\u00e9bral et \u00e9nergisant, parfait pour la cr\u00e9ativit\u00e9 et les activit\u00e9s diurnes. La <strong>Watermelon x Zkittlez<\/strong> parvient \u00e0 combiner ces effets de mani\u00e8re \u00e9quilibr\u00e9e, offrant une exp\u00e9rience compl\u00e8te et polyvalente.<\/p>\n\n<\/div>\n<\/div>\n<div id=\"faq-question-1721218732336\" class=\"rank-math-list-item\">\n<h3 class=\"rank-math-question \">Quel est le go\u00fbt de la Watermelon x Zkittlez ?<\/h3>\n<div class=\"rank-math-answer \">\n\n<p>Le go\u00fbt de la <strong>Watermelon x Zkittlez<\/strong> est une explosion de douceur et de fruits tropicaux, avec des notes distinctives de past\u00e8que et de raisin frais. Cette combinaison d\u00e9licieuse fera voyager vos papilles gustatives comme jamais auparavant.<\/p>\n\n<\/div>\n<\/div>\n<div id=\"faq-question-1721218752349\" class=\"rank-math-list-item\">\n<h3 class=\"rank-math-question \">Quel est le contenu en cannabino\u00efdes de la Watermelon x Zkittlez ?<\/h3>\n<div class=\"rank-math-answer \">\n\n<p>La <strong>Watermelon x Zkittlez<\/strong> a une teneur en THC pouvant atteindre jusqu&#8217;\u00e0 25%, ce qui la rend tr\u00e8s puissante. Son contenu en CBD est faible, g\u00e9n\u00e9ralement inf\u00e9rieur \u00e0 1%, ce qui intensifie les effets psychoactifs du THC.<\/p>\n\n<\/div>\n<\/div>\n<div id=\"faq-question-1721218787371\" class=\"rank-math-list-item\">\n<h3 class=\"rank-math-question \">La Watermelon x Zkittlez est-elle adapt\u00e9e aux extractions ?<\/h3>\n<div class=\"rank-math-answer \">\n\n<p>Oui, les t\u00eates de la <strong>Watermelon x Zkittlez<\/strong> sont grosses, allong\u00e9es et tr\u00e8s r\u00e9sineuses, ce qui les rend id\u00e9ales pour la production d&#8217;extraits et de concentr\u00e9s de haute qualit\u00e9. Tout amateur d&#8217;extractions en profitera pleinement.<\/p>\n\n<\/div>\n<\/div>\n<\/div>\n<\/div>","protected":false},"excerpt":{"rendered":"<p><b>La Watermelon x Zkittlez<\/b> offre une combinaison in\u00e9gal\u00e9e de <strong>saveurs tropicales et d&#8217;effets puissants<\/strong>, avec jusqu&#8217;\u00e0 25% de THC. Profitez d&#8217;une plante facile \u00e0 cultiver, <strong>haute production et r\u00e9sistance aux parasites<\/strong>. Id\u00e9ale pour ceux qui recherchent une exp\u00e9rience sensorielle compl\u00e8te et des r\u00e9coltes abondantes.<\/p>\n","protected":false},"featured_media":28849,"comment_status":"open","ping_status":"closed","template":"","meta":{"_acf_changed":false,"inline_featured_image":false,"_uag_custom_page_level_css":""},"product_brand":[],"product_cat":[1125],"product_tag":[],"class_list":{"0":"post-10842","1":"product","2":"type-product","3":"status-publish","4":"has-post-thumbnail","6":"product_cat-graines-feminisees-en-gros","8":"first","9":"instock","10":"taxable","11":"shipping-taxable","12":"purchasable","13":"product-type-simple"},"acf":[],"uagb_featured_image_src":{"full":["https:\/\/bulkgenetics.com\/wp-content\/uploads\/2022\/09\/watermelon-zkittlez-strain-feminized-cannabis-seeds.jpg",1600,1600,false],"thumbnail":["https:\/\/bulkgenetics.com\/wp-content\/uploads\/2022\/09\/watermelon-zkittlez-strain-feminized-cannabis-seeds-150x150.jpg",150,150,true],"medium":["https:\/\/bulkgenetics.com\/wp-content\/uploads\/2022\/09\/watermelon-zkittlez-strain-feminized-cannabis-seeds-300x300.jpg",300,300,true],"medium_large":["https:\/\/bulkgenetics.com\/wp-content\/uploads\/2022\/09\/watermelon-zkittlez-strain-feminized-cannabis-seeds-768x768.jpg",768,768,true],"large":["https:\/\/bulkgenetics.com\/wp-content\/uploads\/2022\/09\/watermelon-zkittlez-strain-feminized-cannabis-seeds-1024x1024.jpg",1024,1024,true],"1536x1536":["https:\/\/bulkgenetics.com\/wp-content\/uploads\/2022\/09\/watermelon-zkittlez-strain-feminized-cannabis-seeds-1536x1536.jpg",1536,1536,true],"2048x2048":["https:\/\/bulkgenetics.com\/wp-content\/uploads\/2022\/09\/watermelon-zkittlez-strain-feminized-cannabis-seeds.jpg",1600,1600,false],"commercegurus-pdp-large":["https:\/\/bulkgenetics.com\/wp-content\/uploads\/2022\/09\/watermelon-zkittlez-strain-feminized-cannabis-seeds-990x990.jpg",990,990,true],"commercegurus-plp-mobile":["https:\/\/bulkgenetics.com\/wp-content\/uploads\/2022\/09\/watermelon-zkittlez-strain-feminized-cannabis-seeds-441x441.jpg",441,441,true],"cgkit_image_swatch":["https:\/\/bulkgenetics.com\/wp-content\/uploads\/2022\/09\/watermelon-zkittlez-strain-feminized-cannabis-seeds-100x100.jpg",100,100,true],"woocommerce_thumbnail":["https:\/\/bulkgenetics.com\/wp-content\/uploads\/2022\/09\/watermelon-zkittlez-strain-feminized-cannabis-seeds-300x300.jpg",300,300,true],"woocommerce_single":["https:\/\/bulkgenetics.com\/wp-content\/uploads\/2022\/09\/watermelon-zkittlez-strain-feminized-cannabis-seeds-800x800.jpg",800,800,true],"woocommerce_gallery_thumbnail":["https:\/\/bulkgenetics.com\/wp-content\/uploads\/2022\/09\/watermelon-zkittlez-strain-feminized-cannabis-seeds-150x150.jpg",150,150,true],"dgwt-wcas-product-suggestion":["https:\/\/bulkgenetics.com\/wp-content\/uploads\/2022\/09\/watermelon-zkittlez-strain-feminized-cannabis-seeds-64x64.jpg",64,64,true]},"uagb_author_info":{"display_name":"Bruno Crespo","author_link":"https:\/\/bulkgenetics.com\/fr\/author\/"},"uagb_comment_info":0,"uagb_excerpt":"La Watermelon x Zkittlez offre une combinaison in\u00e9gal\u00e9e de saveurs tropicales et d'effets puissants, avec jusqu'\u00e0 25% de THC. Profitez d'une plante facile \u00e0 cultiver, haute production et r\u00e9sistance aux parasites. Id\u00e9ale pour ceux qui recherchent une exp\u00e9rience sensorielle compl\u00e8te et des r\u00e9coltes abondantes.","_links":{"self":[{"href":"https:\/\/bulkgenetics.com\/fr\/wp-json\/wp\/v2\/product\/10842","targetHints":{"allow":["GET"]}}],"collection":[{"href":"https:\/\/bulkgenetics.com\/fr\/wp-json\/wp\/v2\/product"}],"about":[{"href":"https:\/\/bulkgenetics.com\/fr\/wp-json\/wp\/v2\/types\/product"}],"replies":[{"embeddable":true,"href":"https:\/\/bulkgenetics.com\/fr\/wp-json\/wp\/v2\/comments?post=10842"}],"wp:featuredmedia":[{"embeddable":true,"href":"https:\/\/bulkgenetics.com\/fr\/wp-json\/wp\/v2\/media\/28849"}],"wp:attachment":[{"href":"https:\/\/bulkgenetics.com\/fr\/wp-json\/wp\/v2\/media?parent=10842"}],"wp:term":[{"taxonomy":"product_brand","embeddable":true,"href":"https:\/\/bulkgenetics.com\/fr\/wp-json\/wp\/v2\/product_brand?post=10842"},{"taxonomy":"product_cat","embeddable":true,"href":"https:\/\/bulkgenetics.com\/fr\/wp-json\/wp\/v2\/product_cat?post=10842"},{"taxonomy":"product_tag","embeddable":true,"href":"https:\/\/bulkgenetics.com\/fr\/wp-json\/wp\/v2\/product_tag?post=10842"}],"curies":[{"name":"wp","href":"https:\/\/api.w.org\/{rel}","templated":true}]}}