{"id":10844,"date":"2022-09-30T17:25:45","date_gmt":"2022-09-30T15:25:45","guid":{"rendered":"https:\/\/www.bulkgenetics.com\/gateau-de-mariage\/"},"modified":"2024-10-08T01:14:03","modified_gmt":"2024-10-07T23:14:03","slug":"wedding-cake","status":"publish","type":"product","link":"https:\/\/bulkgenetics.com\/fr\/wedding-cake\/","title":{"rendered":"Wedding Cake"},"content":{"rendered":"\n<p>La <strong>Wedding Cake<\/strong> est une vari\u00e9t\u00e9 de cannabis qui a captiv\u00e9 l&#8217;attention des cultivateurs et des consommateurs. Cet hybride \u00e0 dominance indica r\u00e9sulte d&#8217;un croisement entre la d\u00e9licieuse <strong>Triangle Kush<\/strong> et la spectaculaire <strong>Animal Mints<\/strong>. D\u00e9velopp\u00e9e par Seed Junky Genetics, cette vari\u00e9t\u00e9 se distingue par sa douceur exceptionnelle et ses effets puissants, montrant des traits \u00e9vidents de son h\u00e9ritage <a href=\"https:\/\/bulkgenetics.com\/fr\/girl-scout-cookies\/\"><strong>Girl Scout Cookies<\/strong><\/a>.<\/p>\n\n\n\n<p>La <strong>Wedding Cake<\/strong> a une morphologie impressionnante. Elle pousse avec vigueur et rapidit\u00e9, atteignant une hauteur mod\u00e9r\u00e9e qui la rend id\u00e9ale pour la culture en int\u00e9rieur comme en ext\u00e9rieur. La structure de la plante rappelle un petit sapin, avec une grande pointe apicale et de nombreuses branches satellites tr\u00e8s productives. En ext\u00e9rieur, elle peut atteindre entre 2 et 2,5 m\u00e8tres, tout en restant discr\u00e8te.<\/p>\n\n\n\n<p>Les t\u00eates de la <strong>Wedding Cake<\/strong> sont un spectacle visuel. Grandes, dures et extr\u00eamement r\u00e9sineuses, elles sont couvertes d&#8217;une \u00e9paisse et collante couche de trichomes qui leur donne un aspect glac\u00e9, comme un g\u00e2teau fra\u00eechement sorti du four. Les pistils d&#8217;une couleur orange vif contrastent avec le vert brillant des t\u00eates, cr\u00e9ant une apparence visuellement attrayante qui ravira tout cultivateur et consommateur.<\/p>\n\n\n\n<h2 class=\"wp-block-heading\">Saveur et Effets<\/h2>\n\n\n\n<p>L&#8217;ar\u00f4me de la <strong>Wedding Cake<\/strong> est une exp\u00e9rience sensorielle unique. D\u00e8s le premier moment, il t&#8217;enveloppe d&#8217;un parfum sucr\u00e9 qui rappelle un g\u00e2teau \u00e0 la vanille fra\u00eechement sorti du four. Mais il ne se limite pas \u00e0 la douceur, il pr\u00e9sente \u00e9galement des touches \u00e9pic\u00e9es et terreuses qui compl\u00e8tent un profil aromatique complexe et extr\u00eamement agr\u00e9able.<\/p>\n\n\n\n<p>En ce qui concerne la saveur, la <strong>Wedding Cake<\/strong> ne d\u00e9\u00e7oit pas. Chaque bouff\u00e9e est une danse de saveurs sucr\u00e9es et \u00e9pic\u00e9es, avec un arri\u00e8re-go\u00fbt doux qui reste sur le palais. Son nom n&#8217;est pas un hasard; elle a vraiment le go\u00fbt d&#8217;un g\u00e2teau de mariage avec une touche de poivre qui la rend inimitable.<\/p>\n\n\n\n<p>Les effets de la <strong>Wedding Cake<\/strong> sont aussi puissants que sa saveur. Avec une teneur en THC allant de 25 % \u00e0 27 %, cette vari\u00e9t\u00e9 offre une exp\u00e9rience intense, id\u00e9ale pour ceux qui ont une haute tol\u00e9rance au THC. Ses effets commencent par une euphorie c\u00e9r\u00e9brale qui se transforme rapidement en une profonde relaxation corporelle. Parfaite pour profiter de moments tranquilles et affectueux, cette vari\u00e9t\u00e9 est id\u00e9ale pour se d\u00e9tendre apr\u00e8s une longue journ\u00e9e. De plus, elle contient un faible niveau de CBD, inf\u00e9rieur \u00e0 1 %, ce qui renforce encore ses effets psychoactifs.<\/p>\n\n\n\n<h3 class=\"wp-block-heading\">Terp\u00e8nes de la Wedding Cake<\/h3>\n\n\n\n<p>La <strong>Wedding Cake<\/strong> se distingue par son riche profil de terp\u00e8nes, qui non seulement contribuent \u00e0 son d\u00e9licieux ar\u00f4me et go\u00fbt, mais renforcent \u00e9galement ses effets. Parmi les terp\u00e8nes les plus pr\u00e9sents, on trouve :<\/p>\n\n\n\n<ul class=\"wp-block-list\">\n<li><strong>Alpha Humulene :<\/strong> Avec un ar\u00f4me terreux et \u00e9pic\u00e9, ce terp\u00e8ne est connu pour ses propri\u00e9t\u00e9s anti-inflammatoires et sa capacit\u00e9 \u00e0 r\u00e9duire l&#8217;app\u00e9tit.<\/li>\n\n\n\n<li><strong>Alpha-Phellandrene :<\/strong> Ce terp\u00e8ne ajoute une touche de fra\u00eecheur citronn\u00e9e et est r\u00e9put\u00e9 pour ses effets \u00e9nergisants et revitalisants.<\/li>\n\n\n\n<li><strong>Beta-Caryophyllene :<\/strong> Avec un ar\u00f4me \u00e9pic\u00e9 et bois\u00e9, il est c\u00e9l\u00e8bre pour ses propri\u00e9t\u00e9s anti-inflammatoires et analg\u00e9siques.<\/li>\n\n\n\n<li><strong>Limonene :<\/strong> Il apporte un ar\u00f4me citronn\u00e9 et rafra\u00eechissant, \u00e9levant l&#8217;humeur et soulageant le stress.<\/li>\n\n\n\n<li><strong>Myrcene :<\/strong> Ce terp\u00e8ne offre un ar\u00f4me musqu\u00e9 et terreux, et est connu pour ses effets s\u00e9datifs et relaxants.<\/li>\n<\/ul>\n\n\n\n<p>La combinaison de ces terp\u00e8nes rehausse non seulement l&#8217;exp\u00e9rience sensorielle de la <strong>Wedding Cake<\/strong>, mais contribue \u00e9galement \u00e0 ses bienfaits th\u00e9rapeutiques, offrant un soulagement complet tant physique que mental.<\/p>\n\n\n\n<h2 class=\"wp-block-heading\">Production et Temps de Floraison<\/h2>\n\n\n\n<p>La <strong>Wedding Cake<\/strong> est une option fantastique tant pour les cultivateurs en int\u00e9rieur qu&#8217;en ext\u00e9rieur, gr\u00e2ce \u00e0 son rendement solide et son temps de floraison relativement court.<\/p>\n\n\n\n<p>En int\u00e9rieur, cette vari\u00e9t\u00e9 a un temps de floraison d&#8217;environ <strong>8 \u00e0 9 semaines<\/strong>. Dans des conditions optimales, les cultivateurs peuvent esp\u00e9rer une production de <strong>450 \u00e0 550 grammes par m\u00e8tre carr\u00e9<\/strong>. La <strong>Wedding Cake<\/strong> accepte toutes les techniques de culture, du SCROG (Screen of Green) avec peu de plantes au SOG (Sea of Green) \u00e0 partir de petits boutures dans des pots de maximum 3 litres. L&#8217;\u00e9tirement de la plante est mod\u00e9r\u00e9, ce qui facilite sa gestion et permet d&#8217;obtenir une canop\u00e9e uniforme maximisant la production de fleurs.<\/p>\n\n\n\n<p>En ext\u00e9rieur, elle montre tout son potentiel, surtout lorsqu&#8217;elle est cultiv\u00e9e sous des climats ensoleill\u00e9s. Les plantes sont g\u00e9n\u00e9ralement pr\u00eates pour la r\u00e9colte entre <strong>fin septembre et d\u00e9but octobre<\/strong>. Dans des conditions optimales, les cultivateurs peuvent obtenir <strong>jusqu&#8217;\u00e0 900 grammes par plante<\/strong> pour les plus grandes. Sa structure robuste et ses branches productives permettent un rendement \u00e9lev\u00e9, \u00e0 condition de les planter dans un endroit o\u00f9 elles re\u00e7oivent le maximum d&#8217;heures de soleil possible.<\/p>\n\n\n\n<p>De plus, la <strong>Wedding Cake<\/strong> est assez r\u00e9sistante aux parasites et aux maladies, ce qui en fait un excellent choix tant pour les cultivateurs novices qu&#8217;exp\u00e9riment\u00e9s. Avec les soins appropri\u00e9s, ces plantes r\u00e9compensent par des t\u00eates denses et r\u00e9sineuses qui honorent leur r\u00e9putation.<\/p>\n\n\n\n<h2 class=\"wp-block-heading\">Production et Temps de Floraison<\/h2>\n\n\n\n<p>La <strong>Wedding Cake<\/strong> est une option fantastique tant pour les cultivateurs en int\u00e9rieur qu&#8217;en ext\u00e9rieur, gr\u00e2ce \u00e0 son rendement solide et son temps de floraison relativement court.<\/p>\n\n\n\n<p>En int\u00e9rieur, cette vari\u00e9t\u00e9 a un temps de floraison d&#8217;environ 8 \u00e0 9 semaines. Dans des conditions optimales, les cultivateurs peuvent esp\u00e9rer une production de 450 \u00e0 550 grammes par m\u00e8tre carr\u00e9. La <strong>Wedding Cake<\/strong> accepte toutes les techniques de culture, du SCROG (Screen of Green) avec peu de plantes au SOG (Sea of Green) \u00e0 partir de petits boutures dans des pots de maximum 3 litres. L&#8217;\u00e9tirement de la plante est mod\u00e9r\u00e9, ce qui facilite sa gestion et permet d&#8217;obtenir une canop\u00e9e uniforme maximisant la production de fleurs.<\/p>\n\n\n\n<p>En ext\u00e9rieur, la <strong>Wedding Cake<\/strong> montre tout son potentiel, surtout lorsqu&#8217;elle est cultiv\u00e9e sous des climats ensoleill\u00e9s. Les plantes sont g\u00e9n\u00e9ralement pr\u00eates pour la r\u00e9colte entre fin septembre et d\u00e9but octobre. Dans des conditions optimales, les cultivateurs peuvent obtenir jusqu&#8217;\u00e0 900 grammes par plante pour les plus grandes. Sa structure robuste et ses branches productives permettent un rendement \u00e9lev\u00e9, \u00e0 condition de les planter dans un endroit o\u00f9 elles re\u00e7oivent le maximum d&#8217;heures de soleil possible.<\/p>\n\n\n\n<p>De plus, la <strong>Wedding Cake<\/strong> est assez r\u00e9sistante aux parasites et aux maladies, ce qui en fait un excellent choix tant pour les cultivateurs novices qu&#8217;exp\u00e9riment\u00e9s. Avec les soins appropri\u00e9s, ces plantes r\u00e9compensent par des t\u00eates denses et r\u00e9sineuses qui honorent leur r\u00e9putation.<\/p>\n\n\n\n<h2 class=\"wp-block-heading\">Comment Cultiver la Wedding Cake<\/h2>\n\n\n\n<p>La <strong>Wedding Cake<\/strong> est une vari\u00e9t\u00e9 que nous recommandons tant aux cultivateurs d\u00e9butants qu&#8217;aux plus exp\u00e9riment\u00e9s en raison de sa facilit\u00e9 de culture et de sa robustesse.<\/p>\n\n\n\n<p><strong>Difficult\u00e9 de culture :<\/strong> Cultiver la <strong>Wedding Cake<\/strong> est relativement simple. Cette vari\u00e9t\u00e9 est connue pour \u00eatre r\u00e9sistante et capable de s&#8217;adapter \u00e0 diff\u00e9rentes techniques de culture. Cependant, pr\u00eater attention aux conditions de croissance garantira une r\u00e9colte abondante et de haute qualit\u00e9.<\/p>\n\n\n\n<p><strong>Climat et conditions de culture appropri\u00e9es :<\/strong> La <strong>Wedding Cake<\/strong> prosp\u00e8re dans les climats chauds et ensoleill\u00e9s lorsqu&#8217;elle est cultiv\u00e9e en ext\u00e9rieur. Il est crucial que les plantes re\u00e7oivent de nombreuses heures de soleil direct pour maximiser leur rendement. Pour la culture en int\u00e9rieur, maintenir une temp\u00e9rature diurne entre 20\u00b0C et 27\u00b0C et une temp\u00e9rature nocturne l\u00e9g\u00e8rement plus basse aidera \u00e0 favoriser une croissance vigoureuse.<\/p>\n\n\n\n<p><strong>R\u00e9sistance aux parasites et aux maladies :<\/strong> L&#8217;un des grands avantages de la <strong>Wedding Cake<\/strong> est sa r\u00e9sistance naturelle aux parasites et maladies courants. Cependant, nous recommandons de maintenir une bonne circulation de l&#8217;air et de contr\u00f4ler les niveaux d&#8217;humidit\u00e9 pour \u00e9viter les probl\u00e8mes de moisissure et de champignons. Pendant la phase v\u00e9g\u00e9tative, maintenir l&#8217;humidit\u00e9 relative entre 55% et 60%, et la r\u00e9duire autour de 40% pendant la floraison.<\/p>\n\n\n\n<div style=\"height:50px\" aria-hidden=\"true\" class=\"wp-block-spacer uag-hide-mob\"><\/div>\n\n\n\n<div class=\"wp-block-columns is-layout-flex wp-container-core-columns-is-layout-28f84493 wp-block-columns-is-layout-flex\">\n<div class=\"wp-block-column is-layout-flow wp-block-column-is-layout-flow\">\n<p class=\"has-text-align-center has-medium-font-size\"><strong>Ce que nous aimons le plus<\/strong><\/p>\n\n\n\n<ul class=\"wp-block-list\">\n<li><strong>Facile \u00e0 cultiver :<\/strong> Id\u00e9ale tant pour les d\u00e9butants que pour les cultivateurs exp\u00e9riment\u00e9s.<\/li>\n\n\n\n<li><strong>Rendements \u00e9lev\u00e9s :<\/strong> Production g\u00e9n\u00e9reuse tant en int\u00e9rieur qu&#8217;en ext\u00e9rieur.<\/li>\n\n\n\n<li><strong>Profil de terp\u00e8nes :<\/strong> Ar\u00f4mes et saveurs d\u00e9licieux qui combinent des notes sucr\u00e9es et terreuses.<\/li>\n\n\n\n<li><strong>R\u00e9sistance :<\/strong> Plante robuste et r\u00e9sistante aux parasites et maladies.<\/li>\n<\/ul>\n<\/div>\n\n\n\n<div class=\"wp-block-column is-layout-flow wp-block-column-is-layout-flow\">\n<p class=\"has-text-align-center has-medium-font-size\"><strong>Ce que nous aimons le moins<\/strong><\/p>\n\n\n\n<ul class=\"wp-block-list\">\n<li><strong>Sensibilit\u00e9 \u00e0 l&#8217;exc\u00e8s d&#8217;humidit\u00e9 :<\/strong> N\u00e9cessite un contr\u00f4le minutieux de l&#8217;humidit\u00e9 pour \u00e9viter la moisissure.<\/li>\n\n\n\n<li><strong>Taille mod\u00e9r\u00e9e :<\/strong> Peut ne pas \u00eatre le meilleur choix pour ceux qui recherchent des plantes tr\u00e8s grandes.<\/li>\n<\/ul>\n<\/div>\n<\/div>\n\n\n\n<div style=\"height:50px\" aria-hidden=\"true\" class=\"wp-block-spacer uag-hide-mob\"><\/div>\n\n\n\n<h2 class=\"wp-block-heading\">Questions Fr\u00e9quentes<\/h2>\n\n\n\n<p>Voici les r\u00e9ponses aux questions les plus fr\u00e9quentes que nous posent les cultivateurs int\u00e9ress\u00e9s par ces graines bon march\u00e9 en vrac :<\/p>\n\n\n<div id=\"rank-math-faq\" class=\"rank-math-block\">\n<div class=\"rank-math-list \">\n<div id=\"faq-question-1663029074962\" class=\"rank-math-list-item\">\n<h3 class=\"rank-math-question \">Quand commence \u00e0 fleurir la Wedding Cake en ext\u00e9rieur ?<\/h3>\n<div class=\"rank-math-answer \">\n\n<p>La floraison de la <strong>Wedding Cake<\/strong> en ext\u00e9rieur commence entre fin juillet et d\u00e9but ao\u00fbt, selon la latitude de la culture. En int\u00e9rieur, le passage \u00e0 un photop\u00e9riode de 12 heures de lumi\u00e8re et 12 heures d&#8217;obscurit\u00e9 d\u00e9clenchera le processus de floraison.<\/p>\n\n<\/div>\n<\/div>\n<div id=\"faq-question-1663029159933\" class=\"rank-math-list-item\">\n<h3 class=\"rank-math-question \">Quand r\u00e9colter une Wedding Cake en ext\u00e9rieur ?<\/h3>\n<div class=\"rank-math-answer \">\n\n<p>La <strong>Wedding Cake<\/strong> a un temps de floraison court et se r\u00e9colte entre fin septembre et d\u00e9but octobre en ext\u00e9rieur. En int\u00e9rieur, la r\u00e9colte se fait 8 \u00e0 9 semaines apr\u00e8s le d\u00e9but de la floraison.<\/p>\n\n<\/div>\n<\/div>\n<div id=\"faq-question-1663029165861\" class=\"rank-math-list-item\">\n<h3 class=\"rank-math-question \">Comment cultiver une Wedding Cake f\u00e9minis\u00e9e ?<\/h3>\n<div class=\"rank-math-answer \">\n\n<p>La <strong>Wedding Cake<\/strong> est une plante de marijuana tr\u00e8s facile \u00e0 cultiver et qui s&#8217;adapte \u00e0 toute technique de culture. Elle est adapt\u00e9e \u00e0 la fois \u00e0 la culture en int\u00e9rieur et en ext\u00e9rieur. Il est recommand\u00e9 d&#8217;utiliser des supports pour \u00e9viter que les branches ne se cassent sous le poids des t\u00eates et de maintenir une bonne circulation de l&#8217;air pour \u00e9viter les probl\u00e8mes de moisissure.<\/p>\n\n<\/div>\n<\/div>\n<div id=\"faq-question-1666780029954\" class=\"rank-math-list-item\">\n<h3 class=\"rank-math-question \">Quels sont les effets de la Wedding Cake en vrac ?<\/h3>\n<div class=\"rank-math-answer \">\n\n<p>Les effets de la <strong>Wedding Cake<\/strong> sont tr\u00e8s puissants, procurant une forte relaxation et une excitation. Elle est id\u00e9ale pour des moments tranquilles et affectueux, parfaite pour fumer le soir avec son partenaire. Cependant, son haut contenu en THC peut \u00eatre trop fort pour les consommateurs avec une faible tol\u00e9rance.<\/p>\n\n<\/div>\n<\/div>\n<div id=\"faq-question-1721224569963\" class=\"rank-math-list-item\">\n<h3 class=\"rank-math-question \">La Wedding Cake est-elle une sativa ou une indica ?<\/h3>\n<div class=\"rank-math-answer \">\n\n<p>La <strong>Wedding Cake<\/strong> est une vari\u00e9t\u00e9 \u00e0 dominance indica, offrant une exp\u00e9rience de relaxation profonde et des effets corporels intenses. Les plantes indica, comme la <strong>Wedding Cake<\/strong>, sont g\u00e9n\u00e9ralement plus compactes et robustes, id\u00e9ales pour la culture en int\u00e9rieur. Les vari\u00e9t\u00e9s sativa, en revanche, ont tendance \u00e0 \u00eatre plus hautes et plus \u00e9lanc\u00e9es, avec des effets plus \u00e9nerg\u00e9tiques et c\u00e9r\u00e9braux. La Wedding Cake, \u00e9tant majoritairement indica, offre un \u00e9quilibre parfait entre euphorie mentale et relaxation physique, id\u00e9ale pour ceux qui recherchent un moment de tranquillit\u00e9 et de d\u00e9tente.<\/p>\n\n<\/div>\n<\/div>\n<div id=\"faq-question-1721224635294\" class=\"rank-math-list-item\">\n<h3 class=\"rank-math-question \">Quel croisement est la Wedding Cake ?<\/h3>\n<div class=\"rank-math-answer \">\n\n<p>La <strong>Wedding Cake<\/strong> est un croisement entre la <strong>Triangle Kush<\/strong> et la <strong>Animal Mints<\/strong>. Cette combinaison g\u00e9n\u00e9tique lui conf\u00e8re son profil de saveur distinctif et ses effets puissants.<\/p>\n\n<\/div>\n<\/div>\n<div id=\"faq-question-1721224690327\" class=\"rank-math-list-item\">\n<h3 class=\"rank-math-question \">Quel est le contenu en cannabino\u00efdes de la Wedding Cake ?<\/h3>\n<div class=\"rank-math-answer \">\n\n<p>La <strong>Wedding Cake<\/strong> a une teneur en THC qui varie entre 25 % et 27 %, l&#8217;un des plus \u00e9lev\u00e9s actuellement. Sa teneur en CBD est faible, inf\u00e9rieure \u00e0 1 %.<\/p>\n\n<\/div>\n<\/div>\n<div id=\"faq-question-1721224717541\" class=\"rank-math-list-item\">\n<h3 class=\"rank-math-question \">Quel est le go\u00fbt de la Wedding Cake ?<\/h3>\n<div class=\"rank-math-answer \">\n\n<p>Le go\u00fbt de la <strong>Wedding Cake<\/strong> est spectaculaire, rappelant un g\u00e2teau sucr\u00e9 \u00e0 la vanille. De plus, elle pr\u00e9sente certaines touches de poivre tr\u00e8s agr\u00e9ables qui compl\u00e8tent son profil de saveur unique.<\/p>\n\n<\/div>\n<\/div>\n<\/div>\n<\/div>","protected":false},"excerpt":{"rendered":"<p>La <b>Wedding Cake<\/b> offre une exp\u00e9rience incomparable avec son <strong>go\u00fbt sucr\u00e9 de g\u00e2teau \u00e0 la vanille et ses effets ultra relaxants<\/strong>. Parfaite pour les cultivateurs de tous niveaux, elle garantit des rendements \u00e9lev\u00e9s et une r\u00e9sistance aux parasites. Profitez de <strong>moments tranquilles et affectueux<\/strong> avec cette vari\u00e9t\u00e9 puissante et d\u00e9licieuse.<\/p>\n","protected":false},"featured_media":10693,"comment_status":"open","ping_status":"closed","template":"","meta":{"_acf_changed":false,"inline_featured_image":false,"_uag_custom_page_level_css":""},"product_brand":[],"product_cat":[1125,4112],"product_tag":[],"class_list":{"0":"post-10844","1":"product","2":"type-product","3":"status-publish","4":"has-post-thumbnail","6":"product_cat-graines-feminisees-en-gros","7":"product_cat-graines-de-cannabis-a-1-euro","9":"first","10":"instock","11":"sale","12":"taxable","13":"shipping-taxable","14":"purchasable","15":"product-type-simple"},"acf":[],"uagb_featured_image_src":{"full":["https:\/\/bulkgenetics.com\/wp-content\/uploads\/2022\/09\/wedding-cake-feminizada-granel.jpg",1600,1600,false],"thumbnail":["https:\/\/bulkgenetics.com\/wp-content\/uploads\/2022\/09\/wedding-cake-feminizada-granel-150x150.jpg",150,150,true],"medium":["https:\/\/bulkgenetics.com\/wp-content\/uploads\/2022\/09\/wedding-cake-feminizada-granel-300x300.jpg",300,300,true],"medium_large":["https:\/\/bulkgenetics.com\/wp-content\/uploads\/2022\/09\/wedding-cake-feminizada-granel-768x768.jpg",768,768,true],"large":["https:\/\/bulkgenetics.com\/wp-content\/uploads\/2022\/09\/wedding-cake-feminizada-granel-1024x1024.jpg",1024,1024,true],"1536x1536":["https:\/\/bulkgenetics.com\/wp-content\/uploads\/2022\/09\/wedding-cake-feminizada-granel-1536x1536.jpg",1536,1536,true],"2048x2048":["https:\/\/bulkgenetics.com\/wp-content\/uploads\/2022\/09\/wedding-cake-feminizada-granel.jpg",1600,1600,false],"commercegurus-pdp-large":["https:\/\/bulkgenetics.com\/wp-content\/uploads\/2022\/09\/wedding-cake-feminizada-granel-990x990.jpg",990,990,true],"commercegurus-plp-mobile":["https:\/\/bulkgenetics.com\/wp-content\/uploads\/2022\/09\/wedding-cake-feminizada-granel-441x441.jpg",441,441,true],"cgkit_image_swatch":["https:\/\/bulkgenetics.com\/wp-content\/uploads\/2022\/09\/wedding-cake-feminizada-granel-100x100.jpg",100,100,true],"woocommerce_thumbnail":["https:\/\/bulkgenetics.com\/wp-content\/uploads\/2022\/09\/wedding-cake-feminizada-granel-300x300.jpg",300,300,true],"woocommerce_single":["https:\/\/bulkgenetics.com\/wp-content\/uploads\/2022\/09\/wedding-cake-feminizada-granel-800x800.jpg",800,800,true],"woocommerce_gallery_thumbnail":["https:\/\/bulkgenetics.com\/wp-content\/uploads\/2022\/09\/wedding-cake-feminizada-granel-150x150.jpg",150,150,true],"dgwt-wcas-product-suggestion":["https:\/\/bulkgenetics.com\/wp-content\/uploads\/2022\/09\/wedding-cake-feminizada-granel-64x64.jpg",64,64,true]},"uagb_author_info":{"display_name":"Bruno Crespo","author_link":"https:\/\/bulkgenetics.com\/fr\/author\/"},"uagb_comment_info":0,"uagb_excerpt":"La Wedding Cake offre une exp\u00e9rience incomparable avec son go\u00fbt sucr\u00e9 de g\u00e2teau \u00e0 la vanille et ses effets ultra relaxants. Parfaite pour les cultivateurs de tous niveaux, elle garantit des rendements \u00e9lev\u00e9s et une r\u00e9sistance aux parasites. Profitez de moments tranquilles et affectueux avec cette vari\u00e9t\u00e9 puissante et d\u00e9licieuse.","_links":{"self":[{"href":"https:\/\/bulkgenetics.com\/fr\/wp-json\/wp\/v2\/product\/10844","targetHints":{"allow":["GET"]}}],"collection":[{"href":"https:\/\/bulkgenetics.com\/fr\/wp-json\/wp\/v2\/product"}],"about":[{"href":"https:\/\/bulkgenetics.com\/fr\/wp-json\/wp\/v2\/types\/product"}],"replies":[{"embeddable":true,"href":"https:\/\/bulkgenetics.com\/fr\/wp-json\/wp\/v2\/comments?post=10844"}],"wp:featuredmedia":[{"embeddable":true,"href":"https:\/\/bulkgenetics.com\/fr\/wp-json\/wp\/v2\/media\/10693"}],"wp:attachment":[{"href":"https:\/\/bulkgenetics.com\/fr\/wp-json\/wp\/v2\/media?parent=10844"}],"wp:term":[{"taxonomy":"product_brand","embeddable":true,"href":"https:\/\/bulkgenetics.com\/fr\/wp-json\/wp\/v2\/product_brand?post=10844"},{"taxonomy":"product_cat","embeddable":true,"href":"https:\/\/bulkgenetics.com\/fr\/wp-json\/wp\/v2\/product_cat?post=10844"},{"taxonomy":"product_tag","embeddable":true,"href":"https:\/\/bulkgenetics.com\/fr\/wp-json\/wp\/v2\/product_tag?post=10844"}],"curies":[{"name":"wp","href":"https:\/\/api.w.org\/{rel}","templated":true}]}}