{"id":10855,"date":"2022-09-30T17:10:06","date_gmt":"2022-09-30T15:10:06","guid":{"rendered":"https:\/\/www.bulkgenetics.com\/super-lemon-haze\/"},"modified":"2024-10-08T01:14:06","modified_gmt":"2024-10-07T23:14:06","slug":"super-lemon-haze","status":"publish","type":"product","link":"https:\/\/bulkgenetics.com\/fr\/super-lemon-haze\/","title":{"rendered":"Super Lemon Haze"},"content":{"rendered":"\n<p><strong>Super Lemon Haze<\/strong> est consid\u00e9r\u00e9 par la communaut\u00e9 du cannabis comme l&#8217;un des plus grands hybrides Haze de l&#8217;histoire, avec la <a href=\"https:\/\/bulkgenetics.com\/fr\/jack-herer\/\">Jack Herer<\/a>, la <a href=\"https:\/\/bulkgenetics.com\/fr\/super-silver-haze\/\">Super Silver Haze<\/a>, <strong>la Silver Haze<\/strong> ou la <strong>NL5xHaze<\/strong>, entre autres.<\/p>\n\n\n\n<p>Il s&#8217;agit d&#8217;une vari\u00e9t\u00e9 de cannabis \u00e0 forte dominance sativa d\u00e9velopp\u00e9e par Greenhouse, qui combine la <strong>Super Silver Haze<\/strong>, plusieurs fois r\u00e9compens\u00e9e, avec une <a href=\"https:\/\/bulkgenetics.com\/fr\/lemon-skunk\/\">Lemon Skunk<\/a> qui intensifie sa saveur citronn\u00e9e.<\/p>\n\n\n\n<p>Depuis son lancement, la Super Lemon Haze a remport\u00e9 des prix prestigieux tels que celui de la meilleure vari\u00e9t\u00e9 durant la <strong>High Times Cannabis Cups 2008 et 2009<\/strong>, et un autre premier prix dans la cat\u00e9gorie Sativa \u00e0 la <strong>IC 420 Growers Cup 2010<\/strong>.<\/p>\n\n\n\n<p>C&#8217;est une vari\u00e9t\u00e9 de cannabis qui a \u00e9t\u00e9 largement utilis\u00e9e par des banques telles que BSF Seeds. Sur les sites Internet consacr\u00e9s au cannabis, tels que Seedfinder et Leafly, <strong>les cultivateurs et les consommateurs soulignent son impressionnante saveur citronn\u00e9e Haze<\/strong> et ses puissants effets Sativa.<\/p>\n\n\n\n<h2 class=\"wp-block-heading\">Comment cultiver la Super Lemon Haze<\/h2>\n\n\n\n<p>Malgr\u00e9 sa dominance Sativa, c&#8217;est <strong>une plante tr\u00e8s facile \u00e0 cultiver<\/strong>, m\u00eame en int\u00e9rieur. Elle montrera cependant tout son potentiel en ext\u00e9rieur et dans les climats tr\u00e8s ensoleill\u00e9s avec le d\u00e9but de l&#8217;automne sec.<\/p>\n\n\n\n<p><strong>En ext\u00e9rieur<\/strong>, si les graines sont mises \u00e0 germer au d\u00e9but du printemps, elle atteindra une grande hauteur, <strong>parfois plus de 3 m\u00e8tres<\/strong>. Sa structure est typique de la Sativa, avec des entre-n\u0153uds espac\u00e9s, de longues branches flexibles et des feuilles aux p\u00e9tioles tr\u00e8s pointus.<\/p>\n\n\n\n<p>La p\u00e9riode de floraison est relativement courte, <strong>puisqu&#8217;elle sera r\u00e9colt\u00e9e entre la mi- et la fin octobre. Au cours des derni\u00e8res semaines<\/strong>, les branches vont certainement commencer \u00e0 s&#8217;affaisser sous le poids des fleurs et vous devrez utiliser des tuteurs.<\/p>\n\n\n\n<p><strong>En int\u00e9rieur<\/strong>, vous devrez recourir \u00e0 une <strong>technique de culture pour contr\u00f4ler sa hauteur<\/strong>. Une simple taille apicale pour obtenir 4 branches principales est une solution rapide et efficace.<\/p>\n\n\n\n<p>\u00c0 partir du moment o\u00f9 la photop\u00e9riode passe de la croissance \u00e0 la floraison, <strong>la r\u00e9colte prend environ 9 \u00e0 10 semaines<\/strong>. Pendant ce temps, les t\u00eates continuent \u00e0 grossir et \u00e0 produire de grandes quantit\u00e9s de trichomes.<\/p>\n\n\n\n<h2 class=\"wp-block-heading\">Caract\u00e9ristiques de la Super Lemon Haze<\/h2>\n\n\n\n<p>Les rendements sont impressionnants, atteignant <strong>jusqu&#8217;\u00e0 900 grammes par plante<\/strong> en ext\u00e9rieur pour les plus grandes plantes. \u00c0 l&#8217;int\u00e9rieur, elle produira <strong>jusqu&#8217;\u00e0 550 grammes par m\u00b2<\/strong> avec une ampoule LED de 300-350W.<\/p>\n\n\n\n<p>Elle produit des t\u00eates typiques d&#8217;une plante hybrides. Elles sont volumineuses, mais aussi <strong>extr\u00eamement compactes et particuli\u00e8rement r\u00e9sineuses<\/strong>. Les extractions s\u00e8ches ou les extractions avec de l&#8217;eau et de la glace produisent un haschisch de la plus haute qualit\u00e9.<\/p>\n\n\n\n<p><strong>L&#8217;ar\u00f4me et le go\u00fbt<\/strong> sont un d\u00e9lice, pour ceux qui ont essay\u00e9 la Super Silver Haze, ils la trouveront similaire, mais avec une touche beaucoup plus citrique et acide de citron vert avec un fond tropical.<\/p>\n\n\n\n<p>Les effets percuttent imm\u00e9diatement, vous ressentirez un high tr\u00e8s \u00e9nergique et euphorique qui durera des heures. Elle convient parfaitement pour fumer pendant la journ\u00e9e et pour les activit\u00e9s cr\u00e9atives.<\/p>\n\n\n\n<div style=\"height:50px\" aria-hidden=\"true\" class=\"wp-block-spacer uag-hide-mob\"><\/div>\n\n\n\n<div class=\"wp-block-columns is-layout-flex wp-container-core-columns-is-layout-28f84493 wp-block-columns-is-layout-flex\">\n<div class=\"wp-block-column is-layout-flow wp-block-column-is-layout-flow\">\n<p class=\"has-text-align-center has-medium-font-size\"><strong>Ce qui nous pla\u00eet le plus<\/strong><\/p>\n\n\n\n<ul class=\"wp-block-list\">\n<li>Tr\u00e9s r\u00e9sistante et facile \u00e0 cultiver.<\/li>\n\n\n\n<li>Production tr\u00e8s \u00e9lev\u00e9e.<\/li>\n\n\n\n<li>Saveut tr\u00e8s citrique.<\/li>\n\n\n\n<li>Effets tr\u00e8s \u00e9nergiques et stimulants.<\/li>\n\n\n\n<li>Son prix.<\/li>\n<\/ul>\n<\/div>\n\n\n\n<div class=\"wp-block-column is-layout-flow wp-block-column-is-layout-flow\">\n<p class=\"has-text-align-center has-medium-font-size\"><strong>Ce qui nous pla\u00eet le moins<\/strong><\/p>\n\n\n\n<ul class=\"wp-block-list\">\n<li>Odeur intense en floraison.<\/li>\n\n\n\n<li>Elle pousse beaucoup pour les cultures int\u00e9rieures.<\/li>\n<\/ul>\n<\/div>\n<\/div>\n\n\n\n<div style=\"height:50px\" aria-hidden=\"true\" class=\"wp-block-spacer uag-hide-mob\"><\/div>\n\n\n\n<h2 class=\"wp-block-heading\">Questions fr\u00e9quentes<\/h2>\n\n\n\n<p>Vous trouverez ci-dessous les questions les plus fr\u00e9quemment pos\u00e9es par les cultivateurs int\u00e9ress\u00e9s par ces graines en vrac bon march\u00e9 :<\/p>\n\n\n<div id=\"rank-math-faq\" class=\"rank-math-block\">\n<div class=\"rank-math-list \">\n<div id=\"faq-question-1663029074962\" class=\"rank-math-list-item\">\n<h3 class=\"rank-math-question \">Quand commence la floraison de la Super Lemon Haze en ext\u00e9rieur ?<\/h3>\n<div class=\"rank-math-answer \">\n\n<p>La floraison commence durant la premi\u00e8re quinzaine d&#8217;ao\u00fbt, selon la latitude de la culture.<\/p>\n\n<\/div>\n<\/div>\n<div id=\"faq-question-1663029159933\" class=\"rank-math-list-item\">\n<h3 class=\"rank-math-question \">Quand r\u00e9colter une Super Lemon Haze den ext\u00e9rieur ?<\/h3>\n<div class=\"rank-math-answer \">\n\n<p>Il s&#8217;agit d&#8217;une vari\u00e9t\u00e9 \u00e0 floraison moyenne qui se r\u00e9colte entre le milieu et la fin du mois d&#8217;octobre.<\/p>\n\n<\/div>\n<\/div>\n<div id=\"faq-question-1663029165861\" class=\"rank-math-list-item\">\n<h3 class=\"rank-math-question \">Commenc cultiver la Super Lemon Haze f\u00e9minis\u00e9e?<\/h3>\n<div class=\"rank-math-answer \">\n\n<p>C&#8217;est une plante qui, malgr\u00e9 sa dominance Sativa, est tr\u00e8s facile \u00e0 cultiver, bien qu&#8217;en int\u00e9rieur elle n\u00e9cessite des techniques de culture. Une simple taille apicale suffit pour le contr\u00f4ler.<\/p>\n\n<\/div>\n<\/div>\n<div id=\"faq-question-1666780029954\" class=\"rank-math-list-item\">\n<h3 class=\"rank-math-question \">Quels sont les effets de la Super Lemon Haze en vrac ?<\/h3>\n<div class=\"rank-math-answer \">\n\n<p>Les effets sont tr\u00e8s puissants, \u00e9nergiques, euphoriques et cr\u00e9atifs. C&#8217;est une bonne vari\u00e9t\u00e9 pour la journ\u00e9e.<\/p>\n\n<\/div>\n<\/div>\n<\/div>\n<\/div>","protected":false},"excerpt":{"rendered":"<p>Super Lemon Haze combine la multiple championne Super Silver Haze avec la Lemon Skunk. Le r\u00e9sultat est une vari\u00e9t\u00e9 parfaite \u00e0 dominance Sativa. Elle convient \u00e0 l&#8217;int\u00e9rieur, mais surtout \u00e0 l&#8217;ext\u00e9rieur, o\u00f9 elle peut atteindre une hauteur de 2,5 \u00e0 3 m\u00e8tres. Sa structure est Sativa, avec des entre-n\u0153uds espac\u00e9s et des feuilles aux p\u00e9tioles pointus. Ses t\u00eates sont extr\u00eamement r\u00e9sineuses et d\u00e9gagent un ar\u00f4me intense de bonbon au citron. Un tsunami d&#8217;\u00e9nergie positive d\u00e9ferlera sur votre corps et votre esprit, vous faisant planer pendant des heures.<\/p>\n","protected":false},"featured_media":11046,"comment_status":"open","ping_status":"closed","template":"","meta":{"_acf_changed":false,"inline_featured_image":false,"_uag_custom_page_level_css":""},"product_brand":[],"product_cat":[1125],"product_tag":[],"class_list":{"0":"post-10855","1":"product","2":"type-product","3":"status-publish","4":"has-post-thumbnail","6":"product_cat-graines-feminisees-en-gros","8":"first","9":"instock","10":"taxable","11":"shipping-taxable","12":"purchasable","13":"product-type-simple"},"acf":[],"uagb_featured_image_src":{"full":["https:\/\/bulkgenetics.com\/wp-content\/uploads\/2022\/09\/super-lemon-haze-feminizada-granel.jpg",1600,1600,false],"thumbnail":["https:\/\/bulkgenetics.com\/wp-content\/uploads\/2022\/09\/super-lemon-haze-feminizada-granel-150x150.jpg",150,150,true],"medium":["https:\/\/bulkgenetics.com\/wp-content\/uploads\/2022\/09\/super-lemon-haze-feminizada-granel-300x300.jpg",300,300,true],"medium_large":["https:\/\/bulkgenetics.com\/wp-content\/uploads\/2022\/09\/super-lemon-haze-feminizada-granel-768x768.jpg",768,768,true],"large":["https:\/\/bulkgenetics.com\/wp-content\/uploads\/2022\/09\/super-lemon-haze-feminizada-granel-1024x1024.jpg",1024,1024,true],"1536x1536":["https:\/\/bulkgenetics.com\/wp-content\/uploads\/2022\/09\/super-lemon-haze-feminizada-granel-1536x1536.jpg",1536,1536,true],"2048x2048":["https:\/\/bulkgenetics.com\/wp-content\/uploads\/2022\/09\/super-lemon-haze-feminizada-granel.jpg",1600,1600,false],"commercegurus-pdp-large":["https:\/\/bulkgenetics.com\/wp-content\/uploads\/2022\/09\/super-lemon-haze-feminizada-granel-990x990.jpg",990,990,true],"commercegurus-plp-mobile":["https:\/\/bulkgenetics.com\/wp-content\/uploads\/2022\/09\/super-lemon-haze-feminizada-granel-441x441.jpg",441,441,true],"cgkit_image_swatch":["https:\/\/bulkgenetics.com\/wp-content\/uploads\/2022\/09\/super-lemon-haze-feminizada-granel-100x100.jpg",100,100,true],"woocommerce_thumbnail":["https:\/\/bulkgenetics.com\/wp-content\/uploads\/2022\/09\/super-lemon-haze-feminizada-granel-300x300.jpg",300,300,true],"woocommerce_single":["https:\/\/bulkgenetics.com\/wp-content\/uploads\/2022\/09\/super-lemon-haze-feminizada-granel-800x800.jpg",800,800,true],"woocommerce_gallery_thumbnail":["https:\/\/bulkgenetics.com\/wp-content\/uploads\/2022\/09\/super-lemon-haze-feminizada-granel-150x150.jpg",150,150,true],"dgwt-wcas-product-suggestion":["https:\/\/bulkgenetics.com\/wp-content\/uploads\/2022\/09\/super-lemon-haze-feminizada-granel-64x64.jpg",64,64,true]},"uagb_author_info":{"display_name":"J\u00e9r\u00f4me","author_link":"https:\/\/bulkgenetics.com\/fr\/author\/"},"uagb_comment_info":0,"uagb_excerpt":"Super Lemon Haze combine la multiple championne Super Silver Haze avec la Lemon Skunk. Le r\u00e9sultat est une vari\u00e9t\u00e9 parfaite \u00e0 dominance Sativa. Elle convient \u00e0 l'int\u00e9rieur, mais surtout \u00e0 l'ext\u00e9rieur, o\u00f9 elle peut atteindre une hauteur de 2,5 \u00e0 3 m\u00e8tres. Sa structure est Sativa, avec des entre-n\u0153uds espac\u00e9s et des feuilles aux p\u00e9tioles\u2026","_links":{"self":[{"href":"https:\/\/bulkgenetics.com\/fr\/wp-json\/wp\/v2\/product\/10855","targetHints":{"allow":["GET"]}}],"collection":[{"href":"https:\/\/bulkgenetics.com\/fr\/wp-json\/wp\/v2\/product"}],"about":[{"href":"https:\/\/bulkgenetics.com\/fr\/wp-json\/wp\/v2\/types\/product"}],"replies":[{"embeddable":true,"href":"https:\/\/bulkgenetics.com\/fr\/wp-json\/wp\/v2\/comments?post=10855"}],"wp:featuredmedia":[{"embeddable":true,"href":"https:\/\/bulkgenetics.com\/fr\/wp-json\/wp\/v2\/media\/11046"}],"wp:attachment":[{"href":"https:\/\/bulkgenetics.com\/fr\/wp-json\/wp\/v2\/media?parent=10855"}],"wp:term":[{"taxonomy":"product_brand","embeddable":true,"href":"https:\/\/bulkgenetics.com\/fr\/wp-json\/wp\/v2\/product_brand?post=10855"},{"taxonomy":"product_cat","embeddable":true,"href":"https:\/\/bulkgenetics.com\/fr\/wp-json\/wp\/v2\/product_cat?post=10855"},{"taxonomy":"product_tag","embeddable":true,"href":"https:\/\/bulkgenetics.com\/fr\/wp-json\/wp\/v2\/product_tag?post=10855"}],"curies":[{"name":"wp","href":"https:\/\/api.w.org\/{rel}","templated":true}]}}