{"id":10856,"date":"2022-09-30T17:09:57","date_gmt":"2022-09-30T15:09:57","guid":{"rendered":"https:\/\/www.bulkgenetics.com\/sucre-candy\/"},"modified":"2024-10-08T01:14:06","modified_gmt":"2024-10-07T23:14:06","slug":"sugar-candy","status":"publish","type":"product","link":"https:\/\/bulkgenetics.com\/fr\/sugar-candy\/","title":{"rendered":"Sugar Candy"},"content":{"rendered":"\n<p>D\u00e9couvrez la d\u00e9licieuse <strong>strain Sugar Candy<\/strong>, un v\u00e9ritable joyau g\u00e9n\u00e9tique cr\u00e9\u00e9 par la banque de graines Delicious Seeds. Cet hybride \u00e0 dominance Sativa est le r\u00e9sultat du croisement de deux s\u00e9lections exceptionnelles : <strong>Sugar Black Rose<\/strong> (une combinaison de <strong><a href=\"https:\/\/bulkgenetics.com\/fr\/critical-bilbo\/\">Critical Bilbo<\/a><\/strong> x <a href=\"https:\/\/bulkgenetics.com\/fr\/black-domina\/\"><strong>Black Domina<\/strong><\/a>) et <strong>Caramelo<\/strong> (une s\u00e9lection de <strong>Lavender<\/strong>). Le r\u00e9sultat est une plante qui se distingue \u00e0 tous \u00e9gards, offrant une exp\u00e9rience unique tant pour les cultivateurs novices que pour les exp\u00e9riment\u00e9s.<\/p>\n\n\n\n<p>Visuellement, la plante de <strong>Sugar Candy<\/strong> est un v\u00e9ritable spectacle. Ses t\u00eates sont denses et lourdes, recouvertes d&#8217;une quantit\u00e9 impressionnante de r\u00e9sine qui rend parfois difficile de distinguer la couleur r\u00e9elle des t\u00eates. Ce spectacle visuel est accompagn\u00e9 d&#8217;un ar\u00f4me incomparable.<\/p>\n\n\n\n<h2 class=\"wp-block-heading\">Saveur et Effets<\/h2>\n\n\n\n<p>Le <strong>parfum et la saveur de Sugar Candy<\/strong> sont sans aucun doute ses points forts. Cette strain offre un m\u00e9lange irr\u00e9sistible de <strong>mangue<\/strong>, <strong>caramel au miel<\/strong> et <strong>r\u00e9glisse<\/strong>, avec des notes subtiles de biscuits au beurre et de lavande. En inhalant, vous serez envelopp\u00e9 par une d\u00e9licieuse touche de fruits tropicaux et de sucreries, tandis qu&#8217;en exhalant, vous profiterez d&#8217;un arri\u00e8re-go\u00fbt persistant et doux, \u00e9voquant la sensation d&#8217;avoir d\u00e9gust\u00e9 un mets exquis.<\/p>\n\n\n\n<p>L&#8217;effet de <strong>Sugar Candy<\/strong> est tout aussi impressionnant. Avec une teneur en <strong>THC<\/strong> pouvant atteindre 25 %, cette strain procure une puissante vague d&#8217;euphorie qui inondera votre corps de bonheur. Ses effets sont principalement c\u00e9r\u00e9braux, vous rendant joyeux et bavard, parfait pour socialiser et passer de bons moments entre amis. De plus, sa faible teneur en <strong>CBD<\/strong> (moins de 1 %) garantit que les effets psychoactifs sont les protagonistes, offrant une exp\u00e9rience intense et agr\u00e9able.<\/p>\n\n\n\n<h3 class=\"wp-block-heading\">Terp\u00e8nes de Sugar Candy<\/h3>\n\n\n\n<p>La <strong>Sugar Candy<\/strong> se distingue non seulement par sa puissance et sa saveur, mais aussi par son profil terp\u00e9nique unique. Le <strong>caryophyll\u00e8ne<\/strong> est le terp\u00e8ne dominant, apportant un ar\u00f4me \u00e9pic\u00e9 et poivr\u00e9, qui se marie parfaitement avec les touches sucr\u00e9es et fruit\u00e9es de la plante. Ce terp\u00e8ne est \u00e9galement connu pour ses propri\u00e9t\u00e9s anti-inflammatoires et analg\u00e9siques, ce qui peut aider \u00e0 soulager la douleur et l&#8217;inflammation.<\/p>\n\n\n\n<p>En outre, le <strong>limon\u00e8ne<\/strong> et le <strong>linalool<\/strong> se trouvent en plus petite quantit\u00e9, mais jouent un r\u00f4le crucial dans l&#8217;ar\u00f4me et les effets de <strong>Sugar Candy<\/strong>. Le limon\u00e8ne apporte des notes d&#8217;agrumes fra\u00eeches, \u00e9levant l&#8217;humeur et r\u00e9duisant le stress, tandis que le linalool offre une touche florale et lavande, connue pour ses propri\u00e9t\u00e9s relaxantes et anxiolytiques.<\/p>\n\n\n\n<p>Gr\u00e2ce \u00e0 ce profil terp\u00e9nique complexe, consommer <strong>Sugar Candy<\/strong> n&#8217;est pas seulement une exp\u00e9rience sensorielle agr\u00e9able, mais aussi b\u00e9n\u00e9fique pour votre bien-\u00eatre, vous aidant \u00e0 vous d\u00e9tendre et \u00e0 profiter du moment avec un sourire sur le visage.<\/p>\n\n\n\n<h2 class=\"wp-block-heading\">Rendement et Temps de Floraison<\/h2>\n\n\n\n<p>Le <strong>rendement de Sugar Candy<\/strong> est impressionnant, tant en culture int\u00e9rieure qu&#8217;ext\u00e9rieure. En int\u00e9rieur, avec un bon panneau LED de 300-350 W, il est possible de r\u00e9colter jusqu&#8217;\u00e0 600 grammes par m\u00e8tre carr\u00e9. Cela en fait un excellent choix pour ceux qui cherchent \u00e0 maximiser leur rendement dans des espaces contr\u00f4l\u00e9s. En ext\u00e9rieur, cette strain montre vraiment son potentiel, atteignant des r\u00e9coltes pouvant aller jusqu&#8217;\u00e0 1500 grammes par plante dans des conditions optimales.<\/p>\n\n\n\n<p>Le <strong>temps de floraison de Sugar Candy<\/strong> est \u00e9galement remarquablement rapide. En culture int\u00e9rieure, \u00e0 partir du changement de photop\u00e9riode \u00e0 la floraison, la r\u00e9colte se fait en seulement 50-55 jours. Cela permet aux cultivateurs d&#8217;obtenir des r\u00e9sultats rapides sans sacrifier la qualit\u00e9 ou la quantit\u00e9 de la r\u00e9colte. En ext\u00e9rieur, la floraison commence d\u00e9but ao\u00fbt et la r\u00e9colte est pr\u00eate fin septembre, ce qui la rend id\u00e9ale pour les zones avec des \u00e9t\u00e9s courts.<\/p>\n\n\n\n<p>En r\u00e9sum\u00e9, <strong>Sugar Candy<\/strong> est une strain qui offre non seulement une saveur et des effets exceptionnels, mais qui assure \u00e9galement une production abondante et rapide, que vous d\u00e9cidiez de la cultiver en int\u00e9rieur ou en ext\u00e9rieur. Avec ses t\u00eates denses et r\u00e9sineuses et un temps de floraison court, cette strain est parfaite pour ceux qui recherchent des r\u00e9sultats rapides et de haute qualit\u00e9.<\/p>\n\n\n\n<h2 class=\"wp-block-heading\">Comment Cultiver Sugar Candy<\/h2>\n\n\n\n<p>La culture de <strong>Sugar Candy<\/strong> sera une exp\u00e9rience gratifiante tant pour les d\u00e9butants que pour les cultivateurs exp\u00e9riment\u00e9s. Cette strain est tr\u00e8s facile \u00e0 g\u00e9rer, ce qui en fait un choix id\u00e9al pour ceux qui craignent de ne pas savoir cultiver. Gr\u00e2ce \u00e0 sa dominance Sativa, sa croissance est vigoureuse et ample, mais sans complications.<\/p>\n\n\n\n<p><strong>Climat et conditions de culture<\/strong> : Sugar Candy s&#8217;adapte parfaitement \u00e0 diff\u00e9rents climats, y compris ceux avec des \u00e9t\u00e9s courts. En ext\u00e9rieur, nous recommandons de commencer la culture au d\u00e9but de l&#8217;\u00e9t\u00e9 pour maximiser son potentiel de croissance. Cette plante peut atteindre jusqu&#8217;\u00e0 3 m\u00e8tres de hauteur, d\u00e9veloppant de longues branches qui supportent des t\u00eates \u00e9normes. En int\u00e9rieur, il est conseill\u00e9 d&#8217;utiliser des techniques comme la taille apicale ou la culture en SCROG pour contr\u00f4ler sa croissance et maximiser la production.<\/p>\n\n\n\n<p><strong>R\u00e9sistance aux nuisibles et aux maladies<\/strong> : Sugar Candy est une strain robuste et r\u00e9sistante. Elle a une bonne r\u00e9sistance \u00e0 la moisissure et aux parasites, ce qui facilite sa culture dans diverses conditions sans n\u00e9cessiter de soins excessifs. Cependant, il est toujours recommand\u00e9 de maintenir un environnement de culture propre et contr\u00f4l\u00e9 pour \u00e9viter tout probl\u00e8me.<\/p>\n\n\n\n<div style=\"height:50px\" aria-hidden=\"true\" class=\"wp-block-spacer uag-hide-mob\"><\/div>\n\n\n\n<div class=\"wp-block-columns is-layout-flex wp-container-core-columns-is-layout-28f84493 wp-block-columns-is-layout-flex\">\n<div class=\"wp-block-column is-layout-flow wp-block-column-is-layout-flow\">\n<p class=\"has-text-align-center has-medium-font-size\"><strong>Ce que nous aimons le plus<\/strong><\/p>\n\n\n\n<ul class=\"wp-block-list\">\n<li>Tr\u00e8s facile \u00e0 cultiver, id\u00e9al pour les d\u00e9butants.<\/li>\n\n\n\n<li>Production XXL en int\u00e9rieur et en ext\u00e9rieur.<\/li>\n\n\n\n<li>Floraison tr\u00e8s rapide.<\/li>\n\n\n\n<li>Saveur extra-douce et d\u00e9licieuse.<\/li>\n\n\n\n<li>Effets tr\u00e8s heureux et rieurs.<\/li>\n<\/ul>\n<\/div>\n\n\n\n<div class=\"wp-block-column is-layout-flow wp-block-column-is-layout-flow\">\n<p class=\"has-text-align-center has-medium-font-size\"><strong>Ce que nous aimons le moins<\/strong><\/p>\n\n\n\n<ul class=\"wp-block-list\">\n<li>En floraison, elle est assez odorante, ce qui peut n\u00e9cessiter des syst\u00e8mes de filtration.<\/li>\n<\/ul>\n<\/div>\n<\/div>\n\n\n\n<div style=\"height:50px\" aria-hidden=\"true\" class=\"wp-block-spacer uag-hide-mob\"><\/div>\n\n\n\n<h2 class=\"wp-block-heading\">Questions Fr\u00e9quemment Pos\u00e9es<\/h2>\n\n\n\n<p>Vous trouverez ci-dessous les r\u00e9ponses aux questions les plus fr\u00e9quemment pos\u00e9es par les cultivateurs int\u00e9ress\u00e9s par ces graines bon march\u00e9 :<\/p>\n\n\n<div id=\"rank-math-faq\" class=\"rank-math-block\">\n<div class=\"rank-math-list \">\n<div id=\"faq-question-1663029074962\" class=\"rank-math-list-item\">\n<h3 class=\"rank-math-question \">Quand commence la floraison de Sugar Candy en ext\u00e9rieur ?<\/h3>\n<div class=\"rank-math-answer \">\n\n<p>En ext\u00e9rieur, Sugar Candy commence sa phase de floraison au cours des deux premi\u00e8res semaines d&#8217;ao\u00fbt. Cette strain est connue pour sa floraison rapide, ce qui la rend id\u00e9ale pour les climats avec des \u00e9t\u00e9s plus courts.<\/p>\n\n<\/div>\n<\/div>\n<div id=\"faq-question-1663029159933\" class=\"rank-math-list-item\">\n<h3 class=\"rank-math-question \">Quand r\u00e9colter une Sugar Candy en ext\u00e9rieur ?<\/h3>\n<div class=\"rank-math-answer \">\n\n<p>Sugar Candy a une p\u00e9riode de floraison tr\u00e8s courte et se r\u00e9colte fin septembre. Cela permet d&#8217;obtenir des r\u00e9coltes abondantes avant l&#8217;arriv\u00e9e des premi\u00e8res gel\u00e9es, garantissant la meilleure qualit\u00e9 des t\u00eates.<\/p>\n\n<\/div>\n<\/div>\n<div id=\"faq-question-1663029165861\" class=\"rank-math-list-item\">\n<h3 class=\"rank-math-question \">Comment cultiver une Sugar Candy f\u00e9minis\u00e9e ?<\/h3>\n<div class=\"rank-math-answer \">\n\n<p>Pour cultiver Sugar Candy en int\u00e9rieur, nous recommandons d&#8217;utiliser des techniques telles que la taille apicale ou la culture en SCROG pour contr\u00f4ler sa croissance. Depuis le changement de photop\u00e9riode \u00e0 la floraison, elle se r\u00e9colte en seulement 50-55 jours. Assurez-vous de maintenir un environnement de culture propre et bien ventil\u00e9 pour obtenir les meilleurs r\u00e9sultats.<\/p>\n\n<\/div>\n<\/div>\n<div id=\"faq-question-1666780029954\" class=\"rank-math-list-item\">\n<h3 class=\"rank-math-question \">Quels sont les effets de Sugar Candy en vrac ?<\/h3>\n<div class=\"rank-math-answer \">\n\n<p>Les effets de Sugar Candy sont tr\u00e8s puissants et joyeux. Avec une teneur en THC allant jusqu&#8217;\u00e0 25 %, cette strain procure une vague d&#8217;euphorie et de bonheur, vous rendant rieur et bavard. Elle est parfaite pour socialiser et passer de bons moments entre amis.<\/p>\n\n<\/div>\n<\/div>\n<div id=\"faq-question-1721139774539\" class=\"rank-math-list-item\">\n<h3 class=\"rank-math-question \">Quel go\u00fbt a Sugar Candy ?<\/h3>\n<div class=\"rank-math-answer \">\n\n<p>Le go\u00fbt de Sugar Candy est une d\u00e9licieuse combinaison de mangue, de caramel au miel et de r\u00e9glisse, avec des notes subtiles de biscuits au beurre et de lavande. Ce profil de saveur sucr\u00e9 et fruit\u00e9 en fait l&#8217;une des strains les plus savoureuses du march\u00e9.<\/p>\n\n<\/div>\n<\/div>\n<div id=\"faq-question-1721139829128\" class=\"rank-math-list-item\">\n<h3 class=\"rank-math-question \">Sugar Candy est-elle sativa ou indica ?<\/h3>\n<div class=\"rank-math-answer \">\n\n<p>Sugar Candy est une strain \u00e0 dominance <strong>sativa<\/strong>, avec une proportion de 60 % sativa et 40 % indica. Les strains sativa sont g\u00e9n\u00e9ralement caract\u00e9ris\u00e9es par une croissance haute et \u00e9lanc\u00e9e, avec des feuilles \u00e9troites et allong\u00e9es. Elles procurent un effet c\u00e9r\u00e9bral et \u00e9nergisant, parfait pour les activit\u00e9s diurnes. En revanche, les strains indica sont plus compactes et robustes, avec des feuilles larges, et offrent un effet corporel relaxant, id\u00e9al pour la nuit. Sugar Candy combine le meilleur des deux mondes, offrant une exp\u00e9rience \u00e9quilibr\u00e9e et polyvalente.<\/p>\n\n<\/div>\n<\/div>\n<\/div>\n<\/div>","protected":false},"excerpt":{"rendered":"<p><b>Sugar Candy<\/b> est le choix parfait pour ceux qui recherchent une exp\u00e9rience douce et puissante. Avec une <strong>floraison rapide<\/strong> et une <strong>production XXL<\/strong>, cette strain offre des <strong>effets euphoriques et rieurs<\/strong>, id\u00e9als pour n&#8217;importe quel moment. D\u00e9couvrez la saveur in\u00e9gal\u00e9e de la mangue et du caramel avec des r\u00e9sultats impressionnants \u00e0 chaque culture !<\/p>\n","protected":false},"featured_media":10794,"comment_status":"open","ping_status":"closed","template":"","meta":{"_acf_changed":false,"inline_featured_image":false,"_uag_custom_page_level_css":""},"product_brand":[],"product_cat":[1125],"product_tag":[],"class_list":{"0":"post-10856","1":"product","2":"type-product","3":"status-publish","4":"has-post-thumbnail","6":"product_cat-graines-feminisees-en-gros","8":"first","9":"outofstock","10":"taxable","11":"shipping-taxable","12":"purchasable","13":"product-type-simple"},"acf":[],"uagb_featured_image_src":{"full":["https:\/\/bulkgenetics.com\/wp-content\/uploads\/2022\/09\/sugar-candy-feminizada-granel.jpg",1600,1600,false],"thumbnail":["https:\/\/bulkgenetics.com\/wp-content\/uploads\/2022\/09\/sugar-candy-feminizada-granel-150x150.jpg",150,150,true],"medium":["https:\/\/bulkgenetics.com\/wp-content\/uploads\/2022\/09\/sugar-candy-feminizada-granel-300x300.jpg",300,300,true],"medium_large":["https:\/\/bulkgenetics.com\/wp-content\/uploads\/2022\/09\/sugar-candy-feminizada-granel-768x768.jpg",768,768,true],"large":["https:\/\/bulkgenetics.com\/wp-content\/uploads\/2022\/09\/sugar-candy-feminizada-granel-1024x1024.jpg",1024,1024,true],"1536x1536":["https:\/\/bulkgenetics.com\/wp-content\/uploads\/2022\/09\/sugar-candy-feminizada-granel-1536x1536.jpg",1536,1536,true],"2048x2048":["https:\/\/bulkgenetics.com\/wp-content\/uploads\/2022\/09\/sugar-candy-feminizada-granel.jpg",1600,1600,false],"commercegurus-pdp-large":["https:\/\/bulkgenetics.com\/wp-content\/uploads\/2022\/09\/sugar-candy-feminizada-granel-990x990.jpg",990,990,true],"commercegurus-plp-mobile":["https:\/\/bulkgenetics.com\/wp-content\/uploads\/2022\/09\/sugar-candy-feminizada-granel-441x441.jpg",441,441,true],"cgkit_image_swatch":["https:\/\/bulkgenetics.com\/wp-content\/uploads\/2022\/09\/sugar-candy-feminizada-granel-100x100.jpg",100,100,true],"woocommerce_thumbnail":["https:\/\/bulkgenetics.com\/wp-content\/uploads\/2022\/09\/sugar-candy-feminizada-granel-300x300.jpg",300,300,true],"woocommerce_single":["https:\/\/bulkgenetics.com\/wp-content\/uploads\/2022\/09\/sugar-candy-feminizada-granel-800x800.jpg",800,800,true],"woocommerce_gallery_thumbnail":["https:\/\/bulkgenetics.com\/wp-content\/uploads\/2022\/09\/sugar-candy-feminizada-granel-150x150.jpg",150,150,true],"dgwt-wcas-product-suggestion":["https:\/\/bulkgenetics.com\/wp-content\/uploads\/2022\/09\/sugar-candy-feminizada-granel-64x64.jpg",64,64,true]},"uagb_author_info":{"display_name":"Bruno Crespo","author_link":"https:\/\/bulkgenetics.com\/fr\/author\/"},"uagb_comment_info":0,"uagb_excerpt":"Sugar Candy est le choix parfait pour ceux qui recherchent une exp\u00e9rience douce et puissante. Avec une floraison rapide et une production XXL, cette strain offre des effets euphoriques et rieurs, id\u00e9als pour n'importe quel moment. D\u00e9couvrez la saveur in\u00e9gal\u00e9e de la mangue et du caramel avec des r\u00e9sultats impressionnants \u00e0 chaque culture !","_links":{"self":[{"href":"https:\/\/bulkgenetics.com\/fr\/wp-json\/wp\/v2\/product\/10856","targetHints":{"allow":["GET"]}}],"collection":[{"href":"https:\/\/bulkgenetics.com\/fr\/wp-json\/wp\/v2\/product"}],"about":[{"href":"https:\/\/bulkgenetics.com\/fr\/wp-json\/wp\/v2\/types\/product"}],"replies":[{"embeddable":true,"href":"https:\/\/bulkgenetics.com\/fr\/wp-json\/wp\/v2\/comments?post=10856"}],"wp:featuredmedia":[{"embeddable":true,"href":"https:\/\/bulkgenetics.com\/fr\/wp-json\/wp\/v2\/media\/10794"}],"wp:attachment":[{"href":"https:\/\/bulkgenetics.com\/fr\/wp-json\/wp\/v2\/media?parent=10856"}],"wp:term":[{"taxonomy":"product_brand","embeddable":true,"href":"https:\/\/bulkgenetics.com\/fr\/wp-json\/wp\/v2\/product_brand?post=10856"},{"taxonomy":"product_cat","embeddable":true,"href":"https:\/\/bulkgenetics.com\/fr\/wp-json\/wp\/v2\/product_cat?post=10856"},{"taxonomy":"product_tag","embeddable":true,"href":"https:\/\/bulkgenetics.com\/fr\/wp-json\/wp\/v2\/product_tag?post=10856"}],"curies":[{"name":"wp","href":"https:\/\/api.w.org\/{rel}","templated":true}]}}