{"id":10861,"date":"2022-09-30T16:56:52","date_gmt":"2022-09-30T14:56:52","guid":{"rendered":"https:\/\/www.bulkgenetics.com\/sherbet\/"},"modified":"2024-10-08T01:18:48","modified_gmt":"2024-10-07T23:18:48","slug":"sherbet","status":"publish","type":"product","link":"https:\/\/bulkgenetics.com\/fr\/sherbet\/","title":{"rendered":"Sunset Sherbet"},"content":{"rendered":"\n<p><strong>Sunset Sherbet<\/strong> est une strain de cannabis qui a conquis les c\u0153urs par sa saveur et ses effets exceptionnels. Cette <strong>marijuana<\/strong> hybride, majoritairement indica, provient du croisement magistral entre la d\u00e9licieuse <strong><a href=\"https:\/\/bulkgenetics.com\/fr\/girl-scout-cookies\/\">Girl Scout Cookies<\/a><\/strong> et l&#8217;intrigante <strong>Pink Panties<\/strong>. La g\u00e9n\u00e9tique de Sunset Sherbet combine le meilleur des deux mondes, offrant un m\u00e9lange unique de relaxation corporelle profonde et d&#8217;\u00e9l\u00e9vation mentale euphorique.<\/p>\n\n\n\n<p>La <strong>Sunset Sherbet<\/strong> se distingue par sa r\u00e9sistance et sa facilit\u00e9 de culture, ce qui la rend id\u00e9ale aussi bien pour les cultivateurs novices que pour les experts. Cette plante de taille moyenne pousse avec une structure robuste et attrayante, avec des branches \u00e9paisses et longues capables de supporter le poids de ses fleurs imposantes.<\/p>\n\n\n\n<p>Les t\u00eates de la <strong>Sunset Sherbet<\/strong> sont de v\u00e9ritables joyaux de la nature. Grandes, denses et compactes, elles ressemblent \u00e0 des battes de baseball par leur forme allong\u00e9e. De plus, elles sont recouvertes d&#8217;une \u00e9paisse couche de trichomes blancs, leur donnant un aspect presque glac\u00e9 et scintillant. Vers la fin de la phase de floraison, avec des temp\u00e9ratures douces, les t\u00eates prennent des teintes ros\u00e9es qui les rendent encore plus attrayantes visuellement.<\/p>\n\n\n\n<h2 class=\"wp-block-heading\">Saveur et Effets<\/h2>\n\n\n\n<p>L&#8217;ar\u00f4me de la <strong>Sunset Sherbet<\/strong> est une v\u00e9ritable explosion de fruits sucr\u00e9s et d&#8217;agrumes, avec une touche de menthe fra\u00eeche qui la rend inconfondable. En broyant les t\u00eates, des notes de skunk et un subtil fond terreux se d\u00e9gagent, enrichissant encore plus son profil aromatique. Chaque bouff\u00e9e est un d\u00e9lice pour les sens, avec une saveur rappelant les bonbons aux fruits tropicaux, aux agrumes et aux baies. Sans aucun doute, c&#8217;est une exp\u00e9rience qui vous fera savourer chaque instant.<\/p>\n\n\n\n<p>Quant aux effets, la <strong>Sunset Sherbet<\/strong> est connue pour sa puissance. Avec une teneur en THC pouvant atteindre jusqu&#8217;\u00e0 25 %, cette strain procure une mont\u00e9e de bonheur et de joie qui d\u00e9tend compl\u00e8tement le corps. Elle est id\u00e9ale pour se d\u00e9connecter de tout probl\u00e8me et plonger dans un \u00e9tat de tranquillit\u00e9 et de bien-\u00eatre. De plus, sa teneur en CBD est faible, g\u00e9n\u00e9ralement inf\u00e9rieure \u00e0 1 %, ce qui signifie que les effets psychoactifs du THC sont pr\u00e9dominants.<\/p>\n\n\n\n<h3 class=\"wp-block-heading\">Terp\u00e8nes de Sunset Sherbet<\/h3>\n\n\n\n<p>La <strong>Sunset Sherbet<\/strong> est charg\u00e9e de terp\u00e8nes qui enrichissent non seulement son profil aromatique, mais apportent \u00e9galement de nombreux bienfaits. Parmi les terp\u00e8nes les plus remarquables, on trouve :<\/p>\n\n\n\n<ul class=\"wp-block-list\">\n<li><strong>Myrcene :<\/strong> Avec son ar\u00f4me terreux et musqu\u00e9, ce terp\u00e8ne est connu pour ses propri\u00e9t\u00e9s relaxantes et s\u00e9datives, aidant \u00e0 soulager le stress et l&#8217;insomnie.<\/li>\n\n\n\n<li><strong>Limonene :<\/strong> Apporte un ar\u00f4me d&#8217;agrumes rafra\u00eechissant et est connu pour ses effets stimulants sur l&#8217;humeur et ses propri\u00e9t\u00e9s anxiolytiques.<\/li>\n\n\n\n<li><strong>Caryophyllene :<\/strong> Avec son ar\u00f4me distinctif de poivre, ce terp\u00e8ne poss\u00e8de des propri\u00e9t\u00e9s anti-inflammatoires et analg\u00e9siques, \u00e9tant utile pour soulager la douleur chronique.<\/li>\n\n\n\n<li><strong>Linalool :<\/strong> Avec un ar\u00f4me floral, il est c\u00e9l\u00e8bre pour ses effets calmants et est utile pour traiter l&#8217;anxi\u00e9t\u00e9 et la d\u00e9pression.<\/li>\n\n\n\n<li><strong>Pinene :<\/strong> Apporte un ar\u00f4me frais de pin et est connu pour ses effets anti-inflammatoires et pour am\u00e9liorer la concentration et la m\u00e9moire.<\/li>\n<\/ul>\n\n\n\n<p>Dans l&#8217;ensemble, ces terp\u00e8nes non seulement font de la <strong>Sunset Sherbet<\/strong> un d\u00e9lice pour les sens, mais offrent \u00e9galement une large gamme de bienfaits th\u00e9rapeutiques. Que ce soit pour soulager le stress, am\u00e9liorer l&#8217;humeur ou simplement profiter d&#8217;un moment de relaxation, cette strain a quelque chose pour tout le monde.<\/p>\n\n\n\n<h2 class=\"wp-block-heading\">Rendement et Temps de Floraison<\/h2>\n\n\n\n<p>La <strong>Sunset Sherbet<\/strong> est une strain polyvalente qui offre des rendements g\u00e9n\u00e9reux aussi bien en culture int\u00e9rieure qu&#8217;ext\u00e9rieure. Si vous cherchez \u00e0 maximiser votre r\u00e9colte, cette strain ne vous d\u00e9cevra pas.<\/p>\n\n\n\n<p>En int\u00e9rieur, la <strong>Sunset Sherbet<\/strong> est parfaite pour les cultures en SOG (Sea of Green) en raison de sa structure colonnaire et de sa capacit\u00e9 \u00e0 produire une grande quantit\u00e9 de boutures. Une fois le photop\u00e9riode chang\u00e9e pour la floraison, les plantes sont pr\u00eates \u00e0 \u00eatre r\u00e9colt\u00e9es en seulement 8 \u00e0 9 semaines. Pendant les derni\u00e8res semaines de floraison, les odeurs sont tr\u00e8s intenses, il est donc recommand\u00e9 d&#8217;utiliser des filtres \u00e0 charbon pour \u00e9viter des probl\u00e8mes avec les voisins. La production en int\u00e9rieur est impressionnante, atteignant jusqu&#8217;\u00e0 600 grammes par m\u00e8tre carr\u00e9, surtout sous des lampes LED de 300-350 W.<\/p>\n\n\n\n<p>En ext\u00e9rieur, la <strong>Sunset Sherbet<\/strong> se d\u00e9veloppe de mani\u00e8re compacte et atteint une hauteur moyenne de 2 \u00e0 2,5 m\u00e8tres. Ses branches sont \u00e9paisses et longues, capables de supporter le poids de ses \u00e9normes fleurs. La phase de floraison est rapide et les plantes peuvent \u00eatre r\u00e9colt\u00e9es entre fin septembre et d\u00e9but octobre. Dans des conditions optimales, chaque plante peut produire jusqu&#8217;\u00e0 800 grammes, surtout les plus grandes.<\/p>\n\n\n\n<p>La <strong>Sunset Sherbet<\/strong> se distingue non seulement par son haut rendement, mais aussi par la qualit\u00e9 de ses t\u00eates, qui sont grandes, denses et extr\u00eamement collantes. Avec des temp\u00e9ratures douces vers la fin de la floraison, les t\u00eates prennent des teintes ros\u00e9es tr\u00e8s attrayantes, faisant de chaque r\u00e9colte une v\u00e9ritable \u0153uvre d&#8217;art.<\/p>\n\n\n\n<p>Si vous cherchez une strain qui offre une r\u00e9colte abondante et de haute qualit\u00e9 en un temps relativement court, les <strong>graines de Sunset Sherbet<\/strong> sont un choix parfait pour tout cultivateur, qu&#8217;il soit novice ou exp\u00e9riment\u00e9.<\/p>\n\n\n\n<h2 class=\"wp-block-heading\">Comment Cultiver la Sunset Sherbet<\/h2>\n\n\n\n<p>La <strong>Sunset Sherbet<\/strong> est une strain qui offre une exp\u00e9rience de culture gratifiante et relativement simple. Elle est id\u00e9ale aussi bien pour les cultivateurs d\u00e9butants que pour ceux ayant plus d&#8217;exp\u00e9rience, gr\u00e2ce \u00e0 sa r\u00e9sistance et sa facilit\u00e9 de gestion.<\/p>\n\n\n\n<p>Pour obtenir les meilleurs r\u00e9sultats, nous recommandons de cultiver la <strong>Sunset Sherbet<\/strong> dans un climat temp\u00e9r\u00e9 et semi-humide, avec des temp\u00e9ratures diurnes oscillant entre 21 et 29 \u00b0C. Cette plante pr\u00e9f\u00e8re un environnement stable sans fluctuations drastiques de temp\u00e9rature, ce qui assure une croissance constante et saine.<\/p>\n\n\n\n<p>La <strong>Sunset Sherbet<\/strong> se d\u00e9fend bien contre les ravageurs et les maladies courantes, bien qu&#8217;il soit important de surveiller la pr\u00e9sence d&#8217;acariens et de champignons. Maintenir une bonne circulation de l&#8217;air et une humidit\u00e9 contr\u00f4l\u00e9e aidera \u00e0 pr\u00e9venir ces probl\u00e8mes. Cette strain tol\u00e8re \u00e9galement bien les tailles et le guidage des branches, ce qui permet aux cultivateurs d&#8217;augmenter encore les rendements.<\/p>\n\n\n\n<p>Avec ces conseils et consid\u00e9rations, cultiver la <strong>Sunset Sherbet<\/strong> peut \u00eatre une exp\u00e9rience extr\u00eamement gratifiante, fournissant une r\u00e9colte abondante de t\u00eates de haute qualit\u00e9 qui raviront autant les cultivateurs que les consommateurs.<\/p>\n\n\n\n<div style=\"height:50px\" aria-hidden=\"true\" class=\"wp-block-spacer uag-hide-mob\"><\/div>\n\n\n\n<div class=\"wp-block-columns is-layout-flex wp-container-core-columns-is-layout-28f84493 wp-block-columns-is-layout-flex\">\n<div class=\"wp-block-column is-layout-flow wp-block-column-is-layout-flow\">\n<p class=\"has-text-align-center has-medium-font-size\"><strong>Ce que nous aimons le plus<\/strong><\/p>\n\n\n\n<ul class=\"wp-block-list\">\n<li>Sa facilit\u00e9 de culture et sa r\u00e9sistance, id\u00e9ale pour tous les niveaux d&#8217;exp\u00e9rience.<\/li>\n\n\n\n<li>Production tr\u00e8s \u00e9lev\u00e9e aussi bien en int\u00e9rieur qu&#8217;en ext\u00e9rieur.<\/li>\n\n\n\n<li>Saveur exceptionnelle de bonbons tropicaux et d&#8217;agrumes.<\/li>\n\n\n\n<li>Effets puissants et \u00e9quilibr\u00e9s qui combinent bonheur et relaxation.<\/li>\n\n\n\n<li>Teintes ros\u00e9es sur les t\u00eates, ce qui la rend visuellement attrayante.<\/li>\n<\/ul>\n<\/div>\n\n\n\n<div class=\"wp-block-column is-layout-flow wp-block-column-is-layout-flow\">\n<p class=\"has-text-align-center has-medium-font-size\"><strong>Ce que nous aimons le moins<\/strong><\/p>\n\n\n\n<ul class=\"wp-block-list\">\n<li>L&#8217;odeur intense pendant la floraison peut n\u00e9cessiter des mesures suppl\u00e9mentaires de contr\u00f4le des odeurs.<\/li>\n\n\n\n<li>Requiert une vigilance pour pr\u00e9venir les probl\u00e8mes d&#8217;acariens et de champignons.<\/li>\n<\/ul>\n<\/div>\n<\/div>\n\n\n\n<div style=\"height:50px\" aria-hidden=\"true\" class=\"wp-block-spacer uag-hide-mob\"><\/div>\n\n\n\n<h2 class=\"wp-block-heading\">Questions Fr\u00e9quentes<\/h2>\n\n\n\n<p>Voici les questions les plus fr\u00e9quentes pos\u00e9es par les cultivateurs int\u00e9ress\u00e9s par ces graines en vrac :<\/p>\n\n\n<div id=\"rank-math-faq\" class=\"rank-math-block\">\n<div class=\"rank-math-list \">\n<div id=\"faq-question-1663029074962\" class=\"rank-math-list-item\">\n<h3 class=\"rank-math-question \">Quand commence la floraison de la Sherbet en ext\u00e9rieur ?<\/h3>\n<div class=\"rank-math-answer \">\n\n<p>La <strong>Sunset Sherbet<\/strong> commence g\u00e9n\u00e9ralement sa phase de floraison au cours des deux premi\u00e8res semaines d&#8217;ao\u00fbt. C&#8217;est une strain \u00e0 floraison rapide, ce qui signifie que vous pourrez la r\u00e9colter entre fin septembre et d\u00e9but octobre, selon le climat et les conditions de culture.<\/p>\n\n<\/div>\n<\/div>\n<div id=\"faq-question-1663029159933\" class=\"rank-math-list-item\">\n<h3 class=\"rank-math-question \">Quand r\u00e9colter une Sherbet en int\u00e9rieur ?<\/h3>\n<div class=\"rank-math-answer \">\n\n<p>En int\u00e9rieur, la <strong>Sunset Sherbet<\/strong> a un temps de floraison relativement court, d&#8217;environ 8 \u00e0 9 semaines \u00e0 partir du changement de photop\u00e9riode pour la floraison. Cette rapidit\u00e9 dans le cycle de floraison la rend id\u00e9ale pour les cultivateurs cherchant des r\u00e9coltes fr\u00e9quentes et de haute qualit\u00e9.<\/p>\n\n<\/div>\n<\/div>\n<div id=\"faq-question-1663029165861\" class=\"rank-math-list-item\">\n<h3 class=\"rank-math-question \">Comment cultiver une Sherbet f\u00e9minis\u00e9e ?<\/h3>\n<div class=\"rank-math-answer \">\n\n<p>C&#8217;est une plante r\u00e9sistante et facile \u00e0 cultiver. Une taille pr\u00e9coce aidera \u00e0 augmenter les rendements.<\/p>\n\n<\/div>\n<\/div>\n<div id=\"faq-question-1666780029954\" class=\"rank-math-list-item\">\n<h3 class=\"rank-math-question \">Quels sont les effets de la Sherbet en vrac ?<\/h3>\n<div class=\"rank-math-answer \">\n\n<p>La <strong>Sunset Sherbet<\/strong> est connue pour ses effets tr\u00e8s puissants gr\u00e2ce \u00e0 sa teneur \u00e9lev\u00e9e en THC, qui peut atteindre jusqu&#8217;\u00e0 25 %. Elle procure une sensation de bonheur et de joie qui d\u00e9tend compl\u00e8tement le corps, id\u00e9ale pour se d\u00e9connecter des probl\u00e8mes quotidiens. De plus, sa faible teneur en CBD garantit que les effets psychoactifs du THC pr\u00e9dominent.<\/p>\n\n<\/div>\n<\/div>\n<div id=\"faq-question-1721121455702\" class=\"rank-math-list-item\">\n<h3 class=\"rank-math-question \">La Sunset Sherbet est-elle une sativa ou une indica ?<\/h3>\n<div class=\"rank-math-answer \">\n\n<p>La <strong>Sunset Sherbet<\/strong> est une strain principalement indica, avec environ 85 % d&#8217;indica et 15 % de sativa. Les vari\u00e9t\u00e9s indica offrent g\u00e9n\u00e9ralement un effet plus relaxant et corporel, id\u00e9al pour se d\u00e9tendre et soulager le stress. En revanche, les sativas tendent \u00e0 fournir un effet plus stimulant et c\u00e9r\u00e9bral, parfait pour les activit\u00e9s cr\u00e9atives et sociales. Dans le cas de la <strong>Sunset Sherbet<\/strong>, vous profiterez d&#8217;une combinaison des deux, avec une tendance plus marqu\u00e9e vers la relaxation et le bonheur corporel.<\/p>\n\n<\/div>\n<\/div>\n<\/div>\n<\/div>\n","protected":false},"excerpt":{"rendered":"<p><b>Sunset Sherbet<\/b> offre une exp\u00e9rience in\u00e9gal\u00e9e avec sa combinaison unique de <strong>relaxation et bonheur<\/strong>. Id\u00e9ale pour se d\u00e9connecter et profiter de moments de tranquillit\u00e9, cette strain \u00e0 <strong>haut rendement et saveur exceptionnelle de fruits tropicaux<\/strong> est parfaite aussi bien pour les cultivateurs novices qu&#8217;experts. D\u00e9couvrez le plaisir de cultiver la Sunset Sherbet !<\/p>\n","protected":false},"featured_media":25292,"comment_status":"open","ping_status":"closed","template":"","meta":{"_acf_changed":false,"inline_featured_image":false,"_uag_custom_page_level_css":""},"product_brand":[],"product_cat":[1125],"product_tag":[],"class_list":{"0":"post-10861","1":"product","2":"type-product","3":"status-publish","4":"has-post-thumbnail","6":"product_cat-graines-feminisees-en-gros","8":"first","9":"instock","10":"taxable","11":"shipping-taxable","12":"purchasable","13":"product-type-simple"},"acf":[],"uagb_featured_image_src":{"full":["https:\/\/bulkgenetics.com\/wp-content\/uploads\/2022\/09\/sherbet-weed-strain-feminized-seeds.jpg",1600,1600,false],"thumbnail":["https:\/\/bulkgenetics.com\/wp-content\/uploads\/2022\/09\/sherbet-weed-strain-feminized-seeds-150x150.jpg",150,150,true],"medium":["https:\/\/bulkgenetics.com\/wp-content\/uploads\/2022\/09\/sherbet-weed-strain-feminized-seeds-300x300.jpg",300,300,true],"medium_large":["https:\/\/bulkgenetics.com\/wp-content\/uploads\/2022\/09\/sherbet-weed-strain-feminized-seeds-768x768.jpg",768,768,true],"large":["https:\/\/bulkgenetics.com\/wp-content\/uploads\/2022\/09\/sherbet-weed-strain-feminized-seeds-1024x1024.jpg",1024,1024,true],"1536x1536":["https:\/\/bulkgenetics.com\/wp-content\/uploads\/2022\/09\/sherbet-weed-strain-feminized-seeds-1536x1536.jpg",1536,1536,true],"2048x2048":["https:\/\/bulkgenetics.com\/wp-content\/uploads\/2022\/09\/sherbet-weed-strain-feminized-seeds.jpg",1600,1600,false],"commercegurus-pdp-large":["https:\/\/bulkgenetics.com\/wp-content\/uploads\/2022\/09\/sherbet-weed-strain-feminized-seeds-990x990.jpg",990,990,true],"commercegurus-plp-mobile":["https:\/\/bulkgenetics.com\/wp-content\/uploads\/2022\/09\/sherbet-weed-strain-feminized-seeds-441x441.jpg",441,441,true],"cgkit_image_swatch":["https:\/\/bulkgenetics.com\/wp-content\/uploads\/2022\/09\/sherbet-weed-strain-feminized-seeds-100x100.jpg",100,100,true],"woocommerce_thumbnail":["https:\/\/bulkgenetics.com\/wp-content\/uploads\/2022\/09\/sherbet-weed-strain-feminized-seeds-300x300.jpg",300,300,true],"woocommerce_single":["https:\/\/bulkgenetics.com\/wp-content\/uploads\/2022\/09\/sherbet-weed-strain-feminized-seeds-800x800.jpg",800,800,true],"woocommerce_gallery_thumbnail":["https:\/\/bulkgenetics.com\/wp-content\/uploads\/2022\/09\/sherbet-weed-strain-feminized-seeds-150x150.jpg",150,150,true],"dgwt-wcas-product-suggestion":["https:\/\/bulkgenetics.com\/wp-content\/uploads\/2022\/09\/sherbet-weed-strain-feminized-seeds-64x64.jpg",64,64,true]},"uagb_author_info":{"display_name":"Bruno Crespo","author_link":"https:\/\/bulkgenetics.com\/fr\/author\/"},"uagb_comment_info":0,"uagb_excerpt":"Sunset Sherbet offre une exp\u00e9rience in\u00e9gal\u00e9e avec sa combinaison unique de relaxation et bonheur. Id\u00e9ale pour se d\u00e9connecter et profiter de moments de tranquillit\u00e9, cette strain \u00e0 haut rendement et saveur exceptionnelle de fruits tropicaux est parfaite aussi bien pour les cultivateurs novices qu'experts. D\u00e9couvrez le plaisir de cultiver la Sunset Sherbet !","_links":{"self":[{"href":"https:\/\/bulkgenetics.com\/fr\/wp-json\/wp\/v2\/product\/10861","targetHints":{"allow":["GET"]}}],"collection":[{"href":"https:\/\/bulkgenetics.com\/fr\/wp-json\/wp\/v2\/product"}],"about":[{"href":"https:\/\/bulkgenetics.com\/fr\/wp-json\/wp\/v2\/types\/product"}],"replies":[{"embeddable":true,"href":"https:\/\/bulkgenetics.com\/fr\/wp-json\/wp\/v2\/comments?post=10861"}],"wp:featuredmedia":[{"embeddable":true,"href":"https:\/\/bulkgenetics.com\/fr\/wp-json\/wp\/v2\/media\/25292"}],"wp:attachment":[{"href":"https:\/\/bulkgenetics.com\/fr\/wp-json\/wp\/v2\/media?parent=10861"}],"wp:term":[{"taxonomy":"product_brand","embeddable":true,"href":"https:\/\/bulkgenetics.com\/fr\/wp-json\/wp\/v2\/product_brand?post=10861"},{"taxonomy":"product_cat","embeddable":true,"href":"https:\/\/bulkgenetics.com\/fr\/wp-json\/wp\/v2\/product_cat?post=10861"},{"taxonomy":"product_tag","embeddable":true,"href":"https:\/\/bulkgenetics.com\/fr\/wp-json\/wp\/v2\/product_tag?post=10861"}],"curies":[{"name":"wp","href":"https:\/\/api.w.org\/{rel}","templated":true}]}}