{"id":10862,"date":"2022-09-30T16:55:21","date_gmt":"2022-09-30T14:55:21","guid":{"rendered":"https:\/\/www.bulkgenetics.com\/sensi-star\/"},"modified":"2024-10-08T01:18:48","modified_gmt":"2024-10-07T23:18:48","slug":"sensi-star","status":"publish","type":"product","link":"https:\/\/bulkgenetics.com\/fr\/sensi-star\/","title":{"rendered":"Sensi Star"},"content":{"rendered":"\n<p><strong>Sensi Star<\/strong> est l&#8217;un des strains de cannabis Indica les plus l\u00e9gendaires et puissants qui existent. Depuis sa cr\u00e9ation en 1995 par Paradise Seeds, elle a remport\u00e9 de nombreux prix, y compris plusieurs premi\u00e8res places \u00e0 la Highlife Cup et High Times Cannabis Cup. Sa lign\u00e9e exacte reste un myst\u00e8re, mais on sait qu&#8217;elle contient une forte influence de g\u00e9n\u00e9tiques afghanes, combin\u00e9e \u00e0 une touche de Sativa qui la rend l\u00e9g\u00e8rement plus \u00e9lanc\u00e9e que d&#8217;autres Indicas pures comme <strong><a href=\"https:\/\/bulkgenetics.com\/fr\/hindu-kush\/\">Hindu Kush<\/a><\/strong> ou <strong><a href=\"https:\/\/bulkgenetics.com\/fr\/northern-lights\/\">Northern Lights<\/a><\/strong>.<\/p>\n\n\n\n<p>Ce strain a gagn\u00e9 le respect des cultivateurs et des consommateurs. D\u00e9crite comme une <em>one-hit quitter<\/em>, Sensi Star est c\u00e9l\u00e8bre pour ses effets imm\u00e9diats et durables. Sa r\u00e9putation s&#8217;est renforc\u00e9e au fil du temps, recevant des \u00e9loges pour sa capacit\u00e9 \u00e0 soulager l&#8217;anxi\u00e9t\u00e9, le stress et les douleurs chroniques, devenant ainsi un favori parmi les utilisateurs m\u00e9dicaux.<\/p>\n\n\n\n<p>Sensi Star est une plante robuste et compacte qui d\u00e9veloppe des t\u00eates denses et r\u00e9sineuses, grandes comme des poings et dures comme des pierres. Elles pr\u00e9sentent une couleur vert fonc\u00e9 attrayante avec des pistils orange, ce qui lui donne une apparence tr\u00e8s frappante. La production de r\u00e9sine est impressionnante, faisant de ce strain un excellent choix pour la fabrication de haschisch, Rosin ou BHO.<\/p>\n\n\n\n<h2 class=\"wp-block-heading\">Saveur et Effets<\/h2>\n\n\n\n<p>La <strong>saveur<\/strong> de Sensi Star est l&#8217;un de ses points forts. Imaginez une explosion de fruits tropicaux, de th\u00e9 et de poire avec une touche terreuse et fruit\u00e9e qui remplit votre bouche \u00e0 chaque bouff\u00e9e. C&#8217;est une saveur qui ravit les papilles gustatives et laisse un arri\u00e8re-go\u00fbt sucr\u00e9 et satisfaisant. L&#8217;<strong>ar\u00f4me<\/strong> est tout aussi impressionnant, avec des notes de fruits frais et un fond terreux qui la rend inoubliable. Pendant la floraison, l&#8217;odeur peut devenir tr\u00e8s intense, il est donc recommand\u00e9 d&#8217;utiliser des filtres \u00e0 charbon si vous cultivez en int\u00e9rieur.<\/p>\n\n\n\n<p>Les <strong>effets<\/strong> de Sensi Star sont tout aussi remarquables. D\u00e8s les premi\u00e8res bouff\u00e9es, une forte sensation de picotement parcourt votre corps, d\u00e9sactivant les mauvaises vibrations et vous remplissant d&#8217;une intense sensation de paix et de relaxation. Cet effet est id\u00e9al pour fumer le soir, car il pr\u00e9pare le corps et l&#8217;esprit \u00e0 un repos profond et r\u00e9parateur. Avec une teneur en <strong>THC variant entre 15% et 20%<\/strong>, Sensi Star garantit une puissance plus que suffisante pour satisfaire \u00e0 la fois les utilisateurs r\u00e9cr\u00e9atifs et m\u00e9dicaux. En revanche, sa <strong>teneur en CBD est faible, g\u00e9n\u00e9ralement inf\u00e9rieure \u00e0 1%<\/strong>, ce qui la rend moins adapt\u00e9e pour ceux qui recherchent les bienfaits du CBD.<\/p>\n\n\n\n<h3 class=\"wp-block-heading\">Terp\u00e8nes de Sensi Star<\/h3>\n\n\n\n<p>La complexit\u00e9 de la saveur et de l&#8217;ar\u00f4me de Sensi Star est en grande partie due \u00e0 son profil de <strong>terp\u00e8nes<\/strong>. Les terp\u00e8nes sont des compos\u00e9s aromatiques qui d\u00e9terminent non seulement l&#8217;odeur et le go\u00fbt de la plante, mais influencent \u00e9galement ses effets.<\/p>\n\n\n\n<p>Le <strong>myrc\u00e8ne<\/strong> est le terp\u00e8ne dominant dans Sensi Star. Avec son ar\u00f4me terreux et fruit\u00e9, le myrc\u00e8ne est connu pour ses effets relaxants et s\u00e9datifs, contribuant \u00e0 la puissante sensation de calme et de tranquillit\u00e9 que ce strain offre. Un autre terp\u00e8ne pr\u00e9sent dans Sensi Star est le <strong>caryophyll\u00e8ne<\/strong>, qui apporte des notes \u00e9pic\u00e9es et terreuses et poss\u00e8de des propri\u00e9t\u00e9s anti-inflammatoires et analg\u00e9siques, ce qui le rend id\u00e9al pour soulager la douleur et le stress. Enfin, le <strong>limon\u00e8ne<\/strong> ajoute une touche citronn\u00e9e au profil de saveur et est associ\u00e9 \u00e0 des effets \u00e9l\u00e9vateurs de l&#8217;humeur et des propri\u00e9t\u00e9s anti-anxi\u00e9t\u00e9.<\/p>\n\n\n\n<p>Ces terp\u00e8nes enrichissent non seulement l&#8217;exp\u00e9rience sensorielle, mais ils renforcent \u00e9galement les effets th\u00e9rapeutiques de Sensi Star, faisant de ce strain un choix parfait pour ceux qui recherchent un soulagement complet et une exp\u00e9rience de consommation in\u00e9gal\u00e9e.<\/p>\n\n\n\n<h2 class=\"wp-block-heading\">Production et Temps de Floraison<\/h2>\n\n\n\n<p><strong>Sensi Star<\/strong> se distingue non seulement par sa saveur et ses effets, mais aussi par son impressionnante production. Ce strain est connu pour \u00eatre extr\u00eamement g\u00e9n\u00e9reux tant en int\u00e9rieur qu&#8217;en ext\u00e9rieur.<\/p>\n\n\n\n<p>En <strong>culture int\u00e9rieure<\/strong>, Sensi Star peut atteindre des rendements allant jusqu&#8217;\u00e0 <strong>550 grammes par m\u00e8tre carr\u00e9<\/strong> si elle est cultiv\u00e9e sous \u00e9clairage LED de 300-350W. C&#8217;est une plante parfaite pour la m\u00e9thode SOG (Sea of Green), avec une densit\u00e9 recommand\u00e9e d&#8217;au moins 25 boutures par m\u00e8tre carr\u00e9 dans des pots de 3 litres. Depuis le changement de photop\u00e9riode de croissance \u00e0 floraison, Sensi Star se r\u00e9colte tr\u00e8s rapidement, en seulement <strong>8-9 semaines<\/strong>. Pendant les derni\u00e8res semaines de floraison, l&#8217;odeur devient tr\u00e8s intense, il est donc conseill\u00e9 d&#8217;utiliser des filtres \u00e0 charbon pour contr\u00f4ler l&#8217;ar\u00f4me.<\/p>\n\n\n\n<p>En <strong>culture ext\u00e9rieure<\/strong>, Sensi Star montre \u00e9galement qu&#8217;elle est une championne. Si elle est cultiv\u00e9e d\u00e8s le d\u00e9but du printemps, la plante peut atteindre une hauteur moyenne de 2 \u00e0 2,5 m\u00e8tres. Sa structure pyramidale et sa ramification la rendent tr\u00e8s productive, avec une r\u00e9colte pouvant atteindre <strong>900 grammes par plante<\/strong> dans des conditions optimales. La p\u00e9riode de floraison est \u00e9galement rapide, se r\u00e9coltant entre <strong>fin septembre et d\u00e9but octobre<\/strong>, ce qui la rend adapt\u00e9e \u00e0 pratiquement tous les climats.<\/p>\n\n\n\n<p>Gr\u00e2ce \u00e0 son <strong>temps de floraison court<\/strong> et \u00e0 sa haute r\u00e9sistance, Sensi Star est un choix id\u00e9al pour les cultivateurs de tous niveaux, offrant toujours une production abondante et de haute qualit\u00e9 avec tr\u00e8s peu d&#8217;effort.<\/p>\n\n\n\n<h2 class=\"wp-block-heading\">Comment Cultiver Sensi Star<\/h2>\n\n\n\n<p>Quand il s&#8217;agit de cultiver <strong>Sensi Star<\/strong>, on peut dire que c&#8217;est l&#8217;un des strains les plus reconnaissants et faciles \u00e0 g\u00e9rer. Id\u00e9ale tant pour les cultivateurs d\u00e9butants que pour les exp\u00e9riment\u00e9s, cette plante offre d&#8217;excellents r\u00e9sultats avec un minimum d&#8217;effort.<\/p>\n\n\n\n<p>En ce qui concerne la <strong>difficult\u00e9 de culture<\/strong>, Sensi Star est connue pour sa robustesse et sa r\u00e9sistance. Sa croissance vigoureuse et rapide la rend parfaite pour ceux qui recherchent une plante fiable et \u00e0 haut rendement sans complications.<\/p>\n\n\n\n<p>Pour obtenir les meilleurs r\u00e9sultats, nous recommandons de cultiver Sensi Star dans un <strong>climat temp\u00e9r\u00e9<\/strong> avec des temp\u00e9ratures mod\u00e9r\u00e9es. Ce strain s&#8217;adapte bien \u00e0 diff\u00e9rentes conditions climatiques, mais prosp\u00e8re particuli\u00e8rement dans des environnements avec un bon acc\u00e8s \u00e0 la lumi\u00e8re du soleil et une humidit\u00e9 contr\u00f4l\u00e9e.<\/p>\n\n\n\n<p>Sensi Star montre une remarquable <strong>r\u00e9sistance aux parasites et aux maladies<\/strong>, ce qui en fait une option s\u00fbre pour les cultivateurs qui cherchent \u00e0 minimiser les risques de probl\u00e8mes pendant le cycle de culture. Sa robustesse naturelle la rend moins susceptible aux attaques d&#8217;insectes et aux maladies courantes, offrant une exp\u00e9rience de culture d\u00e9tendue.<\/p>\n\n\n\n<div style=\"height:50px\" aria-hidden=\"true\" class=\"wp-block-spacer uag-hide-mob\"><\/div>\n\n\n\n<div class=\"wp-block-columns is-layout-flex wp-container-core-columns-is-layout-28f84493 wp-block-columns-is-layout-flex\">\n<div class=\"wp-block-column is-layout-flow wp-block-column-is-layout-flow\">\n<p class=\"has-text-align-center has-medium-font-size\"><strong>Ce que nous aimons le plus<\/strong><\/p>\n\n\n\n<ul class=\"wp-block-list\">\n<li>Tr\u00e8s facile \u00e0 cultiver.<\/li>\n\n\n\n<li>Production tr\u00e8s \u00e9lev\u00e9e.<\/li>\n\n\n\n<li>Saveur tropicale.<\/li>\n\n\n\n<li>Effets tr\u00e8s relaxants et apaisants.<\/li>\n\n\n\n<li>Excellente r\u00e9sistance aux parasites et aux maladies.<\/li>\n<\/ul>\n<\/div>\n\n\n\n<div class=\"wp-block-column is-layout-flow wp-block-column-is-layout-flow\">\n<p class=\"has-text-align-center has-medium-font-size\"><strong>Ce que nous aimons le moins<\/strong><\/p>\n\n\n\n<ul class=\"wp-block-list\">\n<li>Elle est assez odorante en floraison.<\/li>\n<\/ul>\n<\/div>\n<\/div>\n\n\n\n<div style=\"height:50px\" aria-hidden=\"true\" class=\"wp-block-spacer uag-hide-mob\"><\/div>\n\n\n\n<h2 class=\"wp-block-heading\">Questions Fr\u00e9quemment Pos\u00e9es<\/h2>\n\n\n\n<p>Vous trouverez ci-dessous les questions les plus courantes que se posent les cultivateurs int\u00e9ress\u00e9s par ces graines en gros pas ch\u00e8res :<\/p>\n\n\n<div id=\"rank-math-faq\" class=\"rank-math-block\">\n<div class=\"rank-math-list \">\n<div id=\"faq-question-1663029074962\" class=\"rank-math-list-item\">\n<h3 class=\"rank-math-question \">Quand commence la floraison de Sensi Star en ext\u00e9rieur?<\/h3>\n<div class=\"rank-math-answer \">\n\n<p>La floraison de Sensi Star en ext\u00e9rieur commence au cours de la premi\u00e8re quinzaine du mois d&#8217;ao\u00fbt. Cette phase est cruciale pour le d\u00e9veloppement des t\u00eates, qui atteindront leur plein potentiel \u00e0 la fin de la p\u00e9riode de floraison.<\/p>\n\n<\/div>\n<\/div>\n<div id=\"faq-question-1663029159933\" class=\"rank-math-list-item\">\n<h3 class=\"rank-math-question \">Quand r\u00e9colter une Sensi Star en ext\u00e9rieur?<\/h3>\n<div class=\"rank-math-answer \">\n\n<p>Sensi Star est un strain \u00e0 floraison rapide qui se r\u00e9colte entre la fin septembre et le d\u00e9but octobre. Cette courte p\u00e9riode de floraison la rend id\u00e9ale pour les climats avec des hivers pr\u00e9coces.<\/p>\n\n<\/div>\n<\/div>\n<div id=\"faq-question-1663029165861\" class=\"rank-math-list-item\">\n<h3 class=\"rank-math-question \">Comment cultiver une Sensi Star f\u00e9minis\u00e9e?<\/h3>\n<div class=\"rank-math-answer \">\n\n<p>Sensi Star est tr\u00e8s facile \u00e0 cultiver, ce qui en fait une option id\u00e9ale pour les d\u00e9butants. C&#8217;est une plante r\u00e9sistante qui pousse rapidement et accepte bien les tailles et le guidage des branches, ce qui permet d&#8217;optimiser sa structure pour une production accrue.<\/p>\n\n<\/div>\n<\/div>\n<div id=\"faq-question-1666780029954\" class=\"rank-math-list-item\">\n<h3 class=\"rank-math-question \">Quels sont les effets de Sensi Star en gros?<\/h3>\n<div class=\"rank-math-answer \">\n\n<p>Les effets de Sensi Star sont profond\u00e9ment relaxants et apaisants. Apr\u00e8s quelques bouff\u00e9es, on ressent un fort picotement qui parcourt le corps, d\u00e9sactivant le stress et procurant une intense sensation de paix. C&#8217;est une herbe id\u00e9ale \u00e0 consommer en fin de journ\u00e9e pour combattre l&#8217;insomnie.<\/p>\n\n<\/div>\n<\/div>\n<div id=\"faq-question-1720783412262\" class=\"rank-math-list-item\">\n<h3 class=\"rank-math-question \">Quel est le contenu en THC et CBD de Sensi Star?<\/h3>\n<div class=\"rank-math-answer \">\n\n<p>La teneur en THC de Sensi Star varie entre 15% et 20%, offrant une puissance consid\u00e9rable qui satisfait aussi bien les utilisateurs r\u00e9cr\u00e9atifs que m\u00e9dicaux. La teneur en CBD est faible, g\u00e9n\u00e9ralement inf\u00e9rieure \u00e0 1%, ce qui la rend moins adapt\u00e9e pour ceux qui recherchent les bienfaits th\u00e9rapeutiques du CBD.<\/p>\n\n<\/div>\n<\/div>\n<div id=\"faq-question-1720783450703\" class=\"rank-math-list-item\">\n<h3 class=\"rank-math-question \">Sensi Star est-elle sativa ou indica?<\/h3>\n<div class=\"rank-math-answer \">\n\n<p><strong>Sensi Star<\/strong> est une vari\u00e9t\u00e9 principalement <strong>indica<\/strong>. Bien qu&#8217;elle ait une l\u00e9g\u00e8re influence sativa qui lui donne une structure un peu plus \u00e9lanc\u00e9e, ses effets et caract\u00e9ristiques sont typiques des indicas. Les vari\u00e9t\u00e9s indica sont g\u00e9n\u00e9ralement plus compactes et robustes, avec des feuilles larges et une floraison plus rapide, et sont connues pour leurs effets relaxants et s\u00e9datifs. En revanche, les sativas ont tendance \u00e0 \u00eatre plus grandes et plus minces, avec des feuilles plus \u00e9troites et une floraison plus longue, et sont appr\u00e9ci\u00e9es pour leurs effets \u00e9nergisants et stimulants.<\/p>\n\n<\/div>\n<\/div>\n<\/div>\n<\/div>","protected":false},"excerpt":{"rendered":"<p><b>Sensi Star<\/b>, le strain parfait pour se d\u00e9tendre et profiter d&#8217;une <strong>paix intense<\/strong>. Avec une culture facile et une production \u00e9lev\u00e9e, ses t\u00eates denses et r\u00e9sineuses garantissent une <strong>exp\u00e9rience sensorielle in\u00e9gal\u00e9e<\/strong>. Id\u00e9ale pour soulager <strong>le stress et l&#8217;insomnie<\/strong>, c&#8217;est le choix favori des cultivateurs et des consommateurs.<\/p>\n","protected":false},"featured_media":11058,"comment_status":"open","ping_status":"closed","template":"","meta":{"_acf_changed":false,"inline_featured_image":false,"_uag_custom_page_level_css":""},"product_brand":[],"product_cat":[1125],"product_tag":[],"class_list":{"0":"post-10862","1":"product","2":"type-product","3":"status-publish","4":"has-post-thumbnail","6":"product_cat-graines-feminisees-en-gros","8":"first","9":"outofstock","10":"taxable","11":"shipping-taxable","12":"purchasable","13":"product-type-simple"},"acf":[],"uagb_featured_image_src":{"full":["https:\/\/bulkgenetics.com\/wp-content\/uploads\/2022\/09\/sensi-star-feminizada-granel.jpg",1600,1600,false],"thumbnail":["https:\/\/bulkgenetics.com\/wp-content\/uploads\/2022\/09\/sensi-star-feminizada-granel-150x150.jpg",150,150,true],"medium":["https:\/\/bulkgenetics.com\/wp-content\/uploads\/2022\/09\/sensi-star-feminizada-granel-300x300.jpg",300,300,true],"medium_large":["https:\/\/bulkgenetics.com\/wp-content\/uploads\/2022\/09\/sensi-star-feminizada-granel-768x768.jpg",768,768,true],"large":["https:\/\/bulkgenetics.com\/wp-content\/uploads\/2022\/09\/sensi-star-feminizada-granel-1024x1024.jpg",1024,1024,true],"1536x1536":["https:\/\/bulkgenetics.com\/wp-content\/uploads\/2022\/09\/sensi-star-feminizada-granel-1536x1536.jpg",1536,1536,true],"2048x2048":["https:\/\/bulkgenetics.com\/wp-content\/uploads\/2022\/09\/sensi-star-feminizada-granel.jpg",1600,1600,false],"commercegurus-pdp-large":["https:\/\/bulkgenetics.com\/wp-content\/uploads\/2022\/09\/sensi-star-feminizada-granel-990x990.jpg",990,990,true],"commercegurus-plp-mobile":["https:\/\/bulkgenetics.com\/wp-content\/uploads\/2022\/09\/sensi-star-feminizada-granel-441x441.jpg",441,441,true],"cgkit_image_swatch":["https:\/\/bulkgenetics.com\/wp-content\/uploads\/2022\/09\/sensi-star-feminizada-granel-100x100.jpg",100,100,true],"woocommerce_thumbnail":["https:\/\/bulkgenetics.com\/wp-content\/uploads\/2022\/09\/sensi-star-feminizada-granel-300x300.jpg",300,300,true],"woocommerce_single":["https:\/\/bulkgenetics.com\/wp-content\/uploads\/2022\/09\/sensi-star-feminizada-granel-800x800.jpg",800,800,true],"woocommerce_gallery_thumbnail":["https:\/\/bulkgenetics.com\/wp-content\/uploads\/2022\/09\/sensi-star-feminizada-granel-150x150.jpg",150,150,true],"dgwt-wcas-product-suggestion":["https:\/\/bulkgenetics.com\/wp-content\/uploads\/2022\/09\/sensi-star-feminizada-granel-64x64.jpg",64,64,true]},"uagb_author_info":{"display_name":"Bruno Crespo","author_link":"https:\/\/bulkgenetics.com\/fr\/author\/"},"uagb_comment_info":0,"uagb_excerpt":"Sensi Star, le strain parfait pour se d\u00e9tendre et profiter d'une paix intense. Avec une culture facile et une production \u00e9lev\u00e9e, ses t\u00eates denses et r\u00e9sineuses garantissent une exp\u00e9rience sensorielle in\u00e9gal\u00e9e. Id\u00e9ale pour soulager le stress et l'insomnie, c'est le choix favori des cultivateurs et des consommateurs.","_links":{"self":[{"href":"https:\/\/bulkgenetics.com\/fr\/wp-json\/wp\/v2\/product\/10862","targetHints":{"allow":["GET"]}}],"collection":[{"href":"https:\/\/bulkgenetics.com\/fr\/wp-json\/wp\/v2\/product"}],"about":[{"href":"https:\/\/bulkgenetics.com\/fr\/wp-json\/wp\/v2\/types\/product"}],"replies":[{"embeddable":true,"href":"https:\/\/bulkgenetics.com\/fr\/wp-json\/wp\/v2\/comments?post=10862"}],"wp:featuredmedia":[{"embeddable":true,"href":"https:\/\/bulkgenetics.com\/fr\/wp-json\/wp\/v2\/media\/11058"}],"wp:attachment":[{"href":"https:\/\/bulkgenetics.com\/fr\/wp-json\/wp\/v2\/media?parent=10862"}],"wp:term":[{"taxonomy":"product_brand","embeddable":true,"href":"https:\/\/bulkgenetics.com\/fr\/wp-json\/wp\/v2\/product_brand?post=10862"},{"taxonomy":"product_cat","embeddable":true,"href":"https:\/\/bulkgenetics.com\/fr\/wp-json\/wp\/v2\/product_cat?post=10862"},{"taxonomy":"product_tag","embeddable":true,"href":"https:\/\/bulkgenetics.com\/fr\/wp-json\/wp\/v2\/product_tag?post=10862"}],"curies":[{"name":"wp","href":"https:\/\/api.w.org\/{rel}","templated":true}]}}