{"id":10873,"date":"2022-09-30T16:46:38","date_gmt":"2022-09-30T14:46:38","guid":{"rendered":"https:\/\/www.bulkgenetics.com\/ananas-chunk\/"},"modified":"2024-10-08T01:18:50","modified_gmt":"2024-10-07T23:18:50","slug":"pineapple-chunk","status":"publish","type":"product","link":"https:\/\/bulkgenetics.com\/fr\/pineapple-chunk\/","title":{"rendered":"Pineapple Chunk"},"content":{"rendered":"\n<p>La <strong>Pineapple Chunk<\/strong> est une strain de cannabis pleine d&#8217;exotisme et c\u00e9l\u00e8bre pour son ar\u00f4me et sa saveur uniques qui s\u00e9duisent quiconque la go\u00fbte. D\u00e9velopp\u00e9e par Barney\u2019s Farm, cette vari\u00e9t\u00e9 est le r\u00e9sultat de la combinaison d&#8217;un hybride <strong><a href=\"https:\/\/bulkgenetics.com\/fr\/skunk-1\/\">Skunk<\/a><\/strong>\/<a href=\"https:\/\/bulkgenetics.com\/fr\/cheese\/\"><strong>Cheese<\/strong><\/a> avec <strong>Pineapple<\/strong>, une g\u00e9n\u00e9tique inconnue \u00e0 l&#8217;intense ar\u00f4me d&#8217;ananas. Ce m\u00e9lange unique a cr\u00e9\u00e9 une strain qui se distingue non seulement par sa saveur, mais aussi par sa facilit\u00e9 de culture et sa r\u00e9sistance.<\/p>\n\n\n\n<p>La <strong>Pineapple Chunk<\/strong> est une plante \u00e0 forte dominance indica, id\u00e9ale pour les cultivateurs de tous niveaux, des d\u00e9butants aux professionnels. Elle produit de grosses t\u00eates longues, \u00e9paisses, dures et tr\u00e8s r\u00e9sineuses qui se distinguent non seulement par leur taille, mais aussi par leur densit\u00e9 et la quantit\u00e9 de r\u00e9sine qui les recouvre. Cette caract\u00e9ristique en fait une strain tr\u00e8s appr\u00e9ci\u00e9e par les amateurs d&#8217;extractions, qui pourront profiter des extraits les plus exquis. Les couleurs des t\u00eates varient entre des tons verts et peuvent pr\u00e9senter des reflets pourpres, ajoutant une touche visuelle impressionnante.<\/p>\n\n\n\n<h2 class=\"wp-block-heading\">Saveur et Effets<\/h2>\n\n\n\n<p>La <strong>saveur<\/strong> de la <strong>Pineapple Chunk<\/strong> est une d\u00e9licieuse combinaison de ses anc\u00eatres. D\u00e8s la premi\u00e8re bouff\u00e9e, on appr\u00e9cie les classiques notes musqu\u00e9es et \u00e2cres de la Skunk, accompagn\u00e9es de touches fromag\u00e9es de la Cheese et d&#8217;un puissant go\u00fbt d&#8217;ananas de la Pineapple. Ce m\u00e9lange cr\u00e9e une exp\u00e9rience gustative difficile \u00e0 oublier et laisse une impression durable sur le palais.<\/p>\n\n\n\n<p>L&#8217;<strong>ar\u00f4me<\/strong> est tout aussi captivant. L&#8217;h\u00e9ritage Skunk de la Pineapple Chunk rend l&#8217;odeur tr\u00e8s intense, ce qui en fait une strain qui se distingue dans n&#8217;importe quelle collection. Cet ar\u00f4me p\u00e9n\u00e9trant peut n\u00e9cessiter l&#8217;utilisation d&#8217;un bon filtre \u00e0 charbon, surtout pendant la floraison, pour maintenir la discr\u00e9tion.<\/p>\n\n\n\n<p>En ce qui concerne les <strong>effets<\/strong>, la <strong>Pineapple Chunk<\/strong> offre une exp\u00e9rience \u00e0 la fois puissante et \u00e9quilibr\u00e9e. Bien qu&#8217;elle ait une forte dominance indica, les effets ne sont pas excessivement relaxants. Au contraire, ils sont tr\u00e8s joyeux et hilarants, ce qui la rend id\u00e9ale pour passer de bons moments \u00e0 n&#8217;importe quelle heure de la journ\u00e9e. Cette strain est parfaite pour ceux qui cherchent \u00e0 soulager le stress et \u00e0 profiter d&#8217;une sensation de bonheur et de bien-\u00eatre.<\/p>\n\n\n\n<p>Les niveaux de <strong>THC<\/strong> de la <strong>Pineapple Chunk<\/strong> varient entre 15% et 20%, ce qui garantit une exp\u00e9rience forte et satisfaisante pour la plupart des consommateurs. Quant au <strong>CBD<\/strong>, son contenu est faible, g\u00e9n\u00e9ralement inf\u00e9rieur \u00e0 1%, ce qui met en avant ses effets psychoactifs plut\u00f4t que ses propri\u00e9t\u00e9s th\u00e9rapeutiques.<\/p>\n\n\n\n<h3 class=\"wp-block-heading\">Terp\u00e8nes de Pineapple Chunk<\/h3>\n\n\n\n<p>La <strong>Pineapple Chunk<\/strong> se distingue par son profil de terp\u00e8nes, qui non seulement contribuent \u00e0 son ar\u00f4me et \u00e0 sa saveur distinctifs, mais offrent \u00e9galement une s\u00e9rie de bienfaits th\u00e9rapeutiques. Les terp\u00e8nes principaux pr\u00e9sents dans cette strain incluent <strong>Limon\u00e8ne<\/strong>, <strong>Myrc\u00e8ne<\/strong>, <strong>Valenc\u00e8ne<\/strong>, <strong>Humul\u00e8ne<\/strong>, <strong>Caryophyll\u00e8ne<\/strong>, <strong>Terpinol\u00e8ne<\/strong> et <strong>Ph\u00e9landr\u00e8ne<\/strong>.<\/p>\n\n\n\n<p>Le <strong>Limon\u00e8ne<\/strong> apporte un ar\u00f4me citronn\u00e9 et frais, connu pour ses effets anti-anxi\u00e9t\u00e9 et anti-d\u00e9presseurs. Le <strong>Myrc\u00e8ne<\/strong>, avec son ar\u00f4me terreux et de mousse, est connu pour ses propri\u00e9t\u00e9s s\u00e9datives et relaxantes, ce qui en fait un terp\u00e8ne id\u00e9al pour combattre l&#8217;insomnie et le stress. Le <strong>Valenc\u00e8ne<\/strong> ajoute une note douce et citronn\u00e9e, et est connu pour ses propri\u00e9t\u00e9s anti-inflammatoires.<\/p>\n\n\n\n<p>L&#8217;<strong>Humul\u00e8ne<\/strong> a un ar\u00f4me terreux et bois\u00e9 et est appr\u00e9ci\u00e9 pour ses propri\u00e9t\u00e9s anti-inflammatoires et de suppression de l&#8217;app\u00e9tit. Le <strong>Caryophyll\u00e8ne<\/strong> apporte une touche \u00e9pic\u00e9e et bois\u00e9e et est unique parmi les terp\u00e8nes pour sa capacit\u00e9 \u00e0 interagir avec les r\u00e9cepteurs de cannabino\u00efdes du corps, offrant des effets analg\u00e9siques et anti-inflammatoires.<\/p>\n\n\n\n<p>Le <strong>Terpinol\u00e8ne<\/strong> est un autre terp\u00e8ne notable, avec un ar\u00f4me floral et herbac\u00e9, connu pour ses effets antioxydants et s\u00e9datifs. Enfin, le <strong>Ph\u00e9landr\u00e8ne<\/strong> contribue avec un ar\u00f4me citronn\u00e9 et de pin, et est reconnu pour ses propri\u00e9t\u00e9s \u00e9nergisantes et stimulantes de l&#8217;humeur.<\/p>\n\n\n\n<h2 class=\"wp-block-heading\">Rendement et Temps de Floraison<\/h2>\n\n\n\n<p>La <strong>Pineapple Chunk<\/strong> est une strain qui se distingue par son haut rendement, tant en culture int\u00e9rieure qu&#8217;ext\u00e9rieure. Cette caract\u00e9ristique en fait une excellente option pour ceux qui cherchent \u00e0 maximiser leurs r\u00e9coltes avec une plante facile \u00e0 cultiver et \u00e0 g\u00e9rer.<\/p>\n\n\n\n<p>En <strong>culture en int\u00e9rieur<\/strong>, la <strong>Pineapple Chunk<\/strong> a un temps de floraison assez rapide, d&#8217;environ 55 \u00e0 60 jours. Pendant cette p\u00e9riode, elle est capable de produire entre <strong>500 et 600 grammes par m\u00e8tre carr\u00e9<\/strong>, \u00e0 condition de lui fournir les bonnes conditions. Gr\u00e2ce \u00e0 sa capacit\u00e9 \u00e0 concentrer la production sur des grosses t\u00eates apicales, elle est particuli\u00e8rement adapt\u00e9e aux cultures en SOG (Sea of Green), permettant d&#8217;obtenir des r\u00e9coltes plus productives et de haute qualit\u00e9.<\/p>\n\n\n\n<p>En <strong>culture en ext\u00e9rieur<\/strong>, cette strain montre \u00e9galement un rendement impressionnant. Les plantes peuvent atteindre une hauteur allant jusqu&#8217;\u00e0 2,5 m\u00e8tres si elles sont germ\u00e9es au d\u00e9but du printemps, et chacune d&#8217;elles peut produire entre <strong>700 et 900 grammes<\/strong>. La r\u00e9colte se fait g\u00e9n\u00e9ralement entre la mi-septembre et la fin septembre, ce qui la rend parfaite m\u00eame pour les zones avec des \u00e9t\u00e9s plus courts. Un des trucs pour am\u00e9liorer la production en ext\u00e9rieur est de r\u00e9aliser une taille apicale pr\u00e9coce, ce qui aide \u00e0 obtenir des plantes plus larges avec plus de t\u00eates.<\/p>\n\n\n\n<p>La rapidit\u00e9 de floraison de la <strong>Pineapple Chunk<\/strong> est un autre de ses grands avantages. En int\u00e9rieur, \u00e0 partir du changement de photop\u00e9riode de croissance \u00e0 floraison, elle se r\u00e9colte en seulement <strong>55-60 jours<\/strong>. En ext\u00e9rieur, la floraison commence dans les deux premi\u00e8res semaines d&#8217;ao\u00fbt, selon la latitude de la culture, et la r\u00e9colte peut \u00eatre r\u00e9alis\u00e9e entre <strong>la mi-septembre et la fin septembre<\/strong>.<\/p>\n\n\n\n<h2 class=\"wp-block-heading\">Comment Cultiver la Pineapple Chunk<\/h2>\n\n\n\n<p>Pour cultiver la <strong>Pineapple Chunk<\/strong>, vous n&#8217;avez pas besoin d&#8217;\u00eatre un expert. Cette strain est connue pour sa <strong>facilit\u00e9 de culture<\/strong>, ce qui en fait un choix id\u00e9al aussi bien pour les cultivateurs novices que pour les plus exp\u00e9riment\u00e9s. La Pineapple Chunk est tr\u00e8s r\u00e9sistante et s&#8217;adapte bien \u00e0 diff\u00e9rentes m\u00e9thodes de culture, offrant toujours des r\u00e9coltes de haute qualit\u00e9.<\/p>\n\n\n\n<p>En ce qui concerne le <strong>climat et les conditions de culture id\u00e9ales<\/strong>, cette plante se d\u00e9veloppe mieux dans des climats temp\u00e9r\u00e9s et chauds. Bien qu&#8217;elle soit robuste et r\u00e9sistante, elle appr\u00e9cie un environnement bien contr\u00f4l\u00e9. En int\u00e9rieur, il est important de maintenir une temp\u00e9rature constante et de contr\u00f4ler l&#8217;humidit\u00e9 pour \u00e9viter les probl\u00e8mes. En ext\u00e9rieur, elle pr\u00e9f\u00e8re un endroit avec une bonne exposition au soleil et un sol bien drain\u00e9. La Pineapple Chunk est parfaite pour les cultivateurs qui recherchent une plante tol\u00e9rant diff\u00e9rentes conditions environnementales et qui ne n\u00e9cessite pas trop de soins.<\/p>\n\n\n\n<p>Un des grands avantages de la Pineapple Chunk est sa <strong>r\u00e9sistance aux parasites et aux maladies<\/strong>. Cette vari\u00e9t\u00e9 est tr\u00e8s r\u00e9sistante aux moisissures et aux parasites, ce qui r\u00e9duit significativement le risque de probl\u00e8mes pendant la culture. Cependant, nous recommandons toujours de maintenir un bon niveau d&#8217;hygi\u00e8ne dans la zone de culture et de rester attentif \u00e0 tout signe de parasites pour agir de mani\u00e8re pr\u00e9ventive.<\/p>\n\n\n\n<div style=\"height:50px\" aria-hidden=\"true\" class=\"wp-block-spacer uag-hide-mob\"><\/div>\n\n\n\n<div class=\"wp-block-columns is-layout-flex wp-container-core-columns-is-layout-28f84493 wp-block-columns-is-layout-flex\">\n<div class=\"wp-block-column is-layout-flow wp-block-column-is-layout-flow\">\n<p class=\"has-text-align-center has-medium-font-size\"><strong>Ce que nous aimons le plus<\/strong><\/p>\n\n\n\n<ul class=\"wp-block-list\">\n<li>Tr\u00e8s facile \u00e0 cultiver.<\/li>\n\n\n\n<li>Haute r\u00e9sistance aux parasites et aux maladies.<\/li>\n\n\n\n<li>Production tr\u00e8s \u00e9lev\u00e9e.<\/li>\n\n\n\n<li>D\u00e9licieux go\u00fbt d&#8217;ananas et skunky.<\/li>\n\n\n\n<li>Effets joyeux et heureux.<\/li>\n<\/ul>\n<\/div>\n\n\n\n<div class=\"wp-block-column is-layout-flow wp-block-column-is-layout-flow\">\n<p class=\"has-text-align-center has-medium-font-size\"><strong>Ce que nous aimons le moins<\/strong><\/p>\n\n\n\n<ul class=\"wp-block-list\">\n<li>En floraison, l&#8217;odeur est tr\u00e8s intense.<\/li>\n\n\n\n<li>N\u00e9cessite un bon filtre \u00e0 charbon pour maintenir la discr\u00e9tion.<\/li>\n<\/ul>\n<\/div>\n<\/div>\n\n\n\n<div style=\"height:50px\" aria-hidden=\"true\" class=\"wp-block-spacer uag-hide-mob\"><\/div>\n\n\n\n<h2 class=\"wp-block-heading\">Questions Fr\u00e9quentes<\/h2>\n\n\n\n<p>Voici les questions les plus fr\u00e9quentes pos\u00e9es par les cultivateurs int\u00e9ress\u00e9s par nos graines en vrac de Pineapple Chunk :<\/p>\n\n\n<div id=\"rank-math-faq\" class=\"rank-math-block\">\n<div class=\"rank-math-list \">\n<div id=\"faq-question-1663029074962\" class=\"rank-math-list-item\">\n<h3 class=\"rank-math-question \">Quand commence la floraison de Pineapple Chunk en ext\u00e9rieur?<\/h3>\n<div class=\"rank-math-answer \">\n\n<p>En fonction de la latitude de la culture, la <strong>floraison<\/strong> de Pineapple Chunk commence durant les deux premi\u00e8res semaines du mois d&#8217;ao\u00fbt. C&#8217;est une strain qui s&#8217;adapte bien \u00e0 diff\u00e9rents climats, mais elle pr\u00e9f\u00e8re des conditions temp\u00e9r\u00e9es et chaudes pour une meilleure performance.<\/p>\n\n<\/div>\n<\/div>\n<div id=\"faq-question-1663029159933\" class=\"rank-math-list-item\">\n<h3 class=\"rank-math-question \">Quand r\u00e9colter une Pineapple Chunk en ext\u00e9rieur?<\/h3>\n<div class=\"rank-math-answer \">\n\n<p>La <strong>Pineapple Chunk<\/strong> est une strain \u00e0 floraison tr\u00e8s rapide qui se r\u00e9colte entre la mi-septembre et la fin septembre. Cette rapidit\u00e9 de floraison la rend parfaite pour les zones avec des \u00e9t\u00e9s plus courts, garantissant une r\u00e9colte r\u00e9ussie avant l&#8217;arriv\u00e9e des basses temp\u00e9ratures.<\/p>\n\n<\/div>\n<\/div>\n<div id=\"faq-question-1663029165861\" class=\"rank-math-list-item\">\n<h3 class=\"rank-math-question \">Comment cultiver une Pineapple Chunk f\u00e9minis\u00e9e?<\/h3>\n<div class=\"rank-math-answer \">\n\n<p>La <strong>Pineapple Chunk<\/strong> est une plante tr\u00e8s facile \u00e0 cultiver, \u00e0 croissance rapide et tr\u00e8s r\u00e9sistante. Elle accepte les tailles et les guides de branches, ce qui permet de maximiser sa production. En int\u00e9rieur, il est recommand\u00e9 d&#8217;utiliser des techniques comme le SOG (Sea of Green) pour concentrer la production sur des grosses t\u00eates apicales et obtenir des r\u00e9coltes plus productives.<\/p>\n\n<\/div>\n<\/div>\n<div id=\"faq-question-1666780029954\" class=\"rank-math-list-item\">\n<h3 class=\"rank-math-question \">Quels sont les effets de Pineapple Chunk en vrac?<\/h3>\n<div class=\"rank-math-answer \">\n\n<p>Les effets de la <strong>Pineapple Chunk<\/strong> sont joyeux et heureux, faisant de chaque moment une exp\u00e9rience agr\u00e9able. Malgr\u00e9 sa dominance indica, les effets ne sont pas excessivement relaxants, permettant son utilisation \u00e0 tout moment de la journ\u00e9e. Les consommateurs soulignent \u00e9galement sa capacit\u00e9 \u00e0 stimuler l&#8217;app\u00e9tit et \u00e0 am\u00e9liorer l&#8217;humeur.<\/p>\n\n<\/div>\n<\/div>\n<div id=\"faq-question-1720687575070\" class=\"rank-math-list-item\">\n<h3 class=\"rank-math-question \">Quel go\u00fbt a la Pineapple Chunk?<\/h3>\n<div class=\"rank-math-answer \">\n\n<p>La <strong>Pineapple Chunk<\/strong> offre une d\u00e9licieuse combinaison de saveurs gr\u00e2ce \u00e0 ses anc\u00eatres. Vous pourrez profiter de notes musqu\u00e9es et \u00e2cres de la Skunk, de touches de fromage de la Cheese, et d&#8217;un puissant go\u00fbt d&#8217;ananas de la Pineapple. Ce m\u00e9lange cr\u00e9e une exp\u00e9rience sensorielle unique qui ravit tout connaisseur de cannabis.<\/p>\n\n<\/div>\n<\/div>\n<div id=\"faq-question-1720687624767\" class=\"rank-math-list-item\">\n<h3 class=\"rank-math-question \">La Pineapple Chunk est-elle sativa ou indica?<\/h3>\n<div class=\"rank-math-answer \">\n\n<p>La <strong>Pineapple Chunk<\/strong> est une strain avec une grande dominance <strong>indica<\/strong>. Cela signifie que ses effets tendent \u00e0 \u00eatre plus relaxants et s\u00e9datifs, id\u00e9aux pour profiter de moments de tranquillit\u00e9 et de bien-\u00eatre. Les vari\u00e9t\u00e9s indica sont connues pour leurs effets physiques puissants, qui peuvent aider \u00e0 soulager le stress, la douleur et l&#8217;insomnie. En comparaison, les vari\u00e9t\u00e9s sativa fournissent g\u00e9n\u00e9ralement une sensation d&#8217;\u00e9nergie et d&#8217;euphorie, \u00e9tant plus adapt\u00e9es pour une consommation diurne et pour des activit\u00e9s cr\u00e9atives ou sociales. La Pineapple Chunk, avec sa pr\u00e9dominance indica, offre une exp\u00e9rience \u00e9quilibr\u00e9e avec des effets joyeux et amusants, parfaite pour se d\u00e9tendre sans \u00eatre compl\u00e8tement s\u00e9dat\u00e9.<\/p>\n\n<\/div>\n<\/div>\n<\/div>\n<\/div>","protected":false},"excerpt":{"rendered":"<p><b>Pineapple Chunk<\/b> offre une exp\u00e9rience de culture simple et sans complications, avec <strong>des rendements \u00e9lev\u00e9s et une floraison rapide<\/strong>. Profitez de t\u00eates r\u00e9sineuses avec une <strong>saveur incomparable d&#8217;ananas<\/strong> et des<strong> effets joyeux et relaxants<\/strong>. Parfait pour les cultivateurs de tous niveaux cherchant qualit\u00e9 et quantit\u00e9 \u00e0 chaque r\u00e9colte.<\/p>\n","protected":false},"featured_media":11167,"comment_status":"open","ping_status":"closed","template":"","meta":{"_acf_changed":false,"inline_featured_image":false,"_uag_custom_page_level_css":""},"product_brand":[],"product_cat":[1125],"product_tag":[],"class_list":{"0":"post-10873","1":"product","2":"type-product","3":"status-publish","4":"has-post-thumbnail","6":"product_cat-graines-feminisees-en-gros","8":"first","9":"outofstock","10":"taxable","11":"shipping-taxable","12":"purchasable","13":"product-type-simple"},"acf":[],"uagb_featured_image_src":{"full":["https:\/\/bulkgenetics.com\/wp-content\/uploads\/2022\/09\/pineapple-chunk-feminizada-granel.jpg",1600,1600,false],"thumbnail":["https:\/\/bulkgenetics.com\/wp-content\/uploads\/2022\/09\/pineapple-chunk-feminizada-granel-150x150.jpg",150,150,true],"medium":["https:\/\/bulkgenetics.com\/wp-content\/uploads\/2022\/09\/pineapple-chunk-feminizada-granel-300x300.jpg",300,300,true],"medium_large":["https:\/\/bulkgenetics.com\/wp-content\/uploads\/2022\/09\/pineapple-chunk-feminizada-granel-768x768.jpg",768,768,true],"large":["https:\/\/bulkgenetics.com\/wp-content\/uploads\/2022\/09\/pineapple-chunk-feminizada-granel-1024x1024.jpg",1024,1024,true],"1536x1536":["https:\/\/bulkgenetics.com\/wp-content\/uploads\/2022\/09\/pineapple-chunk-feminizada-granel-1536x1536.jpg",1536,1536,true],"2048x2048":["https:\/\/bulkgenetics.com\/wp-content\/uploads\/2022\/09\/pineapple-chunk-feminizada-granel.jpg",1600,1600,false],"commercegurus-pdp-large":["https:\/\/bulkgenetics.com\/wp-content\/uploads\/2022\/09\/pineapple-chunk-feminizada-granel-990x990.jpg",990,990,true],"commercegurus-plp-mobile":["https:\/\/bulkgenetics.com\/wp-content\/uploads\/2022\/09\/pineapple-chunk-feminizada-granel-441x441.jpg",441,441,true],"cgkit_image_swatch":["https:\/\/bulkgenetics.com\/wp-content\/uploads\/2022\/09\/pineapple-chunk-feminizada-granel-100x100.jpg",100,100,true],"woocommerce_thumbnail":["https:\/\/bulkgenetics.com\/wp-content\/uploads\/2022\/09\/pineapple-chunk-feminizada-granel-300x300.jpg",300,300,true],"woocommerce_single":["https:\/\/bulkgenetics.com\/wp-content\/uploads\/2022\/09\/pineapple-chunk-feminizada-granel-800x800.jpg",800,800,true],"woocommerce_gallery_thumbnail":["https:\/\/bulkgenetics.com\/wp-content\/uploads\/2022\/09\/pineapple-chunk-feminizada-granel-150x150.jpg",150,150,true],"dgwt-wcas-product-suggestion":["https:\/\/bulkgenetics.com\/wp-content\/uploads\/2022\/09\/pineapple-chunk-feminizada-granel-64x64.jpg",64,64,true]},"uagb_author_info":{"display_name":"Bruno Crespo","author_link":"https:\/\/bulkgenetics.com\/fr\/author\/"},"uagb_comment_info":0,"uagb_excerpt":"Pineapple Chunk offre une exp\u00e9rience de culture simple et sans complications, avec des rendements \u00e9lev\u00e9s et une floraison rapide. Profitez de t\u00eates r\u00e9sineuses avec une saveur incomparable d'ananas et des effets joyeux et relaxants. Parfait pour les cultivateurs de tous niveaux cherchant qualit\u00e9 et quantit\u00e9 \u00e0 chaque r\u00e9colte.","_links":{"self":[{"href":"https:\/\/bulkgenetics.com\/fr\/wp-json\/wp\/v2\/product\/10873","targetHints":{"allow":["GET"]}}],"collection":[{"href":"https:\/\/bulkgenetics.com\/fr\/wp-json\/wp\/v2\/product"}],"about":[{"href":"https:\/\/bulkgenetics.com\/fr\/wp-json\/wp\/v2\/types\/product"}],"replies":[{"embeddable":true,"href":"https:\/\/bulkgenetics.com\/fr\/wp-json\/wp\/v2\/comments?post=10873"}],"wp:featuredmedia":[{"embeddable":true,"href":"https:\/\/bulkgenetics.com\/fr\/wp-json\/wp\/v2\/media\/11167"}],"wp:attachment":[{"href":"https:\/\/bulkgenetics.com\/fr\/wp-json\/wp\/v2\/media?parent=10873"}],"wp:term":[{"taxonomy":"product_brand","embeddable":true,"href":"https:\/\/bulkgenetics.com\/fr\/wp-json\/wp\/v2\/product_brand?post=10873"},{"taxonomy":"product_cat","embeddable":true,"href":"https:\/\/bulkgenetics.com\/fr\/wp-json\/wp\/v2\/product_cat?post=10873"},{"taxonomy":"product_tag","embeddable":true,"href":"https:\/\/bulkgenetics.com\/fr\/wp-json\/wp\/v2\/product_tag?post=10873"}],"curies":[{"name":"wp","href":"https:\/\/api.w.org\/{rel}","templated":true}]}}