{"id":10875,"date":"2022-09-30T16:46:15","date_gmt":"2022-09-30T14:46:15","guid":{"rendered":"https:\/\/www.bulkgenetics.com\/bourgeon-dorange\/"},"modified":"2024-10-08T01:18:51","modified_gmt":"2024-10-07T23:18:51","slug":"orange-bud","status":"publish","type":"product","link":"https:\/\/bulkgenetics.com\/fr\/orange-bud\/","title":{"rendered":"Orange Bud"},"content":{"rendered":"\n<p>La <strong>Orange Bud<\/strong> est une l\u00e9gende dans le monde du cannabis. Ce strain d\u00e9velopp\u00e9 dans les ann\u00e9es 80 est un descendant direct de l\u2019iconique <a href=\"https:\/\/bulkgenetics.com\/fr\/skunk-1\/\"><strong>Skunk<\/strong> #1<\/a>. D\u00e9velopp\u00e9 par Dutch Passion, l&#8217;objectif \u00e9tait de cr\u00e9er un strain qui se distinguerait par sa saveur fruit\u00e9e sans compromettre la qualit\u00e9 ni la production. Et ils y sont parvenus. Ce <strong>strain<\/strong> a non seulement r\u00e9sist\u00e9 \u00e0 l&#8217;\u00e9preuve du temps, mais a prosp\u00e9r\u00e9, devenant l&#8217;un des favoris dans les menus des coffeeshops aux Pays-Bas et parmi les cultivateurs du monde entier.<\/p>\n\n\n\n<p>La morphologie de la <strong>Orange Bud<\/strong> est aussi iconique que sa saveur. Ses t\u00eates denses et dures sont couvertes d&#8217;une couche de r\u00e9sine collante et brillante, orn\u00e9es de poils orange vibrants qui lui donnent son nom caract\u00e9ristique. \u00c0 mesure qu&#8217;elle fleurit, la plante s&#8217;\u00e9tire, atteignant presque le double de sa hauteur initiale, avec une structure robuste et vigoureuse. Les couleurs vont du vert \u00e9meraude \u00e0 l&#8217;orange vif, faisant de chaque r\u00e9colte un spectacle visuel dans votre jardin.<\/p>\n\n\n\n<h2 class=\"wp-block-heading\">Saveur et Effets<\/h2>\n\n\n\n<p>Imaginez mordre dans une orange m\u00fbre et juteuse par une journ\u00e9e d&#8217;\u00e9t\u00e9, avec le soleil caressant votre peau. C&#8217;est le go\u00fbt de la <strong>Orange Bud<\/strong>. Son profil de saveur est un d\u00e9lice pour les sens, combinant un doux nectar d&#8217;orange avec des notes subtiles de Skunk. En ouvrant un bocal de ses t\u00eates, vous serez accueilli par des ar\u00f4mes \u00e9voquant des oranges fra\u00eechement r\u00e9colt\u00e9es et des nectarines juteuses, une exp\u00e9rience sensorielle qui vous transporte dans un jardin d&#8217;agrumes.<\/p>\n\n\n\n<p>Mais la <strong>Orange Bud<\/strong> n&#8217;est pas seulement une question de saveur ; ses effets sont tout aussi impressionnants. Avec une teneur en THC variant entre 15% et 20%, elle procure un high c\u00e9r\u00e9bral actif et social, parfait pour ceux qui recherchent de l&#8217;\u00e9nergie et de la cr\u00e9ativit\u00e9 au quotidien. Le niveau de CBD est faible, autour de 0,3%, ce qui en fait une option id\u00e9ale pour ceux qui cherchent un effet psychoactif sans s\u00e9dation excessive.<\/p>\n\n\n\n<p>Les effets de la <strong>Orange Bud<\/strong> sont puissants et principalement c\u00e9r\u00e9braux. Apr\u00e8s quelques bouff\u00e9es, vous ressentirez une vague d&#8217;\u00e9nergie, de bonheur et de cr\u00e9ativit\u00e9 qui s&#8217;emparera de vous pendant de longues heures. Elle est parfaite pour n&#8217;importe quel moment de la journ\u00e9e, surtout lorsque vous avez besoin d&#8217;un coup de motivation ou d&#8217;inspiration. Cependant, son ar\u00f4me fort peut n\u00e9cessiter un contr\u00f4le des odeurs dans les cultures discr\u00e8tes.<\/p>\n\n\n\n<h3 class=\"wp-block-heading\">Terp\u00e8nes de la Orange Bud<\/h3>\n\n\n\n<p>Les terp\u00e8nes de la <strong>Orange Bud<\/strong> sont les v\u00e9ritables protagonistes derri\u00e8re son ar\u00f4me et ses effets uniques. Domin\u00e9e par le limon\u00e8ne, ce terp\u00e8ne apporte l&#8217;ar\u00f4me distinctif d&#8217;agrumes et offre des bienfaits allant de l&#8217;am\u00e9lioration de l&#8217;humeur \u00e0 la r\u00e9duction du stress. Le myrc\u00e8ne, un autre terp\u00e8ne pr\u00e9sent dans ce strain, ajoute des notes terreuses et contribue \u00e0 un effet relaxant.<\/p>\n\n\n\n<p>La pr\u00e9sence d&#8217;alpha-pin\u00e8ne ajoute une touche fra\u00eeche et herbac\u00e9e, am\u00e9liorant la clart\u00e9 mentale et la concentration. Le b\u00eata-caryophyll\u00e8ne, connu pour son ar\u00f4me de poivre et sa capacit\u00e9 anti-inflammatoire, compl\u00e8te ce profil terp\u00e9nique, offrant une exp\u00e9rience \u00e0 la fois d\u00e9licieuse et b\u00e9n\u00e9fique. Fumer ou vaporiser la <strong>Orange Bud<\/strong>, c&#8217;est comme profiter d&#8217;une symphonie de saveurs et de sensations, une v\u00e9ritable \u0153uvre d&#8217;art dans le monde du cannabis.<\/p>\n\n\n\n<h2 class=\"wp-block-heading\">Production et Temps de Floraison<\/h2>\n\n\n\n<p>La <strong>Orange Bud<\/strong> r\u00e9compense g\u00e9n\u00e9reusement ses cultivateurs, tant en int\u00e9rieur qu&#8217;en ext\u00e9rieur. En cultures int\u00e9rieures, ce strain peut produire entre <strong>450 et 550 grammes par m\u00e8tre carr\u00e9<\/strong>, surtout lorsque la technique du <strong>Sea of Green (SOG)<\/strong> est utilis\u00e9e, maximisant le rendement dans des espaces r\u00e9duits. Les t\u00eates denses et couvertes de cristaux font que chaque gramme vaut son pesant d&#8217;or, offrant une r\u00e9colte \u00e0 la fois abondante et de qualit\u00e9 premium.<\/p>\n\n\n\n<p>En ext\u00e9rieur, la <strong>Orange Bud<\/strong> devient une v\u00e9ritable g\u00e9ante, atteignant jusqu&#8217;\u00e0 2,5 m\u00e8tres de hauteur et produisant environ <strong>600 \u00e0 800 grammes par plante<\/strong>. Sa capacit\u00e9 \u00e0 s&#8217;adapter \u00e0 diff\u00e9rents climats et \u00e0 r\u00e9sister aux parasites et aux champignons en fait une option robuste pour tout cultivateur. La plante fleurit rapidement, assurant des r\u00e9coltes pr\u00e9coces en automne, ce qui est id\u00e9al pour \u00e9viter les premi\u00e8res gel\u00e9es.<\/p>\n\n\n\n<p>Le temps de floraison de la <strong>Orange Bud<\/strong> en int\u00e9rieur est relativement court, oscillant entre <strong>8 et 9 semaines<\/strong>. Cette p\u00e9riode de floraison rapide, combin\u00e9e \u00e0 sa croissance vigoureuse, permet de multiples r\u00e9coltes par an, optimisant ainsi l&#8217;utilisation de l&#8217;espace de culture. En ext\u00e9rieur, la <strong>Orange Bud<\/strong> montre \u00e9galement sa rapidit\u00e9, \u00e9tant pr\u00eate pour la r\u00e9colte \u00e0 <strong>mi-octobre<\/strong>. Cela en fait une option parfaite pour ceux qui recherchent un strain offrant de grands rendements dans un d\u00e9lai raisonnable.<\/p>\n\n\n\n<p>Que vous soyez un cultivateur novice ou exp\u00e9riment\u00e9, la <strong>Orange Bud<\/strong> vous offrira une exp\u00e9rience de culture satisfaisante et productive, avec des r\u00e9coltes abondantes et des t\u00eates de haute qualit\u00e9 sans trop de complications.<\/p>\n\n\n\n<h2 class=\"wp-block-heading\">Comment Cultiver la Orange Bud<\/h2>\n\n\n\n<p>La <strong>Orange Bud<\/strong> est un strain tr\u00e8s facile \u00e0 cultiver, id\u00e9al tant pour les d\u00e9butants que pour les cultivateurs exp\u00e9riment\u00e9s. Sa tol\u00e9rance \u00e0 diff\u00e9rents niveaux de nutriments et sa robustesse en font une plante indulgente et facile \u00e0 g\u00e9rer. Donnez-lui simplement un peu d&#8217;amour, et elle s&#8217;occupera du reste.<\/p>\n\n\n\n<p>Ce strain prosp\u00e8re dans une large gamme de climats, des m\u00e9diterran\u00e9ens aux temp\u00e9r\u00e9s. Il pr\u00e9f\u00e8re des conditions ensoleill\u00e9es et chaudes, mais sa r\u00e9sistance lui permet de bien s&#8217;adapter \u00e0 des climats plus froids, surtout en cultures ext\u00e9rieures. Pour obtenir les meilleurs r\u00e9sultats, nous recommandons de la planter dans un sol organique de haute qualit\u00e9 et d&#8217;assurer une ventilation douce et constante pour renforcer sa structure et sa r\u00e9sistance.<\/p>\n\n\n\n<p>Une des caract\u00e9ristiques les plus remarquables de la <strong>Orange Bud<\/strong> est sa r\u00e9sistance aux parasites et aux maladies. Ce strain s&#8217;est av\u00e9r\u00e9 particuli\u00e8rement r\u00e9sistant aux champignons et aux parasites communs, ce qui r\u00e9duit consid\u00e9rablement les probl\u00e8mes pendant le cycle de culture. Cela non seulement facilite la gestion, mais garantit \u00e9galement une r\u00e9colte saine et abondante.<\/p>\n\n\n\n<div style=\"height:50px\" aria-hidden=\"true\" class=\"wp-block-spacer uag-hide-mob\"><\/div>\n\n\n\n<div class=\"wp-block-columns is-layout-flex wp-container-core-columns-is-layout-28f84493 wp-block-columns-is-layout-flex\">\n<div class=\"wp-block-column is-layout-flow wp-block-column-is-layout-flow\">\n<p class=\"has-text-align-center has-medium-font-size\"><strong>Ce que nous aimons le plus<\/strong><\/p>\n\n\n\n<ul class=\"wp-block-list\">\n<li>Tr\u00e8s facile \u00e0 cultiver, id\u00e9al pour les d\u00e9butants.<\/li>\n\n\n\n<li>Saveur et ar\u00f4me irr\u00e9sistibles d&#8217;agrumes et de nectarines.<\/li>\n\n\n\n<li>Haute r\u00e9sistance aux parasites et aux maladies.<\/li>\n\n\n\n<li>Grande production tant en int\u00e9rieur qu&#8217;en ext\u00e9rieur.<\/li>\n\n\n\n<li>Effet \u00e9nergisant et revitalisant, parfait pour la vie quotidienne.<\/li>\n<\/ul>\n<\/div>\n\n\n\n<div class=\"wp-block-column is-layout-flow wp-block-column-is-layout-flow\">\n<p class=\"has-text-align-center has-medium-font-size\"><strong>Ce que nous aimons le moins<\/strong><\/p>\n\n\n\n<ul class=\"wp-block-list\">\n<li>L&#8217;odeur forte peut n\u00e9cessiter un contr\u00f4le des odeurs dans les cultures discr\u00e8tes.<\/li>\n\n\n\n<li>Dans les climats tr\u00e8s humides, elle peut \u00eatre sensible aux champignons.<\/li>\n<\/ul>\n<\/div>\n<\/div>\n\n\n\n<div style=\"height:50px\" aria-hidden=\"true\" class=\"wp-block-spacer uag-hide-mob\"><\/div>\n\n\n\n<h2 class=\"wp-block-heading\">Questions Fr\u00e9quentes<\/h2>\n\n\n\n<p>Si vous avez des questions concernant la culture de ces graines en vrac, nous r\u00e9pondons ci-dessous aux questions les plus courantes que nous posent les cultivateurs :<\/p>\n\n\n<div id=\"rank-math-faq\" class=\"rank-math-block\">\n<div class=\"rank-math-list \">\n<div id=\"faq-question-1663029074962\" class=\"rank-math-list-item\">\n<h3 class=\"rank-math-question \">Quand commence la floraison de l&#8217;Orange Bud en ext\u00e9rieur ?<\/h3>\n<div class=\"rank-math-answer \">\n\n<p>La floraison de la <strong>Orange Bud<\/strong> en ext\u00e9rieur commence au cours de la premi\u00e8re quinzaine du mois d&#8217;ao\u00fbt, en fonction de la latitude de la culture.<\/p>\n\n<\/div>\n<\/div>\n<div id=\"faq-question-1663029159933\" class=\"rank-math-list-item\">\n<h3 class=\"rank-math-question \">Quand r\u00e9colter une Orange Bud en ext\u00e9rieur ?<\/h3>\n<div class=\"rank-math-answer \">\n\n<p>La <strong>Orange Bud<\/strong> est un strain \u00e0 floraison rapide qui se r\u00e9colte \u00e0 la mi-octobre. Cela permet d&#8217;\u00e9viter les premi\u00e8res gel\u00e9es et de garantir une r\u00e9colte de haute qualit\u00e9.<\/p>\n\n<\/div>\n<\/div>\n<div id=\"faq-question-1663029165861\" class=\"rank-math-list-item\">\n<h3 class=\"rank-math-question \">Comment cultiver une Orange Bud f\u00e9minis\u00e9e ?<\/h3>\n<div class=\"rank-math-answer \">\n\n<p>Malgr\u00e9 sa dominance sativa, la <strong>Orange Bud<\/strong> reste de taille moyenne et est tr\u00e8s facile \u00e0 cultiver. Elle est r\u00e9sistante et tol\u00e9rante \u00e0 diff\u00e9rents niveaux de nutriments, ce qui la rend id\u00e9ale pour les cultivateurs d\u00e9butants.<\/p>\n\n<\/div>\n<\/div>\n<div id=\"faq-question-1666780029954\" class=\"rank-math-list-item\">\n<h3 class=\"rank-math-question \">Quels sont les effets de l&#8217;Orange Bud en vrac ?<\/h3>\n<div class=\"rank-math-answer \">\n\n<p>Les effets de la <strong>Orange Bud<\/strong> sont tr\u00e8s joyeux, \u00e9nerg\u00e9tiques et cr\u00e9atifs. Elle est parfaite \u00e0 fumer \u00e0 tout moment de la journ\u00e9e, procurant une vague d&#8217;\u00e9nergie et de bien-\u00eatre qui dure de longues heures.<\/p>\n\n<\/div>\n<\/div>\n<div id=\"faq-question-1720683875712\" class=\"rank-math-list-item\">\n<h3 class=\"rank-math-question \">L&#8217;Orange Bud est-elle sativa ou indica ?<\/h3>\n<div class=\"rank-math-answer \">\n\n<p>La <strong>Orange Bud<\/strong> est une vari\u00e9t\u00e9 majoritairement sativa. Les vari\u00e9t\u00e9s sativa se caract\u00e9risent par leurs effets \u00e9nergisants et stimulants, id\u00e9aux pour le quotidien, la cr\u00e9ativit\u00e9 et la sociabilit\u00e9. En revanche, les vari\u00e9t\u00e9s indica ont tendance \u00e0 \u00eatre plus relaxantes et s\u00e9datives, parfaites pour la nuit ou les moments de d\u00e9tente. La <strong>Orange Bud<\/strong> combine le meilleur des deux mondes, offrant une mont\u00e9e c\u00e9r\u00e9brale active et une touche de relaxation physique, gr\u00e2ce \u00e0 son lignage <strong>Skunk<\/strong>.<\/p>\n\n<\/div>\n<\/div>\n<\/div>\n<\/div>","protected":false},"excerpt":{"rendered":"<p><b>Orange Bud<\/b> est une l\u00e9gendaire vari\u00e9t\u00e9 hollandaise parfaite pour ceux qui recherchent une <strong>mont\u00e9e \u00e9nergisante et cr\u00e9ative<\/strong>. Facile \u00e0 cultiver et avec une r\u00e9sistance exceptionnelle, elle offre <strong>des t\u00eates denses et savoureuses<\/strong> avec un ar\u00f4me d&#8217;agrumes irr\u00e9sistible. Id\u00e9ale pour tout moment de la journ\u00e9e !<\/p>\n","protected":false},"featured_media":18703,"comment_status":"open","ping_status":"closed","template":"","meta":{"_acf_changed":false,"inline_featured_image":false,"_uag_custom_page_level_css":""},"product_brand":[],"product_cat":[1125],"product_tag":[],"class_list":{"0":"post-10875","1":"product","2":"type-product","3":"status-publish","4":"has-post-thumbnail","6":"product_cat-graines-feminisees-en-gros","8":"first","9":"outofstock","10":"taxable","11":"shipping-taxable","12":"purchasable","13":"product-type-simple"},"acf":[],"uagb_featured_image_src":{"full":["https:\/\/bulkgenetics.com\/wp-content\/uploads\/2022\/09\/Orange-Bud-Weed-Strain.jpg",1600,1600,false],"thumbnail":["https:\/\/bulkgenetics.com\/wp-content\/uploads\/2022\/09\/Orange-Bud-Weed-Strain-150x150.jpg",150,150,true],"medium":["https:\/\/bulkgenetics.com\/wp-content\/uploads\/2022\/09\/Orange-Bud-Weed-Strain-300x300.jpg",300,300,true],"medium_large":["https:\/\/bulkgenetics.com\/wp-content\/uploads\/2022\/09\/Orange-Bud-Weed-Strain-768x768.jpg",768,768,true],"large":["https:\/\/bulkgenetics.com\/wp-content\/uploads\/2022\/09\/Orange-Bud-Weed-Strain-1024x1024.jpg",1024,1024,true],"1536x1536":["https:\/\/bulkgenetics.com\/wp-content\/uploads\/2022\/09\/Orange-Bud-Weed-Strain-1536x1536.jpg",1536,1536,true],"2048x2048":["https:\/\/bulkgenetics.com\/wp-content\/uploads\/2022\/09\/Orange-Bud-Weed-Strain.jpg",1600,1600,false],"commercegurus-pdp-large":["https:\/\/bulkgenetics.com\/wp-content\/uploads\/2022\/09\/Orange-Bud-Weed-Strain-990x990.jpg",990,990,true],"commercegurus-plp-mobile":["https:\/\/bulkgenetics.com\/wp-content\/uploads\/2022\/09\/Orange-Bud-Weed-Strain-441x441.jpg",441,441,true],"cgkit_image_swatch":["https:\/\/bulkgenetics.com\/wp-content\/uploads\/2022\/09\/Orange-Bud-Weed-Strain-100x100.jpg",100,100,true],"woocommerce_thumbnail":["https:\/\/bulkgenetics.com\/wp-content\/uploads\/2022\/09\/Orange-Bud-Weed-Strain-300x300.jpg",300,300,true],"woocommerce_single":["https:\/\/bulkgenetics.com\/wp-content\/uploads\/2022\/09\/Orange-Bud-Weed-Strain-800x800.jpg",800,800,true],"woocommerce_gallery_thumbnail":["https:\/\/bulkgenetics.com\/wp-content\/uploads\/2022\/09\/Orange-Bud-Weed-Strain-150x150.jpg",150,150,true],"dgwt-wcas-product-suggestion":["https:\/\/bulkgenetics.com\/wp-content\/uploads\/2022\/09\/Orange-Bud-Weed-Strain-64x64.jpg",64,64,true]},"uagb_author_info":{"display_name":"Bruno Crespo","author_link":"https:\/\/bulkgenetics.com\/fr\/author\/"},"uagb_comment_info":0,"uagb_excerpt":"Orange Bud est une l\u00e9gendaire vari\u00e9t\u00e9 hollandaise parfaite pour ceux qui recherchent une mont\u00e9e \u00e9nergisante et cr\u00e9ative. Facile \u00e0 cultiver et avec une r\u00e9sistance exceptionnelle, elle offre des t\u00eates denses et savoureuses avec un ar\u00f4me d'agrumes irr\u00e9sistible. Id\u00e9ale pour tout moment de la journ\u00e9e !","_links":{"self":[{"href":"https:\/\/bulkgenetics.com\/fr\/wp-json\/wp\/v2\/product\/10875","targetHints":{"allow":["GET"]}}],"collection":[{"href":"https:\/\/bulkgenetics.com\/fr\/wp-json\/wp\/v2\/product"}],"about":[{"href":"https:\/\/bulkgenetics.com\/fr\/wp-json\/wp\/v2\/types\/product"}],"replies":[{"embeddable":true,"href":"https:\/\/bulkgenetics.com\/fr\/wp-json\/wp\/v2\/comments?post=10875"}],"wp:featuredmedia":[{"embeddable":true,"href":"https:\/\/bulkgenetics.com\/fr\/wp-json\/wp\/v2\/media\/18703"}],"wp:attachment":[{"href":"https:\/\/bulkgenetics.com\/fr\/wp-json\/wp\/v2\/media?parent=10875"}],"wp:term":[{"taxonomy":"product_brand","embeddable":true,"href":"https:\/\/bulkgenetics.com\/fr\/wp-json\/wp\/v2\/product_brand?post=10875"},{"taxonomy":"product_cat","embeddable":true,"href":"https:\/\/bulkgenetics.com\/fr\/wp-json\/wp\/v2\/product_cat?post=10875"},{"taxonomy":"product_tag","embeddable":true,"href":"https:\/\/bulkgenetics.com\/fr\/wp-json\/wp\/v2\/product_tag?post=10875"}],"curies":[{"name":"wp","href":"https:\/\/api.w.org\/{rel}","templated":true}]}}