{"id":10880,"date":"2022-09-30T16:32:04","date_gmt":"2022-09-30T14:32:04","guid":{"rendered":"https:\/\/www.bulkgenetics.com\/mendocino-purple-kush\/"},"modified":"2024-10-08T01:18:52","modified_gmt":"2024-10-07T23:18:52","slug":"mendocino-purple-kush","status":"publish","type":"product","link":"https:\/\/bulkgenetics.com\/fr\/mendocino-purple-kush\/","title":{"rendered":"Mendocino Purple Kush"},"content":{"rendered":"\n<p><strong>Mendocino Purple Kush<\/strong> est une strain de cannabis qui transformera votre jardin en un spectacle de couleurs et d&#8217;ar\u00f4mes. Cette vari\u00e9t\u00e9 a \u00e9t\u00e9 d\u00e9velopp\u00e9e par le croisement de deux g\u00e9n\u00e9tiques am\u00e9ricaines de grand prestige : la fameuse <strong>Mendocino Purple<\/strong> ou simplement Purps, originaire du comt\u00e9 de Humboldt en Californie, et l&#8217;incroyablement r\u00e9sineuse <strong><a href=\"https:\/\/bulkgenetics.com\/fr\/purple-kush\/\">Purple Kush<\/a><\/strong>. Ce m\u00e9lange puissant a donn\u00e9 naissance \u00e0 une plante qui est non seulement impressionnante \u00e0 voir, mais qui offre \u00e9galement une exp\u00e9rience de culture gratifiante pour les cultivateurs de tous niveaux.<\/p>\n\n\n\n<p>La <strong>Mendocino Purple Kush<\/strong> se distingue par sa morphologie robuste et \u00e9lanc\u00e9e, lui permettant d&#8217;atteindre des hauteurs impressionnantes de jusqu&#8217;\u00e0 3 m\u00e8tres en ext\u00e9rieur. Ses feuilles sont \u00e9normes et ses t\u00eates, grandes, dures et extr\u00eamement r\u00e9sineuses, varient en couleur du vert vif au violet intense, offrant un v\u00e9ritable r\u00e9gal pour les sens. Les ph\u00e9notypes verts tendent \u00e0 \u00eatre les plus rapides et productifs, tandis que les ph\u00e9notypes violets offrent un spectacle visuel difficile \u00e0 surpasser.<\/p>\n\n\n\n<h2 class=\"wp-block-heading\">Saveur et Effets<\/h2>\n\n\n\n<p>L&#8217;ar\u00f4me et la saveur de la <strong>Mendocino Purple Kush<\/strong> sont vraiment sp\u00e9ciaux. Cette strain combine des notes terreuses avec des touches sucr\u00e9es, rappelant les baies et les raisins frais. Les ph\u00e9notypes verts tendent \u00e0 avoir une saveur plus terreuse, tandis que les ph\u00e9notypes violets pr\u00e9sentent une saveur plus sucr\u00e9e et fruit\u00e9e. Ce m\u00e9lange de saveurs fera de chaque bouff\u00e9e une exp\u00e9rience sensorielle unique.<\/p>\n\n\n\n<p>En ce qui concerne les effets, la <strong>Mendocino Purple Kush<\/strong> ne d\u00e9\u00e7oit pas. Avec un taux de <strong>THC<\/strong> variant entre 15% et 20%, et un <strong>CBD<\/strong> tr\u00e8s faible, cette vari\u00e9t\u00e9 offre une combinaison puissante d&#8217;effets. En la consommant, tu ressentiras d&#8217;abord une vague d&#8217;\u00e9nergie, de cr\u00e9ativit\u00e9 et de bonheur qui te frappera avec force. Ensuite, une deuxi\u00e8me vague beaucoup plus relaxante te laissera vraiment \u00e0 l&#8217;aise, procurant une sensation de relaxation profonde et de bien-\u00eatre. Elle est id\u00e9ale pour ceux qui cherchent \u00e0 la fois un coup de boost et une fin de journ\u00e9e relaxante.<\/p>\n\n\n\n<h3 class=\"wp-block-heading\">Terp\u00e8nes de Mendocino Purple Kush<\/h3>\n\n\n\n<p>Les terp\u00e8nes pr\u00e9sents dans la <strong>Mendocino Purple Kush<\/strong> sont responsables de son ar\u00f4me et de sa saveur distinctifs, ainsi que de certains de ses effets th\u00e9rapeutiques. Parmi les terp\u00e8nes les plus remarquables, on trouve le <strong>Myrc\u00e8ne<\/strong>, qui apporte un ar\u00f4me terreux et de clou de girofle, connu pour ses propri\u00e9t\u00e9s relaxantes; le <strong>Humul\u00e8ne<\/strong>, qui ajoute des notes bois\u00e9es et \u00e9pic\u00e9es, et est connu pour ses effets anti-inflammatoires; et le <strong>B\u00eata-Caryophyll\u00e8ne<\/strong>, qui offre un ar\u00f4me \u00e9pic\u00e9 et poivr\u00e9, et poss\u00e8de des propri\u00e9t\u00e9s analg\u00e9siques et anxiolytiques.<\/p>\n\n\n\n<p>Ces terp\u00e8nes enrichissent non seulement l&#8217;exp\u00e9rience de consommation avec leurs d\u00e9licieux ar\u00f4mes et saveurs, mais ils contribuent \u00e9galement aux effets th\u00e9rapeutiques de la <strong>Mendocino Purple Kush<\/strong>, offrant des bienfaits tels que le soulagement du stress, la r\u00e9duction de la douleur et une sensation g\u00e9n\u00e9rale de bien-\u00eatre.<\/p>\n\n\n\n<h2 class=\"wp-block-heading\">Production et Temps de Floraison<\/h2>\n\n\n\n<p>La <strong>Mendocino Purple Kush<\/strong> est une vari\u00e9t\u00e9 qui offre des rendements g\u00e9n\u00e9reux tant en int\u00e9rieur qu&#8217;en ext\u00e9rieur. En culture d&#8217;int\u00e9rieur, avec un \u00e9clairage LED de 300-350 W, il est possible d&#8217;obtenir des r\u00e9coltes allant jusqu&#8217;\u00e0 550 grammes par m\u00e8tre carr\u00e9. Cette vari\u00e9t\u00e9 est parfaite pour ceux qui cherchent \u00e0 maximiser leur production dans des espaces contr\u00f4l\u00e9s.<\/p>\n\n\n\n<p>En ext\u00e9rieur, la <strong>Mendocino Purple Kush<\/strong> peut produire jusqu&#8217;\u00e0 800 grammes par plante, surtout si on lui permet d&#8217;atteindre sa taille maximale. C&#8217;est une plante robuste qui peut atteindre des hauteurs de 2,5 \u00e0 3 m\u00e8tres, ce qui en fait une option id\u00e9ale pour ceux qui disposent de suffisamment d&#8217;espace et cherchent une production abondante.<\/p>\n\n\n\n<p>Le temps de floraison de la <strong>Mendocino Purple Kush<\/strong> est relativement court. En int\u00e9rieur, la p\u00e9riode de floraison dure entre 8 et 9 semaines, ce qui signifie que tu pourras r\u00e9colter tes t\u00eates en peu de temps. En ext\u00e9rieur, la r\u00e9colte se fait d\u00e9but octobre, avec certains ph\u00e9notypes qui peuvent \u00eatre pr\u00eats m\u00eame quelques jours avant. Cette rapidit\u00e9 de floraison rend la <strong>Mendocino Purple Kush<\/strong> une option attrayante pour les cultivateurs qui recherchent une vari\u00e9t\u00e9 efficace et productive.<\/p>\n\n\n\n<h2 class=\"wp-block-heading\">Comment Cultiver la Mendocino Purple Kush<\/h2>\n\n\n\n<p>La <strong>Mendocino Purple Kush<\/strong> est une plante relativement facile \u00e0 cultiver, ce qui la rend adapt\u00e9e tant pour les cultivateurs novices que pour les exp\u00e9riment\u00e9s. Bien qu&#8217;elle soit r\u00e9sistante, elle ne tol\u00e8re pas bien les fortes doses d&#8217;engrais, donc nous recommandons d&#8217;utiliser une gamme d&#8217;engrais organiques solides \u00e0 m\u00e9langer avec le substrat.<\/p>\n\n\n\n<p>En ce qui concerne le climat, cette vari\u00e9t\u00e9 se d\u00e9veloppe mieux dans des climats chauds et ensoleill\u00e9s. Si on cultive en ext\u00e9rieur, il est id\u00e9al de commencer la culture au d\u00e9but du printemps pour que la plante ait suffisamment de temps pour cro\u00eetre et se d\u00e9velopper avant la floraison. En int\u00e9rieur, la temp\u00e9rature et l&#8217;humidit\u00e9 doivent \u00eatre maintenues \u00e0 des niveaux optimaux pour \u00e9viter les probl\u00e8mes de moisissures et de parasites.<\/p>\n\n\n\n<p>En parlant de parasites et de maladies, la <strong>Mendocino Purple Kush<\/strong> est assez r\u00e9sistante, mais comme toute plante, elle peut \u00eatre sujette aux attaques d&#8217;insectes comme les acariens et les pucerons, ainsi qu&#8217;aux maladies fongiques. Maintenir un environnement propre et contr\u00f4l\u00e9, et effectuer des inspections r\u00e9guli\u00e8res peut aider \u00e0 pr\u00e9venir ces probl\u00e8mes.<\/p>\n\n\n\n<div style=\"height:50px\" aria-hidden=\"true\" class=\"wp-block-spacer uag-hide-mob\"><\/div>\n\n\n\n<div class=\"wp-block-columns is-layout-flex wp-container-core-columns-is-layout-28f84493 wp-block-columns-is-layout-flex\">\n<div class=\"wp-block-column is-layout-flow wp-block-column-is-layout-flow\">\n<p class=\"has-text-align-center has-medium-font-size\"><strong>Ce que nous aimons le plus<\/strong><\/p>\n\n\n\n<ul class=\"wp-block-list\">\n<li>Production abondante tant en int\u00e9rieur qu&#8217;en ext\u00e9rieur.<\/li>\n\n\n\n<li>Ar\u00f4me et saveur exceptionnels avec des notes de baies et de raisin.<\/li>\n\n\n\n<li>Apparence impressionnante des t\u00eates, avec des couleurs vibrantes.<\/li>\n\n\n\n<li>Effets puissants combinant \u00e9nergie et relaxation.<\/li>\n<\/ul>\n<\/div>\n\n\n\n<div class=\"wp-block-column is-layout-flow wp-block-column-is-layout-flow\">\n<p class=\"has-text-align-center has-medium-font-size\"><strong>Ce que nous aimons le moins<\/strong><\/p>\n\n\n\n<ul class=\"wp-block-list\">\n<li>Ne tol\u00e8re pas bien les fortes doses de nutriments.<\/li>\n\n\n\n<li>Peut \u00eatre sujette aux parasites si elle n&#8217;est pas correctement entretenue.<\/li>\n<\/ul>\n<\/div>\n<\/div>\n\n\n\n<div style=\"height:50px\" aria-hidden=\"true\" class=\"wp-block-spacer uag-hide-mob\"><\/div>\n\n\n\n<h2 class=\"wp-block-heading\">Questions Fr\u00e9quentes<\/h2>\n\n\n\n<p>Tu trouveras ci-dessous les r\u00e9ponses aux questions les plus fr\u00e9quentes que se posent les cultivateurs int\u00e9ress\u00e9s par cette strain :<\/p>\n\n\n<div id=\"rank-math-faq\" class=\"rank-math-block\">\n<div class=\"rank-math-list \">\n<div id=\"faq-question-1663029074962\" class=\"rank-math-list-item\">\n<h3 class=\"rank-math-question \">Quand commence la floraison de la Mendocino Purple Kush en ext\u00e9rieur ?<\/h3>\n<div class=\"rank-math-answer \">\n\n<p>En fonction de la latitude et des conditions climatiques, la floraison de la <strong>Mendocino Purple Kush<\/strong> en ext\u00e9rieur commence au cours de la premi\u00e8re quinzaine d&#8217;ao\u00fbt.<\/p>\n\n<\/div>\n<\/div>\n<div id=\"faq-question-1663029159933\" class=\"rank-math-list-item\">\n<h3 class=\"rank-math-question \">Quand r\u00e9colter une Mendocino Purple Kush en ext\u00e9rieur ?<\/h3>\n<div class=\"rank-math-answer \">\n\n<p>La <strong>Mendocino Purple Kush<\/strong> est une vari\u00e9t\u00e9 \u00e0 floraison rapide qui sera pr\u00eate \u00e0 \u00eatre r\u00e9colt\u00e9e d\u00e9but octobre. Certains ph\u00e9notypes peuvent \u00eatre pr\u00eats quelques jours plus t\u00f4t.<\/p>\n\n<\/div>\n<\/div>\n<div id=\"faq-question-1663029165861\" class=\"rank-math-list-item\">\n<h3 class=\"rank-math-question \">Comment cultiver une Mendocino Purple Kush f\u00e9minis\u00e9e ?<\/h3>\n<div class=\"rank-math-answer \">\n\n<p>C&#8217;est une plante facile \u00e0 cultiver, mais elle n&#8217;aime pas les niveaux \u00e9lev\u00e9s d&#8217;engrais. Elle a une croissance \u00e9norme, en ext\u00e9rieur elle peut atteindre 3 m\u00e8tres de hauteur.<\/p>\n\n<\/div>\n<\/div>\n<div id=\"faq-question-1666780029954\" class=\"rank-math-list-item\">\n<h3 class=\"rank-math-question \">Quels sont les effets de la Mendocino Purple Kush en vrac ?<\/h3>\n<div class=\"rank-math-answer \">\n\n<p>Les effets de la <strong>Mendocino Purple Kush<\/strong> sont puissants et \u00e9quilibr\u00e9s. D&#8217;abord, tu ressentiras une vague d&#8217;\u00e9nergie, de cr\u00e9ativit\u00e9 et de bonheur, suivie d&#8217;une seconde vague de relaxation profonde. Elle est parfaite pour ceux qui cherchent un \u00e9quilibre entre activit\u00e9 et repos.<\/p>\n\n<\/div>\n<\/div>\n<div id=\"faq-question-1720596293061\" class=\"rank-math-list-item\">\n<h3 class=\"rank-math-question \">La Mendocino Purple Kush est-elle une sativa ou une indica ?<\/h3>\n<div class=\"rank-math-answer \">\n\n<p>La <strong>Mendocino Purple Kush<\/strong> est une vari\u00e9t\u00e9 majoritairement indica. Les plantes indicas sont g\u00e9n\u00e9ralement plus compactes et robustes, avec des feuilles larges et une croissance plus rapide que les sativas. Les indicas sont connues pour leurs effets relaxants et calmants, id\u00e9ales pour une utilisation nocturne. Les sativas, en revanche, sont plus grandes et plus fines, avec des feuilles plus \u00e9troites et des effets \u00e9nergisants et c\u00e9r\u00e9braux. La <strong>Mendocino Purple Kush<\/strong> combine le meilleur des deux mondes, mais sa dominance indica la rend parfaite pour ceux qui cherchent relaxation et soulagement du stress.<\/p>\n\n<\/div>\n<\/div>\n<\/div>\n<\/div>","protected":false},"excerpt":{"rendered":"<p><b>Mendocino Purple Kush<\/b> t&#8217;offre une exp\u00e9rience unique avec sa production impressionnante de t\u00eates r\u00e9sineuses, <strong>des effets puissants et relaxants<\/strong>, et une d\u00e9licieuse <strong>saveur de baies et de raisin<\/strong>. Id\u00e9ale pour les cultivateurs cherchant facilit\u00e9 et hauts rendements, et les consommateurs d\u00e9sirant une <strong>parfaite combinaison d&#8217;\u00e9nergie et de relaxation<\/strong>.<\/p>\n","protected":false},"featured_media":11855,"comment_status":"open","ping_status":"closed","template":"","meta":{"_acf_changed":false,"inline_featured_image":false,"_uag_custom_page_level_css":""},"product_brand":[],"product_cat":[1125],"product_tag":[],"class_list":{"0":"post-10880","1":"product","2":"type-product","3":"status-publish","4":"has-post-thumbnail","6":"product_cat-graines-feminisees-en-gros","8":"first","9":"outofstock","10":"taxable","11":"shipping-taxable","12":"purchasable","13":"product-type-simple"},"acf":[],"uagb_featured_image_src":{"full":["https:\/\/bulkgenetics.com\/wp-content\/uploads\/2022\/09\/Mendocino-purple-kush.jpg",1600,1600,false],"thumbnail":["https:\/\/bulkgenetics.com\/wp-content\/uploads\/2022\/09\/Mendocino-purple-kush-150x150.jpg",150,150,true],"medium":["https:\/\/bulkgenetics.com\/wp-content\/uploads\/2022\/09\/Mendocino-purple-kush-300x300.jpg",300,300,true],"medium_large":["https:\/\/bulkgenetics.com\/wp-content\/uploads\/2022\/09\/Mendocino-purple-kush-768x768.jpg",768,768,true],"large":["https:\/\/bulkgenetics.com\/wp-content\/uploads\/2022\/09\/Mendocino-purple-kush-1024x1024.jpg",1024,1024,true],"1536x1536":["https:\/\/bulkgenetics.com\/wp-content\/uploads\/2022\/09\/Mendocino-purple-kush-1536x1536.jpg",1536,1536,true],"2048x2048":["https:\/\/bulkgenetics.com\/wp-content\/uploads\/2022\/09\/Mendocino-purple-kush.jpg",1600,1600,false],"commercegurus-pdp-large":["https:\/\/bulkgenetics.com\/wp-content\/uploads\/2022\/09\/Mendocino-purple-kush-990x990.jpg",990,990,true],"commercegurus-plp-mobile":["https:\/\/bulkgenetics.com\/wp-content\/uploads\/2022\/09\/Mendocino-purple-kush-441x441.jpg",441,441,true],"cgkit_image_swatch":["https:\/\/bulkgenetics.com\/wp-content\/uploads\/2022\/09\/Mendocino-purple-kush-100x100.jpg",100,100,true],"woocommerce_thumbnail":["https:\/\/bulkgenetics.com\/wp-content\/uploads\/2022\/09\/Mendocino-purple-kush-300x300.jpg",300,300,true],"woocommerce_single":["https:\/\/bulkgenetics.com\/wp-content\/uploads\/2022\/09\/Mendocino-purple-kush-800x800.jpg",800,800,true],"woocommerce_gallery_thumbnail":["https:\/\/bulkgenetics.com\/wp-content\/uploads\/2022\/09\/Mendocino-purple-kush-150x150.jpg",150,150,true],"dgwt-wcas-product-suggestion":["https:\/\/bulkgenetics.com\/wp-content\/uploads\/2022\/09\/Mendocino-purple-kush-64x64.jpg",64,64,true]},"uagb_author_info":{"display_name":"Bruno Crespo","author_link":"https:\/\/bulkgenetics.com\/fr\/author\/"},"uagb_comment_info":1,"uagb_excerpt":"Mendocino Purple Kush t'offre une exp\u00e9rience unique avec sa production impressionnante de t\u00eates r\u00e9sineuses, des effets puissants et relaxants, et une d\u00e9licieuse saveur de baies et de raisin. Id\u00e9ale pour les cultivateurs cherchant facilit\u00e9 et hauts rendements, et les consommateurs d\u00e9sirant une parfaite combinaison d'\u00e9nergie et de relaxation.","_links":{"self":[{"href":"https:\/\/bulkgenetics.com\/fr\/wp-json\/wp\/v2\/product\/10880","targetHints":{"allow":["GET"]}}],"collection":[{"href":"https:\/\/bulkgenetics.com\/fr\/wp-json\/wp\/v2\/product"}],"about":[{"href":"https:\/\/bulkgenetics.com\/fr\/wp-json\/wp\/v2\/types\/product"}],"replies":[{"embeddable":true,"href":"https:\/\/bulkgenetics.com\/fr\/wp-json\/wp\/v2\/comments?post=10880"}],"wp:featuredmedia":[{"embeddable":true,"href":"https:\/\/bulkgenetics.com\/fr\/wp-json\/wp\/v2\/media\/11855"}],"wp:attachment":[{"href":"https:\/\/bulkgenetics.com\/fr\/wp-json\/wp\/v2\/media?parent=10880"}],"wp:term":[{"taxonomy":"product_brand","embeddable":true,"href":"https:\/\/bulkgenetics.com\/fr\/wp-json\/wp\/v2\/product_brand?post=10880"},{"taxonomy":"product_cat","embeddable":true,"href":"https:\/\/bulkgenetics.com\/fr\/wp-json\/wp\/v2\/product_cat?post=10880"},{"taxonomy":"product_tag","embeddable":true,"href":"https:\/\/bulkgenetics.com\/fr\/wp-json\/wp\/v2\/product_tag?post=10880"}],"curies":[{"name":"wp","href":"https:\/\/api.w.org\/{rel}","templated":true}]}}