{"id":10882,"date":"2022-09-30T16:24:43","date_gmt":"2022-09-30T14:24:43","guid":{"rendered":"https:\/\/www.bulkgenetics.com\/mazar\/"},"modified":"2024-10-08T01:18:53","modified_gmt":"2024-10-07T23:18:53","slug":"mazar","status":"publish","type":"product","link":"https:\/\/bulkgenetics.com\/fr\/mazar\/","title":{"rendered":"Mazar"},"content":{"rendered":"\n<p>La <strong>Mazar<\/strong> est une strain l\u00e9gendaire avec une histoire riche remontant \u00e0 ses origines en Afghanistan. Cr\u00e9\u00e9e par le croisement d\u2019une <strong><a href=\"https:\/\/bulkgenetics.com\/fr\/skunk-1\/\">Skunk #1<\/a><\/strong> et d\u2019une puissante Indica afghane de la r\u00e9gion de <strong>Mazar-i-Sharif<\/strong>, cette vari\u00e9t\u00e9 a gagn\u00e9 une reconnaissance mondiale. Avec des prix comme la deuxi\u00e8me place \u00e0 la High Times Cannabis Cup de 1999 et la Highlife Cup de 2002, Mazar s&#8217;est consolid\u00e9e comme un best-seller de Dutch Passion.<\/p>\n\n\n\n<p>Cette strain, majoritairement Indica, est connue pour sa robustesse et sa facilit\u00e9 de culture, ce qui en fait un choix id\u00e9al tant pour les cultivateurs d\u00e9butants qu&#8217;experts. La plante de Mazar pousse avec une structure pyramidale, typique des Indicas, et atteint une hauteur discr\u00e8te d\u2019environ 2 m\u00e8tres en ext\u00e9rieur, ce qui la rend parfaite pour ceux qui recherchent la discr\u00e9tion dans leurs cultures.<\/p>\n\n\n\n<p>Ses t\u00eates sont impressionnantes : grandes, denses et couvertes d&#8217;une \u00e9paisse couche de r\u00e9sine qui les rend extr\u00eamement collantes au toucher. Cette caract\u00e9ristique, ainsi que son ph\u00e9notype particulier de fleurs pourpres (bien que rare), en font un joyau pour tout cultivateur. De plus, les buds de Mazar ont une structure robuste et des branches \u00e9paisses qui, lors des derni\u00e8res semaines de floraison, peuvent n\u00e9cessiter des supports pour \u00e9viter qu&#8217;elles ne se plient sous le poids.<\/p>\n\n\n\n<h2 class=\"wp-block-heading\">Saveur et Effets<\/h2>\n\n\n\n<p>La <strong>saveur<\/strong> et l&#8217;<strong>ar\u00f4me<\/strong> de la Mazar sont une v\u00e9ritable exp\u00e9rience sensorielle. Son profil aromatique est complexe, avec des notes citronn\u00e9es et terreuses, accompagn\u00e9es d&#8217;une touche \u00e9pic\u00e9e de r\u00e9sine de pin et un fond encens\u00e9. En la fumant, ces nuances s&#8217;intensifient, offrant un m\u00e9lange de saveurs qui satisfait les palais les plus exigeants. Un bon curing peut encore intensifier ce bouquet riche, faisant de chaque bouff\u00e9e un plaisir unique.<\/p>\n\n\n\n<p>En ce qui concerne les <strong>effets<\/strong>, la Mazar est puissante et percutante, id\u00e9ale pour ceux qui recherchent une exp\u00e9rience relaxante et s\u00e9dative. Avec une teneur en <strong>THC<\/strong> oscillant entre 15 % et 20 % et un <strong>CBD<\/strong> bas (&lt; 1 %), ses effets sont typiquement Indica : une sensation de relaxation profonde et de bien-\u00eatre qui peut se conclure par un sommeil r\u00e9parateur. Parfaite pour d\u00e9connecter en fin de journ\u00e9e, elle te laissera heureux et souriant, affal\u00e9 sur le canap\u00e9 ou au lit pendant des heures.<\/p>\n\n\n\n<h3 class=\"wp-block-heading\">Terp\u00e8nes de Mazar<\/h3>\n\n\n\n<p>La Mazar est enrichie d&#8217;une diversit\u00e9 de <strong>terp\u00e8nes<\/strong> qui contribuent \u00e0 son ar\u00f4me ainsi qu&#8217;\u00e0 ses effets. Le terp\u00e8ne dominant est le <strong>myrc\u00e8ne<\/strong>, connu pour son ar\u00f4me herbac\u00e9 et sa capacit\u00e9 \u00e0 amplifier les effets s\u00e9datifs de la strain, rendant la relaxation plus profonde. D&#8217;autres terp\u00e8nes pr\u00e9sents incluent le <strong>caryophyll\u00e8ne<\/strong>, qui ajoute une touche \u00e9pic\u00e9e et poss\u00e8de des propri\u00e9t\u00e9s anti-inflammatoires, et le <strong>limon\u00e8ne<\/strong>, qui apporte des notes citronn\u00e9es et peut am\u00e9liorer l&#8217;humeur.<\/p>\n\n\n\n<p>Ces terp\u00e8nes n&#8217;enrichissent pas seulement l&#8217;exp\u00e9rience sensorielle, mais apportent \u00e9galement des bienfaits th\u00e9rapeutiques, comme le soulagement du stress et de l&#8217;anxi\u00e9t\u00e9, la r\u00e9duction de l&#8217;inflammation et l&#8217;am\u00e9lioration du sommeil. Ainsi, en cultivant et en consommant Mazar, tu profites non seulement d&#8217;une saveur exceptionnelle et d&#8217;effets puissants, mais aussi de ses propri\u00e9t\u00e9s m\u00e9dicinales.<\/p>\n\n\n\n<h2 class=\"wp-block-heading\">Production et Temps de Floraison<\/h2>\n\n\n\n<p>La <strong>Mazar<\/strong> est une strain qui se distingue non seulement par sa saveur et ses effets, mais aussi par son impressionnante <strong>production<\/strong>. Tant en culture int\u00e9rieure qu&#8217;ext\u00e9rieure, Mazar offre des rendements remarquables, faisant que chaque effort de culture en vaut la peine.<\/p>\n\n\n\n<p>En <strong>int\u00e9rieur<\/strong>, Mazar est tr\u00e8s adaptable \u00e0 diff\u00e9rentes techniques de culture, de la SOG (Sea of Green) au SCROG (Screen of Green). Avec un syst\u00e8me d&#8217;\u00e9clairage LED de 300-350 W, les cultivateurs peuvent s&#8217;attendre \u00e0 des rendements allant jusqu\u2019\u00e0 <strong>600 grammes par m\u00e8tre carr\u00e9.<\/strong> La plante commence sa floraison rapidement apr\u00e8s le changement du photop\u00e9riode, et est pr\u00eate \u00e0 \u00eatre r\u00e9colt\u00e9e en seulement <strong>55 jours<\/strong>, ce qui en fait une excellente option pour ceux qui cherchent des cycles de culture rapides et efficaces.<\/p>\n\n\n\n<p>En <strong>ext\u00e9rieur<\/strong>, Mazar maintient une hauteur discr\u00e8te d&#8217;environ 2 m\u00e8tres, parfaite pour ceux qui ont besoin d&#8217;une culture plus furtive. Malgr\u00e9 sa taille compacte, sa production est impressionnante, atteignant entre <strong>600 et 800 grammes par plante<\/strong>. Le temps de floraison est relativement court, avec une r\u00e9colte pr\u00eate pour la <strong>premi\u00e8re quinzaine d&#8217;octobre<\/strong>. Pendant les derni\u00e8res semaines de floraison, il est recommand\u00e9 d&#8217;utiliser des supports pour les branches, car le poids des buds peut les faire plier.<\/p>\n\n\n\n<h2 class=\"wp-block-heading\">Comment Cultiver Mazar<\/h2>\n\n\n\n<p>La <strong>Mazar<\/strong> est une strain que nous recommandons tant aux cultivateurs novices qu\u2019aux plus exp\u00e9riment\u00e9s en raison de sa <strong>facilit\u00e9 de culture<\/strong>. Sa nature robuste et sa r\u00e9sistance en font une plante indulgente et facile \u00e0 g\u00e9rer.<\/p>\n\n\n\n<p>En ce qui concerne les <strong>conditions de culture<\/strong>, Mazar s\u2019adapte bien \u00e0 une vari\u00e9t\u00e9 de climats, mais prosp\u00e8re particuli\u00e8rement dans les climats m\u00e9diterran\u00e9ens, chauds et secs. Il est essentiel de s\u2019assurer que les plantes re\u00e7oivent suffisamment de lumi\u00e8re et qu&#8217;elles soient maintenues dans un environnement avec une bonne circulation d&#8217;air pour \u00e9viter les probl\u00e8mes d&#8217;humidit\u00e9.<\/p>\n\n\n\n<p>Mazar se distingue par sa <strong>r\u00e9sistance aux parasites et aux maladies<\/strong>. Sa g\u00e9n\u00e9tique forte lui permet de r\u00e9sister aux attaques de champignons et autres parasites courants. Cependant, comme pour toute culture, il est important de surveiller r\u00e9guli\u00e8rement les plantes pour d\u00e9tecter tout signe pr\u00e9coce de probl\u00e8mes et agir en cons\u00e9quence.<\/p>\n\n\n\n<div style=\"height:50px\" aria-hidden=\"true\" class=\"wp-block-spacer uag-hide-mob\"><\/div>\n\n\n\n<div class=\"wp-block-columns is-layout-flex wp-container-core-columns-is-layout-28f84493 wp-block-columns-is-layout-flex\">\n<div class=\"wp-block-column is-layout-flow wp-block-column-is-layout-flow\">\n<p class=\"has-text-align-center has-medium-font-size\"><strong>Ce que nous aimons le plus<\/strong><\/p>\n\n\n\n<ul class=\"wp-block-list\">\n<li>Tr\u00e8s facile \u00e0 cultiver, id\u00e9al pour les d\u00e9butants.<\/li>\n\n\n\n<li>Production tr\u00e8s \u00e9lev\u00e9e tant en int\u00e9rieur qu\u2019en ext\u00e9rieur.<\/li>\n\n\n\n<li>Buds super r\u00e9sineux et denses.<\/li>\n\n\n\n<li>Effets tr\u00e8s relaxants et joyeux.<\/li>\n\n\n\n<li>Saveur et ar\u00f4me complexes et agr\u00e9ables.<\/li>\n<\/ul>\n<\/div>\n\n\n\n<div class=\"wp-block-column is-layout-flow wp-block-column-is-layout-flow\">\n<p class=\"has-text-align-center has-medium-font-size\"><strong>Ce que nous aimons le moins<\/strong><\/p>\n\n\n\n<ul class=\"wp-block-list\">\n<li>En floraison, l&#8217;odeur est tr\u00e8s intense, ce qui peut n\u00e9cessiter des syst\u00e8mes de filtration en int\u00e9rieur.<\/li>\n\n\n\n<li>Peut n\u00e9cessiter des supports pendant les derni\u00e8res semaines de floraison en raison du poids des buds.<\/li>\n<\/ul>\n<\/div>\n<\/div>\n\n\n\n<div style=\"height:50px\" aria-hidden=\"true\" class=\"wp-block-spacer uag-hide-mob\"><\/div>\n\n\n\n<h2 class=\"wp-block-heading\">Questions Fr\u00e9quemment Pos\u00e9es<\/h2>\n\n\n\n<p>Vous trouverez ci-dessous les questions les plus fr\u00e9quentes que nous posent les cultivateurs int\u00e9ress\u00e9s par ces graines bon march\u00e9 en vrac :<\/p>\n\n\n<div id=\"rank-math-faq\" class=\"rank-math-block\">\n<div class=\"rank-math-list \">\n<div id=\"faq-question-1663029074962\" class=\"rank-math-list-item\">\n<h3 class=\"rank-math-question \">Quand commence \u00e0 fleurir Mazar en ext\u00e9rieur ?<\/h3>\n<div class=\"rank-math-answer \">\n\n<p>Selon la latitude de culture, les plantes de Mazar commencent \u00e0 fleurir au cours de la <strong>premi\u00e8re quinzaine du mois d\u2019ao\u00fbt<\/strong>. C\u2019est une vari\u00e9t\u00e9 qui fleurit rapidement et est pr\u00eate pour la r\u00e9colte la premi\u00e8re quinzaine d\u2019octobre.<\/p>\n\n<\/div>\n<\/div>\n<div id=\"faq-question-1663029159933\" class=\"rank-math-list-item\">\n<h3 class=\"rank-math-question \">Quand r\u00e9colter une Mazar en ext\u00e9rieur ?<\/h3>\n<div class=\"rank-math-answer \">\n\n<p>Mazar est une vari\u00e9t\u00e9 \u00e0 <strong>floraison rapide<\/strong> qui se r\u00e9colte durant la premi\u00e8re quinzaine du mois d\u2019octobre. Cela garantit que les plantes peuvent \u00eatre r\u00e9colt\u00e9es avant que le climat ne devienne trop froid ou humide, ce qui pourrait affecter n\u00e9gativement la qualit\u00e9 de la r\u00e9colte.<\/p>\n\n<\/div>\n<\/div>\n<div id=\"faq-question-1663029165861\" class=\"rank-math-list-item\">\n<h3 class=\"rank-math-question \">Comment cultiver une Mazar f\u00e9minis\u00e9e ?<\/h3>\n<div class=\"rank-math-answer \">\n\n<p>Mazar est une plante tr\u00e8s facile \u00e0 cultiver et ne n\u00e9cessite pas de grands soins. Elle est tr\u00e8s r\u00e9sistante et stable, des caract\u00e9ristiques qui la rendent parfaite pour les cultivateurs d\u00e9butants. Pendant la floraison, elle est tr\u00e8s odorante, il est donc recommand\u00e9 d\u2019utiliser des filtres \u00e0 charbon en culture int\u00e9rieure pour contr\u00f4ler l\u2019odeur.<\/p>\n\n<\/div>\n<\/div>\n<div id=\"faq-question-1666780029954\" class=\"rank-math-list-item\">\n<h3 class=\"rank-math-question \">Quels sont les effets de Mazar en vrac ?<\/h3>\n<div class=\"rank-math-answer \">\n\n<p>Les effets de Mazar sont <strong>tr\u00e8s relaxants et joyeux<\/strong>. Elle est id\u00e9ale pour la fin de journ\u00e9e ou avant de dormir, procurant une sensation de bonheur et de relaxation profonde qui te clouera sur le canap\u00e9 ou au lit pendant des heures. Avec une teneur en THC entre 15 % et 20 %, elle offre une exp\u00e9rience puissante mais g\u00e9rable.<\/p>\n\n<\/div>\n<\/div>\n<div id=\"faq-question-1720528003653\" class=\"rank-math-list-item\">\n<h3 class=\"rank-math-question \">Mazar est-elle sativa ou indica ?<\/h3>\n<div class=\"rank-math-answer \">\n\n<p>Mazar est une vari\u00e9t\u00e9 <strong>majoritairement indica<\/strong>. Les plantes indica sont connues pour leur structure compacte et robuste, leurs larges feuilles et leurs effets relaxants et s\u00e9datifs. Cela contraste avec les sativas, qui sont g\u00e9n\u00e9ralement plus grandes, avec des feuilles plus fines et des effets plus \u00e9nergisants et c\u00e9r\u00e9braux. Mazar, avec sa g\u00e9n\u00e9tique indica dominante, offre une exp\u00e9rience de relaxation profonde et de bien-\u00eatre, parfaite pour la fin de journ\u00e9e.<\/p>\n\n<\/div>\n<\/div>\n<\/div>\n<\/div>\n\n\n\n","protected":false},"excerpt":{"rendered":"<p>Profite d\u2019une exp\u00e9rience de culture facile et gratifiante avec <strong>Mazar<\/strong>. Ses rendements \u00e9lev\u00e9s et ses <strong>buds super r\u00e9sineux<\/strong> garantissent une r\u00e9colte abondante. D\u00e9tends-toi avec ses <strong>effets puissants et joyeux<\/strong>, id\u00e9aux pour d\u00e9connecter en fin de journ\u00e9e. Parfaite pour les cultivateurs d\u00e9butants et experts qui recherchent qualit\u00e9 et simplicit\u00e9.<\/p>\n","protected":false},"featured_media":11831,"comment_status":"open","ping_status":"closed","template":"","meta":{"_acf_changed":false,"inline_featured_image":false,"_uag_custom_page_level_css":""},"product_brand":[],"product_cat":[1125,4112],"product_tag":[],"class_list":{"0":"post-10882","1":"product","2":"type-product","3":"status-publish","4":"has-post-thumbnail","6":"product_cat-graines-feminisees-en-gros","7":"product_cat-graines-de-cannabis-a-1-euro","9":"first","10":"instock","11":"sale","12":"taxable","13":"shipping-taxable","14":"purchasable","15":"product-type-simple"},"acf":[],"uagb_featured_image_src":{"full":["https:\/\/bulkgenetics.com\/wp-content\/uploads\/2022\/09\/Mazar.jpg",1600,1600,false],"thumbnail":["https:\/\/bulkgenetics.com\/wp-content\/uploads\/2022\/09\/Mazar-150x150.jpg",150,150,true],"medium":["https:\/\/bulkgenetics.com\/wp-content\/uploads\/2022\/09\/Mazar-300x300.jpg",300,300,true],"medium_large":["https:\/\/bulkgenetics.com\/wp-content\/uploads\/2022\/09\/Mazar-768x768.jpg",768,768,true],"large":["https:\/\/bulkgenetics.com\/wp-content\/uploads\/2022\/09\/Mazar-1024x1024.jpg",1024,1024,true],"1536x1536":["https:\/\/bulkgenetics.com\/wp-content\/uploads\/2022\/09\/Mazar-1536x1536.jpg",1536,1536,true],"2048x2048":["https:\/\/bulkgenetics.com\/wp-content\/uploads\/2022\/09\/Mazar.jpg",1600,1600,false],"commercegurus-pdp-large":["https:\/\/bulkgenetics.com\/wp-content\/uploads\/2022\/09\/Mazar-990x990.jpg",990,990,true],"commercegurus-plp-mobile":["https:\/\/bulkgenetics.com\/wp-content\/uploads\/2022\/09\/Mazar-441x441.jpg",441,441,true],"cgkit_image_swatch":["https:\/\/bulkgenetics.com\/wp-content\/uploads\/2022\/09\/Mazar-100x100.jpg",100,100,true],"woocommerce_thumbnail":["https:\/\/bulkgenetics.com\/wp-content\/uploads\/2022\/09\/Mazar-300x300.jpg",300,300,true],"woocommerce_single":["https:\/\/bulkgenetics.com\/wp-content\/uploads\/2022\/09\/Mazar-800x800.jpg",800,800,true],"woocommerce_gallery_thumbnail":["https:\/\/bulkgenetics.com\/wp-content\/uploads\/2022\/09\/Mazar-150x150.jpg",150,150,true],"dgwt-wcas-product-suggestion":["https:\/\/bulkgenetics.com\/wp-content\/uploads\/2022\/09\/Mazar-64x64.jpg",64,64,true]},"uagb_author_info":{"display_name":"Bruno Crespo","author_link":"https:\/\/bulkgenetics.com\/fr\/author\/"},"uagb_comment_info":0,"uagb_excerpt":"Profite d\u2019une exp\u00e9rience de culture facile et gratifiante avec Mazar. Ses rendements \u00e9lev\u00e9s et ses buds super r\u00e9sineux garantissent une r\u00e9colte abondante. D\u00e9tends-toi avec ses effets puissants et joyeux, id\u00e9aux pour d\u00e9connecter en fin de journ\u00e9e. Parfaite pour les cultivateurs d\u00e9butants et experts qui recherchent qualit\u00e9 et simplicit\u00e9.","_links":{"self":[{"href":"https:\/\/bulkgenetics.com\/fr\/wp-json\/wp\/v2\/product\/10882","targetHints":{"allow":["GET"]}}],"collection":[{"href":"https:\/\/bulkgenetics.com\/fr\/wp-json\/wp\/v2\/product"}],"about":[{"href":"https:\/\/bulkgenetics.com\/fr\/wp-json\/wp\/v2\/types\/product"}],"replies":[{"embeddable":true,"href":"https:\/\/bulkgenetics.com\/fr\/wp-json\/wp\/v2\/comments?post=10882"}],"wp:featuredmedia":[{"embeddable":true,"href":"https:\/\/bulkgenetics.com\/fr\/wp-json\/wp\/v2\/media\/11831"}],"wp:attachment":[{"href":"https:\/\/bulkgenetics.com\/fr\/wp-json\/wp\/v2\/media?parent=10882"}],"wp:term":[{"taxonomy":"product_brand","embeddable":true,"href":"https:\/\/bulkgenetics.com\/fr\/wp-json\/wp\/v2\/product_brand?post=10882"},{"taxonomy":"product_cat","embeddable":true,"href":"https:\/\/bulkgenetics.com\/fr\/wp-json\/wp\/v2\/product_cat?post=10882"},{"taxonomy":"product_tag","embeddable":true,"href":"https:\/\/bulkgenetics.com\/fr\/wp-json\/wp\/v2\/product_tag?post=10882"}],"curies":[{"name":"wp","href":"https:\/\/api.w.org\/{rel}","templated":true}]}}