{"id":10890,"date":"2022-09-30T16:21:02","date_gmt":"2022-09-30T14:21:02","guid":{"rendered":"https:\/\/www.bulkgenetics.com\/brume-de-kali\/"},"modified":"2025-11-25T21:51:52","modified_gmt":"2025-11-25T20:51:52","slug":"kali-mist","status":"publish","type":"product","link":"https:\/\/bulkgenetics.com\/fr\/kali-mist\/","title":{"rendered":"Kali Mist"},"content":{"rendered":"\n<p>La <strong>Kali Mist<\/strong> est une v\u00e9ritable l\u00e9gende hollandaise et est consid\u00e9r\u00e9e par la communaut\u00e9 cannabique comme l&#8217;une des <a href=\"https:\/\/bulkgenetics.com\/fr\/diferentes-tipos-de-marihuana\/\">strains<\/a> Sativa les plus spectaculaires jamais cr\u00e9\u00e9es. Ce tr\u00e9sor a remport\u00e9 de nombreux prix, dont deux premi\u00e8res places \u00e0 la High Times Cannabis Cup en 1996 et 2000. Bien que son origine exacte reste un myst\u00e8re, on pense que ses anc\u00eatres viennent d&#8217;Asie du Sud-Est, sp\u00e9cifiquement du Cambodge.<\/p>\n\n\n\n<p>La <strong>Kali Mist<\/strong> est une plante majestueuse qui peut atteindre jusqu&#8217;\u00e0 3 m\u00e8tres de hauteur en ext\u00e9rieur. Avec une structure typique d&#8217;une Sativa pure, ses entre-n\u0153uds sont espac\u00e9s et elle poss\u00e8de tr\u00e8s peu de feuilles, permettant \u00e0 la lumi\u00e8re d&#8217;atteindre facilement tous ses buds. Cette caract\u00e9ristique facilite non seulement sa culture, mais contribue \u00e9galement \u00e0 une floraison abondante et g\u00e9n\u00e9reuse.<\/p>\n\n\n\n<p>Les buds de <strong>Kali Mist<\/strong> sont allong\u00e9s, de taille moyenne et extr\u00eamement r\u00e9sineux, id\u00e9aux pour tout type d&#8217;extractions gr\u00e2ce \u00e0 leur haut rendement. Ils poss\u00e8dent une couleur vert vif et sont couverts d&#8217;une dense couche de trichomes qui leur donne un aspect givr\u00e9, presque comme s&#8217;ils allaient se briser en mille morceaux sous un coup fort. De plus, ils d\u00e9gagent un ar\u00f4me tr\u00e8s caract\u00e9ristique qui combine des notes sucr\u00e9es avec des nuances de c\u00e8dre et de santal.<\/p>\n\n\n\n<h2 class=\"wp-block-heading\">Saveur et Effets<\/h2>\n\n\n\n<p>La saveur de la <strong>Kali Mist<\/strong> est tout simplement exquise. En la fumant, on peut appr\u00e9cier des touches tr\u00e8s sucr\u00e9es qui se fusionnent avec des notes impressionnantes de bois de c\u00e8dre et de santal. Ce profil de saveur unique ne la rend pas seulement agr\u00e9able au palais, mais laisse \u00e9galement une impression durable qui vous donnera envie de plus.<\/p>\n\n\n\n<p>Les effets de la <strong>Kali Mist<\/strong> sont intens\u00e9ment psych\u00e9d\u00e9liques et pleins d&#8217;euphorie. Ce high vous remplira d&#8217;\u00e9nergie et de cr\u00e9ativit\u00e9, vous mettant de bonne humeur pendant de longues heures. Avec un contenu en <strong>THC<\/strong> oscillant entre 15% et 20%, et un <strong>CBD<\/strong> faible de moins de 1%, cette strain est id\u00e9ale pour ceux qui recherchent une exp\u00e9rience stimulante et c\u00e9r\u00e9brale. Parfaite pour des activit\u00e9s cr\u00e9atives ou simplement pour profiter d&#8217;une bonne conversation.<\/p>\n\n\n\n<h3 class=\"wp-block-heading\">Terp\u00e8nes de Kali Mist<\/h3>\n\n\n\n<p>La <strong>Kali Mist<\/strong> contient un riche m\u00e9lange de terp\u00e8nes qui contribuent \u00e0 son ar\u00f4me et \u00e0 ses effets uniques. Parmi les principaux terp\u00e8nes, on trouve :<\/p>\n\n\n\n<ul class=\"wp-block-list\">\n<li><strong>Myrc\u00e8ne<\/strong> : Avec son ar\u00f4me terreux et herbac\u00e9, ce terp\u00e8ne est connu pour ses effets relaxants et anti-inflammatoires.<\/li>\n\n\n\n<li><strong>Caryophyll\u00e8ne<\/strong> : Avec des notes \u00e9pic\u00e9es et poivr\u00e9es, ce terp\u00e8ne poss\u00e8de des propri\u00e9t\u00e9s analg\u00e9siques et anti-anxi\u00e9t\u00e9.<\/li>\n\n\n\n<li><strong>Pin\u00e8ne<\/strong> : Apporte un ar\u00f4me frais de pin et est connu pour ses effets anti-inflammatoires et d&#8217;am\u00e9lioration de la m\u00e9moire.<\/li>\n<\/ul>\n\n\n\n<p>Cette combinaison de terp\u00e8nes enrichit non seulement le profil de saveur et d&#8217;ar\u00f4me de la <strong>Kali Mist<\/strong>, mais renforce \u00e9galement ses effets th\u00e9rapeutiques, en faisant une option id\u00e9ale pour ceux qui recherchent un soulagement du stress, de l&#8217;anxi\u00e9t\u00e9 et de la d\u00e9pression.<\/p>\n\n\n\n<h2 class=\"wp-block-heading\">Production et Temps de Floraison<\/h2>\n\n\n\n<p>La <strong>Kali Mist<\/strong> est connue pour son rendement \u00e9lev\u00e9, aussi bien en int\u00e9rieur qu&#8217;en ext\u00e9rieur. En culture int\u00e9rieure, dans des conditions optimales, vous pouvez esp\u00e9rer un rendement de <strong>400 \u00e0 500 grammes par m\u00e8tre carr\u00e9<\/strong>. En ext\u00e9rieur, sous un climat ensoleill\u00e9 et avec suffisamment d&#8217;espace pour pousser, cette strain peut atteindre jusqu&#8217;\u00e0 <strong>900 grammes par plante<\/strong>.<\/p>\n\n\n\n<p>Le temps de floraison de la <strong>Kali Mist<\/strong> en int\u00e9rieur est d&#8217;environ <strong>70 \u00e0 84 jours<\/strong> (10-12 semaines) \u00e0 partir du changement de photop\u00e9riode \u00e0 la floraison. Bien que l&#8217;attente puisse sembler longue, les r\u00e9sultats valent chaque jour de patience. En ext\u00e9rieur, la floraison commence au cours de la premi\u00e8re quinzaine d&#8217;ao\u00fbt et la r\u00e9colte se fait \u00e0 <strong>mi-novembre<\/strong>, faisant de cette strain une option parfaite pour ceux qui ont des \u00e9t\u00e9s longs et des automnes secs.<\/p>\n\n\n\n<h2 class=\"wp-block-heading\">Comment Cultiver Kali Mist<\/h2>\n\n\n\n<p>La <strong>Kali Mist<\/strong> est une strain que nous recommandons particuli\u00e8rement aux cultivateurs ayant un peu d&#8217;exp\u00e9rience, car elle n\u00e9cessite certains soins sp\u00e9cifiques. Cependant, sa culture n&#8217;est pas extr\u00eamement compliqu\u00e9e et les r\u00e9sultats sont impressionnants, m\u00eame pour les novices avec un peu de patience.<\/p>\n\n\n\n<p>Pour obtenir les meilleurs r\u00e9sultats, il est important de fournir \u00e0 la <strong>Kali Mist<\/strong> un climat chaud et ensoleill\u00e9. Cette plante se d\u00e9veloppe merveilleusement bien en ext\u00e9rieur avec des \u00e9t\u00e9s longs et des automnes secs. En int\u00e9rieur, il est essentiel de disposer d&#8217;un espace vertical ample en raison de sa tendance \u00e0 pousser en hauteur. La taille apicale ou l&#8217;utilisation de techniques comme le SCROG (Screen of Green) peuvent \u00eatre tr\u00e8s utiles pour contr\u00f4ler sa croissance.<\/p>\n\n\n\n<p>La <strong>Kali Mist<\/strong> est connue pour sa r\u00e9sistance aux parasites et aux maladies, ce qui en fait une option s\u00fbre pour ceux qui se pr\u00e9occupent de la sant\u00e9 de leurs plantes. Cependant, comme pour toute culture, il est essentiel de maintenir une bonne hygi\u00e8ne et une surveillance r\u00e9guli\u00e8re pour \u00e9viter les probl\u00e8mes.<\/p>\n\n\n\n<div style=\"height:50px\" aria-hidden=\"true\" class=\"wp-block-spacer uag-hide-mob\"><\/div>\n\n\n\n<div class=\"wp-block-columns is-layout-flex wp-container-core-columns-is-layout-28f84493 wp-block-columns-is-layout-flex\">\n<div class=\"wp-block-column is-layout-flow wp-block-column-is-layout-flow\">\n<p class=\"has-text-align-center has-medium-font-size\"><strong>Ce que nous aimons le plus<\/strong><\/p>\n\n\n\n<ul class=\"wp-block-list\">\n<li>Tr\u00e8s facile \u00e0 cultiver en ext\u00e9rieur.<\/li>\n\n\n\n<li>Rendement \u00e9lev\u00e9.<\/li>\n\n\n\n<li>Saveur intense et unique.<\/li>\n\n\n\n<li>Effets tr\u00e8s psych\u00e9d\u00e9liques et euphoriques.<\/li>\n\n\n\n<li>Bonne r\u00e9sistance aux parasites et aux maladies.<\/li>\n<\/ul>\n<\/div>\n\n\n\n<div class=\"wp-block-column is-layout-flow wp-block-column-is-layout-flow\">\n<p class=\"has-text-align-center has-medium-font-size\"><strong>Ce que nous aimons le moins<\/strong><\/p>\n\n\n\n<ul class=\"wp-block-list\">\n<li>Pas la meilleure option pour les cultures en int\u00e9rieur sans espace ad\u00e9quat.<\/li>\n\n\n\n<li>Pas appropri\u00e9e \u00e0 fumer avant de dormir.<\/li>\n\n\n\n<li>Le temps de floraison peut sembler long pour certains cultivateurs.<\/li>\n<\/ul>\n<\/div>\n<\/div>\n\n\n\n<div style=\"height:50px\" aria-hidden=\"true\" class=\"wp-block-spacer uag-hide-mob\"><\/div>\n\n\n\n<h2 class=\"wp-block-heading\">Questions Fr\u00e9quemment Pos\u00e9es<\/h2>\n\n\n\n<p>Vous trouverez ci-dessous les r\u00e9ponses aux questions les plus fr\u00e9quemment pos\u00e9es par les cultivateurs int\u00e9ress\u00e9s par cette strain :<\/p>\n\n\n<div id=\"rank-math-faq\" class=\"rank-math-block\">\n<div class=\"rank-math-list \">\n<div id=\"faq-question-1663029074962\" class=\"rank-math-list-item\">\n<h3 class=\"rank-math-question \">Quand commence la floraison de la Kali Mist en ext\u00e9rieur ?<\/h3>\n<div class=\"rank-math-answer \">\n\n<p>La floraison de la <strong>Kali Mist<\/strong> en ext\u00e9rieur commence au cours de la premi\u00e8re quinzaine du mois d&#8217;ao\u00fbt, en fonction de la latitude de la culture.<\/p>\n\n<\/div>\n<\/div>\n<div id=\"faq-question-1663029159933\" class=\"rank-math-list-item\">\n<h3 class=\"rank-math-question \">Quand r\u00e9colter une Kali Mist en ext\u00e9rieur ?<\/h3>\n<div class=\"rank-math-answer \">\n\n<p>Kali Mist est une vari\u00e9t\u00e9 \u00e0 floraison assez longue qui se r\u00e9colte \u00e0 la mi-novembre. Il est important de prendre cela en compte pour bien planifier la culture et la r\u00e9colte.<\/p>\n\n<\/div>\n<\/div>\n<div id=\"faq-question-1663029165861\" class=\"rank-math-list-item\">\n<h3 class=\"rank-math-question \">Comment cultiver une Kali Mist f\u00e9minis\u00e9e ?<\/h3>\n<div class=\"rank-math-answer \">\n\n<p>Pour cultiver une <strong>Kali Mist<\/strong> f\u00e9minis\u00e9e, il est pr\u00e9f\u00e9rable de le faire en ext\u00e9rieur ensoleill\u00e9 avec un d\u00e9but d&#8217;automne sec. En int\u00e9rieur, il sera n\u00e9cessaire de r\u00e9aliser quelques tailles ou guidages de branches pour contr\u00f4ler sa hauteur et favoriser une croissance optimale.<\/p>\n\n<\/div>\n<\/div>\n<div id=\"faq-question-1666780029954\" class=\"rank-math-list-item\">\n<h3 class=\"rank-math-question \">Quels sont les effets de la Kali Mist en gros ?<\/h3>\n<div class=\"rank-math-answer \">\n\n<p>Les effets de la <strong>Kali Mist<\/strong> sont tr\u00e8s puissants et psych\u00e9d\u00e9liques. Elle te remplira d&#8217;\u00e9nergie et de bonne humeur pendant de longues heures, faisant de cette vari\u00e9t\u00e9 une excellente option pour les activit\u00e9s cr\u00e9atives et sociales.<\/p>\n\n<\/div>\n<\/div>\n<div id=\"faq-question-1720427892664\" class=\"rank-math-list-item\">\n<h3 class=\"rank-math-question \">La Kali Mist est-elle sativa ou indica ?<\/h3>\n<div class=\"rank-math-answer \">\n\n<p>La <strong>Kali Mist<\/strong> est une vari\u00e9t\u00e9 majoritairement <strong>Sativa<\/strong>, avec 90 % de g\u00e9n\u00e9tique Sativa et 10 % d&#8217;Indica. Les plantes Sativa, comme la Kali Mist, sont g\u00e9n\u00e9ralement grandes et fines, avec des feuilles plus \u00e9troites et longues. Elles produisent des effets plus \u00e9nergisants et c\u00e9r\u00e9braux, id\u00e9aux pour la journ\u00e9e et les activit\u00e9s cr\u00e9atives. Les Indicas, en revanche, sont g\u00e9n\u00e9ralement plus petites et robustes, avec des feuilles plus larges et des effets plus relaxants et physiques, parfaits pour la nuit.<\/p>\n\n<\/div>\n<\/div>\n<\/div>\n<\/div>\n\n\n","protected":false},"excerpt":{"rendered":"<p>D\u00e9couvrez l&#8217;euphorie et la cr\u00e9ativit\u00e9 sans limites avec <b>Kali Mist<\/b>. Cette l\u00e9gendaire Sativa offre une <strong>exp\u00e9rience psych\u00e9d\u00e9lique intense<\/strong> et durable, id\u00e9ale pour les activit\u00e9s cr\u00e9atives. Facile \u00e0 cultiver en ext\u00e9rieur et avec une haute r\u00e9sistance aux parasites, elle est parfaite pour les cultivateurs \u00e0 la recherche de <strong>qualit\u00e9 et de rendement exceptionnels<\/strong>.<\/p>\n","protected":false},"featured_media":18723,"comment_status":"open","ping_status":"closed","template":"","meta":{"_acf_changed":false,"inline_featured_image":false,"_uag_custom_page_level_css":""},"product_brand":[],"product_cat":[1125],"product_tag":[],"class_list":{"0":"post-10890","1":"product","2":"type-product","3":"status-publish","4":"has-post-thumbnail","6":"product_cat-graines-feminisees-en-gros","8":"first","9":"outofstock","10":"taxable","11":"shipping-taxable","12":"purchasable","13":"product-type-simple"},"acf":[],"uagb_featured_image_src":{"full":["https:\/\/bulkgenetics.com\/wp-content\/uploads\/2022\/09\/Kali-Mist-2.jpg",1600,1600,false],"thumbnail":["https:\/\/bulkgenetics.com\/wp-content\/uploads\/2022\/09\/Kali-Mist-2-150x150.jpg",150,150,true],"medium":["https:\/\/bulkgenetics.com\/wp-content\/uploads\/2022\/09\/Kali-Mist-2-300x300.jpg",300,300,true],"medium_large":["https:\/\/bulkgenetics.com\/wp-content\/uploads\/2022\/09\/Kali-Mist-2-768x768.jpg",768,768,true],"large":["https:\/\/bulkgenetics.com\/wp-content\/uploads\/2022\/09\/Kali-Mist-2-1024x1024.jpg",1024,1024,true],"1536x1536":["https:\/\/bulkgenetics.com\/wp-content\/uploads\/2022\/09\/Kali-Mist-2-1536x1536.jpg",1536,1536,true],"2048x2048":["https:\/\/bulkgenetics.com\/wp-content\/uploads\/2022\/09\/Kali-Mist-2.jpg",1600,1600,false],"commercegurus-pdp-large":["https:\/\/bulkgenetics.com\/wp-content\/uploads\/2022\/09\/Kali-Mist-2-990x990.jpg",990,990,true],"commercegurus-plp-mobile":["https:\/\/bulkgenetics.com\/wp-content\/uploads\/2022\/09\/Kali-Mist-2-441x441.jpg",441,441,true],"cgkit_image_swatch":["https:\/\/bulkgenetics.com\/wp-content\/uploads\/2022\/09\/Kali-Mist-2-100x100.jpg",100,100,true],"woocommerce_thumbnail":["https:\/\/bulkgenetics.com\/wp-content\/uploads\/2022\/09\/Kali-Mist-2-300x300.jpg",300,300,true],"woocommerce_single":["https:\/\/bulkgenetics.com\/wp-content\/uploads\/2022\/09\/Kali-Mist-2-800x800.jpg",800,800,true],"woocommerce_gallery_thumbnail":["https:\/\/bulkgenetics.com\/wp-content\/uploads\/2022\/09\/Kali-Mist-2-150x150.jpg",150,150,true],"dgwt-wcas-product-suggestion":["https:\/\/bulkgenetics.com\/wp-content\/uploads\/2022\/09\/Kali-Mist-2-64x64.jpg",64,64,true]},"uagb_author_info":{"display_name":"Bruno Crespo","author_link":"https:\/\/bulkgenetics.com\/fr\/author\/"},"uagb_comment_info":2,"uagb_excerpt":"D\u00e9couvrez l'euphorie et la cr\u00e9ativit\u00e9 sans limites avec Kali Mist. Cette l\u00e9gendaire Sativa offre une exp\u00e9rience psych\u00e9d\u00e9lique intense et durable, id\u00e9ale pour les activit\u00e9s cr\u00e9atives. Facile \u00e0 cultiver en ext\u00e9rieur et avec une haute r\u00e9sistance aux parasites, elle est parfaite pour les cultivateurs \u00e0 la recherche de qualit\u00e9 et de rendement exceptionnels.","_links":{"self":[{"href":"https:\/\/bulkgenetics.com\/fr\/wp-json\/wp\/v2\/product\/10890","targetHints":{"allow":["GET"]}}],"collection":[{"href":"https:\/\/bulkgenetics.com\/fr\/wp-json\/wp\/v2\/product"}],"about":[{"href":"https:\/\/bulkgenetics.com\/fr\/wp-json\/wp\/v2\/types\/product"}],"replies":[{"embeddable":true,"href":"https:\/\/bulkgenetics.com\/fr\/wp-json\/wp\/v2\/comments?post=10890"}],"wp:featuredmedia":[{"embeddable":true,"href":"https:\/\/bulkgenetics.com\/fr\/wp-json\/wp\/v2\/media\/18723"}],"wp:attachment":[{"href":"https:\/\/bulkgenetics.com\/fr\/wp-json\/wp\/v2\/media?parent=10890"}],"wp:term":[{"taxonomy":"product_brand","embeddable":true,"href":"https:\/\/bulkgenetics.com\/fr\/wp-json\/wp\/v2\/product_brand?post=10890"},{"taxonomy":"product_cat","embeddable":true,"href":"https:\/\/bulkgenetics.com\/fr\/wp-json\/wp\/v2\/product_cat?post=10890"},{"taxonomy":"product_tag","embeddable":true,"href":"https:\/\/bulkgenetics.com\/fr\/wp-json\/wp\/v2\/product_tag?post=10890"}],"curies":[{"name":"wp","href":"https:\/\/api.w.org\/{rel}","templated":true}]}}