{"id":10891,"date":"2022-09-30T16:16:33","date_gmt":"2022-09-30T14:16:33","guid":{"rendered":"https:\/\/www.bulkgenetics.com\/reve-jamaicain\/"},"modified":"2024-10-08T01:18:55","modified_gmt":"2024-10-07T23:18:55","slug":"jamaican-dream","status":"publish","type":"product","link":"https:\/\/bulkgenetics.com\/fr\/jamaican-dream\/","title":{"rendered":"Jamaican Dream"},"content":{"rendered":"\n<p><strong>Jamaican Dream<\/strong> est l&#8217;une des strains de cannabis Sativa les plus spectaculaires que tu puisses trouver. Cette strain est mondialement c\u00e9l\u00e8bre pour sa vitesse de floraison incroyable, surpassant m\u00eame la l\u00e9gendaire <strong><a href=\"https:\/\/bulkgenetics.com\/fr\/durban-poison\/\">Durban Poison<\/a><\/strong>. Jamaican Dream provient d&#8217;une s\u00e9lection minutieuse de landraces jama\u00efcaines, visant toujours les sp\u00e9cimens les plus rapides et productifs.<\/p>\n\n\n\n<p>Cette strain se distingue par son aspect compact, semblable \u00e0 une Indica, bien qu&#8217;il s&#8217;agisse d&#8217;une pure Sativa. Les t\u00eates sont grandes, allong\u00e9es, et leur couleur vert p\u00e2le, parfois avec des touches de pourpre, est mise en valeur par une couche de trichomes cristallins qui les fait briller.<\/p>\n\n\n\n<p>Jamaican Dream est extr\u00eamement facile \u00e0 cultiver. M\u00eame si tu n&#8217;as pas de grandes connaissances, cette plante te facilitera la t\u00e2che. En int\u00e9rieur, bien qu&#8217;elle puisse s&#8217;\u00e9tirer un peu plus que d&#8217;autres strains, elle reste maniable et ne n\u00e9cessite pas de tailles compliqu\u00e9es.<\/p>\n\n\n\n<h2 class=\"wp-block-heading\">Saveur et Effets<\/h2>\n\n\n\n<p>Lorsque tu go\u00fbteras Jamaican Dream, tu tomberas amoureux de sa saveur subtile et d\u00e9licieuse. Cette strain offre un profil de saveur qui est un v\u00e9ritable d\u00e9lice tropical. Tu d\u00e9couvriras des notes tr\u00e8s sucr\u00e9es et fruit\u00e9es, avec un arri\u00e8re-go\u00fbt tropical rappelant des fruits exotiques et une touche subtile de bois et d&#8217;\u00e9pices. Cette saveur s&#8217;intensifie encore avec un bon curing, rendant l&#8217;exp\u00e9rience inoubliable pour le palais.<\/p>\n\n\n\n<p>En ce qui concerne l&#8217;ar\u00f4me, Jamaican Dream d\u00e9gage un parfum tropical avec une pr\u00e9dominance de fruits et une touche citronn\u00e9e. En effritant les t\u00eates, des notes d&#8217;ananas et un l\u00e9ger soup\u00e7on de poivre se lib\u00e8rent, faisant de chaque bouff\u00e9e une explosion de saveurs dans ta bouche.<\/p>\n\n\n\n<p>L&#8217;effet de Jamaican Dream est aussi impressionnant que sa saveur. Avec un taux de <strong>THC<\/strong> oscillant entre <strong>15% et 20%<\/strong>, cette strain est connue pour ses effets psychoactifs puissants. Elle est id\u00e9ale pour ceux qui recherchent de l&#8217;\u00e9nergie, de l&#8217;euphorie et une sensation intense de bonheur. Elle est parfaite pour une consommation en journ\u00e9e, car elle te maintiendra actif, cr\u00e9atif et concentr\u00e9. Cependant, ce n&#8217;est pas le meilleur choix pour la nuit, \u00e0 moins que tu ne pr\u00e9voies de rester \u00e9veill\u00e9 et actif.<\/p>\n\n\n\n<p>Le taux de <strong>CBD<\/strong> dans Jamaican Dream est faible, <strong>moins de 0,2%<\/strong>, ce qui signifie que ses effets th\u00e9rapeutiques se concentrent plus sur le domaine psychoactif que relaxant. N\u00e9anmoins, elle est excellente pour soulager le stress, l&#8217;anxi\u00e9t\u00e9 et la d\u00e9pression, et poss\u00e8de \u00e9galement des propri\u00e9t\u00e9s anti-inflammatoires pouvant aider \u00e0 att\u00e9nuer les douleurs l\u00e9g\u00e8res.<\/p>\n\n\n\n<h3 class=\"wp-block-heading\">Terp\u00e8nes de Jamaican Dream<\/h3>\n\n\n\n<p>Jamaican Dream est charg\u00e9e de terp\u00e8nes qui non seulement contribuent \u00e0 sa d\u00e9licieuse saveur et ar\u00f4me, mais renforcent \u00e9galement ses effets. Le terp\u00e8ne dominant dans cette strain est le <strong>caryophyll\u00e8ne<\/strong>, connu pour son ar\u00f4me poivr\u00e9 et ses propri\u00e9t\u00e9s anti-inflammatoires. Ce terp\u00e8ne ajoute non seulement une touche \u00e9pic\u00e9e au profil de saveur, mais aide aussi \u00e0 r\u00e9duire la douleur et l&#8217;inflammation.<\/p>\n\n\n\n<p>Un autre terp\u00e8ne important est le <strong>myrc\u00e8ne<\/strong>, qui apporte des notes herbac\u00e9es et a un effet s\u00e9datif et relaxant, bien que dans Jamaican Dream, il soit pr\u00e9sent en moindre quantit\u00e9, ne dominant donc pas l&#8217;effet stimulant de la strain. Enfin, le <strong>limon\u00e8ne<\/strong> ajoute une touche citronn\u00e9e \u00e0 l&#8217;ar\u00f4me et est connu pour ses effets stimulants de l&#8217;humeur et anti-anxi\u00e9t\u00e9.<\/p>\n\n\n\n<p>Gr\u00e2ce \u00e0 cette combinaison de terp\u00e8nes, Jamaican Dream offre une exp\u00e9rience compl\u00e8te qui combine saveur, ar\u00f4me et effets th\u00e9rapeutiques. Chaque terp\u00e8ne travaille en synergie avec les cannabino\u00efdes pour amplifier les effets d\u00e9sir\u00e9s et faire de cette strain un choix id\u00e9al pour tout moment de la journ\u00e9e.<\/p>\n\n\n\n<h2 class=\"wp-block-heading\">Production et Temps de Floraison<\/h2>\n\n\n\n<p>Un des plus grands avantages de Jamaican Dream est sa capacit\u00e9 de production impressionnante, tant en int\u00e9rieur qu&#8217;en ext\u00e9rieur. Cette strain a \u00e9t\u00e9 d\u00e9velopp\u00e9e pour offrir de grandes r\u00e9coltes sans n\u00e9cessiter de connaissances avanc\u00e9es en culture, ce qui la rend parfaite tant pour les cultivateurs novices que pour les professionnels exp\u00e9riment\u00e9s.<\/p>\n\n\n\n<p>En culture int\u00e9rieure, Jamaican Dream est un v\u00e9ritable bijou. Avec un \u00e9clairage LED de 300-350 W, cette strain peut produire jusqu&#8217;\u00e0 <strong>550 grammes par m\u00e8tre carr\u00e9<\/strong>. Son temps de floraison est extr\u00eamement rapide, avec des t\u00eates pr\u00eates \u00e0 \u00eatre r\u00e9colt\u00e9es en seulement <strong>45-50 jours<\/strong> apr\u00e8s le changement de photop\u00e9riode. Ce cycle de floraison rapide permet d&#8217;obtenir plusieurs r\u00e9coltes par an, maximisant ainsi la production.<\/p>\n\n\n\n<p>En ext\u00e9rieur, Jamaican Dream ne reste pas en reste. Plant\u00e9e au d\u00e9but du printemps, cette plante peut atteindre une hauteur de jusqu&#8217;\u00e0 <strong>2,5 m\u00e8tres<\/strong>. Sa structure robuste et \u00e9l\u00e9gante, de type sapin de No\u00ebl, facilite la formation de nombreuses grandes t\u00eates. La r\u00e9colte en ext\u00e9rieur se fait \u00e0 la <strong>fin septembre<\/strong>, ce qui la rend adapt\u00e9e aux climats avec des \u00e9t\u00e9s courts. Dans les meilleures conditions, les plantes les plus grandes peuvent produire jusqu&#8217;\u00e0 <strong>900 grammes<\/strong> chacune.<\/p>\n\n\n\n<h2 class=\"wp-block-heading\">Comment Cultiver Jamaican Dream<\/h2>\n\n\n\n<p>Chez Bulk Genetics, nous pensons que cultiver Jamaican Dream est une exp\u00e9rience gratifiante pour tout cultivateur, quel que soit son niveau d&#8217;exp\u00e9rience. Cette strain est connue pour sa facilit\u00e9 de culture et son adaptabilit\u00e9 \u00e0 diff\u00e9rents environnements, ce qui la rend id\u00e9ale pour une grande vari\u00e9t\u00e9 de conditions.<\/p>\n\n\n\n<p><strong>Difficult\u00e9 de culture :<\/strong> Cultiver Jamaican Dream est tr\u00e8s simple. Cette plante ne n\u00e9cessite pas de techniques de taille compliqu\u00e9es ni de soins particuliers, ce qui la rend parfaite tant pour les d\u00e9butants que pour les cultivateurs exp\u00e9riment\u00e9s qui recherchent une strain sans complications.<\/p>\n\n\n\n<p><strong>Climat et conditions de culture ad\u00e9quats :<\/strong> Jamaican Dream s&#8217;adapte bien \u00e0 diff\u00e9rents climats, mais pr\u00e9f\u00e8re un climat chaud et m\u00e9diterran\u00e9en. En ext\u00e9rieur, il est important de commencer la culture au d\u00e9but du printemps pour maximiser son potentiel de croissance. En int\u00e9rieur, assure-toi de lui fournir un \u00e9clairage ad\u00e9quat et un environnement contr\u00f4l\u00e9 pour maximiser la production.<\/p>\n\n\n\n<p><strong>R\u00e9sistance aux nuisibles et aux maladies :<\/strong> Cette strain est assez r\u00e9sistante aux nuisibles et aux maladies, ce qui la rend encore plus facile \u00e0 g\u00e9rer. Sa robustesse et son vigueur naturelle la prot\u00e8gent de nombreux probl\u00e8mes courants dans la culture du cannabis, nous permettant de nous concentrer sur l&#8217;optimisation des conditions de croissance pour obtenir la meilleure r\u00e9colte possible.<\/p>\n\n\n\n<div style=\"height:50px\" aria-hidden=\"true\" class=\"wp-block-spacer uag-hide-mob\"><\/div>\n\n\n\n<div class=\"wp-block-columns is-layout-flex wp-container-core-columns-is-layout-28f84493 wp-block-columns-is-layout-flex\">\n<div class=\"wp-block-column is-layout-flow wp-block-column-is-layout-flow\">\n<p class=\"has-text-align-center has-medium-font-size\"><strong>Ce que nous aimons le plus<\/strong><\/p>\n\n\n\n<ul class=\"wp-block-list\">\n<li>Tr\u00e8s facile \u00e0 cultiver.<\/li>\n\n\n\n<li>Production tr\u00e8s \u00e9lev\u00e9e.<\/li>\n\n\n\n<li>C&#8217;est probablement la Sativa la plus rapide.<\/li>\n\n\n\n<li>Effets tr\u00e8s psychoactifs et \u00e9nerg\u00e9tiques.<\/li>\n\n\n\n<li>Profil de saveur tropical et fruit\u00e9.<\/li>\n<\/ul>\n<\/div>\n\n\n\n<div class=\"wp-block-column is-layout-flow wp-block-column-is-layout-flow\">\n<p class=\"has-text-align-center has-medium-font-size\"><strong>Ce que nous aimons le moins<\/strong><\/p>\n\n\n\n<ul class=\"wp-block-list\">\n<li>Pas le meilleur choix pour fumer la nuit.<\/li>\n\n\n\n<li>Peut \u00eatre trop stimulant pour les personnes avec une faible tol\u00e9rance au THC.<\/li>\n<\/ul>\n<\/div>\n<\/div>\n\n\n\n<div style=\"height:50px\" aria-hidden=\"true\" class=\"wp-block-spacer uag-hide-mob\"><\/div>\n\n\n\n<h2 class=\"wp-block-heading\">Questions Fr\u00e9quentes<\/h2>\n\n\n\n<p>Tu trouveras ci-dessous les questions les plus fr\u00e9quentes que nous posent les cultivateurs int\u00e9ress\u00e9s par ces graines de cannabis en vrac :<\/p>\n\n\n<div id=\"rank-math-faq\" class=\"rank-math-block\">\n<div class=\"rank-math-list \">\n<div id=\"faq-question-1663029074962\" class=\"rank-math-list-item\">\n<h3 class=\"rank-math-question \">Quand commence la floraison de Jamaican Dream en ext\u00e9rieur ?<\/h3>\n<div class=\"rank-math-answer \">\n\n<p>La floraison commence au cours de la premi\u00e8re quinzaine d&#8217;ao\u00fbt, selon la latitude.<\/p>\n\n<\/div>\n<\/div>\n<div id=\"faq-question-1663029159933\" class=\"rank-math-list-item\">\n<h3 class=\"rank-math-question \">Quand r\u00e9colter une Jamaican Dream en ext\u00e9rieur et en int\u00e9rieur ?<\/h3>\n<div class=\"rank-math-answer \">\n\n<p>Le temps de floraison de Jamaican Dream est incroyablement rapide. En int\u00e9rieur, cette vari\u00e9t\u00e9 sera pr\u00eate \u00e0 \u00eatre r\u00e9colt\u00e9e en seulement 45-50 jours apr\u00e8s le changement de photop\u00e9riode. En ext\u00e9rieur, la r\u00e9colte se fait fin septembre, ce qui la rend adapt\u00e9e aux climats avec des \u00e9t\u00e9s courts.<\/p>\n\n<\/div>\n<\/div>\n<div id=\"faq-question-1663029165861\" class=\"rank-math-list-item\">\n<h3 class=\"rank-math-question \">Comment cultiver une Jamaican Dream f\u00e9minis\u00e9e ?<\/h3>\n<div class=\"rank-math-answer \">\n\n<p>Jamaican Dream est tr\u00e8s facile \u00e0 cultiver. C&#8217;est une plante r\u00e9sistante et robuste qui ne n\u00e9cessite pas de soins particuliers ni de techniques de taille compliqu\u00e9es. Elle est parfaite pour les cultivateurs novices et exp\u00e9riment\u00e9s, s&#8217;adaptant bien \u00e0 la culture en int\u00e9rieur comme en ext\u00e9rieur.<\/p>\n\n<\/div>\n<\/div>\n<div id=\"faq-question-1666780029954\" class=\"rank-math-list-item\">\n<h3 class=\"rank-math-question \">Quels sont les effets de Jamaican Dream en vrac ?<\/h3>\n<div class=\"rank-math-answer \">\n\n<p>Les effets de Jamaican Dream sont principalement psychoactifs, \u00e9nerg\u00e9tiques et euphoriques. Avec un taux de THC entre 15% et 20%, cette vari\u00e9t\u00e9 est parfaite pour ceux qui recherchent une dose d&#8217;\u00e9nergie et de cr\u00e9ativit\u00e9 pendant la journ\u00e9e. Cependant, elle n&#8217;est pas recommand\u00e9e pour la nuit, car elle peut \u00eatre trop stimulante et te maintenir \u00e9veill\u00e9.<\/p>\n\n<\/div>\n<\/div>\n<div id=\"faq-question-1720422950966\" class=\"rank-math-list-item\">\n<h3 class=\"rank-math-question \">Jamaican Dream est-elle une sativa ou une indica ?<\/h3>\n<div class=\"rank-math-answer \">\n\n<p>Jamaican Dream est une vari\u00e9t\u00e9 Sativa presque pure. Bien que son apparence compacte puisse rappeler une Indica, cette strain se caract\u00e9rise par les effets typiques des Sativas : \u00e9nerg\u00e9tiques, euphoriques et stimulants. Les vari\u00e9t\u00e9s Sativa offrent g\u00e9n\u00e9ralement un high c\u00e9r\u00e9bral, id\u00e9al pour les activit\u00e9s diurnes et cr\u00e9atives. \u00c0 l&#8217;inverse, les Indicas tendent \u00e0 offrir un effet plus relaxant et corporel, parfait pour se d\u00e9tendre en fin de journ\u00e9e.<\/p>\n\n<\/div>\n<\/div>\n<div id=\"faq-question-1720423007569\" class=\"rank-math-list-item\">\n<h3 class=\"rank-math-question \">Quels sont les ar\u00f4mes et les saveurs de Jamaican Dream ?<\/h3>\n<div class=\"rank-math-answer \">\n\n<p>Jamaican Dream offre un profil de saveur tropical et fruit\u00e9, avec des touches sucr\u00e9es et un fond de bois et d&#8217;\u00e9pices. Son ar\u00f4me est tout aussi exotique, avec une pr\u00e9dominance de fruits et d&#8217;agrumes, et une touche d&#8217;ananas qui s&#8217;intensifie en \u00e9miettant les t\u00eates.<\/p>\n\n<\/div>\n<\/div>\n<\/div>\n<\/div>","protected":false},"excerpt":{"rendered":"<p><b>Jamaican Dream<\/b> est la Sativa la plus rapide et facile \u00e0 cultiver, parfaite pour obtenir des r\u00e9coltes abondantes avec un minimum d&#8217;effort. Profite de son <strong>effet puissant, \u00e9nergisant et euphorique<\/strong>, id\u00e9al pour rester actif et heureux tout au long de la journ\u00e9e. Ses d\u00e9licieux <strong>saveurs tropicales et ses rendements \u00e9lev\u00e9s<\/strong> la rendent irr\u00e9sistible.<\/p>\n","protected":false},"featured_media":11749,"comment_status":"open","ping_status":"closed","template":"","meta":{"_acf_changed":false,"inline_featured_image":false,"_uag_custom_page_level_css":""},"product_brand":[],"product_cat":[1125],"product_tag":[],"class_list":{"0":"post-10891","1":"product","2":"type-product","3":"status-publish","4":"has-post-thumbnail","6":"product_cat-graines-feminisees-en-gros","8":"first","9":"outofstock","10":"taxable","11":"shipping-taxable","12":"purchasable","13":"product-type-simple"},"acf":[],"uagb_featured_image_src":{"full":["https:\/\/bulkgenetics.com\/wp-content\/uploads\/2022\/09\/jamaican-dream-1.jpg",1600,1600,false],"thumbnail":["https:\/\/bulkgenetics.com\/wp-content\/uploads\/2022\/09\/jamaican-dream-1-150x150.jpg",150,150,true],"medium":["https:\/\/bulkgenetics.com\/wp-content\/uploads\/2022\/09\/jamaican-dream-1-300x300.jpg",300,300,true],"medium_large":["https:\/\/bulkgenetics.com\/wp-content\/uploads\/2022\/09\/jamaican-dream-1-768x768.jpg",768,768,true],"large":["https:\/\/bulkgenetics.com\/wp-content\/uploads\/2022\/09\/jamaican-dream-1-1024x1024.jpg",1024,1024,true],"1536x1536":["https:\/\/bulkgenetics.com\/wp-content\/uploads\/2022\/09\/jamaican-dream-1-1536x1536.jpg",1536,1536,true],"2048x2048":["https:\/\/bulkgenetics.com\/wp-content\/uploads\/2022\/09\/jamaican-dream-1.jpg",1600,1600,false],"commercegurus-pdp-large":["https:\/\/bulkgenetics.com\/wp-content\/uploads\/2022\/09\/jamaican-dream-1-990x990.jpg",990,990,true],"commercegurus-plp-mobile":["https:\/\/bulkgenetics.com\/wp-content\/uploads\/2022\/09\/jamaican-dream-1-441x441.jpg",441,441,true],"cgkit_image_swatch":["https:\/\/bulkgenetics.com\/wp-content\/uploads\/2022\/09\/jamaican-dream-1-100x100.jpg",100,100,true],"woocommerce_thumbnail":["https:\/\/bulkgenetics.com\/wp-content\/uploads\/2022\/09\/jamaican-dream-1-300x300.jpg",300,300,true],"woocommerce_single":["https:\/\/bulkgenetics.com\/wp-content\/uploads\/2022\/09\/jamaican-dream-1-800x800.jpg",800,800,true],"woocommerce_gallery_thumbnail":["https:\/\/bulkgenetics.com\/wp-content\/uploads\/2022\/09\/jamaican-dream-1-150x150.jpg",150,150,true],"dgwt-wcas-product-suggestion":["https:\/\/bulkgenetics.com\/wp-content\/uploads\/2022\/09\/jamaican-dream-1-64x64.jpg",64,64,true]},"uagb_author_info":{"display_name":"Bruno Crespo","author_link":"https:\/\/bulkgenetics.com\/fr\/author\/"},"uagb_comment_info":0,"uagb_excerpt":"Jamaican Dream est la Sativa la plus rapide et facile \u00e0 cultiver, parfaite pour obtenir des r\u00e9coltes abondantes avec un minimum d'effort. Profite de son effet puissant, \u00e9nergisant et euphorique, id\u00e9al pour rester actif et heureux tout au long de la journ\u00e9e. Ses d\u00e9licieux saveurs tropicales et ses rendements \u00e9lev\u00e9s la rendent irr\u00e9sistible.","_links":{"self":[{"href":"https:\/\/bulkgenetics.com\/fr\/wp-json\/wp\/v2\/product\/10891","targetHints":{"allow":["GET"]}}],"collection":[{"href":"https:\/\/bulkgenetics.com\/fr\/wp-json\/wp\/v2\/product"}],"about":[{"href":"https:\/\/bulkgenetics.com\/fr\/wp-json\/wp\/v2\/types\/product"}],"replies":[{"embeddable":true,"href":"https:\/\/bulkgenetics.com\/fr\/wp-json\/wp\/v2\/comments?post=10891"}],"wp:featuredmedia":[{"embeddable":true,"href":"https:\/\/bulkgenetics.com\/fr\/wp-json\/wp\/v2\/media\/11749"}],"wp:attachment":[{"href":"https:\/\/bulkgenetics.com\/fr\/wp-json\/wp\/v2\/media?parent=10891"}],"wp:term":[{"taxonomy":"product_brand","embeddable":true,"href":"https:\/\/bulkgenetics.com\/fr\/wp-json\/wp\/v2\/product_brand?post=10891"},{"taxonomy":"product_cat","embeddable":true,"href":"https:\/\/bulkgenetics.com\/fr\/wp-json\/wp\/v2\/product_cat?post=10891"},{"taxonomy":"product_tag","embeddable":true,"href":"https:\/\/bulkgenetics.com\/fr\/wp-json\/wp\/v2\/product_tag?post=10891"}],"curies":[{"name":"wp","href":"https:\/\/api.w.org\/{rel}","templated":true}]}}