{"id":10894,"date":"2022-09-30T16:16:20","date_gmt":"2022-09-30T14:16:20","guid":{"rendered":"https:\/\/www.bulkgenetics.com\/moby-dick\/"},"modified":"2025-12-29T10:16:47","modified_gmt":"2025-12-29T09:16:47","slug":"moby-dick","status":"publish","type":"product","link":"https:\/\/bulkgenetics.com\/fr\/moby-dick\/","title":{"rendered":"Moby Dick"},"content":{"rendered":"\n<p>La <strong>Moby Dick<\/strong> est une strain l\u00e9gendaire dans le monde du cannabis, originaire d&#8217;Espagne et d\u00e9velopp\u00e9e \u00e0 partir des g\u00e9n\u00e9tiques championnes <strong><a href=\"https:\/\/bulkgenetics.com\/fr\/white-widow\/\">White Widow<\/a><\/strong> et <strong><a href=\"https:\/\/bulkgenetics.com\/fr\/jack-herer\/\">Jack Herer<\/a><\/strong>. Ce croisement a donn\u00e9 naissance \u00e0 un hybride \u00e0 dominance sativa, reconnu et acclam\u00e9 par les cultivateurs et amateurs du monde entier. Les <strong>graines de Moby Dick<\/strong> sont non seulement c\u00e9l\u00e8bres pour leur puissance, mais aussi pour leur rendement impressionnant et leur robustesse.<\/p>\n\n\n\n<p><strong>Moby Dick<\/strong> est une plante de grande taille qui produit des t\u00eates massives et denses, couvertes d&#8217;une r\u00e9sine collante qui scintille comme des cristaux sous la lumi\u00e8re. Ces fleurs d&#8217;un vert \u00e9clatant sont parsem\u00e9es de pistils orange, et une couche de trichomes les fait ressembler \u00e0 un paysage lunaire.<\/p>\n\n\n\n<h2 class=\"wp-block-heading\">Saveur et Effets<\/h2>\n\n\n\n<p>La <strong>saveur<\/strong> de la <strong>Moby Dick<\/strong> est une exp\u00e9rience en soi. D\u00e8s le premier instant, son ar\u00f4me enveloppe les sens avec une d\u00e9licieuse combinaison de touches <strong>fruit\u00e9es<\/strong> et <strong>florales<\/strong>, accompagn\u00e9es de notes d&#8217;<strong>encens<\/strong> et de <strong>bois de pin<\/strong>. En la fumant, ces notes se traduisent par une exp\u00e9rience gustative douce et plaisante, rappelant une promenade dans une for\u00eat de pins apr\u00e8s la pluie.<\/p>\n\n\n\n<p>Quant \u00e0 ses <strong>effets<\/strong>, la <strong>Moby Dick<\/strong> ne d\u00e9\u00e7oit pas. Avec un taux de <strong>THC<\/strong> oscillant entre <strong>15% et 20%<\/strong> et un faible niveau de <strong>CBD<\/strong> (moins de 1%), cette strain offre un high puissant, \u00e0 la fois concentr\u00e9 et joyeux. Parfaite pour ceux qui cherchent une inspiration cr\u00e9ative et un boost d&#8217;\u00e9nergie, la <strong>Moby Dick<\/strong> procure \u00e9galement une sensation de relaxation incomparable. Ses effets sont puissants : vous ressentirez une grande vague de bonheur et d&#8217;\u00e9nergie, vous rechargeant \u00e0 toute heure de la journ\u00e9e. Id\u00e9ale pour se consacrer \u00e0 des t\u00e2ches cr\u00e9atives ou simplement profiter d&#8217;un bon moment d&#8217;euphorie et de joie.<\/p>\n\n\n\n<h3 class=\"wp-block-heading\">Terp\u00e8nes de Moby Dick<\/h3>\n\n\n\n<p>Le profil de terp\u00e8nes de la <strong>Moby Dick<\/strong> est complexe et vari\u00e9, contribuant tant \u00e0 son ar\u00f4me distinctif qu&#8217;\u00e0 ses effets. Parmi les terp\u00e8nes les plus notables, on trouve :<\/p>\n\n\n\n<ul class=\"wp-block-list\">\n<li><strong>Beta-Caryophyll\u00e8ne<\/strong> : Connu pour ses propri\u00e9t\u00e9s anti-inflammatoires et analg\u00e9siques, il apporte un ar\u00f4me \u00e9pic\u00e9 et terreux.<\/li>\n\n\n\n<li><strong>Limon\u00e8ne<\/strong> : Ce terp\u00e8ne citronn\u00e9 am\u00e9liore non seulement l&#8217;humeur mais aide \u00e9galement \u00e0 soulager le stress. Il offre un ar\u00f4me frais et citronn\u00e9 qui \u00e9l\u00e8ve les sens.<\/li>\n\n\n\n<li><strong>Linalol<\/strong> : Avec son parfum floral, il est connu pour ses effets calmants et s\u00e9datifs, id\u00e9al pour combattre l&#8217;insomnie et procurer une relaxation profonde.<\/li>\n\n\n\n<li><strong>Myrc\u00e8ne<\/strong> : Il apporte un ar\u00f4me de terre et de clou de girofle, et est reconnu pour ses propri\u00e9t\u00e9s relaxantes et s\u00e9datives, contribuant \u00e0 un effet apaisant et paisible.<\/li>\n\n\n\n<li><strong>Para-Cym\u00e8ne<\/strong> : Avec son parfum d&#8217;agrumes et d&#8217;\u00e9pices, ce terp\u00e8ne contribue aux effets stimulants et antid\u00e9presseurs, \u00e9levant l&#8217;humeur et procurant de l&#8217;\u00e9nergie.<\/li>\n\n\n\n<li><strong>Terpinol\u00e8ne<\/strong> : Offrant un ar\u00f4me frais et herbac\u00e9, il est connu pour ses propri\u00e9t\u00e9s antioxydantes et s\u00e9datives, aidant \u00e0 la relaxation et au bien-\u00eatre g\u00e9n\u00e9ral.<\/li>\n<\/ul>\n\n\n\n<p>Ces terp\u00e8nes enrichissent non seulement l&#8217;exp\u00e9rience sensorielle de la <strong>Moby Dick<\/strong>, mais amplifient \u00e9galement ses bienfaits m\u00e9dicinaux, procurant un soulagement pour la d\u00e9pression, l&#8217;insomnie et les spasmes musculaires. Cultiver et consommer les <strong>graines de Moby Dick<\/strong> te permettra de profiter d&#8217;une herbe avec un profil de terp\u00e8nes exceptionnel qui am\u00e9liore non seulement la saveur, mais aussi les effets th\u00e9rapeutiques de cette merveilleuse strain.<\/p>\n\n\n\n<h2 class=\"wp-block-heading\">Production et Temps de Floraison<\/h2>\n\n\n\n<p>La <strong>Moby Dick<\/strong> est connue pour sa <strong>haute production<\/strong> tant en cultures int\u00e9rieures qu&#8217;ext\u00e9rieures, ce qui en fait une favorite parmi les cultivateurs recherchant des r\u00e9coltes abondantes et de haute qualit\u00e9.<\/p>\n\n\n\n<p>En <strong>int\u00e9rieur<\/strong>, cette strain peut produire entre <strong>450 et 600 grammes par m\u00e8tre carr\u00e9<\/strong>, en fonction des conditions de culture et de l&#8217;exp\u00e9rience du cultivateur. L&#8217;utilisation de techniques comme le SCROG (Screen of Green) est recommand\u00e9e pour maximiser le rendement, en aidant \u00e0 contr\u00f4ler sa croissance verticale et \u00e0 favoriser un d\u00e9veloppement plus horizontal. Avec un bon syst\u00e8me d&#8217;\u00e9clairage, comme des lampes LED de 300-350 W, tu pourras tirer le meilleur parti de tes plantes.<\/p>\n\n\n\n<p>En <strong>ext\u00e9rieur<\/strong>, la <strong>Moby Dick<\/strong> peut atteindre des tailles monstrueuses allant jusqu&#8217;\u00e0 3 m\u00e8tres de hauteur lorsqu&#8217;elle est cultiv\u00e9e d\u00e8s le d\u00e9but du printemps. Dans des conditions optimales, chaque plante peut produire entre <strong>700 et 900 grammes<\/strong>, et m\u00eame s&#8217;approcher du kilo dans des cas exceptionnels. Sa p\u00e9riode de floraison est relativement courte pour une vari\u00e9t\u00e9 \u00e0 dominance sativa, permettant une r\u00e9colte entre la premi\u00e8re et la deuxi\u00e8me semaine d&#8217;octobre.<\/p>\n\n\n\n<p>Le <strong>temps de floraison<\/strong> de la <strong>Moby Dick<\/strong> en int\u00e9rieur est d&#8217;environ <strong>8 \u00e0 9 semaines<\/strong> apr\u00e8s le changement de photop\u00e9riode \u00e0 la floraison. Cela signifie qu&#8217;en un peu plus de deux mois, tu profiteras d&#8217;une r\u00e9colte abondante et de haute qualit\u00e9. En ext\u00e9rieur, la plante suit un cycle similaire, culminant en une r\u00e9colte riche et g\u00e9n\u00e9reuse d\u00e9but ou mi-octobre.<\/p>\n\n\n\n<p>Avec la <strong>Moby Dick<\/strong>, tu n&#8217;obtiendras pas seulement une production \u00e9lev\u00e9e, mais tu profiteras aussi de t\u00eates \u00e9normes, denses et collantes, id\u00e9ales pour tout amateur d&#8217;extractions. Sa r\u00e9sistance et son adaptabilit\u00e9 font de cette strain un choix parfait pour les cultivateurs de tous niveaux, assurant toujours une r\u00e9colte impressionnante.<\/p>\n\n\n\n<h2 class=\"wp-block-heading\">Comment Cultiver Moby Dick<\/h2>\n\n\n\n<p>La <strong>Moby Dick<\/strong> est connue pour \u00eatre une plante facile \u00e0 g\u00e9rer, parfaite pour les cultivateurs de tous niveaux. En int\u00e9rieur, elle s&#8217;adapte bien \u00e0 toutes les techniques de culture, \u00e9tant id\u00e9ale pour les m\u00e9thodes comme le SCROG et le SOG. En ext\u00e9rieur, avec des conditions ad\u00e9quates, elle peut cro\u00eetre de mani\u00e8re impressionnante, atteignant des tailles gigantesques.<\/p>\n\n\n\n<p>En ce qui concerne le <strong>climat et les conditions de culture<\/strong>, cette plante prosp\u00e8re dans des climats chauds et ensoleill\u00e9s, similaires aux conditions m\u00e9diterran\u00e9ennes. Les temp\u00e9ratures id\u00e9ales pendant la journ\u00e9e doivent varier entre 20\u00b0C et 27\u00b0C, tandis que pendant la nuit, elles peuvent l\u00e9g\u00e8rement baisser entre 15\u00b0C et 21\u00b0C. Il est important de maintenir ces plages de temp\u00e9ratures pour assurer une croissance optimale. En int\u00e9rieur, il est essentiel d&#8217;utiliser des lampes LED de haute qualit\u00e9 et de maintenir une bonne ventilation pour \u00e9viter les probl\u00e8mes d&#8217;humidit\u00e9 et de surchauffe.<\/p>\n\n\n\n<p>La <strong>r\u00e9sistance aux ravageurs et aux maladies<\/strong> de la <strong>Moby Dick<\/strong> est remarquable, ce qui en fait une plante robuste et adaptable. Cependant, comme pour toute autre vari\u00e9t\u00e9, il est essentiel de rester vigilant et de prendre des mesures pr\u00e9ventives. Utiliser des substrats de qualit\u00e9 comme la perlite, la tourbe ou la fibre de coco peut aider \u00e0 am\u00e9liorer la r\u00e9tention d&#8217;humidit\u00e9 et la sant\u00e9 racinaire, r\u00e9duisant ainsi la susceptibilit\u00e9 aux probl\u00e8mes courants.<\/p>\n\n\n\n<div style=\"height:50px\" aria-hidden=\"true\" class=\"wp-block-spacer uag-hide-mob\"><\/div>\n\n\n\n<div class=\"wp-block-columns is-layout-flex wp-container-core-columns-is-layout-28f84493 wp-block-columns-is-layout-flex\">\n<div class=\"wp-block-column is-layout-flow wp-block-column-is-layout-flow\">\n<p class=\"has-text-align-center has-medium-font-size\"><strong>Ce que nous aimons le plus<\/strong><\/p>\n\n\n\n<ul class=\"wp-block-list\">\n<li>Rendements \u00e9lev\u00e9s en int\u00e9rieur comme en ext\u00e9rieur.<\/li>\n\n\n\n<li>Profil de saveur unique avec des notes fruit\u00e9es, florales, de pin et d&#8217;encens.<\/li>\n\n\n\n<li>Effets \u00e9nergisants et euphorisants, id\u00e9aux pour la cr\u00e9ativit\u00e9 et la concentration.<\/li>\n\n\n\n<li>R\u00e9sistance aux ravageurs et \u00e0 la moisissure.<\/li>\n\n\n\n<li>Processus de floraison relativement court pour une vari\u00e9t\u00e9 sativa.<\/li>\n<\/ul>\n<\/div>\n\n\n\n<div class=\"wp-block-column is-layout-flow wp-block-column-is-layout-flow\">\n<p class=\"has-text-align-center has-medium-font-size\"><strong>Ce que nous aimons le moins<\/strong><\/p>\n\n\n\n<ul class=\"wp-block-list\">\n<li>Peut n\u00e9cessiter un espace ample en int\u00e9rieur en raison de sa taille.<\/li>\n\n\n\n<li>Demande un contr\u00f4le rigoureux de l&#8217;humidit\u00e9 pour \u00e9viter les probl\u00e8mes de moisissure en phase de floraison.<\/li>\n<\/ul>\n<\/div>\n<\/div>\n\n\n\n<div style=\"height:50px\" aria-hidden=\"true\" class=\"wp-block-spacer uag-hide-mob\"><\/div>\n\n\n\n<h2 class=\"wp-block-heading\">Questions Fr\u00e9quentes<\/h2>\n\n\n\n<p>Voici les questions les plus fr\u00e9quemment pos\u00e9es par les cultivateurs int\u00e9ress\u00e9s par ces graines pas ch\u00e8res :<\/p>\n\n\n<div id=\"rank-math-faq\" class=\"rank-math-block\">\n<div class=\"rank-math-list \">\n<div id=\"faq-question-1663029074962\" class=\"rank-math-list-item\">\n<h3 class=\"rank-math-question \">Quand commence la floraison de Moby Dick en ext\u00e9rieur ?<\/h3>\n<div class=\"rank-math-answer \">\n\n<p>Selon la latitude, la floraison de la <strong>Moby Dick<\/strong> en ext\u00e9rieur commence entre la premi\u00e8re et la deuxi\u00e8me semaine d&#8217;ao\u00fbt. Il est important de fournir les conditions ad\u00e9quates d\u00e8s le d\u00e9but du printemps pour maximiser le rendement.<\/p>\n\n<\/div>\n<\/div>\n<div id=\"faq-question-1663029159933\" class=\"rank-math-list-item\">\n<h3 class=\"rank-math-question \">Quand r\u00e9colter une Moby Dick en ext\u00e9rieur ?<\/h3>\n<div class=\"rank-math-answer \">\n\n<p>La <strong>Moby Dick<\/strong> est une vari\u00e9t\u00e9 \u00e0 floraison rapide et se r\u00e9colte entre la premi\u00e8re et la deuxi\u00e8me semaine d&#8217;octobre. Cette p\u00e9riode de floraison relativement courte est id\u00e9ale pour les cultivateurs recherchant une r\u00e9colte rapide et abondante.<\/p>\n\n<\/div>\n<\/div>\n<div id=\"faq-question-1663029165861\" class=\"rank-math-list-item\">\n<h3 class=\"rank-math-question \">Comment cultiver une Moby Dick f\u00e9minis\u00e9e ?<\/h3>\n<div class=\"rank-math-answer \">\n\n<p>Pour cultiver la <strong>Moby Dick<\/strong> en int\u00e9rieur, nous recommandons l&#8217;utilisation de techniques de contr\u00f4le de croissance telles que la taille ou le palissage des branches. Le SCROG (Screen of Green) est \u00e9galement tr\u00e8s efficace pour maximiser l&#8217;exposition \u00e0 la lumi\u00e8re et contr\u00f4ler la croissance verticale. Assure-toi de maintenir une bonne ventilation et de contr\u00f4ler l&#8217;humidit\u00e9 pour \u00e9viter les probl\u00e8mes de moisissure.<\/p>\n\n<\/div>\n<\/div>\n<div id=\"faq-question-1666780029954\" class=\"rank-math-list-item\">\n<h3 class=\"rank-math-question \">Quels sont les effets de Moby Dick en vrac ?<\/h3>\n<div class=\"rank-math-answer \">\n\n<p>Les effets de la <strong>Moby Dick<\/strong> sont tr\u00e8s puissants et se caract\u00e9risent par une grande vague de bonheur et d&#8217;\u00e9nergie. Cette vari\u00e9t\u00e9 est id\u00e9ale pour les t\u00e2ches cr\u00e9atives, fournissant un boost \u00e9nerg\u00e9tique et un \u00e9tat d&#8217;esprit euphorique. Parfaite pour une consommation diurne, elle convient \u00e0 ceux qui recherchent une exp\u00e9rience joyeuse et motivante.<\/p>\n\n<\/div>\n<\/div>\n<div id=\"faq-question-1720188212021\" class=\"rank-math-list-item\">\n<h3 class=\"rank-math-question \">Moby Dick est-elle sativa ou indica ?<\/h3>\n<div class=\"rank-math-answer \">\n\n<p>La <strong>Moby Dick<\/strong> est une vari\u00e9t\u00e9 principalement <strong>sativa<\/strong>, avec 75% de g\u00e9n\u00e9tique sativa et 25% indica. Les plantes sativa sont g\u00e9n\u00e9ralement plus hautes et \u00e9lanc\u00e9es, avec des feuilles plus \u00e9troites, et sont connues pour procurer un effet \u00e9nergisant et c\u00e9r\u00e9bral. Les vari\u00e9t\u00e9s indica, en revanche, tendent \u00e0 \u00eatre plus courtes et robustes, avec des feuilles plus larges, et offrent souvent un effet plus relaxant et corporel. La <strong>Moby Dick<\/strong> combine le meilleur des deux mondes, offrant la vigueur et les effets stimulants de la sativa, ainsi que la robustesse et la r\u00e9sistance de l&#8217;indica.<\/p>\n\n<\/div>\n<\/div>\n<\/div>\n<\/div>","protected":false},"excerpt":{"rendered":"<p><b>Moby Dick<\/b> offre des r\u00e9coltes abondantes et des t\u00eates massives avec un <strong>ar\u00f4me d\u00e9licieux et des effets puissants<\/strong>. Id\u00e9ale pour ceux qui recherchent une <strong>exp\u00e9rience \u00e9nergisante et cr\u00e9ative<\/strong>, cette vari\u00e9t\u00e9 \u00e0 dominance sativa est parfaite tant pour les cultivateurs novices qu&#8217;experts, garantissant une floraison rapide et une plante r\u00e9sistante. D\u00e9couvre la magie de Moby Dick !<\/p>\n","protected":false},"featured_media":11899,"comment_status":"open","ping_status":"closed","template":"","meta":{"_acf_changed":false,"inline_featured_image":false,"_uag_custom_page_level_css":""},"product_brand":[],"product_cat":[1125,4112],"product_tag":[],"class_list":{"0":"post-10894","1":"product","2":"type-product","3":"status-publish","4":"has-post-thumbnail","6":"product_cat-graines-feminisees-en-gros","7":"product_cat-graines-de-cannabis-a-1-euro","9":"first","10":"instock","11":"sale","12":"taxable","13":"shipping-taxable","14":"purchasable","15":"product-type-simple"},"acf":[],"uagb_featured_image_src":{"full":["https:\/\/bulkgenetics.com\/wp-content\/uploads\/2022\/09\/moby-dick.jpg",1600,1600,false],"thumbnail":["https:\/\/bulkgenetics.com\/wp-content\/uploads\/2022\/09\/moby-dick-150x150.jpg",150,150,true],"medium":["https:\/\/bulkgenetics.com\/wp-content\/uploads\/2022\/09\/moby-dick-300x300.jpg",300,300,true],"medium_large":["https:\/\/bulkgenetics.com\/wp-content\/uploads\/2022\/09\/moby-dick-768x768.jpg",768,768,true],"large":["https:\/\/bulkgenetics.com\/wp-content\/uploads\/2022\/09\/moby-dick-1024x1024.jpg",1024,1024,true],"1536x1536":["https:\/\/bulkgenetics.com\/wp-content\/uploads\/2022\/09\/moby-dick-1536x1536.jpg",1536,1536,true],"2048x2048":["https:\/\/bulkgenetics.com\/wp-content\/uploads\/2022\/09\/moby-dick.jpg",1600,1600,false],"commercegurus-pdp-large":["https:\/\/bulkgenetics.com\/wp-content\/uploads\/2022\/09\/moby-dick-990x990.jpg",990,990,true],"commercegurus-plp-mobile":["https:\/\/bulkgenetics.com\/wp-content\/uploads\/2022\/09\/moby-dick-441x441.jpg",441,441,true],"cgkit_image_swatch":["https:\/\/bulkgenetics.com\/wp-content\/uploads\/2022\/09\/moby-dick-100x100.jpg",100,100,true],"woocommerce_thumbnail":["https:\/\/bulkgenetics.com\/wp-content\/uploads\/2022\/09\/moby-dick-300x300.jpg",300,300,true],"woocommerce_single":["https:\/\/bulkgenetics.com\/wp-content\/uploads\/2022\/09\/moby-dick-800x800.jpg",800,800,true],"woocommerce_gallery_thumbnail":["https:\/\/bulkgenetics.com\/wp-content\/uploads\/2022\/09\/moby-dick-150x150.jpg",150,150,true],"dgwt-wcas-product-suggestion":["https:\/\/bulkgenetics.com\/wp-content\/uploads\/2022\/09\/moby-dick-64x64.jpg",64,64,true]},"uagb_author_info":{"display_name":"Bruno Crespo","author_link":"https:\/\/bulkgenetics.com\/fr\/author\/"},"uagb_comment_info":0,"uagb_excerpt":"Moby Dick offre des r\u00e9coltes abondantes et des t\u00eates massives avec un ar\u00f4me d\u00e9licieux et des effets puissants. Id\u00e9ale pour ceux qui recherchent une exp\u00e9rience \u00e9nergisante et cr\u00e9ative, cette vari\u00e9t\u00e9 \u00e0 dominance sativa est parfaite tant pour les cultivateurs novices qu'experts, garantissant une floraison rapide et une plante r\u00e9sistante. D\u00e9couvre la magie de Moby Dick\u2026","_links":{"self":[{"href":"https:\/\/bulkgenetics.com\/fr\/wp-json\/wp\/v2\/product\/10894","targetHints":{"allow":["GET"]}}],"collection":[{"href":"https:\/\/bulkgenetics.com\/fr\/wp-json\/wp\/v2\/product"}],"about":[{"href":"https:\/\/bulkgenetics.com\/fr\/wp-json\/wp\/v2\/types\/product"}],"replies":[{"embeddable":true,"href":"https:\/\/bulkgenetics.com\/fr\/wp-json\/wp\/v2\/comments?post=10894"}],"wp:featuredmedia":[{"embeddable":true,"href":"https:\/\/bulkgenetics.com\/fr\/wp-json\/wp\/v2\/media\/11899"}],"wp:attachment":[{"href":"https:\/\/bulkgenetics.com\/fr\/wp-json\/wp\/v2\/media?parent=10894"}],"wp:term":[{"taxonomy":"product_brand","embeddable":true,"href":"https:\/\/bulkgenetics.com\/fr\/wp-json\/wp\/v2\/product_brand?post=10894"},{"taxonomy":"product_cat","embeddable":true,"href":"https:\/\/bulkgenetics.com\/fr\/wp-json\/wp\/v2\/product_cat?post=10894"},{"taxonomy":"product_tag","embeddable":true,"href":"https:\/\/bulkgenetics.com\/fr\/wp-json\/wp\/v2\/product_tag?post=10894"}],"curies":[{"name":"wp","href":"https:\/\/api.w.org\/{rel}","templated":true}]}}