{"id":10907,"date":"2022-09-29T13:00:43","date_gmt":"2022-09-29T11:00:43","guid":{"rendered":"https:\/\/www.bulkgenetics.com\/critique-2-0-2\/"},"modified":"2024-10-08T01:18:57","modified_gmt":"2024-10-07T23:18:57","slug":"critical-2-0","status":"publish","type":"product","link":"https:\/\/bulkgenetics.com\/fr\/critical-2-0\/","title":{"rendered":"Critical + 2.0"},"content":{"rendered":"\n<p><strong>Critical + 2.0<\/strong> est une strain qui n&#8217;a pas besoin de pr\u00e9sentation pour les experts, mais si vous \u00eates novice dans le monde de la culture, laissez-moi vous dire que c&#8217;est un v\u00e9ritable bijou. Cette merveille est le r\u00e9sultat de la combinaison de la c\u00e9l\u00e8bre s\u00e9lection <strong><a href=\"https:\/\/bulkgenetics.com\/fr\/producto\/critical-bilbo\/\">Critical Bilbo<\/a><\/strong> avec une autre s\u00e9lection de <a href=\"https:\/\/bulkgenetics.com\/fr\/critical-mass\/\"><strong>Critical Mass<\/strong><\/a> de Mr Nice. Le r\u00e9sultat est un hybride \u00e0 dominance indica qui a \u00e9t\u00e9 perfectionn\u00e9 pour \u00eatre une version am\u00e9lior\u00e9e et plus r\u00e9sistante. Avec des g\u00e8nes incluant Skunk et Afghani, en plus d&#8217;anc\u00eatres de Colombie et du Mexique, Critical + 2.0 offre le meilleur des deux mondes : une croissance vigoureuse et une production impressionnante.<\/p>\n\n\n\n<p>En regardant une plante de <strong>Critical + 2.0<\/strong>, vous remarquerez qu&#8217;elle pousse un peu plus haute que d&#8217;autres indicas, atteignant des hauteurs consid\u00e9rables. Ses t\u00eates sont lourdes, compactes et super collantes, couvertes de r\u00e9sine qui ressemble presque \u00e0 du givre de diamant. Cette caract\u00e9ristique les rend non seulement visuellement attrayantes, mais indique \u00e9galement une grande puissance et qualit\u00e9. La couleur des t\u00eates est un vert vibrant, parsem\u00e9 de tons orange et rouge des pistils m\u00fbrs, ce qui en fait une plante non seulement efficace, mais aussi belle \u00e0 voir.<\/p>\n\n\n\n<h2 class=\"wp-block-heading\">Sabor y Efectos<\/h2>\n\n\n\n<p>Le go\u00fbt de <strong>Critical + 2.0<\/strong> est un d\u00e9lice pour les sens. En fumant ou vaporisant ses t\u00eates, des notes d&#8217;agrumes intenses de citron se d\u00e9ploient, accompagn\u00e9es d&#8217;une touche de pin et d&#8217;\u00e9pices, et un fond doux qui rappelle le hasch afghan. Ce profil de saveur unique est l&#8217;un des grands attraits de cette strain, rendant chaque bouff\u00e9e une exp\u00e9rience plaisante et m\u00e9morable.<\/p>\n\n\n\n<p>Les effets de <strong>Critical + 2.0<\/strong> sont tout aussi remarquables. Gr\u00e2ce \u00e0 son contenu \u00e9quilibr\u00e9 en THC, qui oscille entre 15 % et 20 %, elle procure un d\u00e9but euphorique et stimulant, id\u00e9al pour des moments de socialisation et de cr\u00e9ativit\u00e9. Au fur et \u00e0 mesure que les effets progressent, on ressent une relaxation profonde et positive, parfaite pour se d\u00e9tendre apr\u00e8s une longue journ\u00e9e. Cet \u00e9quilibre entre euphorie et relaxation en fait une option polyvalente pour diff\u00e9rents moments de la journ\u00e9e. Quant au CBD, <strong>Critical + 2.0<\/strong> contient des niveaux bas, g\u00e9n\u00e9ralement en dessous de 1 %, ce qui accentue encore plus ses effets psychoactifs.<\/p>\n\n\n\n<h3 class=\"wp-block-heading\">Terpenes de Critical + 2.0<\/h3>\n\n\n\n<p>La richesse aromatique et les effets de <strong>Critical + 2.0<\/strong> sont en grande partie dus \u00e0 son profil de terp\u00e8nes. Les terp\u00e8nes sont des compos\u00e9s organiques qui apportent non seulement ar\u00f4me et saveur, mais influencent \u00e9galement les effets de la plante.<\/p>\n\n\n\n<p>Parmi les terp\u00e8nes les plus remarquables de <strong>Critical + 2.0<\/strong>, nous trouvons :<\/p>\n\n\n\n<ul class=\"wp-block-list\">\n<li><strong>Alpha-Pinene :<\/strong> Avec un ar\u00f4me de pin frais, ce terp\u00e8ne contribue non seulement au go\u00fbt caract\u00e9ristique de la strain, mais poss\u00e8de aussi des propri\u00e9t\u00e9s anti-inflammatoires et bronchodilatatrices.<\/li>\n\n\n\n<li><strong>Beta-Pinene :<\/strong> Similaire \u00e0 l&#8217;alpha-pinene, ce terp\u00e8ne ajoute des notes de pin et peut am\u00e9liorer l&#8217;\u00e9tat d&#8217;alerte et la m\u00e9moire.<\/li>\n\n\n\n<li><strong>Caryophyllene :<\/strong> Ce terp\u00e8ne a un ar\u00f4me \u00e9pic\u00e9 et poivr\u00e9, et est connu pour ses propri\u00e9t\u00e9s anti-inflammatoires et analg\u00e9siques, pouvant aider \u00e0 soulager la douleur.<\/li>\n\n\n\n<li><strong>Delta-Limonene :<\/strong> Avec un fort ar\u00f4me d&#8217;agrumes de citron, ce terp\u00e8ne a des effets elevateurs de l&#8217;humeur et anxiolytiques, aidant \u00e0 combattre le stress et l&#8217;anxi\u00e9t\u00e9.<\/li>\n\n\n\n<li><strong>Linalool :<\/strong> Avec son ar\u00f4me floral et de lavande, le linalool poss\u00e8de des propri\u00e9t\u00e9s relaxantes et peut aider \u00e0 combattre la d\u00e9pression et l&#8217;insomnie.<\/li>\n\n\n\n<li><strong>Myrcene :<\/strong> Ce terp\u00e8ne a un ar\u00f4me terreux et musqu\u00e9, et est connu pour ses effets s\u00e9datifs et relaxants, faisant que le corps se sente tranquille et d\u00e9tendu.<\/li>\n<\/ul>\n\n\n\n<p>Ensemble, ces terp\u00e8nes n&#8217;apportent pas seulement un profil de saveur et d&#8217;ar\u00f4me in\u00e9gal\u00e9, mais ils renforcent aussi les effets th\u00e9rapeutiques et r\u00e9cr\u00e9atifs de <strong>Critical + 2.0<\/strong>. De la r\u00e9duction de la douleur \u00e0 l&#8217;am\u00e9lioration de l&#8217;humeur, les terp\u00e8nes de cette strain font de chaque session une exp\u00e9rience compl\u00e8te et satisfaisante.<\/p>\n\n\n\n<h2 class=\"wp-block-heading\">Production et Temps de Floraison<\/h2>\n\n\n\n<p><strong>Critical + 2.0<\/strong> est une v\u00e9ritable championne en termes de production, que ce soit en culture int\u00e9rieure ou ext\u00e9rieure. Sa capacit\u00e9 \u00e0 g\u00e9n\u00e9rer des t\u00eates abondantes de haute qualit\u00e9 en fait l&#8217;une des pr\u00e9f\u00e9r\u00e9es des cultivateurs qui cherchent \u00e0 maximiser leurs r\u00e9coltes sans sacrifier la qualit\u00e9.<\/p>\n\n\n\n<p>En int\u00e9rieur, <strong>Critical + 2.0<\/strong> peut produire entre <strong>550 et 600 grammes<\/strong> par m\u00e8tre carr\u00e9, ce qui la rend id\u00e9ale pour ceux qui veulent tirer le meilleur parti de leurs espaces de culture. Avec les techniques appropri\u00e9es, comme la m\u00e9thode ScrOG, vous pouvez obtenir une croissance uniforme et maximiser la taille des fleurs inf\u00e9rieures. Le temps de floraison en int\u00e9rieur est remarquablement court, d&#8217;environ <strong>45 \u00e0 50 jours<\/strong>, ce qui vous permet de r\u00e9colter rapidement et de vous pr\u00e9parer pour le prochain cycle de culture.<\/p>\n\n\n\n<p>En ext\u00e9rieur, <strong>Critical + 2.0<\/strong> se d\u00e9veloppe parfaitement, surtout si elle est plant\u00e9e au d\u00e9but du printemps. Avec l&#8217;espace et les conditions ad\u00e9quates, cette vari\u00e9t\u00e9 peut atteindre des hauteurs impressionnantes allant jusqu&#8217;\u00e0 3 m\u00e8tres et produire entre <strong>900 et 1000 grammes<\/strong> par plante. La p\u00e9riode de r\u00e9colte en ext\u00e9rieur est \u00e0 <strong>mi-fin septembre<\/strong>, ce qui vous permet d&#8217;\u00e9viter les pluies d&#8217;automne et de r\u00e9duire le risque de moisissure et d&#8217;autres maladies. Si elle est bien entretenue, avec une bonne ventilation et un contr\u00f4le de l&#8217;humidit\u00e9, <strong>Critical + 2.0<\/strong> peut vous offrir des r\u00e9coltes impressionnantes de haute qualit\u00e9.<\/p>\n\n\n\n<h2 class=\"wp-block-heading\">Comment Cultiver Critical + 2.0<\/h2>\n\n\n\n<p>Si vous recherchez une strain facile \u00e0 cultiver, <strong>Critical + 2.0<\/strong> est parfaite pour vous. Cette plante est connue pour sa robustesse et sa facilit\u00e9 de gestion, ce qui la rend id\u00e9ale tant pour les d\u00e9butants que pour les cultivateurs exp\u00e9riment\u00e9s.<\/p>\n\n\n\n<p>En ce qui concerne les conditions de culture, <strong>Critical + 2.0<\/strong> s&#8217;adapte bien \u00e0 une vari\u00e9t\u00e9 de climats. Elle pr\u00e9f\u00e8re les climats temp\u00e9r\u00e9s et ensoleill\u00e9s, mais peut \u00e9galement prosp\u00e9rer dans des conditions moins id\u00e9ales gr\u00e2ce \u00e0 sa r\u00e9sistance. En int\u00e9rieur, assurez-vous de maintenir des temp\u00e9ratures constantes entre 20-26\u00b0C pendant la journ\u00e9e et un peu plus basses la nuit. En ext\u00e9rieur, faire germer les graines au d\u00e9but du printemps permettra aux plantes d&#8217;atteindre leur potentiel maximum, avec la possibilit\u00e9 d&#8217;atteindre jusqu&#8217;\u00e0 3 m\u00e8tres de hauteur.<\/p>\n\n\n\n<p>Un des plus grands avantages de <strong>Critical + 2.0<\/strong> est sa r\u00e9sistance aux ravageurs et aux maladies. Cette vari\u00e9t\u00e9 est robuste et peut supporter les erreurs courantes du cultivateur, en plus d&#8217;\u00eatre tr\u00e8s r\u00e9sistante aux ravageurs et aux moisissures. Cependant, il est important de maintenir une bonne ventilation et de contr\u00f4ler les niveaux d&#8217;humidit\u00e9, surtout pendant la phase de floraison, pour \u00e9viter les probl\u00e8mes comme la moisissure.<\/p>\n\n\n\n<div style=\"height:50px\" aria-hidden=\"true\" class=\"wp-block-spacer uag-hide-mob\"><\/div>\n\n\n\n<div class=\"wp-block-columns is-layout-flex wp-container-core-columns-is-layout-28f84493 wp-block-columns-is-layout-flex\">\n<div class=\"wp-block-column is-layout-flow wp-block-column-is-layout-flow\">\n<p class=\"has-text-align-center has-medium-font-size\"><strong>Ce que nous aimons le plus<\/strong><\/p>\n\n\n\n<ul class=\"wp-block-list\">\n<li>Facile \u00e0 cultiver et tr\u00e8s r\u00e9sistante.<\/li>\n\n\n\n<li>Production extr\u00eamement \u00e9lev\u00e9e tant en int\u00e9rieur qu&#8217;en ext\u00e9rieur.<\/li>\n\n\n\n<li>Profil de saveur spectaculaire avec des notes d&#8217;agrumes, de pin et d&#8217;\u00e9pices.<\/li>\n\n\n\n<li>Effets puissants et \u00e9quilibr\u00e9s, parfaits pour tout moment de la journ\u00e9e.<\/li>\n\n\n\n<li>P\u00e9riode de floraison courte, id\u00e9ale pour les climats avec des pluies pr\u00e9coces en automne.<\/li>\n<\/ul>\n<\/div>\n\n\n\n<div class=\"wp-block-column is-layout-flow wp-block-column-is-layout-flow\">\n<p class=\"has-text-align-center has-medium-font-size\"><strong>Ce que nous aimons le moins<\/strong><\/p>\n\n\n\n<ul class=\"wp-block-list\">\n<li>Pendant la floraison, son odeur forte peut n\u00e9cessiter des filtres \u00e0 charbon en cultures int\u00e9rieures.<\/li>\n\n\n\n<li>La densit\u00e9 des t\u00eates peut la rendre sujette \u00e0 la moisissure en conditions de haute humidit\u00e9.<\/li>\n<\/ul>\n<\/div>\n<\/div>\n\n\n\n<div style=\"height:50px\" aria-hidden=\"true\" class=\"wp-block-spacer uag-hide-mob\"><\/div>\n\n\n\n<h2 class=\"wp-block-heading\">Questions Fr\u00e9quentes<\/h2>\n\n\n\n<p>Nous r\u00e9pondons ci-dessous \u00e0 certaines des questions les plus fr\u00e9quentes concernant la culture, les effets et le go\u00fbt de cette strain :<\/p>\n\n\n<div id=\"rank-math-faq\" class=\"rank-math-block\">\n<div class=\"rank-math-list \">\n<div id=\"faq-question-1663029074962\" class=\"rank-math-list-item\">\n<h3 class=\"rank-math-question \">Quand commence la floraison de la Critical + 2.0 en ext\u00e9rieur ?<\/h3>\n<div class=\"rank-math-answer \">\n\n<p>Nos graines en vrac <strong>Critical + 2.0<\/strong> commencent \u00e0 fleurir entre fin juillet et d\u00e9but ao\u00fbt. Cette p\u00e9riode de floraison pr\u00e9coce permet une r\u00e9colte avant les premi\u00e8res pluies d&#8217;automne, minimisant le risque de moisissure et de maladies.<\/p>\n\n<\/div>\n<\/div>\n<div id=\"faq-question-1663029159933\" class=\"rank-math-list-item\">\n<h3 class=\"rank-math-question \">Quand r\u00e9colter une Critical + 2.0 en ext\u00e9rieur ?<\/h3>\n<div class=\"rank-math-answer \">\n\n<p><strong>Critical + 2.0<\/strong> est une vari\u00e9t\u00e9 \u00e0 floraison rapide, pr\u00eate \u00e0 \u00eatre r\u00e9colt\u00e9e vers la deuxi\u00e8me quinzaine de septembre. C&#8217;est id\u00e9al pour les cultivateurs dans les zones aux automnes humides, car cela permet de r\u00e9colter avant que les conditions climatiques ne se d\u00e9t\u00e9riorent.<\/p>\n\n<\/div>\n<\/div>\n<div id=\"faq-question-1664457222378\" class=\"rank-math-list-item\">\n<h3 class=\"rank-math-question \">La Critical + 2.0 consomme-t-elle beaucoup de nutriments ?<\/h3>\n<div class=\"rank-math-answer \">\n\n<p><strong>Critical + 2.0<\/strong> pousse bien dans n&#8217;importe quel substrat avec des doses moyennes d&#8217;engrais. Cependant, si vous voulez maximiser les rendements, cette plante r\u00e9pond tr\u00e8s bien \u00e0 des doses \u00e9lev\u00e9es de nutriments. Assurez-vous simplement de maintenir un \u00e9quilibre et de ne pas surfertiliser pour \u00e9viter les br\u00fblures des feuilles.<\/p>\n\n<\/div>\n<\/div>\n<div id=\"faq-question-1663029165861\" class=\"rank-math-list-item\">\n<h3 class=\"rank-math-question \">Comment cultiver une Critical + 2.0 f\u00e9minis\u00e9e ?<\/h3>\n<div class=\"rank-math-answer \">\n\n<p>Elle ne n\u00e9cessite pas de grands soins et est tr\u00e8s r\u00e9sistante. C&#8217;est l&#8217;une des vari\u00e9t\u00e9s les plus faciles \u00e0 cultiver en int\u00e9rieur et en ext\u00e9rieur, tout le monde peut obtenir des r\u00e9coltes impressionnantes.<\/p>\n\n<\/div>\n<\/div>\n<div id=\"faq-question-1664457221420\" class=\"rank-math-list-item\">\n<h3 class=\"rank-math-question \">Quels sont les effets de la Critical + 2.0 en vrac ?<\/h3>\n<div class=\"rank-math-answer \">\n\n<p>Les effets sont tr\u00e8s euphoriques et stimulants au d\u00e9but, avec une descente lente et relaxante. Elle est parfaite pour fumer en compagnie.<\/p>\n\n<\/div>\n<\/div>\n<div id=\"faq-question-1720091180555\" class=\"rank-math-list-item\">\n<h3 class=\"rank-math-question \">La Critical + 2.0 est-elle sativa ou indica ?<\/h3>\n<div class=\"rank-math-answer \">\n\n<p><strong>Critical + 2.0<\/strong> est une vari\u00e9t\u00e9 principalement indica, bien qu&#8217;elle pr\u00e9sente certains traits sativa en raison de son h\u00e9ritage g\u00e9n\u00e9tique. Les plantes indica, comme <strong>Critical + 2.0<\/strong>, sont g\u00e9n\u00e9ralement plus compactes et denses, avec une croissance plus rapide et une floraison plus courte. Les effets des indica tendent \u00e0 \u00eatre plus relaxants et s\u00e9datifs, id\u00e9aux pour la fin de journ\u00e9e. En revanche, les sativas sont connues pour leur hauteur et leur croissance plus espac\u00e9e, avec des effets plus \u00e9nergisants et stimulants. Dans le cas de <strong>Critical + 2.0<\/strong>, vous profiterez d&#8217;un m\u00e9lange parfait : la structure et la rapidit\u00e9 d&#8217;une indica avec une touche d&#8217;euphorie et d&#8217;\u00e9nergie de ses anc\u00eatres sativa.<\/p>\n\n<\/div>\n<\/div>\n<\/div>\n<\/div>","protected":false},"excerpt":{"rendered":"<p>Critical + 2.0 est la vari\u00e9t\u00e9 parfaite. Elle a tout ce que chaque cultivateur d\u00e9sire, \u00b4facile \u00e0 cultiver, r\u00e9sistante, avec une grande production, des saveurs intenses et sa puissance. C&#8217;est pourquoi elle est l&#8217;une des plantes les plus cultiv\u00e9es, car elle offre toujours des t\u00eates de la plus haute qualit\u00e9, que ce soit \u00e0 l&#8217;int\u00e9rieur ou \u00e0 l&#8217;ext\u00e9rieur.<\/p>\n","protected":false},"featured_media":10923,"comment_status":"open","ping_status":"closed","template":"","meta":{"_acf_changed":false,"inline_featured_image":false,"_uag_custom_page_level_css":""},"product_brand":[],"product_cat":[1125,4112],"product_tag":[],"class_list":{"0":"post-10907","1":"product","2":"type-product","3":"status-publish","4":"has-post-thumbnail","6":"product_cat-graines-feminisees-en-gros","7":"product_cat-graines-de-cannabis-a-1-euro","9":"first","10":"instock","11":"sale","12":"taxable","13":"shipping-taxable","14":"purchasable","15":"product-type-simple"},"acf":[],"uagb_featured_image_src":{"full":["https:\/\/bulkgenetics.com\/wp-content\/uploads\/2022\/09\/critical-20-2.jpg",1600,1600,false],"thumbnail":["https:\/\/bulkgenetics.com\/wp-content\/uploads\/2022\/09\/critical-20-2-150x150.jpg",150,150,true],"medium":["https:\/\/bulkgenetics.com\/wp-content\/uploads\/2022\/09\/critical-20-2-300x300.jpg",300,300,true],"medium_large":["https:\/\/bulkgenetics.com\/wp-content\/uploads\/2022\/09\/critical-20-2-768x768.jpg",768,768,true],"large":["https:\/\/bulkgenetics.com\/wp-content\/uploads\/2022\/09\/critical-20-2-1024x1024.jpg",1024,1024,true],"1536x1536":["https:\/\/bulkgenetics.com\/wp-content\/uploads\/2022\/09\/critical-20-2-1536x1536.jpg",1536,1536,true],"2048x2048":["https:\/\/bulkgenetics.com\/wp-content\/uploads\/2022\/09\/critical-20-2.jpg",1600,1600,false],"commercegurus-pdp-large":["https:\/\/bulkgenetics.com\/wp-content\/uploads\/2022\/09\/critical-20-2-990x990.jpg",990,990,true],"commercegurus-plp-mobile":["https:\/\/bulkgenetics.com\/wp-content\/uploads\/2022\/09\/critical-20-2-441x441.jpg",441,441,true],"cgkit_image_swatch":["https:\/\/bulkgenetics.com\/wp-content\/uploads\/2022\/09\/critical-20-2-100x100.jpg",100,100,true],"woocommerce_thumbnail":["https:\/\/bulkgenetics.com\/wp-content\/uploads\/2022\/09\/critical-20-2-300x300.jpg",300,300,true],"woocommerce_single":["https:\/\/bulkgenetics.com\/wp-content\/uploads\/2022\/09\/critical-20-2-800x800.jpg",800,800,true],"woocommerce_gallery_thumbnail":["https:\/\/bulkgenetics.com\/wp-content\/uploads\/2022\/09\/critical-20-2-150x150.jpg",150,150,true],"dgwt-wcas-product-suggestion":["https:\/\/bulkgenetics.com\/wp-content\/uploads\/2022\/09\/critical-20-2-64x64.jpg",64,64,true]},"uagb_author_info":{"display_name":"Bruno Crespo","author_link":"https:\/\/bulkgenetics.com\/fr\/author\/"},"uagb_comment_info":0,"uagb_excerpt":"Critical + 2.0 est la vari\u00e9t\u00e9 parfaite. Elle a tout ce que chaque cultivateur d\u00e9sire, \u00b4facile \u00e0 cultiver, r\u00e9sistante, avec une grande production, des saveurs intenses et sa puissance. C'est pourquoi elle est l'une des plantes les plus cultiv\u00e9es, car elle offre toujours des t\u00eates de la plus haute qualit\u00e9, que ce soit \u00e0 l'int\u00e9rieur\u2026","_links":{"self":[{"href":"https:\/\/bulkgenetics.com\/fr\/wp-json\/wp\/v2\/product\/10907","targetHints":{"allow":["GET"]}}],"collection":[{"href":"https:\/\/bulkgenetics.com\/fr\/wp-json\/wp\/v2\/product"}],"about":[{"href":"https:\/\/bulkgenetics.com\/fr\/wp-json\/wp\/v2\/types\/product"}],"replies":[{"embeddable":true,"href":"https:\/\/bulkgenetics.com\/fr\/wp-json\/wp\/v2\/comments?post=10907"}],"wp:featuredmedia":[{"embeddable":true,"href":"https:\/\/bulkgenetics.com\/fr\/wp-json\/wp\/v2\/media\/10923"}],"wp:attachment":[{"href":"https:\/\/bulkgenetics.com\/fr\/wp-json\/wp\/v2\/media?parent=10907"}],"wp:term":[{"taxonomy":"product_brand","embeddable":true,"href":"https:\/\/bulkgenetics.com\/fr\/wp-json\/wp\/v2\/product_brand?post=10907"},{"taxonomy":"product_cat","embeddable":true,"href":"https:\/\/bulkgenetics.com\/fr\/wp-json\/wp\/v2\/product_cat?post=10907"},{"taxonomy":"product_tag","embeddable":true,"href":"https:\/\/bulkgenetics.com\/fr\/wp-json\/wp\/v2\/product_tag?post=10907"}],"curies":[{"name":"wp","href":"https:\/\/api.w.org\/{rel}","templated":true}]}}