{"id":10909,"date":"2022-09-29T17:52:49","date_gmt":"2022-09-29T15:52:49","guid":{"rendered":"https:\/\/www.bulkgenetics.com\/do-si-dos-2\/"},"modified":"2024-10-08T01:18:57","modified_gmt":"2024-10-07T23:18:57","slug":"do-si-dos","status":"publish","type":"product","link":"https:\/\/bulkgenetics.com\/fr\/do-si-dos\/","title":{"rendered":"Do Si Dos"},"content":{"rendered":"\n<p><strong>Do Si Dos<\/strong> est une strain de cannabis qui vient directement des \u00c9tats-Unis. Cette vari\u00e9t\u00e9 est un croisement parfait entre le c\u00e9l\u00e8bre ph\u00e9notype de <strong><a href=\"https:\/\/bulkgenetics.com\/fr\/girl-scout-cookies\/\">Girl Scout Cookies<\/a><\/strong> connu sous le nom de <strong>OG Kush Breath<\/strong> et la puissante ligne <strong>Face-Off OG Kush<\/strong>. Actuellement, c&#8217;est l&#8217;un des hybrides nord-am\u00e9ricains les plus remarquables pour sa puissance incroyable et sa saveur.<\/p>\n\n\n\n<p>Avec des niveaux de THC pouvant d\u00e9passer les 25%, <strong>Do Si Dos<\/strong> n&#8217;est pas pour les \u00e2mes sensibles. Cet hybride \u00e0 dominance indica te m\u00e8nera \u00e0 un \u00e9tat d&#8217;euphorie et de relaxation profonde, id\u00e9al pour d\u00e9connecter apr\u00e8s une longue journ\u00e9e. Son go\u00fbt, une d\u00e9licieuse saveur de tarte au citron fra\u00eechement cuite, te s\u00e9duira d\u00e8s la premi\u00e8re bouff\u00e9e.<\/p>\n\n\n\n<p>En termes de morphologie, <strong>Do Si Dos<\/strong> est une plante compacte et tr\u00e8s ramifi\u00e9e. Ses t\u00eates sont denses, longues et couvertes d&#8217;une r\u00e9sine collante qui les fait briller. Avec une couleur vert olive et des touches de pourpre, ses fleurs sont un v\u00e9ritable spectacle visuel. La structure de la plante et sa r\u00e9sistance au froid la rendent parfaite pour toute technique de culture, que ce soit en int\u00e9rieur ou en ext\u00e9rieur.<\/p>\n\n\n\n<p>Si tu t&#8217;inqui\u00e8tes de ne pas savoir cultiver, ne t&#8217;en fais pas, <strong>Do-Si-Dos<\/strong> est une strain facile \u00e0 g\u00e9rer m\u00eame pour les d\u00e9butants. Dans n&#8217;importe quelle condition, cette plante se montrera robuste et te r\u00e9compensera avec de grandes r\u00e9coltes. De plus, sa hauteur d\u00e9passe rarement les deux m\u00e8tres, ce qui en fait une option discr\u00e8te pour la culture en ext\u00e9rieur.<\/p>\n\n\n\n<p>Pour les cultivateurs \u00e0 la recherche d&#8217;une plante sp\u00e9ciale, <strong>Do Si Dos<\/strong> est le choix parfait. Ses t\u00eates ne sont pas seulement de qualit\u00e9 sup\u00e9rieure, elles sont \u00e9galement id\u00e9ales pour la production d&#8217;extraits de r\u00e9sine de haute qualit\u00e9. Et pour ceux qui ont besoin d&#8217;une vari\u00e9t\u00e9 th\u00e9rapeutique pour traiter leurs maux, les effets puissants et \u00e9quilibr\u00e9s de <strong>Do Si Dos<\/strong> offrent un soulagement profond et durable pour le stress, l&#8217;anxi\u00e9t\u00e9 et la douleur chronique.<\/p>\n\n\n\n<h2 class=\"wp-block-heading\">Saveur et Effets<\/h2>\n\n\n\n<p>L&#8217;ar\u00f4me de <strong>Do Si Dos<\/strong> est une exp\u00e9rience inoubliable. D\u00e8s le premier instant, tu sentiras une forte odeur de tarte au citron fra\u00eechement cuite, combin\u00e9e avec des touches fruit\u00e9es de raisin et une note de diesel h\u00e9rit\u00e9e de la OG. Ces nuances se retrouvent dans le go\u00fbt, offrant une exp\u00e9rience gustative simplement brutale. Chaque bouff\u00e9e te transporte dans un monde de douceur et de fra\u00eecheur que tu n&#8217;oublieras pas de sit\u00f4t.<\/p>\n\n\n\n<p>Le contenu en THC de <strong>Do Si Dos<\/strong> varie entre 20% et 25%, garantissant des effets tr\u00e8s puissants. En la consommant, tu ressentiras un d\u00e9but \u00e9quilibr\u00e9 entre le physique et le c\u00e9r\u00e9bral. Au d\u00e9but, elle te remplira d&#8217;\u00e9nergie et de bonheur, parfait pour ces moments o\u00f9 tu as besoin d&#8217;un coup de boost. Avec le temps, les effets se transformeront en une relaxation profonde qui parcourra tout ton corps et ton esprit, t&#8217;emmenant \u00e0 un \u00e9tat de calme et de bien-\u00eatre absolu. Bien que son CBD soit faible, inf\u00e9rieur \u00e0 1%, le pouvoir th\u00e9rapeutique de <strong>Do Si Dos<\/strong> est in\u00e9gal\u00e9.<\/p>\n\n\n\n<h3 class=\"wp-block-heading\">Terp\u00e8nes de Do Si Dos<\/h3>\n\n\n\n<p>Les terp\u00e8nes de <strong>Do Si Dos<\/strong> sont responsables de son profil aromatique et de ses bienfaits th\u00e9rapeutiques. Parmi les plus remarquables, on trouve :<\/p>\n\n\n\n<ul class=\"wp-block-list\">\n<li><strong>Limon\u00e8ne :<\/strong> Fournit un ar\u00f4me citronn\u00e9, agr\u00e9able, et aide \u00e0 r\u00e9duire le stress et am\u00e9liorer l&#8217;humeur.<\/li>\n\n\n\n<li><strong>B\u00eata-Caryophyll\u00e8ne :<\/strong> Avec son ar\u00f4me \u00e9pic\u00e9 et de clou de girofle, ce terp\u00e8ne est connu pour ses propri\u00e9t\u00e9s anti-inflammatoires et analg\u00e9siques, parfait pour soulager la douleur.<\/li>\n\n\n\n<li><strong>Linalool :<\/strong> Apporte des notes florales et de lavande, et est r\u00e9put\u00e9 pour ses effets relaxants et anxiolytiques.<\/li>\n\n\n\n<li><strong>Myrc\u00e8ne :<\/strong> Ce terp\u00e8ne a un ar\u00f4me terreux et musqu\u00e9, et est connu pour ses propri\u00e9t\u00e9s s\u00e9datives, aidant \u00e0 combattre l&#8217;insomnie.<\/li>\n<\/ul>\n\n\n\n<p>Gr\u00e2ce \u00e0 ces terp\u00e8nes, <strong>Do Si Dos<\/strong> offre non seulement une exp\u00e9rience sensorielle unique, mais elle amplifie \u00e9galement ses effets th\u00e9rapeutiques, la rendant id\u00e9ale pour ceux qui recherchent un soulagement naturel et efficace pour leurs maux.<\/p>\n\n\n\n<h2 class=\"wp-block-heading\">Production et Temps de Floraison<\/h2>\n\n\n\n<p><strong>Do Si Dos<\/strong> est une vari\u00e9t\u00e9 qui se distingue non seulement par sa saveur et ses effets, mais aussi par sa production impressionnante. En culture int\u00e9rieure, cette plante pousse de mani\u00e8re compacte et dense, ce qui la rend parfaite pour des techniques comme le SOG (Sea of Green). Avec 4-5 plantes par m\u00e8tre carr\u00e9, tu pourras couvrir toute la surface de culture et obtenir entre 500 et 550 grammes par m\u00e8tre carr\u00e9 en seulement 60 jours apr\u00e8s le changement de photop\u00e9riode.<\/p>\n\n\n\n<p>En ext\u00e9rieur, <strong>Do Si Dos<\/strong> devient une plante robuste et r\u00e9sistante, id\u00e9ale pour les climats froids et les conditions adverses. Sa hauteur d\u00e9passe rarement les deux m\u00e8tres, ce qui la rend discr\u00e8te et facile \u00e0 g\u00e9rer. La floraison en ext\u00e9rieur commence au cours des deux premi\u00e8res semaines de juillet, produisant les premi\u00e8res t\u00eates, et la r\u00e9colte se fait entre fin septembre et d\u00e9but octobre. Dans ces conditions, tu peux esp\u00e9rer une production de 600 \u00e0 800 grammes par plante.<\/p>\n\n\n\n<p>Le temps de floraison de <strong>Do Si Dos<\/strong> est relativement court, ce qui la rend encore plus attrayante pour les cultivateurs. En int\u00e9rieur, les t\u00eates seront pr\u00eates \u00e0 \u00eatre r\u00e9colt\u00e9es en environ 60 jours apr\u00e8s le changement de photop\u00e9riode. En ext\u00e9rieur, la plante sera pr\u00eate \u00e0 \u00eatre coup\u00e9e entre fin septembre et d\u00e9but octobre, assurant une r\u00e9colte abondante et de haute qualit\u00e9.<\/p>\n\n\n\n<p>Avec <strong>Do Si Dos<\/strong>, tu obtiendras non seulement une plante facile \u00e0 cultiver et \u00e0 haut rendement, mais aussi une exp\u00e9rience sensorielle et th\u00e9rapeutique incomparable. Ne manque pas l&#8217;occasion de profiter de ce joyau du monde du cannabis dans ton propre jardin.<\/p>\n\n\n\n<h2 class=\"wp-block-heading\">Comment Cultiver Do Si Dos<\/h2>\n\n\n\n<p>Pour cultiver <strong>Do Si Dos<\/strong>, tu n&#8217;as pas besoin d&#8217;\u00eatre un expert. Cette vari\u00e9t\u00e9 est connue pour \u00eatre facile \u00e0 g\u00e9rer, id\u00e9ale pour les cultivateurs novices et exp\u00e9riment\u00e9s. Elle s&#8217;adapte bien tant en int\u00e9rieur qu&#8217;en ext\u00e9rieur, et sa robustesse en fait une option fiable.<\/p>\n\n\n\n<p>En ce qui concerne les conditions de culture, <strong>Do Si Dos<\/strong> prosp\u00e8re dans les climats temp\u00e9r\u00e9s et froids. Sa r\u00e9sistance au froid lui permet de pousser l\u00e0 o\u00f9 d&#8217;autres vari\u00e9t\u00e9s pourraient rencontrer des difficult\u00e9s. Cette plante est robuste et montre une grande r\u00e9sistance aux ravageurs et aux maladies courantes, ce qui r\u00e9duit consid\u00e9rablement les pr\u00e9occupations pendant la culture.<\/p>\n\n\n\n<div style=\"height:50px\" aria-hidden=\"true\" class=\"wp-block-spacer uag-hide-mob\"><\/div>\n\n\n\n<div class=\"wp-block-columns is-layout-flex wp-container-core-columns-is-layout-28f84493 wp-block-columns-is-layout-flex\">\n<div class=\"wp-block-column is-layout-flow wp-block-column-is-layout-flow\">\n<p class=\"has-text-align-center has-medium-font-size\"><strong>Ce qu&#8217;on aime le plus<\/strong><\/p>\n\n\n\n<ul class=\"wp-block-list\">\n<li>Facile \u00e0 cultiver, id\u00e9ale pour les d\u00e9butants.<\/li>\n\n\n\n<li>Grande r\u00e9sistance aux climats froids.<\/li>\n\n\n\n<li>Saveur incroyable de tarte au citron.<\/li>\n\n\n\n<li>Effets puissants et th\u00e9rapeutiques.<\/li>\n\n\n\n<li>Haute production tant en int\u00e9rieur qu&#8217;en ext\u00e9rieur.<\/li>\n<\/ul>\n<\/div>\n\n\n\n<div class=\"wp-block-column is-layout-flow wp-block-column-is-layout-flow\">\n<p class=\"has-text-align-center has-medium-font-size\"><strong>Ce qu&#8217;on aime le moins<\/strong><\/p>\n\n\n\n<ul class=\"wp-block-list\">\n<li>Odeur tr\u00e8s intense pendant la floraison, peut n\u00e9cessiter des syst\u00e8mes anti-odeur.<\/li>\n\n\n\n<li>Sa haute puissance peut ne pas convenir \u00e0 tous les utilisateurs.<\/li>\n<\/ul>\n<\/div>\n<\/div>\n\n\n\n<div style=\"height:50px\" aria-hidden=\"true\" class=\"wp-block-spacer uag-hide-mob\"><\/div>\n\n\n\n<h2 class=\"wp-block-heading\">Questions Fr\u00e9quentes<\/h2>\n\n\n\n<p>Voici un r\u00e9sum\u00e9 des questions les plus fr\u00e9quentes que les gens se posent \u00e0 propos de la culture de cette vari\u00e9t\u00e9 :<\/p>\n\n\n<div id=\"rank-math-faq\" class=\"rank-math-block\">\n<div class=\"rank-math-list \">\n<div id=\"faq-question-1663029074962\" class=\"rank-math-list-item\">\n<h3 class=\"rank-math-question \">Quand commence \u00e0 fleurir Do Si Dos en ext\u00e9rieur ?<\/h3>\n<div class=\"rank-math-answer \">\n\n<p>La floraison de <strong>Do Si Dos<\/strong> en ext\u00e9rieur commence au cours des deux premi\u00e8res semaines de juillet, produisant les premi\u00e8res t\u00eates. Cette phase de floraison rapide assure que la plante soit pr\u00eate \u00e0 \u00eatre r\u00e9colt\u00e9e entre fin septembre et d\u00e9but octobre.<\/p>\n\n<\/div>\n<\/div>\n<div id=\"faq-question-1663029159933\" class=\"rank-math-list-item\">\n<h3 class=\"rank-math-question \">Quand r\u00e9colter une Do Si Dos en ext\u00e9rieur ?<\/h3>\n<div class=\"rank-math-answer \">\n\n<p><strong>Do Si Dos<\/strong> est une vari\u00e9t\u00e9 \u00e0 floraison relativement rapide, et en ext\u00e9rieur, elle se r\u00e9colte entre fin septembre et d\u00e9but octobre. Cette p\u00e9riode de r\u00e9colte garantit que vous puissiez profiter d&#8217;une production abondante et de haute qualit\u00e9 avant que les conditions climatiques deviennent d\u00e9favorables.<\/p>\n\n<\/div>\n<\/div>\n<div id=\"faq-question-1663029165861\" class=\"rank-math-list-item\">\n<h3 class=\"rank-math-question \">Comment cultiver une Do Si Dos f\u00e9minis\u00e9e ?<\/h3>\n<div class=\"rank-math-answer \">\n\n<p>Pour cultiver <strong>Do Si Dos<\/strong> f\u00e9minis\u00e9e, il est important de noter que cette vari\u00e9t\u00e9 est tr\u00e8s r\u00e9sistante au froid, ce qui la rend id\u00e9ale pour les r\u00e9gions \u00e0 temp\u00e9ratures douces. Sa forte ramification permet tout type de tailles et de guidages de branches, facilitant sa gestion et optimisant la production. C&#8217;est une plante facile \u00e0 cultiver, adapt\u00e9e aussi bien aux d\u00e9butants qu&#8217;aux cultivateurs exp\u00e9riment\u00e9s.<\/p>\n\n<\/div>\n<\/div>\n<div id=\"faq-question-1664466844712\" class=\"rank-math-list-item\">\n<h3 class=\"rank-math-question \">Quels sont les effets de Do Si Dos en vrac ?<\/h3>\n<div class=\"rank-math-answer \">\n\n<p>Les effets de <strong>Do Si Dos<\/strong> en vrac sont tr\u00e8s puissants et \u00e9quilibr\u00e9s. Au d\u00e9but, elle procure une sensation d&#8217;\u00e9nergie et de bonheur qui se transforme en une profonde relaxation physique et mentale. Ces effets la rendent id\u00e9ale pour soulager le stress, l&#8217;anxi\u00e9t\u00e9 et la douleur chronique, offrant une exp\u00e9rience th\u00e9rapeutique compl\u00e8te.<\/p>\n\n<\/div>\n<\/div>\n<div id=\"faq-question-1720168371117\" class=\"rank-math-list-item\">\n<h3 class=\"rank-math-question \">Do Si Dos est-elle sativa ou indica ?<\/h3>\n<div class=\"rank-math-answer \">\n\n<p><strong>Do Si Dos<\/strong> est une vari\u00e9t\u00e9 \u00e0 dominance indica, avec 70% de g\u00e9n\u00e9tique indica et 30% de sativa. Les vari\u00e9t\u00e9s indica, comme <strong>Do Si Dos<\/strong>, tendent \u00e0 offrir une sensation de relaxation profonde et corporelle, parfaite pour d\u00e9connecter et soulager le stress et l&#8217;anxi\u00e9t\u00e9. En revanche, les sativas tendent \u00e0 offrir un effet plus c\u00e9r\u00e9bral et \u00e9nergisant, id\u00e9al pour des moments de cr\u00e9ativit\u00e9 et d&#8217;activit\u00e9 diurne. Avec <strong>Do Si Dos<\/strong>, vous profiterez du meilleur des deux mondes, mais avec une nette inclination vers la relaxation et le bien-\u00eatre corporel.<\/p>\n\n<\/div>\n<\/div>\n<\/div>\n<\/div>","protected":false},"excerpt":{"rendered":"<p><b>Do Si Dos<\/b> vous offre une exp\u00e9rience incomparable avec son puissant <strong>effet relaxant et saveur de tarte au citron<\/strong>. Id\u00e9ale pour les cultivateurs novices et experts, sa culture facile et sa haute r\u00e9sistance assurent <strong>d&#8217;abondantes r\u00e9coltes<\/strong>. Profitez d&#8217;une plante sp\u00e9ciale qui soulage le stress et la douleur, offrant un bien-\u00eatre total.<\/p>\n","protected":false},"featured_media":28720,"comment_status":"open","ping_status":"closed","template":"","meta":{"_acf_changed":false,"inline_featured_image":false,"_uag_custom_page_level_css":""},"product_brand":[],"product_cat":[1125,4112],"product_tag":[],"class_list":{"0":"post-10909","1":"product","2":"type-product","3":"status-publish","4":"has-post-thumbnail","6":"product_cat-graines-feminisees-en-gros","7":"product_cat-graines-de-cannabis-a-1-euro","9":"first","10":"instock","11":"sale","12":"taxable","13":"shipping-taxable","14":"purchasable","15":"product-type-simple"},"acf":[],"uagb_featured_image_src":{"full":["https:\/\/bulkgenetics.com\/wp-content\/uploads\/2022\/09\/do-si-dos-strain-feminized-seeds.jpg",1600,1600,false],"thumbnail":["https:\/\/bulkgenetics.com\/wp-content\/uploads\/2022\/09\/do-si-dos-strain-feminized-seeds-150x150.jpg",150,150,true],"medium":["https:\/\/bulkgenetics.com\/wp-content\/uploads\/2022\/09\/do-si-dos-strain-feminized-seeds-300x300.jpg",300,300,true],"medium_large":["https:\/\/bulkgenetics.com\/wp-content\/uploads\/2022\/09\/do-si-dos-strain-feminized-seeds-768x768.jpg",768,768,true],"large":["https:\/\/bulkgenetics.com\/wp-content\/uploads\/2022\/09\/do-si-dos-strain-feminized-seeds-1024x1024.jpg",1024,1024,true],"1536x1536":["https:\/\/bulkgenetics.com\/wp-content\/uploads\/2022\/09\/do-si-dos-strain-feminized-seeds-1536x1536.jpg",1536,1536,true],"2048x2048":["https:\/\/bulkgenetics.com\/wp-content\/uploads\/2022\/09\/do-si-dos-strain-feminized-seeds.jpg",1600,1600,false],"commercegurus-pdp-large":["https:\/\/bulkgenetics.com\/wp-content\/uploads\/2022\/09\/do-si-dos-strain-feminized-seeds-990x990.jpg",990,990,true],"commercegurus-plp-mobile":["https:\/\/bulkgenetics.com\/wp-content\/uploads\/2022\/09\/do-si-dos-strain-feminized-seeds-441x441.jpg",441,441,true],"cgkit_image_swatch":["https:\/\/bulkgenetics.com\/wp-content\/uploads\/2022\/09\/do-si-dos-strain-feminized-seeds-100x100.jpg",100,100,true],"woocommerce_thumbnail":["https:\/\/bulkgenetics.com\/wp-content\/uploads\/2022\/09\/do-si-dos-strain-feminized-seeds-300x300.jpg",300,300,true],"woocommerce_single":["https:\/\/bulkgenetics.com\/wp-content\/uploads\/2022\/09\/do-si-dos-strain-feminized-seeds-800x800.jpg",800,800,true],"woocommerce_gallery_thumbnail":["https:\/\/bulkgenetics.com\/wp-content\/uploads\/2022\/09\/do-si-dos-strain-feminized-seeds-150x150.jpg",150,150,true],"dgwt-wcas-product-suggestion":["https:\/\/bulkgenetics.com\/wp-content\/uploads\/2022\/09\/do-si-dos-strain-feminized-seeds-64x64.jpg",64,64,true]},"uagb_author_info":{"display_name":"Bruno Crespo","author_link":"https:\/\/bulkgenetics.com\/fr\/author\/"},"uagb_comment_info":0,"uagb_excerpt":"Do Si Dos vous offre une exp\u00e9rience incomparable avec son puissant effet relaxant et saveur de tarte au citron. Id\u00e9ale pour les cultivateurs novices et experts, sa culture facile et sa haute r\u00e9sistance assurent d'abondantes r\u00e9coltes. Profitez d'une plante sp\u00e9ciale qui soulage le stress et la douleur, offrant un bien-\u00eatre total.","_links":{"self":[{"href":"https:\/\/bulkgenetics.com\/fr\/wp-json\/wp\/v2\/product\/10909","targetHints":{"allow":["GET"]}}],"collection":[{"href":"https:\/\/bulkgenetics.com\/fr\/wp-json\/wp\/v2\/product"}],"about":[{"href":"https:\/\/bulkgenetics.com\/fr\/wp-json\/wp\/v2\/types\/product"}],"replies":[{"embeddable":true,"href":"https:\/\/bulkgenetics.com\/fr\/wp-json\/wp\/v2\/comments?post=10909"}],"wp:featuredmedia":[{"embeddable":true,"href":"https:\/\/bulkgenetics.com\/fr\/wp-json\/wp\/v2\/media\/28720"}],"wp:attachment":[{"href":"https:\/\/bulkgenetics.com\/fr\/wp-json\/wp\/v2\/media?parent=10909"}],"wp:term":[{"taxonomy":"product_brand","embeddable":true,"href":"https:\/\/bulkgenetics.com\/fr\/wp-json\/wp\/v2\/product_brand?post=10909"},{"taxonomy":"product_cat","embeddable":true,"href":"https:\/\/bulkgenetics.com\/fr\/wp-json\/wp\/v2\/product_cat?post=10909"},{"taxonomy":"product_tag","embeddable":true,"href":"https:\/\/bulkgenetics.com\/fr\/wp-json\/wp\/v2\/product_tag?post=10909"}],"curies":[{"name":"wp","href":"https:\/\/api.w.org\/{rel}","templated":true}]}}