{"id":10916,"date":"2022-09-29T16:15:05","date_gmt":"2022-09-29T14:15:05","guid":{"rendered":"https:\/\/www.bulkgenetics.com\/critical-kush\/"},"modified":"2024-10-08T01:18:57","modified_gmt":"2024-10-07T23:18:57","slug":"critical-kush","status":"publish","type":"product","link":"https:\/\/bulkgenetics.com\/fr\/critical-kush\/","title":{"rendered":"Critical Kush"},"content":{"rendered":"\n<p>La <strong>Critical Kush<\/strong> est un bijou g\u00e9n\u00e9tique qui combine le meilleur de deux mondes : la <a href=\"https:\/\/bulkgenetics.com\/fr\/critical-mass\/\"><strong>Critical Mass<\/strong><\/a> des Pays-Bas et la <strong><a href=\"https:\/\/bulkgenetics.com\/fr\/og-kush\/\">OG Kush<\/a><\/strong> des \u00c9tats-Unis. Cette strain, cr\u00e9\u00e9e par Barney&#8217;s Farm, a gagn\u00e9 une place de choix dans le monde du cannabis gr\u00e2ce \u00e0 son impressionnante origine g\u00e9n\u00e9tique.<\/p>\n\n\n\n<p>Nos graines de Critical Kush vous permettront de cultiver une plante qui combine les meilleures qualit\u00e9s de ses parents. De la Critical Mass, elle h\u00e9rite de sa haute production et de sa robustesse. De l&#8217;OG Kush, elle obtient sa puissance et son profil de terp\u00e8nes complexe. Le r\u00e9sultat est une strain exceptionnelle qui offre une exp\u00e9rience inoubliable tant \u00e0 la culture qu&#8217;\u00e0 la consommation.<\/p>\n\n\n\n<p>Visuellement, la plante de Critical Kush est un spectacle. Elle a une structure typique d&#8217;arbre de No\u00ebl, avec des branches fortes et bien r\u00e9parties. Ses t\u00eates sont grandes, denses et r\u00e9sineuses, orn\u00e9es de pistils orange vibrants et d&#8217;une couche de trichomes brillants qui ressemblent \u00e0 une fine couche de neige cristalline. La couleur des t\u00eates varie d&#8217;un vert menthe clair \u00e0 un vert plus fonc\u00e9, avec des tons pourpres qui ressortent sous la lumi\u00e8re appropri\u00e9e.<\/p>\n\n\n\n<p>La discr\u00e9tion est un autre point fort de cette strain. Bien qu&#8217;elle soit assez odorante en floraison, sa hauteur mod\u00e9r\u00e9e et sa capacit\u00e9 \u00e0 s&#8217;adapter \u00e0 des espaces r\u00e9duits en font un choix id\u00e9al pour des cultures discr\u00e8tes. De plus, ses t\u00eates denses et r\u00e9sineuses sont parfaites pour la production de concentr\u00e9s de haute qualit\u00e9.<\/p>\n\n\n\n<h2 class=\"wp-block-heading\">Saveur et Effets<\/h2>\n\n\n\n<p>La <strong>Critical Kush<\/strong> n&#8217;est pas seulement un festin pour les yeux, mais aussi pour les sens. En s&#8217;approchant, l&#8217;ar\u00f4me terreux et \u00e9pic\u00e9 vous enveloppe, vous transportant dans une for\u00eat de pins avec une touche d&#8217;agrumes frais. \u00c0 chaque inhalation, on per\u00e7oit une saveur de terre et d&#8217;\u00e9pices, suivie d&#8217;un arri\u00e8re-go\u00fbt sucr\u00e9 qui ravit le palais. On pourrait facilement l&#8217;appeler Critical Lemon Kush en raison de son go\u00fbt si marqu\u00e9 et puissant.<\/p>\n\n\n\n<p>Les t\u00eates de Critical Kush ont une teneur en <strong>THC<\/strong> qui varie entre 15% et 20%, garantissant un high puissant et relaxant. Les effets commencent par une euphorie douce qui dissipe tout stress, suivie d&#8217;une profonde relaxation corporelle qui soulage la douleur et la tension. Id\u00e9ale pour la fin de journ\u00e9e, cette indica hybride est un alli\u00e9 pour combattre l&#8217;insomnie, offrant un sommeil r\u00e9parateur et sans interruptions.<\/p>\n\n\n\n<h3 class=\"wp-block-heading\">Terp\u00e8nes de la Critical Kush<\/h3>\n\n\n\n<p>La Critical Kush se distingue non seulement par ses cannabino\u00efdes, mais aussi par son riche profil de terp\u00e8nes. Parmi les terp\u00e8nes pr\u00e9sents dans cette strain, on trouve le <strong>Myrc\u00e8ne<\/strong>, le <strong>Beta-Caryophyll\u00e8ne<\/strong> et l&#8217;<strong>Alpha-Pin\u00e8ne<\/strong>.<\/p>\n\n\n\n<p>Le <strong>Myrc\u00e8ne<\/strong> est connu pour ses propri\u00e9t\u00e9s s\u00e9datives et son ar\u00f4me terreux et musqu\u00e9, id\u00e9al pour favoriser la relaxation et le sommeil. Ce terp\u00e8ne est le principal responsable de l&#8217;effet s\u00e9datif et relaxant qui caract\u00e9rise la Critical Kush.<\/p>\n\n\n\n<p>Le <strong>Beta-Caryophyll\u00e8ne<\/strong> apporte une touche \u00e9pic\u00e9e et piquante, en plus d&#8217;\u00eatre un puissant anti-inflammatoire, parfait pour ceux qui souffrent de douleurs chroniques ou d&#8217;arthrite. Ce terp\u00e8ne est reconnu pour ses bienfaits th\u00e9rapeutiques, aidant \u00e0 r\u00e9duire la douleur et l&#8217;inflammation.<\/p>\n\n\n\n<p>L&#8217;<strong>Alpha-Pin\u00e8ne<\/strong> ajoute des notes fra\u00eeches et de pin, et est connu pour ses effets bronchodilatateurs et anti-inflammatoires, ce qui en fait un excellent alli\u00e9 pour ceux qui souffrent d&#8217;asthme. Ce terp\u00e8ne am\u00e9liore \u00e9galement la m\u00e9moire et la vigilance, \u00e9quilibrant les effets relaxants des autres terp\u00e8nes.<\/p>\n\n\n\n<p>La combinaison de ces terp\u00e8nes enrichit non seulement l&#8217;ar\u00f4me et la saveur de la Critical Kush, mais renforce \u00e9galement ses effets th\u00e9rapeutiques, offrant une exp\u00e9rience compl\u00e8te qui va au-del\u00e0 de ce que d&#8217;autres hybrides peuvent offrir. Les utilisateurs d\u00e9crivent leur exp\u00e9rience avec la Critical Kush comme une sensation de &#8220;bonheur flottant&#8221; qui \u00e9limine la n\u00e9gativit\u00e9 et offre un soulagement durable du stress et de la douleur.<\/p>\n\n\n\n<h2 class=\"wp-block-heading\">Production et Temps de Floraison<\/h2>\n\n\n\n<p>La Critical Kush est une strain qui se distingue par son <strong>efficacit\u00e9 de production<\/strong> et son temps de floraison relativement court, ce qui en fait une option id\u00e9ale tant pour les cultivateurs d\u00e9butants que pour les professionnels.<\/p>\n\n\n\n<p>En <strong>int\u00e9rieur<\/strong>, la Critical Kush a un temps de floraison d&#8217;environ 55 \u00e0 60 jours. Pendant cette p\u00e9riode, les plantes d\u00e9veloppent des t\u00eates denses et r\u00e9sineuses qui remplissent l&#8217;espace avec leur ar\u00f4me caract\u00e9ristique. Dans des cultures optimis\u00e9es, vous pouvez vous attendre \u00e0 des rendements de 550 \u00e0 650 grammes par m\u00e8tre carr\u00e9. M\u00eame les cultivateurs moins exp\u00e9riment\u00e9s peuvent facilement atteindre environ 450-500 grammes par m\u00e8tre carr\u00e9.<\/p>\n\n\n\n<p>En <strong>ext\u00e9rieur<\/strong>, la Critical Kush montre tout son potentiel lorsqu&#8217;elle est plant\u00e9e dans un endroit avec une abondante lumi\u00e8re solaire et de bonnes pratiques de gestion. Les plantes atteignent une hauteur de 2 \u00e0 2,5 m\u00e8tres, ce qui facilite leur gestion et discr\u00e9tion. La r\u00e9colte se fait g\u00e9n\u00e9ralement \u00e0 la fin septembre, juste avant l&#8217;arriv\u00e9e du climat plus froid. Les rendements en ext\u00e9rieur peuvent atteindre entre 700 et 900 grammes par plante, offrant une r\u00e9compense substantielle pour l&#8217;effort investi.<\/p>\n\n\n\n<p>La culture de la Critical Kush n&#8217;est pas seulement gratifiante en termes de production, mais aussi en termes de qualit\u00e9 du produit final. Ses t\u00eates, couvertes de trichomes brillants, ne sont pas seulement visuellement impressionnantes, mais sont \u00e9galement remplies de puissants cannabino\u00efdes et terp\u00e8nes qui garantissent une exp\u00e9rience satisfaisante et th\u00e9rapeutique.<\/p>\n\n\n\n<p>Avec les soins et les conditions ad\u00e9quates, la Critical Kush vous offrira une r\u00e9colte abondante et de haute qualit\u00e9 en un temps relativement court, devenant l&#8217;une de vos pr\u00e9f\u00e9r\u00e9es dans le jardin.<\/p>\n\n\n\n<h2 class=\"wp-block-heading\">Comment Cultiver la Critical Kush<\/h2>\n\n\n\n<p>La <strong>Critical Kush<\/strong> est une strain qui offre une exp\u00e9rience de culture gratifiante tant pour les d\u00e9butants que pour les experts. Bien qu&#8217;elle soit relativement facile \u00e0 cultiver, il y a quelques consid\u00e9rations \u00e0 prendre en compte pour maximiser son potentiel et assurer une r\u00e9colte r\u00e9ussie.<\/p>\n\n\n\n<p>La <strong>difficult\u00e9 de culture<\/strong> de la Critical Kush est mod\u00e9r\u00e9e. Ses plantes sont robustes et compactes, mais n\u00e9cessitent attention et soin pour \u00e9viter des probl\u00e8mes courants tels que la moisissure et les parasites. Sa r\u00e9sistance aux maladies est remarquable, ce qui facilite sa gestion dans diverses conditions de culture.<\/p>\n\n\n\n<p>Pour obtenir les meilleurs r\u00e9sultats, nous devons cultiver la Critical Kush dans un <strong>climat chaud et semi-humide<\/strong>. La temp\u00e9rature id\u00e9ale pendant la journ\u00e9e doit osciller entre 20\u00b0C et 27\u00b0C, avec une diff\u00e9rence de 4\u00b0C \u00e0 5\u00b0C pendant la nuit. Il est crucial de maintenir l&#8217;<strong>humidit\u00e9 relative<\/strong> \u00e0 55%-60% pendant la phase v\u00e9g\u00e9tative, la r\u00e9duisant \u00e0 environ 40% pendant la phase de floraison et finalement \u00e0 30% au moment de la r\u00e9colte.<\/p>\n\n\n\n<p>La Critical Kush montre une bonne <strong>r\u00e9sistance aux parasites et maladies<\/strong>. Cependant, nous devons rester vigilants face \u00e0 de potentielles infestations et nous assurer d&#8217;utiliser des pratiques de culture ad\u00e9quates pour garder nos plantes en bonne sant\u00e9. L&#8217;utilisation d&#8217;un substrat de qualit\u00e9 peut aider \u00e0 am\u00e9liorer la sant\u00e9 g\u00e9n\u00e9rale des plantes.<\/p>\n\n\n\n<div style=\"height:50px\" aria-hidden=\"true\" class=\"wp-block-spacer uag-hide-mob\"><\/div>\n\n\n\n<div class=\"wp-block-columns is-layout-flex wp-container-core-columns-is-layout-28f84493 wp-block-columns-is-layout-flex\">\n<div class=\"wp-block-column is-layout-flow wp-block-column-is-layout-flow\">\n<p class=\"has-text-align-center has-medium-font-size\"><strong>Ce que nous aimons le plus<\/strong><\/p>\n\n\n\n<ul class=\"wp-block-list\">\n<li>Son effet indica puissant et relaxant<\/li>\n\n\n\n<li>Le riche et complexe profil de terp\u00e8nes<\/li>\n\n\n\n<li>Le haut rendement tant en int\u00e9rieur qu&#8217;en ext\u00e9rieur<\/li>\n\n\n\n<li>La facilit\u00e9 de culture pour les cultivateurs de tous niveaux<\/li>\n\n\n\n<li>La r\u00e9sistance aux parasites et aux maladies<\/li>\n<\/ul>\n<\/div>\n\n\n\n<div class=\"wp-block-column is-layout-flow wp-block-column-is-layout-flow\">\n<p class=\"has-text-align-center has-medium-font-size\"><strong>Ce que nous aimons le moins<\/strong><\/p>\n\n\n\n<ul class=\"wp-block-list\">\n<li>N\u00e9cessite un contr\u00f4le soigneux de l&#8217;humidit\u00e9 pour \u00e9viter la moisissure<\/li>\n\n\n\n<li>L&#8217;odeur forte peut \u00eatre un probl\u00e8me en milieu urbain<\/li>\n<\/ul>\n<\/div>\n<\/div>\n\n\n\n<div style=\"height:50px\" aria-hidden=\"true\" class=\"wp-block-spacer uag-hide-mob\"><\/div>\n\n\n\n<h2 class=\"wp-block-heading\">Questions Fr\u00e9quentes<\/h2>\n\n\n\n<p>De nombreux cultivateurs qui optent pour cette strain se posent quelques questions sur sa culture. Nous r\u00e9pondrons ci-dessous aux plus fr\u00e9quentes :<\/p>\n\n\n<div id=\"rank-math-faq\" class=\"rank-math-block\">\n<div class=\"rank-math-list \">\n<div id=\"faq-question-1663029074962\" class=\"rank-math-list-item\">\n<h3 class=\"rank-math-question \">Quand commence la floraison de la Critical Kush en ext\u00e9rieur ?<\/h3>\n<div class=\"rank-math-answer \">\n\n<p>La floraison commence entre fin juillet et d\u00e9but ao\u00fbt.<\/p>\n\n<\/div>\n<\/div>\n<div id=\"faq-question-1663029159933\" class=\"rank-math-list-item\">\n<h3 class=\"rank-math-question \">Quand r\u00e9colter une Critical Kush en ext\u00e9rieur ?<\/h3>\n<div class=\"rank-math-answer \">\n\n<p>La floraison de la Critical Kush en ext\u00e9rieur est rapide, et elle est g\u00e9n\u00e9ralement pr\u00eate \u00e0 \u00eatre r\u00e9colt\u00e9e fin septembre. Cette vari\u00e9t\u00e9 s&#8217;adapte bien aux climats avec des \u00e9t\u00e9s courts, ce qui la rend id\u00e9ale pour de nombreuses r\u00e9gions.<\/p>\n\n<\/div>\n<\/div>\n<div id=\"faq-question-1720095775672\" class=\"rank-math-list-item\">\n<h3 class=\"rank-math-question \">Comment cultiver la Critical Kush en int\u00e9rieur ?<\/h3>\n<div class=\"rank-math-answer \">\n\n<p>Pour cultiver la Critical Kush en int\u00e9rieur, il est recommand\u00e9 d&#8217;utiliser des techniques comme le SOG (Sea of Green) pour maximiser la production. Choisissez une plante m\u00e8re moins ramifi\u00e9e qui produit une grande quantit\u00e9 de boutures. Maintenez une photop\u00e9riode de 18\/6 pendant la phase v\u00e9g\u00e9tative et r\u00e9duisez \u00e0 12\/12 pour induire la floraison. La plante sera pr\u00eate \u00e0 \u00eatre r\u00e9colt\u00e9e environ 55-60 jours apr\u00e8s le d\u00e9but de la floraison.<\/p>\n\n<\/div>\n<\/div>\n<div id=\"faq-question-1663029165861\" class=\"rank-math-list-item\">\n<h3 class=\"rank-math-question \">Comment cultiver la Critical Kush en ext\u00e9rieur ?<\/h3>\n<div class=\"rank-math-answer \">\n\n<p>La floraison de la Critical Kush en ext\u00e9rieur est rapide, et elle est g\u00e9n\u00e9ralement pr\u00eate \u00e0 \u00eatre r\u00e9colt\u00e9e fin septembre. Cette vari\u00e9t\u00e9 s&#8217;adapte bien aux climats avec des \u00e9t\u00e9s courts, ce qui la rend id\u00e9ale pour de nombreuses r\u00e9gions.<\/p>\n\n<\/div>\n<\/div>\n<div id=\"faq-question-1664461009652\" class=\"rank-math-list-item\">\n<h3 class=\"rank-math-question \">Quels sont les effets de la Critical Kush en gros ?<\/h3>\n<div class=\"rank-math-answer \">\n\n<p>Les t\u00eates de Critical Kush ont une teneur en THC qui varie entre 15% et 20%, offrant un high puissant et relaxant. La teneur en CBD est faible, inf\u00e9rieure \u00e0 1%, ce qui renforce encore ses effets euphoriques et relaxants.<\/p>\n\n<\/div>\n<\/div>\n<div id=\"faq-question-1720095755252\" class=\"rank-math-list-item\">\n<h3 class=\"rank-math-question \">La Critical Kush est-elle une sativa ou une indica ?<\/h3>\n<div class=\"rank-math-answer \">\n\n<p>La Critical Kush est principalement une <strong>indica<\/strong>, avec une l\u00e9g\u00e8re influence sativa. En g\u00e9n\u00e9ral, les vari\u00e9t\u00e9s indica sont connues pour leurs effets relaxants et s\u00e9datifs, id\u00e9ales pour une consommation nocturne ou pour soulager la douleur et l&#8217;insomnie. Les sativas, en revanche, procurent g\u00e9n\u00e9ralement un high plus euphorique et \u00e9nergisant, parfait pour une utilisation diurne et pour stimuler la cr\u00e9ativit\u00e9. La Critical Kush, avec sa dominance indica, est parfaite pour se d\u00e9tendre et profiter d&#8217;un sommeil r\u00e9parateur.<\/p>\n\n<\/div>\n<\/div>\n<\/div>\n<\/div>","protected":false},"excerpt":{"rendered":"<p><b>Critical Kush<\/b> vous offre une exp\u00e9rience de culture simple et gratifiante avec des <strong>rendements \u00e9lev\u00e9s<\/strong> et une <strong>relaxation profonde et durable<\/strong>. Parfaite pour soulager le stress, la douleur et l&#8217;insomnie, ses <strong>t\u00eates r\u00e9sineuses et aromatiques<\/strong> vous procureront des moments de tranquillit\u00e9 et de bonheur in\u00e9galables. D\u00e9couvrez l&#8217;excellence avec la Critical Kush !<\/p>\n","protected":false},"featured_media":26887,"comment_status":"open","ping_status":"closed","template":"","meta":{"_acf_changed":false,"inline_featured_image":false,"_uag_custom_page_level_css":""},"product_brand":[],"product_cat":[1125,4112],"product_tag":[],"class_list":{"0":"post-10916","1":"product","2":"type-product","3":"status-publish","4":"has-post-thumbnail","6":"product_cat-graines-feminisees-en-gros","7":"product_cat-graines-de-cannabis-a-1-euro","9":"first","10":"instock","11":"sale","12":"taxable","13":"shipping-taxable","14":"purchasable","15":"product-type-simple"},"acf":[],"uagb_featured_image_src":{"full":["https:\/\/bulkgenetics.com\/wp-content\/uploads\/2022\/09\/critical-kush-strain-feminized-cannabis-seeds.jpg",1600,1600,false],"thumbnail":["https:\/\/bulkgenetics.com\/wp-content\/uploads\/2022\/09\/critical-kush-strain-feminized-cannabis-seeds-150x150.jpg",150,150,true],"medium":["https:\/\/bulkgenetics.com\/wp-content\/uploads\/2022\/09\/critical-kush-strain-feminized-cannabis-seeds-300x300.jpg",300,300,true],"medium_large":["https:\/\/bulkgenetics.com\/wp-content\/uploads\/2022\/09\/critical-kush-strain-feminized-cannabis-seeds-768x768.jpg",768,768,true],"large":["https:\/\/bulkgenetics.com\/wp-content\/uploads\/2022\/09\/critical-kush-strain-feminized-cannabis-seeds-1024x1024.jpg",1024,1024,true],"1536x1536":["https:\/\/bulkgenetics.com\/wp-content\/uploads\/2022\/09\/critical-kush-strain-feminized-cannabis-seeds-1536x1536.jpg",1536,1536,true],"2048x2048":["https:\/\/bulkgenetics.com\/wp-content\/uploads\/2022\/09\/critical-kush-strain-feminized-cannabis-seeds.jpg",1600,1600,false],"commercegurus-pdp-large":["https:\/\/bulkgenetics.com\/wp-content\/uploads\/2022\/09\/critical-kush-strain-feminized-cannabis-seeds-990x990.jpg",990,990,true],"commercegurus-plp-mobile":["https:\/\/bulkgenetics.com\/wp-content\/uploads\/2022\/09\/critical-kush-strain-feminized-cannabis-seeds-441x441.jpg",441,441,true],"cgkit_image_swatch":["https:\/\/bulkgenetics.com\/wp-content\/uploads\/2022\/09\/critical-kush-strain-feminized-cannabis-seeds-100x100.jpg",100,100,true],"woocommerce_thumbnail":["https:\/\/bulkgenetics.com\/wp-content\/uploads\/2022\/09\/critical-kush-strain-feminized-cannabis-seeds-300x300.jpg",300,300,true],"woocommerce_single":["https:\/\/bulkgenetics.com\/wp-content\/uploads\/2022\/09\/critical-kush-strain-feminized-cannabis-seeds-800x800.jpg",800,800,true],"woocommerce_gallery_thumbnail":["https:\/\/bulkgenetics.com\/wp-content\/uploads\/2022\/09\/critical-kush-strain-feminized-cannabis-seeds-150x150.jpg",150,150,true],"dgwt-wcas-product-suggestion":["https:\/\/bulkgenetics.com\/wp-content\/uploads\/2022\/09\/critical-kush-strain-feminized-cannabis-seeds-64x64.jpg",64,64,true]},"uagb_author_info":{"display_name":"Bruno Crespo","author_link":"https:\/\/bulkgenetics.com\/fr\/author\/"},"uagb_comment_info":0,"uagb_excerpt":"Critical Kush vous offre une exp\u00e9rience de culture simple et gratifiante avec des rendements \u00e9lev\u00e9s et une relaxation profonde et durable. Parfaite pour soulager le stress, la douleur et l'insomnie, ses t\u00eates r\u00e9sineuses et aromatiques vous procureront des moments de tranquillit\u00e9 et de bonheur in\u00e9galables. D\u00e9couvrez l'excellence avec la Critical Kush !","_links":{"self":[{"href":"https:\/\/bulkgenetics.com\/fr\/wp-json\/wp\/v2\/product\/10916","targetHints":{"allow":["GET"]}}],"collection":[{"href":"https:\/\/bulkgenetics.com\/fr\/wp-json\/wp\/v2\/product"}],"about":[{"href":"https:\/\/bulkgenetics.com\/fr\/wp-json\/wp\/v2\/types\/product"}],"replies":[{"embeddable":true,"href":"https:\/\/bulkgenetics.com\/fr\/wp-json\/wp\/v2\/comments?post=10916"}],"wp:featuredmedia":[{"embeddable":true,"href":"https:\/\/bulkgenetics.com\/fr\/wp-json\/wp\/v2\/media\/26887"}],"wp:attachment":[{"href":"https:\/\/bulkgenetics.com\/fr\/wp-json\/wp\/v2\/media?parent=10916"}],"wp:term":[{"taxonomy":"product_brand","embeddable":true,"href":"https:\/\/bulkgenetics.com\/fr\/wp-json\/wp\/v2\/product_brand?post=10916"},{"taxonomy":"product_cat","embeddable":true,"href":"https:\/\/bulkgenetics.com\/fr\/wp-json\/wp\/v2\/product_cat?post=10916"},{"taxonomy":"product_tag","embeddable":true,"href":"https:\/\/bulkgenetics.com\/fr\/wp-json\/wp\/v2\/product_tag?post=10916"}],"curies":[{"name":"wp","href":"https:\/\/api.w.org\/{rel}","templated":true}]}}