{"id":10917,"date":"2022-09-28T10:33:38","date_gmt":"2022-09-28T08:33:38","guid":{"rendered":"https:\/\/www.bulkgenetics.com\/chronique-2\/"},"modified":"2024-10-08T01:18:58","modified_gmt":"2024-10-07T23:18:58","slug":"chronic","status":"publish","type":"product","link":"https:\/\/bulkgenetics.com\/fr\/chronic\/","title":{"rendered":"Chronic"},"content":{"rendered":"\n<p>La <strong>Chronic<\/strong> est l&#8217;une des strains de cannabis les plus l\u00e9gendaires et productives qui existent. Cr\u00e9\u00e9e par Serious Seeds au milieu des ann\u00e9es 90, cette merveille est le r\u00e9sultat du croisement entre <em><strong><a href=\"https:\/\/bulkgenetics.com\/fr\/northern-lights\/\">Northern Lights<\/a><\/strong> x (<strong><a href=\"https:\/\/bulkgenetics.com\/fr\/skunk-1\/\">Skunk<\/a> x Northern Lights<\/strong>) x <strong><a href=\"https:\/\/bulkgenetics.com\/fr\/ak-47\/\">AK-47<\/a><\/strong><\/em>. Depuis son lancement, elle est une favorite indiscutable, remportant de multiples prix, dont la premi\u00e8re place \u00e0 la High Life Cup de 2004 dans la cat\u00e9gorie Hydro. Cette combinaison g\u00e9n\u00e9tique n&#8217;offre pas seulement des rendements \u00e9lev\u00e9s, mais aussi une saveur et une puissance exceptionnelles.<\/p>\n\n\n\n<p>La <strong>Chronic<\/strong> est une plante de structure robuste et de taille moyenne. En ext\u00e9rieur, elle pousse rapidement, produisant une longue cola apicale et de nombreuses colas satellites avec des t\u00eates allong\u00e9es pouvant atteindre jusqu&#8217;\u00e0 50 cm de longueur. Les buds sont denses et r\u00e9sineux, avec un ar\u00f4me p\u00e9n\u00e9trant et sucr\u00e9 rappelant les agrumes comme le citron, l&#8217;orange et la mandarine, accompagn\u00e9 d&#8217;une touche de poivre et de bois. Ces t\u00eates sont le r\u00eave de tout cultivateur, grosses comme des bouteilles de soda et longues comme des bras.<\/p>\n\n\n\n<p><strong>Vous craignez de ne pas savoir cultiver ?<\/strong> Pas de souci, la <strong>Chronic<\/strong> est facile \u00e0 g\u00e9rer et r\u00e9sistante, id\u00e9ale tant pour les d\u00e9butants que pour les cultivateurs exp\u00e9riment\u00e9s. Avec nos graines f\u00e9minis\u00e9es, il vous suffit d&#8217;un bon substrat, de soleil et d&#8217;une bonne gamme de nutriments pour obtenir des r\u00e9coltes spectaculaires.<\/p>\n\n\n\n<p><strong>Besoin d&#8217;une strain th\u00e9rapeutique pour traiter vos maux ?<\/strong> La <strong>Chronic<\/strong> offre un \u00e9quilibre parfait entre effets physiques et mentaux. Ses effets puissants et \u00e9quilibr\u00e9s activent l&#8217;esprit tout en relaxant le corps, ce qui la rend id\u00e9ale pour soulager le stress, l&#8217;anxi\u00e9t\u00e9 et les douleurs chroniques. De plus, sa saveur douce et intense avec des touches d&#8217;agrumes rend chaque session agr\u00e9able.<\/p>\n\n\n\n<p><strong>Vous voulez une plante sp\u00e9ciale ?<\/strong> La <strong>Chronic<\/strong> n&#8217;est pas seulement sp\u00e9ciale par sa production et sa facilit\u00e9 de culture, mais aussi par son histoire et son prestige. Cette strain a \u00e9t\u00e9 utilis\u00e9e par de nombreuses banques de graines pour d\u00e9velopper de nouveaux hybrides, ce qui t\u00e9moigne de sa qualit\u00e9 et de sa fiabilit\u00e9.<\/p>\n\n\n\n<h2 class=\"wp-block-heading\">Saveur et Effets<\/h2>\n\n\n\n<p>La <strong>Chronic<\/strong> est un d\u00e9lice pour les sens. Son ar\u00f4me est sucr\u00e9 et intense, avec des notes d&#8217;agrumes de citron, d&#8217;orange et de mandarine qui se m\u00e9langent \u00e0 un fond de poivre et de bois, cr\u00e9ant une exp\u00e9rience olfactive unique et app\u00e9tissante. En la fumant, la saveur est tout aussi complexe et agr\u00e9able, avec des touches d&#8217;agrumes frais et une note \u00e9pic\u00e9e qui persiste sur le palais.<\/p>\n\n\n\n<p>L&#8217;effet de la <strong>Chronic<\/strong> est puissant et \u00e9quilibr\u00e9. Avec une teneur en <strong>THC entre 15 % et 20 %<\/strong> et un <strong>CBD bas de moins de 1 %<\/strong>, cette strain offre une combinaison id\u00e9ale d&#8217;effets mentaux et physiques. Vous ressentirez une activation mentale qui am\u00e9liore l&#8217;humeur et la cr\u00e9ativit\u00e9, tandis que son effet physique procure une relaxation profonde qui soulage le stress et la douleur. Cette combinaison fait de la <strong>Chronic<\/strong> une strain parfaite pour se d\u00e9tendre apr\u00e8s une longue journ\u00e9e, en gardant l&#8217;esprit clair et le corps calme.<\/p>\n\n\n\n<h3 class=\"wp-block-heading\">Terp\u00e8nes de la Chronic<\/h3>\n\n\n\n<p>La <strong>Chronic<\/strong> est riche en terp\u00e8nes qui contribuent \u00e0 son profil aromatique et \u00e0 ses effets th\u00e9rapeutiques. Parmi les plus remarquables, on trouve :<\/p>\n\n\n\n<ul class=\"wp-block-list\">\n<li><strong>Myrc\u00e8ne<\/strong> : Avec un ar\u00f4me terreux et musqu\u00e9, ce terp\u00e8ne est connu pour ses effets s\u00e9datifs et anti-inflammatoires, aidant \u00e0 r\u00e9duire la douleur et l&#8217;anxi\u00e9t\u00e9.<\/li>\n\n\n\n<li><strong>Caryophyll\u00e8ne<\/strong> : Ce terp\u00e8ne \u00e9pic\u00e9 et poivr\u00e9 poss\u00e8de des propri\u00e9t\u00e9s anti-inflammatoires et analg\u00e9siques, id\u00e9al pour soulager la douleur et la tension musculaire.<\/li>\n\n\n\n<li><strong>Terpinol\u00e8ne<\/strong> : Il apporte un ar\u00f4me frais et floral, avec des effets antioxydants et s\u00e9datifs, favorisant un \u00e9tat de calme et de bien-\u00eatre g\u00e9n\u00e9ral.<\/li>\n<\/ul>\n\n\n\n<p>Ces terp\u00e8nes ne font pas qu&#8217;am\u00e9liorer la saveur et l&#8217;ar\u00f4me de la <strong>Chronic<\/strong>, ils augmentent \u00e9galement ses effets th\u00e9rapeutiques, faisant de cette strain une excellente option pour ceux qui recherchent un soulagement du stress, de l&#8217;anxi\u00e9t\u00e9 et des douleurs chroniques.<\/p>\n\n\n\n<h2 class=\"wp-block-heading\">Production et Temps de Floraison<\/h2>\n\n\n\n<p>La <strong>Chronic<\/strong> est connue pour sa capacit\u00e9 de production impressionnante, ce qui en fait un choix favori tant pour les cultivateurs amateurs que professionnels. Cette strain est tr\u00e8s polyvalente et peut \u00eatre cultiv\u00e9e avec succ\u00e8s en int\u00e9rieur comme en ext\u00e9rieur, offrant toujours des r\u00e9sultats exceptionnels.<\/p>\n\n\n\n<p>En <strong>cultures int\u00e9rieures<\/strong>, la <strong>Chronic<\/strong> r\u00e9pond tr\u00e8s bien \u00e0 la m\u00e9thode SOG (Sea of Green). Depuis le changement de photop\u00e9riode \u00e0 la floraison, cette strain n\u00e9cessite entre <strong>8 \u00e0 9 semaines<\/strong> pour compl\u00e9ter son cycle de floraison. Avec des conditions optimales et un bon panneau LED, les cultivateurs peuvent esp\u00e9rer une production entre <strong>550 et 800 grammes par m\u00e8tre carr\u00e9<\/strong>. Pr\u00e9parez bien vos ciseaux, car vous vous fatiguerez \u00e0 couper des colas lourdes.<\/p>\n\n\n\n<p>En <strong>cultures ext\u00e9rieures<\/strong>, la <strong>Chronic<\/strong> montre tout son potentiel, surtout dans les climats temp\u00e9r\u00e9s et ensoleill\u00e9s. Elle commence \u00e0 fleurir d\u00e9but ao\u00fbt et est pr\u00eate \u00e0 \u00eatre r\u00e9colt\u00e9e entre fin septembre et d\u00e9but octobre. Avec une hauteur qui d\u00e9passe rarement les deux m\u00e8tres, cette plante peut produire entre <strong>800 et 1000 grammes par plante<\/strong>, ce qui est excellent pour une plante de cette taille. De plus, sa structure robuste et sa croissance rapide d\u00e8s le premier jour en font un choix id\u00e9al pour ceux qui recherchent une plante r\u00e9sistante et facile \u00e0 cultiver.<\/p>\n\n\n\n<p>Avec la <strong>Chronic<\/strong>, non seulement vous obtiendrez de grosses t\u00eates r\u00e9sineuses, mais aussi une plante qui vous offre des rendements exceptionnels sans n\u00e9cessiter de soins compliqu\u00e9s. Sa p\u00e9riode de floraison relativement courte et sa haute production en font l&#8217;une des meilleures options pour tout cultivateur cherchant \u00e0 maximiser sa r\u00e9colte en un minimum de temps.<\/p>\n\n\n\n<h2 class=\"wp-block-heading\">Comment Cultiver la Chronic<\/h2>\n\n\n\n<p>La <strong>Chronic<\/strong> est une vari\u00e9t\u00e9 id\u00e9ale tant pour les cultivateurs novices que pour les plus exp\u00e9riment\u00e9s. C&#8217;est une plante facile \u00e0 cultiver et tr\u00e8s r\u00e9sistante, ce qui la rend parfaite pour ceux qui cherchent de bons r\u00e9sultats sans complications.<\/p>\n\n\n\n<p><strong>Difficult\u00e9 de culture :<\/strong> La <strong>Chronic<\/strong> se distingue par sa facilit\u00e9 de culture. Elle ne n\u00e9cessite pas de techniques avanc\u00e9es ni de soins intensifs, ce qui permet d&#8217;obtenir des r\u00e9coltes abondantes avec un effort minimal.<\/p>\n\n\n\n<p><strong>Climat et conditions de culture ad\u00e9quates :<\/strong> Cette vari\u00e9t\u00e9 prosp\u00e8re dans les climats temp\u00e9r\u00e9s et ensoleill\u00e9s. En ext\u00e9rieur, elle pr\u00e9f\u00e8re des endroits bien expos\u00e9s au soleil et un substrat bien nourri. En int\u00e9rieur, nous recommandons d&#8217;utiliser un bon panneau LED et de bien contr\u00f4ler l&#8217;environnement pour maintenir des conditions optimales d&#8217;humidit\u00e9 et de temp\u00e9rature.<\/p>\n\n\n\n<p><strong>R\u00e9sistance aux nuisibles et maladies :<\/strong> La <strong>Chronic<\/strong> est tr\u00e8s r\u00e9sistante aux nuisibles et maladies courantes du cannabis. Sa structure robuste et son vigoureux d\u00e9veloppement la rendent moins susceptible aux probl\u00e8mes comme la moisissure et les champignons, garantissant une r\u00e9colte saine et abondante.<\/p>\n\n\n\n<div style=\"height:50px\" aria-hidden=\"true\" class=\"wp-block-spacer uag-hide-mob\"><\/div>\n\n\n\n<div class=\"wp-block-columns is-layout-flex wp-container-core-columns-is-layout-28f84493 wp-block-columns-is-layout-flex\">\n<div class=\"wp-block-column is-layout-flow wp-block-column-is-layout-flow\">\n<p class=\"has-text-align-center has-medium-font-size\"><strong>Ce que nous aimons le plus<\/strong><\/p>\n\n\n\n<ul class=\"wp-block-list\">\n<li>Facile \u00e0 cultiver et r\u00e9sistante.<\/li>\n\n\n\n<li>Production tr\u00e8s \u00e9lev\u00e9e.<\/li>\n\n\n\n<li>Saveur tr\u00e8s douce et complexe.<\/li>\n\n\n\n<li>Excellente pour soulager le stress et la douleur.<\/li>\n\n\n\n<li>Rendements \u00e9lev\u00e9s tant en int\u00e9rieur qu&#8217;en ext\u00e9rieur.<\/li>\n<\/ul>\n<\/div>\n\n\n\n<div class=\"wp-block-column is-layout-flow wp-block-column-is-layout-flow\">\n<p class=\"has-text-align-center has-medium-font-size\"><strong>Ce que nous aimons le moins<\/strong><\/p>\n\n\n\n<ul class=\"wp-block-list\">\n<li>Odeur intense en floraison, n\u00e9cessite des syst\u00e8mes anti-odeur.<\/li>\n\n\n\n<li>Ne r\u00e9agit pas bien aux tailles.<\/li>\n<\/ul>\n<\/div>\n<\/div>\n\n\n\n<div style=\"height:50px\" aria-hidden=\"true\" class=\"wp-block-spacer uag-hide-mob\"><\/div>\n\n\n\n<h2 class=\"wp-block-heading\">Questions Fr\u00e9quentes<\/h2>\n\n\n\n<p>Voici quelques-unes des questions les plus fr\u00e9quentes pos\u00e9es par les cultivateurs \u00e0 propos de cette vari\u00e9t\u00e9 :<\/p>\n\n\n<div id=\"rank-math-faq\" class=\"rank-math-block\">\n<div class=\"rank-math-list \">\n<div id=\"faq-question-1663029074962\" class=\"rank-math-list-item\">\n<h3 class=\"rank-math-question \">Quand commence la floraison de la Chronic en ext\u00e9rieur ?<\/h3>\n<div class=\"rank-math-answer \">\n\n<p>Nos graines f\u00e9minis\u00e9es de <strong>Chronic<\/strong> commencent \u00e0 fleurir au cours des deux premi\u00e8res semaines d&#8217;ao\u00fbt. Cette p\u00e9riode de floraison relativement courte assure que vous pourrez r\u00e9colter vos plantes entre fin septembre et d\u00e9but octobre.<\/p>\n\n<\/div>\n<\/div>\n<div id=\"faq-question-1663029159933\" class=\"rank-math-list-item\">\n<h3 class=\"rank-math-question \">Quand r\u00e9colter une Chronic en ext\u00e9rieur ?<\/h3>\n<div class=\"rank-math-answer \">\n\n<p>C&#8217;est une vari\u00e9t\u00e9 \u00e0 floraison assez rapide qui se r\u00e9coltera entre fin septembre et d\u00e9but octobre.<\/p>\n\n<\/div>\n<\/div>\n<div id=\"faq-question-1663029165861\" class=\"rank-math-list-item\">\n<h3 class=\"rank-math-question \">Comment cultiver une Chronic f\u00e9minis\u00e9e ?<\/h3>\n<div class=\"rank-math-answer \">\n\n<p>La <strong>Chronic<\/strong> est c\u00e9l\u00e8bre pour sa facilit\u00e9 de culture. Fournissez-lui un bon substrat, une exposition solaire ad\u00e9quate et une bonne gamme d&#8217;engrais. Cette vari\u00e9t\u00e9 est tr\u00e8s r\u00e9sistante et ne n\u00e9cessite pas de techniques de culture avanc\u00e9es pour fournir des r\u00e9coltes spectaculaires.<\/p>\n\n<\/div>\n<\/div>\n<div id=\"faq-question-1664354163383\" class=\"rank-math-list-item\">\n<h3 class=\"rank-math-question \">Quels sont les effets de la Chronic en vrac ?<\/h3>\n<div class=\"rank-math-answer \">\n\n<p>La <strong>Chronic<\/strong> offre un bon \u00e9quilibre entre effets physiques et mentaux. Avec une teneur en <strong>THC entre 15 % et 20 %<\/strong> et un <strong>CBD bas de moins de 1 %<\/strong>, ses effets sont puissants et \u00e9quilibr\u00e9s. Elle activera votre esprit tout en relaxant votre corps, ce qui la rend id\u00e9ale pour soulager le stress, l&#8217;anxi\u00e9t\u00e9 et les douleurs chroniques.<\/p>\n\n<\/div>\n<\/div>\n<div id=\"faq-question-1720079414649\" class=\"rank-math-list-item\">\n<h3 class=\"rank-math-question \">La Chronic est-elle une sativa ou une indica ?<\/h3>\n<div class=\"rank-math-answer \">\n\n<p>La <strong>Chronic<\/strong> est un hybride \u00e9quilibr\u00e9 qui combine des caract\u00e9ristiques \u00e0 la fois <strong>Indica<\/strong> et <strong>Sativa<\/strong>. Elle a une g\u00e9n\u00e9tique complexe qui inclut <em>Northern Lights, Skunk et AK-47<\/em>. En g\u00e9n\u00e9ral, les vari\u00e9t\u00e9s <strong>Sativa<\/strong> sont connues pour leurs effets \u00e9nergisants et c\u00e9r\u00e9braux, id\u00e9ales pour un usage diurne. Les <strong>Indica<\/strong>, quant \u00e0 elles, sont plus relaxantes et s\u00e9datives, parfaites pour la nuit ou pour soulager la douleur et le stress. La <strong>Chronic<\/strong> offre le meilleur des deux mondes, fournissant un m\u00e9lange \u00e9quilibr\u00e9 d&#8217;activation mentale et de relaxation physique.<\/p>\n\n<\/div>\n<\/div>\n<div id=\"faq-question-1720079448167\" class=\"rank-math-list-item\">\n<h3 class=\"rank-math-question \">Quels sont les go\u00fbts et les ar\u00f4mes de la Chronic ?<\/h3>\n<div class=\"rank-math-answer \">\n\n<p>Les buds de <strong>Chronic<\/strong> ont une saveur douce et intense, avec des touches d&#8217;agrumes de citron, d&#8217;orange et de mandarine, accompagn\u00e9es d&#8217;un fond de poivre et de bois. Ce profil de saveur complexe et d\u00e9licieux est l&#8217;un des aspects les plus attrayants de cette vari\u00e9t\u00e9.<\/p>\n\n<\/div>\n<\/div>\n<\/div>\n<\/div>","protected":false},"excerpt":{"rendered":"<p><b>Chronic<\/b> vous offre des r\u00e9coltes impressionnantes avec <strong>de grosses t\u00eates r\u00e9sineuses<\/strong>, faciles \u00e0 cultiver et avec une saveur douce et complexe. Profitez d&#8217;un <strong>\u00e9quilibre parfait<\/strong> entre relaxation physique et activation mentale, id\u00e9al pour soulager le stress et la douleur. D\u00e9couvrez pourquoi c&#8217;est la <strong>favorite des cultivateurs<\/strong> experts !<\/p>\n","protected":false},"featured_media":12174,"comment_status":"open","ping_status":"closed","template":"","meta":{"_acf_changed":false,"inline_featured_image":false,"_uag_custom_page_level_css":""},"product_brand":[],"product_cat":[1125],"product_tag":[],"class_list":{"0":"post-10917","1":"product","2":"type-product","3":"status-publish","4":"has-post-thumbnail","6":"product_cat-graines-feminisees-en-gros","8":"first","9":"outofstock","10":"taxable","11":"shipping-taxable","12":"purchasable","13":"product-type-simple"},"acf":[],"uagb_featured_image_src":{"full":["https:\/\/bulkgenetics.com\/wp-content\/uploads\/2022\/09\/chronic-4.jpg",1600,1600,false],"thumbnail":["https:\/\/bulkgenetics.com\/wp-content\/uploads\/2022\/09\/chronic-4-150x150.jpg",150,150,true],"medium":["https:\/\/bulkgenetics.com\/wp-content\/uploads\/2022\/09\/chronic-4-300x300.jpg",300,300,true],"medium_large":["https:\/\/bulkgenetics.com\/wp-content\/uploads\/2022\/09\/chronic-4-768x768.jpg",768,768,true],"large":["https:\/\/bulkgenetics.com\/wp-content\/uploads\/2022\/09\/chronic-4-1024x1024.jpg",1024,1024,true],"1536x1536":["https:\/\/bulkgenetics.com\/wp-content\/uploads\/2022\/09\/chronic-4-1536x1536.jpg",1536,1536,true],"2048x2048":["https:\/\/bulkgenetics.com\/wp-content\/uploads\/2022\/09\/chronic-4.jpg",1600,1600,false],"commercegurus-pdp-large":["https:\/\/bulkgenetics.com\/wp-content\/uploads\/2022\/09\/chronic-4-990x990.jpg",990,990,true],"commercegurus-plp-mobile":["https:\/\/bulkgenetics.com\/wp-content\/uploads\/2022\/09\/chronic-4-441x441.jpg",441,441,true],"cgkit_image_swatch":["https:\/\/bulkgenetics.com\/wp-content\/uploads\/2022\/09\/chronic-4-100x100.jpg",100,100,true],"woocommerce_thumbnail":["https:\/\/bulkgenetics.com\/wp-content\/uploads\/2022\/09\/chronic-4-300x300.jpg",300,300,true],"woocommerce_single":["https:\/\/bulkgenetics.com\/wp-content\/uploads\/2022\/09\/chronic-4-800x800.jpg",800,800,true],"woocommerce_gallery_thumbnail":["https:\/\/bulkgenetics.com\/wp-content\/uploads\/2022\/09\/chronic-4-150x150.jpg",150,150,true],"dgwt-wcas-product-suggestion":["https:\/\/bulkgenetics.com\/wp-content\/uploads\/2022\/09\/chronic-4-64x64.jpg",64,64,true]},"uagb_author_info":{"display_name":"Bruno Crespo","author_link":"https:\/\/bulkgenetics.com\/fr\/author\/"},"uagb_comment_info":0,"uagb_excerpt":"Chronic vous offre des r\u00e9coltes impressionnantes avec de grosses t\u00eates r\u00e9sineuses, faciles \u00e0 cultiver et avec une saveur douce et complexe. Profitez d'un \u00e9quilibre parfait entre relaxation physique et activation mentale, id\u00e9al pour soulager le stress et la douleur. D\u00e9couvrez pourquoi c'est la favorite des cultivateurs experts !","_links":{"self":[{"href":"https:\/\/bulkgenetics.com\/fr\/wp-json\/wp\/v2\/product\/10917","targetHints":{"allow":["GET"]}}],"collection":[{"href":"https:\/\/bulkgenetics.com\/fr\/wp-json\/wp\/v2\/product"}],"about":[{"href":"https:\/\/bulkgenetics.com\/fr\/wp-json\/wp\/v2\/types\/product"}],"replies":[{"embeddable":true,"href":"https:\/\/bulkgenetics.com\/fr\/wp-json\/wp\/v2\/comments?post=10917"}],"wp:featuredmedia":[{"embeddable":true,"href":"https:\/\/bulkgenetics.com\/fr\/wp-json\/wp\/v2\/media\/12174"}],"wp:attachment":[{"href":"https:\/\/bulkgenetics.com\/fr\/wp-json\/wp\/v2\/media?parent=10917"}],"wp:term":[{"taxonomy":"product_brand","embeddable":true,"href":"https:\/\/bulkgenetics.com\/fr\/wp-json\/wp\/v2\/product_brand?post=10917"},{"taxonomy":"product_cat","embeddable":true,"href":"https:\/\/bulkgenetics.com\/fr\/wp-json\/wp\/v2\/product_cat?post=10917"},{"taxonomy":"product_tag","embeddable":true,"href":"https:\/\/bulkgenetics.com\/fr\/wp-json\/wp\/v2\/product_tag?post=10917"}],"curies":[{"name":"wp","href":"https:\/\/api.w.org\/{rel}","templated":true}]}}