{"id":10918,"date":"2022-09-27T16:45:04","date_gmt":"2022-09-27T14:45:04","guid":{"rendered":"https:\/\/www.bulkgenetics.com\/candy-kush-2\/"},"modified":"2024-10-08T01:18:58","modified_gmt":"2024-10-07T23:18:58","slug":"candy-kush","status":"publish","type":"product","link":"https:\/\/bulkgenetics.com\/fr\/candy-kush\/","title":{"rendered":"Candy Kush"},"content":{"rendered":"\n<p>D\u00e9couvrez le v\u00e9ritable go\u00fbt californien avec <strong>Candy Kush<\/strong>, l&#8217;une des strains de marijuana les plus c\u00e9l\u00e8bres de la c\u00f4te ouest des \u00c9tats-Unis. Ce bijou est le fruit d&#8217;un croisement entre <strong><a href=\"https:\/\/bulkgenetics.com\/fr\/og-kush\/\">OG Kush<\/a><\/strong> et <strong><a href=\"https:\/\/bulkgenetics.com\/fr\/trainwreck\/\">Trainwreck<\/a><\/strong>, deux poids lourds du monde du cannabis. Avec une g\u00e9n\u00e9tique majoritairement indica, Candy Kush a conquis cultivateurs et consommateurs du monde entier gr\u00e2ce \u00e0 sa robustesse et son effet relaxant puissant.<\/p>\n\n\n\n<p>La <strong>morphologie<\/strong> de Candy Kush est digne d&#8217;admiration. Cette plante pr\u00e9sente une structure similaire \u00e0 celle d&#8217;un arbre de No\u00ebl, avec de longues branches \u00e9paisses se terminant par une apicale pro\u00e9minente. Elle peut atteindre des hauteurs allant jusqu&#8217;\u00e0 2,5 m\u00e8tres en ext\u00e9rieur, ce qui en fait une option impressionnante pour ceux qui peuvent se permettre des plantes de grande taille.<\/p>\n\n\n\n<p>Ses t\u00eates sont grandes et compactes, couvertes d&#8217;une \u00e9paisse couche de trichomes leur donnant un aspect presque cristallin, comme si elles \u00e9taient baign\u00e9es de givre. Les tons verts profonds se m\u00ealent aux nuances orang\u00e9es des pistils, cr\u00e9ant un contraste visuel attrayant.<\/p>\n\n\n\n<h2 class=\"wp-block-heading\">Saveur et Effets<\/h2>\n\n\n\n<p>La <strong>Candy Kush<\/strong> n&#8217;est pas seulement un r\u00e9gal pour les yeux, mais aussi pour les sens. Son ar\u00f4me est une explosion de fragrances fruit\u00e9es et sucr\u00e9es rappelant les bonbons et les chewing-gums au citron. En ouvrant un bocal de Candy Kush, vous \u00eates accueilli par une odeur intense et acidul\u00e9e \u00e9voquant des souvenirs de friandises citronn\u00e9es. Ce profil aromatique se traduit parfaitement dans son go\u00fbt, offrant une exp\u00e9rience gustative qui combine des notes de citron et de chewing-gum \u00e0 chaque bouff\u00e9e.<\/p>\n\n\n\n<p>L&#8217;effet de Candy Kush est puissant et profond\u00e9ment relaxant. Avec des niveaux de <strong>THC<\/strong> oscillant entre <strong>20% et 25%<\/strong>, cette strain produit un high physique tr\u00e8s intense. Elle est id\u00e9ale pour ces moments o\u00f9 vous avez besoin de d\u00e9connecter compl\u00e8tement et de laisser votre corps et votre esprit se d\u00e9tendre. De plus, ses faibles niveaux de <strong>CBD<\/strong> (&lt; 1%) garantissent un effet principalement psychoactif, parfait pour soulager le stress et les tensions quotidiennes.<\/p>\n\n\n\n<h3 class=\"wp-block-heading\">Terp\u00e8nes de Candy Kush<\/h3>\n\n\n\n<p>La richesse de Candy Kush se trouve \u00e9galement dans son profil de <strong>terp\u00e8nes<\/strong>, qui inclut une vari\u00e9t\u00e9 de compos\u00e9s aromatiques responsables de son go\u00fbt et de ses effets uniques. Parmi les terp\u00e8nes les plus notables, on retrouve :<\/p>\n\n\n\n<ul class=\"wp-block-list\">\n<li><strong>Beta-Caryophyll\u00e8ne<\/strong> : Apporte des notes \u00e9pic\u00e9es et poivr\u00e9es, et est connu pour ses propri\u00e9t\u00e9s anti-inflammatoires et anxiolytiques, aidant \u00e0 r\u00e9duire le stress et l&#8217;anxi\u00e9t\u00e9.<\/li>\n\n\n\n<li><strong>Linalool<\/strong> : Ce terp\u00e8ne floral, couramment associ\u00e9 \u00e0 la lavande, offre un effet calmant et relaxant, parfait pour soulager la tension.<\/li>\n\n\n\n<li><strong>Myrc\u00e8ne<\/strong> : Avec son ar\u00f4me terreux et musqu\u00e9, ce terp\u00e8ne est connu pour ses effets s\u00e9datifs, id\u00e9aux pour favoriser le sommeil et la relaxation profonde.<\/li>\n\n\n\n<li><strong>Limon\u00e8ne<\/strong> : Apporte une touche fra\u00eeche et citronn\u00e9e et est reconnu pour ses effets stimulants sur l&#8217;humeur et ses propri\u00e9t\u00e9s anti-anxi\u00e9t\u00e9.<\/li>\n\n\n\n<li><strong>Alpha-Pin\u00e8ne<\/strong> : Ce terp\u00e8ne au parfum de pin am\u00e9liore la concentration et la m\u00e9moire, en plus d&#8217;avoir des bienfaits anti-inflammatoires.<\/li>\n<\/ul>\n\n\n\n<p>La combinaison de ces terp\u00e8nes enrichit non seulement l&#8217;exp\u00e9rience sensorielle de Candy Kush, mais amplifie \u00e9galement ses effets th\u00e9rapeutiques. Cela fait de cette strain une option exceptionnelle pour ceux qui recherchent un \u00e9quilibre entre saveur, ar\u00f4me et bienfaits m\u00e9dicinaux.<\/p>\n\n\n\n<h2 class=\"wp-block-heading\">Production et Temps de Floraison<\/h2>\n\n\n\n<p>La <strong>Candy Kush<\/strong> est hautement appr\u00e9ci\u00e9e non seulement pour ses effets et sa saveur, mais aussi pour sa g\u00e9n\u00e9reuse production et ses temps de floraison g\u00e9rables. Cette strain s&#8217;adapte parfaitement aussi bien aux cultures en int\u00e9rieur qu&#8217;en ext\u00e9rieur, offrant des rendements impressionnants dans les deux environnements.<\/p>\n\n\n\n<p>En <strong>culture int\u00e9rieure<\/strong>, Candy Kush peut produire entre 400 et 500 grammes par m\u00e8tre carr\u00e9. Gr\u00e2ce \u00e0 sa croissance contenue, elle est id\u00e9ale pour avoir une densit\u00e9 de 9 plantes par m\u00b2 avec une p\u00e9riode de croissance de 4 \u00e0 5 semaines. \u00c0 partir du changement de photop\u00e9riode \u00e0 floraison, la r\u00e9colte sera pr\u00eate en environ 8-9 semaines. Pendant cette phase, les odeurs sont intenses, il est donc recommand\u00e9 d&#8217;utiliser un filtre \u00e0 charbon ou un ozoniseur pour \u00e9viter les probl\u00e8mes avec les voisins.<\/p>\n\n\n\n<p>En <strong>culture ext\u00e9rieure<\/strong>, cette strain se r\u00e9v\u00e8le \u00e9galement \u00eatre une excellente option. En la plantant au d\u00e9but du printemps, il est facile qu&#8217;elle atteigne jusqu&#8217;\u00e0 2,5 m\u00e8tres de hauteur. Les cultivateurs de l&#8217;h\u00e9misph\u00e8re nord pourront r\u00e9colter d\u00e9but octobre, obtenant des rendements pouvant atteindre 600-800 grammes par plante. Sa structure robuste et r\u00e9sistante, ainsi que sa capacit\u00e9 \u00e0 s&#8217;adapter \u00e0 diff\u00e9rents climats, en font une plante facile \u00e0 g\u00e9rer pour les cultivateurs novices comme exp\u00e9riment\u00e9s.<\/p>\n\n\n\n<p>En r\u00e9sum\u00e9, Candy Kush offre une <strong>production \u00e9lev\u00e9e<\/strong> et un <strong>temps de floraison court<\/strong>, la rendant id\u00e9ale pour ceux qui cherchent \u00e0 maximiser leur r\u00e9colte avec une strain facile \u00e0 cultiver et \u00e0 entretenir.<\/p>\n\n\n\n<h2 class=\"wp-block-heading\">Comment Cultiver Candy Kush<\/h2>\n\n\n\n<p>Pour cultiver <strong>Candy Kush<\/strong>, il faut tenir compte de plusieurs facteurs cl\u00e9s qui rendront notre exp\u00e9rience gratifiante et r\u00e9ussie. Cette vari\u00e9t\u00e9 est connue pour \u00eatre <strong>facile \u00e0 cultiver<\/strong>, ce qui la rend parfaite tant pour les d\u00e9butants que pour les cultivateurs exp\u00e9riment\u00e9s.<\/p>\n\n\n\n<p>En ce qui concerne le <strong>climat<\/strong> et les <strong>conditions de culture<\/strong> ad\u00e9quates, Candy Kush se d\u00e9veloppe mieux dans des climats chauds et ensoleill\u00e9s, similaires \u00e0 son origine californienne. Elle pr\u00e9f\u00e8re des journ\u00e9es tr\u00e8s ensoleill\u00e9es et des temp\u00e9ratures mod\u00e9r\u00e9es, bien qu&#8217;elle s&#8217;adapte bien \u00e0 diff\u00e9rentes zones climatiques. En ext\u00e9rieur, il est recommand\u00e9 de commencer la culture au d\u00e9but du printemps pour profiter au maximum de la saison de croissance. En int\u00e9rieur, il faut maintenir une densit\u00e9 de plantes ad\u00e9quate et contr\u00f4ler soigneusement le photop\u00e9riode pour assurer une croissance optimale.<\/p>\n\n\n\n<p>L&#8217;un des grands avantages de Candy Kush est sa <strong>r\u00e9sistance aux nuisibles et aux maladies<\/strong>. Cette plante robuste et vigoureuse n\u00e9cessite peu d&#8217;entretien et est tr\u00e8s r\u00e9sistante, ce qui r\u00e9duit le besoin de traitements intensifs. Cependant, il est toujours recommand\u00e9 de surveiller r\u00e9guli\u00e8rement les plantes pour s&#8217;assurer qu&#8217;elles restent saines et sans probl\u00e8mes.<\/p>\n\n\n\n<div style=\"height:50px\" aria-hidden=\"true\" class=\"wp-block-spacer uag-hide-mob\"><\/div>\n\n\n\n<div class=\"wp-block-columns is-layout-flex wp-container-core-columns-is-layout-28f84493 wp-block-columns-is-layout-flex\">\n<div class=\"wp-block-column is-layout-flow wp-block-column-is-layout-flow\">\n<p class=\"has-text-align-center has-medium-font-size\"><strong>Ce que nous aimons le plus<\/strong><\/p>\n\n\n\n<ul class=\"wp-block-list\">\n<li>Facile \u00e0 cultiver et r\u00e9sistante.<\/li>\n\n\n\n<li>Production \u00e9lev\u00e9e tant en int\u00e9rieur qu&#8217;en ext\u00e9rieur.<\/li>\n\n\n\n<li>Saveur intense de bonbons et chewing-gums au citron.<\/li>\n\n\n\n<li>Effets tr\u00e8s physiques et relaxants.<\/li>\n\n\n\n<li>Id\u00e9ale pour faire des extraits de haute qualit\u00e9.<\/li>\n<\/ul>\n<\/div>\n\n\n\n<div class=\"wp-block-column is-layout-flow wp-block-column-is-layout-flow\">\n<p class=\"has-text-align-center has-medium-font-size\"><strong>Ce que nous aimons le moins<\/strong><\/p>\n\n\n\n<ul class=\"wp-block-list\">\n<li>Odeur intense pendant la floraison, n\u00e9cessite des filtres \u00e0 charbon ou des ozoniseurs.<\/li>\n\n\n\n<li>Peut causer de la somnolence chez les utilisateurs novices.<\/li>\n<\/ul>\n<\/div>\n<\/div>\n\n\n\n<div style=\"height:50px\" aria-hidden=\"true\" class=\"wp-block-spacer uag-hide-mob\"><\/div>\n\n\n\n<h2 class=\"wp-block-heading\">Questions Fr\u00e9quentes<\/h2>\n\n\n\n<p>Nous r\u00e9pondons ci-dessous \u00e0 quelques-unes des questions les plus courantes que se posent les cultivateurs int\u00e9ress\u00e9s par cette vari\u00e9t\u00e9 :<\/p>\n\n\n<div id=\"rank-math-faq\" class=\"rank-math-block\">\n<div class=\"rank-math-list \">\n<div id=\"faq-question-1663029074962\" class=\"rank-math-list-item\">\n<h3 class=\"rank-math-question \">Quand commence la floraison de la Candy Kush en ext\u00e9rieur ?<\/h3>\n<div class=\"rank-math-answer \">\n\n<p>La floraison de la Candy Kush en ext\u00e9rieur commence g\u00e9n\u00e9ralement entre fin juillet et d\u00e9but ao\u00fbt. C&#8217;est une vari\u00e9t\u00e9 \u00e0 floraison relativement rapide qui sera pr\u00eate \u00e0 r\u00e9colter d\u00e9but octobre.<\/p>\n\n<\/div>\n<\/div>\n<div id=\"faq-question-1663029159933\" class=\"rank-math-list-item\">\n<h3 class=\"rank-math-question \">Quand r\u00e9colter une Candy Kush en ext\u00e9rieur ?<\/h3>\n<div class=\"rank-math-answer \">\n\n<p>C&#8217;est une vari\u00e9t\u00e9 \u00e0 floraison relativement rapide qui se r\u00e9colte d\u00e9but octobre.<\/p>\n\n<\/div>\n<\/div>\n<div id=\"faq-question-1663029165861\" class=\"rank-math-list-item\">\n<h3 class=\"rank-math-question \">Comment cultiver une Candy Kush f\u00e9minis\u00e9e ?<\/h3>\n<div class=\"rank-math-answer \">\n\n<p>Pour cultiver la Candy Kush f\u00e9minis\u00e9e, nous recommandons de la planter dans un endroit o\u00f9 elle re\u00e7oit beaucoup de soleil et de la maintenir dans un climat chaud. Cette vari\u00e9t\u00e9 est peu exigeante et r\u00e9sistante, elle ne n\u00e9cessite donc pas beaucoup d&#8217;attention. Maintenez un contr\u00f4le r\u00e9gulier de l&#8217;arrosage et de l&#8217;exposition \u00e0 la lumi\u00e8re pour assurer une croissance optimale.<\/p>\n\n<\/div>\n<\/div>\n<div id=\"faq-question-1664294022267\" class=\"rank-math-list-item\">\n<h3 class=\"rank-math-question \">Quels sont les effets de la Candy Kush en vrac ?<\/h3>\n<div class=\"rank-math-answer \">\n\n<p>Les effets de la Candy Kush sont principalement relaxants et narcotiques. Avec des niveaux de THC entre 20% et 25%, cette vari\u00e9t\u00e9 produit un high physique tr\u00e8s intense, id\u00e9al pour se d\u00e9tendre sur le canap\u00e9 et oublier toutes les pr\u00e9occupations. Elle est parfaite pour une consommation nocturne en raison de son puissant effet s\u00e9datif.<\/p>\n\n<\/div>\n<\/div>\n<div id=\"faq-question-1720017529398\" class=\"rank-math-list-item\">\n<h3 class=\"rank-math-question \">La Candy Kush est-elle sativa ou indica ?<\/h3>\n<div class=\"rank-math-answer \">\n\n<p>La Candy Kush est une vari\u00e9t\u00e9 hybride \u00e0 dominance <strong>indica<\/strong>. Cela signifie qu&#8217;elle combine des caract\u00e9ristiques des sativas et des indicas, mais avec un accent plus marqu\u00e9 sur les effets relaxants et s\u00e9datifs typiques des indicas. Les vari\u00e9t\u00e9s indicas offrent g\u00e9n\u00e9ralement une sensation de relaxation corporelle profonde, id\u00e9ale pour soulager le stress et la douleur, tandis que les sativas sont connues pour leurs effets \u00e9nergisants et c\u00e9r\u00e9braux, favorisant la cr\u00e9ativit\u00e9 et la concentration. La Candy Kush, avec sa g\u00e9n\u00e9tique principalement indica, est parfaite pour ceux qui recherchent une exp\u00e9rience apaisante et calmante.<\/p>\n\n<\/div>\n<\/div>\n<\/div>\n<\/div>","protected":false},"excerpt":{"rendered":"<p>Profitez d&#8217;une relaxation totale avec <strong>Candy Kush<\/strong>, une vari\u00e9t\u00e9 facile \u00e0 cultiver et hautement r\u00e9sistante, parfaite pour les novices et les experts. Avec une d\u00e9licieuse saveur de <strong>bonbons au citron<\/strong> et de puissants <strong>effets s\u00e9datifs<\/strong>, cette strain assure une exp\u00e9rience agr\u00e9able et productive, tant en int\u00e9rieur qu&#8217;en ext\u00e9rieur.<\/p>\n","protected":false},"featured_media":9127,"comment_status":"open","ping_status":"closed","template":"","meta":{"_acf_changed":false,"inline_featured_image":false,"_uag_custom_page_level_css":""},"product_brand":[],"product_cat":[1125],"product_tag":[],"class_list":{"0":"post-10918","1":"product","2":"type-product","3":"status-publish","4":"has-post-thumbnail","6":"product_cat-graines-feminisees-en-gros","8":"first","9":"instock","10":"taxable","11":"shipping-taxable","12":"purchasable","13":"product-type-simple"},"acf":[],"uagb_featured_image_src":{"full":["https:\/\/bulkgenetics.com\/wp-content\/uploads\/2022\/09\/Candy-Kush.jpg",1600,1600,false],"thumbnail":["https:\/\/bulkgenetics.com\/wp-content\/uploads\/2022\/09\/Candy-Kush-150x150.jpg",150,150,true],"medium":["https:\/\/bulkgenetics.com\/wp-content\/uploads\/2022\/09\/Candy-Kush-300x300.jpg",300,300,true],"medium_large":["https:\/\/bulkgenetics.com\/wp-content\/uploads\/2022\/09\/Candy-Kush-768x768.jpg",768,768,true],"large":["https:\/\/bulkgenetics.com\/wp-content\/uploads\/2022\/09\/Candy-Kush-1024x1024.jpg",1024,1024,true],"1536x1536":["https:\/\/bulkgenetics.com\/wp-content\/uploads\/2022\/09\/Candy-Kush-1536x1536.jpg",1536,1536,true],"2048x2048":["https:\/\/bulkgenetics.com\/wp-content\/uploads\/2022\/09\/Candy-Kush.jpg",1600,1600,false],"commercegurus-pdp-large":["https:\/\/bulkgenetics.com\/wp-content\/uploads\/2022\/09\/Candy-Kush-990x990.jpg",990,990,true],"commercegurus-plp-mobile":["https:\/\/bulkgenetics.com\/wp-content\/uploads\/2022\/09\/Candy-Kush-441x441.jpg",441,441,true],"cgkit_image_swatch":["https:\/\/bulkgenetics.com\/wp-content\/uploads\/2022\/09\/Candy-Kush-100x100.jpg",100,100,true],"woocommerce_thumbnail":["https:\/\/bulkgenetics.com\/wp-content\/uploads\/2022\/09\/Candy-Kush-300x300.jpg",300,300,true],"woocommerce_single":["https:\/\/bulkgenetics.com\/wp-content\/uploads\/2022\/09\/Candy-Kush-800x800.jpg",800,800,true],"woocommerce_gallery_thumbnail":["https:\/\/bulkgenetics.com\/wp-content\/uploads\/2022\/09\/Candy-Kush-150x150.jpg",150,150,true],"dgwt-wcas-product-suggestion":["https:\/\/bulkgenetics.com\/wp-content\/uploads\/2022\/09\/Candy-Kush-64x64.jpg",64,64,true]},"uagb_author_info":{"display_name":"Bruno Crespo","author_link":"https:\/\/bulkgenetics.com\/fr\/author\/"},"uagb_comment_info":0,"uagb_excerpt":"Profitez d'une relaxation totale avec Candy Kush, une vari\u00e9t\u00e9 facile \u00e0 cultiver et hautement r\u00e9sistante, parfaite pour les novices et les experts. Avec une d\u00e9licieuse saveur de bonbons au citron et de puissants effets s\u00e9datifs, cette strain assure une exp\u00e9rience agr\u00e9able et productive, tant en int\u00e9rieur qu'en ext\u00e9rieur.","_links":{"self":[{"href":"https:\/\/bulkgenetics.com\/fr\/wp-json\/wp\/v2\/product\/10918","targetHints":{"allow":["GET"]}}],"collection":[{"href":"https:\/\/bulkgenetics.com\/fr\/wp-json\/wp\/v2\/product"}],"about":[{"href":"https:\/\/bulkgenetics.com\/fr\/wp-json\/wp\/v2\/types\/product"}],"replies":[{"embeddable":true,"href":"https:\/\/bulkgenetics.com\/fr\/wp-json\/wp\/v2\/comments?post=10918"}],"wp:featuredmedia":[{"embeddable":true,"href":"https:\/\/bulkgenetics.com\/fr\/wp-json\/wp\/v2\/media\/9127"}],"wp:attachment":[{"href":"https:\/\/bulkgenetics.com\/fr\/wp-json\/wp\/v2\/media?parent=10918"}],"wp:term":[{"taxonomy":"product_brand","embeddable":true,"href":"https:\/\/bulkgenetics.com\/fr\/wp-json\/wp\/v2\/product_brand?post=10918"},{"taxonomy":"product_cat","embeddable":true,"href":"https:\/\/bulkgenetics.com\/fr\/wp-json\/wp\/v2\/product_cat?post=10918"},{"taxonomy":"product_tag","embeddable":true,"href":"https:\/\/bulkgenetics.com\/fr\/wp-json\/wp\/v2\/product_tag?post=10918"}],"curies":[{"name":"wp","href":"https:\/\/api.w.org\/{rel}","templated":true}]}}