{"id":10919,"date":"2022-09-27T13:50:28","date_gmt":"2022-09-27T11:50:28","guid":{"rendered":"https:\/\/www.bulkgenetics.com\/amnesia-fast-version\/"},"modified":"2024-10-08T01:18:59","modified_gmt":"2024-10-07T23:18:59","slug":"amnesia-fast-version","status":"publish","type":"product","link":"https:\/\/bulkgenetics.com\/fr\/amnesia-fast-version\/","title":{"rendered":"Amnesia Fast Version"},"content":{"rendered":"\n<p>Voici <strong>Amnesia Fast Version<\/strong>, la perle rapide de la l\u00e9gendaire <strong><a href=\"https:\/\/bulkgenetics.com\/fr\/amnesia\/\">Amnesia<\/a><\/strong> hollandaise. Ce strain, cr\u00e9\u00e9 \u00e0 partir d&#8217;une s\u00e9lection de <strong><a href=\"https:\/\/bulkgenetics.com\/fr\/super-silver-haze\/\">Super Silver Haze<\/a><\/strong> et d&#8217;une vari\u00e9t\u00e9 autoflorissante, conserve toute la magie de son pr\u00e9d\u00e9cesseur avec une touche de rapidit\u00e9. Si tu es fan des sativas puissantes \u00e0 floraison rapide, c&#8217;est ton meilleur choix.<\/p>\n\n\n\n<p>L&#8217;<strong>Amnesia Fast Version<\/strong> est la version photop\u00e9riodique de l&#8217;Amnesia que tout le monde adore, mais avec une p\u00e9riode de floraison plus courte. Cette merveille a remport\u00e9 des prix et est consid\u00e9r\u00e9e comme l&#8217;un des meilleurs hybrides Haze de l&#8217;histoire. Avec sa g\u00e9n\u00e9tique \u00e0 dominance sativa, incluant des influences de <strong>Haze, Skunk et Northern Light #5<\/strong>, on parle ici d&#8217;une plante avec un pedigree de championne.<\/p>\n\n\n\n<p>Visuellement, la plante d&#8217;<strong>Amnesia Fast Version<\/strong> est un spectacle. En int\u00e9rieur, elle ne pousse pas de mani\u00e8re aussi vigoureuse et d\u00e9mesur\u00e9e que sa grande s\u0153ur, ce qui facilite sa gestion. Cependant, elle reste un hybride sativa de grand d\u00e9veloppement, id\u00e9al pour les techniques de taille et de guidage des branches favorisant une croissance horizontale.<\/p>\n\n\n\n<p>Ses t\u00eates sont grandes, denses et couvertes d&#8217;une \u00e9paisse couche de r\u00e9sine qui brille comme des cristaux sous la lumi\u00e8re. La couleur vert citron de ses fleurs, orn\u00e9e de pistils orang\u00e9s, cr\u00e9e un contraste visuel spectaculaire. De plus, les t\u00eates sont tr\u00e8s odorantes, un point \u00e0 consid\u00e9rer pour maintenir la discr\u00e9tion.<\/p>\n\n\n\n<h2 class=\"wp-block-heading\">Saveur et Effets<\/h2>\n\n\n\n<p>L&#8217;<strong>Amnesia Fast Version<\/strong> n&#8217;est pas seulement impressionnante \u00e0 voir, elle offre aussi une exp\u00e9rience sensorielle inoubliable. En ouvrant un bocal de ses t\u00eates, tu seras accueilli par un ar\u00f4me intense et envo\u00fbtant. Des notes d&#8217;agrumes se m\u00ealent \u00e0 des touches de fruits tropicaux comme la mangue, de bois nobles et de pin, cr\u00e9ant un parfum qui \u00e9voque des souvenirs de for\u00eats et de fruits m\u00fbrs.<\/p>\n\n\n\n<p>En la consommant, sa saveur se d\u00e9ploie dans une danse harmonieuse. D\u00e8s les premi\u00e8res bouff\u00e9es, tu ressentiras la fra\u00eecheur des agrumes combin\u00e9e \u00e0 un fond sucr\u00e9 et bois\u00e9. C&#8217;est une exp\u00e9rience douce et agr\u00e9able qui laisse un arri\u00e8re-go\u00fbt persistant, parfait pour les amateurs de saveurs complexes et raffin\u00e9es.<\/p>\n\n\n\n<p>Quant aux effets, l&#8217;<strong>Amnesia Fast Version<\/strong> est puissante. Avec un taux de <strong>THC allant de 15% \u00e0 20%<\/strong>, ce strain procure un d\u00e9but tr\u00e8s psychoactif et c\u00e9r\u00e9bral qui te fera oublier tout. Id\u00e9al pour ces moments o\u00f9 tu as besoin d&#8217;un coup de pouce cr\u00e9atif ou simplement envie de profiter d&#8217;un rire contagieux. Suit une descente lente avec une finale relaxante, gr\u00e2ce \u00e0 son h\u00e9ritage g\u00e9n\u00e9tique de <strong>Northern Light #5<\/strong>. Son faible taux de <strong>CBD, inf\u00e9rieur \u00e0 1%<\/strong>, garantit une exp\u00e9rience intense et durable.<\/p>\n\n\n\n<h3 class=\"wp-block-heading\">Les Terp\u00e8nes de l&#8217;Amnesia Fast Version<\/h3>\n\n\n\n<p>Les terp\u00e8nes de l&#8217;<strong>Amnesia Fast Version<\/strong> sont responsables de son profil aromatique et de ses effets uniques. Parmi les plus remarquables, on trouve :<\/p>\n\n\n\n<ul class=\"wp-block-list\">\n<li><strong>Limon\u00e8ne<\/strong> : Apporte une touche d&#8217;agrume rafra\u00eechissante et est connu pour ses propri\u00e9t\u00e9s \u00e9l\u00e9vatrices de l&#8217;humeur et r\u00e9ductrices de stress.<\/li>\n\n\n\n<li><strong>Myrc\u00e8ne<\/strong> : Avec son ar\u00f4me de terre humide, il a des propri\u00e9t\u00e9s relaxantes et anti-inflammatoires qui aident \u00e0 combattre la douleur et la tension.<\/li>\n\n\n\n<li><strong>Beta-Caryophyll\u00e8ne<\/strong> : Offre un ar\u00f4me \u00e9pic\u00e9 et poivr\u00e9, agissant comme un puissant anti-inflammatoire et protecteur du syst\u00e8me digestif.<\/li>\n\n\n\n<li><strong>Alpha-Pin\u00e8ne<\/strong> et <strong>Beta-Pin\u00e8ne<\/strong> : Apportent des notes fra\u00eeches de pin et des b\u00e9n\u00e9fices respiratoires et de vigilance mentale.<\/li>\n\n\n\n<li><strong>Humul\u00e8ne<\/strong> et <strong>Eucalyptol<\/strong> : Compl\u00e8tent le profil, fournissant des effets calmants et rafra\u00eechissants.<\/li>\n<\/ul>\n\n\n\n<p>Ces terp\u00e8nes ne contribuent pas seulement \u00e0 l&#8217;ar\u00f4me et \u00e0 la saveur exceptionnels de l&#8217;<strong>Amnesia Fast Version<\/strong>, mais ils renforcent aussi ses effets, faisant de ce strain une exp\u00e9rience compl\u00e8te et polyvalente, tant pour le plaisir r\u00e9cr\u00e9atif que th\u00e9rapeutique.<\/p>\n\n\n\n<h2 class=\"wp-block-heading\">Production et Temps de Floraison<\/h2>\n\n\n\n<p>L&#8217;<strong>Amnesia Fast Version<\/strong> est une plante qui r\u00e9compense g\u00e9n\u00e9reusement ses cultivateurs avec des r\u00e9coltes abondantes tant en int\u00e9rieur qu&#8217;en ext\u00e9rieur. Dans des conditions optimales de culture int\u00e9rieure, ce strain peut produire entre <strong>450 et 550 grammes par m\u00e8tre carr\u00e9<\/strong>. Gr\u00e2ce \u00e0 son temps de floraison rapide, variant entre <strong>55 et 60 jours<\/strong>, tu pourras profiter d&#8217;une r\u00e9colte relativement rapide pour une sativa dominante.<\/p>\n\n\n\n<p>En ext\u00e9rieur, l&#8217;<strong>Amnesia Fast Version<\/strong> montre tout son potentiel, atteignant des productions impressionnantes de <strong>700 \u00e0 900 grammes par plante<\/strong>. Ce strain est id\u00e9al pour les zones avec des \u00e9t\u00e9s courts, car il se r\u00e9colte entre <strong>fin septembre et d\u00e9but octobre<\/strong>, environ 7-10 jours plus t\u00f4t que l&#8217;Amnesia originale. En la germinant au d\u00e9but du printemps, il ne sera pas difficile d&#8217;obtenir des plantes d\u00e9passant largement les deux m\u00e8tres de hauteur.<\/p>\n\n\n\n<p>Sa floraison rapide et sa capacit\u00e9 \u00e0 s&#8217;adapter \u00e0 diff\u00e9rents climats font de l&#8217;<strong>Amnesia Fast Version<\/strong> une excellente option pour les cultivateurs de tous niveaux, assurant une r\u00e9colte r\u00e9ussie et de haute qualit\u00e9 en peu de temps.<\/p>\n\n\n\n<h2 class=\"wp-block-heading\">Comment Cultiver Amnesia Fast Version<\/h2>\n\n\n\n<p>L&#8217;<strong>Amnesia Fast Version<\/strong> est un strain qui se cultive facilement, id\u00e9al tant pour les cultivateurs d\u00e9butants que pour les plus exp\u00e9riment\u00e9s. Sa difficult\u00e9 de culture est mod\u00e9r\u00e9e, ce qui la rend accessible \u00e0 tous ceux pr\u00eats \u00e0 apprendre et \u00e0 appr\u00e9cier le processus. Elle prosp\u00e8re mieux dans des climats chauds et ensoleill\u00e9s, similaires \u00e0 ceux de la M\u00e9diterran\u00e9e, mais elle s&#8217;adapte \u00e9galement bien aux environnements contr\u00f4l\u00e9s en int\u00e9rieur.<\/p>\n\n\n\n<p>Pour obtenir les meilleurs r\u00e9sultats, nous recommandons de maintenir des temp\u00e9ratures diurnes entre 20\u00b0C et 27\u00b0C, et des temp\u00e9ratures nocturnes l\u00e9g\u00e8rement plus basses. L&#8217;<strong>Amnesia Fast Version<\/strong> pr\u00e9f\u00e8re des niveaux d&#8217;humidit\u00e9 relatifs de 55% &#8211; 60% pendant la phase v\u00e9g\u00e9tative, r\u00e9duisant \u00e0 environ 40% pendant la phase de floraison. Il est crucial de maintenir un environnement propre et vigilant pour pr\u00e9venir les parasites et les maladies, bien que ce strain soit connu pour sa r\u00e9sistance naturelle.<\/p>\n\n\n\n<p>L&#8217;<strong>Amnesia Fast Version<\/strong> est r\u00e9sistante aux parasites communs et aux maladies comme la moisissure et les champignons, ce qui facilite sa gestion et assure une r\u00e9colte saine. Cependant, il est toujours prudent de rester vigilant et de prendre des mesures pr\u00e9ventives, comme l&#8217;utilisation de substrats de qualit\u00e9 et l&#8217;application r\u00e9guli\u00e8re de traitements pr\u00e9ventifs organiques.<\/p>\n\n\n\n<div style=\"height:50px\" aria-hidden=\"true\" class=\"wp-block-spacer uag-hide-mob\"><\/div>\n\n\n\n<div class=\"wp-block-columns is-layout-flex wp-container-core-columns-is-layout-28f84493 wp-block-columns-is-layout-flex\">\n<div class=\"wp-block-column is-layout-flow wp-block-column-is-layout-flow\">\n<p class=\"has-text-align-center has-medium-font-size\"><strong>Ce que nous aimons le plus<\/strong><\/p>\n\n\n\n<ul class=\"wp-block-list\">\n<li>Floraison tr\u00e8s rapide.<\/li>\n\n\n\n<li>Facilit\u00e9 de culture.<\/li>\n\n\n\n<li>Grande production.<\/li>\n\n\n\n<li>D\u00e9licieuse saveur.<\/li>\n\n\n\n<li>Puissance \u00e9lev\u00e9e.<\/li>\n\n\n\n<li>R\u00e9sistance aux parasites et aux maladies.<\/li>\n<\/ul>\n<\/div>\n\n\n\n<div class=\"wp-block-column is-layout-flow wp-block-column-is-layout-flow\">\n<p class=\"has-text-align-center has-medium-font-size\"><strong>Ce que nous aimons le moins<\/strong><\/p>\n\n\n\n<ul class=\"wp-block-list\">\n<li>Grand d\u00e9veloppement en int\u00e9rieur, n\u00e9cessite de la taille.<\/li>\n\n\n\n<li>Elle est tr\u00e8s odorante en floraison, ce qui peut affecter la discr\u00e9tion.<\/li>\n<\/ul>\n<\/div>\n<\/div>\n\n\n\n<div style=\"height:50px\" aria-hidden=\"true\" class=\"wp-block-spacer uag-hide-mob\"><\/div>\n\n\n\n<h2 class=\"wp-block-heading\">Questions Fr\u00e9quentes<\/h2>\n\n\n\n<p>Nous r\u00e9pondons ci-dessous \u00e0 certaines des questions les plus fr\u00e9quemment pos\u00e9es par les cultivateurs int\u00e9ress\u00e9s par ce strain.<\/p>\n\n\n<div id=\"rank-math-faq\" class=\"rank-math-block\">\n<div class=\"rank-math-list \">\n<div id=\"faq-question-1663029074962\" class=\"rank-math-list-item\">\n<h3 class=\"rank-math-question \">Quand commence la floraison de l&#8217;Amnesia Fast Version en ext\u00e9rieur ?<\/h3>\n<div class=\"rank-math-answer \">\n\n<p>G\u00e9n\u00e9ralement, la floraison de l&#8217;<strong>Amnesia Fast Version<\/strong> en ext\u00e9rieur commence entre le 15 juillet et le 1er ao\u00fbt, selon la zone de culture. Cela permet une r\u00e9colte plus pr\u00e9coce, id\u00e9ale pour les climats avec des \u00e9t\u00e9s courts.<\/p>\n\n<\/div>\n<\/div>\n<div id=\"faq-question-1663029159933\" class=\"rank-math-list-item\">\n<h3 class=\"rank-math-question \">Quand r\u00e9colter une Amnesia Fast Version en ext\u00e9rieur ?<\/h3>\n<div class=\"rank-math-answer \">\n\n<p>La date de r\u00e9colte pour l&#8217;<strong>Amnesia Fast Version<\/strong> en ext\u00e9rieur est entre fin septembre et d\u00e9but octobre, environ 7 \u00e0 10 jours plus t\u00f4t que la vari\u00e9t\u00e9 Amnesia originale. Cela assure que la plante m\u00fbrit avant les pluies d&#8217;automne.<\/p>\n\n<\/div>\n<\/div>\n<div id=\"faq-question-1663029165861\" class=\"rank-math-list-item\">\n<h3 class=\"rank-math-question \">Comment cultiver une Amnesia Fast Version f\u00e9minis\u00e9e ?<\/h3>\n<div class=\"rank-math-answer \">\n\n<p>Nos graines f\u00e9minis\u00e9es d&#8217;<strong>Amnesia Fast Version<\/strong> sont tr\u00e8s faciles \u00e0 cultiver. Ce strain r\u00e9sistant et \u00e0 croissance vigoureuse pr\u00e9f\u00e8re les climats m\u00e9diterran\u00e9ens, mais se comportera magnifiquement bien ailleurs. Il est id\u00e9al pour les cultivateurs de tous niveaux, des d\u00e9butants aux experts.<\/p>\n\n<\/div>\n<\/div>\n<div id=\"faq-question-1666780029954\" class=\"rank-math-list-item\">\n<h3 class=\"rank-math-question \">Quelles sont les caract\u00e9ristiques de l&#8217;Amnesia Fast Version en vrac ?<\/h3>\n<div class=\"rank-math-answer \">\n\n<p>C&#8217;est une vari\u00e9t\u00e9 id\u00e9ale pour les cultivateurs qui, \u00e0 cause de leur climat, ne peuvent pas se permettre une sativa \u00e0 floraison moyenne\/longue. Cette plante est tr\u00e8s compl\u00e8te, avec une grande production, un excellent go\u00fbt, une forte puissance&#8230; c&#8217;est sans aucun doute un pari s\u00fbr.<\/p>\n\n<\/div>\n<\/div>\n<div id=\"faq-question-1720013785808\" class=\"rank-math-list-item\">\n<h3 class=\"rank-math-question \">L&#8217;Amnesia Fast Version est-elle sativa ou indica ?<\/h3>\n<div class=\"rank-math-answer \">\n\n<p>L&#8217;<strong>Amnesia Fast Version<\/strong> est majoritairement sativa. Les plantes sativa, comme celle-ci, sont connues pour leur croissance haute et \u00e9lanc\u00e9e, leurs feuilles plus fines et un effet plus stimulant et c\u00e9r\u00e9bral. En revanche, les plantes indica tendent \u00e0 \u00eatre plus compactes et denses, avec des feuilles larges et des effets plus relaxants et corporels. L&#8217;Amnesia Fast Version combine le meilleur des deux mondes, offrant une croissance vigoureuse et des effets puissants et \u00e9nergisants, avec une floraison rapide et g\u00e9rable.<\/p>\n\n<\/div>\n<\/div>\n<\/div>\n<\/div>","protected":false},"excerpt":{"rendered":"<p>D\u00e9couvre l&#8217;<b>Amnesia Fast Version<\/b>, la sativa \u00e0 floraison rapide qui combine <strong>puissance, facilit\u00e9 de culture et saveurs d&#8217;agrumes<\/strong> irr\u00e9sistibles. Parfaite pour les cultivateurs de tous niveaux, elle offre des r\u00e9coltes abondantes et un <strong>effet psychoactif qui t&#8217;\u00e9l\u00e8ve<\/strong>. Id\u00e9ale pour les climats avec des \u00e9t\u00e9s courts.<\/p>\n","protected":false},"featured_media":9002,"comment_status":"open","ping_status":"closed","template":"","meta":{"_acf_changed":false,"inline_featured_image":false,"_uag_custom_page_level_css":""},"product_brand":[],"product_cat":[3567],"product_tag":[],"class_list":{"0":"post-10919","1":"product","2":"type-product","3":"status-publish","4":"has-post-thumbnail","6":"product_cat-graines-fast-version","8":"first","9":"instock","10":"taxable","11":"shipping-taxable","12":"purchasable","13":"product-type-simple"},"acf":[],"uagb_featured_image_src":{"full":["https:\/\/bulkgenetics.com\/wp-content\/uploads\/2022\/09\/Amnesia-Fast.jpg",1600,1600,false],"thumbnail":["https:\/\/bulkgenetics.com\/wp-content\/uploads\/2022\/09\/Amnesia-Fast-150x150.jpg",150,150,true],"medium":["https:\/\/bulkgenetics.com\/wp-content\/uploads\/2022\/09\/Amnesia-Fast-300x300.jpg",300,300,true],"medium_large":["https:\/\/bulkgenetics.com\/wp-content\/uploads\/2022\/09\/Amnesia-Fast-768x768.jpg",768,768,true],"large":["https:\/\/bulkgenetics.com\/wp-content\/uploads\/2022\/09\/Amnesia-Fast-1024x1024.jpg",1024,1024,true],"1536x1536":["https:\/\/bulkgenetics.com\/wp-content\/uploads\/2022\/09\/Amnesia-Fast-1536x1536.jpg",1536,1536,true],"2048x2048":["https:\/\/bulkgenetics.com\/wp-content\/uploads\/2022\/09\/Amnesia-Fast.jpg",1600,1600,false],"commercegurus-pdp-large":["https:\/\/bulkgenetics.com\/wp-content\/uploads\/2022\/09\/Amnesia-Fast-990x990.jpg",990,990,true],"commercegurus-plp-mobile":["https:\/\/bulkgenetics.com\/wp-content\/uploads\/2022\/09\/Amnesia-Fast-441x441.jpg",441,441,true],"cgkit_image_swatch":["https:\/\/bulkgenetics.com\/wp-content\/uploads\/2022\/09\/Amnesia-Fast-100x100.jpg",100,100,true],"woocommerce_thumbnail":["https:\/\/bulkgenetics.com\/wp-content\/uploads\/2022\/09\/Amnesia-Fast-300x300.jpg",300,300,true],"woocommerce_single":["https:\/\/bulkgenetics.com\/wp-content\/uploads\/2022\/09\/Amnesia-Fast-800x800.jpg",800,800,true],"woocommerce_gallery_thumbnail":["https:\/\/bulkgenetics.com\/wp-content\/uploads\/2022\/09\/Amnesia-Fast-150x150.jpg",150,150,true],"dgwt-wcas-product-suggestion":["https:\/\/bulkgenetics.com\/wp-content\/uploads\/2022\/09\/Amnesia-Fast-64x64.jpg",64,64,true]},"uagb_author_info":{"display_name":"Bruno Crespo","author_link":"https:\/\/bulkgenetics.com\/fr\/author\/"},"uagb_comment_info":0,"uagb_excerpt":"D\u00e9couvre l'Amnesia Fast Version, la sativa \u00e0 floraison rapide qui combine puissance, facilit\u00e9 de culture et saveurs d'agrumes irr\u00e9sistibles. Parfaite pour les cultivateurs de tous niveaux, elle offre des r\u00e9coltes abondantes et un effet psychoactif qui t'\u00e9l\u00e8ve. Id\u00e9ale pour les climats avec des \u00e9t\u00e9s courts.","_links":{"self":[{"href":"https:\/\/bulkgenetics.com\/fr\/wp-json\/wp\/v2\/product\/10919","targetHints":{"allow":["GET"]}}],"collection":[{"href":"https:\/\/bulkgenetics.com\/fr\/wp-json\/wp\/v2\/product"}],"about":[{"href":"https:\/\/bulkgenetics.com\/fr\/wp-json\/wp\/v2\/types\/product"}],"replies":[{"embeddable":true,"href":"https:\/\/bulkgenetics.com\/fr\/wp-json\/wp\/v2\/comments?post=10919"}],"wp:featuredmedia":[{"embeddable":true,"href":"https:\/\/bulkgenetics.com\/fr\/wp-json\/wp\/v2\/media\/9002"}],"wp:attachment":[{"href":"https:\/\/bulkgenetics.com\/fr\/wp-json\/wp\/v2\/media?parent=10919"}],"wp:term":[{"taxonomy":"product_brand","embeddable":true,"href":"https:\/\/bulkgenetics.com\/fr\/wp-json\/wp\/v2\/product_brand?post=10919"},{"taxonomy":"product_cat","embeddable":true,"href":"https:\/\/bulkgenetics.com\/fr\/wp-json\/wp\/v2\/product_cat?post=10919"},{"taxonomy":"product_tag","embeddable":true,"href":"https:\/\/bulkgenetics.com\/fr\/wp-json\/wp\/v2\/product_tag?post=10919"}],"curies":[{"name":"wp","href":"https:\/\/api.w.org\/{rel}","templated":true}]}}