{"id":10929,"date":"2022-09-26T17:37:32","date_gmt":"2022-09-26T15:37:32","guid":{"rendered":"https:\/\/www.bulkgenetics.com\/canal-2\/"},"modified":"2024-10-08T01:19:00","modified_gmt":"2024-10-07T23:19:00","slug":"channel","status":"publish","type":"product","link":"https:\/\/bulkgenetics.com\/fr\/channel\/","title":{"rendered":"Channel"},"content":{"rendered":"\n<p><strong>Channel <\/strong>est une vari\u00e9t\u00e9 de cannabis c\u00e9l\u00e8bre pour sa fiabilit\u00e9. Si vous recherchez une plante facile \u00e0 cultiver et rapide \u00e0 fleurir, mais qui soit \u00e0 la fois productive et puissante, cette g\u00e9n\u00e9tique est certainement faites pour vous !<\/p>\n\n\n\n<p>Il s&#8217;agit d&#8217;une s\u00e9lection de Channel + de Medical Seeds durant laquelle a \u00e9t\u00e9 s\u00e9lectionn\u00e9 la m\u00e8re la plus rapide et la plus productive, mais \u00e9galement la plus r\u00e9sistante.<\/p>\n\n\n\n<p>Il s&#8217;agit d&#8217;un<strong> hybride Big Bud x Afghani<\/strong> avec une l\u00e9g\u00e8re dominance Indica. Cependant, elle poss\u00e8de aussi certains traits sativa, comme par exemple ses feuilles aux p\u00e9tioles pointus.<\/p>\n\n\n\n<h2 class=\"wp-block-heading\">Comment cultiver la Channel<\/h2>\n\n\n\n<p>Cette plante est certainement l&#8217;une des plus faciles \u00e0 cultiver. Elle convient aussi bien pour l&#8217;int\u00e9rieur que pour l&#8217;ext\u00e9rieur et r\u00e9siste tr\u00e8s bien aux erreurs du cultivateur. M\u00eame si elle tol\u00e8re bien des doses \u00e9lev\u00e9es d&#8217;engrais, elle est capable de fournir une herbe de premi\u00e8re qualit\u00e9 avec des doses minimales de nutriments.<\/p>\n\n\n\n<p><strong>En ext\u00e9rieur<\/strong>, bien qu&#8217;elle pr\u00e9f\u00e8re les climats ensoleill\u00e9s et temp\u00e9r\u00e9s comme la M\u00e9diterran\u00e9e, les graines de Channel en vrac s&#8217;adapteront \u00e0 n&#8217;importe quel environnement.<\/p>\n\n\n\n<p>Sa croissance est tr\u00e8s vigoureuse et les plus grandes plantes peuvent atteindre 250 cm. Sa structure est typique d&#8217;un sapin, avec des entre-n\u0153uds courts et des branches fortes capables de supporter le poids des t\u00eates.<\/p>\n\n\n\n<p><strong>\u00c0 l&#8217;int\u00e9rieur,<\/strong> elle s&#8217;adapte \u00e0 toutes les techniques de culture. Que ce soit un SOG \u00e0 partir de petites boutures, un SCROG en raison de sa facilit\u00e9 \u00e0 se ramifier et \u00e0 couvrir de grands espaces en quelques semaines.<\/p>\n\n\n\n<p>Gr\u00e2ce \u00e0 son patrimoine g\u00e9n\u00e9tique, en floraison, les odeurs sont tr\u00e8s intenses. Si voulez \u00e9viter les probl\u00e8mes avec les voisins, l&#8217;utilisation d&#8217;un bon filtre \u00e0 charbon est obligatoire.<\/p>\n\n\n\n<h2 class=\"wp-block-heading\">Caract\u00e9ristiques de la <strong>Channel <\/strong><\/h2>\n\n\n\n<p>Tous les cultivateurs veulent une r\u00e9colte avec des grosses t\u00eates r\u00e9sineuses. Et bien, Channel ne d\u00e9\u00e7oit pas non plus sur ce point. Il faut cependant souligner, qu&#8217;en raison de la densit\u00e9 des fleurs, une bonne ventilation doit \u00eatre assur\u00e9e, elles ont en effet tendance \u00e0 \u00eatre assez sensibles aux moisissures.<\/p>\n\n\n\n<p><strong>L&#8217;ar\u00f4me et le go\u00fbt sont d\u00e9licieux<\/strong>. Il sera possible de profiter de notes sucr\u00e9 de miel avec des touches florales et de hash sur un fond acide.<\/p>\n\n\n\n<p><strong>Les effets sont puissants.<\/strong>  Apr\u00e8s un d\u00e9but euphorique d\u00fb \u00e0 une l\u00e9g\u00e8re influence Sativa, les sensations deviennent tr\u00e8s relaxantes et calmes. Elle est parfaite pour l&#8217;insomnie et les petites douleurs.<\/p>\n\n\n\n<p>Un autre point fort de notre Channel en vrac est son rendement. <strong>En ext\u00e9rieur, vous r\u00e9colterez \u00e0 la fin du mois de septembre<\/strong>. Les plantes les plus grandes d\u00e9passeront<strong> le kilo<\/strong>.<\/p>\n\n\n\n<p><strong>En int\u00e9rieur,<\/strong> \u00e0 partir du changement de photop\u00e9riode, elle se r\u00e9colte en seulement <strong>45-50 jours<\/strong>. C&#8217;est aussi une vari\u00e9t\u00e9 super-productive qui, dans des cultures optimis\u00e9es, donnera un rendement de <strong>600 grammes par m\u00b2<\/strong>.<\/p>\n\n\n\n<div style=\"height:50px\" aria-hidden=\"true\" class=\"wp-block-spacer uag-hide-mob\"><\/div>\n\n\n\n<div class=\"wp-block-columns is-layout-flex wp-container-core-columns-is-layout-28f84493 wp-block-columns-is-layout-flex\">\n<div class=\"wp-block-column is-layout-flow wp-block-column-is-layout-flow\">\n<p class=\"has-text-align-center has-medium-font-size\"><strong>Ce que nous aimons le plus<\/strong><\/p>\n\n\n\n<ul class=\"wp-block-list\">\n<li>Tr\u00e8s facile \u00e0 cultiver et tr\u00e8s r\u00e9sistante.<\/li>\n\n\n\n<li>Floraison tr\u00e8s rapide.<\/li>\n\n\n\n<li>Production tr\u00e8s \u00e9lev\u00e9e.<\/li>\n\n\n\n<li>Des effets puissants.<\/li>\n\n\n\n<li>Son prix.<\/li>\n<\/ul>\n<\/div>\n\n\n\n<div class=\"wp-block-column is-layout-flow wp-block-column-is-layout-flow\">\n<p class=\"has-text-align-center has-medium-font-size\"><strong>Ce que nous aimons le moins<\/strong><\/p>\n\n\n\n<ul class=\"wp-block-list\">\n<li>Odeur intense en floraison.<\/li>\n\n\n\n<li>Un peu sensible aux moisissures pendant la floraison.<\/li>\n<\/ul>\n<\/div>\n<\/div>\n\n\n\n<div style=\"height:50px\" aria-hidden=\"true\" class=\"wp-block-spacer uag-hide-mob\"><\/div>\n\n\n\n<h2 class=\"wp-block-heading\">Questions fr\u00e9quemment pos\u00e9es<\/h2>\n\n\n\n<p>Nous r\u00e9pondons ici \u00e0 certaines des questions les plus courantes sur cette vari\u00e9t\u00e9.<\/p>\n\n\n<div id=\"rank-math-faq\" class=\"rank-math-block\">\n<div class=\"rank-math-list \">\n<div id=\"faq-question-1663029074962\" class=\"rank-math-list-item\">\n<h3 class=\"rank-math-question \">Quand commence la floraison de la Channel en ext\u00e9rieur ? <\/h3>\n<div class=\"rank-math-answer \">\n\n<p>La floraison en ext\u00e9rieur commence entre mi-juillet et d\u00e9but ao\u00fbt.<\/p>\n\n<\/div>\n<\/div>\n<div id=\"faq-question-1663029159933\" class=\"rank-math-list-item\">\n<h3 class=\"rank-math-question \">Quand r\u00e9colter une Channel en ext\u00e9rieure ?<\/h3>\n<div class=\"rank-math-answer \">\n\n<p>La p\u00e9riode de floraison est tr\u00e8s rapide et elle peut \u00eatre r\u00e9colt\u00e9e pendant la deuxi\u00e8me moiti\u00e9 de septembre.<\/p>\n\n<\/div>\n<\/div>\n<div id=\"faq-question-1663029165861\" class=\"rank-math-list-item\">\n<h3 class=\"rank-math-question \">Comment faire pousser une Channel f\u00e9minis\u00e9e ?<\/h3>\n<div class=\"rank-math-answer \">\n\n<p>C&#8217;est une vari\u00e9t\u00e9 qui vous donnera des t\u00eates de qualit\u00e9 sup\u00e9rieure avec peu d&#8217;efforts. Un bon substrat, des nutriments, de l&#8217;eau et du soleil, tout ce dont elle a besoin pour se d\u00e9velopper.<\/p>\n\n<\/div>\n<\/div>\n<div id=\"faq-question-1664263543315\" class=\"rank-math-list-item\">\n<h3 class=\"rank-math-question \">Quels sont les effets de la Channel en vrac ?<\/h3>\n<div class=\"rank-math-answer \">\n\n<p>Au d\u00e9but, les effets sont psychoactifs et c\u00e9r\u00e9braux, par la suite les sensations deviennent tr\u00e8s relaxantes et positives.<\/p>\n\n<\/div>\n<\/div>\n<\/div>\n<\/div>","protected":false},"excerpt":{"rendered":"<p>Channel est une vari\u00e9t\u00e9 qui a tout ce que les cultivateurs recherchent. Elle est tr\u00e8s facile \u00e0 cultiver en int\u00e9rieur et en ext\u00e9rieur, elle a un temps de floraison tr\u00e8s rapide, le rendement est tr\u00e8s \u00e9lev\u00e9 et les t\u00eates sont \u00e9normes, super collantes, d\u00e9licieuses et tr\u00e8s puissantes. Dans l&#8217;ensemble, c&#8217;est une plante parfaite qui pla\u00eet \u00e0 tout le monde.<\/p>\n","protected":false},"featured_media":9137,"comment_status":"open","ping_status":"closed","template":"","meta":{"_acf_changed":false,"inline_featured_image":false,"_uag_custom_page_level_css":""},"product_brand":[],"product_cat":[1125],"product_tag":[],"class_list":{"0":"post-10929","1":"product","2":"type-product","3":"status-publish","4":"has-post-thumbnail","6":"product_cat-graines-feminisees-en-gros","8":"first","9":"outofstock","10":"taxable","11":"shipping-taxable","12":"purchasable","13":"product-type-simple"},"acf":[],"uagb_featured_image_src":{"full":["https:\/\/bulkgenetics.com\/wp-content\/uploads\/2022\/09\/Channel.jpg",1600,1600,false],"thumbnail":["https:\/\/bulkgenetics.com\/wp-content\/uploads\/2022\/09\/Channel-150x150.jpg",150,150,true],"medium":["https:\/\/bulkgenetics.com\/wp-content\/uploads\/2022\/09\/Channel-300x300.jpg",300,300,true],"medium_large":["https:\/\/bulkgenetics.com\/wp-content\/uploads\/2022\/09\/Channel-768x768.jpg",768,768,true],"large":["https:\/\/bulkgenetics.com\/wp-content\/uploads\/2022\/09\/Channel-1024x1024.jpg",1024,1024,true],"1536x1536":["https:\/\/bulkgenetics.com\/wp-content\/uploads\/2022\/09\/Channel-1536x1536.jpg",1536,1536,true],"2048x2048":["https:\/\/bulkgenetics.com\/wp-content\/uploads\/2022\/09\/Channel.jpg",1600,1600,false],"commercegurus-pdp-large":["https:\/\/bulkgenetics.com\/wp-content\/uploads\/2022\/09\/Channel-990x990.jpg",990,990,true],"commercegurus-plp-mobile":["https:\/\/bulkgenetics.com\/wp-content\/uploads\/2022\/09\/Channel-441x441.jpg",441,441,true],"cgkit_image_swatch":["https:\/\/bulkgenetics.com\/wp-content\/uploads\/2022\/09\/Channel-100x100.jpg",100,100,true],"woocommerce_thumbnail":["https:\/\/bulkgenetics.com\/wp-content\/uploads\/2022\/09\/Channel-300x300.jpg",300,300,true],"woocommerce_single":["https:\/\/bulkgenetics.com\/wp-content\/uploads\/2022\/09\/Channel-800x800.jpg",800,800,true],"woocommerce_gallery_thumbnail":["https:\/\/bulkgenetics.com\/wp-content\/uploads\/2022\/09\/Channel-150x150.jpg",150,150,true],"dgwt-wcas-product-suggestion":["https:\/\/bulkgenetics.com\/wp-content\/uploads\/2022\/09\/Channel-64x64.jpg",64,64,true]},"uagb_author_info":{"display_name":"J\u00e9r\u00f4me","author_link":"https:\/\/bulkgenetics.com\/fr\/author\/"},"uagb_comment_info":0,"uagb_excerpt":"Channel est une vari\u00e9t\u00e9 qui a tout ce que les cultivateurs recherchent. Elle est tr\u00e8s facile \u00e0 cultiver en int\u00e9rieur et en ext\u00e9rieur, elle a un temps de floraison tr\u00e8s rapide, le rendement est tr\u00e8s \u00e9lev\u00e9 et les t\u00eates sont \u00e9normes, super collantes, d\u00e9licieuses et tr\u00e8s puissantes. Dans l'ensemble, c'est une plante parfaite qui pla\u00eet\u2026","_links":{"self":[{"href":"https:\/\/bulkgenetics.com\/fr\/wp-json\/wp\/v2\/product\/10929","targetHints":{"allow":["GET"]}}],"collection":[{"href":"https:\/\/bulkgenetics.com\/fr\/wp-json\/wp\/v2\/product"}],"about":[{"href":"https:\/\/bulkgenetics.com\/fr\/wp-json\/wp\/v2\/types\/product"}],"replies":[{"embeddable":true,"href":"https:\/\/bulkgenetics.com\/fr\/wp-json\/wp\/v2\/comments?post=10929"}],"wp:featuredmedia":[{"embeddable":true,"href":"https:\/\/bulkgenetics.com\/fr\/wp-json\/wp\/v2\/media\/9137"}],"wp:attachment":[{"href":"https:\/\/bulkgenetics.com\/fr\/wp-json\/wp\/v2\/media?parent=10929"}],"wp:term":[{"taxonomy":"product_brand","embeddable":true,"href":"https:\/\/bulkgenetics.com\/fr\/wp-json\/wp\/v2\/product_brand?post=10929"},{"taxonomy":"product_cat","embeddable":true,"href":"https:\/\/bulkgenetics.com\/fr\/wp-json\/wp\/v2\/product_cat?post=10929"},{"taxonomy":"product_tag","embeddable":true,"href":"https:\/\/bulkgenetics.com\/fr\/wp-json\/wp\/v2\/product_tag?post=10929"}],"curies":[{"name":"wp","href":"https:\/\/api.w.org\/{rel}","templated":true}]}}