{"id":10944,"date":"2022-09-26T12:47:01","date_gmt":"2022-09-26T10:47:01","guid":{"rendered":"https:\/\/www.bulkgenetics.com\/tarte-aux-cerises-2\/"},"modified":"2024-10-08T01:19:00","modified_gmt":"2024-10-07T23:19:00","slug":"cherry-pie","status":"publish","type":"product","link":"https:\/\/bulkgenetics.com\/fr\/cherry-pie\/","title":{"rendered":"Cherry Pie"},"content":{"rendered":"\n<p><strong>Cherry Pie<\/strong> est une l\u00e9gende cannabique qui a conquis le c\u0153ur des cultivateurs et des consommateurs. Cette strain hybride est le r\u00e9sultat d\u2019un croisement magistral entre <strong><a href=\"https:\/\/bulkgenetics.com\/fr\/granddaddy-purple\/\">Granddaddy Purple<\/a><\/strong> et <strong><a href=\"https:\/\/bulkgenetics.com\/fr\/durban-poison\/\">Durban Poison<\/a><\/strong>, deux titans du monde du cannabis. Originaire de la vibrante sc\u00e8ne cannabique de San Francisco, Cherry Pie est une cr\u00e9ation de Pieguy, raffin\u00e9e par Jigga, le g\u00e9nie derri\u00e8re le Cookie Family.<\/p>\n\n\n\n<p>Les <strong>graines de Cherry Pie<\/strong> garantissent des plantes robustes et compactes. Ses t\u00eates sont un spectacle visuel, denses et \u00e9paisses, orn\u00e9es de pistils orange vibrants et de touches de violet, h\u00e9ritage de son parent Granddaddy Purple. Les fleurs sont couvertes d&#8217;une couche brillante de trichomes, leur donnant une apparence glac\u00e9e qui promet une riche exp\u00e9rience en r\u00e9sine.<\/p>\n\n\n\n<h2 class=\"wp-block-heading\">Saveur et Effets<\/h2>\n\n\n\n<p>La saveur de <strong>Cherry Pie<\/strong> est un v\u00e9ritable d\u00e9lice pour les sens. En broyant les t\u00eates, un ar\u00f4me de p\u00e2tisserie fra\u00eechement cuite avec des notes de cerise et une l\u00e9g\u00e8re pointe acidul\u00e9e envahit l&#8217;air. En la go\u00fbtant, la douceur se manifeste \u00e0 l&#8217;inhalation, suivie d&#8217;une saveur \u00e9pic\u00e9e et l\u00e9g\u00e8rement acidul\u00e9e \u00e0 l&#8217;exhalation, courtoisie de Durban Poison.<\/p>\n\n\n\n<p>Avec un taux de <strong>THC<\/strong> oscillant entre 18% et 24%, et un <strong>CBD<\/strong> quasiment inexistant, Cherry Pie offre un \u00e9quilibre parfait entre relaxation et fonctionnalit\u00e9. Bien qu&#8217;elle soit principalement indica, ses effets ne te cloueront pas au canap\u00e9. Tu ressentiras une profonde relaxation corporelle, accompagn\u00e9e d&#8217;une l\u00e9g\u00e8re euphorie qui garde l&#8217;esprit clair et actif. Parfaite pour soulager le stress, l&#8217;anxi\u00e9t\u00e9 et la douleur, tout en conservant la capacit\u00e9 d&#8217;accomplir tes t\u00e2ches quotidiennes.<\/p>\n\n\n\n<h3 class=\"wp-block-heading\">Terp\u00e8nes de Cherry Pie<\/h3>\n\n\n\n<p>Cherry Pie est riche en terp\u00e8nes, le plus dominant \u00e9tant le <strong>myrc\u00e8ne<\/strong>, qui apporte un ar\u00f4me herbac\u00e9 et poss\u00e8de des propri\u00e9t\u00e9s relaxantes. Le <strong>caryophyll\u00e8ne<\/strong>, avec son parfum poivr\u00e9, contribue \u00e0 la sensation de calme et poss\u00e8de des effets anti-inflammatoires. Le <strong>pin\u00e8ne<\/strong>, rappelant l&#8217;odeur fra\u00eeche des pins, am\u00e9liore non seulement l&#8217;humeur mais poss\u00e8de aussi des propri\u00e9t\u00e9s bronchodilatatrices.<\/p>\n\n\n\n<p>Ces terp\u00e8nes enrichissent non seulement l&#8217;exp\u00e9rience sensorielle mais potentialisent \u00e9galement les effets th\u00e9rapeutiques de Cherry Pie. De la r\u00e9duction de la douleur musculaire \u00e0 l&#8217;att\u00e9nuation de l&#8217;anxi\u00e9t\u00e9, chaque inhalation est une combinaison parfaite de saveur et de bienfaits m\u00e9dicinaux. Le m\u00e9lange de myrc\u00e8ne, caryophyll\u00e8ne et pin\u00e8ne fait de Cherry Pie une strain id\u00e9ale pour ceux qui recherchent une exp\u00e9rience relaxante et r\u00e9confortante sans sacrifier la clart\u00e9 mentale.<\/p>\n\n\n\n<h2 class=\"wp-block-heading\">Production et Temps de Floraison<\/h2>\n\n\n\n<p>Cherry Pie est une excellente option tant pour les cultivateurs novices que pour les plus exp\u00e9riment\u00e9s, gr\u00e2ce \u00e0 sa robustesse et son rendement fiable. En culture int\u00e9rieure, elle produit une r\u00e9colte de 450 \u00e0 500 grammes par m\u00e8tre carr\u00e9. Les t\u00eates seront pr\u00eates pour la r\u00e9colte apr\u00e8s une p\u00e9riode de floraison de 8 \u00e0 9 semaines, offrant une production de haute qualit\u00e9 en un temps relativement court.<\/p>\n\n\n\n<p>En ext\u00e9rieur, Cherry Pie montre \u00e9galement qu&#8217;elle est une championne. Les plantes peuvent atteindre 1,5 \u00e0 2 m\u00e8tres et offrent une production de 500 \u00e0 700 grammes par plante. Le meilleur moment pour la r\u00e9colte est fin octobre, garantissant que les plantes profitent pleinement des longues journ\u00e9es ensoleill\u00e9es de l&#8217;\u00e9t\u00e9. Avec une bonne exposition au soleil et des soins appropri\u00e9s, Cherry Pie peut produire une r\u00e9colte abondante de t\u00eates denses et r\u00e9sineuses.<\/p>\n\n\n<p>Cette strain n\u2019est pas seulement appr\u00e9ci\u00e9e pour son rendement, mais aussi pour son adaptabilit\u00e9. Cherry Pie peut prosp\u00e9rer aussi bien dans des climats chauds et humides qu&#8217;en int\u00e9rieur avec contr\u00f4le climatique, ce qui en fait un choix polyvalent pour les cultivateurs de diverses r\u00e9gions. En maintenant l&#8217;humidit\u00e9 relative autour de 55%-60% pendant la phase v\u00e9g\u00e9tative et en la r\u00e9duisant \u00e0 40% pendant la floraison, on peut assurer un d\u00e9veloppement optimal et pr\u00e9venir des probl\u00e8mes comme la moisissure.<\/p>\n\n\n\n<h2 class=\"wp-block-heading\">Comment Cultiver Cherry Pie<\/h2>\n\n\n\n<p>La culture de <strong>Cherry Pie<\/strong> est une exp\u00e9rience gratifiante tant pour les d\u00e9butants que pour les experts. Cette strain est connue pour sa robustesse et sa facilit\u00e9 de culture, ce qui en fait un excellent choix pour ceux qui commencent tout juste dans le monde du cannabis. Cherry Pie est relativement facile \u00e0 g\u00e9rer, mais offre tout de m\u00eame des rendements impressionnants.<\/p>\n\n\n\n<p>Pour obtenir les meilleurs r\u00e9sultats, Cherry Pie prosp\u00e8re dans un climat chaud et humide, semblable au climat m\u00e9diterran\u00e9en. En int\u00e9rieur, il est recommand\u00e9 de maintenir les temp\u00e9ratures diurnes entre 20\u00b0C et 26\u00b0C, et les temp\u00e9ratures nocturnes entre 15\u00b0C et 22\u00b0C. Il est important de contr\u00f4ler l&#8217;humidit\u00e9 relative, en la maintenant entre 55% et 60% pendant la phase v\u00e9g\u00e9tative et en la r\u00e9duisant \u00e0 environ 40% pendant la floraison. En ext\u00e9rieur, les plantes doivent \u00eatre plant\u00e9es en avril pour une r\u00e9colte \u00e0 la mi-octobre, en s&#8217;assurant qu&#8217;elles re\u00e7oivent la quantit\u00e9 maximale de lumi\u00e8re solaire possible.<\/p>\n\n\n\n<p>Cherry Pie est r\u00e9sistante aux parasites et aux maladies, ce qui minimise le risque de probl\u00e8mes pendant la croissance. Cependant, il est essentiel de surveiller de pr\u00e8s les plantes et de maintenir un environnement propre pour pr\u00e9venir toute infestation ou maladie. Utiliser un bon substrat, comme la perlite, la tourbe ou la fibre de coco, peut aider \u00e0 retenir l&#8217;humidit\u00e9 et \u00e0 fournir les nutriments n\u00e9cessaires pour une croissance saine.<\/p>\n\n\n\n<div style=\"height:50px\" aria-hidden=\"true\" class=\"wp-block-spacer uag-hide-mob\"><\/div>\n\n\n\n<div class=\"wp-block-columns is-layout-flex wp-container-core-columns-is-layout-28f84493 wp-block-columns-is-layout-flex\">\n<div class=\"wp-block-column is-layout-flow wp-block-column-is-layout-flow\">\n<p class=\"has-text-align-center has-medium-font-size\"><strong>Ce que nous aimons le plus<\/strong><\/p>\n\n\n\n<ul class=\"wp-block-list\">\n<li>Sa robustesse et sa facilit\u00e9 de culture, id\u00e9ale pour tous les niveaux d&#8217;exp\u00e9rience.<\/li>\n\n\n\n<li>L&#8217;\u00e9quilibre parfait entre relaxation et clart\u00e9 mentale.<\/li>\n\n\n\n<li>Son go\u00fbt et son ar\u00f4me uniques, rappelant une d\u00e9licieuse tarte \u00e0 la cerise.<\/li>\n\n\n\n<li>L&#8217;apparence impressionnante de ses t\u00eates denses et r\u00e9sineuses.<\/li>\n<\/ul>\n<\/div>\n\n\n\n<div class=\"wp-block-column is-layout-flow wp-block-column-is-layout-flow\">\n<p class=\"has-text-align-center has-medium-font-size\"><strong>Ce que nous aimons le moins<\/strong><\/p>\n\n\n\n<ul class=\"wp-block-list\">\n<li>Peut causer une s\u00e9cheresse des yeux et de la bouche.<\/li>\n\n\n\n<li>Le fort ar\u00f4me peut poser probl\u00e8me pour ceux qui recherchent la discr\u00e9tion.<\/li>\n<\/ul>\n<\/div>\n<\/div>\n\n\n\n<div style=\"height:50px\" aria-hidden=\"true\" class=\"wp-block-spacer uag-hide-mob\"><\/div>\n\n\n\n<h2 class=\"wp-block-heading\">Questions Fr\u00e9quentes<\/h2>\n\n\n\n<p>Voici quelques-unes des questions les plus fr\u00e9quentes pos\u00e9es par les cultivateurs int\u00e9ress\u00e9s par ces graines f\u00e9minis\u00e9es en vrac :<\/p>\n\n\n<div id=\"rank-math-faq\" class=\"rank-math-block\">\n<div class=\"rank-math-list \">\n<div id=\"faq-question-1663029074962\" class=\"rank-math-list-item\">\n<h3 class=\"rank-math-question \">Quand commence la floraison de Cherry Pie en ext\u00e9rieur ?<\/h3>\n<div class=\"rank-math-answer \">\n\n<p>Si vous cultivez nos graines en vrac Cherry Pie, la floraison commence normalement pendant la premi\u00e8re quinzaine de juillet.<\/p>\n\n<\/div>\n<\/div>\n<div id=\"faq-question-1663029159933\" class=\"rank-math-list-item\">\n<h3 class=\"rank-math-question \">Quand r\u00e9colter une Cherry Pie ?<\/h3>\n<div class=\"rank-math-answer \">\n\n<p>Cherry Pie a un temps de floraison relativement court, d&#8217;environ 8 \u00e0 10 semaines en int\u00e9rieur. En ext\u00e9rieur, les plantes sont pr\u00eates pour la r\u00e9colte fin octobre. Ce temps de floraison rapide est id\u00e9al pour les cultivateurs cherchant des r\u00e9sultats efficaces et des r\u00e9coltes abondantes.<\/p>\n\n<\/div>\n<\/div>\n<div id=\"faq-question-1663029165861\" class=\"rank-math-list-item\">\n<h3 class=\"rank-math-question \">Comment cultiver une Cherry Pie f\u00e9minis\u00e9e ?<\/h3>\n<div class=\"rank-math-answer \">\n\n<p>C&#8217;est une vari\u00e9t\u00e9 que tout cultivateur pourra r\u00e9ussir sans probl\u00e8me. Elle s&#8217;adapte aussi bien \u00e0 l&#8217;int\u00e9rieur qu&#8217;\u00e0 l&#8217;ext\u00e9rieur. Elle pr\u00e9f\u00e8re les climats ensoleill\u00e9s.<\/p>\n\n<\/div>\n<\/div>\n<div id=\"faq-question-1664202874888\" class=\"rank-math-list-item\">\n<h3 class=\"rank-math-question \">Quels sont les effets de Cherry Pie en vrac ?<\/h3>\n<div class=\"rank-math-answer \">\n\n<p>Cherry Pie offre un \u00e9quilibre parfait entre relaxation et fonctionnalit\u00e9. Ses effets incluent une profonde relaxation corporelle, accompagn\u00e9e d&#8217;une l\u00e9g\u00e8re euphorie qui garde l&#8217;esprit clair et actif. Elle est id\u00e9ale pour soulager le stress, l&#8217;anxi\u00e9t\u00e9 et la douleur, permettant aux utilisateurs de r\u00e9aliser leurs t\u00e2ches quotidiennes sans se sentir submerg\u00e9s.<\/p>\n\n<\/div>\n<\/div>\n<div id=\"faq-question-1719996355480\" class=\"rank-math-list-item\">\n<h3 class=\"rank-math-question \">Cherry Pie est-elle sativa ou indica ?<\/h3>\n<div class=\"rank-math-answer \">\n\n<p>Cherry Pie est une vari\u00e9t\u00e9 hybride principalement indica. Bien qu&#8217;elle ait des \u00e9l\u00e9ments de sativa gr\u00e2ce \u00e0 son lignage Durban Poison, la majorit\u00e9 de ses caract\u00e9ristiques et effets tendent vers le c\u00f4t\u00e9 indica, ce qui signifie qu&#8217;elle procure une sensation de relaxation profonde et de soulagement physique. Les vari\u00e9t\u00e9s indica sont g\u00e9n\u00e9ralement plus adapt\u00e9es pour la nuit et pour soulager le stress et la douleur, tandis que les sativas sont plus \u00e9nergisantes et stimulantes, id\u00e9ales pour un usage diurne.<\/p>\n\n<\/div>\n<\/div>\n<\/div>\n<\/div>\n\n\n\n\nCherry Pie Strain ???? Ar\u00f4me Sucr\u00e9 et Effets Puissants\n\n\nD\u00e9couvrez Cherry Pie \u2b50 une vari\u00e9t\u00e9 avec un THC de 18-24%, facile \u00e0 cultiver et avec des effets euphoriques. Id\u00e9ale pour soulager le stress et la douleur. Achetez maintenant !\n\n\n","protected":false},"excerpt":{"rendered":"<p><b>Cherry Pie<\/b> est une vari\u00e9t\u00e9 hybride exquise qui combine le go\u00fbt sucr\u00e9 de <strong>tarte aux cerises<\/strong> avec des effets relaxants et euphoriques. Avec un contenu en <strong>THC de 18-24%<\/strong> et facile \u00e0 cultiver, elle est parfaite pour soulager le stress et la douleur. Faites-la v\u00f4tre et profitez d&#8217;une exp\u00e9rience unique et d\u00e9licieuse !<\/p>\n","protected":false},"featured_media":10961,"comment_status":"open","ping_status":"closed","template":"","meta":{"_acf_changed":false,"inline_featured_image":false,"_uag_custom_page_level_css":""},"product_brand":[],"product_cat":[1125],"product_tag":[],"class_list":{"0":"post-10944","1":"product","2":"type-product","3":"status-publish","4":"has-post-thumbnail","6":"product_cat-graines-feminisees-en-gros","8":"first","9":"instock","10":"sale","11":"taxable","12":"shipping-taxable","13":"purchasable","14":"product-type-simple"},"acf":[],"uagb_featured_image_src":{"full":["https:\/\/bulkgenetics.com\/wp-content\/uploads\/2022\/09\/CHERRY-PIE-1.jpg",1600,1600,false],"thumbnail":["https:\/\/bulkgenetics.com\/wp-content\/uploads\/2022\/09\/CHERRY-PIE-1-150x150.jpg",150,150,true],"medium":["https:\/\/bulkgenetics.com\/wp-content\/uploads\/2022\/09\/CHERRY-PIE-1-300x300.jpg",300,300,true],"medium_large":["https:\/\/bulkgenetics.com\/wp-content\/uploads\/2022\/09\/CHERRY-PIE-1-768x768.jpg",768,768,true],"large":["https:\/\/bulkgenetics.com\/wp-content\/uploads\/2022\/09\/CHERRY-PIE-1-1024x1024.jpg",1024,1024,true],"1536x1536":["https:\/\/bulkgenetics.com\/wp-content\/uploads\/2022\/09\/CHERRY-PIE-1-1536x1536.jpg",1536,1536,true],"2048x2048":["https:\/\/bulkgenetics.com\/wp-content\/uploads\/2022\/09\/CHERRY-PIE-1.jpg",1600,1600,false],"commercegurus-pdp-large":["https:\/\/bulkgenetics.com\/wp-content\/uploads\/2022\/09\/CHERRY-PIE-1-990x990.jpg",990,990,true],"commercegurus-plp-mobile":["https:\/\/bulkgenetics.com\/wp-content\/uploads\/2022\/09\/CHERRY-PIE-1-441x441.jpg",441,441,true],"cgkit_image_swatch":["https:\/\/bulkgenetics.com\/wp-content\/uploads\/2022\/09\/CHERRY-PIE-1-100x100.jpg",100,100,true],"woocommerce_thumbnail":["https:\/\/bulkgenetics.com\/wp-content\/uploads\/2022\/09\/CHERRY-PIE-1-300x300.jpg",300,300,true],"woocommerce_single":["https:\/\/bulkgenetics.com\/wp-content\/uploads\/2022\/09\/CHERRY-PIE-1-800x800.jpg",800,800,true],"woocommerce_gallery_thumbnail":["https:\/\/bulkgenetics.com\/wp-content\/uploads\/2022\/09\/CHERRY-PIE-1-150x150.jpg",150,150,true],"dgwt-wcas-product-suggestion":["https:\/\/bulkgenetics.com\/wp-content\/uploads\/2022\/09\/CHERRY-PIE-1-64x64.jpg",64,64,true]},"uagb_author_info":{"display_name":"Bruno Crespo","author_link":"https:\/\/bulkgenetics.com\/fr\/author\/"},"uagb_comment_info":0,"uagb_excerpt":"Cherry Pie est une vari\u00e9t\u00e9 hybride exquise qui combine le go\u00fbt sucr\u00e9 de tarte aux cerises avec des effets relaxants et euphoriques. Avec un contenu en THC de 18-24% et facile \u00e0 cultiver, elle est parfaite pour soulager le stress et la douleur. Faites-la v\u00f4tre et profitez d'une exp\u00e9rience unique et d\u00e9licieuse !","_links":{"self":[{"href":"https:\/\/bulkgenetics.com\/fr\/wp-json\/wp\/v2\/product\/10944","targetHints":{"allow":["GET"]}}],"collection":[{"href":"https:\/\/bulkgenetics.com\/fr\/wp-json\/wp\/v2\/product"}],"about":[{"href":"https:\/\/bulkgenetics.com\/fr\/wp-json\/wp\/v2\/types\/product"}],"replies":[{"embeddable":true,"href":"https:\/\/bulkgenetics.com\/fr\/wp-json\/wp\/v2\/comments?post=10944"}],"wp:featuredmedia":[{"embeddable":true,"href":"https:\/\/bulkgenetics.com\/fr\/wp-json\/wp\/v2\/media\/10961"}],"wp:attachment":[{"href":"https:\/\/bulkgenetics.com\/fr\/wp-json\/wp\/v2\/media?parent=10944"}],"wp:term":[{"taxonomy":"product_brand","embeddable":true,"href":"https:\/\/bulkgenetics.com\/fr\/wp-json\/wp\/v2\/product_brand?post=10944"},{"taxonomy":"product_cat","embeddable":true,"href":"https:\/\/bulkgenetics.com\/fr\/wp-json\/wp\/v2\/product_cat?post=10944"},{"taxonomy":"product_tag","embeddable":true,"href":"https:\/\/bulkgenetics.com\/fr\/wp-json\/wp\/v2\/product_tag?post=10944"}],"curies":[{"name":"wp","href":"https:\/\/api.w.org\/{rel}","templated":true}]}}