{"id":10946,"date":"2022-09-16T15:11:19","date_gmt":"2022-09-16T13:11:19","guid":{"rendered":"https:\/\/www.bulkgenetics.com\/therapie-cbd-2\/"},"modified":"2024-10-08T01:19:00","modified_gmt":"2024-10-07T23:19:00","slug":"cbd-therapy","status":"publish","type":"product","link":"https:\/\/bulkgenetics.com\/fr\/cbd-therapy\/","title":{"rendered":"CBD Therapy"},"content":{"rendered":"\n<p>Vous aimeriez une vari\u00e9t\u00e9 de cannabis m\u00e9dicale, facile \u00e0 cultiver et qui ne provoque pas d&#8217;effet psychoactif ? Alors la<strong> CBD Therapy<\/strong> est peut-\u00eatre ce que vous recherchez.<\/p>\n\n\n\n<p>C&#8217;est une plante avec une forte teneur en <em>cannabidiol<\/em> et des quantit\u00e9s n\u00e9gligeables de THC. Elle ne provoque donc pas d&#8217;effets psychoactifs. C&#8217;est quelque chose qui est recherch\u00e9 par de nombreuses personnes dans le monde entier.<\/p>\n\n\n\n<p>CBD Therapy est une vari\u00e9t\u00e9 d\u00e9velopp\u00e9e par <strong>CBD Crew<\/strong>, un projet n\u00e9 de la <strong>collaboration entre les <em>breeders<\/em> de Mr Nice et les banques de graines de Resin Seeds<\/strong>.<\/p>\n\n\n\n<p>Son origine g\u00e9n\u00e9tique est inconnue, m\u00eame si l&#8217;on sait que 4 g\u00e9n\u00e9rations de croisement ont \u00e9t\u00e9 n\u00e9cessaires pour obtenir la grande stabilit\u00e9 qu&#8217;elle poss\u00e8de.<\/p>\n\n\n\n<p>Bien que l&#8217;on trouve des rapports THC:CBD allant de 1:15 \u00e0 1:22 dans la plupart des plantes, quelques rares ph\u00e9notypes produisent des quantit\u00e9s un peu plus \u00e9lev\u00e9es de THC.<\/p>\n\n\n\n<h2 class=\"wp-block-heading\">Comment cultiver la CBD Therapy<\/h2>\n\n\n\n<p>Que demande tout cultivateur d\u00e9butant ? En premier lieu, bien avant le go\u00fbt ou l&#8217;effet, il y a la facilit\u00e9 de culture. Personne ne veut avoir \u00e0 g\u00e9rer des plantes d\u00e9licates ou exigeantes lors de sa premi\u00e8re culture, que ce soit en int\u00e9rieur ou en ext\u00e9rieur.<\/p>\n\n\n\n<p>Les plantes en <strong>ext\u00e9rieur<\/strong> ont une croissance rapide et sont tr\u00e8s vigoureuses. Si elles sont mises \u00e0 germer au d\u00e9but du printemps, elles atteindront facilement <strong>2-2,5 m\u00e8tres de hauteur<\/strong>. Elle pr\u00e9f\u00e8re les climats avec un automne pr\u00e9coce et sec, car elle se r\u00e9colte \u00e0 la mi-octobre.<\/p>\n\n\n\n<p><strong>En int\u00e9rieur,<\/strong> bien qu&#8217;il s&#8217;agisse d&#8217;une vari\u00e9t\u00e9 simple \u00e0 cultiver, il n&#8217;est pas conseill\u00e9 de laisser des p\u00e9riodes de croissance tr\u00e8s longues. Quatre semaines apr\u00e8s la germination ou environ 30 cm de hauteur, on peut passer \u00e0 la floraison. Une autre option consiste \u00e0 utiliser une technique de culture comme le SCROG.<\/p>\n\n\n\n<p>\u00c0 partir du changement de photop\u00e9riode en 12\/12, CBD Therapy est r\u00e9colt\u00e9 en <strong>9 semaines<\/strong> environ. Les odeurs de la floraison sont intenses. Si vous avez peur d&#8217;avoir des probl\u00e8mes, utilisez un bon syst\u00e8me anti-odeur.<\/p>\n\n\n\n<h2 class=\"wp-block-heading\">Caract\u00e9ristiques de la CBD Therapy<\/h2>\n\n\n\n<p>Les t\u00eates sont grosses et r\u00e9sineuses, particuli\u00e8rement adapt\u00e9es \u00e0 la fabrication de toutes sortes d&#8217;extractions comme du Rosin, du hasch ou du BHO. Elles servent \u00e9galement pour la production de cr\u00e8mes de massage pour soulager la douleur.<\/p>\n\n\n\n<p>Un autre point important est son <strong>ar\u00f4me et son go\u00fbt<\/strong>, avec des nuances tr\u00e8s agr\u00e9ables allant de la douceur du fruit \u00e0 la saveur terreuse de la truffe.<\/p>\n\n\n\n<p>Elle a des<strong> effets mod\u00e9r\u00e9s<\/strong> gr\u00e2ce \u00e0 la quantit\u00e9 \u00e9lev\u00e9e de CBD, un cannabino\u00efde non psychoactif et antagoniste du THC. Apr\u00e8s avoir consomm\u00e9 cette vari\u00e9t\u00e9, on peut appr\u00e9cier des sentiments de tranquilit\u00e9 de bien-\u00eatre et de soulagement de la douleur.<\/p>\n\n\n\n<p>CBD Therapy est une vari\u00e9t\u00e9 tr\u00e8s productive. Les plantes plus grandes cultiv\u00e9es <strong>en ext\u00e9rieur<\/strong> ne devraient pas avoir de probl\u00e8me \u00e0 <strong>d\u00e9passer les 1000 grammes<\/strong>.<\/p>\n\n\n\n<p><strong>En int\u00e9rieur,<\/strong> m\u00eame le cultivateur le plus inexp\u00e9riment\u00e9 obtiendra des r\u00e9coltes enviables. Dans les cultures optimis\u00e9es, il est possible d&#8217;atteindre <strong>500 grammes par m2<\/strong>.<\/p>\n\n\n\n<div style=\"height:50px\" aria-hidden=\"true\" class=\"wp-block-spacer uag-hide-mob\"><\/div>\n\n\n\n<div class=\"wp-block-columns is-layout-flex wp-container-core-columns-is-layout-28f84493 wp-block-columns-is-layout-flex\">\n<div class=\"wp-block-column is-layout-flow wp-block-column-is-layout-flow\">\n<p class=\"has-text-align-center has-medium-font-size\"><strong>Ce que nous aimons le plus<\/strong><\/p>\n\n\n\n<ul class=\"wp-block-list\">\n<li>Facile \u00e0 cultiver et r\u00e9sistante.<\/li>\n\n\n\n<li>Effets hautement th\u00e9rapeutiques.<\/li>\n\n\n\n<li>Production abondante.<\/li>\n\n\n\n<li>Son prix.<\/li>\n<\/ul>\n<\/div>\n\n\n\n<div class=\"wp-block-column is-layout-flow wp-block-column-is-layout-flow\">\n<p class=\"has-text-align-center has-medium-font-size\"><strong>Ce que nous aimons le moins<\/strong><\/p>\n\n\n\n<ul class=\"wp-block-list\">\n<li>Faible teneur en THC.<\/li>\n<\/ul>\n<\/div>\n<\/div>\n\n\n\n<div style=\"height:50px\" aria-hidden=\"true\" class=\"wp-block-spacer uag-hide-mob\"><\/div>\n\n\n\n<h2 class=\"wp-block-heading\">Questions fr\u00e9quemment pos\u00e9es<\/h2>\n\n\n\n<p>De nombreux cultivateurs int\u00e9ress\u00e9s par cette vari\u00e9t\u00e9 se posent certaines questions, auxquelles nous r\u00e9pondons ci-dessous :<\/p>\n\n\n<div id=\"rank-math-faq\" class=\"rank-math-block\">\n<div class=\"rank-math-list \">\n<div id=\"faq-question-1663029074962\" class=\"rank-math-list-item\">\n<h3 class=\"rank-math-question \">Quand commence la floraison de la CBD Therapy en ext\u00e9rieur ?<\/h3>\n<div class=\"rank-math-answer \">\n\n<p>Entre fin juillet et d\u00e9but ao\u00fbt, CBD Therapy commencera la phase de floraison.<\/p>\n\n<\/div>\n<\/div>\n<div id=\"faq-question-1663029159933\" class=\"rank-math-list-item\">\n<h3 class=\"rank-math-question \">Quand r\u00e9colter une CBD Therapy en ext\u00e9rieur ?<\/h3>\n<div class=\"rank-math-answer \">\n\n<p>Cette vari\u00e9t\u00e9 est g\u00e9n\u00e9ralement r\u00e9colt\u00e9e entre le d\u00e9but et la mi-octobre.<\/p>\n\n<\/div>\n<\/div>\n<div id=\"faq-question-1663029165861\" class=\"rank-math-list-item\">\n<h3 class=\"rank-math-question \">Comment cultiver un CBD Therapy f\u00e9minis\u00e9e ?<\/h3>\n<div class=\"rank-math-answer \">\n\n<p>C&#8217;est une vari\u00e9t\u00e9 tr\u00e8s facile \u00e0 cultiver \u00e0 l&#8217;int\u00e9rieur ou \u00e0 l&#8217;ext\u00e9rieur. Elle pr\u00e9f\u00e8re les climats ensoleill\u00e9s et temp\u00e9r\u00e9s car elle est r\u00e9colt\u00e9e en octobre.<\/p>\n\n<\/div>\n<\/div>\n<div id=\"faq-question-1664179757265\" class=\"rank-math-list-item\">\n<h3 class=\"rank-math-question \">Quels sont les effets de la CBD Therapy en vrac ?<\/h3>\n<div class=\"rank-math-answer \">\n\n<p>Elle a un effet tr\u00e8s th\u00e9rapeutique et l\u00e9g\u00e8rement relaxant. Elle produit un sentiment de bien-\u00eatre et de calme.<\/p>\n\n<\/div>\n<\/div>\n<\/div>\n<\/div>","protected":false},"excerpt":{"rendered":"<p>Les CBD Therapy sont des graines f\u00e9minis\u00e9es et une vari\u00e9t\u00e9 de cannabis aux effets tr\u00e8s th\u00e9rapeutiques. C&#8217;est une plante tr\u00e8s facile \u00e0 cultiver \u00e0 l&#8217;int\u00e9rieur et \u00e0 l&#8217;ext\u00e9rieur. Les t\u00eates sont grosses, r\u00e9sineuses et ont un agr\u00e9able go\u00fbt fruit\u00e9, terreux et sucr\u00e9. Elle contient un pourcentage \u00e9lev\u00e9 de CBD, un cannabino\u00efde qui n&#8217;est pas psychoactif, mais tr\u00e8s int\u00e9ressant pour soulager le stress et les douleurs l\u00e9g\u00e8res.<\/p>\n","protected":false},"featured_media":9132,"comment_status":"open","ping_status":"closed","template":"","meta":{"_acf_changed":false,"inline_featured_image":false,"_uag_custom_page_level_css":""},"product_brand":[],"product_cat":[2403,1125],"product_tag":[],"class_list":{"0":"post-10946","1":"product","2":"type-product","3":"status-publish","4":"has-post-thumbnail","6":"product_cat-graines-cbd-en-gros","7":"product_cat-graines-feminisees-en-gros","9":"first","10":"outofstock","11":"taxable","12":"shipping-taxable","13":"purchasable","14":"product-type-simple"},"acf":[],"uagb_featured_image_src":{"full":["https:\/\/bulkgenetics.com\/wp-content\/uploads\/2022\/09\/CBD-Therapy.jpg",1600,1600,false],"thumbnail":["https:\/\/bulkgenetics.com\/wp-content\/uploads\/2022\/09\/CBD-Therapy-150x150.jpg",150,150,true],"medium":["https:\/\/bulkgenetics.com\/wp-content\/uploads\/2022\/09\/CBD-Therapy-300x300.jpg",300,300,true],"medium_large":["https:\/\/bulkgenetics.com\/wp-content\/uploads\/2022\/09\/CBD-Therapy-768x768.jpg",768,768,true],"large":["https:\/\/bulkgenetics.com\/wp-content\/uploads\/2022\/09\/CBD-Therapy-1024x1024.jpg",1024,1024,true],"1536x1536":["https:\/\/bulkgenetics.com\/wp-content\/uploads\/2022\/09\/CBD-Therapy-1536x1536.jpg",1536,1536,true],"2048x2048":["https:\/\/bulkgenetics.com\/wp-content\/uploads\/2022\/09\/CBD-Therapy.jpg",1600,1600,false],"commercegurus-pdp-large":["https:\/\/bulkgenetics.com\/wp-content\/uploads\/2022\/09\/CBD-Therapy-990x990.jpg",990,990,true],"commercegurus-plp-mobile":["https:\/\/bulkgenetics.com\/wp-content\/uploads\/2022\/09\/CBD-Therapy-441x441.jpg",441,441,true],"cgkit_image_swatch":["https:\/\/bulkgenetics.com\/wp-content\/uploads\/2022\/09\/CBD-Therapy-100x100.jpg",100,100,true],"woocommerce_thumbnail":["https:\/\/bulkgenetics.com\/wp-content\/uploads\/2022\/09\/CBD-Therapy-300x300.jpg",300,300,true],"woocommerce_single":["https:\/\/bulkgenetics.com\/wp-content\/uploads\/2022\/09\/CBD-Therapy-800x800.jpg",800,800,true],"woocommerce_gallery_thumbnail":["https:\/\/bulkgenetics.com\/wp-content\/uploads\/2022\/09\/CBD-Therapy-150x150.jpg",150,150,true],"dgwt-wcas-product-suggestion":["https:\/\/bulkgenetics.com\/wp-content\/uploads\/2022\/09\/CBD-Therapy-64x64.jpg",64,64,true]},"uagb_author_info":{"display_name":"J\u00e9r\u00f4me","author_link":"https:\/\/bulkgenetics.com\/fr\/author\/"},"uagb_comment_info":0,"uagb_excerpt":"Les CBD Therapy sont des graines f\u00e9minis\u00e9es et une vari\u00e9t\u00e9 de cannabis aux effets tr\u00e8s th\u00e9rapeutiques. C'est une plante tr\u00e8s facile \u00e0 cultiver \u00e0 l'int\u00e9rieur et \u00e0 l'ext\u00e9rieur. Les t\u00eates sont grosses, r\u00e9sineuses et ont un agr\u00e9able go\u00fbt fruit\u00e9, terreux et sucr\u00e9. Elle contient un pourcentage \u00e9lev\u00e9 de CBD, un cannabino\u00efde qui n'est pas psychoactif,\u2026","_links":{"self":[{"href":"https:\/\/bulkgenetics.com\/fr\/wp-json\/wp\/v2\/product\/10946","targetHints":{"allow":["GET"]}}],"collection":[{"href":"https:\/\/bulkgenetics.com\/fr\/wp-json\/wp\/v2\/product"}],"about":[{"href":"https:\/\/bulkgenetics.com\/fr\/wp-json\/wp\/v2\/types\/product"}],"replies":[{"embeddable":true,"href":"https:\/\/bulkgenetics.com\/fr\/wp-json\/wp\/v2\/comments?post=10946"}],"wp:featuredmedia":[{"embeddable":true,"href":"https:\/\/bulkgenetics.com\/fr\/wp-json\/wp\/v2\/media\/9132"}],"wp:attachment":[{"href":"https:\/\/bulkgenetics.com\/fr\/wp-json\/wp\/v2\/media?parent=10946"}],"wp:term":[{"taxonomy":"product_brand","embeddable":true,"href":"https:\/\/bulkgenetics.com\/fr\/wp-json\/wp\/v2\/product_brand?post=10946"},{"taxonomy":"product_cat","embeddable":true,"href":"https:\/\/bulkgenetics.com\/fr\/wp-json\/wp\/v2\/product_cat?post=10946"},{"taxonomy":"product_tag","embeddable":true,"href":"https:\/\/bulkgenetics.com\/fr\/wp-json\/wp\/v2\/product_tag?post=10946"}],"curies":[{"name":"wp","href":"https:\/\/api.w.org\/{rel}","templated":true}]}}