{"id":10954,"date":"2022-09-15T12:27:36","date_gmt":"2022-09-15T10:27:36","guid":{"rendered":"https:\/\/www.bulkgenetics.com\/chemdog-2\/"},"modified":"2024-10-08T01:19:01","modified_gmt":"2024-10-07T23:19:01","slug":"chemdog","status":"publish","type":"product","link":"https:\/\/bulkgenetics.com\/fr\/chemdog\/","title":{"rendered":"Chemdog"},"content":{"rendered":"\n<p><strong>Chemdog<\/strong> est une strain l\u00e9gendaire avec une origine g\u00e9n\u00e9tique entour\u00e9e de myst\u00e8re. Apparue dans les ann\u00e9es 90, cette vari\u00e9t\u00e9 a acquis sa renomm\u00e9e dans le monde du cannabis gr\u00e2ce \u00e0 sa puissance et ses effets \u00e9quilibr\u00e9s. On dit que Chemdog ou Chemdawg provient d&#8217;une graine trouv\u00e9e lors d&#8217;un concert des Grateful Dead et depuis, elle a \u00e9t\u00e9 cultiv\u00e9e et am\u00e9lior\u00e9e par divers breeders. Cet hybride \u00e0 dominance indica (55% indica \/ 45% sativa) est connu pour son ar\u00f4me distinctif et ses effets intenses.<\/p>\n\n\n\n<p>Les t\u00eates de <strong>Chemdog<\/strong> sont de taille moyenne et pr\u00e9sentent une forme allong\u00e9e et conique. Leurs feuilles sont d&#8217;un vert printanier couvertes de trichomes blancs et collants, leur donnant un aspect argent\u00e9 et brillant. Les pistils sont d&#8217;une couleur orange vif qui contraste avec le fond vert, faisant de chaque t\u00eate une v\u00e9ritable \u0153uvre d&#8217;art. De plus, sa r\u00e9sine dense et collante rend les t\u00eates difficiles \u00e0 casser \u00e0 la main, il est donc recommand\u00e9 d&#8217;utiliser un grinder. Il n&#8217;est pas surprenant que Chemdog ait \u00e9t\u00e9 utilis\u00e9e pour cr\u00e9er d&#8217;autres strains c\u00e9l\u00e8bres comme <strong>Sour Diesel<\/strong> et <strong><a href=\"https:\/\/bulkgenetics.com\/fr\/og-kush\/\">OG Kush<\/a><\/strong>.<\/p>\n\n\n\n<h2 class=\"wp-block-heading\">Saveur et Effets<\/h2>\n\n\n\n<p><strong>Chemdog<\/strong> se distingue par son ar\u00f4me fort et p\u00e9n\u00e9trant qui combine des notes de diesel, de pin et une touche terreuse. Ce parfum remplit la pi\u00e8ce et impr\u00e8gne l&#8217;air, offrant une exp\u00e9rience sensorielle unique d\u00e8s le premier instant. Lors de la consommation, la saveur de <strong>Chemdog<\/strong> est tout aussi distinctive : un m\u00e9lange de diesel avec un arri\u00e8re-go\u00fbt ammoniacal qui laisse une empreinte durable sur le palais.<\/p>\n\n\n\n<p>Les effets de <strong>Chemdog<\/strong> sont aussi puissants que son ar\u00f4me. Avec une teneur en THC allant de 15% \u00e0 20% et un faible niveau de CBD (&lt;1%), cette strain offre un high c\u00e9r\u00e9bral imm\u00e9diat qui \u00e9veille la cr\u00e9ativit\u00e9 et aiguise les sens. Cet effet initial est compl\u00e9t\u00e9 par une relaxation corporelle profonde qui combat le stress et la douleur, sans provoquer de blocage total sur le canap\u00e9. Parfaite pour les moments o\u00f9 vous avez besoin d&#8217;un coup de pouce en \u00e9nergie et en cr\u00e9ativit\u00e9, mais que vous souhaitez \u00e9galement vous d\u00e9tendre et d\u00e9connecter.<\/p>\n\n\n\n<h3 class=\"wp-block-heading\">Terp\u00e8nes de Chemdog<\/h3>\n\n\n\n<p><strong>Chemdog<\/strong> est charg\u00e9e de terp\u00e8nes qui non seulement d\u00e9finissent son ar\u00f4me et sa saveur, mais qui augmentent \u00e9galement ses effets. Le terp\u00e8ne dominant dans cette strain est le <strong>caryophyll\u00e8ne<\/strong>, connu pour son ar\u00f4me \u00e9pic\u00e9 et ses possibles bienfaits anti-inflammatoires. Ce terp\u00e8ne peut \u00e9galement contribuer \u00e0 la sensation de relaxation profonde que beaucoup d&#8217;utilisateurs rapportent.<\/p>\n\n\n\n<p>Un autre terp\u00e8ne important est le <strong>myrc\u00e8ne<\/strong>, qui ajoute des notes herbac\u00e9es et terreuses au profil de Chemdog et est connu pour ses effets s\u00e9datifs et relaxants. Enfin, le <strong>limon\u00e8ne<\/strong> apporte une touche citronn\u00e9e et fra\u00eeche, en plus de ses propri\u00e9t\u00e9s qui \u00e9l\u00e8vent l&#8217;humeur et am\u00e9liorent le bien-\u00eatre mental.<\/p>\n\n\n\n<p>La combinaison de ces terp\u00e8nes ne cr\u00e9e pas seulement une exp\u00e9rience de saveur et d&#8217;ar\u00f4me complexe et agr\u00e9able, mais elle augmente \u00e9galement les effets th\u00e9rapeutiques de <strong>Chemdog<\/strong>, faisant de cette strain une option id\u00e9ale pour ceux qui cherchent \u00e0 soulager la douleur, le stress et l&#8217;anxi\u00e9t\u00e9, tout en profitant d&#8217;un voyage sensoriel complet.<\/p>\n\n\n\n<h2 class=\"wp-block-heading\">Production et Temps de Floraison<\/h2>\n\n\n\n<p><strong>Chemdog<\/strong> est une strain qui r\u00e9compense ses cultivateurs avec des r\u00e9coltes g\u00e9n\u00e9reuses. En int\u00e9rieur, vous pouvez vous attendre \u00e0 une production de 500 \u00e0 600 grammes par m\u00e8tre carr\u00e9, \u00e0 condition de fournir aux plantes des conditions de culture optimales. La plante a besoin d&#8217;environ 55 \u00e0 60 jours de floraison pour atteindre son plein potentiel.<\/p>\n\n\n\n<p>En ext\u00e9rieur, la <strong>Chemdog<\/strong> devient un v\u00e9ritable g\u00e9ant, atteignant des hauteurs de 2,5 \u00e0 3 m\u00e8tres. Dans ces conditions, chaque plante peut produire entre 1300 et 1500 grammes, ce qui en fait une option incroyablement productive. La r\u00e9colte est g\u00e9n\u00e9ralement pr\u00eate pour la seconde quinzaine de septembre, ce qui permet de profiter de ses fruits avant que les conditions climatiques ne se d\u00e9t\u00e9riorent.<\/p>\n\n\n\n<p>Il est important de noter qu&#8217;en raison de sa structure et du poids des t\u00eates, les branches de la <strong>Chemdog<\/strong> peuvent n\u00e9cessiter un soutien pendant la phase de floraison pour \u00e9viter qu&#8217;elles ne se cassent. Avec les soins appropri\u00e9s, cette strain vous r\u00e9compensera par une production abondante de t\u00eates r\u00e9sineuses et aromatiques.<\/p>\n\n\n\n<h2 class=\"wp-block-heading\">Comment Cultiver Chemdog<\/h2>\n\n\n\n<p>Inquiet de ne pas savoir cultiver ? Ne vous inqui\u00e9tez pas, bien que la <strong>Chemdog<\/strong> puisse \u00eatre une plante exigeante, ses r\u00e9sultats valent chaque effort. Id\u00e9ale pour les cultivateurs avec un peu d&#8217;exp\u00e9rience, cette plante n\u00e9cessite une vigilance pour \u00e9viter les moisissures et l&#8217;o\u00efdium, surtout en int\u00e9rieur o\u00f9 elle atteint des hauteurs consid\u00e9rables. Si la discr\u00e9tion vous pr\u00e9occupe, rappelez-vous que son puissant ar\u00f4me peut vous trahir, il est donc recommand\u00e9 d&#8217;utiliser des filtres \u00e0 charbon et des syst\u00e8mes de ventilation ad\u00e9quats.<\/p>\n\n\n\n<p>Pour que la <strong>Chemdog<\/strong> atteigne son plein potentiel, il est id\u00e9al de maintenir un climat chaud et sec. Les temp\u00e9ratures doivent \u00eatre comprises entre 20 et 26 degr\u00e9s Celsius pendant la journ\u00e9e et ne pas descendre en dessous de 18 degr\u00e9s Celsius pendant la nuit. L&#8217;humidit\u00e9 doit \u00eatre contr\u00f4l\u00e9e, en la maintenant basse pendant la phase de floraison pour pr\u00e9venir l&#8217;apparition de moisissures.<\/p>\n\n\n\n<p>En ce qui concerne sa r\u00e9sistance aux parasites et aux maladies, la <strong>Chemdog<\/strong> peut \u00eatre susceptible si des pr\u00e9cautions ad\u00e9quates ne sont pas prises. Il est important de v\u00e9rifier r\u00e9guli\u00e8rement les plantes et d&#8217;appliquer des traitements pr\u00e9ventifs contre les parasites courants tels que les acariens et les pucerons. Une bonne ventilation et un environnement propre aideront \u00e0 \u00e9loigner ces probl\u00e8mes.<\/p>\n\n\n\n<div style=\"height:50px\" aria-hidden=\"true\" class=\"wp-block-spacer uag-hide-mob\"><\/div>\n\n\n\n<div class=\"wp-block-columns is-layout-flex wp-container-core-columns-is-layout-28f84493 wp-block-columns-is-layout-flex\">\n<div class=\"wp-block-column is-layout-flow wp-block-column-is-layout-flow\">\n<p class=\"has-text-align-center has-medium-font-size\"><strong>Ce que nous aimons le plus<\/strong><\/p>\n\n\n\n<ul class=\"wp-block-list\">\n<li>Son puissant ar\u00f4me de diesel et de pin.<\/li>\n\n\n\n<li>Les effets \u00e9quilibr\u00e9s qui combinent relaxation et cr\u00e9ativit\u00e9.<\/li>\n\n\n\n<li>La haute production tant en int\u00e9rieur qu&#8217;en ext\u00e9rieur.<\/li>\n\n\n\n<li>La qualit\u00e9 et la densit\u00e9 des t\u00eates.<\/li>\n<\/ul>\n<\/div>\n\n\n\n<div class=\"wp-block-column is-layout-flow wp-block-column-is-layout-flow\">\n<p class=\"has-text-align-center has-medium-font-size\"><strong>Ce que nous aimons le moins<\/strong><\/p>\n\n\n\n<ul class=\"wp-block-list\">\n<li>Elle n\u00e9cessite de l&#8217;exp\u00e9rience en culture et des soins constants.<\/li>\n\n\n\n<li>Son fort ar\u00f4me peut compromettre la discr\u00e9tion.<\/li>\n\n\n\n<li>Sensibilit\u00e9 \u00e0 la moisissure et \u00e0 l&#8217;o\u00efdium si l&#8217;environnement n&#8217;est pas bien contr\u00f4l\u00e9.<\/li>\n<\/ul>\n<\/div>\n<\/div>\n\n\n\n<div style=\"height:50px\" aria-hidden=\"true\" class=\"wp-block-spacer uag-hide-mob\"><\/div>\n\n\n\n<h2 class=\"wp-block-heading\">Questions Fr\u00e9quentes<\/h2>\n\n\n\n<p>Voici quelques-unes des questions les plus courantes concernant cette strain r\u00e9sineuse :<\/p>\n\n\n<div id=\"rank-math-faq\" class=\"rank-math-block\">\n<div class=\"rank-math-list \">\n<div id=\"faq-question-1663029074962\" class=\"rank-math-list-item\">\n<h3 class=\"rank-math-question \">Quand r\u00e9colter une Chemdog en ext\u00e9rieur et en int\u00e9rieur ?<\/h3>\n<div class=\"rank-math-answer \">\n\n<p><strong>Chemdog<\/strong> a un temps de floraison de 55 \u00e0 60 jours en int\u00e9rieur. En ext\u00e9rieur, la r\u00e9colte est g\u00e9n\u00e9ralement pr\u00eate pour la seconde quinzaine de septembre. Ce temps de floraison relativement court est l&#8217;une des raisons pour lesquelles cette strain est si populaire parmi les cultivateurs exp\u00e9riment\u00e9s.<\/p>\n\n<\/div>\n<\/div>\n<div id=\"faq-question-1663029159933\" class=\"rank-math-list-item\">\n<h3 class=\"rank-math-question \">Quand commence la floraison de Chemdog en ext\u00e9rieur ?<\/h3>\n<div class=\"rank-math-answer \">\n\n<p>La floraison commence g\u00e9n\u00e9ralement entre la fin du mois de juillet et le d\u00e9but du mois d&#8217;ao\u00fbt.<\/p>\n\n<\/div>\n<\/div>\n<div id=\"faq-question-1663029165861\" class=\"rank-math-list-item\">\n<h3 class=\"rank-math-question \">Comment cultiver une Chemdog f\u00e9minis\u00e9e ?<\/h3>\n<div class=\"rank-math-answer \">\n\n<p>C&#8217;est une strain qui s&#8217;adapte \u00e0 toutes les techniques de culture. De plus, elle est tr\u00e8s r\u00e9sistante, ce qui en fait un choix id\u00e9al pour le cultivateur d\u00e9butant qui cherche une culture sans complications.<\/p>\n\n<\/div>\n<\/div>\n<div id=\"faq-question-1663237845202\" class=\"rank-math-list-item\">\n<h3 class=\"rank-math-question \">Quels sont les effets de Chemdog en vrac ?<\/h3>\n<div class=\"rank-math-answer \">\n\n<p>Les effets sont tr\u00e8s puissants. Elle produit une sensation de bien-\u00eatre et de calme qui te maintiendra totalement relax\u00e9 pendant des heures.<\/p>\n\n<\/div>\n<\/div>\n<div id=\"faq-question-1719928613131\" class=\"rank-math-list-item\">\n<h3 class=\"rank-math-question \">Chemdog est-elle sativa ou indica ?<\/h3>\n<div class=\"rank-math-answer \">\n\n<p><strong>Chemdog<\/strong> est un hybride avec une l\u00e9g\u00e8re dominance indica (55% indica \/ 45% sativa). Cela signifie qu&#8217;elle combine le meilleur des deux mondes : la mont\u00e9e c\u00e9r\u00e9brale et stimulante des sativas avec la relaxation corporelle profonde des indicas. Les strains sativa sont g\u00e9n\u00e9ralement connues pour leurs effets \u00e9nergisants et c\u00e9r\u00e9braux, id\u00e9aux pour les activit\u00e9s diurnes et cr\u00e9atives. D&#8217;autre part, les strains indica tendent \u00e0 offrir une relaxation plus profonde et sont parfaites pour une utilisation nocturne ou pour soulager la douleur et le stress.<\/p>\n\n<\/div>\n<\/div>\n<\/div>\n<\/div>","protected":false},"excerpt":{"rendered":"<p><strong>Chemdog<\/strong> est une strain l\u00e9gendaire qui combine une <strong>puissante relaxation physique<\/strong> avec une <strong>euphorie c\u00e9r\u00e9brale intense<\/strong>. Avec un ar\u00f4me inconfondible de <strong>diesel et de pin<\/strong> et une production g\u00e9n\u00e9reuse tant en int\u00e9rieur qu&#8217;en ext\u00e9rieur, Chemdog est parfaite pour les cultivateurs exigeants. Ajoutez-la \u00e0 votre panier et profitez de ce joyau du cannabis !<\/p>\n","protected":false},"featured_media":8837,"comment_status":"open","ping_status":"closed","template":"","meta":{"_acf_changed":false,"inline_featured_image":false,"_uag_custom_page_level_css":""},"product_brand":[],"product_cat":[1125,4112],"product_tag":[],"class_list":{"0":"post-10954","1":"product","2":"type-product","3":"status-publish","4":"has-post-thumbnail","6":"product_cat-graines-feminisees-en-gros","7":"product_cat-graines-de-cannabis-a-1-euro","9":"first","10":"instock","11":"sale","12":"taxable","13":"shipping-taxable","14":"purchasable","15":"product-type-simple"},"acf":[],"uagb_featured_image_src":{"full":["https:\/\/bulkgenetics.com\/wp-content\/uploads\/2022\/09\/chemdawg.jpg",568,568,false],"thumbnail":["https:\/\/bulkgenetics.com\/wp-content\/uploads\/2022\/09\/chemdawg-150x150.jpg",150,150,true],"medium":["https:\/\/bulkgenetics.com\/wp-content\/uploads\/2022\/09\/chemdawg-300x300.jpg",300,300,true],"medium_large":["https:\/\/bulkgenetics.com\/wp-content\/uploads\/2022\/09\/chemdawg.jpg",568,568,false],"large":["https:\/\/bulkgenetics.com\/wp-content\/uploads\/2022\/09\/chemdawg.jpg",568,568,false],"1536x1536":["https:\/\/bulkgenetics.com\/wp-content\/uploads\/2022\/09\/chemdawg.jpg",568,568,false],"2048x2048":["https:\/\/bulkgenetics.com\/wp-content\/uploads\/2022\/09\/chemdawg.jpg",568,568,false],"commercegurus-pdp-large":["https:\/\/bulkgenetics.com\/wp-content\/uploads\/2022\/09\/chemdawg.jpg",568,568,false],"commercegurus-plp-mobile":["https:\/\/bulkgenetics.com\/wp-content\/uploads\/2022\/09\/chemdawg-441x441.jpg",441,441,true],"cgkit_image_swatch":["https:\/\/bulkgenetics.com\/wp-content\/uploads\/2022\/09\/chemdawg-100x100.jpg",100,100,true],"woocommerce_thumbnail":["https:\/\/bulkgenetics.com\/wp-content\/uploads\/2022\/09\/chemdawg-300x300.jpg",300,300,true],"woocommerce_single":["https:\/\/bulkgenetics.com\/wp-content\/uploads\/2022\/09\/chemdawg.jpg",568,568,false],"woocommerce_gallery_thumbnail":["https:\/\/bulkgenetics.com\/wp-content\/uploads\/2022\/09\/chemdawg-150x150.jpg",150,150,true],"dgwt-wcas-product-suggestion":["https:\/\/bulkgenetics.com\/wp-content\/uploads\/2022\/09\/chemdawg-64x64.jpg",64,64,true]},"uagb_author_info":{"display_name":"Bruno Crespo","author_link":"https:\/\/bulkgenetics.com\/fr\/author\/"},"uagb_comment_info":0,"uagb_excerpt":"Chemdog est une strain l\u00e9gendaire qui combine une puissante relaxation physique avec une euphorie c\u00e9r\u00e9brale intense. Avec un ar\u00f4me inconfondible de diesel et de pin et une production g\u00e9n\u00e9reuse tant en int\u00e9rieur qu'en ext\u00e9rieur, Chemdog est parfaite pour les cultivateurs exigeants. Ajoutez-la \u00e0 votre panier et profitez de ce joyau du cannabis !","_links":{"self":[{"href":"https:\/\/bulkgenetics.com\/fr\/wp-json\/wp\/v2\/product\/10954","targetHints":{"allow":["GET"]}}],"collection":[{"href":"https:\/\/bulkgenetics.com\/fr\/wp-json\/wp\/v2\/product"}],"about":[{"href":"https:\/\/bulkgenetics.com\/fr\/wp-json\/wp\/v2\/types\/product"}],"replies":[{"embeddable":true,"href":"https:\/\/bulkgenetics.com\/fr\/wp-json\/wp\/v2\/comments?post=10954"}],"wp:featuredmedia":[{"embeddable":true,"href":"https:\/\/bulkgenetics.com\/fr\/wp-json\/wp\/v2\/media\/8837"}],"wp:attachment":[{"href":"https:\/\/bulkgenetics.com\/fr\/wp-json\/wp\/v2\/media?parent=10954"}],"wp:term":[{"taxonomy":"product_brand","embeddable":true,"href":"https:\/\/bulkgenetics.com\/fr\/wp-json\/wp\/v2\/product_brand?post=10954"},{"taxonomy":"product_cat","embeddable":true,"href":"https:\/\/bulkgenetics.com\/fr\/wp-json\/wp\/v2\/product_cat?post=10954"},{"taxonomy":"product_tag","embeddable":true,"href":"https:\/\/bulkgenetics.com\/fr\/wp-json\/wp\/v2\/product_tag?post=10954"}],"curies":[{"name":"wp","href":"https:\/\/api.w.org\/{rel}","templated":true}]}}