{"id":10955,"date":"2022-09-15T10:19:51","date_gmt":"2022-09-15T08:19:51","guid":{"rendered":"https:\/\/www.bulkgenetics.com\/version-rapide-du-fromage-2\/"},"modified":"2024-10-08T01:19:01","modified_gmt":"2024-10-07T23:19:01","slug":"cheese-fast-version","status":"publish","type":"product","link":"https:\/\/bulkgenetics.com\/fr\/cheese-fast-version\/","title":{"rendered":"Cheese Fast Version"},"content":{"rendered":"\n<p>Vous imaginez une Cheese encore plus rapide ? Avec les graines <strong>Cheese Fast Version<\/strong>, c\u2019est exactement ce que vous obtenez. Cette version \u00e0 floraison rapide conserve toutes les caract\u00e9ristiques de la l\u00e9gendaire <a href=\"https:\/\/bulkgenetics.com\/fr\/cheese\/\"><strong>Cheese<\/strong><\/a>, l&#8217;une des strains les plus c\u00e9l\u00e8bres, cultiv\u00e9es et revisit\u00e9es au monde. La <strong>UK Exodus Cheese<\/strong>, ou simplement Cheese, est une s\u00e9lection de <a href=\"https:\/\/bulkgenetics.com\/fr\/skunk-1\/\"><strong>Skunk #1<\/strong><\/a> r\u00e9alis\u00e9e par le collectif Exodus du Royaume-Uni entre 1988 et 1989. Par cons\u00e9quent, sa g\u00e9n\u00e9tique est la m\u00eame que celle de la Skunk (Afghanistan x Mexique x Colombie).<\/p>\n\n\n\n<p>Imaginez maintenant r\u00e9colter vos propres t\u00eates r\u00e9sineuses et parfum\u00e9es en un temps record, sans complications et avec une plante de pure qualit\u00e9. La <strong>Cheese Fast Version<\/strong> est id\u00e9ale aussi bien pour les d\u00e9butants cherchant une plante facile \u00e0 g\u00e9rer que pour les cultivateurs exp\u00e9riment\u00e9s souhaitant maximiser leur production en un minimum de temps. Cette strain photop\u00e9riodique peut \u00eatre transplant\u00e9e \u00e0 tout moment de sa croissance, contrairement aux autoflorissantes qui n\u00e9cessitent plus de soins \u00e0 cet \u00e9gard.<\/p>\n\n\n\n<h2 class=\"wp-block-heading\">Saveur et Effets<\/h2>\n\n\n\n<p>L&#8217;ar\u00f4me et la saveur de la <strong>Cheese Fast Version<\/strong> sont fid\u00e8les \u00e0 sa m\u00e8re Cheese, avec des touches marqu\u00e9es de fromage affin\u00e9 et de l\u00e9g\u00e8res notes de bois, d&#8217;agrumes et d&#8217;\u00e9pices. Contrairement \u00e0 ce que l\u2019on pourrait penser, c\u2019est un go\u00fbt et une odeur qui accrochent, tr\u00e8s similaires \u00e0 ceux des Cheetos. D\u00e8s les premiers jours de floraison, la plante d\u00e9gage un puissant ar\u00f4me de fromage, qui s&#8217;intensifie \u00e0 mesure que les t\u00eates m\u00fbrissent et se bonifient.<\/p>\n\n\n\n<p>En ce qui concerne les effets, la <strong>Cheese Fast Version<\/strong> offre une exp\u00e9rience tr\u00e8s agr\u00e9able, \u00e9quilibr\u00e9e et d&#8217;une puissance moyenne. Avec une teneur en THC oscillant entre 15% et 20%, et une faible teneur en CBD (&lt;1%), cette strain est parfaite pour \u00eatre appr\u00e9ci\u00e9e \u00e0 tout moment de la journ\u00e9e. Ses effets initiaux sont psychoactifs, procurant une sensation d&#8217;euphorie et d&#8217;\u00e9nergie, tandis qu&#8217;\u00e0 la fin du trip, elle vous laisse d\u00e9tendu et en paix, faisant de chaque bouff\u00e9e une exp\u00e9rience compl\u00e8te et satisfaisante.<\/p>\n\n\n\n<h3 class=\"wp-block-heading\">Terp\u00e8nes de la Cheese Fast Version<\/h3>\n\n\n\n<p>La <strong>Cheese Fast Version<\/strong> se distingue par son incroyable profil de terp\u00e8nes, qui non seulement contribuent \u00e0 son ar\u00f4me et sa saveur distinctifs, mais influencent \u00e9galement ses effets. Le terp\u00e8ne dominant dans cette strain est le terpinol\u00e8ne, connu pour son ar\u00f4me fruit\u00e9 et floral, que l&#8217;on retrouve \u00e9galement dans les pommes, les lilas et la muscade. Ce terp\u00e8ne apporte non seulement un ar\u00f4me agr\u00e9able, mais est \u00e9galement associ\u00e9 \u00e0 des effets antioxydants et relaxants.<\/p>\n\n\n\n<p>D&#8217;autres terp\u00e8nes pr\u00e9sents dans la <strong>Cheese Fast Version<\/strong> incluent l\u2019ocim\u00e8ne, avec son frais ar\u00f4me de menthe, et le myrc\u00e8ne, qui ajoute une note herbac\u00e9e et est connu pour ses propri\u00e9t\u00e9s s\u00e9datives et anti-inflammatoires. Cet ensemble de terp\u00e8nes enrichit non seulement l&#8217;exp\u00e9rience sensorielle de la consommation de la <strong>Cheese Fast Version<\/strong>, mais renforce \u00e9galement ses effets th\u00e9rapeutiques, aidant \u00e0 soulager l&#8217;anxi\u00e9t\u00e9, la douleur et les migraines.<\/p>\n\n\n\n<p>Avec son profil de terp\u00e8nes bien \u00e9quilibr\u00e9 et ses niveaux \u00e9lev\u00e9s de THC, la <strong>Cheese Fast Version<\/strong> est une excellente option tant pour ceux qui cherchent une exp\u00e9rience r\u00e9cr\u00e9ative stimulante que pour ceux qui ont besoin d&#8217;une solution th\u00e9rapeutique efficace.<\/p>\n\n\n\n<h2 class=\"wp-block-heading\">Production et Temps de Floraison<\/h2>\n\n\n\n<p>La <strong>Cheese Fast Version<\/strong> se distingue non seulement par sa saveur et ses effets, mais aussi par son impressionnante capacit\u00e9 de production et son court temps de floraison. En int\u00e9rieur, cette strain est tr\u00e8s productive, atteignant des rendements de 450 \u00e0 550 grammes par m\u00e8tre carr\u00e9. Gr\u00e2ce \u00e0 son cycle de floraison rapide, elle peut \u00eatre r\u00e9colt\u00e9e en seulement 7-8 semaines apr\u00e8s le changement de photop\u00e9riode, ce qui permet d\u2019obtenir plusieurs r\u00e9coltes par an et de maximiser la production.<\/p>\n\n\n\n<p>En ext\u00e9rieur, la <strong>Cheese Fast Version<\/strong> r\u00e9v\u00e8le tout son potentiel, avec des plantes qui peuvent atteindre plus de 2 m\u00e8tres de hauteur dans des conditions favorables. Les rendements en ext\u00e9rieur sont tout aussi impressionnants, avec des productions allant de 600 \u00e0 800 grammes par plante. La floraison est tr\u00e8s rapide, permettant une r\u00e9colte entre la premi\u00e8re et la deuxi\u00e8me semaine de septembre, m\u00eame dans les zones aux \u00e9t\u00e9s plus courts.<\/p>\n\n\n\n<p>Gr\u00e2ce \u00e0 sa croissance vigoureuse et \u00e0 sa grande r\u00e9sistance, cette strain est id\u00e9ale tant pour les cultivateurs d\u00e9butants que pour les experts. Sa capacit\u00e9 \u00e0 s\u2019adapter \u00e0 diff\u00e9rentes techniques de culture en int\u00e9rieur, comme la m\u00e9thode SOG (Sea of Green), en fait une option polyvalente et facile \u00e0 g\u00e9rer. <strong>Cheese Fast Version<\/strong> combine vitesse, rendement et qualit\u00e9 en une seule plante, faisant de chaque culture une exp\u00e9rience gratifiante.<\/p>\n\n\n\n<h2 class=\"wp-block-heading\">Comment Cultiver la Cheese Fast Version<\/h2>\n\n\n\n<p>La <strong>Cheese Fast Version<\/strong> est une strain qui ne n\u00e9cessite pas de grandes connaissances en culture, ce qui en fait un excellent choix tant pour les d\u00e9butants que pour les cultivateurs exp\u00e9riment\u00e9s. Sa facilit\u00e9 de gestion et sa r\u00e9sistance en font une option id\u00e9ale pour ceux qui recherchent des r\u00e9coltes de haute qualit\u00e9 sans complications.<\/p>\n\n\n\n<p>En ce qui concerne les conditions de culture, cette vari\u00e9t\u00e9 se d\u00e9veloppe mieux dans des climats temp\u00e9r\u00e9s et ensoleill\u00e9s, o\u00f9 elle peut profiter pleinement de sa croissance et floraison rapides. Cependant, gr\u00e2ce \u00e0 son adaptabilit\u00e9, elle peut \u00e9galement prosp\u00e9rer dans des conditions moins id\u00e9ales, pourvu qu&#8217;elle re\u00e7oive suffisamment de lumi\u00e8re solaire et qu&#8217;un bon substrat soit maintenu.<\/p>\n\n\n\n<p>Un des grands avantages de la <strong>Cheese Fast Version<\/strong> est sa haute r\u00e9sistance aux ravageurs et aux maladies. Cela signifie qu\u2019avec des soins de base et une surveillance r\u00e9guli\u00e8re, il est moins probable de rencontrer des probl\u00e8mes s\u00e9rieux pendant le cycle de culture. Cela r\u00e9duit non seulement le stress et le travail, mais augmente \u00e9galement la probabilit\u00e9 d\u2019obtenir une r\u00e9colte abondante et de qualit\u00e9.<\/p>\n\n\n\n<div style=\"height:50px\" aria-hidden=\"true\" class=\"wp-block-spacer uag-hide-mob\"><\/div>\n\n\n\n<div class=\"wp-block-columns is-layout-flex wp-container-core-columns-is-layout-28f84493 wp-block-columns-is-layout-flex\">\n<div class=\"wp-block-column is-layout-flow wp-block-column-is-layout-flow\">\n<p class=\"has-text-align-center has-medium-font-size\"><strong>Ce que nous aimons le plus<\/strong><\/p>\n\n\n\n<ul class=\"wp-block-list\">\n<li>Facile \u00e0 cultiver et tr\u00e8s r\u00e9sistante.<\/li>\n\n\n\n<li>Production \u00e9lev\u00e9e tant en int\u00e9rieur qu&#8217;en ext\u00e9rieur.<\/li>\n\n\n\n<li>Saveur intense et d\u00e9licieuse de fromage affin\u00e9.<\/li>\n\n\n\n<li>Floraison tr\u00e8s rapide, parfaite pour plusieurs r\u00e9coltes par an.<\/li>\n<\/ul>\n<\/div>\n\n\n\n<div class=\"wp-block-column is-layout-flow wp-block-column-is-layout-flow\">\n<p class=\"has-text-align-center has-medium-font-size\"><strong>Ce que nous aimons le moins<\/strong><\/p>\n\n\n\n<ul class=\"wp-block-list\">\n<li>Elle est tr\u00e8s odorante en floraison, ce qui peut compromettre la discr\u00e9tion.<\/li>\n\n\n\n<li>L\u2019ar\u00f4me fort peut ne pas plaire \u00e0 tout le monde.<\/li>\n<\/ul>\n<\/div>\n<\/div>\n\n\n\n<div style=\"height:50px\" aria-hidden=\"true\" class=\"wp-block-spacer uag-hide-mob\"><\/div>\n\n\n\n<h2 class=\"wp-block-heading\">Questions Fr\u00e9quentes<\/h2>\n\n\n\n<p>Voici les r\u00e9ponses aux questions les plus fr\u00e9quentes que se posent les cultivateurs int\u00e9ress\u00e9s par cette g\u00e9n\u00e9tique.<\/p>\n\n\n<div id=\"rank-math-faq\" class=\"rank-math-block\">\n<div class=\"rank-math-list \">\n<div id=\"faq-question-1663029074962\" class=\"rank-math-list-item\">\n<h3 class=\"rank-math-question \">Quand commence la floraison de la Cheese Fast Version en ext\u00e9rieur ?<\/h3>\n<div class=\"rank-math-answer \">\n\n<p>La floraison de la <strong>Cheese Fast Version<\/strong> en ext\u00e9rieur commence g\u00e9n\u00e9ralement entre fin juillet et d\u00e9but ao\u00fbt. Cela permet de profiter au maximum des mois les plus chauds de l&#8217;ann\u00e9e et garantit une r\u00e9colte abondante.<\/p>\n\n<\/div>\n<\/div>\n<div id=\"faq-question-1663029159933\" class=\"rank-math-list-item\">\n<h3 class=\"rank-math-question \">Quand r\u00e9colter une Cheese Fast Version en ext\u00e9rieur ?<\/h3>\n<div class=\"rank-math-answer \">\n\n<p>En ext\u00e9rieur, notre <strong>Cheese Fast Version<\/strong> se r\u00e9colte au cours de la premi\u00e8re quinzaine de septembre. Sa floraison rapide permet qu&#8217;elle soit pr\u00eate avant l&#8217;arriv\u00e9e des premi\u00e8res pluies d&#8217;automne, ce qui aide \u00e0 \u00e9viter les probl\u00e8mes de moisissures et autres d\u00e9sagr\u00e9ments climatiques.<\/p>\n\n<\/div>\n<\/div>\n<div id=\"faq-question-1663029165861\" class=\"rank-math-list-item\">\n<h3 class=\"rank-math-question \">Comment cultiver une Cheese Fast Version f\u00e9minis\u00e9e ?<\/h3>\n<div class=\"rank-math-answer \">\n\n<p>Pour cultiver la <strong>Cheese Fast Version<\/strong> f\u00e9minis\u00e9e, il ne faut pas de grandes connaissances en culture. Cette vari\u00e9t\u00e9 pousse avec vigueur et appr\u00e9cie les journ\u00e9es tr\u00e8s ensoleill\u00e9es et un bon substrat. Elle s&#8217;adapte bien \u00e0 diff\u00e9rentes techniques de culture, la m\u00e9thode SOG (Sea of Green) \u00e9tant l&#8217;une des plus recommand\u00e9es pour maximiser la production en int\u00e9rieur.<\/p>\n\n<\/div>\n<\/div>\n<div id=\"faq-question-1663234151450\" class=\"rank-math-list-item\">\n<h3 class=\"rank-math-question \">Quels sont les effets de la Cheese Fast Version en vrac ?<\/h3>\n<div class=\"rank-math-answer \">\n\n<p>Les effets de la <strong>Cheese Fast Version<\/strong> sont mod\u00e9r\u00e9s et tr\u00e8s \u00e9quilibr\u00e9s. Elle commence par un effet psychoactif, procurant une sensation d&#8217;euphorie et d&#8217;\u00e9nergie, suivi d&#8217;une fin relaxante et tr\u00e8s agr\u00e9able. Cette combinaison la rend parfaite pour une consommation \u00e0 tout moment de la journ\u00e9e.<\/p>\n\n<\/div>\n<\/div>\n<div id=\"faq-question-1719914208266\" class=\"rank-math-list-item\">\n<h3 class=\"rank-math-question \">La Cheese Fast Version est-elle sativa ou indica ?<\/h3>\n<div class=\"rank-math-answer \">\n\n<p>La <strong>Cheese Fast Version<\/strong> est majoritairement indica. Bien qu&#8217;elle ait une g\u00e9n\u00e9tique mixte, avec 60 % d&#8217;indica et 40 % de sativa, ses caract\u00e9ristiques de croissance et ses effets sont principalement indica. Les vari\u00e9t\u00e9s indica sont g\u00e9n\u00e9ralement plus compactes et robustes, avec une croissance rapide et des effets plus relaxants. D&#8217;un autre c\u00f4t\u00e9, les sativas ont tendance \u00e0 \u00eatre plus hautes et plus \u00e9lanc\u00e9es, avec un temps de floraison plus long et des effets plus \u00e9nerg\u00e9tiques. Cette combinaison d&#8217;indica et de sativa dans la <strong>Cheese Fast Version<\/strong> offre un \u00e9quilibre parfait entre la vigueur de croissance et une r\u00e9colte rapide, ainsi que des effets relaxants mais avec une touche d&#8217;euphorie.<\/p>\n\n<\/div>\n<\/div>\n<\/div>\n<\/div>\n\n\n\n","protected":false},"excerpt":{"rendered":"<p><b>Cheese Fast Version<\/b> : Profitez de la l\u00e9gendaire Cheese en un temps record. Avec sa <strong>floraison rapide, ses t\u00eates r\u00e9sineuses et sa saveur de fromage<\/strong> affin\u00e9, cette vari\u00e9t\u00e9 est parfaite pour les cultivateurs de tous niveaux. Id\u00e9ale pour ceux qui recherchent <strong>la qualit\u00e9 sans complications<\/strong>. Ajoutez-la \u00e0 votre panier et faites l&#8217;exp\u00e9rience de la diff\u00e9rence !<\/p>\n","protected":false},"featured_media":8832,"comment_status":"open","ping_status":"closed","template":"","meta":{"_acf_changed":false,"inline_featured_image":false,"_uag_custom_page_level_css":""},"product_brand":[],"product_cat":[3567],"product_tag":[],"class_list":{"0":"post-10955","1":"product","2":"type-product","3":"status-publish","4":"has-post-thumbnail","6":"product_cat-graines-fast-version","8":"first","9":"instock","10":"taxable","11":"shipping-taxable","12":"purchasable","13":"product-type-simple"},"acf":[],"uagb_featured_image_src":{"full":["https:\/\/bulkgenetics.com\/wp-content\/uploads\/2022\/09\/skunk-x-cheese.jpg",568,568,false],"thumbnail":["https:\/\/bulkgenetics.com\/wp-content\/uploads\/2022\/09\/skunk-x-cheese-150x150.jpg",150,150,true],"medium":["https:\/\/bulkgenetics.com\/wp-content\/uploads\/2022\/09\/skunk-x-cheese-300x300.jpg",300,300,true],"medium_large":["https:\/\/bulkgenetics.com\/wp-content\/uploads\/2022\/09\/skunk-x-cheese.jpg",568,568,false],"large":["https:\/\/bulkgenetics.com\/wp-content\/uploads\/2022\/09\/skunk-x-cheese.jpg",568,568,false],"1536x1536":["https:\/\/bulkgenetics.com\/wp-content\/uploads\/2022\/09\/skunk-x-cheese.jpg",568,568,false],"2048x2048":["https:\/\/bulkgenetics.com\/wp-content\/uploads\/2022\/09\/skunk-x-cheese.jpg",568,568,false],"commercegurus-pdp-large":["https:\/\/bulkgenetics.com\/wp-content\/uploads\/2022\/09\/skunk-x-cheese.jpg",568,568,false],"commercegurus-plp-mobile":["https:\/\/bulkgenetics.com\/wp-content\/uploads\/2022\/09\/skunk-x-cheese-441x441.jpg",441,441,true],"cgkit_image_swatch":["https:\/\/bulkgenetics.com\/wp-content\/uploads\/2022\/09\/skunk-x-cheese-100x100.jpg",100,100,true],"woocommerce_thumbnail":["https:\/\/bulkgenetics.com\/wp-content\/uploads\/2022\/09\/skunk-x-cheese-300x300.jpg",300,300,true],"woocommerce_single":["https:\/\/bulkgenetics.com\/wp-content\/uploads\/2022\/09\/skunk-x-cheese.jpg",568,568,false],"woocommerce_gallery_thumbnail":["https:\/\/bulkgenetics.com\/wp-content\/uploads\/2022\/09\/skunk-x-cheese-150x150.jpg",150,150,true],"dgwt-wcas-product-suggestion":["https:\/\/bulkgenetics.com\/wp-content\/uploads\/2022\/09\/skunk-x-cheese-64x64.jpg",64,64,true]},"uagb_author_info":{"display_name":"Bruno Crespo","author_link":"https:\/\/bulkgenetics.com\/fr\/author\/"},"uagb_comment_info":0,"uagb_excerpt":"Cheese Fast Version : Profitez de la l\u00e9gendaire Cheese en un temps record. Avec sa floraison rapide, ses t\u00eates r\u00e9sineuses et sa saveur de fromage affin\u00e9, cette vari\u00e9t\u00e9 est parfaite pour les cultivateurs de tous niveaux. Id\u00e9ale pour ceux qui recherchent la qualit\u00e9 sans complications. Ajoutez-la \u00e0 votre panier et faites l'exp\u00e9rience de la diff\u00e9rence\u2026","_links":{"self":[{"href":"https:\/\/bulkgenetics.com\/fr\/wp-json\/wp\/v2\/product\/10955","targetHints":{"allow":["GET"]}}],"collection":[{"href":"https:\/\/bulkgenetics.com\/fr\/wp-json\/wp\/v2\/product"}],"about":[{"href":"https:\/\/bulkgenetics.com\/fr\/wp-json\/wp\/v2\/types\/product"}],"replies":[{"embeddable":true,"href":"https:\/\/bulkgenetics.com\/fr\/wp-json\/wp\/v2\/comments?post=10955"}],"wp:featuredmedia":[{"embeddable":true,"href":"https:\/\/bulkgenetics.com\/fr\/wp-json\/wp\/v2\/media\/8832"}],"wp:attachment":[{"href":"https:\/\/bulkgenetics.com\/fr\/wp-json\/wp\/v2\/media?parent=10955"}],"wp:term":[{"taxonomy":"product_brand","embeddable":true,"href":"https:\/\/bulkgenetics.com\/fr\/wp-json\/wp\/v2\/product_brand?post=10955"},{"taxonomy":"product_cat","embeddable":true,"href":"https:\/\/bulkgenetics.com\/fr\/wp-json\/wp\/v2\/product_cat?post=10955"},{"taxonomy":"product_tag","embeddable":true,"href":"https:\/\/bulkgenetics.com\/fr\/wp-json\/wp\/v2\/product_tag?post=10955"}],"curies":[{"name":"wp","href":"https:\/\/api.w.org\/{rel}","templated":true}]}}