{"id":10957,"date":"2022-09-14T17:01:28","date_gmt":"2022-09-14T15:01:28","guid":{"rendered":"https:\/\/www.bulkgenetics.com\/fromage-2\/"},"modified":"2026-03-31T12:54:45","modified_gmt":"2026-03-31T10:54:45","slug":"cheese","status":"publish","type":"product","link":"https:\/\/bulkgenetics.com\/fr\/cheese\/","title":{"rendered":"Cheese"},"content":{"rendered":"\n<p>La <strong>Cheese<\/strong> est une strain de cannabis l\u00e9gendaire et largement connue pour son ar\u00f4me puissant et son go\u00fbt de fromage. Son histoire remonte au Royaume-Uni, o\u00f9 elle a \u00e9t\u00e9 d\u00e9couverte par le collectif <strong>Exodus<\/strong> \u00e0 partir d&#8217;une s\u00e9lection de <strong><a href=\"https:\/\/bulkgenetics.com\/fr\/skunk-1\/\">Skunk #1<\/a><\/strong> de Sensi Seeds. Cet hybride, avec une l\u00e9g\u00e8re dominance indica, a \u00e9t\u00e9 d\u00e9velopp\u00e9 dans les ann\u00e9es 70 en utilisant des g\u00e9n\u00e9tiques d&#8217;<strong>Afghanistan, du Mexique et de Colombie.<\/strong><\/p>\n\n\n\n<p>La <strong>Cheese<\/strong> est une plante robuste et facile \u00e0 cultiver, id\u00e9ale aussi bien pour les cultivateurs novices que pour les plus exp\u00e9riment\u00e9s. Ses graines f\u00e9minis\u00e9es garantissent des plantes aux caract\u00e9ristiques homog\u00e8nes, assurant toujours la m\u00eame qualit\u00e9. Cette strain est r\u00e9sistante et tol\u00e8re bien les erreurs, ce qui la rend parfaite pour ceux qui d\u00e9butent dans le monde de la culture du cannabis.<\/p>\n\n\n\n<p>En ext\u00e9rieur, elle peut atteindre des hauteurs impressionnantes de 2 \u00e0 2,5 m\u00e8tres, avec une structure typiquement indica, pyramidale, des entre-n\u0153uds courts et des feuilles vert fonc\u00e9. Les t\u00eates de <strong>Cheese<\/strong> sont grandes, dures et tr\u00e8s collantes, avec des teintes un peu plus sombres que celles des autres Skunk. En les observant de pr\u00e8s, on peut appr\u00e9cier ses pistils vibrants, oranges et marron, recouverts d&#8217;une couche de trichomes qui leur donne un aspect presque brillant, comme saupoudr\u00e9s de sucre.<\/p>\n\n\n\n<h2 class=\"wp-block-heading\">Saveur et Effets<\/h2>\n\n\n\n<p>En allumant un bud de <strong>Cheese<\/strong>, une explosion de saveurs envahit ton palais. Son go\u00fbt de fromage affin\u00e9, presque comme des Cheetos, est inconfondable et m\u00e9morable. En plus, on peut appr\u00e9cier des touches \u00e9pic\u00e9es, citronn\u00e9es et bois\u00e9es qui enrichissent l&#8217;exp\u00e9rience. L&#8217;ar\u00f4me est tout aussi puissant et distinctif, remplissant la pi\u00e8ce d&#8217;une fragrance p\u00e9n\u00e9trante et terreuse qui rappelle un fromage bleu m\u00fbr.<\/p>\n\n\n\n<p>Les effets de <strong>Cheese<\/strong> sont aussi \u00e9quilibr\u00e9s qu&#8217;agr\u00e9ables. Avec un taux de THC oscillant entre <strong>17% et 20%<\/strong> et un faible taux de CBD d&#8217;environ <strong>2%<\/strong>, cette strain offre un high qui combine le meilleur des deux mondes : l&#8217;euphorie et la clart\u00e9 mentale d&#8217;une sativa avec la relaxation profonde d&#8217;une indica. En la consommant, tu ressentiras une vague de bonheur qui \u00e9claircira ton esprit des distractions, te laissant optimiste et motiv\u00e9. Au fur et \u00e0 mesure que l&#8217;effet progresse, il se transforme en une relaxation totale qui peut te scotcher au canap\u00e9, selon la dose.<\/p>\n\n\n\n<h3 class=\"wp-block-heading\">Terp\u00e8nes de Cheese<\/h3>\n\n\n\n<p>Les terp\u00e8nes pr\u00e9sents dans la <strong>Cheese<\/strong> ne d\u00e9finissent pas seulement son profil aromatique et gustatif, mais jouent \u00e9galement un r\u00f4le crucial dans ses effets et b\u00e9n\u00e9fices th\u00e9rapeutiques.<\/p>\n\n\n\n<p><strong>Myrc\u00e8ne<\/strong> : Ce terp\u00e8ne, avec son ar\u00f4me terreux et de clou de girofle, est connu pour ses effets s\u00e9datifs et relaxants, aidant \u00e0 r\u00e9duire le stress et l&#8217;anxi\u00e9t\u00e9.<\/p>\n\n\n\n<p><strong>Beta-Caryophyll\u00e8ne<\/strong> : Apporte une touche \u00e9pic\u00e9e et terreuse au profil de la <strong>Cheese<\/strong>. Ce terp\u00e8ne a de puissantes propri\u00e9t\u00e9s anti-inflammatoires et analg\u00e9siques, id\u00e9ales pour soulager les douleurs chroniques.<\/p>\n\n\n\n<p><strong>Alpha-Pinene<\/strong> : Avec son ar\u00f4me frais de pin, ce terp\u00e8ne est connu pour ses effets bronchodilatateurs et sa capacit\u00e9 \u00e0 am\u00e9liorer la m\u00e9moire et la concentration.<\/p>\n\n\n\n<p><strong>Limon\u00e8ne<\/strong> : Avec un ar\u00f4me frais d&#8217;agrumes, le limon\u00e8ne \u00e9l\u00e8ve l&#8217;humeur et r\u00e9duit le stress, procurant une sensation g\u00e9n\u00e9rale de bien-\u00eatre.<\/p>\n\n\n\n<p><strong>Linalool<\/strong> : Ce terp\u00e8ne, avec son ar\u00f4me de lavande, est r\u00e9put\u00e9 pour ses propri\u00e9t\u00e9s relaxantes et s\u00e9datives, aidant \u00e0 r\u00e9duire l&#8217;anxi\u00e9t\u00e9 et \u00e0 promouvoir un sommeil r\u00e9parateur.<\/p>\n\n\n\n<p>La combinaison unique de ces terp\u00e8nes dans la <strong>Cheese<\/strong> ne d\u00e9finit pas seulement son go\u00fbt et son ar\u00f4me distinctifs, mais amplifie \u00e9galement ses effets th\u00e9rapeutiques, offrant une exp\u00e9rience compl\u00e8te qui va bien au-del\u00e0 de la simple consommation de cannabis.<\/p>\n\n\n\n<h2 class=\"wp-block-heading\">Production et Temps de Floraison<\/h2>\n\n\n\n<p>La <strong>Cheese<\/strong> est une strain qui se distingue aussi bien en culture int\u00e9rieure qu&#8217;ext\u00e9rieure par sa g\u00e9n\u00e9reuse production et sa rapidit\u00e9 de floraison.<\/p>\n\n\n\n<p>En <strong>int\u00e9rieur<\/strong>, cette vari\u00e9t\u00e9 s&#8217;adapte \u00e0 toutes les techniques de culture. Si tu optes pour la m\u00e9thode SOG (Sea of Green), \u00e0 partir de boutures, elle produit des t\u00eates \u00e9paisses et faciles \u00e0 manucurer. En SCROG (Screen of Green), elle couvre de grandes surfaces de culture en quelques semaines. Si les plantes sont pass\u00e9es en floraison \u00e0 une hauteur d&#8217;environ 30-40 cm, elles atteindront environ 70-80 cm. \u00c0 partir du changement de photop\u00e9riode \u00e0 la floraison, elles se r\u00e9coltent en environ <strong>50-60 jours<\/strong>. Avec un \u00e9clairage recommand\u00e9 de 300-350W de LED, tu peux t&#8217;attendre \u00e0 des rendements de <strong>500-550 grammes par m\u00b2<\/strong>.<\/p>\n\n\n\n<p>En <strong>ext\u00e9rieur<\/strong>, les plantes de grande taille germ\u00e9es au d\u00e9but du printemps et sous des conditions climatiques favorables, peuvent atteindre une hauteur de <strong>2-2,5 m\u00e8tres<\/strong>. La floraison commence g\u00e9n\u00e9ralement entre fin juillet et d\u00e9but ao\u00fbt, et la r\u00e9colte a lieu durant la premi\u00e8re quinzaine d&#8217;octobre. En ext\u00e9rieur, tu peux esp\u00e9rer des rendements allant jusqu&#8217;\u00e0 <strong>un kilo par plante<\/strong>.<\/p>\n\n\n\n<p>La <strong>Cheese<\/strong> n&#8217;est pas seulement connue pour sa rapidit\u00e9 de croissance, mais aussi pour la qualit\u00e9 de ses t\u00eates. Elles sont dures, grandes et tr\u00e8s collantes, des caract\u00e9ristiques qui garantissent une r\u00e9colte abondante et de haute qualit\u00e9, tant pour les cultivateurs novices que pour les plus exp\u00e9riment\u00e9s. Que ce soit en culture int\u00e9rieure soigneusement contr\u00f4l\u00e9e ou dans un jardin ext\u00e9rieur bien entretenu, la <strong>Cheese<\/strong> promet de r\u00e9compenser les cultivateurs avec des r\u00e9coltes riches et satisfaisantes.<\/p>\n\n\n\n<h2 class=\"wp-block-heading\">Comment Cultiver la Cheese<\/h2>\n\n\n\n<p>La <strong>Cheese<\/strong> est une vari\u00e9t\u00e9 que nous recommandons aussi bien aux cultivateurs novices qu&#8217;aux experts, gr\u00e2ce \u00e0 sa facilit\u00e9 de culture et sa capacit\u00e9 d&#8217;adaptation.<\/p>\n\n\n\n<p><strong>Difficult\u00e9 de culture :<\/strong> Cultiver la <strong>Cheese<\/strong> est relativement simple. Cette plante est indulgente et pardonne les erreurs mineures, ce qui la rend parfaite pour ceux qui d\u00e9butent dans le monde de la culture du cannabis. Sa g\u00e9n\u00e9tique robuste garantit un bon d\u00e9veloppement m\u00eame avec des soins basiques.<\/p>\n\n\n\n<p><strong>Climat et conditions de culture ad\u00e9quates :<\/strong> La <strong>Cheese<\/strong> prosp\u00e8re dans des climats temp\u00e9r\u00e9s et ensoleill\u00e9s. Elle pr\u00e9f\u00e8re des temp\u00e9ratures entre 21 et 26 degr\u00e9s Celsius. En int\u00e9rieur, il est essentiel de maintenir une bonne ventilation et un contr\u00f4le constant de l&#8217;humidit\u00e9 pour \u00e9viter les probl\u00e8mes de moisissure et de champignons. Cette vari\u00e9t\u00e9 s&#8217;adapte parfaitement aux techniques de culture comme le SOG (Sea of Green) ou le SCROG (Screen of Green), maximisant ainsi son rendement.<\/p>\n\n\n\n<p><strong>R\u00e9sistance aux parasites et maladies :<\/strong> L&#8217;un des grands avantages de la <strong>Cheese<\/strong> est sa remarquable r\u00e9sistance aux parasites et aux maladies. Ses branches et feuilles solides la prot\u00e8gent contre bon nombre des probl\u00e8mes courants auxquels d&#8217;autres vari\u00e9t\u00e9s sont confront\u00e9es. Cependant, nous recommandons toujours de rester vigilant face \u00e0 la pr\u00e9sence d&#8217;acariens et de pucerons, en effectuant des inspections r\u00e9guli\u00e8res et en appliquant des traitements pr\u00e9ventifs si n\u00e9cessaire.<\/p>\n\n\n\n<div style=\"height:50px\" aria-hidden=\"true\" class=\"wp-block-spacer uag-hide-mob\"><\/div>\n\n\n\n<div class=\"wp-block-columns is-layout-flex wp-container-core-columns-is-layout-28f84493 wp-block-columns-is-layout-flex\">\n<div class=\"wp-block-column is-layout-flow wp-block-column-is-layout-flow\">\n<p class=\"has-text-align-center has-medium-font-size\"><strong>Ce que nous aimons le plus<\/strong><\/p>\n\n\n\n<ul class=\"wp-block-list\">\n<li>Facile \u00e0 cultiver, id\u00e9ale pour les d\u00e9butants.<\/li>\n\n\n\n<li>Haute r\u00e9sistance aux parasites et aux maladies.<\/li>\n\n\n\n<li>R\u00e9coltes abondantes en int\u00e9rieur comme en ext\u00e9rieur.<\/li>\n\n\n\n<li>Ar\u00f4me et saveur uniques et distinctifs.<\/li>\n\n\n\n<li>Effets \u00e9quilibr\u00e9s et durables.<\/li>\n<\/ul>\n<\/div>\n\n\n\n<div class=\"wp-block-column is-layout-flow wp-block-column-is-layout-flow\">\n<p class=\"has-text-align-center has-medium-font-size\"><strong>Ce que nous aimons le moins<\/strong><\/p>\n\n\n\n<ul class=\"wp-block-list\">\n<li>L&#8217;ar\u00f4me fort peut \u00eatre un d\u00e9fi pour ceux qui recherchent la discr\u00e9tion.<\/li>\n\n\n\n<li>N\u00e9cessite une bonne gestion de la ventilation en culture int\u00e9rieure.<\/li>\n<\/ul>\n<\/div>\n<\/div>\n\n\n\n<div style=\"height:50px\" aria-hidden=\"true\" class=\"wp-block-spacer uag-hide-mob\"><\/div>\n\n\n\n<h2 class=\"wp-block-heading\">Questions Fr\u00e9quemment Pos\u00e9es<\/h2>\n\n\n\n<p>Nous r\u00e9pondons ci-dessous \u00e0 quelques-unes des questions les plus fr\u00e9quentes que se posent les cultivateurs sur cette vari\u00e9t\u00e9.<\/p>\n\n\n<div id=\"rank-math-faq\" class=\"rank-math-block\">\n<div class=\"rank-math-list \">\n<div id=\"faq-question-1663029074962\" class=\"rank-math-list-item\">\n<h3 class=\"rank-math-question \">Quand commence la floraison de la Cheese en ext\u00e9rieur ?<\/h3>\n<div class=\"rank-math-answer \">\n\n<p>La floraison des graines de <strong>Cheese<\/strong> en ext\u00e9rieur commence g\u00e9n\u00e9ralement entre la fin juillet et le d\u00e9but ao\u00fbt, selon la latitude et les conditions climatiques.<\/p>\n\n<\/div>\n<\/div>\n<div id=\"faq-question-1663029159933\" class=\"rank-math-list-item\">\n<h3 class=\"rank-math-question \">Quand r\u00e9colter une Cheese en ext\u00e9rieur ?<\/h3>\n<div class=\"rank-math-answer \">\n\n<p>La <strong>Cheese<\/strong> est une vari\u00e9t\u00e9 \u00e0 floraison relativement courte qui se r\u00e9colte au cours des deux premi\u00e8res semaines d&#8217;octobre, garantissant une bonne production avant l&#8217;arriv\u00e9e des climats plus froids.<\/p>\n\n<\/div>\n<\/div>\n<div id=\"faq-question-1663029165861\" class=\"rank-math-list-item\">\n<h3 class=\"rank-math-question \">Comment cultiver une Cheese f\u00e9minis\u00e9e ?<\/h3>\n<div class=\"rank-math-answer \">\n\n<p>C&#8217;est l&#8217;une des vari\u00e9t\u00e9s les plus faciles \u00e0 cultiver et r\u00e9sistantes. Fournis-lui un bon substrat, du soleil, de l&#8217;eau et des engrais de qualit\u00e9 pour obtenir des r\u00e9coltes de premier choix.<\/p>\n\n<\/div>\n<\/div>\n<div id=\"faq-question-1663227754932\" class=\"rank-math-list-item\">\n<h3 class=\"rank-math-question \">Quels sont les effets de la Cheese en vrac ?<\/h3>\n<div class=\"rank-math-answer \">\n\n<p>Les graines de cannabis <strong>Cheese<\/strong> ont des effets tr\u00e8s \u00e9quilibr\u00e9s. Elles offrent un m\u00e9lange parfait entre effets psychoactifs et relaxants, procurant une exp\u00e9rience agr\u00e9able tant au niveau physique que c\u00e9r\u00e9bral.<\/p>\n\n<\/div>\n<\/div>\n<div id=\"faq-question-1719910081017\" class=\"rank-math-list-item\">\n<h3 class=\"rank-math-question \">La Cheese est-elle une sativa ou une indica ?<\/h3>\n<div class=\"rank-math-answer \">\n\n<p>La <strong>Cheese<\/strong> est une vari\u00e9t\u00e9 hybride avec une l\u00e9g\u00e8re dominance indica. Cela signifie qu&#8217;elle combine le meilleur des deux mondes : la relaxation et l&#8217;effet corporel profond typiques des indicas, avec l&#8217;euphorie et la clart\u00e9 mentale des sativas. Les vari\u00e9t\u00e9s <strong>sativa<\/strong> offrent g\u00e9n\u00e9ralement un high plus \u00e9nerg\u00e9tique et c\u00e9r\u00e9bral, id\u00e9al pour la journ\u00e9e et les activit\u00e9s cr\u00e9atives. En revanche, les vari\u00e9t\u00e9s <strong>indica<\/strong> procurent une sensation de relaxation et de s\u00e9dation, \u00e9tant plus adapt\u00e9es pour la nuit ou pour soulager le stress et la douleur.<\/p>\n\n<\/div>\n<\/div>\n<\/div>\n<\/div>\n","protected":false},"excerpt":{"rendered":"<p><b>Cheese<\/b> : la l\u00e9gendaire vari\u00e9t\u00e9 de cannabis avec un go\u00fbt inoubliable de fromage affin\u00e9. <strong>Facile \u00e0 cultiver, r\u00e9sistante et avec de hauts rendements<\/strong>. Profite d&#8217;effets \u00e9quilibr\u00e9s entre <strong>euphorie et relaxation<\/strong>. Procure-toi tes graines aujourd&#8217;hui et exp\u00e9rimente la magie de la Cheese !<\/p>\n","protected":false},"featured_media":35024,"comment_status":"open","ping_status":"closed","template":"","meta":{"_acf_changed":false,"inline_featured_image":false,"_uag_custom_page_level_css":""},"product_brand":[],"product_cat":[1125,4112],"product_tag":[],"class_list":{"0":"post-10957","1":"product","2":"type-product","3":"status-publish","4":"has-post-thumbnail","6":"product_cat-graines-feminisees-en-gros","7":"product_cat-graines-de-cannabis-a-1-euro","9":"first","10":"instock","11":"sale","12":"taxable","13":"shipping-taxable","14":"purchasable","15":"product-type-simple"},"acf":[],"uagb_featured_image_src":{"full":["https:\/\/bulkgenetics.com\/wp-content\/uploads\/2022\/09\/cheese-seeds-feminized-cannabis-bulk-genetics.jpg",1600,1600,false],"thumbnail":["https:\/\/bulkgenetics.com\/wp-content\/uploads\/2022\/09\/cheese-seeds-feminized-cannabis-bulk-genetics-150x150.jpg",150,150,true],"medium":["https:\/\/bulkgenetics.com\/wp-content\/uploads\/2022\/09\/cheese-seeds-feminized-cannabis-bulk-genetics-300x300.jpg",300,300,true],"medium_large":["https:\/\/bulkgenetics.com\/wp-content\/uploads\/2022\/09\/cheese-seeds-feminized-cannabis-bulk-genetics-768x768.jpg",768,768,true],"large":["https:\/\/bulkgenetics.com\/wp-content\/uploads\/2022\/09\/cheese-seeds-feminized-cannabis-bulk-genetics-1024x1024.jpg",1024,1024,true],"1536x1536":["https:\/\/bulkgenetics.com\/wp-content\/uploads\/2022\/09\/cheese-seeds-feminized-cannabis-bulk-genetics-1536x1536.jpg",1536,1536,true],"2048x2048":["https:\/\/bulkgenetics.com\/wp-content\/uploads\/2022\/09\/cheese-seeds-feminized-cannabis-bulk-genetics.jpg",1600,1600,false],"commercegurus-pdp-large":["https:\/\/bulkgenetics.com\/wp-content\/uploads\/2022\/09\/cheese-seeds-feminized-cannabis-bulk-genetics-990x990.jpg",990,990,true],"commercegurus-plp-mobile":["https:\/\/bulkgenetics.com\/wp-content\/uploads\/2022\/09\/cheese-seeds-feminized-cannabis-bulk-genetics-441x441.jpg",441,441,true],"cgkit_image_swatch":["https:\/\/bulkgenetics.com\/wp-content\/uploads\/2022\/09\/cheese-seeds-feminized-cannabis-bulk-genetics-100x100.jpg",100,100,true],"woocommerce_thumbnail":["https:\/\/bulkgenetics.com\/wp-content\/uploads\/2022\/09\/cheese-seeds-feminized-cannabis-bulk-genetics-300x300.jpg",300,300,true],"woocommerce_single":["https:\/\/bulkgenetics.com\/wp-content\/uploads\/2022\/09\/cheese-seeds-feminized-cannabis-bulk-genetics-800x800.jpg",800,800,true],"woocommerce_gallery_thumbnail":["https:\/\/bulkgenetics.com\/wp-content\/uploads\/2022\/09\/cheese-seeds-feminized-cannabis-bulk-genetics-150x150.jpg",150,150,true],"dgwt-wcas-product-suggestion":["https:\/\/bulkgenetics.com\/wp-content\/uploads\/2022\/09\/cheese-seeds-feminized-cannabis-bulk-genetics-64x64.jpg",64,64,true]},"uagb_author_info":{"display_name":"\u00c1ngel Flores","author_link":"https:\/\/bulkgenetics.com\/fr\/author\/"},"uagb_comment_info":0,"uagb_excerpt":"Cheese : la l\u00e9gendaire vari\u00e9t\u00e9 de cannabis avec un go\u00fbt inoubliable de fromage affin\u00e9. Facile \u00e0 cultiver, r\u00e9sistante et avec de hauts rendements. Profite d'effets \u00e9quilibr\u00e9s entre euphorie et relaxation. Procure-toi tes graines aujourd'hui et exp\u00e9rimente la magie de la Cheese !","_links":{"self":[{"href":"https:\/\/bulkgenetics.com\/fr\/wp-json\/wp\/v2\/product\/10957","targetHints":{"allow":["GET"]}}],"collection":[{"href":"https:\/\/bulkgenetics.com\/fr\/wp-json\/wp\/v2\/product"}],"about":[{"href":"https:\/\/bulkgenetics.com\/fr\/wp-json\/wp\/v2\/types\/product"}],"replies":[{"embeddable":true,"href":"https:\/\/bulkgenetics.com\/fr\/wp-json\/wp\/v2\/comments?post=10957"}],"wp:featuredmedia":[{"embeddable":true,"href":"https:\/\/bulkgenetics.com\/fr\/wp-json\/wp\/v2\/media\/35024"}],"wp:attachment":[{"href":"https:\/\/bulkgenetics.com\/fr\/wp-json\/wp\/v2\/media?parent=10957"}],"wp:term":[{"taxonomy":"product_brand","embeddable":true,"href":"https:\/\/bulkgenetics.com\/fr\/wp-json\/wp\/v2\/product_brand?post=10957"},{"taxonomy":"product_cat","embeddable":true,"href":"https:\/\/bulkgenetics.com\/fr\/wp-json\/wp\/v2\/product_cat?post=10957"},{"taxonomy":"product_tag","embeddable":true,"href":"https:\/\/bulkgenetics.com\/fr\/wp-json\/wp\/v2\/product_tag?post=10957"}],"curies":[{"name":"wp","href":"https:\/\/api.w.org\/{rel}","templated":true}]}}