{"id":10967,"date":"2022-09-14T13:10:08","date_gmt":"2022-09-14T11:10:08","guid":{"rendered":"https:\/\/www.bulkgenetics.com\/cannalope-haze-2\/"},"modified":"2024-10-08T01:19:01","modified_gmt":"2024-10-07T23:19:01","slug":"cannalope-haze","status":"publish","type":"product","link":"https:\/\/bulkgenetics.com\/fr\/cannalope-haze\/","title":{"rendered":"Cannalope Haze"},"content":{"rendered":"\n<p><strong>Cannalope Haze<\/strong> est une Strain 100% Sativa qui se distingue par sa courte p\u00e9riode de floraison et sa facilit\u00e9 de culture, en ext\u00e9rieur comme en int\u00e9rieur. D\u00e9velopp\u00e9e aux \u00c9tats-Unis, elle est la m\u00e8re de la fameuse <strong><a href=\"https:\/\/bulkgenetics.com\/fr\/chocolope-kush\/\">Chocolope<\/a><\/strong>. Cette vari\u00e9t\u00e9 combine une puissante m\u00e8re <strong>Haze originale<\/strong> (Mexique x Colombie x Tha\u00eflande x Inde) avec une <strong>Sativa mexicaine<\/strong>, lui conf\u00e9rant un patrimoine g\u00e9n\u00e9tique exceptionnel.<\/p>\n\n\n\n<p>Les cultivateurs l&#8217;adorent pour sa r\u00e9sistance et son adaptabilit\u00e9. Bien qu&#8217;elle soit une Sativa, sa p\u00e9riode de floraison est remarquablement courte, ce qui la rend id\u00e9ale pour les cultures en int\u00e9rieur et en ext\u00e9rieur dans les r\u00e9gions aux \u00e9t\u00e9s courts. Les t\u00eates de <strong>Cannalope Haze<\/strong> sont grandes et compactes, mais pas excessivement, permettant une bonne circulation de l&#8217;air et minimisant le risque de moisissures. De plus, la plante d\u00e9veloppe une structure typique de Sativa, bien que l\u00e9g\u00e8rement plus compacte, avec des entre-n\u0153uds moyens et des feuilles aux p\u00e9tioles effil\u00e9s.<\/p>\n\n\n\n<p>Les fleurs de <strong>Cannalope Haze<\/strong> sont d&#8217;un vert clair avec des pistils orange, recouvertes d&#8217;une \u00e9paisse couche de cristaux blancs, leur donnant un aspect spectaculaire et tr\u00e8s app\u00e9tissant. Son ar\u00f4me doux et fruit\u00e9, rappelant le melon, se m\u00eale \u00e0 des notes aigres et \u00e9pic\u00e9es, cr\u00e9ant une exp\u00e9rience sensorielle unique. Imaginez le plaisir de r\u00e9colter des t\u00eates si d\u00e9licieuses et aromatiques !<\/p>\n\n\n\n<h2 class=\"wp-block-heading\">Saveur et Effets<\/h2>\n\n\n\n<p>Le go\u00fbt de <strong>Cannalope Haze<\/strong> est tout simplement inoubliable. Imaginez mordre dans une juteuse tranche de melon, avec une touche de douceur fruit\u00e9e et un fond \u00e9pic\u00e9. Ce profil de saveur est compl\u00e9t\u00e9 par un ar\u00f4me tout aussi d\u00e9licieux, m\u00ealant des notes de fruits tropicaux et une l\u00e9g\u00e8re touche terreuse. Chaque bouff\u00e9e est un d\u00e9lice pour les sens, remplissant votre bouche d&#8217;une incroyable douceur et laissant un arri\u00e8re-go\u00fbt frais et fruit\u00e9.<\/p>\n\n\n\n<p>En ce qui concerne ses effets, <strong>Cannalope Haze<\/strong> ne d\u00e9\u00e7oit pas. Avec une teneur en <strong>THC oscillant entre 15 % et 20 %<\/strong> et un <strong>CBD faible, inf\u00e9rieur \u00e0 1 %<\/strong>, cette vari\u00e9t\u00e9 offre une exp\u00e9rience puissante et euphorique, typique des meilleures Sativas. D\u00e8s les premi\u00e8res bouff\u00e9es, vous ressentirez une mont\u00e9e d&#8217;\u00e9nergie et de bonheur qui vous maintiendra actif et concentr\u00e9. Cependant, \u00e0 la fin de l&#8217;exp\u00e9rience, vous pourrez profiter d&#8217;une relaxation profonde et apaisante, parfaite pour r\u00eaver \u00e9veill\u00e9.<\/p>\n\n\n\n<h3 class=\"wp-block-heading\">Terp\u00e8nes de Cannalope Haze<\/h3>\n\n\n\n<p>Les terp\u00e8nes de <strong>Cannalope Haze<\/strong> sont l&#8217;une des raisons pour lesquelles cette Strain est si sp\u00e9ciale. Le terp\u00e8ne dominant est le <strong>myrc\u00e8ne<\/strong>, qui apporte un ar\u00f4me herbac\u00e9 et terreux, suivi du <strong>caryophyll\u00e8ne<\/strong>, qui ajoute une touche \u00e9pic\u00e9e, et du <strong>humul\u00e8ne<\/strong>, connu pour ses notes houblonn\u00e9es. Ces terp\u00e8nes ne contribuent pas seulement \u00e0 son profil aromatique et gustatif, mais ils renforcent \u00e9galement ses effets.<\/p>\n\n\n\n<p>Le <strong>myrc\u00e8ne<\/strong> est connu pour ses propri\u00e9t\u00e9s s\u00e9datives et relaxantes, ce qui aide \u00e0 contrer l&#8217;euphorie initiale de la vari\u00e9t\u00e9. Le <strong>caryophyll\u00e8ne<\/strong> est anti-inflammatoire et peut soulager la douleur, tandis que le <strong>humul\u00e8ne<\/strong> a des propri\u00e9t\u00e9s antibact\u00e9riennes et anti-inflammatoires. Ensemble, ces terp\u00e8nes cr\u00e9ent une synergie parfaite qui renforce les effets positifs de <strong>Cannalope Haze<\/strong>, rendant chaque session unique et b\u00e9n\u00e9fique.<\/p>\n\n\n\n<h2 class=\"wp-block-heading\">Production et Temps de Floraison<\/h2>\n\n\n\n<p><strong>Cannalope Haze<\/strong> est une vari\u00e9t\u00e9 qui se distingue non seulement par son go\u00fbt et ses effets, mais aussi par son impressionnante production. En culture int\u00e9rieure, cette vari\u00e9t\u00e9 peut produire entre <strong>400 et 450 grammes par m\u00e8tre carr\u00e9<\/strong>, selon les conditions et les techniques de culture utilis\u00e9es. Elle est particuli\u00e8rement adapt\u00e9e aux techniques comme le <strong>SCROG<\/strong> et le <strong>SOG<\/strong>, qui maximisent le rendement.<\/p>\n\n\n\n<p>En ext\u00e9rieur, dans des conditions optimales, <strong>Cannalope Haze<\/strong> peut atteindre des hauteurs allant jusqu&#8217;\u00e0 <strong>2,5 \u00e0 3 m\u00e8tres<\/strong>, produisant entre <strong>500 et 700 grammes par plante<\/strong>. C&#8217;est une excellente option pour les cultivateurs disposant de suffisamment d&#8217;espace et cherchant \u00e0 obtenir de grandes r\u00e9coltes d&#8217;une Sativa de haute qualit\u00e9.<\/p>\n\n\n\n<p>Le temps de floraison de <strong>Cannalope Haze<\/strong> est un autre de ses avantages. En culture int\u00e9rieure, cette vari\u00e9t\u00e9 est pr\u00eate \u00e0 \u00eatre r\u00e9colt\u00e9e en seulement <strong>8 \u00e0 9 semaines<\/strong>, apr\u00e8s le changement de photop\u00e9riode. En ext\u00e9rieur, la r\u00e9colte a g\u00e9n\u00e9ralement lieu \u00e0 <strong>mi-octobre<\/strong>, faisant de cette Sativa une option viable m\u00eame dans les climats aux \u00e9t\u00e9s plus courts.<\/p>\n\n\n\n<p>Avec son temps de floraison rapide et sa haute production, <strong>Cannalope Haze<\/strong> est le choix parfait pour les cultivateurs recherchant l&#8217;efficacit\u00e9 sans sacrifier la qualit\u00e9. Pr\u00e9parez-vous \u00e0 profiter de r\u00e9coltes abondantes et de t\u00eates de premi\u00e8re cat\u00e9gorie !<\/p>\n\n\n\n<h2 class=\"wp-block-heading\">Comment cultiver Cannalope Haze<\/h2>\n\n\n\n<p>Cultiver <strong>Cannalope Haze<\/strong> est une exp\u00e9rience gratifiante et accessible tant pour les cultivateurs novices que pour les experts. Bien qu&#8217;il s&#8217;agisse d&#8217;une Sativa, sa facilit\u00e9 de culture la rend adapt\u00e9e \u00e0 diff\u00e9rents niveaux d&#8217;exp\u00e9rience. Sa r\u00e9sistance et son adaptabilit\u00e9 sont quelques-unes des raisons pour lesquelles elle est si populaire.<\/p>\n\n\n\n<p>Cette vari\u00e9t\u00e9 pr\u00e9f\u00e8re les climats chauds et ensoleill\u00e9s, comme les climats m\u00e9diterran\u00e9ens, mais elle s&#8217;adapte \u00e9galement bien aux cultures en int\u00e9rieur sous des conditions contr\u00f4l\u00e9es. En int\u00e9rieur, nous recommandons de maintenir une temp\u00e9rature constante et une bonne ventilation pour \u00e9viter les probl\u00e8mes d&#8217;humidit\u00e9. En ext\u00e9rieur, il est pr\u00e9f\u00e9rable de planter les graines au d\u00e9but de l&#8217;\u00e9t\u00e9 pour profiter au maximum de la saison de croissance.<\/p>\n\n\n\n<p><strong>Cannalope Haze<\/strong> est connue pour sa r\u00e9sistance aux parasites et aux maladies, ce qui facilite sa gestion et r\u00e9duit la n\u00e9cessit\u00e9 de traitements constants. Cela en fait une option id\u00e9ale pour les cultivateurs \u00e0 la recherche d&#8217;une plante robuste et fiable.<\/p>\n\n\n\n<div style=\"height:50px\" aria-hidden=\"true\" class=\"wp-block-spacer uag-hide-mob\"><\/div>\n\n\n\n<div class=\"wp-block-columns is-layout-flex wp-container-core-columns-is-layout-28f84493 wp-block-columns-is-layout-flex\">\n<div class=\"wp-block-column is-layout-flow wp-block-column-is-layout-flow\">\n<p class=\"has-text-align-center has-medium-font-size\"><strong>Ce que nous aimons le plus<\/strong><\/p>\n\n\n\n<ul class=\"wp-block-list\">\n<li>Facile \u00e0 cultiver et r\u00e9sistant.<\/li>\n\n\n\n<li>Sativa \u00e0 floraison rapide.<\/li>\n\n\n\n<li>Saveur douce et fruit\u00e9e comme le melon.<\/li>\n\n\n\n<li>Haute production en int\u00e9rieur et en ext\u00e9rieur.<\/li>\n<\/ul>\n<\/div>\n\n\n\n<div class=\"wp-block-column is-layout-flow wp-block-column-is-layout-flow\">\n<p class=\"has-text-align-center has-medium-font-size\"><strong>Ce que nous aimons le moins<\/strong><\/p>\n\n\n\n<ul class=\"wp-block-list\">\n<li>Certains ph\u00e9notypes peuvent prendre plus de temps \u00e0 fleurir.<\/li>\n<\/ul>\n<\/div>\n<\/div>\n\n\n\n<div style=\"height:50px\" aria-hidden=\"true\" class=\"wp-block-spacer uag-hide-mob\"><\/div>\n\n\n\n<h2 class=\"wp-block-heading\">Questions Fr\u00e9quemment Pos\u00e9es<\/h2>\n\n\n\n<p>Ensuite, nous r\u00e9pondons \u00e0 certaines des questions les plus fr\u00e9quentes que les cultivateurs se posent sur cette vari\u00e9t\u00e9 :<\/p>\n\n\n<div id=\"rank-math-faq\" class=\"rank-math-block\">\n<div class=\"rank-math-list \">\n<div id=\"faq-question-1663029074962\" class=\"rank-math-list-item\">\n<h3 class=\"rank-math-question \">Quand commence \u00e0 fleurir Cannalope Haze en ext\u00e9rieur ?<\/h3>\n<div class=\"rank-math-answer \">\n\n<p>En ext\u00e9rieur, la floraison de <strong>Cannalope Haze<\/strong> commence g\u00e9n\u00e9ralement durant la premi\u00e8re quinzaine du mois d&#8217;ao\u00fbt. Cela permet une r\u00e9colte pr\u00e9coce \u00e0 la mi-octobre, id\u00e9ale pour les climats avec des \u00e9t\u00e9s plus courts.<\/p>\n\n<\/div>\n<\/div>\n<div id=\"faq-question-1663029159933\" class=\"rank-math-list-item\">\n<h3 class=\"rank-math-question \">Quand r\u00e9colter une Cannalope Haze en ext\u00e9rieur ?<\/h3>\n<div class=\"rank-math-answer \">\n\n<p>En ext\u00e9rieur, la floraison de <strong>Cannalope Haze<\/strong> est tr\u00e8s courte pour une Sativa pure. Elle se r\u00e9colte \u00e0 la mi-octobre, ce qui assure une production optimale avant que les conditions climatiques ne se d\u00e9t\u00e9riorent.<\/p>\n\n<\/div>\n<\/div>\n<div id=\"faq-question-1663029165861\" class=\"rank-math-list-item\">\n<h3 class=\"rank-math-question \">Comment cultiver une Cannalope Haze f\u00e9minis\u00e9e ?<\/h3>\n<div class=\"rank-math-answer \">\n\n<p>Avec les graines f\u00e9minis\u00e9es de <strong>Cannalope Haze<\/strong> en vrac, vous obtiendrez des plantes \u00e0 croissance rapide avec une structure en sapin. Elle s&#8217;adapte \u00e0 toutes les techniques de culture et se r\u00e9colte en seulement deux mois de floraison. Sa r\u00e9sistance et son adaptabilit\u00e9 la rendent parfaite pour les novices comme pour les experts.<\/p>\n\n<\/div>\n<\/div>\n<div id=\"faq-question-1663162605353\" class=\"rank-math-list-item\">\n<h3 class=\"rank-math-question \">Quels sont les effets de Cannalope Haze en vrac ?<\/h3>\n<div class=\"rank-math-answer \">\n\n<p>Les effets de <strong>Cannalope Haze<\/strong> sont puissants et typiques d&#8217;une bonne Sativa. Elle produit une mont\u00e9e euphorique et joyeuse avec une certaine relaxation physique, parfaite pour r\u00eaver \u00e9veill\u00e9 et maintenir une attitude positive tout au long de la journ\u00e9e.<\/p>\n\n<\/div>\n<\/div>\n<div id=\"faq-question-1719904952317\" class=\"rank-math-list-item\">\n<h3 class=\"rank-math-question \">Cannalope Haze est-elle une Sativa ou une Indica ?<\/h3>\n<div class=\"rank-math-answer \">\n\n<p><strong>Cannalope Haze<\/strong> est une vari\u00e9t\u00e9 100% Sativa. Les Sativas sont connues pour leurs effets \u00e9nergisants et stimulants, parfaits pour les activit\u00e9s diurnes et cr\u00e9atives. Contrairement aux Indicas, qui sont g\u00e9n\u00e9ralement plus relaxantes et s\u00e9datives, les Sativas comme <strong>Cannalope Haze<\/strong> vous procurent une mont\u00e9e euphorique et joyeuse, id\u00e9ale pour rester actif et concentr\u00e9 tout au long de la journ\u00e9e.<\/p>\n\n<\/div>\n<\/div>\n<\/div>\n<\/div>","protected":false},"excerpt":{"rendered":"<p><b>Cannalope Haze<\/b> est une Sativa 100% de <strong>floraison rapide et facile \u00e0 cultiver<\/strong>, parfaite pour les int\u00e9rieurs et ext\u00e9rieurs. Profitez de son <strong>go\u00fbt sucr\u00e9 de melon et de ses effets euphorisants<\/strong>. Id\u00e9ale pour les cultivateurs recherchant <strong>haute production et r\u00e9sistance<\/strong>. Ajoutez ces graines \u00e0 votre panier et d\u00e9couvrez la magie de Cannalope Haze !<\/p>\n","protected":false},"featured_media":8777,"comment_status":"open","ping_status":"closed","template":"","meta":{"_acf_changed":false,"inline_featured_image":false,"_uag_custom_page_level_css":""},"product_brand":[],"product_cat":[1125],"product_tag":[],"class_list":{"0":"post-10967","1":"product","2":"type-product","3":"status-publish","4":"has-post-thumbnail","6":"product_cat-graines-feminisees-en-gros","8":"first","9":"outofstock","10":"taxable","11":"shipping-taxable","12":"purchasable","13":"product-type-simple"},"acf":[],"uagb_featured_image_src":{"full":["https:\/\/bulkgenetics.com\/wp-content\/uploads\/2022\/09\/cannalope-haze.jpg",1200,1200,false],"thumbnail":["https:\/\/bulkgenetics.com\/wp-content\/uploads\/2022\/09\/cannalope-haze-150x150.jpg",150,150,true],"medium":["https:\/\/bulkgenetics.com\/wp-content\/uploads\/2022\/09\/cannalope-haze-300x300.jpg",300,300,true],"medium_large":["https:\/\/bulkgenetics.com\/wp-content\/uploads\/2022\/09\/cannalope-haze-768x768.jpg",768,768,true],"large":["https:\/\/bulkgenetics.com\/wp-content\/uploads\/2022\/09\/cannalope-haze-1024x1024.jpg",1024,1024,true],"1536x1536":["https:\/\/bulkgenetics.com\/wp-content\/uploads\/2022\/09\/cannalope-haze.jpg",1200,1200,false],"2048x2048":["https:\/\/bulkgenetics.com\/wp-content\/uploads\/2022\/09\/cannalope-haze.jpg",1200,1200,false],"commercegurus-pdp-large":["https:\/\/bulkgenetics.com\/wp-content\/uploads\/2022\/09\/cannalope-haze-990x990.jpg",990,990,true],"commercegurus-plp-mobile":["https:\/\/bulkgenetics.com\/wp-content\/uploads\/2022\/09\/cannalope-haze-441x441.jpg",441,441,true],"cgkit_image_swatch":["https:\/\/bulkgenetics.com\/wp-content\/uploads\/2022\/09\/cannalope-haze-100x100.jpg",100,100,true],"woocommerce_thumbnail":["https:\/\/bulkgenetics.com\/wp-content\/uploads\/2022\/09\/cannalope-haze-300x300.jpg",300,300,true],"woocommerce_single":["https:\/\/bulkgenetics.com\/wp-content\/uploads\/2022\/09\/cannalope-haze-800x800.jpg",800,800,true],"woocommerce_gallery_thumbnail":["https:\/\/bulkgenetics.com\/wp-content\/uploads\/2022\/09\/cannalope-haze-150x150.jpg",150,150,true],"dgwt-wcas-product-suggestion":["https:\/\/bulkgenetics.com\/wp-content\/uploads\/2022\/09\/cannalope-haze-64x64.jpg",64,64,true]},"uagb_author_info":{"display_name":"Bruno Crespo","author_link":"https:\/\/bulkgenetics.com\/fr\/author\/"},"uagb_comment_info":0,"uagb_excerpt":"Cannalope Haze est une Sativa 100% de floraison rapide et facile \u00e0 cultiver, parfaite pour les int\u00e9rieurs et ext\u00e9rieurs. Profitez de son go\u00fbt sucr\u00e9 de melon et de ses effets euphorisants. Id\u00e9ale pour les cultivateurs recherchant haute production et r\u00e9sistance. Ajoutez ces graines \u00e0 votre panier et d\u00e9couvrez la magie de Cannalope Haze !","_links":{"self":[{"href":"https:\/\/bulkgenetics.com\/fr\/wp-json\/wp\/v2\/product\/10967","targetHints":{"allow":["GET"]}}],"collection":[{"href":"https:\/\/bulkgenetics.com\/fr\/wp-json\/wp\/v2\/product"}],"about":[{"href":"https:\/\/bulkgenetics.com\/fr\/wp-json\/wp\/v2\/types\/product"}],"replies":[{"embeddable":true,"href":"https:\/\/bulkgenetics.com\/fr\/wp-json\/wp\/v2\/comments?post=10967"}],"wp:featuredmedia":[{"embeddable":true,"href":"https:\/\/bulkgenetics.com\/fr\/wp-json\/wp\/v2\/media\/8777"}],"wp:attachment":[{"href":"https:\/\/bulkgenetics.com\/fr\/wp-json\/wp\/v2\/media?parent=10967"}],"wp:term":[{"taxonomy":"product_brand","embeddable":true,"href":"https:\/\/bulkgenetics.com\/fr\/wp-json\/wp\/v2\/product_brand?post=10967"},{"taxonomy":"product_cat","embeddable":true,"href":"https:\/\/bulkgenetics.com\/fr\/wp-json\/wp\/v2\/product_cat?post=10967"},{"taxonomy":"product_tag","embeddable":true,"href":"https:\/\/bulkgenetics.com\/fr\/wp-json\/wp\/v2\/product_tag?post=10967"}],"curies":[{"name":"wp","href":"https:\/\/api.w.org\/{rel}","templated":true}]}}