{"id":10979,"date":"2022-09-12T15:42:47","date_gmt":"2022-09-12T13:42:47","guid":{"rendered":"https:\/\/www.bulkgenetics.com\/monstre-bleu-2\/"},"modified":"2025-12-30T01:28:41","modified_gmt":"2025-12-30T00:28:41","slug":"blue-monster","status":"publish","type":"product","link":"https:\/\/bulkgenetics.com\/fr\/blue-monster\/","title":{"rendered":"Blue Monster"},"content":{"rendered":"\n<p>Blue Monster est l&#8217;une de ces strains de cannabis que vous ne pouvez pas ignorer. Ce joyau est un croisement impressionnant entre <a href=\"https:\/\/bulkgenetics.com\/fr\/g13\/\"><strong>G13<\/strong><\/a>, <strong><a href=\"https:\/\/bulkgenetics.com\/fr\/blueberry\/\">Blueberry<\/a><\/strong>, <a href=\"https:\/\/bulkgenetics.com\/fr\/northern-lights\/\"><strong>Northern Lights #5<\/strong><\/a> et une <strong>landrace Mexicaine<\/strong>. Ce m\u00e9lange g\u00e9n\u00e9tique lui conf\u00e8re un caract\u00e8re unique, combinant le meilleur de ses parents pour offrir une exp\u00e9rience inoubliable tant pour les cultivateurs d\u00e9butants que professionnels.<\/p>\n\n\n\n<p>En parlant de sa morphologie, la <strong>Blue Monster<\/strong> se distingue par sa structure typique d&#8217;Indica. Ses plantes sont robustes et compactes, avec des entren\u0153uds courts et des branches \u00e9paisses supportant des t\u00eates denses et r\u00e9sineuses. Les feuilles sont petites et d&#8217;un vert fonc\u00e9, souvent enroul\u00e9es vers la tige, montrant chez certains ph\u00e9notypes de magnifiques teintes bleut\u00e9es qui la rendent visuellement impressionnante.<\/p>\n\n\n\n<p>Les t\u00eates de la Blue Monster sont de taille moyenne mais tr\u00e8s compactes, couvertes d&#8217;une couche \u00e9paisse de r\u00e9sine qui vous laissera sans voix. Selon le ph\u00e9notype, les t\u00eates peuvent \u00eatre allong\u00e9es, sph\u00e9riques ou coniques, mais elles vous impressionneront toujours par la quantit\u00e9 de r\u00e9sine qu&#8217;elles produisent. Certains ph\u00e9notypes montrent davantage les traits de Blueberry, avec des feuilles et des fleurs prenant des tons bleut\u00e9s, faisant de cette strain une v\u00e9ritable merveille pour les sens.<\/p>\n\n\n\n<h2 class=\"wp-block-heading\">Saveur et Effets<\/h2>\n\n\n\n<p>Blue Monster est connue pour sa saveur complexe et distinctive. En la d\u00e9gustant, vous ressentirez un m\u00e9lange de saveurs qui commence par des notes sucr\u00e9es et fruit\u00e9es de myrtilles fra\u00eeches. Au fur et \u00e0 mesure que vous la consommez, des nuances astringentes, chimiques et \u00e9pic\u00e9es se r\u00e9v\u00e8lent, cr\u00e9ant une saveur unique qui persiste sur le palais.<\/p>\n\n\n\n<p>L&#8217;effet de la Blue Monster est aussi puissant que sa saveur. Avec une teneur en THC pouvant d\u00e9passer les 20% et des niveaux tr\u00e8s faibles de CBD, cette strain offre un high initial \u00e9quilibr\u00e9 entre les sensations typiques des vari\u00e9t\u00e9s indicas et sativas. Vous ressentirez une forte euphorie c\u00e9r\u00e9brale accompagn\u00e9e de bonheur et de cr\u00e9ativit\u00e9, suivie d&#8217;une profonde relaxation physique qui vous clouera au canap\u00e9. Id\u00e9ale pour ceux qui cherchent \u00e0 soulager le stress, l&#8217;anxi\u00e9t\u00e9, l&#8217;insomnie, les naus\u00e9es, la douleur et l&#8217;inflammation.<\/p>\n\n\n\n<h3 class=\"wp-block-heading\">Terp\u00e8nes de Blue Monster<\/h3>\n\n\n\n<p>Les terp\u00e8nes jouent un r\u00f4le crucial dans l&#8217;exp\u00e9rience offerte par Blue Monster. Le terp\u00e8ne dominant dans cette strain est le <strong>limon\u00e8ne<\/strong>, connu pour son ar\u00f4me citronn\u00e9 et sa capacit\u00e9 \u00e0 soulager l&#8217;anxi\u00e9t\u00e9 et le stress. Un autre terp\u00e8ne pr\u00e9sent est le <strong>caryophyll\u00e8ne<\/strong>, qui apporte une touche \u00e9pic\u00e9e et terreuse, en plus d&#8217;avoir des propri\u00e9t\u00e9s anti-inflammatoires et analg\u00e9siques.<\/p>\n\n\n\n<p>Le <strong>pin\u00e8ne<\/strong>, \u00e9galement pr\u00e9sent dans Blue Monster, lui donne un ar\u00f4me frais de pin et est connu pour ses effets anti-inflammatoires et d&#8217;am\u00e9lioration de la m\u00e9moire. Cette combinaison de terp\u00e8nes contribue non seulement \u00e0 son d\u00e9licieux ar\u00f4me et go\u00fbt, mais aussi \u00e0 renforcer les effets th\u00e9rapeutiques de cette strain impressionnante.<\/p>\n\n\n\n<h2 class=\"wp-block-heading\">Production et Temps de Floraison<\/h2>\n\n\n\n<p>La <strong>Blue Monster<\/strong> est une plante qui impressionne non seulement par sa saveur et ses effets, mais aussi par sa g\u00e9n\u00e9reuse production. En culture int\u00e9rieure, cette strain peut produire jusqu&#8217;\u00e0 <strong>500 grammes par m\u00e8tre carr\u00e9<\/strong> dans des conditions optimis\u00e9es, notamment en configurations SOG (Sea of Green) \u00e0 partir de boutures. C&#8217;est une plante facile \u00e0 g\u00e9rer et ne n\u00e9cessitant pas beaucoup d&#8217;exp\u00e9rience pour obtenir de bons r\u00e9sultats.<\/p>\n\n\n\n<p>En ext\u00e9rieur, Blue Monster montre vraiment son potentiel. Dans des conditions favorables et avec des sp\u00e9cimens de grande taille, les rendements peuvent atteindre entre <strong>600 et 700 grammes par plante<\/strong>. C&#8217;est une plante r\u00e9sistante et gratifiante qui prosp\u00e8re avec des sols fertiles et le maximum d&#8217;heures de soleil possible.<\/p>\n\n\n\n<p>Quant au temps de floraison, Blue Monster est relativement rapide. En int\u00e9rieur, elle se r\u00e9colte approximativement en <strong>60 jours<\/strong> \u00e0 partir du changement de photop\u00e9riode. En ext\u00e9rieur, selon le climat, la r\u00e9colte se fait entre fin septembre et la premi\u00e8re quinzaine d&#8217;octobre, avec une floraison qui commence entre la <strong>deuxi\u00e8me quinzaine de juillet et d\u00e9but ao\u00fbt.<\/strong><\/p>\n\n\n\n<h2 class=\"wp-block-heading\">Comment cultiver Blue Monster<\/h2>\n\n\n\n<p>Pour cultiver la Blue Monster, il n&#8217;est pas n\u00e9cessaire d&#8217;\u00eatre un expert en culture de cannabis. C&#8217;est une strain qui s&#8217;adapte bien tant aux cultivateurs d\u00e9butants qu&#8217;\u00e0 ceux ayant plus d&#8217;exp\u00e9rience. Sa r\u00e9sistance et sa facilit\u00e9 de gestion la rendent id\u00e9ale pour tous les niveaux de comp\u00e9tence.<\/p>\n\n\n\n<p>Blue Monster pr\u00e9f\u00e8re les climats ensoleill\u00e9s et chauds, mais elle peut \u00e9galement bien pousser dans d&#8217;autres environnements, tant qu&#8217;elle re\u00e7oit suffisamment de lumi\u00e8re solaire et qu&#8217;elle est plant\u00e9e dans un sol fertile. C&#8217;est une plante robuste qui ne n\u00e9cessite pas de soins particuliers, ce qui en fait une option excellente pour ceux qui recherchent une strain \u00e0 faible entretien.<\/p>\n\n\n\n<p>En ce qui concerne sa r\u00e9sistance aux nuisibles et aux maladies, Blue Monster se distingue par sa robustesse. Cela r\u00e9duit consid\u00e9rablement la n\u00e9cessit\u00e9 de traitements chimiques et permet une culture plus naturelle et \u00e9cologique.<\/p>\n\n\n\n<div style=\"height:50px\" aria-hidden=\"true\" class=\"wp-block-spacer uag-hide-mob\"><\/div>\n\n\n\n<div class=\"wp-block-columns is-layout-flex wp-container-core-columns-is-layout-28f84493 wp-block-columns-is-layout-flex\">\n<div class=\"wp-block-column is-layout-flow wp-block-column-is-layout-flow\">\n<p class=\"has-text-align-center has-medium-font-size\"><strong>Ce que nous aimons le plus<\/strong><\/p>\n\n\n\n<ul class=\"wp-block-list\">\n<li>Facile \u00e0 cultiver et r\u00e9sistante.<\/li>\n\n\n\n<li>Puissance \u00e9lev\u00e9e avec une teneur en THC pouvant d\u00e9passer 20%.<\/li>\n\n\n\n<li>Saveur complexe et d\u00e9licieuse domin\u00e9e par la myrtille.<\/li>\n\n\n\n<li>Grande production en ext\u00e9rieur.<\/li>\n\n\n\n<li>Prix bas compar\u00e9 \u00e0 d&#8217;autres strains de haute qualit\u00e9.<\/li>\n<\/ul>\n<\/div>\n\n\n\n<div class=\"wp-block-column is-layout-flow wp-block-column-is-layout-flow\">\n<p class=\"has-text-align-center has-medium-font-size\"><strong>Ce que nous aimons le moins<\/strong><\/p>\n\n\n\n<ul class=\"wp-block-list\">\n<li>Tr\u00e8s odorante en floraison.<\/li>\n\n\n\n<li>Production moyenne en int\u00e9rieur compar\u00e9e \u00e0 d&#8217;autres strains.<\/li>\n<\/ul>\n<\/div>\n<\/div>\n\n\n\n<div style=\"height:50px\" aria-hidden=\"true\" class=\"wp-block-spacer uag-hide-mob\"><\/div>\n\n\n\n<h2 class=\"wp-block-heading\">Questions Fr\u00e9quemment Pos\u00e9es<\/h2>\n\n\n\n<p>Ci-dessous, nous essayons de r\u00e9pondre aux questions les plus fr\u00e9quentes que se posent les cultivateurs avant de cultiver cette strain :<\/p>\n\n\n<div id=\"rank-math-faq\" class=\"rank-math-block\">\n<div class=\"rank-math-list \">\n<div id=\"faq-question-1663029074962\" class=\"rank-math-list-item\">\n<h3 class=\"rank-math-question \">Quand commence la floraison de la Blue Monster en ext\u00e9rieur ?<\/h3>\n<div class=\"rank-math-answer \">\n\n<p>La floraison en ext\u00e9rieur et dans l&#8217;h\u00e9misph\u00e8re Nord de la Blue Monster commence entre la deuxi\u00e8me quinzaine de juillet et d\u00e9but ao\u00fbt, avec une dur\u00e9e de floraison d&#8217;environ 8 \u00e0 9 semaines. <\/p>\n\n<\/div>\n<\/div>\n<div id=\"faq-question-1663029159933\" class=\"rank-math-list-item\">\n<h3 class=\"rank-math-question \">Quand r\u00e9colter une Blue Monster en ext\u00e9rieur ?<\/h3>\n<div class=\"rank-math-answer \">\n\n<p>La strain de cannabis Blue Monster se r\u00e9colte dans l&#8217;h\u00e9misph\u00e8re nord entre fin septembre et d\u00e9but octobre. Pendant la phase de floraison, les t\u00eates gonflent et se couvrent d&#8217;une \u00e9paisse couche de r\u00e9sine.<\/p>\n\n<\/div>\n<\/div>\n<div id=\"faq-question-1663029165861\" class=\"rank-math-list-item\">\n<h3 class=\"rank-math-question \">Comment cultiver une Blue Monster f\u00e9minis\u00e9e ?<\/h3>\n<div class=\"rank-math-answer \">\n\n<p>Nos graines f\u00e9minis\u00e9es en vrac Blue Monster sont tr\u00e8s r\u00e9sistantes et faciles \u00e0 cultiver. Elles appr\u00e9cient les climats ensoleill\u00e9s mais n&#8217;auront aucun probl\u00e8me \u00e0 pousser rapidement dans d&#8217;autres zones.<\/p>\n\n<\/div>\n<\/div>\n<div id=\"faq-question-1683711168214\" class=\"rank-math-list-item\">\n<h3 class=\"rank-math-question \">Quel est le croisement de la Blue Monster ?<\/h3>\n<div class=\"rank-math-answer \">\n\n<p>Blue Monster est un polyhybride \u00e0 dominance Indica. C&#8217;est un croisement parfait de G13 x Blueberry x Northern Lights #5 x landrace Mexicaine, cr\u00e9\u00e9 par Golden Seeds Company.<\/p>\n\n<\/div>\n<\/div>\n<div id=\"faq-question-1683712281920\" class=\"rank-math-list-item\">\n<h3 class=\"rank-math-question \">Quel go\u00fbt a la Blue Monster ?<\/h3>\n<div class=\"rank-math-answer \">\n\n<p>Blue Monster a un m\u00e9lange de saveurs qui commence par des notes sucr\u00e9es et fruit\u00e9es de myrtilles fra\u00eeches. Au fur et \u00e0 mesure que vous la consommez, vous pouvez d\u00e9tecter des nuances astringentes, chimiques et \u00e9pic\u00e9es de son h\u00e9ritage Diesel.<\/p>\n\n<\/div>\n<\/div>\n<div id=\"faq-question-1683712332856\" class=\"rank-math-list-item\">\n<h3 class=\"rank-math-question \">Quels sont les effets de la Blue Monster ?<\/h3>\n<div class=\"rank-math-answer \">\n\n<p>Les effets de la Blue Monster sont puissants et initialement \u00e9quilibr\u00e9s entre les sensations typiques des vari\u00e9t\u00e9s indicas et sativas. Apr\u00e8s une forte euphorie c\u00e9r\u00e9brale et des sensations de bonheur et de cr\u00e9ativit\u00e9, arrive une relaxation profonde qui vous clouera au canap\u00e9. Id\u00e9ale pour soulager le stress, l&#8217;anxi\u00e9t\u00e9, l&#8217;insomnie, les naus\u00e9es, la douleur et l&#8217;inflammation.<\/p>\n\n<\/div>\n<\/div>\n<div id=\"faq-question-1719578622251\" class=\"rank-math-list-item\">\n<h3 class=\"rank-math-question \">La Blue Monster est-elle sativa ou indica ?<\/h3>\n<div class=\"rank-math-answer \">\n\n<p>Blue Monster est une vari\u00e9t\u00e9 \u00e0 dominance indica, sp\u00e9cifiquement 80% indica et 20% sativa. Les vari\u00e9t\u00e9s indicas se caract\u00e9risent par fournir une sensation de relaxation physique profonde, id\u00e9ales pour une utilisation nocturne ou pour combattre l&#8217;insomnie et la douleur. En contraste, les vari\u00e9t\u00e9s sativas offrent souvent un high c\u00e9r\u00e9bral et \u00e9nerg\u00e9tique, adapt\u00e9 pour une utilisation diurne et pour stimuler la cr\u00e9ativit\u00e9 et la concentration. Blue Monster, avec sa forte dominance indica, est parfaite pour ceux qui recherchent relaxation et soulagement des tensions.<\/p>\n\n<\/div>\n<\/div>\n<\/div>\n<\/div>\n\n","protected":false},"excerpt":{"rendered":"<p><b>Blue Monster<\/b> est la strain parfaite pour ceux qui recherchent une exp\u00e9rience unique. Avec 80% de g\u00e9n\u00e9tique indica, elle offre un puissant <strong>effet relaxant et une saveur d\u00e9licieuse de myrtille<\/strong>. Facile \u00e0 cultiver et hautement productive, procurez-vous vos graines maintenant et profitez-en !<\/p>\n","protected":false},"featured_media":28776,"comment_status":"open","ping_status":"closed","template":"","meta":{"_acf_changed":false,"inline_featured_image":false,"_uag_custom_page_level_css":""},"product_brand":[],"product_cat":[1125],"product_tag":[],"class_list":{"0":"post-10979","1":"product","2":"type-product","3":"status-publish","4":"has-post-thumbnail","6":"product_cat-graines-feminisees-en-gros","8":"first","9":"outofstock","10":"taxable","11":"shipping-taxable","12":"purchasable","13":"product-type-simple"},"acf":[],"uagb_featured_image_src":{"full":["https:\/\/bulkgenetics.com\/wp-content\/uploads\/2022\/09\/blue-monster-strain-cannabis-seeds.jpg",1600,1600,false],"thumbnail":["https:\/\/bulkgenetics.com\/wp-content\/uploads\/2022\/09\/blue-monster-strain-cannabis-seeds-150x150.jpg",150,150,true],"medium":["https:\/\/bulkgenetics.com\/wp-content\/uploads\/2022\/09\/blue-monster-strain-cannabis-seeds-300x300.jpg",300,300,true],"medium_large":["https:\/\/bulkgenetics.com\/wp-content\/uploads\/2022\/09\/blue-monster-strain-cannabis-seeds-768x768.jpg",768,768,true],"large":["https:\/\/bulkgenetics.com\/wp-content\/uploads\/2022\/09\/blue-monster-strain-cannabis-seeds-1024x1024.jpg",1024,1024,true],"1536x1536":["https:\/\/bulkgenetics.com\/wp-content\/uploads\/2022\/09\/blue-monster-strain-cannabis-seeds-1536x1536.jpg",1536,1536,true],"2048x2048":["https:\/\/bulkgenetics.com\/wp-content\/uploads\/2022\/09\/blue-monster-strain-cannabis-seeds.jpg",1600,1600,false],"commercegurus-pdp-large":["https:\/\/bulkgenetics.com\/wp-content\/uploads\/2022\/09\/blue-monster-strain-cannabis-seeds-990x990.jpg",990,990,true],"commercegurus-plp-mobile":["https:\/\/bulkgenetics.com\/wp-content\/uploads\/2022\/09\/blue-monster-strain-cannabis-seeds-441x441.jpg",441,441,true],"cgkit_image_swatch":["https:\/\/bulkgenetics.com\/wp-content\/uploads\/2022\/09\/blue-monster-strain-cannabis-seeds-100x100.jpg",100,100,true],"woocommerce_thumbnail":["https:\/\/bulkgenetics.com\/wp-content\/uploads\/2022\/09\/blue-monster-strain-cannabis-seeds-300x300.jpg",300,300,true],"woocommerce_single":["https:\/\/bulkgenetics.com\/wp-content\/uploads\/2022\/09\/blue-monster-strain-cannabis-seeds-800x800.jpg",800,800,true],"woocommerce_gallery_thumbnail":["https:\/\/bulkgenetics.com\/wp-content\/uploads\/2022\/09\/blue-monster-strain-cannabis-seeds-150x150.jpg",150,150,true],"dgwt-wcas-product-suggestion":["https:\/\/bulkgenetics.com\/wp-content\/uploads\/2022\/09\/blue-monster-strain-cannabis-seeds-64x64.jpg",64,64,true]},"uagb_author_info":{"display_name":"Bruno Crespo","author_link":"https:\/\/bulkgenetics.com\/fr\/author\/"},"uagb_comment_info":2,"uagb_excerpt":"Blue Monster est la strain parfaite pour ceux qui recherchent une exp\u00e9rience unique. Avec 80% de g\u00e9n\u00e9tique indica, elle offre un puissant effet relaxant et une saveur d\u00e9licieuse de myrtille. Facile \u00e0 cultiver et hautement productive, procurez-vous vos graines maintenant et profitez-en !","_links":{"self":[{"href":"https:\/\/bulkgenetics.com\/fr\/wp-json\/wp\/v2\/product\/10979","targetHints":{"allow":["GET"]}}],"collection":[{"href":"https:\/\/bulkgenetics.com\/fr\/wp-json\/wp\/v2\/product"}],"about":[{"href":"https:\/\/bulkgenetics.com\/fr\/wp-json\/wp\/v2\/types\/product"}],"replies":[{"embeddable":true,"href":"https:\/\/bulkgenetics.com\/fr\/wp-json\/wp\/v2\/comments?post=10979"}],"wp:featuredmedia":[{"embeddable":true,"href":"https:\/\/bulkgenetics.com\/fr\/wp-json\/wp\/v2\/media\/28776"}],"wp:attachment":[{"href":"https:\/\/bulkgenetics.com\/fr\/wp-json\/wp\/v2\/media?parent=10979"}],"wp:term":[{"taxonomy":"product_brand","embeddable":true,"href":"https:\/\/bulkgenetics.com\/fr\/wp-json\/wp\/v2\/product_brand?post=10979"},{"taxonomy":"product_cat","embeddable":true,"href":"https:\/\/bulkgenetics.com\/fr\/wp-json\/wp\/v2\/product_cat?post=10979"},{"taxonomy":"product_tag","embeddable":true,"href":"https:\/\/bulkgenetics.com\/fr\/wp-json\/wp\/v2\/product_tag?post=10979"}],"curies":[{"name":"wp","href":"https:\/\/api.w.org\/{rel}","templated":true}]}}