{"id":10994,"date":"2022-09-08T12:38:08","date_gmt":"2022-09-08T10:38:08","guid":{"rendered":"https:\/\/www.bulkgenetics.com\/big-bud-2\/"},"modified":"2024-10-08T01:19:05","modified_gmt":"2024-10-07T23:19:05","slug":"big-bud","status":"publish","type":"product","link":"https:\/\/bulkgenetics.com\/fr\/big-bud\/","title":{"rendered":"Big Bud"},"content":{"rendered":"\n<p>Big Bud est une strain de marijuana l\u00e9gendaire qui a marqu\u00e9 la communaut\u00e9 cannabique depuis les ann\u00e9es 80. Cette strain est le r\u00e9sultat d&#8217;une combinaison magistrale entre <a href=\"https:\/\/bulkgenetics.com\/fr\/northern-lights\/\"><strong>Northern Lights<\/strong><\/a> et <strong><a href=\"https:\/\/bulkgenetics.com\/fr\/skunk-1\/\">Skunk #1<\/a><\/strong>. N\u00e9e aux \u00c9tats-Unis et, sous la pression de la guerre contre la drogue, elle a trouv\u00e9 refuge aux Pays-Bas, o\u00f9 elle s&#8217;est stabilis\u00e9e g\u00e9n\u00e9tiquement et a gagn\u00e9 la popularit\u00e9 qui la caract\u00e9rise aujourd&#8217;hui. La <strong>Big Bud<\/strong> n&#8217;est pas seulement un nom, c&#8217;est une promesse de grandes r\u00e9coltes et d&#8217;effets inoubliables.<\/p>\n\n\n\n<p>Cette plante est un spectacle pour les yeux. Elle atteint une hauteur d&#8217;environ <strong>1,5-2 m\u00e8tres<\/strong>, avec une structure majoritairement indica. Les buds sont \u00e9normes et compacts, couverts d&#8217;une \u00e9paisse r\u00e9sine qui brille comme si elle venait d&#8217;un autre monde. Les fleurs de Big Bud montrent des tons allant du vert olive profond \u00e0 des nuances pourpres dans certains ph\u00e9notypes, parsem\u00e9es de pistils orange vibrants. Les cultivateurs ne peuvent s&#8217;emp\u00eacher d&#8217;admirer ces buds denses et remplis de trichomes qui semblent sortir d&#8217;un conte de f\u00e9es.<\/p>\n\n\n\n<p>Big Bud est connue pour sa capacit\u00e9 \u00e0 produire une grande quantit\u00e9 de fleurs r\u00e9sineuses et pour son rendement impressionnant tant en int\u00e9rieur qu&#8217;en ext\u00e9rieur. C&#8217;est une option favorite pour les cultivateurs d\u00e9butants comme pour les experts en raison de sa fiabilit\u00e9 et de la qualit\u00e9 de ses buds. Ne t&#8217;inqui\u00e8te pas si tu es novice en culture, car Big Bud est une plante facile \u00e0 g\u00e9rer, r\u00e9sistante et g\u00e9n\u00e9reuse.<\/p>\n\n\n\n<h2 class=\"wp-block-heading\">Saveur et Effets<\/h2>\n\n\n\n<p>La saveur de <strong>Big Bud<\/strong> est une v\u00e9ritable symphonie de notes citronn\u00e9es, fruit\u00e9es et sucr\u00e9es. Imagine une explosion de fruits tropicaux avec une touche de douceur qui se d\u00e9ploie doucement \u00e0 chaque expiration. Son ar\u00f4me est tout aussi captivant, remplissant l&#8217;air d&#8217;un parfum doux et fruit\u00e9 qui invite \u00e0 la d\u00e9tente.<\/p>\n\n\n\n<p>En consommant Big Bud, tu ressentiras un puissant \u00e9quilibre entre euphorie et relaxation. Avec une teneur en <strong>THC de 15% \u00e0 20%<\/strong> et un <strong>CBD bas de 2%<\/strong>, cette strain offre une exp\u00e9rience apaisante qui soulage le stress et la douleur, te faisant sentir heureux et d\u00e9tendu. Elle est id\u00e9ale pour les moments o\u00f9 tu as besoin de te d\u00e9connecter et de laisser derri\u00e8re toi les soucis de la journ\u00e9e.<\/p>\n\n\n\n<h3 class=\"wp-block-heading\">Terp\u00e8nes de Big Bud<\/h3>\n\n\n\n<p>Big Bud poss\u00e8de un profil terp\u00e9nique robuste incluant Alpha-Humul\u00e8ne, Alpha-Fellandrene, Alpha-Pin\u00e8ne, B\u00eata-Caryophyll\u00e8ne, B\u00eata-Pin\u00e8ne, Born\u00e9ol, Eucalyptol, Limon\u00e8ne, Myrc\u00e8ne, Phytol et Valenc\u00e8ne. Ces terp\u00e8nes contribuent non seulement \u00e0 sa d\u00e9licieuse saveur et ar\u00f4me, mais offrent \u00e9galement divers bienfaits th\u00e9rapeutiques.<\/p>\n\n\n\n<p>Le <strong>Myrc\u00e8ne<\/strong>, par exemple, est connu pour ses propri\u00e9t\u00e9s s\u00e9datives et relaxantes, aidant \u00e0 combattre l&#8217;insomnie et le stress. Le <strong>Limon\u00e8ne<\/strong> ajoute une note citronn\u00e9e fra\u00eeche et agit comme un rehausseur d&#8217;humeur, tandis que le <strong>B\u00eata-Caryophyll\u00e8ne<\/strong> apporte une touche \u00e9pic\u00e9e et est reconnu pour ses effets anti-inflammatoires et analg\u00e9siques. Ces terp\u00e8nes travaillent ensemble pour cr\u00e9er une exp\u00e9rience de consommation \u00e0 la fois agr\u00e9able et b\u00e9n\u00e9fique.<\/p>\n\n\n\n<h2 class=\"wp-block-heading\">Production et Temps de Floraison<\/h2>\n\n\n\n<p>Big Bud est c\u00e9l\u00e8bre pour son rendement impressionnant, ce qui en fait un choix pr\u00e9f\u00e9r\u00e9 tant pour les cultivateurs amateurs que professionnels. En int\u00e9rieur, cette strain peut produire environ <strong>500 \u00e0 550 grammes par m\u00e8tre carr\u00e9<\/strong>. Avec un temps de floraison variant entre <strong>7 \u00e0 9 semaines<\/strong>, Big Bud est une plante qui pousse rapidement et r\u00e9compensera les cultivateurs avec une abondante r\u00e9colte de buds denses et r\u00e9sineux.<\/p>\n\n\n\n<p>Lorsqu&#8217;elle est cultiv\u00e9e en plein air, Big Bud montre \u00e9galement son potentiel productif, offrant environ <strong>700 \u00e0 900 grammes par plante<\/strong>. La plante prosp\u00e8re dans des climats chauds et ensoleill\u00e9s, et se r\u00e9colte entre <strong>mi et fin septembre<\/strong>. <\/p>\n\n\n\n<p>Big Bud n&#8217;est pas seulement g\u00e9n\u00e9reuse dans sa production, mais elle est \u00e9galement r\u00e9sistante et facile \u00e0 g\u00e9rer, ce qui la rend id\u00e9ale pour ceux qui cherchent \u00e0 maximiser leur rendement avec un effort mod\u00e9r\u00e9. Ses gros buds denses et sa structure robuste permettent une r\u00e9colte abondante tant en int\u00e9rieur qu&#8217;en ext\u00e9rieur, assurant que chaque culture soit une exp\u00e9rience gratifiante.<\/p>\n\n\n\n<h2 class=\"wp-block-heading\">Comment Cultiver Big Bud<\/h2>\n\n\n\n<p>Pour cultiver <strong>Big Bud<\/strong> avec succ\u00e8s, il est important de prendre en compte plusieurs recommandations cl\u00e9s. Cette strain est connue pour \u00eatre relativement facile \u00e0 cultiver, ce qui en fait une excellente option tant pour les d\u00e9butants que pour les cultivateurs exp\u00e9riment\u00e9s.<\/p>\n\n\n\n<p>Big Bud pr\u00e9f\u00e8re les climats chauds et ensoleill\u00e9s, avec des temp\u00e9ratures diurnes comprises entre <strong>20\u00b0C et 27\u00b0C<\/strong>. La nuit, les temp\u00e9ratures doivent \u00eatre un peu plus fra\u00eeches, autour de <strong>4\u00b0C \u00e0 5\u00b0C<\/strong> de moins. Cette strain a \u00e9galement besoin de faibles niveaux d&#8217;humidit\u00e9 pour prosp\u00e9rer. Pendant la phase v\u00e9g\u00e9tative, nous maintenons l&#8217;humidit\u00e9 relative entre <strong>55% et 60%<\/strong>, et la r\u00e9duisons autour de <strong>40%<\/strong> pendant la phase de floraison. Pour la r\u00e9colte, l&#8217;humidit\u00e9 doit \u00eatre d&#8217;environ <strong>30%<\/strong>.<\/p>\n\n\n\n<p>En termes de r\u00e9sistance, Big Bud se distingue par sa robustesse et sa capacit\u00e9 \u00e0 r\u00e9sister aux parasites et aux maladies courantes. Cependant, il est toujours recommand\u00e9 de rester vigilant face \u00e0 d&#8217;\u00e9ventuelles infestations et de maintenir un environnement de culture propre et bien ventil\u00e9 pour minimiser les risques.<\/p>\n\n\n\n<div style=\"height:50px\" aria-hidden=\"true\" class=\"wp-block-spacer uag-hide-mob\"><\/div>\n\n\n\n<div class=\"wp-block-columns is-layout-flex wp-container-core-columns-is-layout-28f84493 wp-block-columns-is-layout-flex\">\n<div class=\"wp-block-column is-layout-flow wp-block-column-is-layout-flow\">\n<p class=\"has-text-align-center has-medium-font-size\"><strong>Ce que nous aimons le plus<\/strong><\/p>\n\n\n\n<ul class=\"wp-block-list\">\n<li>Production \u00e9lev\u00e9e tant en int\u00e9rieur qu&#8217;en ext\u00e9rieur<\/li>\n\n\n\n<li>Saveur douce et fruit\u00e9e<\/li>\n\n\n\n<li>Effets relaxants et euphoriques<\/li>\n\n\n\n<li>Facile \u00e0 cultiver pour les d\u00e9butants<\/li>\n<\/ul>\n<\/div>\n\n\n\n<div class=\"wp-block-column is-layout-flow wp-block-column-is-layout-flow\">\n<p class=\"has-text-align-center has-medium-font-size\"><strong>Ce que nous aimons le moins<\/strong><\/p>\n\n\n\n<ul class=\"wp-block-list\">\n<li>Peut n\u00e9cessiter un support suppl\u00e9mentaire en raison de la taille des buds<\/li>\n\n\n\n<li>Pas id\u00e9ale pour les climats tr\u00e8s humides<\/li>\n<\/ul>\n<\/div>\n<\/div>\n\n\n\n<div style=\"height:50px\" aria-hidden=\"true\" class=\"wp-block-spacer uag-hide-mob\"><\/div>\n\n\n\n<h2 class=\"wp-block-heading\">Questions Fr\u00e9quentes<\/h2>\n\n\n\n<p>Voici quelques-unes des questions les plus fr\u00e9quentes que se posent les cultivateurs int\u00e9ress\u00e9s par cette strain :<\/p>\n\n\n<div id=\"rank-math-faq\" class=\"rank-math-block\">\n<div class=\"rank-math-list \">\n<div id=\"faq-question-1663029074962\" class=\"rank-math-list-item\">\n<h3 class=\"rank-math-question \">Quand commence la floraison de Big Bud en ext\u00e9rieur ?<\/h3>\n<div class=\"rank-math-answer \">\n\n<p>La floraison en ext\u00e9rieur commence g\u00e9n\u00e9ralement entre la mi-juillet et le d\u00e9but ao\u00fbt.<\/p>\n\n<\/div>\n<\/div>\n<div id=\"faq-question-1663029159933\" class=\"rank-math-list-item\">\n<h3 class=\"rank-math-question \">Quand r\u00e9colter une Big Bud en int\u00e9rieur ?<\/h3>\n<div class=\"rank-math-answer \">\n\n<p>Big Bud a un temps de floraison relativement court, entre 7 et 9 semaines lorsqu&#8217;elle est cultiv\u00e9e en int\u00e9rieur. Cela permet une r\u00e9colte rapide et efficace, id\u00e9ale pour les cultivateurs qui cherchent \u00e0 maximiser leur production en un minimum de temps.<\/p>\n\n<\/div>\n<\/div>\n<div id=\"faq-question-1663029165861\" class=\"rank-math-list-item\">\n<h3 class=\"rank-math-question \">Comment cultiver une Big Bud f\u00e9minis\u00e9e ?<\/h3>\n<div class=\"rank-math-answer \">\n\n<p>C&#8217;est une strain tr\u00e8s facile \u00e0 g\u00e9rer et \u00e0 cultiver aussi bien en int\u00e9rieur qu&#8217;en ext\u00e9rieur. Avec un bon substrat et des nutriments de qualit\u00e9, il est facile d&#8217;obtenir des r\u00e9coltes incroyables.<\/p>\n\n<\/div>\n<\/div>\n<div id=\"faq-question-1719918495925\" class=\"rank-math-list-item\">\n<h3 class=\"rank-math-question \">Big Bud est-elle une sativa ou une indica ?<\/h3>\n<div class=\"rank-math-answer \">\n\n<p>Big Bud est une strain majoritairement indica, avec une composition g\u00e9n\u00e9tique d&#8217;environ 85% indica et 15% sativa. Les vari\u00e9t\u00e9s indica sont g\u00e9n\u00e9ralement connues pour leurs effets relaxants et s\u00e9datifs, id\u00e9ales pour soulager le stress et la douleur, ainsi que pour induire le sommeil. En revanche, les vari\u00e9t\u00e9s sativa ont tendance \u00e0 fournir un effet plus \u00e9nergisant et stimulant, excellentes pour une utilisation diurne et pour les activit\u00e9s cr\u00e9atives. Big Bud, avec sa dominance indica, est parfaite pour ceux qui recherchent une exp\u00e9rience calmante et relaxante.<\/p>\n\n<\/div>\n<\/div>\n<div id=\"faq-question-1719918515989\" class=\"rank-math-list-item\">\n<h3 class=\"rank-math-question \">Quel est le contenu en THC et CBD de Big Bud ?<\/h3>\n<div class=\"rank-math-answer \">\n\n<p>Big Bud a un contenu en THC qui oscille entre 15% et 20%, ce qui procure un effet relaxant et euphorique puissant. Son contenu en CBD est faible, autour de 2%, ce qui compl\u00e8te l&#8217;effet du THC sans produire une sensation de psychoactivit\u00e9 intense.<\/p>\n\n<\/div>\n<\/div>\n<\/div>\n<\/div>","protected":false},"excerpt":{"rendered":"<p><b>Big Bud<\/b> est le choix parfait pour les cultivateurs qui recherchent de <strong>grandes r\u00e9coltes avec un minimum d&#8217;effort<\/strong>. Avec une g\u00e9n\u00e9tique l\u00e9gendaire et un profil de terp\u00e8nes irr\u00e9sistible, cette strain indica offre un rendement impressionnant et des <strong>effets relaxants et euphoriques<\/strong>. Obtenez vos graines de Big Bud d\u00e8s aujourd&#8217;hui ! Vous serez surpris.<\/p>\n","protected":false},"featured_media":31986,"comment_status":"open","ping_status":"closed","template":"","meta":{"_acf_changed":false,"inline_featured_image":false,"_uag_custom_page_level_css":""},"product_brand":[],"product_cat":[1125,4112],"product_tag":[],"class_list":{"0":"post-10994","1":"product","2":"type-product","3":"status-publish","4":"has-post-thumbnail","6":"product_cat-graines-feminisees-en-gros","7":"product_cat-graines-de-cannabis-a-1-euro","9":"first","10":"instock","11":"sale","12":"taxable","13":"shipping-taxable","14":"purchasable","15":"product-type-simple"},"acf":[],"uagb_featured_image_src":{"full":["https:\/\/bulkgenetics.com\/wp-content\/uploads\/2022\/09\/big-bud-strain-feminized-cannabis-seeds.jpg",1600,1600,false],"thumbnail":["https:\/\/bulkgenetics.com\/wp-content\/uploads\/2022\/09\/big-bud-strain-feminized-cannabis-seeds-150x150.jpg",150,150,true],"medium":["https:\/\/bulkgenetics.com\/wp-content\/uploads\/2022\/09\/big-bud-strain-feminized-cannabis-seeds-300x300.jpg",300,300,true],"medium_large":["https:\/\/bulkgenetics.com\/wp-content\/uploads\/2022\/09\/big-bud-strain-feminized-cannabis-seeds-768x768.jpg",768,768,true],"large":["https:\/\/bulkgenetics.com\/wp-content\/uploads\/2022\/09\/big-bud-strain-feminized-cannabis-seeds-1024x1024.jpg",1024,1024,true],"1536x1536":["https:\/\/bulkgenetics.com\/wp-content\/uploads\/2022\/09\/big-bud-strain-feminized-cannabis-seeds-1536x1536.jpg",1536,1536,true],"2048x2048":["https:\/\/bulkgenetics.com\/wp-content\/uploads\/2022\/09\/big-bud-strain-feminized-cannabis-seeds.jpg",1600,1600,false],"commercegurus-pdp-large":["https:\/\/bulkgenetics.com\/wp-content\/uploads\/2022\/09\/big-bud-strain-feminized-cannabis-seeds-990x990.jpg",990,990,true],"commercegurus-plp-mobile":["https:\/\/bulkgenetics.com\/wp-content\/uploads\/2022\/09\/big-bud-strain-feminized-cannabis-seeds-441x441.jpg",441,441,true],"cgkit_image_swatch":["https:\/\/bulkgenetics.com\/wp-content\/uploads\/2022\/09\/big-bud-strain-feminized-cannabis-seeds-100x100.jpg",100,100,true],"woocommerce_thumbnail":["https:\/\/bulkgenetics.com\/wp-content\/uploads\/2022\/09\/big-bud-strain-feminized-cannabis-seeds-300x300.jpg",300,300,true],"woocommerce_single":["https:\/\/bulkgenetics.com\/wp-content\/uploads\/2022\/09\/big-bud-strain-feminized-cannabis-seeds-800x800.jpg",800,800,true],"woocommerce_gallery_thumbnail":["https:\/\/bulkgenetics.com\/wp-content\/uploads\/2022\/09\/big-bud-strain-feminized-cannabis-seeds-150x150.jpg",150,150,true],"dgwt-wcas-product-suggestion":["https:\/\/bulkgenetics.com\/wp-content\/uploads\/2022\/09\/big-bud-strain-feminized-cannabis-seeds-64x64.jpg",64,64,true]},"uagb_author_info":{"display_name":"Bruno Crespo","author_link":"https:\/\/bulkgenetics.com\/fr\/author\/"},"uagb_comment_info":0,"uagb_excerpt":"Big Bud est le choix parfait pour les cultivateurs qui recherchent de grandes r\u00e9coltes avec un minimum d'effort. Avec une g\u00e9n\u00e9tique l\u00e9gendaire et un profil de terp\u00e8nes irr\u00e9sistible, cette strain indica offre un rendement impressionnant et des effets relaxants et euphoriques. Obtenez vos graines de Big Bud d\u00e8s aujourd'hui ! Vous serez surpris.","_links":{"self":[{"href":"https:\/\/bulkgenetics.com\/fr\/wp-json\/wp\/v2\/product\/10994","targetHints":{"allow":["GET"]}}],"collection":[{"href":"https:\/\/bulkgenetics.com\/fr\/wp-json\/wp\/v2\/product"}],"about":[{"href":"https:\/\/bulkgenetics.com\/fr\/wp-json\/wp\/v2\/types\/product"}],"replies":[{"embeddable":true,"href":"https:\/\/bulkgenetics.com\/fr\/wp-json\/wp\/v2\/comments?post=10994"}],"wp:featuredmedia":[{"embeddable":true,"href":"https:\/\/bulkgenetics.com\/fr\/wp-json\/wp\/v2\/media\/31986"}],"wp:attachment":[{"href":"https:\/\/bulkgenetics.com\/fr\/wp-json\/wp\/v2\/media?parent=10994"}],"wp:term":[{"taxonomy":"product_brand","embeddable":true,"href":"https:\/\/bulkgenetics.com\/fr\/wp-json\/wp\/v2\/product_brand?post=10994"},{"taxonomy":"product_cat","embeddable":true,"href":"https:\/\/bulkgenetics.com\/fr\/wp-json\/wp\/v2\/product_cat?post=10994"},{"taxonomy":"product_tag","embeddable":true,"href":"https:\/\/bulkgenetics.com\/fr\/wp-json\/wp\/v2\/product_tag?post=10994"}],"curies":[{"name":"wp","href":"https:\/\/api.w.org\/{rel}","templated":true}]}}