{"id":10995,"date":"2022-09-08T10:38:07","date_gmt":"2022-09-08T08:38:07","guid":{"rendered":"https:\/\/www.bulkgenetics.com\/banana-kush-2\/"},"modified":"2024-10-08T01:19:06","modified_gmt":"2024-10-07T23:19:06","slug":"banana-kush","status":"publish","type":"product","link":"https:\/\/bulkgenetics.com\/fr\/banana-kush\/","title":{"rendered":"Banana Kush"},"content":{"rendered":"\n<p>La <strong>Banana Kush<\/strong> est une merveille cannabique issue du croisement entre la l\u00e9gendaire <strong><a href=\"https:\/\/bulkgenetics.com\/fr\/ghost-og\/\">Ghost OG<\/a><\/strong> et un puissant hybride <strong>Skunk\/Haze<\/strong>. Ce m\u00e9lange parfait donne naissance \u00e0 une strain majoritairement indica, avec 60% de g\u00e9n\u00e9tique indica et 40% sativa. Le nom Banana Kush n&#8217;est pas un hasard ; son ar\u00f4me et sa saveur tropicale \u00e9voquent un r\u00e9gime de bananes fra\u00eeches, ce qui en fait une option irr\u00e9sistible pour les amateurs de cannabis au palais sucr\u00e9.<\/p>\n\n\n\n<p>Banana Kush est une \u0153uvre d&#8217;art de la nature. Ses t\u00eates sont denses et r\u00e9sineuses, couvertes d&#8217;une couche de trichomes cristallins qui brillent comme s&#8217;ils \u00e9taient recouverts de givre. Les teintes vert lime des t\u00eates se m\u00ealent \u00e0 des pistils orange et jaunes, cr\u00e9ant une apparence non seulement attrayante mais aussi tentante. Chaque t\u00eate est un festin visuel promettant une exp\u00e9rience exceptionnelle.<\/p>\n\n\n\n<h2 class=\"wp-block-heading\">Saveur et Effets<\/h2>\n\n\n\n<p>Une bouff\u00e9e de <strong>Banana Kush<\/strong> c&#8217;est comme mordre dans une banane fra\u00eeche sur une plage tropicale. Les saveurs sucr\u00e9es et fruit\u00e9es dominent, accompagn\u00e9es de subtiles notes terreuses et tropicales qui transportent vers un paradis exotique. Ce profil de saveur se combine avec un ar\u00f4me tout aussi d\u00e9licieux, impr\u00e9gnant l&#8217;air d&#8217;une fragrance douce et fruit\u00e9e.<\/p>\n\n\n\n<p>Les effets de <strong>Banana Kush<\/strong> sont une fusion c\u00e9leste d&#8217;euphorie et de relaxation. Avec un taux de THC variant entre 17% et 21%, cette strain offre un high corporel puissant qui dissout le stress et la tension, tandis que l&#8217;esprit s&#8217;\u00e9l\u00e8ve vers un \u00e9tat de bonheur et de calme. De plus, avec un faible taux de CBD de 0.1%, Banana Kush est id\u00e9ale pour ceux qui recherchent un soulagement sans une sensation psychoactive forte.<\/p>\n\n\n\n<p>La Banana Kush est parfaite pour soulager le stress apr\u00e8s une longue journ\u00e9e. Elle procure une relaxation profonde qui aide \u00e0 d\u00e9connecter et \u00e0 profiter d&#8217;une soir\u00e9e tranquille. Elle est connue pour induire une sensation de bonheur et de bien-\u00eatre, faisant dispara\u00eetre toute inqui\u00e9tude. Les utilisateurs rapportent fr\u00e9quemment se sentir plus cr\u00e9atifs et sociables, ce qui en fait une excellente option pour les r\u00e9unions sociales ou les moments d&#8217;inspiration artistique.<\/p>\n\n\n\n<h3 class=\"wp-block-heading\">Terp\u00e8nes de Banana Kush<\/h3>\n\n\n\n<p>La magie de <strong>Banana Kush<\/strong> ne r\u00e9side pas seulement dans sa g\u00e9n\u00e9tique et ses effets, mais aussi dans sa riche composition de terp\u00e8nes. Parmi les plus notables, on trouve <strong>Alpha Cedrene, Alpha-Terpineol, Borneol, Camph\u00e8ne, Citral, Delta-limon\u00e8ne, Eug\u00e9nol, Fenchol, Linalol, N\u00e9roliol, Orange Terpenes, Phytol<\/strong> et <strong>Terpinol\u00e8ne<\/strong>.<\/p>\n\n\n\n<p>Ces terp\u00e8nes ne contribuent pas seulement \u00e0 son ar\u00f4me et \u00e0 sa saveur exquis, mais offrent \u00e9galement de nombreux bienfaits th\u00e9rapeutiques. Par exemple, le <strong>Linalol<\/strong> est connu pour ses propri\u00e9t\u00e9s calmantes et sa capacit\u00e9 \u00e0 soulager l&#8217;insomnie, tandis que le <strong>Delta-limon\u00e8ne<\/strong> apporte une touche citronn\u00e9e et poss\u00e8de des effets anti-inflammatoires et analg\u00e9siques.<\/p>\n\n\n\n<p>La pr\u00e9sence de <strong>Alpha Cedrene<\/strong> et <strong>Eug\u00e9nol<\/strong> dans la Banana Kush aide \u00e0 combattre l&#8217;arthrite et les douleurs musculaires, offrant un soulagement efficace et naturel. De leur c\u00f4t\u00e9, le <strong>Fenchol<\/strong> et le <strong>Phytol<\/strong> ajoutent une touche de fra\u00eecheur au m\u00e9lange, procurant une exp\u00e9rience compl\u00e8te et satisfaisante pour les sens.<\/p>\n\n\n\n<p>En r\u00e9sum\u00e9, les terp\u00e8nes de Banana Kush non seulement am\u00e9liorent le profil de saveur et d&#8217;ar\u00f4me, mais renforcent \u00e9galement les effets th\u00e9rapeutiques de cette incroyable strain, faisant de chaque bouff\u00e9e une exp\u00e9rience m\u00e9morable.<\/p>\n\n\n\n<h2 class=\"wp-block-heading\">Production et Temps de Floraison<\/h2>\n\n\n\n<p>Pour les cultivateurs int\u00e9ress\u00e9s par la <strong>Banana Kush<\/strong>, conna\u00eetre son temps de floraison et son rendement est essentiel pour planifier une r\u00e9colte r\u00e9ussie. Cette strain est r\u00e9put\u00e9e pour sa production g\u00e9n\u00e9reuse et son temps de floraison mod\u00e9r\u00e9.<\/p>\n\n\n\n<p><strong>Production en Int\u00e9rieur :<\/strong> Lorsqu&#8217;elle est cultiv\u00e9e en int\u00e9rieur, la Banana Kush offre un rendement d&#8217;environ <strong>510 grammes par m\u00e8tre carr\u00e9<\/strong>. La plante fleurit en une p\u00e9riode de <strong>8 \u00e0 9 semaines<\/strong>, d\u00e9veloppant des t\u00eates denses et r\u00e9sineuses qui raviront tout cultivateur. Il est recommand\u00e9 d&#8217;utiliser des techniques comme le <strong>ScrOG<\/strong> pour maximiser le rendement et assurer une croissance uniforme.<\/p>\n\n\n\n<p><strong>Production en Ext\u00e9rieur :<\/strong> En ext\u00e9rieur, la Banana Kush peut \u00eatre une v\u00e9ritable merveille, produisant jusqu&#8217;\u00e0 <strong>1000 grammes par plante<\/strong> dans des conditions optimales. Les cultivateurs de l&#8217;h\u00e9misph\u00e8re nord devraient planter leurs graines en avril pour une r\u00e9colte vers la mi-octobre. La plante peut atteindre une hauteur de <strong>1,5 m\u00e8tres<\/strong>, b\u00e9n\u00e9ficiant de longues heures de soleil pour maximiser son potentiel.<\/p>\n\n\n\n<p>Dans les deux environnements, il est crucial de maintenir des conditions environnementales ad\u00e9quates pour garantir la sant\u00e9 et la vigueur des plantes. Maintenir les temp\u00e9ratures diurnes entre <strong>20\u00b0C et 27\u00b0C<\/strong> et l\u00e9g\u00e8rement plus basses la nuit, ainsi qu&#8217;une humidit\u00e9 relative appropri\u00e9e, aidera \u00e0 \u00e9viter les probl\u00e8mes et \u00e0 promouvoir un d\u00e9veloppement optimal.<\/p>\n\n\n\n<p>Avec sa combinaison de haute production et de temps de floraison relativement court, la Banana Kush est un excellent choix pour les cultivateurs novices comme exp\u00e9riment\u00e9s cherchant une strain fiable et gratifiante.<\/p>\n\n\n\n<h2 class=\"wp-block-heading\">Comment Cultiver la Banana Kush<\/h2>\n\n\n\n<p>Lorsque nous cultivons la <strong>Banana Kush<\/strong>, nous nous concentrons toujours sur lui offrir les meilleurs soins possibles pour garantir une r\u00e9colte abondante et de haute qualit\u00e9. Cette strain a une difficult\u00e9 de culture mod\u00e9r\u00e9e, ce qui la rend id\u00e9ale \u00e0 la fois pour les cultivateurs ayant un peu d&#8217;exp\u00e9rience et pour ceux qui sont pr\u00eats \u00e0 apprendre et \u00e0 pr\u00eater attention aux d\u00e9tails.<\/p>\n\n\n\n<p>La Banana Kush prosp\u00e8re dans des climats chauds et ensoleill\u00e9s, avec des temp\u00e9ratures diurnes entre <strong>20\u00b0C et 27\u00b0C<\/strong> et des temp\u00e9ratures nocturnes l\u00e9g\u00e8rement plus basses. Il est essentiel de maintenir l&#8217;humidit\u00e9 relative entre <strong>55% et 60%<\/strong> pendant la phase v\u00e9g\u00e9tative, et de la r\u00e9duire \u00e0 <strong>40%<\/strong> pendant la floraison pour pr\u00e9venir les probl\u00e8mes de moisissures et de champignons. Pour ceux qui cultivent en int\u00e9rieur, nous recommandons l&#8217;utilisation de syst\u00e8mes de contr\u00f4le environnemental pour maintenir ces conditions optimales.<\/p>\n\n\n\n<p>Une des caract\u00e9ristiques remarquables de la Banana Kush est sa r\u00e9sistance aux parasites et aux maladies. Cependant, il est toujours prudent de r\u00e9aliser des v\u00e9rifications p\u00e9riodiques pour d\u00e9tecter tout signe de probl\u00e8me et agir rapidement si n\u00e9cessaire. Maintenir une culture propre et bien ventil\u00e9e aidera \u00e9galement \u00e0 minimiser les risques.<\/p>\n\n\n\n<div style=\"height:50px\" aria-hidden=\"true\" class=\"wp-block-spacer uag-hide-mob\"><\/div>\n\n\n\n<div class=\"wp-block-columns is-layout-flex wp-container-core-columns-is-layout-28f84493 wp-block-columns-is-layout-flex\">\n<div class=\"wp-block-column is-layout-flow wp-block-column-is-layout-flow\">\n<p class=\"has-text-align-center has-medium-font-size\"><strong>Ce que nous aimons le plus<\/strong><\/p>\n\n\n\n<ul class=\"wp-block-list\">\n<li><strong>Production \u00e9lev\u00e9e :<\/strong> Que ce soit en int\u00e9rieur ou en ext\u00e9rieur, la Banana Kush offre une r\u00e9colte g\u00e9n\u00e9reuse.<\/li>\n\n\n\n<li><strong>Saveur et ar\u00f4me uniques :<\/strong> Le profil de saveur sucr\u00e9e et tropicale est incomparable.<\/li>\n\n\n\n<li><strong>Effets relaxants :<\/strong> Parfait pour soulager le stress et procurer une sensation de calme.<\/li>\n\n\n\n<li><strong>R\u00e9sistance aux parasites :<\/strong> Moins de soucis avec les insectes et les maladies.<\/li>\n<\/ul>\n<\/div>\n\n\n\n<div class=\"wp-block-column is-layout-flow wp-block-column-is-layout-flow\">\n<p class=\"has-text-align-center has-medium-font-size\"><strong>Ce que nous aimons le moins<\/strong><\/p>\n\n\n\n<ul class=\"wp-block-list\">\n<li><strong>N\u00e9cessite une attention constante :<\/strong> Bien qu&#8217;elle soit r\u00e9sistante, elle a besoin de soins pr\u00e9cis pour s&#8217;\u00e9panouir pleinement.<\/li>\n\n\n\n<li><strong>Temps de floraison mod\u00e9r\u00e9 :<\/strong> De 8 \u00e0 9 semaines peut sembler long pour certains cultivateurs.<\/li>\n<\/ul>\n<\/div>\n<\/div>\n\n\n\n<div style=\"height:50px\" aria-hidden=\"true\" class=\"wp-block-spacer uag-hide-mob\"><\/div>\n\n\n\n<h2 class=\"wp-block-heading\">Questions Fr\u00e9quentes<\/h2>\n\n\n\n<p>Les cultivateurs int\u00e9ress\u00e9s par la Banana Kush se posent souvent quelques questions que nous allons r\u00e9pondre ci-dessous :<\/p>\n\n\n<div id=\"rank-math-faq\" class=\"rank-math-block\">\n<div class=\"rank-math-list \">\n<div id=\"faq-question-1663029074962\" class=\"rank-math-list-item\">\n<h3 class=\"rank-math-question \">Quand commence \u00e0 fleurir la Banana Kush en ext\u00e9rieur ?<\/h3>\n<div class=\"rank-math-answer \">\n\n<p>La floraison de cette vari\u00e9t\u00e9 commence entre la mi-juillet et d\u00e9but ao\u00fbt, selon la latitude.<\/p>\n\n<\/div>\n<\/div>\n<div id=\"faq-question-1663029159933\" class=\"rank-math-list-item\">\n<h3 class=\"rank-math-question \">Quand r\u00e9colter une Banana Kush en ext\u00e9rieur ?<\/h3>\n<div class=\"rank-math-answer \">\n\n<p>Le temps de floraison de la Banana Kush est d&#8217;environ 8 \u00e0 9 semaines en int\u00e9rieur. Pour les cultures en ext\u00e9rieur, les plantes sont pr\u00eates \u00e0 \u00eatre r\u00e9colt\u00e9es vers la mi-octobre.<\/p>\n\n<\/div>\n<\/div>\n<div id=\"faq-question-1663029165861\" class=\"rank-math-list-item\">\n<h3 class=\"rank-math-question \">Comment cultiver une Banana Kush f\u00e9minis\u00e9e ?<\/h3>\n<div class=\"rank-math-answer \">\n\n<p>C&#8217;est une vari\u00e9t\u00e9 facile \u00e0 cultiver et tr\u00e8s r\u00e9sistante. Sa taille compacte ne posera pas de probl\u00e8mes de hauteur en int\u00e9rieur. Elle n\u00e9cessite des quantit\u00e9s \u00e9lev\u00e9es de nutriments.<\/p>\n\n<\/div>\n<\/div>\n<div id=\"faq-question-1719495743386\" class=\"rank-math-list-item\">\n<h3 class=\"rank-math-question \">Quel est le go\u00fbt et l&#8217;ar\u00f4me de la Banana Kush ?<\/h3>\n<div class=\"rank-math-answer \">\n\n<p>La Banana Kush a une saveur sucr\u00e9e et tropicale, avec des notes de banane fra\u00eeche et des touches terreuses. Son ar\u00f4me est tout aussi d\u00e9licieux, impr\u00e9gnant l&#8217;air d&#8217;une fragrance fruit\u00e9e rappelant un paradis exotique.<\/p>\n\n<\/div>\n<\/div>\n<div id=\"faq-question-1719495762974\" class=\"rank-math-list-item\">\n<h3 class=\"rank-math-question \">Quels sont les principaux effets de la Banana Kush ?<\/h3>\n<div class=\"rank-math-answer \">\n\n<p>La Banana Kush offre une combinaison d&#8217;effets relaxants et euphoriques. Elle est parfaite pour soulager le stress et la tension, procurant une sensation de bonheur et de calme. Elle est \u00e9galement id\u00e9ale pour ceux qui cherchent \u00e0 soulager l&#8217;insomnie et les douleurs chroniques.<\/p>\n\n<\/div>\n<\/div>\n<div id=\"faq-question-1719495801025\" class=\"rank-math-list-item\">\n<h3 class=\"rank-math-question \">La Banana Kush est-elle sativa ou indica ?<\/h3>\n<div class=\"rank-math-answer \">\n\n<p>La <strong>Banana Kush<\/strong> est une vari\u00e9t\u00e9 majoritairement indica, avec 60% de g\u00e9n\u00e9tique indica et 40% sativa. Les vari\u00e9t\u00e9s indica sont connues pour leurs effets relaxants et s\u00e9datifs, id\u00e9ales pour soulager le stress et la tension, tandis que les sativas offrent g\u00e9n\u00e9ralement un high plus \u00e9nergique et euphorique, parfait pour les activit\u00e9s diurnes et sociales. La Banana Kush combine le meilleur des deux mondes, procurant une relaxation profonde avec une touche de bonheur et de cr\u00e9ativit\u00e9.<\/p>\n\n<\/div>\n<\/div>\n<div id=\"faq-question-1719495811434\" class=\"rank-math-list-item\">\n<h3 class=\"rank-math-question \">Quel est le contenu en THC et CBD de la Banana Kush ?<\/h3>\n<div class=\"rank-math-answer \">\n\n<p>La Banana Kush a un contenu en THC qui varie entre 17% et 21%, offrant un high puissant et durable. Le contenu en CBD est tr\u00e8s faible, d&#8217;environ 0,1%, ce qui rend ses effets principalement psychoactifs et moins orient\u00e9s vers le soulagement des sympt\u00f4mes sans high.<\/p>\n\n<\/div>\n<\/div>\n<\/div>\n<\/div>\n\n\n\n","protected":false},"excerpt":{"rendered":"<p><b>Banana Kush<\/b> vous transporte vers un paradis tropical avec sa saveur douce et fruit\u00e9e, et son puissant effet relaxant. Avec un THC de 17-21%, elle est id\u00e9ale pour soulager le stress et l&#8217;insomnie. Ne manquez pas l&#8217;opportunit\u00e9 de cultiver cette merveille ! Achetez vos <b>graines de Banana Kush<\/b> maintenant et profitez d&#8217;une exp\u00e9rience unique.<\/p>\n","protected":false},"featured_media":30057,"comment_status":"open","ping_status":"closed","template":"","meta":{"_acf_changed":false,"inline_featured_image":false,"_uag_custom_page_level_css":""},"product_brand":[],"product_cat":[1125],"product_tag":[],"class_list":{"0":"post-10995","1":"product","2":"type-product","3":"status-publish","4":"has-post-thumbnail","6":"product_cat-graines-feminisees-en-gros","8":"first","9":"instock","10":"taxable","11":"shipping-taxable","12":"purchasable","13":"product-type-simple"},"acf":[],"uagb_featured_image_src":{"full":["https:\/\/bulkgenetics.com\/wp-content\/uploads\/2022\/09\/banana-kush-strain-feminized-cannabis-seeds.jpg",1600,1600,false],"thumbnail":["https:\/\/bulkgenetics.com\/wp-content\/uploads\/2022\/09\/banana-kush-strain-feminized-cannabis-seeds-150x150.jpg",150,150,true],"medium":["https:\/\/bulkgenetics.com\/wp-content\/uploads\/2022\/09\/banana-kush-strain-feminized-cannabis-seeds-300x300.jpg",300,300,true],"medium_large":["https:\/\/bulkgenetics.com\/wp-content\/uploads\/2022\/09\/banana-kush-strain-feminized-cannabis-seeds-768x768.jpg",768,768,true],"large":["https:\/\/bulkgenetics.com\/wp-content\/uploads\/2022\/09\/banana-kush-strain-feminized-cannabis-seeds-1024x1024.jpg",1024,1024,true],"1536x1536":["https:\/\/bulkgenetics.com\/wp-content\/uploads\/2022\/09\/banana-kush-strain-feminized-cannabis-seeds-1536x1536.jpg",1536,1536,true],"2048x2048":["https:\/\/bulkgenetics.com\/wp-content\/uploads\/2022\/09\/banana-kush-strain-feminized-cannabis-seeds.jpg",1600,1600,false],"commercegurus-pdp-large":["https:\/\/bulkgenetics.com\/wp-content\/uploads\/2022\/09\/banana-kush-strain-feminized-cannabis-seeds-990x990.jpg",990,990,true],"commercegurus-plp-mobile":["https:\/\/bulkgenetics.com\/wp-content\/uploads\/2022\/09\/banana-kush-strain-feminized-cannabis-seeds-441x441.jpg",441,441,true],"cgkit_image_swatch":["https:\/\/bulkgenetics.com\/wp-content\/uploads\/2022\/09\/banana-kush-strain-feminized-cannabis-seeds-100x100.jpg",100,100,true],"woocommerce_thumbnail":["https:\/\/bulkgenetics.com\/wp-content\/uploads\/2022\/09\/banana-kush-strain-feminized-cannabis-seeds-300x300.jpg",300,300,true],"woocommerce_single":["https:\/\/bulkgenetics.com\/wp-content\/uploads\/2022\/09\/banana-kush-strain-feminized-cannabis-seeds-800x800.jpg",800,800,true],"woocommerce_gallery_thumbnail":["https:\/\/bulkgenetics.com\/wp-content\/uploads\/2022\/09\/banana-kush-strain-feminized-cannabis-seeds-150x150.jpg",150,150,true],"dgwt-wcas-product-suggestion":["https:\/\/bulkgenetics.com\/wp-content\/uploads\/2022\/09\/banana-kush-strain-feminized-cannabis-seeds-64x64.jpg",64,64,true]},"uagb_author_info":{"display_name":"Bruno Crespo","author_link":"https:\/\/bulkgenetics.com\/fr\/author\/"},"uagb_comment_info":0,"uagb_excerpt":"Banana Kush vous transporte vers un paradis tropical avec sa saveur douce et fruit\u00e9e, et son puissant effet relaxant. Avec un THC de 17-21%, elle est id\u00e9ale pour soulager le stress et l'insomnie. Ne manquez pas l'opportunit\u00e9 de cultiver cette merveille ! Achetez vos graines de Banana Kush maintenant et profitez d'une exp\u00e9rience unique.","_links":{"self":[{"href":"https:\/\/bulkgenetics.com\/fr\/wp-json\/wp\/v2\/product\/10995","targetHints":{"allow":["GET"]}}],"collection":[{"href":"https:\/\/bulkgenetics.com\/fr\/wp-json\/wp\/v2\/product"}],"about":[{"href":"https:\/\/bulkgenetics.com\/fr\/wp-json\/wp\/v2\/types\/product"}],"replies":[{"embeddable":true,"href":"https:\/\/bulkgenetics.com\/fr\/wp-json\/wp\/v2\/comments?post=10995"}],"wp:featuredmedia":[{"embeddable":true,"href":"https:\/\/bulkgenetics.com\/fr\/wp-json\/wp\/v2\/media\/30057"}],"wp:attachment":[{"href":"https:\/\/bulkgenetics.com\/fr\/wp-json\/wp\/v2\/media?parent=10995"}],"wp:term":[{"taxonomy":"product_brand","embeddable":true,"href":"https:\/\/bulkgenetics.com\/fr\/wp-json\/wp\/v2\/product_brand?post=10995"},{"taxonomy":"product_cat","embeddable":true,"href":"https:\/\/bulkgenetics.com\/fr\/wp-json\/wp\/v2\/product_cat?post=10995"},{"taxonomy":"product_tag","embeddable":true,"href":"https:\/\/bulkgenetics.com\/fr\/wp-json\/wp\/v2\/product_tag?post=10995"}],"curies":[{"name":"wp","href":"https:\/\/api.w.org\/{rel}","templated":true}]}}