{"id":13611,"date":"2023-01-17T10:19:33","date_gmt":"2023-01-17T09:19:33","guid":{"rendered":"https:\/\/bulkgenetics.com\/?post_type=product&#038;p=13611"},"modified":"2024-10-08T01:08:58","modified_gmt":"2024-10-07T23:08:58","slug":"sour-tangie","status":"publish","type":"product","link":"https:\/\/bulkgenetics.com\/fr\/sour-tangie\/","title":{"rendered":"Sour Tangie"},"content":{"rendered":"\n<p><strong>Sour Tangie<\/strong> est une strain qui combine le meilleur de la g\u00e9n\u00e9tique classique et moderne. Cette merveille est le r\u00e9sultat du croisement entre la l\u00e9gendaire <strong><a href=\"https:\/\/bulkgenetics.com\/fr\/sour-diesel\/\">East Coast Sour Diesel<\/a><\/strong> et la d\u00e9licieuse <strong>Tangie<\/strong>, cr\u00e9ant un hybride sativa dominant qui a conquis les c\u0153urs dans le monde entier. Depuis son lancement, <strong>Sour Tangie<\/strong> a s\u00e9duit les cultivateurs et les utilisateurs gr\u00e2ce \u00e0 son profil terp\u00e9nique unique et son taux de THC puissant.<\/p>\n\n\n\n<p>Cette plante se distingue par sa structure robuste et sa croissance vigoureuse. Elle peut atteindre des hauteurs impressionnantes allant jusqu&#8217;\u00e0 3 m\u00e8tres, d\u00e9veloppant de longues branches \u00e9paisses qui n\u00e9cessiteront des supports vers la fin de la floraison pour \u00e9viter qu&#8217;elles ne se cassent sous le poids de ses fleurs denses.<\/p>\n\n\n\n<p>Les t\u00eates sont vraiment quelque chose de sp\u00e9cial. Elles sont grandes, collantes et dures comme des pierres, et d\u00e9gagent un ar\u00f4me tentant qui combine des notes d&#8217;agrumes et d&#8217;orange, h\u00e9rit\u00e9es de sa m\u00e8re Tangie, avec une touche classique de carburant de Sour Diesel.<\/p>\n\n\n\n<h2 class=\"wp-block-heading\">Saveur et Effets<\/h2>\n\n\n\n<p>L&#8217;ar\u00f4me et la saveur de <strong>Sour Tangie<\/strong> sont v\u00e9ritablement inoubliables. En ouvrant un bocal de ces t\u00eates, tu seras accueilli par une puissante et d\u00e9licieuse odeur d&#8217;agrumes, m\u00e9lang\u00e9e \u00e0 des notes d&#8217;orange et une touche distincte de Diesel, h\u00e9rit\u00e9e de sa Sour Diesel ancestrale. Fumer <strong>Sour Tangie<\/strong> est une exp\u00e9rience sensorielle, o\u00f9 le go\u00fbt d&#8217;orange et de citron se combine avec un arri\u00e8re-go\u00fbt de carburant qui persiste en bouche.<\/p>\n\n\n\n<p>Quant aux effets, <strong>Sour Tangie<\/strong> est connue pour procurer une mont\u00e9e \u00e9nergique et joyeuse. Les utilisateurs rapportent se sentir plus concentr\u00e9s, heureux et pleins d&#8217;\u00e9nergie, ce qui en fait un choix id\u00e9al pour la journ\u00e9e. Son taux de THC varie entre 15% et 20%, offrant une puissance consid\u00e9rable qui peut \u00e9lever ton humeur et am\u00e9liorer ta productivit\u00e9. Avec une teneur en CBD faible, inf\u00e9rieure \u00e0 1%, les effets psychoactifs sont plus prononc\u00e9s, offrant une exp\u00e9rience stimulante et revitalisante.<\/p>\n\n\n\n<h3 class=\"wp-block-heading\">Terp\u00e8nes de Sour Tangie<\/h3>\n\n\n\n<p>Les terp\u00e8nes sont les compos\u00e9s responsables des ar\u00f4mes et saveurs uniques de chaque strain de cannabis, et <strong>Sour Tangie<\/strong> ne fait pas exception. Le terp\u00e8ne dominant dans cette vari\u00e9t\u00e9 est le <strong>myrc\u00e8ne<\/strong>, qui apporte un ar\u00f4me herbac\u00e9 et terreux, suivi de pr\u00e8s par le <strong>caryophyll\u00e8ne<\/strong>, qui ajoute une touche \u00e9pic\u00e9e et poivr\u00e9e, et le <strong>limon\u00e8ne<\/strong>, qui renforce les notes d&#8217;agrumes et d&#8217;orange.<\/p>\n\n\n\n<p>Ces terp\u00e8nes ne contribuent pas seulement au profil aromatique et gustatif de <strong>Sour Tangie<\/strong>, mais ils renforcent aussi ses effets. Le <strong>myrc\u00e8ne<\/strong> est connu pour ses propri\u00e9t\u00e9s relaxantes et peut aider \u00e0 r\u00e9duire le stress et l&#8217;anxi\u00e9t\u00e9. Le <strong>caryophyll\u00e8ne<\/strong> poss\u00e8de des propri\u00e9t\u00e9s anti-inflammatoires et peut \u00eatre b\u00e9n\u00e9fique pour le soulagement de la douleur. Enfin, le <strong>limon\u00e8ne<\/strong> est r\u00e9put\u00e9 pour sa capacit\u00e9 \u00e0 am\u00e9liorer l&#8217;humeur et \u00e0 fournir une sensation de bien-\u00eatre.<\/p>\n\n\n\n<p>Gr\u00e2ce \u00e0 cette combinaison unique de terp\u00e8nes, <strong>Sour Tangie<\/strong> offre non seulement une exp\u00e9rience de saveur et d&#8217;ar\u00f4me exceptionnelle, mais \u00e9galement une s\u00e9rie de bienfaits th\u00e9rapeutiques pouvant am\u00e9liorer ton bien-\u00eatre g\u00e9n\u00e9ral.<\/p>\n\n\n\n<h2 class=\"wp-block-heading\">Production et Temps de Floraison<\/h2>\n\n\n\n<p><strong>Sour Tangie<\/strong> n&#8217;est pas seulement appr\u00e9ci\u00e9e pour son go\u00fbt et ses effets, mais aussi pour son impressionnante capacit\u00e9 de production. En int\u00e9rieur, cette vari\u00e9t\u00e9 peut produire entre 500 et 600 grammes par m\u00e8tre carr\u00e9, surtout lorsqu&#8217;elle est cultiv\u00e9e sous des lampes LED de 300-350W. En ext\u00e9rieur, les plantes peuvent atteindre des rendements encore plus \u00e9lev\u00e9s, atteignant facilement 900 grammes par plante dans des conditions optimales.<\/p>\n\n\n\n<p>Le temps de floraison est relativement court pour une sativa dominante. En culture int\u00e9rieure, \u00e0 partir du changement de photop\u00e9riode \u00e0 floraison, les plantes seront pr\u00eates \u00e0 \u00eatre r\u00e9colt\u00e9es en environ 9 \u00e0 10 semaines. Pendant cette phase, l&#8217;odeur est tr\u00e8s intense, il est donc recommand\u00e9 d&#8217;installer un bon filtre \u00e0 charbon pour \u00e9viter les probl\u00e8mes.<\/p>\n\n\n\n<p>En ext\u00e9rieur, elle a un cycle de floraison qui commence dans la premi\u00e8re quinzaine d&#8217;ao\u00fbt et se prolonge jusqu&#8217;\u00e0 la mi-octobre. Elle pr\u00e9f\u00e8re les climats d&#8217;automne secs, comme celui de la M\u00e9diterran\u00e9e, o\u00f9 les pluies ne mettent pas en danger ses pr\u00e9cieuses t\u00eates. Avec ces caract\u00e9ristiques, les <strong>graines de Sour Tangie<\/strong> sont un excellent choix pour les cultivateurs \u00e0 la recherche d&#8217;une plante robuste, productive et \u00e0 floraison rapide.<\/p>\n\n\n\n<h2 class=\"wp-block-heading\">Comment cultiver Sour Tangie<\/h2>\n\n\n\n<p>La culture de <strong>Sour Tangie<\/strong> est \u00e9tonnamment simple, ce qui en fait un excellent choix pour les cultivateurs d\u00e9butants comme pour les plus exp\u00e9riment\u00e9s. Cette vari\u00e9t\u00e9 est connue pour sa r\u00e9sistance et sa stabilit\u00e9, ce qui facilite sa gestion dans diverses conditions de culture.<\/p>\n\n\n\n<p>En ce qui concerne les conditions de culture, elle pr\u00e9f\u00e8re les climats chauds et secs. En ext\u00e9rieur, elle prosp\u00e8re dans les r\u00e9gions aux automnes secs, comme le climat m\u00e9diterran\u00e9en, o\u00f9 les pluies n&#8217;interf\u00e8rent pas avec le d\u00e9veloppement de ses t\u00eates. En int\u00e9rieur, il est important de contr\u00f4ler sa croissance expansive en utilisant des techniques comme le SCROG ou des tailles r\u00e9guli\u00e8res pour maintenir sa taille g\u00e9rable.<\/p>\n\n\n\n<p>Un des grands avantages de <strong>Sour Tangie<\/strong> est sa remarquable r\u00e9sistance aux parasites et aux maladies. Cette robustesse en fait une option fiable pour les cultivateurs qui souhaitent minimiser l&#8217;utilisation de pesticides et autres produits chimiques. De plus, c&#8217;est une plante tr\u00e8s stable qui tol\u00e8re bien les variations des conditions de culture, ce qui la rend encore plus accessible pour les cultivateurs de tous niveaux.<\/p>\n\n\n\n<div style=\"height:50px\" aria-hidden=\"true\" class=\"wp-block-spacer uag-hide-mob\"><\/div>\n\n\n\n<div class=\"wp-block-columns is-layout-flex wp-container-core-columns-is-layout-28f84493 wp-block-columns-is-layout-flex\">\n<div class=\"wp-block-column is-layout-flow wp-block-column-is-layout-flow\">\n<p class=\"has-text-align-center has-medium-font-size\"><strong>Ce que nous aimons le plus<\/strong><\/p>\n\n\n\n<ul class=\"wp-block-list\">\n<li>Tr\u00e8s facile \u00e0 cultiver.<\/li>\n\n\n\n<li>Haute production.<\/li>\n\n\n\n<li>Go\u00fbt d&#8217;orange et de Diesel.<\/li>\n\n\n\n<li>Effets \u00e9nerg\u00e9tiques et joyeux.<\/li>\n<\/ul>\n<\/div>\n\n\n\n<div class=\"wp-block-column is-layout-flow wp-block-column-is-layout-flow\">\n<p class=\"has-text-align-center has-medium-font-size\"><strong>Ce que nous aimons le moins<\/strong><\/p>\n\n\n\n<ul class=\"wp-block-list\">\n<li>Elle sent beaucoup en floraison.<\/li>\n<\/ul>\n<\/div>\n<\/div>\n\n\n\n<div style=\"height:50px\" aria-hidden=\"true\" class=\"wp-block-spacer uag-hide-mob\"><\/div>\n\n\n\n<h2 class=\"wp-block-heading\">Questions Fr\u00e9quentes<\/h2>\n\n\n\n<p>Voici les r\u00e9ponses aux questions les plus fr\u00e9quemment pos\u00e9es par les cultivateurs int\u00e9ress\u00e9s par ces graines en vrac bon march\u00e9 :<\/p>\n\n\n<div id=\"rank-math-faq\" class=\"rank-math-block\">\n<div class=\"rank-math-list \">\n<div id=\"faq-question-1663029074962\" class=\"rank-math-list-item\">\n<h3 class=\"rank-math-question \">Sour Tangie est-elle sativa ou indica ?<\/h3>\n<div class=\"rank-math-answer \">\n\n<p><strong>Sour Tangie<\/strong> est principalement une vari\u00e9t\u00e9 sativa, avec 80% de g\u00e9n\u00e9tique sativa et 20% de g\u00e9n\u00e9tique indica. Les vari\u00e9t\u00e9s sativas ont tendance \u00e0 fournir des effets \u00e9nerg\u00e9tiques et stimulants, parfaits pour la journ\u00e9e, tandis que les indicas offrent g\u00e9n\u00e9ralement des effets plus relaxants et s\u00e9datifs, id\u00e9als pour la nuit.<\/p>\n\n<\/div>\n<\/div>\n<div id=\"faq-question-1721809361319\" class=\"rank-math-list-item\">\n<h3 class=\"rank-math-question \">Quel est le croisement de Sour Tangie ?<\/h3>\n<div class=\"rank-math-answer \">\n\n<p><strong>Sour Tangie<\/strong> est un croisement entre <strong>East Coast Sour Diesel<\/strong> et <strong>Tangie<\/strong>. Cette combinaison apporte un profil de saveur unique et des effets puissants.<\/p>\n\n<\/div>\n<\/div>\n<div id=\"faq-question-1721809362648\" class=\"rank-math-list-item\">\n<h3 class=\"rank-math-question \">Quand commence la floraison de Sour Tangie ?<\/h3>\n<div class=\"rank-math-answer \">\n\n<p>La floraison de <strong>Sour Tangie<\/strong> en ext\u00e9rieur commence au cours de la premi\u00e8re quinzaine d&#8217;ao\u00fbt, selon la latitude de la culture.<\/p>\n\n<\/div>\n<\/div>\n<div id=\"faq-question-1721809363579\" class=\"rank-math-list-item\">\n<h3 class=\"rank-math-question \">Quand r\u00e9colter Sour Tangie ?<\/h3>\n<div class=\"rank-math-answer \">\n\n<p>En ext\u00e9rieur, <strong>Sour Tangie<\/strong> se r\u00e9colte vers la mi-octobre. En int\u00e9rieur, les plantes sont pr\u00eates \u00e0 \u00eatre r\u00e9colt\u00e9es en environ 9-10 semaines apr\u00e8s le changement de photop\u00e9riode \u00e0 floraison.<\/p>\n\n<\/div>\n<\/div>\n<div id=\"faq-question-1721809365219\" class=\"rank-math-list-item\">\n<h3 class=\"rank-math-question \">Comment cultiver Sour Tangie ?<\/h3>\n<div class=\"rank-math-answer \">\n\n<p><strong>Sour Tangie<\/strong> est une plante tr\u00e8s r\u00e9sistante et facile \u00e0 cultiver. Elle pr\u00e9f\u00e8re les climats chauds et secs, et en int\u00e9rieur il est recommand\u00e9 d&#8217;utiliser des techniques comme le SCROG pour contr\u00f4ler sa croissance expansive. Il est \u00e9galement conseill\u00e9 d&#8217;utiliser des engrais organiques pour am\u00e9liorer le go\u00fbt et l&#8217;ar\u00f4me des t\u00eates.<\/p>\n\n<\/div>\n<\/div>\n<div id=\"faq-question-1721809366176\" class=\"rank-math-list-item\">\n<h3 class=\"rank-math-question \">Quel est le go\u00fbt de Sour Tangie ?<\/h3>\n<div class=\"rank-math-answer \">\n\n<p>Le go\u00fbt de <strong>Sour Tangie<\/strong> est un d\u00e9licieux m\u00e9lange d&#8217;agrumes et d&#8217;orange, avec une touche de Diesel. Ce profil de saveur rend chaque bouff\u00e9e unique et agr\u00e9able.<\/p>\n\n<\/div>\n<\/div>\n<div id=\"faq-question-1721809367604\" class=\"rank-math-list-item\">\n<h3 class=\"rank-math-question \">Quel est le contenu en cannabino\u00efdes de Sour Tangie ?<\/h3>\n<div class=\"rank-math-answer \">\n\n<p>Les t\u00eates de <strong>Sour Tangie<\/strong> contiennent un taux de THC qui oscille entre 15% et 20%, tandis que le contenu en CBD est faible, inf\u00e9rieur \u00e0 1%.<\/p>\n\n<\/div>\n<\/div>\n<div id=\"faq-question-1721809369462\" class=\"rank-math-list-item\">\n<h3 class=\"rank-math-question \">Quels sont les effets de Sour Tangie ?<\/h3>\n<div class=\"rank-math-answer \">\n\n<p>Les effets de <strong>Sour Tangie<\/strong> sont \u00e9nerg\u00e9tiques, joyeux et stimulants. Elle procure une mont\u00e9e puissante qui te maintiendra concentr\u00e9 et heureux, id\u00e9ale pour toute heure de la journ\u00e9e.<\/p>\n\n<\/div>\n<\/div>\n<\/div>\n<\/div>\n","protected":false},"excerpt":{"rendered":"<p><b>Sour Tangie<\/b> remplira ta vie d&#8217;<strong>\u00e9nergie et de bonheur<\/strong>. Avec une saveur d&#8217;agrumes in\u00e9gal\u00e9e et une production impressionnante, cette vari\u00e9t\u00e9 est id\u00e9ale pour les cultivateurs de tous niveaux. Exp\u00e9rimente un <strong>high puissant et revitalisant<\/strong>, parfait \u00e0 tout moment de la journ\u00e9e.<\/p>\n","protected":false},"featured_media":13579,"comment_status":"open","ping_status":"closed","template":"","meta":{"_acf_changed":false,"inline_featured_image":false,"_uag_custom_page_level_css":""},"product_brand":[],"product_cat":[1125],"product_tag":[],"class_list":{"0":"post-13611","1":"product","2":"type-product","3":"status-publish","4":"has-post-thumbnail","6":"product_cat-graines-feminisees-en-gros","8":"first","9":"instock","10":"taxable","11":"shipping-taxable","12":"purchasable","13":"product-type-simple"},"acf":[],"uagb_featured_image_src":{"full":["https:\/\/bulkgenetics.com\/wp-content\/uploads\/2023\/01\/sour-tangie-bulk-1.jpg",1600,1600,false],"thumbnail":["https:\/\/bulkgenetics.com\/wp-content\/uploads\/2023\/01\/sour-tangie-bulk-1-150x150.jpg",150,150,true],"medium":["https:\/\/bulkgenetics.com\/wp-content\/uploads\/2023\/01\/sour-tangie-bulk-1-300x300.jpg",300,300,true],"medium_large":["https:\/\/bulkgenetics.com\/wp-content\/uploads\/2023\/01\/sour-tangie-bulk-1-768x768.jpg",768,768,true],"large":["https:\/\/bulkgenetics.com\/wp-content\/uploads\/2023\/01\/sour-tangie-bulk-1-1024x1024.jpg",1024,1024,true],"1536x1536":["https:\/\/bulkgenetics.com\/wp-content\/uploads\/2023\/01\/sour-tangie-bulk-1-1536x1536.jpg",1536,1536,true],"2048x2048":["https:\/\/bulkgenetics.com\/wp-content\/uploads\/2023\/01\/sour-tangie-bulk-1.jpg",1600,1600,false],"commercegurus-pdp-large":["https:\/\/bulkgenetics.com\/wp-content\/uploads\/2023\/01\/sour-tangie-bulk-1-990x990.jpg",990,990,true],"commercegurus-plp-mobile":["https:\/\/bulkgenetics.com\/wp-content\/uploads\/2023\/01\/sour-tangie-bulk-1-441x441.jpg",441,441,true],"cgkit_image_swatch":["https:\/\/bulkgenetics.com\/wp-content\/uploads\/2023\/01\/sour-tangie-bulk-1-100x100.jpg",100,100,true],"woocommerce_thumbnail":["https:\/\/bulkgenetics.com\/wp-content\/uploads\/2023\/01\/sour-tangie-bulk-1-300x300.jpg",300,300,true],"woocommerce_single":["https:\/\/bulkgenetics.com\/wp-content\/uploads\/2023\/01\/sour-tangie-bulk-1-800x800.jpg",800,800,true],"woocommerce_gallery_thumbnail":["https:\/\/bulkgenetics.com\/wp-content\/uploads\/2023\/01\/sour-tangie-bulk-1-150x150.jpg",150,150,true],"dgwt-wcas-product-suggestion":["https:\/\/bulkgenetics.com\/wp-content\/uploads\/2023\/01\/sour-tangie-bulk-1-64x64.jpg",64,64,true]},"uagb_author_info":{"display_name":"Bruno Crespo","author_link":"https:\/\/bulkgenetics.com\/fr\/author\/"},"uagb_comment_info":1,"uagb_excerpt":"Sour Tangie remplira ta vie d'\u00e9nergie et de bonheur. Avec une saveur d'agrumes in\u00e9gal\u00e9e et une production impressionnante, cette vari\u00e9t\u00e9 est id\u00e9ale pour les cultivateurs de tous niveaux. Exp\u00e9rimente un high puissant et revitalisant, parfait \u00e0 tout moment de la journ\u00e9e.","_links":{"self":[{"href":"https:\/\/bulkgenetics.com\/fr\/wp-json\/wp\/v2\/product\/13611","targetHints":{"allow":["GET"]}}],"collection":[{"href":"https:\/\/bulkgenetics.com\/fr\/wp-json\/wp\/v2\/product"}],"about":[{"href":"https:\/\/bulkgenetics.com\/fr\/wp-json\/wp\/v2\/types\/product"}],"replies":[{"embeddable":true,"href":"https:\/\/bulkgenetics.com\/fr\/wp-json\/wp\/v2\/comments?post=13611"}],"wp:featuredmedia":[{"embeddable":true,"href":"https:\/\/bulkgenetics.com\/fr\/wp-json\/wp\/v2\/media\/13579"}],"wp:attachment":[{"href":"https:\/\/bulkgenetics.com\/fr\/wp-json\/wp\/v2\/media?parent=13611"}],"wp:term":[{"taxonomy":"product_brand","embeddable":true,"href":"https:\/\/bulkgenetics.com\/fr\/wp-json\/wp\/v2\/product_brand?post=13611"},{"taxonomy":"product_cat","embeddable":true,"href":"https:\/\/bulkgenetics.com\/fr\/wp-json\/wp\/v2\/product_cat?post=13611"},{"taxonomy":"product_tag","embeddable":true,"href":"https:\/\/bulkgenetics.com\/fr\/wp-json\/wp\/v2\/product_tag?post=13611"}],"curies":[{"name":"wp","href":"https:\/\/api.w.org\/{rel}","templated":true}]}}