{"id":13631,"date":"2023-01-16T15:20:28","date_gmt":"2023-01-16T14:20:28","guid":{"rendered":"https:\/\/bulkgenetics.com\/?post_type=product&#038;p=13631"},"modified":"2024-10-08T01:08:58","modified_gmt":"2024-10-07T23:08:58","slug":"motorbreath","status":"publish","type":"product","link":"https:\/\/bulkgenetics.com\/fr\/motorbreath\/","title":{"rendered":"Motorbreath"},"content":{"rendered":"\n<p><strong>Motorbreath<\/strong> est une strain de cannabis qui a fait sensation depuis son arriv\u00e9e sur le march\u00e9. D\u00e9velopp\u00e9e par la prestigieuse banque de graines <strong>Pisces Genetics<\/strong>, cette vari\u00e9t\u00e9 est le r\u00e9sultat du croisement entre deux l\u00e9gendes am\u00e9ricaines : <strong>Chem Dawg<\/strong> et <strong>SFV OG Kush<\/strong>. Chem Dawg est l&#8217;une des vari\u00e9t\u00e9s les plus influentes de l&#8217;histoire du cannabis, servant de base pour cr\u00e9er d&#8217;autres vari\u00e9t\u00e9s embl\u00e9matiques comme <a href=\"https:\/\/bulkgenetics.com\/fr\/og-kush\/\"><strong>OG Kush<\/strong><\/a>, <a href=\"https:\/\/bulkgenetics.com\/fr\/sour-diesel\/\"><strong>Sour Diesel<\/strong><\/a> ou <a href=\"https:\/\/bulkgenetics.com\/fr\/gorilla-glue-4\/\"><strong>Gorilla Glue<\/strong><\/a>. D&#8217;autre part, <a href=\"https:\/\/bulkgenetics.com\/fr\/san-fernando-valley-og\/\"><strong>SFV OG Kush<\/strong><\/a>, \u00e9galement connue sous le nom de San Fernando Valley OG, est l&#8217;une des g\u00e9n\u00e9tiques les plus remarquables de la famille OG.<\/p>\n\n\n\n<p>La lign\u00e9e de cette vari\u00e9t\u00e9 garantit une exp\u00e9rience unique et puissante, combinant le meilleur des deux strains parentales. Depuis son introduction, elle a conquis les cultivateurs et les consommateurs, qui ne manquent pas de laisser des avis enthousiastes sur sa qualit\u00e9 et ses effets sur des plateformes comme Leafly.<\/p>\n\n\n\n<p>En termes de morphologie, elle se distingue par sa structure robuste et vigoureuse. Cette plante peut atteindre une hauteur impressionnante de 2,5 \u00e0 3 m\u00e8tres en ext\u00e9rieur, d\u00e9veloppant des branches \u00e9paisses qui supportent facilement le poids de ses t\u00eates denses et r\u00e9sineuses. Ses feuilles sont larges et d&#8217;un vert profond, des caract\u00e9ristiques typiques des vari\u00e9t\u00e9s indica dominantes.<\/p>\n\n\n\n<p>Les t\u00eates sont une v\u00e9ritable merveille. Grosses et compactes, elles sont couvertes d&#8217;une couche de r\u00e9sine si abondante qu&#8217;il est impossible de ne pas rester coll\u00e9 en les manipulant. Ces t\u00eates ne sont pas seulement visuellement attrayantes, elles \u00e9mettent \u00e9galement un ar\u00f4me qui anticipe leur puissant effet. La r\u00e9sine et les trichomes qui les recouvrent les rendent id\u00e9ales pour la production d&#8217;extractions de haute qualit\u00e9.<\/p>\n\n\n\n<h2 class=\"wp-block-heading\">Saveur et Effets<\/h2>\n\n\n\n<p>La saveur et l&#8217;ar\u00f4me de <strong>Motorbreath<\/strong> sont si intenses et distinctifs qu&#8217;ils ne laissent personne indiff\u00e9rent. Les consommateurs d\u00e9crivent son ar\u00f4me comme une explosion de <strong>diesel<\/strong> et de <strong>produits chimiques<\/strong>, avec des notes subtiles de <strong>poivre<\/strong> et un fond terreux particuli\u00e8rement appr\u00e9ci\u00e9 \u00e0 l&#8217;expiration. Ce profil aromatique est un r\u00e9gal pour les amateurs de strains aux saveurs fortes et complexes.<\/p>\n\n\n\n<p>En consommant <strong>Motorbreath<\/strong>, pr\u00e9parez-vous pour un voyage sensoriel in\u00e9gal\u00e9. Les niveaux de <strong>THC<\/strong> de cette vari\u00e9t\u00e9 d\u00e9passent les 25%, atteignant m\u00eame 27%, ce qui en fait l&#8217;une des options les plus puissantes du march\u00e9. Ses effets sont extr\u00eamement puissants et durables, commen\u00e7ant par une euphorie intense gr\u00e2ce \u00e0 son h\u00e9ritage sativa. Ce high initial est suivi d&#8217;une profonde relaxation corporelle qui vous clouera au canap\u00e9, parfait pour des moments de d\u00e9tente en fin de journ\u00e9e. Les niveaux de <strong>CBD<\/strong> sont faibles, moins de 1%, ce qui rend les effets psychoactifs du THC encore plus prononc\u00e9s.<\/p>\n\n\n\n<h3 class=\"wp-block-heading\">Terp\u00e8nes de Motorbreath<\/h3>\n\n\n\n<p>La complexit\u00e9 aromatique est due en grande partie \u00e0 son profil de terp\u00e8nes, qui inclut <strong>Myrc\u00e8ne<\/strong>, <strong>Limon\u00e8ne<\/strong>, <strong>B\u00eata-Caryophyll\u00e8ne<\/strong>, <strong>Alpha-Humul\u00e8ne<\/strong> et <strong>Terpinol\u00e8ne<\/strong>. Ces compos\u00e9s contribuent non seulement \u00e0 son ar\u00f4me et \u00e0 sa saveur intenses, mais offrent \u00e9galement plusieurs avantages th\u00e9rapeutiques.<\/p>\n\n\n\n<p><strong>Myrc\u00e8ne<\/strong> est connu pour ses effets s\u00e9datifs et relaxants, id\u00e9al pour soulager le stress et favoriser le sommeil. <strong>Limon\u00e8ne<\/strong>, avec son ar\u00f4me d&#8217;agrumes, est excellent pour \u00e9lever l&#8217;humeur et r\u00e9duire l&#8217;anxi\u00e9t\u00e9, procurant une sensation de bien-\u00eatre g\u00e9n\u00e9ral. <strong>B\u00eata-Caryophyll\u00e8ne<\/strong>, avec son ar\u00f4me caract\u00e9ristique de poivre, poss\u00e8de des propri\u00e9t\u00e9s anti-inflammatoires et analg\u00e9siques, ce qui le rend utile pour soulager la douleur.<\/p>\n\n\n\n<p>L&#8217;<strong>Alpha-Humul\u00e8ne<\/strong> apporte des notes terreuses et bois\u00e9es et est connu pour ses propri\u00e9t\u00e9s anti-inflammatoires et coupe-faim. Enfin, le <strong>Terpinol\u00e8ne<\/strong> ajoute une touche florale et herbac\u00e9e, \u00e9tant efficace pour combattre l&#8217;anxi\u00e9t\u00e9 et l&#8217;insomnie.<\/p>\n\n\n\n<p>Gr\u00e2ce \u00e0 ce riche profil de terp\u00e8nes, <strong>Motorbreath<\/strong> offre non seulement une exp\u00e9rience sensorielle unique, mais procure \u00e9galement divers avantages th\u00e9rapeutiques, en faisant une option populaire tant pour un usage r\u00e9cr\u00e9atif que m\u00e9dical.<\/p>\n\n\n\n<h2 class=\"wp-block-heading\">Production et Temps de Floraison<\/h2>\n\n\n\n<p><strong>Motorbreath<\/strong> est une vari\u00e9t\u00e9 qui impressionne non seulement par ses effets et sa saveur, mais aussi par sa g\u00e9n\u00e9reuse production. En culture <strong>int\u00e9rieure<\/strong>, cette strain est tr\u00e8s adaptable et peut \u00eatre cultiv\u00e9e en utilisant diff\u00e9rentes techniques. Depuis le changement de photop\u00e9riode \u00e0 la floraison, elle est pr\u00eate \u00e0 \u00eatre r\u00e9colt\u00e9e en environ 9 \u00e0 10 semaines. Dans des conditions optimales, avec un \u00e9clairage LED de 300-350W par m\u00e8tre carr\u00e9, on peut obtenir des rendements atteignant les <strong>550-650 grammes par m\u00e8tre carr\u00e9<\/strong>.<\/p>\n\n\n\n<p>En <strong>ext\u00e9rieur<\/strong>, elle peut cro\u00eetre jusqu&#8217;\u00e0 atteindre une hauteur impressionnante de 2,5 \u00e0 3 m\u00e8tres si les conditions sont favorables. La p\u00e9riode de floraison est relativement courte et elle se r\u00e9colte pendant les deux premi\u00e8res semaines d&#8217;octobre dans l&#8217;h\u00e9misph\u00e8re nord. Les plantes cultiv\u00e9es en ext\u00e9rieur, germ\u00e9es au d\u00e9but du printemps, peuvent produire jusqu&#8217;\u00e0 <strong>900 grammes par plante<\/strong>. Sa structure robuste avec des branches \u00e9paisses permet de supporter le poids des \u00e9normes t\u00eates, assurant une r\u00e9colte abondante et de haute qualit\u00e9.<\/p>\n\n\n\n<p>Ind\u00e9pendamment de la m\u00e9thode de culture que vous choisissez, <strong>Motorbreath<\/strong> garantit une production \u00e9lev\u00e9e avec des t\u00eates denses et r\u00e9sineuses, ce qui en fait une excellente option pour les cultivateurs d\u00e9butants comme exp\u00e9riment\u00e9s. Ses caract\u00e9ristiques de croissance et son rendement impressionnant en font une favorite dans tout jardin de cannabis.<\/p>\n\n\n\n<h2 class=\"wp-block-heading\">Comment Cultiver Motorbreath<\/h2>\n\n\n\n<p>La culture de <strong>Motorbreath<\/strong> est une exp\u00e9rience gratifiante et accessible pour les cultivateurs de tous niveaux. Cette vari\u00e9t\u00e9 est connue pour sa <strong>facilit\u00e9 de culture<\/strong>, ce qui en fait un excellent choix tant pour les d\u00e9butants que pour les experts. Ses branches robustes et sa structure vigoureuse la rendent facile \u00e0 g\u00e9rer, s&#8217;adaptant bien \u00e0 diff\u00e9rentes techniques de culture, comme le SCROG et le SOG.<\/p>\n\n\n\n<p>Pour obtenir les meilleurs r\u00e9sultats, nous recommandons de cultiver Motorbreath dans un <strong>climat chaud et ensoleill\u00e9<\/strong>. En ext\u00e9rieur, les plantes peuvent atteindre leur plein potentiel sous le soleil direct et dans des conditions optimales de temp\u00e9rature et d&#8217;humidit\u00e9. En int\u00e9rieur, assurez-vous de maintenir une bonne ventilation et de contr\u00f4ler les niveaux d&#8217;humidit\u00e9 pour \u00e9viter les probl\u00e8mes de moisissure et de champignons.<\/p>\n\n\n\n<p>Motorbreath se distingue \u00e9galement par sa <strong>r\u00e9sistance aux parasites et aux maladies<\/strong>. Bien qu&#8217;il soit toujours important de surveiller tout signe d&#8217;infestation, cette vari\u00e9t\u00e9 tend \u00e0 \u00eatre assez r\u00e9sistante, ce qui r\u00e9duit le besoin de traitements chimiques et facilite le maintien d&#8217;une culture saine.<\/p>\n\n\n\n<div style=\"height:50px\" aria-hidden=\"true\" class=\"wp-block-spacer uag-hide-mob\"><\/div>\n\n\n\n<div class=\"wp-block-columns is-layout-flex wp-container-core-columns-is-layout-28f84493 wp-block-columns-is-layout-flex\">\n<div class=\"wp-block-column is-layout-flow wp-block-column-is-layout-flow\">\n<p class=\"has-text-align-center has-medium-font-size\"><strong>Ce que nous aimons le plus<\/strong><\/p>\n\n\n\n<ul class=\"wp-block-list\">\n<li>Tr\u00e8s facile \u00e0 cultiver.<\/li>\n\n\n\n<li>Production \u00e9lev\u00e9e.<\/li>\n\n\n\n<li>Saveur Diesel classique.<\/li>\n\n\n\n<li>Effets tr\u00e8s puissants.<\/li>\n<\/ul>\n<\/div>\n\n\n\n<div class=\"wp-block-column is-layout-flow wp-block-column-is-layout-flow\">\n<p class=\"has-text-align-center has-medium-font-size\"><strong>Ce que nous aimons le moins<\/strong><\/p>\n\n\n\n<ul class=\"wp-block-list\">\n<li>Effets excessivement puissants pour certains utilisateurs<\/li>\n\n\n\n<li>Odeur tr\u00e8s forte pendant la floraison<\/li>\n<\/ul>\n<\/div>\n<\/div>\n\n\n\n<div style=\"height:50px\" aria-hidden=\"true\" class=\"wp-block-spacer uag-hide-mob\"><\/div>\n\n\n\n<h2 class=\"wp-block-heading\">Questions Fr\u00e9quentes<\/h2>\n\n\n\n<p>Vous trouverez ci-dessous les r\u00e9ponses aux questions les plus fr\u00e9quentes que se posent les cultivateurs int\u00e9ress\u00e9s par cette strain :<\/p>\n\n\n<div id=\"rank-math-faq\" class=\"rank-math-block\">\n<div class=\"rank-math-list \">\n<div id=\"faq-question-1663029074962\" class=\"rank-math-list-item\">\n<h3 class=\"rank-math-question \">Motorbreath est-elle une sativa ou une indica ?<\/h3>\n<div class=\"rank-math-answer \">\n\n<p><strong>Motorbreath<\/strong> est principalement une <strong>indica<\/strong>, avec une g\u00e9n\u00e9tique dominante \u00e0 70% indica et 30% sativa. Les vari\u00e9t\u00e9s indica, comme Motorbreath, offrent g\u00e9n\u00e9ralement des effets de relaxation corporelle profonde, id\u00e9aux pour soulager le stress et favoriser le sommeil. En revanche, les sativas sont connues pour leurs effets \u00e9nergisants et euphoriques, parfaits pour les activit\u00e9s diurnes. Motorbreath combine le meilleur des deux mondes, commen\u00e7ant par une euphorie sativa suivie d&#8217;une intense relaxation indica.<\/p>\n\n<\/div>\n<\/div>\n<div id=\"faq-question-1721745107867\" class=\"rank-math-list-item\">\n<h3 class=\"rank-math-question \">Quel est le croisement de Motorbreath ?<\/h3>\n<div class=\"rank-math-answer \">\n\n<p><strong>Motorbreath<\/strong> est le r\u00e9sultat du croisement entre deux strains l\u00e9gendaires : <strong>Chem Dawg<\/strong> et <strong>SFV OG Kush<\/strong>. Chem Dawg est une vari\u00e9t\u00e9 am\u00e9ricaine tr\u00e8s influente, tandis que SFV OG Kush est connue pour sa puissante g\u00e9n\u00e9tique OG.<\/p>\n\n<\/div>\n<\/div>\n<div id=\"faq-question-1721745109244\" class=\"rank-math-list-item\">\n<h3 class=\"rank-math-question \">Quand commence la floraison de Motorbreath ?<\/h3>\n<div class=\"rank-math-answer \">\n\n<p>En ext\u00e9rieur, la floraison de <strong>Motorbreath<\/strong> commence au cours des deux premi\u00e8res semaines du mois d&#8217;ao\u00fbt, selon la latitude de la culture.<\/p>\n\n<\/div>\n<\/div>\n<div id=\"faq-question-1721745111562\" class=\"rank-math-list-item\">\n<h3 class=\"rank-math-question \">Quand se r\u00e9colte Motorbreath ?<\/h3>\n<div class=\"rank-math-answer \">\n\n<p><strong>Motorbreath<\/strong> est une vari\u00e9t\u00e9 \u00e0 floraison rapide qui se r\u00e9colte pendant les deux premi\u00e8res semaines d&#8217;octobre dans l&#8217;h\u00e9misph\u00e8re nord. En int\u00e9rieur, elle est pr\u00eate pour la r\u00e9colte apr\u00e8s environ 9 \u00e0 10 semaines \u00e0 partir du changement de photop\u00e9riode \u00e0 la floraison.<\/p>\n\n<\/div>\n<\/div>\n<div id=\"faq-question-1721745112650\" class=\"rank-math-list-item\">\n<h3 class=\"rank-math-question \">Comment cultive-t-on Motorbreath ?<\/h3>\n<div class=\"rank-math-answer \">\n\n<p><strong>Motorbreath<\/strong> est tr\u00e8s facile \u00e0 cultiver en int\u00e9rieur comme en ext\u00e9rieur. Elle s&#8217;adapte bien \u00e0 des techniques telles que le SCROG et le SOG, et tol\u00e8re de fortes doses d&#8217;engrais. Elle est r\u00e9sistante aux parasites et aux maladies, ce qui la rend id\u00e9ale pour les cultivateurs de tous niveaux.<\/p>\n\n<\/div>\n<\/div>\n<div id=\"faq-question-1721745113494\" class=\"rank-math-list-item\">\n<h3 class=\"rank-math-question \">Quelle est la saveur de Motorbreath ?<\/h3>\n<div class=\"rank-math-answer \">\n\n<p>La saveur de <strong>Motorbreath<\/strong> est une combinaison classique de <strong>diesel<\/strong>, de <strong>poivre<\/strong> et d&#8217;une touche <strong>chimique<\/strong>. Ce profil de saveur intense est tr\u00e8s appr\u00e9ci\u00e9 par les consommateurs qui aiment les strains aux saveurs fortes et complexes.<\/p>\n\n<\/div>\n<\/div>\n<div id=\"faq-question-1721745114330\" class=\"rank-math-list-item\">\n<h3 class=\"rank-math-question \">Quel est le contenu en cannabino\u00efdes de Motorbreath ?<\/h3>\n<div class=\"rank-math-answer \">\n\n<p>Les t\u00eates de <strong>Motorbreath<\/strong> contiennent des niveaux de <strong>THC<\/strong> oscillant entre 25% et 27%, avec un contenu en <strong>CBD<\/strong> tr\u00e8s bas, inf\u00e9rieur \u00e0 1%. Cela garantit des effets psychoactifs puissants et durables.<\/p>\n\n<\/div>\n<\/div>\n<div id=\"faq-question-1721745116283\" class=\"rank-math-list-item\">\n<h3 class=\"rank-math-question \">Quels sont les effets de Motorbreath ?<\/h3>\n<div class=\"rank-math-answer \">\n\n<p>Les effets de <strong>Motorbreath<\/strong> sont extr\u00eamement puissants. Ils commencent par une euphorie intense suivie d&#8217;une profonde relaxation corporelle. Elle est id\u00e9ale pour soulager le stress, la douleur et favoriser le sommeil. En raison de son taux \u00e9lev\u00e9 de THC, elle est recommand\u00e9e aux utilisateurs ayant une haute tol\u00e9rance.<\/p>\n\n<\/div>\n<\/div>\n<\/div>\n<\/div>","protected":false},"excerpt":{"rendered":"<p><b>Motorbreath<\/b> offre une exp\u00e9rience in\u00e9gal\u00e9e avec son <strong>effet euphorique et relaxant puissant<\/strong>, parfait pour soulager le stress et la douleur. Facile \u00e0 cultiver et avec une <strong>production abondante<\/strong>, cette vari\u00e9t\u00e9 est id\u00e9ale tant pour les d\u00e9butants que pour les experts qui recherchent qualit\u00e9 et puissance \u00e0 chaque r\u00e9colte.<\/p>\n","protected":false},"featured_media":13537,"comment_status":"open","ping_status":"closed","template":"","meta":{"_acf_changed":false,"inline_featured_image":false,"_uag_custom_page_level_css":""},"product_brand":[],"product_cat":[1125],"product_tag":[],"class_list":{"0":"post-13631","1":"product","2":"type-product","3":"status-publish","4":"has-post-thumbnail","6":"product_cat-graines-feminisees-en-gros","8":"first","9":"instock","10":"taxable","11":"shipping-taxable","12":"purchasable","13":"product-type-simple"},"acf":[],"uagb_featured_image_src":{"full":["https:\/\/bulkgenetics.com\/wp-content\/uploads\/2023\/01\/motorbreath-bulk-seeds-1.jpg",1600,1600,false],"thumbnail":["https:\/\/bulkgenetics.com\/wp-content\/uploads\/2023\/01\/motorbreath-bulk-seeds-1-150x150.jpg",150,150,true],"medium":["https:\/\/bulkgenetics.com\/wp-content\/uploads\/2023\/01\/motorbreath-bulk-seeds-1-300x300.jpg",300,300,true],"medium_large":["https:\/\/bulkgenetics.com\/wp-content\/uploads\/2023\/01\/motorbreath-bulk-seeds-1-768x768.jpg",768,768,true],"large":["https:\/\/bulkgenetics.com\/wp-content\/uploads\/2023\/01\/motorbreath-bulk-seeds-1-1024x1024.jpg",1024,1024,true],"1536x1536":["https:\/\/bulkgenetics.com\/wp-content\/uploads\/2023\/01\/motorbreath-bulk-seeds-1-1536x1536.jpg",1536,1536,true],"2048x2048":["https:\/\/bulkgenetics.com\/wp-content\/uploads\/2023\/01\/motorbreath-bulk-seeds-1.jpg",1600,1600,false],"commercegurus-pdp-large":["https:\/\/bulkgenetics.com\/wp-content\/uploads\/2023\/01\/motorbreath-bulk-seeds-1-990x990.jpg",990,990,true],"commercegurus-plp-mobile":["https:\/\/bulkgenetics.com\/wp-content\/uploads\/2023\/01\/motorbreath-bulk-seeds-1-441x441.jpg",441,441,true],"cgkit_image_swatch":["https:\/\/bulkgenetics.com\/wp-content\/uploads\/2023\/01\/motorbreath-bulk-seeds-1-100x100.jpg",100,100,true],"woocommerce_thumbnail":["https:\/\/bulkgenetics.com\/wp-content\/uploads\/2023\/01\/motorbreath-bulk-seeds-1-300x300.jpg",300,300,true],"woocommerce_single":["https:\/\/bulkgenetics.com\/wp-content\/uploads\/2023\/01\/motorbreath-bulk-seeds-1-800x800.jpg",800,800,true],"woocommerce_gallery_thumbnail":["https:\/\/bulkgenetics.com\/wp-content\/uploads\/2023\/01\/motorbreath-bulk-seeds-1-150x150.jpg",150,150,true],"dgwt-wcas-product-suggestion":["https:\/\/bulkgenetics.com\/wp-content\/uploads\/2023\/01\/motorbreath-bulk-seeds-1-64x64.jpg",64,64,true]},"uagb_author_info":{"display_name":"Bruno Crespo","author_link":"https:\/\/bulkgenetics.com\/fr\/author\/"},"uagb_comment_info":0,"uagb_excerpt":"Motorbreath offre une exp\u00e9rience in\u00e9gal\u00e9e avec son effet euphorique et relaxant puissant, parfait pour soulager le stress et la douleur. Facile \u00e0 cultiver et avec une production abondante, cette vari\u00e9t\u00e9 est id\u00e9ale tant pour les d\u00e9butants que pour les experts qui recherchent qualit\u00e9 et puissance \u00e0 chaque r\u00e9colte.","_links":{"self":[{"href":"https:\/\/bulkgenetics.com\/fr\/wp-json\/wp\/v2\/product\/13631","targetHints":{"allow":["GET"]}}],"collection":[{"href":"https:\/\/bulkgenetics.com\/fr\/wp-json\/wp\/v2\/product"}],"about":[{"href":"https:\/\/bulkgenetics.com\/fr\/wp-json\/wp\/v2\/types\/product"}],"replies":[{"embeddable":true,"href":"https:\/\/bulkgenetics.com\/fr\/wp-json\/wp\/v2\/comments?post=13631"}],"wp:featuredmedia":[{"embeddable":true,"href":"https:\/\/bulkgenetics.com\/fr\/wp-json\/wp\/v2\/media\/13537"}],"wp:attachment":[{"href":"https:\/\/bulkgenetics.com\/fr\/wp-json\/wp\/v2\/media?parent=13631"}],"wp:term":[{"taxonomy":"product_brand","embeddable":true,"href":"https:\/\/bulkgenetics.com\/fr\/wp-json\/wp\/v2\/product_brand?post=13631"},{"taxonomy":"product_cat","embeddable":true,"href":"https:\/\/bulkgenetics.com\/fr\/wp-json\/wp\/v2\/product_cat?post=13631"},{"taxonomy":"product_tag","embeddable":true,"href":"https:\/\/bulkgenetics.com\/fr\/wp-json\/wp\/v2\/product_tag?post=13631"}],"curies":[{"name":"wp","href":"https:\/\/api.w.org\/{rel}","templated":true}]}}