{"id":13656,"date":"2023-01-17T12:34:48","date_gmt":"2023-01-17T11:34:48","guid":{"rendered":"https:\/\/bulkgenetics.com\/?post_type=product&#038;p=13656"},"modified":"2024-10-08T01:08:58","modified_gmt":"2024-10-07T23:08:58","slug":"lemon-tree","status":"publish","type":"product","link":"https:\/\/bulkgenetics.com\/fr\/lemon-tree\/","title":{"rendered":"Lemon Tree"},"content":{"rendered":"\n<p>La <strong>Lemon Tree<\/strong> est une vari\u00e9t\u00e9 de cannabis l\u00e9gendaire, c\u00e9l\u00e8bre pour avoir remport\u00e9 le premier prix dans la cat\u00e9gorie Meilleur Hybride \u00e0 la Seattle Cannabis Cup en 2014. Cette strain est le r\u00e9sultat du croisement magistral entre <a href=\"https:\/\/bulkgenetics.com\/fr\/lemon-skunk\/\"><strong>Lemon Skunk<\/strong><\/a> et <a href=\"https:\/\/bulkgenetics.com\/fr\/sour-diesel\/\"><strong>Sour Diesel<\/strong><\/a>, deux v\u00e9ritables monstres. Gr\u00e2ce \u00e0 cette lign\u00e9e qui combine le meilleur des indicas et des sativas, elle offre une exp\u00e9rience unique et polyvalente pour tout cultivateur.<\/p>\n\n\n\n<p><strong>Lemon Tree<\/strong> pousse avec une structure robuste et compacte, mais ne te laisse pas tromper par son apparence. Cette beaut\u00e9 peut atteindre une hauteur moyenne de 2-2,5 m\u00e8tres en ext\u00e9rieur, d\u00e9veloppant une forme typique de sapin de No\u00ebl avec de longues branches qui se raccourcissent vers la pointe, culminant en une impressionnante cola apicale.<\/p>\n\n\n\n<p>Les t\u00eates sont grandes et \u00e9tonnamment dures, couvertes d&#8217;une \u00e9paisse couche de trichomes qui leur donne un aspect brillant et cristallin, comme si elles avaient \u00e9t\u00e9 saupoudr\u00e9es de poudre de diamant. De plus, sa r\u00e9sine collante est parfaite pour les amateurs d&#8217;extractions.<\/p>\n\n\n\n<h2 class=\"wp-block-heading\">Saveur et Effets<\/h2>\n\n\n\n<p>La <strong>Lemon Tree<\/strong> est un vrai r\u00e9gal pour les sens. En ouvrant un pot de ses t\u00eates, tu seras accueilli par une explosion d&#8217;agrumes qui \u00e9veille les sens. L&#8217;ar\u00f4me frais et vibrant de citron se m\u00eale \u00e0 des notes subtiles de diesel, h\u00e9rit\u00e9es de son ascendance <strong>Sour Diesel<\/strong>, cr\u00e9ant un profil aromatique \u00e0 la fois rafra\u00eechissant et stimulant. Cet ar\u00f4me se traduit parfaitement dans son go\u00fbt, offrant une exp\u00e9rience gustative unique : un d\u00e9licieux m\u00e9lange d&#8217;agrumes avec une touche \u00e9pic\u00e9e et terreuse qui persiste sur le palais.<\/p>\n\n\n\n<p>En ce qui concerne les effets, elle est connue pour sa puissance, gr\u00e2ce \u00e0 ses niveaux de THC oscillant entre 20% et 25%. En la consommant, tu ressentiras une vague initiale d&#8217;euphorie c\u00e9r\u00e9brale qui \u00e9nergise et \u00e9l\u00e8ve l&#8217;humeur. Cette phase sativa est suivie d&#8217;une relaxation corporelle douce mais intense, r\u00e9sultat de son h\u00e9ritage indica, qui te laissera dans un \u00e9tat de bonheur et de tranquillit\u00e9 durable. Les effets sont si \u00e9quilibr\u00e9s qu&#8217;ils conviennent aussi bien pour le jour que pour la nuit.<\/p>\n\n\n\n<p>Avec une teneur en CBD faible, inf\u00e9rieure \u00e0 1%, la <strong>Lemon Tree<\/strong> se concentre sur l&#8217;offre d&#8217;une exp\u00e9rience puissante et euphorique, id\u00e9ale pour ceux qui cherchent \u00e0 soulager le stress, l&#8217;anxi\u00e9t\u00e9 et la fatigue sans effets s\u00e9datifs forts.<\/p>\n\n\n\n<h3 class=\"wp-block-heading\">Terp\u00e8nes de Lemon Tree<\/h3>\n\n\n\n<p>La <strong>Lemon Tree<\/strong> est riche en une vari\u00e9t\u00e9 de terp\u00e8nes qui contribuent non seulement \u00e0 son profil de saveur et d&#8217;ar\u00f4me, mais aussi \u00e0 ses effets th\u00e9rapeutiques. Parmi les plus remarquables, on trouve :<\/p>\n\n\n\n<ul class=\"wp-block-list\">\n<li><strong>Limon\u00e8ne :<\/strong> Le terp\u00e8ne pr\u00e9dominant dans la <strong>Lemon Tree<\/strong>. Ce compos\u00e9 apporte l&#8217;ar\u00f4me caract\u00e9ristique de citron et est connu pour ses effets \u00e9l\u00e9vateurs de l&#8217;humeur et anti-anxi\u00e9t\u00e9.<\/li>\n\n\n\n<li><strong>Caryophyll\u00e8ne :<\/strong> Avec un ar\u00f4me \u00e9pic\u00e9 et de clou de girofle, ce terp\u00e8ne est c\u00e9l\u00e8bre pour ses propri\u00e9t\u00e9s analg\u00e9siques et anti-inflammatoires, \u00e9tant utile pour ceux qui souffrent de douleur chronique.<\/li>\n\n\n\n<li><strong>Alpha-pin\u00e8ne :<\/strong> Ce terp\u00e8ne apporte un ar\u00f4me frais de pin et est connu pour am\u00e9liorer la m\u00e9moire et la concentration, ainsi que pour ses propri\u00e9t\u00e9s bronchodilatatrices.<\/li>\n\n\n\n<li><strong>Alpha-humul\u00e8ne :<\/strong> Connu pour ses propri\u00e9t\u00e9s anti-inflammatoires et de suppression de l&#8217;app\u00e9tit, ce terp\u00e8ne ajoute une note terreuse et l\u00e9g\u00e8rement \u00e9pic\u00e9e au profil de la <strong>Lemon Tree<\/strong>.<\/li>\n<\/ul>\n\n\n\n<p>Ces terp\u00e8nes travaillent en synergie avec les cannabino\u00efdes de la <strong>Lemon Tree<\/strong> pour offrir une exp\u00e9rience compl\u00e8te qui est \u00e0 la fois d\u00e9licieuse et th\u00e9rapeutique, faisant de cette vari\u00e9t\u00e9 une option exceptionnelle tant pour un usage r\u00e9cr\u00e9atif que m\u00e9dical.<\/p>\n\n\n\n<h2 class=\"wp-block-heading\">Production et Temps de Floraison<\/h2>\n\n\n\n<p>La <strong>Lemon Tree<\/strong> est un joyau pour les cultivateurs, qu&#8217;ils soient d\u00e9butants ou experts, gr\u00e2ce \u00e0 sa facilit\u00e9 de culture et ses rendements g\u00e9n\u00e9reux. En int\u00e9rieur, cette vari\u00e9t\u00e9 s&#8217;adapte \u00e0 toutes les techniques de culture, offrant les meilleurs r\u00e9sultats avec la m\u00e9thode SOG (Sea of Green). Depuis le changement du photop\u00e9riode de croissance \u00e0 floraison, il faudra environ 9 \u00e0 10 semaines pour pouvoir r\u00e9colter. Pendant ce temps, vous pouvez vous attendre \u00e0 des rendements variant entre 550 et 650 grammes par m\u00e8tre carr\u00e9, selon les conditions et l&#8217;exp\u00e9rience du cultivateur.<\/p>\n\n\n\n<p>En ext\u00e9rieur, la <strong>Lemon Tree<\/strong> montre tout son potentiel. Elle pousse avec une grande vigueur d\u00e8s le premier jour, atteignant une hauteur moyenne de 2 \u00e0 2,5 m\u00e8tres. Elle pr\u00e9f\u00e8re les climats avec un d\u00e9but d&#8217;automne sec ou peu pluvieux, car elle se r\u00e9colte \u00e0 la mi-octobre. Dans ces conditions optimales, il ne sera pas difficile d&#8217;atteindre les 1300 \u00e0 1500 grammes par plante. Sa structure de sapin de No\u00ebl permet \u00e0 la lumi\u00e8re solaire de p\u00e9n\u00e9trer uniform\u00e9ment, favorisant la production de grosses t\u00eates qui peuvent n\u00e9cessiter des tuteurs \u00e0 partir du milieu de la floraison pour \u00e9viter que les branches ne se cassent sous le poids.<\/p>\n\n\n\n<h2 class=\"wp-block-heading\">Comment Cultiver Lemon Tree<\/h2>\n\n\n\n<p>Lorsque nous cultivons <strong>Lemon Tree<\/strong>, nous constatons qu&#8217;il s&#8217;agit d&#8217;une vari\u00e9t\u00e9 relativement facile \u00e0 g\u00e9rer, ce qui la rend id\u00e9ale tant pour les d\u00e9butants que pour les cultivateurs exp\u00e9riment\u00e9s. Sa nature indulgente signifie qu&#8217;elle ne n\u00e9cessite pas une gestion excessivement compliqu\u00e9e, permettant d&#8217;obtenir de grands r\u00e9sultats avec un effort mod\u00e9r\u00e9.<\/p>\n\n\n\n<p><strong>Difficult\u00e9 de culture :<\/strong> La <strong>Lemon Tree<\/strong> est une plante robuste et r\u00e9sistante qui r\u00e9pond bien \u00e0 diverses techniques de culture. Cela en fait un excellent choix pour ceux qui d\u00e9butent dans le monde de la culture du cannabis, ainsi que pour les cultivateurs plus exp\u00e9riment\u00e9s \u00e0 la recherche d&#8217;une vari\u00e9t\u00e9 fiable et productive.<\/p>\n\n\n\n<p><strong>Climat et conditions de culture ad\u00e9quates :<\/strong> La <strong>Lemon Tree<\/strong> prosp\u00e8re dans les climats mod\u00e9r\u00e9s avec des temp\u00e9ratures diurnes oscillant entre 20\u00b0C et 27\u00b0C, et des temp\u00e9ratures nocturnes l\u00e9g\u00e8rement plus fra\u00eeches. En int\u00e9rieur, il est crucial de maintenir une humidit\u00e9 relative de 55% \u00e0 60% pendant la phase v\u00e9g\u00e9tative et de la r\u00e9duire \u00e0 40% pendant la phase de floraison. Pour les cultures en plein air, il est id\u00e9al de semer en avril et de r\u00e9colter en octobre pour maximiser les heures d&#8217;ensoleillement. Cette vari\u00e9t\u00e9 pr\u00e9f\u00e8re un climat sec ou peu pluvieux lors de la phase finale de floraison.<\/p>\n\n\n\n<p><strong>R\u00e9sistance aux nuisibles et aux maladies :<\/strong> La <strong>Lemon Tree<\/strong> se distingue par sa r\u00e9sistance aux nuisibles courants et aux maladies, ce qui r\u00e9duit consid\u00e9rablement l&#8217;effort et les ressources n\u00e9cessaires pour maintenir les plantes en bonne sant\u00e9. Cependant, nous recommandons toujours de rester vigilant et de pr\u00e9venir tout probl\u00e8me potentiel avec une bonne gestion et des pratiques de culture propres.<\/p>\n\n\n\n<div style=\"height:50px\" aria-hidden=\"true\" class=\"wp-block-spacer uag-hide-mob\"><\/div>\n\n\n\n<div class=\"wp-block-columns is-layout-flex wp-container-core-columns-is-layout-28f84493 wp-block-columns-is-layout-flex\">\n<div class=\"wp-block-column is-layout-flow wp-block-column-is-layout-flow\">\n<p class=\"has-text-align-center has-medium-font-size\"><strong>Ce que nous aimons le plus<\/strong><\/p>\n\n\n\n<ul class=\"wp-block-list\">\n<li><strong>Facile \u00e0 cultiver :<\/strong> Id\u00e9ale pour tous les niveaux d&#8217;exp\u00e9rience.<\/li>\n\n\n\n<li><strong>Hauts rendements :<\/strong> Que ce soit en int\u00e9rieur ou en ext\u00e9rieur, cette vari\u00e9t\u00e9 ne d\u00e9\u00e7oit pas en termes de production.<\/li>\n\n\n\n<li><strong>Ar\u00f4me et saveur incroyables :<\/strong> Le profil citronn\u00e9 est irr\u00e9sistible.<\/li>\n\n\n\n<li><strong>R\u00e9sistance aux nuisibles et aux maladies :<\/strong> Moins de pr\u00e9occupations pendant le cycle de culture.<\/li>\n<\/ul>\n<\/div>\n\n\n\n<div class=\"wp-block-column is-layout-flow wp-block-column-is-layout-flow\">\n<p class=\"has-text-align-center has-medium-font-size\"><strong>Ce que nous aimons le moins<\/strong><\/p>\n\n\n\n<ul class=\"wp-block-list\">\n<li><strong>Hauteur mod\u00e9r\u00e9e :<\/strong> Peut \u00eatre une limitation pour ceux qui recherchent des plantes plus grandes en ext\u00e9rieur.<\/li>\n\n\n\n<li><strong>P\u00e9riode de floraison :<\/strong> Bien que 9 \u00e0 10 semaines ne soient pas excessivement longues, certains cultivateurs pr\u00e9f\u00e8rent des cycles plus courts.<\/li>\n<\/ul>\n<\/div>\n<\/div>\n\n\n\n<div style=\"height:50px\" aria-hidden=\"true\" class=\"wp-block-spacer uag-hide-mob\"><\/div>\n\n\n\n<h2 class=\"wp-block-heading\">Questions Fr\u00e9quentes<\/h2>\n\n\n\n<p>Voici les r\u00e9ponses aux questions les plus fr\u00e9quentes pos\u00e9es par les cultivateurs int\u00e9ress\u00e9s par ces graines en vrac bon march\u00e9 :<\/p>\n\n\n<div id=\"rank-math-faq\" class=\"rank-math-block\">\n<div class=\"rank-math-list \">\n<div id=\"faq-question-1663029074962\" class=\"rank-math-list-item\">\n<h3 class=\"rank-math-question \">La Lemon Tree est-elle sativa ou indica ?<\/h3>\n<div class=\"rank-math-answer \">\n\n<p>La <strong>Lemon Tree<\/strong> est une vari\u00e9t\u00e9 hybride qui combine le meilleur des deux g\u00e9n\u00e9tiques, sativa et indica. Bien qu&#8217;elle soit un m\u00e9lange \u00e9quilibr\u00e9, elle tend l\u00e9g\u00e8rement vers le c\u00f4t\u00e9 sativa, offrant des effets \u00e0 la fois c\u00e9r\u00e9braux et corporels. Les vari\u00e9t\u00e9s sativas sont connues pour leurs effets \u00e9nergisants et stimulants, id\u00e9aux pour une utilisation diurne, tandis que les indicas offrent g\u00e9n\u00e9ralement une relaxation profonde, parfaite pour la fin de journ\u00e9e. La <strong>Lemon Tree<\/strong> trouve un \u00e9quilibre parfait, procurant une euphorie initiale suivie d&#8217;une relaxation durable.<\/p>\n\n<\/div>\n<\/div>\n<div id=\"faq-question-1721812787781\" class=\"rank-math-list-item\">\n<h3 class=\"rank-math-question \">Quel est le croisement de Lemon Tree ?<\/h3>\n<div class=\"rank-math-answer \">\n\n<p>La <strong>Lemon Tree<\/strong> est le r\u00e9sultat du croisement entre <strong>Lemon Skunk<\/strong> et <strong>Sour Diesel<\/strong>. Cette lign\u00e9e lui conf\u00e8re son go\u00fbt d&#8217;agrumes distinctif et son effet puissant.<\/p>\n\n<\/div>\n<\/div>\n<div id=\"faq-question-1721812788781\" class=\"rank-math-list-item\">\n<h3 class=\"rank-math-question \">Quand commence la floraison de Lemon Tree ?<\/h3>\n<div class=\"rank-math-answer \">\n\n<p>En ext\u00e9rieur, la floraison de la <strong>Lemon Tree<\/strong> commence au cours de la premi\u00e8re quinzaine du mois d&#8217;ao\u00fbt, en fonction de la latitude de la culture.<\/p>\n\n<\/div>\n<\/div>\n<div id=\"faq-question-1721812789783\" class=\"rank-math-list-item\">\n<h3 class=\"rank-math-question \">Quand r\u00e9colte-t-on la Lemon Tree ?<\/h3>\n<div class=\"rank-math-answer \">\n\n<p>La <strong>Lemon Tree<\/strong> est une vari\u00e9t\u00e9 \u00e0 floraison rapide qui se r\u00e9colte \u00e0 la mi-octobre en ext\u00e9rieur. En int\u00e9rieur, la p\u00e9riode de floraison dure entre 9 et 10 semaines \u00e0 partir du changement de photop\u00e9riode.<\/p>\n\n<\/div>\n<\/div>\n<div id=\"faq-question-1721812790724\" class=\"rank-math-list-item\">\n<h3 class=\"rank-math-question \">Comment cultiver la Lemon Tree ?<\/h3>\n<div class=\"rank-math-answer \">\n\n<p>Nos graines de <strong>Lemon Tree<\/strong> sont tr\u00e8s faciles \u00e0 cultiver. Cette vari\u00e9t\u00e9 s&#8217;adapte bien \u00e0 diverses techniques de culture et prosp\u00e8re aussi bien en int\u00e9rieur qu&#8217;en ext\u00e9rieur. Elle pr\u00e9f\u00e8re les climats mod\u00e9r\u00e9s et secs vers la fin de son cycle de floraison. Pour obtenir les meilleurs r\u00e9sultats, nous recommandons l&#8217;utilisation de tuteurs en ext\u00e9rieur pour soutenir le poids des t\u00eates.<\/p>\n\n<\/div>\n<\/div>\n<div id=\"faq-question-1721812792104\" class=\"rank-math-list-item\">\n<h3 class=\"rank-math-question \">Quel est le go\u00fbt de Lemon Tree ?<\/h3>\n<div class=\"rank-math-answer \">\n\n<p>Le go\u00fbt de la <strong>Lemon Tree<\/strong> est un d\u00e9licieux m\u00e9lange d&#8217;agrumes avec une touche \u00e9pic\u00e9e et terreuse. La saveur de citron frais pr\u00e9domine, accompagn\u00e9e de notes subtiles de diesel, faisant de chaque bouff\u00e9e une exp\u00e9rience unique et rafra\u00eechissante.<\/p>\n\n<\/div>\n<\/div>\n<div id=\"faq-question-1721812792893\" class=\"rank-math-list-item\">\n<h3 class=\"rank-math-question \">Quel est le contenu en cannabino\u00efdes de Lemon Tree ?<\/h3>\n<div class=\"rank-math-answer \">\n\n<p>La <strong>Lemon Tree<\/strong> pr\u00e9sente des niveaux de THC qui oscillent entre 20% et 25%, offrant une exp\u00e9rience euphorique et relaxante puissante. Le contenu en CBD est faible, inf\u00e9rieur \u00e0 1%, ce qui maximise les effets psychoactifs du THC.<\/p>\n\n<\/div>\n<\/div>\n<div id=\"faq-question-1721812794172\" class=\"rank-math-list-item\">\n<h3 class=\"rank-math-question \">Quels sont les effets de Lemon Tree ?<\/h3>\n<div class=\"rank-math-answer \">\n\n<p>Les effets de la <strong>Lemon Tree<\/strong> sont tr\u00e8s puissants et \u00e9quilibr\u00e9s. Apr\u00e8s quelques bouff\u00e9es, tu ressentiras une vague d&#8217;euphorie c\u00e9r\u00e9brale qui \u00e9l\u00e8ve l&#8217;humeur et \u00e9nergise. Cette phase est suivie d&#8217;une relaxation corporelle intense, qui te laisse dans un \u00e9tat de bonheur et de calme durable. Elle est id\u00e9ale pour soulager le stress, l&#8217;anxi\u00e9t\u00e9 et la fatigue, sans produire d&#8217;effets s\u00e9datifs forts.<\/p>\n\n<\/div>\n<\/div>\n<\/div>\n<\/div>","protected":false},"excerpt":{"rendered":"<p><b>Lemon Tree<\/b> t&#8217;offre une exp\u00e9rience \u00e9quilibr\u00e9e avec une <strong>puissante euphorie<\/strong> initiale suivie d&#8217;une <strong>relaxation durable<\/strong>. Profite de rendements \u00e9lev\u00e9s et d&#8217;un <strong>irr\u00e9sistible go\u00fbt d&#8217;agrumes de citron<\/strong>, id\u00e9al pour soulager le stress et l&#8217;anxi\u00e9t\u00e9. Parfaite pour les cultivateurs de tous niveaux, elle garantit des <strong>r\u00e9coltes abondantes et de haute qualit\u00e9<\/strong>.<\/p>\n","protected":false},"featured_media":13531,"comment_status":"open","ping_status":"closed","template":"","meta":{"_acf_changed":false,"inline_featured_image":false,"_uag_custom_page_level_css":""},"product_brand":[],"product_cat":[1125],"product_tag":[],"class_list":{"0":"post-13656","1":"product","2":"type-product","3":"status-publish","4":"has-post-thumbnail","6":"product_cat-graines-feminisees-en-gros","8":"first","9":"instock","10":"taxable","11":"shipping-taxable","12":"purchasable","13":"product-type-simple"},"acf":[],"uagb_featured_image_src":{"full":["https:\/\/bulkgenetics.com\/wp-content\/uploads\/2023\/01\/lemon-tree-cannabis-bulk-1.jpg",1600,1600,false],"thumbnail":["https:\/\/bulkgenetics.com\/wp-content\/uploads\/2023\/01\/lemon-tree-cannabis-bulk-1-150x150.jpg",150,150,true],"medium":["https:\/\/bulkgenetics.com\/wp-content\/uploads\/2023\/01\/lemon-tree-cannabis-bulk-1-300x300.jpg",300,300,true],"medium_large":["https:\/\/bulkgenetics.com\/wp-content\/uploads\/2023\/01\/lemon-tree-cannabis-bulk-1-768x768.jpg",768,768,true],"large":["https:\/\/bulkgenetics.com\/wp-content\/uploads\/2023\/01\/lemon-tree-cannabis-bulk-1-1024x1024.jpg",1024,1024,true],"1536x1536":["https:\/\/bulkgenetics.com\/wp-content\/uploads\/2023\/01\/lemon-tree-cannabis-bulk-1-1536x1536.jpg",1536,1536,true],"2048x2048":["https:\/\/bulkgenetics.com\/wp-content\/uploads\/2023\/01\/lemon-tree-cannabis-bulk-1.jpg",1600,1600,false],"commercegurus-pdp-large":["https:\/\/bulkgenetics.com\/wp-content\/uploads\/2023\/01\/lemon-tree-cannabis-bulk-1-990x990.jpg",990,990,true],"commercegurus-plp-mobile":["https:\/\/bulkgenetics.com\/wp-content\/uploads\/2023\/01\/lemon-tree-cannabis-bulk-1-441x441.jpg",441,441,true],"cgkit_image_swatch":["https:\/\/bulkgenetics.com\/wp-content\/uploads\/2023\/01\/lemon-tree-cannabis-bulk-1-100x100.jpg",100,100,true],"woocommerce_thumbnail":["https:\/\/bulkgenetics.com\/wp-content\/uploads\/2023\/01\/lemon-tree-cannabis-bulk-1-300x300.jpg",300,300,true],"woocommerce_single":["https:\/\/bulkgenetics.com\/wp-content\/uploads\/2023\/01\/lemon-tree-cannabis-bulk-1-800x800.jpg",800,800,true],"woocommerce_gallery_thumbnail":["https:\/\/bulkgenetics.com\/wp-content\/uploads\/2023\/01\/lemon-tree-cannabis-bulk-1-150x150.jpg",150,150,true],"dgwt-wcas-product-suggestion":["https:\/\/bulkgenetics.com\/wp-content\/uploads\/2023\/01\/lemon-tree-cannabis-bulk-1-64x64.jpg",64,64,true]},"uagb_author_info":{"display_name":"Bruno Crespo","author_link":"https:\/\/bulkgenetics.com\/fr\/author\/"},"uagb_comment_info":0,"uagb_excerpt":"Lemon Tree t'offre une exp\u00e9rience \u00e9quilibr\u00e9e avec une puissante euphorie initiale suivie d'une relaxation durable. Profite de rendements \u00e9lev\u00e9s et d'un irr\u00e9sistible go\u00fbt d'agrumes de citron, id\u00e9al pour soulager le stress et l'anxi\u00e9t\u00e9. Parfaite pour les cultivateurs de tous niveaux, elle garantit des r\u00e9coltes abondantes et de haute qualit\u00e9.","_links":{"self":[{"href":"https:\/\/bulkgenetics.com\/fr\/wp-json\/wp\/v2\/product\/13656","targetHints":{"allow":["GET"]}}],"collection":[{"href":"https:\/\/bulkgenetics.com\/fr\/wp-json\/wp\/v2\/product"}],"about":[{"href":"https:\/\/bulkgenetics.com\/fr\/wp-json\/wp\/v2\/types\/product"}],"replies":[{"embeddable":true,"href":"https:\/\/bulkgenetics.com\/fr\/wp-json\/wp\/v2\/comments?post=13656"}],"wp:featuredmedia":[{"embeddable":true,"href":"https:\/\/bulkgenetics.com\/fr\/wp-json\/wp\/v2\/media\/13531"}],"wp:attachment":[{"href":"https:\/\/bulkgenetics.com\/fr\/wp-json\/wp\/v2\/media?parent=13656"}],"wp:term":[{"taxonomy":"product_brand","embeddable":true,"href":"https:\/\/bulkgenetics.com\/fr\/wp-json\/wp\/v2\/product_brand?post=13656"},{"taxonomy":"product_cat","embeddable":true,"href":"https:\/\/bulkgenetics.com\/fr\/wp-json\/wp\/v2\/product_cat?post=13656"},{"taxonomy":"product_tag","embeddable":true,"href":"https:\/\/bulkgenetics.com\/fr\/wp-json\/wp\/v2\/product_tag?post=13656"}],"curies":[{"name":"wp","href":"https:\/\/api.w.org\/{rel}","templated":true}]}}