{"id":14002,"date":"2023-02-01T09:47:56","date_gmt":"2023-02-01T08:47:56","guid":{"rendered":"https:\/\/bulkgenetics.com\/?post_type=product&#038;p=14002"},"modified":"2025-12-29T10:16:33","modified_gmt":"2025-12-29T09:16:33","slug":"mochi-gelato","status":"publish","type":"product","link":"https:\/\/bulkgenetics.com\/fr\/mochi-gelato\/","title":{"rendered":"Mochi Gelato"},"content":{"rendered":"\n<p>La <strong>Mochi Gelato<\/strong> est une strain de cannabis qui a gagn\u00e9 une grande popularit\u00e9 dans le monde cannabique. \u00c9galement connue sous le nom de <strong>Gelato 43<\/strong> ou simplement <strong>Mochi<\/strong>, cette vari\u00e9t\u00e9 h\u00e9rite son nom du d\u00e9licieux dessert japonais au c\u0153ur de glace. Sa g\u00e9n\u00e9tique est un parfait \u00e9quilibre entre <a href=\"https:\/\/bulkgenetics.com\/fr\/sherbet\/\"><strong>Sunset Sherbert<\/strong><\/a> et <a href=\"https:\/\/bulkgenetics.com\/fr\/girl-scout-cookies\/\"><strong>Girl Scout Cookies Thin Mint<\/strong><\/a>, deux puissantes strains qui se sont combin\u00e9es pour offrir une exp\u00e9rience unique.<\/p>\n\n\n\n<p>Au cours des derni\u00e8res ann\u00e9es, Mochi Gelato a \u00e9t\u00e9 reconnue par cinq prix importants dans diff\u00e9rents concours, ce qui d\u00e9montre sa qualit\u00e9 exceptionnelle et sa popularit\u00e9 parmi les cultivateurs.<\/p>\n\n\n\n<p>Il s&#8217;agit d&#8217;une plante qui pousse avec une structure robuste et des branches \u00e9paisses, atteignant une hauteur moyenne de 2 \u00e0 2,5 m\u00e8tres. Ses t\u00eates sont vraiment impressionnantes, grandes et compactes, et la plante produit une apicale de la taille d&#8217;une batte de baseball. Les t\u00eates de Mochi Gelato sont connues pour \u00eatre <strong>super dures et m\u00e9ga collantes<\/strong>, id\u00e9ales pour l&#8217;extraction de r\u00e9sine de haute qualit\u00e9.<\/p>\n\n\n\n<h2 class=\"wp-block-heading\">Saveur et Effets<\/h2>\n\n\n\n<p>La <strong>Mochi Gelato<\/strong> est une v\u00e9ritable d\u00e9lice pour les sens. En go\u00fbtant cette strain, vous d\u00e9couvrirez une saveur in\u00e9gal\u00e9e qui combine des touches fra\u00eeches et florales avec un arri\u00e8re-go\u00fbt de vanille. Certains ph\u00e9notypes offrent \u00e9galement des notes terreuses et de ch\u00e2taigne, cr\u00e9ant une exp\u00e9rience gustative complexe et satisfaisante que nul palais ne peut ignorer.<\/p>\n\n\n\n<p>L&#8217;ar\u00f4me de Mochi Gelato est tout aussi impressionnant. D\u00e8s que vous ouvrez le pot, vous \u00eates accueilli par une odeur douce et cr\u00e9meuse, avec des nuances de vanille et des notes florales. Ce profil aromatique est si captivant qu&#8217;un bon filtre \u00e0 charbon est essentiel pour maintenir la discr\u00e9tion, surtout en int\u00e9rieur.<\/p>\n\n\n\n<p>En ce qui concerne les effets, Mochi Gelato ne d\u00e9\u00e7oit pas. Avec une teneur en <strong>THC allant de 20% \u00e0 25%<\/strong>, cette strain offre un effet tr\u00e8s intense. Elle est connue pour produire une sensation de relaxation profonde et de somnolence, id\u00e9ale pour terminer la journ\u00e9e avec calme et bonne humeur. Cependant, elle apporte \u00e9galement une grande dose de bonheur et d&#8217;euphorie, rendant chaque session joyeuse et agr\u00e9able. Avec des niveaux de <strong>CBD faibles, moins de 1%<\/strong>, Mochi Gelato se concentre sur un effet psychoactif puissant qui vous laissera compl\u00e8tement satisfait.<\/p>\n\n\n\n<h3 class=\"wp-block-heading\">Terp\u00e8nes de Mochi Gelato<\/h3>\n\n\n\n<p>Les terp\u00e8nes jouent un r\u00f4le crucial dans l&#8217;exp\u00e9rience offerte par Mochi Gelato. Le profil terp\u00e9nique de cette strain est riche et diversifi\u00e9, domin\u00e9 par le <strong>caryophyll\u00e8ne<\/strong>, suivi de <strong>limon\u00e8ne<\/strong> et de <strong>myrc\u00e8ne<\/strong>. Ces terp\u00e8nes contribuent non seulement \u00e0 son go\u00fbt et son ar\u00f4me spectaculaires, mais ils ont \u00e9galement plusieurs bienfaits th\u00e9rapeutiques.<\/p>\n\n\n\n<p>Le <strong>caryophyll\u00e8ne<\/strong> apporte une touche \u00e9pic\u00e9e et terreuse \u00e0 l&#8217;ar\u00f4me, et est connu pour ses propri\u00e9t\u00e9s anti-inflammatoires et analg\u00e9siques, ce qui le rend id\u00e9al pour soulager la douleur et r\u00e9duire le stress. Le <strong>limon\u00e8ne<\/strong>, avec son ar\u00f4me citronn\u00e9, a des effets \u00e9l\u00e9vateurs de l&#8217;humeur et peut aider \u00e0 combattre l&#8217;anxi\u00e9t\u00e9 et la d\u00e9pression. Enfin, le <strong>myrc\u00e8ne<\/strong> offre un ar\u00f4me herbac\u00e9 et terreux, connu pour ses effets s\u00e9datifs et relaxants, parfaits pour ceux qui cherchent une exp\u00e9rience apaisante.<\/p>\n\n\n\n<h2 class=\"wp-block-heading\">Production et Temps de Floraison<\/h2>\n\n\n\n<p>La <strong>Mochi Gelato<\/strong> est une strain qui ne se distingue pas seulement par sa saveur et ses effets, mais aussi par son rendement impressionnant. Cette vari\u00e9t\u00e9 est r\u00e9put\u00e9e pour ses rendements \u00e9lev\u00e9s en int\u00e9rieur comme en ext\u00e9rieur, en faisant un excellent choix pour les cultivateurs cherchant \u00e0 maximiser leur r\u00e9colte.<\/p>\n\n\n\n<p>En culture int\u00e9rieure, Mochi Gelato peut produire entre <strong>500 et 600 grammes par m\u00e8tre carr\u00e9<\/strong>, surtout si l&#8217;on utilise un \u00e9clairage LED de 300-350W. Les cultivateurs qui emploient des techniques comme l&#8217;\u00e9lagage et le palissage pour contr\u00f4ler le d\u00e9veloppement vertical de la plante peuvent \u00e9galement am\u00e9liorer ces r\u00e9sultats. Le temps de floraison en int\u00e9rieur est relativement court, oscillant entre <strong>55 et 60 jours<\/strong> depuis le changement de photop\u00e9riode \u00e0 la floraison. Cette floraison rapide fait de Mochi Gelato un excellent choix pour ceux qui souhaitent des cycles de culture plus courts.<\/p>\n\n\n\n<p>En ext\u00e9rieur, Mochi Gelato r\u00e9v\u00e8le son v\u00e9ritable potentiel. Les plantes peuvent atteindre une hauteur moyenne de <strong>2 \u00e0 2,5 m\u00e8tres<\/strong> et, si elles sont bien entretenues, peuvent produire jusqu&#8217;\u00e0 <strong>900 grammes par plante<\/strong>. Le temps de r\u00e9colte pour les cultures en ext\u00e9rieur est vers <strong>fin septembre et d\u00e9but octobre<\/strong>, en fonction du ph\u00e9notype et des conditions de culture. Certains ph\u00e9notypes peuvent \u00eatre l\u00e9g\u00e8rement plus tardifs, mais g\u00e9n\u00e9ralement, la r\u00e9colte se fait d\u00e9but octobre.<\/p>\n\n\n\n<h2 class=\"wp-block-heading\">Comment Cultiver Mochi Gelato<\/h2>\n\n\n\n<p>Pour cultiver <strong>Mochi Gelato<\/strong> avec succ\u00e8s, voici quelques conseils et recommandations bas\u00e9s sur notre exp\u00e9rience. Cette strain est connue pour \u00eatre <strong>tr\u00e8s facile \u00e0 cultiver<\/strong>, ce qui en fait un excellent choix pour les cultivateurs d\u00e9butants comme pour les experts. M\u00eame ceux qui d\u00e9butent dans la culture de cannabis peuvent s&#8217;attendre \u00e0 de bons r\u00e9sultats avec Mochi Gelato.<\/p>\n\n\n\n<p>En ce qui concerne le climat et les conditions de culture, Mochi Gelato s&#8217;adapte bien aux cultures en int\u00e9rieur comme en ext\u00e9rieur. En ext\u00e9rieur, elle pr\u00e9f\u00e8re les climats chauds et ensoleill\u00e9s, similaires \u00e0 ceux de la M\u00e9diterran\u00e9e. Cependant, elle peut \u00e9galement prosp\u00e9rer dans des climats plus temp\u00e9r\u00e9s \u00e0 condition de b\u00e9n\u00e9ficier des conditions ad\u00e9quates. En int\u00e9rieur, il est recommand\u00e9 de maintenir un contr\u00f4le strict de la temp\u00e9rature et de l&#8217;humidit\u00e9 pour assurer une croissance optimale.<\/p>\n\n\n\n<p>L&#8217;un des aspects les plus remarquables de Mochi Gelato est sa <strong>r\u00e9sistance aux parasites et aux maladies<\/strong>. Cette vari\u00e9t\u00e9 a montr\u00e9 une grande robustesse, ce qui facilite sa gestion et r\u00e9duit le besoin de traitements pr\u00e9ventifs intensifs. Cependant, comme pour toute plante de cannabis, il est important de la surveiller r\u00e9guli\u00e8rement pour d\u00e9tecter d&#8217;\u00e9ventuels probl\u00e8mes \u00e0 temps et garantir sa sant\u00e9 g\u00e9n\u00e9rale.<\/p>\n\n\n\n<div style=\"height:50px\" aria-hidden=\"true\" class=\"wp-block-spacer uag-hide-mob\"><\/div>\n\n\n\n<div class=\"wp-block-columns is-layout-flex wp-container-core-columns-is-layout-28f84493 wp-block-columns-is-layout-flex\">\n<div class=\"wp-block-column is-layout-flow wp-block-column-is-layout-flow\">\n<p class=\"has-text-align-center has-medium-font-size\"><strong>Ce que nous aimons le plus<\/strong><\/p>\n\n\n\n<ul class=\"wp-block-list\">\n<li>Tr\u00e8s facile \u00e0 cultiver, id\u00e9al pour les d\u00e9butants.<\/li>\n\n\n\n<li>Haute production en int\u00e9rieur comme en ext\u00e9rieur.<\/li>\n\n\n\n<li>Saveur d\u00e9licieuse et ar\u00f4me impressionnant.<\/li>\n\n\n\n<li>Effets tr\u00e8s puissants et agr\u00e9ables.<\/li>\n<\/ul>\n<\/div>\n\n\n\n<div class=\"wp-block-column is-layout-flow wp-block-column-is-layout-flow\">\n<p class=\"has-text-align-center has-medium-font-size\"><strong>Ce que nous aimons le moins<\/strong><\/p>\n\n\n\n<ul class=\"wp-block-list\">\n<li>En floraison, elle \u00e9met une odeur assez forte, donc un bon filtre \u00e0 charbon est recommand\u00e9.<\/li>\n\n\n\n<li>Certains ph\u00e9notypes peuvent \u00eatre l\u00e9g\u00e8rement plus tardifs en ext\u00e9rieur.<\/li>\n<\/ul>\n<\/div>\n<\/div>\n\n\n\n<div style=\"height:50px\" aria-hidden=\"true\" class=\"wp-block-spacer uag-hide-mob\"><\/div>\n\n\n\n<h2 class=\"wp-block-heading\">Questions Fr\u00e9quemment Pos\u00e9es<\/h2>\n\n\n\n<p>Voici les r\u00e9ponses aux questions les plus fr\u00e9quentes que nous posent les cultivateurs int\u00e9ress\u00e9s par ces graines f\u00e9minis\u00e9es en vrac :<\/p>\n\n\n<div id=\"rank-math-faq\" class=\"rank-math-block\">\n<div class=\"rank-math-list \">\n<div id=\"faq-question-1663029074962\" class=\"rank-math-list-item\">\n<h3 class=\"rank-math-question \">Mochi Gelato est-elle sativa ou indica ?<\/h3>\n<div class=\"rank-math-answer \">\n\n<p>Mochi Gelato est un hybride avec un \u00e9quilibre entre g\u00e9n\u00e9tique indica et sativa, bien qu&#8217;elle tende l\u00e9g\u00e8rement vers le c\u00f4t\u00e9 indica. Les vari\u00e9t\u00e9s indica sont g\u00e9n\u00e9ralement plus compactes et offrent des effets relaxants et s\u00e9datifs, id\u00e9aux pour la fin de journ\u00e9e. D&#8217;un autre c\u00f4t\u00e9, les sativas sont plus grandes et procurent des effets \u00e9nergisants et euphoriques, parfaits pour une utilisation diurne. Mochi Gelato combine le meilleur des deux mondes, offrant une exp\u00e9rience \u00e9quilibr\u00e9e et polyvalente.<\/p>\n\n<\/div>\n<\/div>\n<div id=\"faq-question-1721821323382\" class=\"rank-math-list-item\">\n<h3 class=\"rank-math-question \">Quelle est la g\u00e9n\u00e9tique de Mochi Gelato ?<\/h3>\n<div class=\"rank-math-answer \">\n\n<p>Mochi Gelato est le r\u00e9sultat d&#8217;un croisement entre deux puissantes vari\u00e9t\u00e9s : <strong>Sunset Sherbet<\/strong> et <strong>Girl Scout Cookies Thin Mint<\/strong>. Cette combinaison a produit une plante avec un profil de saveur et d&#8217;ar\u00f4me exceptionnels et des effets puissants.<\/p>\n\n<\/div>\n<\/div>\n<div id=\"faq-question-1721821325597\" class=\"rank-math-list-item\">\n<h3 class=\"rank-math-question \">Quand commence la floraison de Mochi Gelato ?<\/h3>\n<div class=\"rank-math-answer \">\n\n<p>En ext\u00e9rieur, la floraison de Mochi Gelato commence g\u00e9n\u00e9ralement entre d\u00e9but et mi-ao\u00fbt, selon la latitude et les conditions climatiques sp\u00e9cifiques de la culture.<\/p>\n\n<\/div>\n<\/div>\n<div id=\"faq-question-1721821326583\" class=\"rank-math-list-item\">\n<h3 class=\"rank-math-question \">Quand r\u00e9colte-t-on Mochi Gelato ?<\/h3>\n<div class=\"rank-math-answer \">\n\n<p>La r\u00e9colte de Mochi Gelato en ext\u00e9rieur se fait vers la fin septembre et d\u00e9but octobre. En int\u00e9rieur, les plantes sont pr\u00eates \u00e0 \u00eatre r\u00e9colt\u00e9es en 55 \u00e0 60 jours apr\u00e8s le passage en floraison.<\/p>\n\n<\/div>\n<\/div>\n<div id=\"faq-question-1721821327593\" class=\"rank-math-list-item\">\n<h3 class=\"rank-math-question \">Comment cultive-t-on Mochi Gelato ?<\/h3>\n<div class=\"rank-math-answer \">\n\n<p>Mochi Gelato est tr\u00e8s facile \u00e0 cultiver et s&#8217;adapte bien aux cultures en int\u00e9rieur comme en ext\u00e9rieur. En ext\u00e9rieur, elle pr\u00e9f\u00e8re les climats chauds et ensoleill\u00e9s, tandis qu&#8217;en int\u00e9rieur, il est recommand\u00e9 de contr\u00f4ler la temp\u00e9rature et l&#8217;humidit\u00e9 pour assurer une croissance optimale. Cette vari\u00e9t\u00e9 est r\u00e9sistante aux parasites et aux maladies, ce qui facilite sa gestion.<\/p>\n\n<\/div>\n<\/div>\n<div id=\"faq-question-1721821328507\" class=\"rank-math-list-item\">\n<h3 class=\"rank-math-question \">Quel est le go\u00fbt de Mochi Gelato ?<\/h3>\n<div class=\"rank-math-answer \">\n\n<p>Mochi Gelato offre une saveur complexe et d\u00e9licieuse, avec des touches fra\u00eeches et florales, un arri\u00e8re-go\u00fbt de vanille et des notes terreuses et de ch\u00e2taigne. Son ar\u00f4me est tout aussi impressionnant, avec un profil sucr\u00e9 et cr\u00e9meux qui est irr\u00e9sistible.<\/p>\n\n<\/div>\n<\/div>\n<div id=\"faq-question-1721821329872\" class=\"rank-math-list-item\">\n<h3 class=\"rank-math-question \">Quel est le contenu en cannabino\u00efdes de Mochi Gelato ?<\/h3>\n<div class=\"rank-math-answer \">\n\n<p>Les t\u00eates de Mochi Gelato ont une teneur en <strong>THC qui varie entre 20% et 25%<\/strong>, ce qui en fait une vari\u00e9t\u00e9 tr\u00e8s puissante. Le contenu en <strong>CBD est faible, inf\u00e9rieur \u00e0 1%<\/strong>, ce qui se traduit par un fort effet psychoactif.<\/p>\n\n<\/div>\n<\/div>\n<div id=\"faq-question-1721821331472\" class=\"rank-math-list-item\">\n<h3 class=\"rank-math-question \">Quels sont les effets de Mochi Gelato ?<\/h3>\n<div class=\"rank-math-answer \">\n\n<p>Mochi Gelato produit des effets tr\u00e8s intenses incluant une relaxation profonde, de la somnolence et une grande dose de bonheur et d&#8217;euphorie. Elle est id\u00e9ale pour se d\u00e9tendre en fin de journ\u00e9e et profiter d&#8217;un \u00e9tat d&#8217;esprit joyeux et calme.<\/p>\n\n<\/div>\n<\/div>\n<\/div>\n<\/div>\n\n","protected":false},"excerpt":{"rendered":"<p><b>Mochi Gelato<\/b> offre une exp\u00e9rience unique avec son <strong>go\u00fbt exceptionnel et ses effets puissants<\/strong>. Id\u00e9ale pour les cultivateurs de tous niveaux, elle garantit des rendements \u00e9lev\u00e9s et une r\u00e9sistance aux parasites. Profitez de <strong>t\u00eates super dures et m\u00e9ga collantes<\/strong> qui vous procureront une relaxation profonde et un<strong> bonheur durable<\/strong>.<\/p>\n","protected":false},"featured_media":14036,"comment_status":"open","ping_status":"closed","template":"","meta":{"_acf_changed":false,"inline_featured_image":false,"_uag_custom_page_level_css":""},"product_brand":[],"product_cat":[1125],"product_tag":[],"class_list":{"0":"post-14002","1":"product","2":"type-product","3":"status-publish","4":"has-post-thumbnail","6":"product_cat-graines-feminisees-en-gros","8":"first","9":"outofstock","10":"taxable","11":"shipping-taxable","12":"purchasable","13":"product-type-simple"},"acf":[],"uagb_featured_image_src":{"full":["https:\/\/bulkgenetics.com\/wp-content\/uploads\/2023\/02\/Mochi-Gelato.jpg",1600,1600,false],"thumbnail":["https:\/\/bulkgenetics.com\/wp-content\/uploads\/2023\/02\/Mochi-Gelato-150x150.jpg",150,150,true],"medium":["https:\/\/bulkgenetics.com\/wp-content\/uploads\/2023\/02\/Mochi-Gelato-300x300.jpg",300,300,true],"medium_large":["https:\/\/bulkgenetics.com\/wp-content\/uploads\/2023\/02\/Mochi-Gelato-768x768.jpg",768,768,true],"large":["https:\/\/bulkgenetics.com\/wp-content\/uploads\/2023\/02\/Mochi-Gelato-1024x1024.jpg",1024,1024,true],"1536x1536":["https:\/\/bulkgenetics.com\/wp-content\/uploads\/2023\/02\/Mochi-Gelato-1536x1536.jpg",1536,1536,true],"2048x2048":["https:\/\/bulkgenetics.com\/wp-content\/uploads\/2023\/02\/Mochi-Gelato.jpg",1600,1600,false],"commercegurus-pdp-large":["https:\/\/bulkgenetics.com\/wp-content\/uploads\/2023\/02\/Mochi-Gelato-990x990.jpg",990,990,true],"commercegurus-plp-mobile":["https:\/\/bulkgenetics.com\/wp-content\/uploads\/2023\/02\/Mochi-Gelato-441x441.jpg",441,441,true],"cgkit_image_swatch":["https:\/\/bulkgenetics.com\/wp-content\/uploads\/2023\/02\/Mochi-Gelato-100x100.jpg",100,100,true],"woocommerce_thumbnail":["https:\/\/bulkgenetics.com\/wp-content\/uploads\/2023\/02\/Mochi-Gelato-300x300.jpg",300,300,true],"woocommerce_single":["https:\/\/bulkgenetics.com\/wp-content\/uploads\/2023\/02\/Mochi-Gelato-800x800.jpg",800,800,true],"woocommerce_gallery_thumbnail":["https:\/\/bulkgenetics.com\/wp-content\/uploads\/2023\/02\/Mochi-Gelato-150x150.jpg",150,150,true],"dgwt-wcas-product-suggestion":["https:\/\/bulkgenetics.com\/wp-content\/uploads\/2023\/02\/Mochi-Gelato-64x64.jpg",64,64,true]},"uagb_author_info":{"display_name":"Bruno Crespo","author_link":"https:\/\/bulkgenetics.com\/fr\/author\/"},"uagb_comment_info":0,"uagb_excerpt":"Mochi Gelato offre une exp\u00e9rience unique avec son go\u00fbt exceptionnel et ses effets puissants. Id\u00e9ale pour les cultivateurs de tous niveaux, elle garantit des rendements \u00e9lev\u00e9s et une r\u00e9sistance aux parasites. Profitez de t\u00eates super dures et m\u00e9ga collantes qui vous procureront une relaxation profonde et un bonheur durable.","_links":{"self":[{"href":"https:\/\/bulkgenetics.com\/fr\/wp-json\/wp\/v2\/product\/14002","targetHints":{"allow":["GET"]}}],"collection":[{"href":"https:\/\/bulkgenetics.com\/fr\/wp-json\/wp\/v2\/product"}],"about":[{"href":"https:\/\/bulkgenetics.com\/fr\/wp-json\/wp\/v2\/types\/product"}],"replies":[{"embeddable":true,"href":"https:\/\/bulkgenetics.com\/fr\/wp-json\/wp\/v2\/comments?post=14002"}],"wp:featuredmedia":[{"embeddable":true,"href":"https:\/\/bulkgenetics.com\/fr\/wp-json\/wp\/v2\/media\/14036"}],"wp:attachment":[{"href":"https:\/\/bulkgenetics.com\/fr\/wp-json\/wp\/v2\/media?parent=14002"}],"wp:term":[{"taxonomy":"product_brand","embeddable":true,"href":"https:\/\/bulkgenetics.com\/fr\/wp-json\/wp\/v2\/product_brand?post=14002"},{"taxonomy":"product_cat","embeddable":true,"href":"https:\/\/bulkgenetics.com\/fr\/wp-json\/wp\/v2\/product_cat?post=14002"},{"taxonomy":"product_tag","embeddable":true,"href":"https:\/\/bulkgenetics.com\/fr\/wp-json\/wp\/v2\/product_tag?post=14002"}],"curies":[{"name":"wp","href":"https:\/\/api.w.org\/{rel}","templated":true}]}}