{"id":14775,"date":"2023-02-14T10:25:34","date_gmt":"2023-02-14T09:25:34","guid":{"rendered":"https:\/\/bulkgenetics.com\/?post_type=product&#038;p=14775"},"modified":"2024-10-08T01:08:57","modified_gmt":"2024-10-07T23:08:57","slug":"alien-rock-candy","status":"publish","type":"product","link":"https:\/\/bulkgenetics.com\/fr\/alien-rock-candy\/","title":{"rendered":"Alien Rock Candy"},"content":{"rendered":"\n<p><strong>Alien Rock Candy<\/strong> est une vari\u00e9t\u00e9 de cannabis qui se distingue dans le monde des graines de marijuana gr\u00e2ce \u00e0 sa g\u00e9n\u00e9tique exceptionnelle. Cette vari\u00e9t\u00e9 est le r\u00e9sultat du croisement entre une <strong><a href=\"https:\/\/bulkgenetics.com\/fr\/sour-diesel\/\">Sour Dubble<\/a><\/strong> et une <strong><a href=\"https:\/\/bulkgenetics.com\/fr\/tahoe-og\/\">Tahoe Alien<\/a><\/strong>, ce qui lui conf\u00e8re un \u00e9quilibre parfait entre ses caract\u00e9ristiques indica et sativa. Cr\u00e9\u00e9e par les experts de Alien Genetics, cette vari\u00e9t\u00e9 a gagn\u00e9 une place sp\u00e9ciale dans le c\u0153ur des cultivateurs et des consommateurs.<\/p>\n\n\n\n<p>La plante pr\u00e9sente une morphologie robuste et vigoureuse, avec une structure qui combine le meilleur de ses parents. Elle se d\u00e9veloppe sous une forme buissonnante et tr\u00e8s ramifi\u00e9e, ce qui la rend id\u00e9ale pour diverses techniques de culture. Ses feuilles sont larges et d&#8217;un vert intense, typiques des vari\u00e9t\u00e9s \u00e0 dominance indica.<\/p>\n\n\n\n<p>Les t\u00eates d&#8217;Alien Rock Candy sont un vrai r\u00e9gal pour les yeux. Grandes et denses, ces t\u00eates sont recouvertes d&#8217;une \u00e9paisse couche de trichomes r\u00e9sineux qui leur donnent un aspect presque cristallin, comme si elles \u00e9taient couvertes d&#8217;une fine couche de neige. Les tons verts des t\u00eates sont rehauss\u00e9s par les pistils d&#8217;un orange vibrant, cr\u00e9ant un contraste visuel impressionnant.<\/p>\n\n\n\n<h2 class=\"wp-block-heading\">Saveur et Effets<\/h2>\n\n\n\n<p>Alien Rock Candy est non seulement un plaisir pour les yeux, mais aussi pour les sens du go\u00fbt et de l&#8217;odorat. Ses t\u00eates d\u00e9gagent un ar\u00f4me intense et d\u00e9licieux, domin\u00e9 par des notes acides de citron vert et de citron, avec des touches sucr\u00e9es que certains d\u00e9crivent comme similaires \u00e0 la boisson Sprite. \u00c0 la consommation, sa saveur ne d\u00e9\u00e7oit pas, offrant un m\u00e9lange d&#8217;agrumes et de douceurs qui ravit le palais.<\/p>\n\n\n\n<p>La teneur en <strong>THC<\/strong> d&#8217;Alien Rock Candy est remarquablement \u00e9lev\u00e9e, atteignant des niveaux allant jusqu&#8217;\u00e0 <strong>24%<\/strong>. Ce puissant cannabino\u00efde garantit des effets forts et durables, commen\u00e7ant par une sensation d&#8217;euphorie et d&#8217;\u00e9nergie qui se transforme ensuite en une relaxation profonde et, \u00e9ventuellement, en sommeil. Elle est parfaite pour ceux qui recherchent un effet \u00e9quilibr\u00e9 qui combine une mont\u00e9e stimulante avec une descente relaxante. La teneur en <strong>CBD<\/strong>, quant \u00e0 elle, est faible, inf\u00e9rieure \u00e0 <strong>1%<\/strong>, ce qui la rend id\u00e9ale pour ceux qui pr\u00e9f\u00e8rent les effets psychoactifs du THC.<\/p>\n\n\n\n<h3 class=\"wp-block-heading\">Terp\u00e8nes d&#8217;Alien Rock Candy<\/h3>\n\n\n\n<p>Les terp\u00e8nes d&#8217;Alien Rock Candy sont responsables de son profil aromatique et de ses effets uniques. Les plus notables incluent :<\/p>\n\n\n\n<ul class=\"wp-block-list\">\n<li><strong>Myrc\u00e8ne:<\/strong> Ce terp\u00e8ne apporte un ar\u00f4me herbac\u00e9 et terreux. Il est connu pour ses propri\u00e9t\u00e9s s\u00e9datives et relaxantes, aidant \u00e0 combattre l&#8217;insomnie et le stress.<\/li>\n\n\n\n<li><strong>Limon\u00e8ne:<\/strong> Avec une odeur caract\u00e9ristique d&#8217;agrumes, le limon\u00e8ne est \u00e9nergisant et am\u00e9liore l&#8217;humeur, en plus d&#8217;avoir des propri\u00e9t\u00e9s anti-inflammatoires et antioxydantes.<\/li>\n\n\n\n<li><strong>Caryophyll\u00e8ne:<\/strong> Ce terp\u00e8ne a un ar\u00f4me \u00e9pic\u00e9 et poivr\u00e9. Il est unique car il peut interagir directement avec les r\u00e9cepteurs cannabino\u00efdes du corps, fournissant des effets anti-inflammatoires et analg\u00e9siques.<\/li>\n\n\n\n<li><strong>Pin\u00e8ne:<\/strong> Avec un ar\u00f4me de pin frais, le pin\u00e8ne est connu pour ses propri\u00e9t\u00e9s anti-inflammatoires et sa capacit\u00e9 \u00e0 am\u00e9liorer la m\u00e9moire et la concentration.<\/li>\n<\/ul>\n\n\n\n<p>Ces terp\u00e8nes enrichissent non seulement l&#8217;exp\u00e9rience sensorielle d&#8217;Alien Rock Candy, mais apportent \u00e9galement des avantages th\u00e9rapeutiques, faisant de cette vari\u00e9t\u00e9 une option polyvalente tant pour un usage r\u00e9cr\u00e9atif que m\u00e9dical.<\/p>\n\n\n\n<h2 class=\"wp-block-heading\">Production et Temps de Floraison<\/h2>\n\n\n\n<p>Alien Rock Candy est une vari\u00e9t\u00e9 qui offre une production impressionnante tant en int\u00e9rieur qu&#8217;en ext\u00e9rieur, rendant chaque culture rentable. En int\u00e9rieur, cette vari\u00e9t\u00e9 est parfaite pour des techniques de culture comme le SCROG, o\u00f9 quelques plantes peuvent couvrir toute la surface de la tente en quelques semaines. Avec une lampe LED de 300-350 W, il est possible d&#8217;obtenir jusqu&#8217;\u00e0 <strong>500 grammes<\/strong> par m\u00e8tre carr\u00e9 de t\u00eates spectaculaires. Le temps de floraison en int\u00e9rieur est relativement court, \u00e9tant de seulement <strong>7-8 semaines<\/strong> depuis le changement de photop\u00e9riode \u00e0 floraison.<\/p>\n\n\n\n<p>En ext\u00e9rieur, elle montre \u00e9galement tout son potentiel. Les plantes peuvent atteindre jusqu&#8217;\u00e0 2 m\u00e8tres de hauteur, et avec des conditions ad\u00e9quates, il est possible d&#8217;obtenir une production de <strong>700 \u00e0 900 grammes par plante<\/strong>. La r\u00e9colte en ext\u00e9rieur se fait g\u00e9n\u00e9ralement entre <strong>fin septembre et d\u00e9but octobre<\/strong>, selon la latitude et les conditions climatiques sp\u00e9cifiques.<\/p>\n\n\n\n<p>Cette combinaison de haute production et de temps de floraison rapide fait d&#8217;Alien Rock Candy un choix exceptionnel pour les cultivateurs cherchant \u00e0 maximiser leur rendement sans compromettre la qualit\u00e9. Que ce soit en int\u00e9rieur ou en ext\u00e9rieur, cette vari\u00e9t\u00e9 ne vous d\u00e9cevra pas.<\/p>\n\n\n\n<h2 class=\"wp-block-heading\">Comment Cultiver Alien Rock Candy<\/h2>\n\n\n\n<p>Alien Rock Candy est une vari\u00e9t\u00e9 que nous recommandons tant aux cultivateurs d\u00e9butants qu&#8217;aux plus exp\u00e9riment\u00e9s. Sa <strong>facilit\u00e9 de culture<\/strong> est \u00e9lev\u00e9e, car elle est une plante assez r\u00e9sistante et facile \u00e0 g\u00e9rer. Elle pousse vigoureusement et r\u00e9agit bien \u00e0 diverses techniques de taille et de formation, comme le topping et le SCROG.<\/p>\n\n\n\n<p>Pour obtenir les meilleurs r\u00e9sultats, Alien Rock Candy pr\u00e9f\u00e8re un <strong>climat chaud et ensoleill\u00e9<\/strong>, similaire \u00e0 celui du bassin m\u00e9diterran\u00e9en. En int\u00e9rieur, il est crucial de maintenir une bonne circulation de l&#8217;air et de contr\u00f4ler l&#8217;humidit\u00e9, surtout pendant la phase de floraison, pour pr\u00e9venir les probl\u00e8mes de moisissure et de champignons. Cette vari\u00e9t\u00e9 s&#8217;adapte \u00e9galement bien \u00e0 diff\u00e9rents substrats de culture, y compris la terre, la fibre de coco et les syst\u00e8mes hydroponiques.<\/p>\n\n\n\n<p>Une autre caract\u00e9ristique remarquable est sa <strong>r\u00e9sistance aux nuisibles et aux maladies<\/strong>. Cela la rend id\u00e9ale pour ceux qui recherchent une vari\u00e9t\u00e9 robuste ne n\u00e9cessitant pas une attention constante. Cependant, il est toujours recommand\u00e9 de maintenir une surveillance ad\u00e9quate et d&#8217;appliquer des pratiques de culture propres pour assurer une r\u00e9colte saine et abondante.<\/p>\n\n\n\n<div style=\"height:50px\" aria-hidden=\"true\" class=\"wp-block-spacer uag-hide-mob\"><\/div>\n\n\n\n<div class=\"wp-block-columns is-layout-flex wp-container-core-columns-is-layout-28f84493 wp-block-columns-is-layout-flex\">\n<div class=\"wp-block-column is-layout-flow wp-block-column-is-layout-flow\">\n<p class=\"has-text-align-center has-medium-font-size\"><strong>Ce que nous aimons le plus<\/strong><\/p>\n\n\n\n<ul class=\"wp-block-list\">\n<li>Tr\u00e8s facile \u00e0 cultiver, id\u00e9al pour les d\u00e9butants.<\/li>\n\n\n\n<li>Production \u00e9lev\u00e9e tant en int\u00e9rieur qu&#8217;en ext\u00e9rieur.<\/li>\n\n\n\n<li>D\u00e9licieux go\u00fbt de citron vert et de citron, avec des touches sucr\u00e9es.<\/li>\n\n\n\n<li>Effets puissants et \u00e9quilibr\u00e9s, parfaits pour se d\u00e9tendre.<\/li>\n\n\n\n<li>Haute r\u00e9sistance aux nuisibles et aux maladies.<\/li>\n<\/ul>\n<\/div>\n\n\n\n<div class=\"wp-block-column is-layout-flow wp-block-column-is-layout-flow\">\n<p class=\"has-text-align-center has-medium-font-size\"><strong>Ce que nous aimons le moins<\/strong><\/p>\n\n\n\n<ul class=\"wp-block-list\">\n<li>Peut \u00eatre assez odorante pendant la floraison, n\u00e9cessitant un bon syst\u00e8me de filtration en int\u00e9rieur.<\/li>\n\n\n\n<li>La teneur en CBD est faible, ce qui peut ne pas \u00eatre id\u00e9al pour ceux qui recherchent des effets m\u00e9dicinaux sp\u00e9cifiques au CBD.<\/li>\n<\/ul>\n<\/div>\n<\/div>\n\n\n\n<div style=\"height:50px\" aria-hidden=\"true\" class=\"wp-block-spacer uag-hide-mob\"><\/div>\n\n\n\n<h2 class=\"wp-block-heading\">Questions Fr\u00e9quemment Pos\u00e9es<\/h2>\n\n\n\n<p>Vous trouverez ci-dessous les r\u00e9ponses aux questions les plus fr\u00e9quentes que peuvent se poser les cultivateurs int\u00e9ress\u00e9s par cette g\u00e9n\u00e9tique :<\/p>\n\n\n<div id=\"rank-math-faq\" class=\"rank-math-block\">\n<div class=\"rank-math-list \">\n<div id=\"faq-question-1676366794372\" class=\"rank-math-list-item\">\n<h3 class=\"rank-math-question \">Alien Rock Candy est-elle une sativa ou une indica ?<\/h3>\n<div class=\"rank-math-answer \">\n\n<p>Alien Rock Candy est une vari\u00e9t\u00e9 principalement indica, avec 60% de g\u00e9n\u00e9tique indica et 40% de g\u00e9n\u00e9tique sativa. Les vari\u00e9t\u00e9s indica offrent g\u00e9n\u00e9ralement des effets plus relaxants et s\u00e9datifs, id\u00e9aux pour une utilisation nocturne, tandis que les sativas tendent \u00e0 offrir une exp\u00e9rience plus \u00e9nergisante et c\u00e9r\u00e9brale, parfaite pour la journ\u00e9e.<\/p>\n\n<\/div>\n<\/div>\n<div id=\"faq-question-1721825895234\" class=\"rank-math-list-item\">\n<h3 class=\"rank-math-question \">Quel croisement est Alien Rock Candy ?<\/h3>\n<div class=\"rank-math-answer \">\n\n<p>Alien Rock Candy est le r\u00e9sultat du croisement entre Sour Dubble et Tahoe Alien, combinant le meilleur des deux g\u00e9n\u00e9tiques pour cr\u00e9er une vari\u00e9t\u00e9 unique avec un profil de saveur et des effets exceptionnels.<\/p>\n\n<\/div>\n<\/div>\n<div id=\"faq-question-1663029074962\" class=\"rank-math-list-item\">\n<h3 class=\"rank-math-question \">Quand commence la floraison de l&#8217;Alien Rock Candy en ext\u00e9rieur ?<\/h3>\n<div class=\"rank-math-answer \">\n\n<p>La floraison de l&#8217;Alien Rock Candy en ext\u00e9rieur commence g\u00e9n\u00e9ralement pendant la premi\u00e8re quinzaine du mois d&#8217;ao\u00fbt, en fonction de la latitude et des conditions climatiques sp\u00e9cifiques.<\/p>\n\n<\/div>\n<\/div>\n<div id=\"faq-question-1663029159933\" class=\"rank-math-list-item\">\n<h3 class=\"rank-math-question \">Quand r\u00e9colter une Alien Rock Candy en ext\u00e9rieur ?<\/h3>\n<div class=\"rank-math-answer \">\n\n<p>Alien Rock Candy est une vari\u00e9t\u00e9 \u00e0 floraison rapide qui se r\u00e9colte entre fin septembre et d\u00e9but octobre en ext\u00e9rieur. En int\u00e9rieur, le temps de floraison est de 7 \u00e0 8 semaines \u00e0 partir du changement de photop\u00e9riode \u00e0 floraison.<\/p>\n\n<\/div>\n<\/div>\n<div id=\"faq-question-1663029165861\" class=\"rank-math-list-item\">\n<h3 class=\"rank-math-question \">Comment cultiver une Alien Rock Candy f\u00e9minis\u00e9e ?<\/h3>\n<div class=\"rank-math-answer \">\n\n<p>Alien Rock Candy est une plante facile \u00e0 cultiver qui appr\u00e9cie les tailles fr\u00e9quentes pour acqu\u00e9rir une structure buissonnante et tr\u00e8s ramifi\u00e9e. Elle s&#8217;adapte bien \u00e0 diff\u00e9rents substrats de culture, y compris la terre, la fibre de coco et les syst\u00e8mes hydroponiques. Elle pr\u00e9f\u00e8re un climat chaud et ensoleill\u00e9, similaire \u00e0 celui du bassin m\u00e9diterran\u00e9en, et est r\u00e9sistante aux nuisibles et aux maladies.<\/p>\n\n<\/div>\n<\/div>\n<div id=\"faq-question-1666780029954\" class=\"rank-math-list-item\">\n<h3 class=\"rank-math-question \">Quels sont les effets de l&#8217;Alien Rock Candy en gros ?<\/h3>\n<div class=\"rank-math-answer \">\n\n<p>Les effets de l&#8217;Alien Rock Candy sont tr\u00e8s puissants et \u00e9quilibr\u00e9s. Ils commencent par une sensation d&#8217;euphorie et d&#8217;\u00e9nergie, suivie d&#8217;une relaxation profonde et, \u00e9ventuellement, de sommeil. Elle est parfaite pour ceux qui recherchent un effet combinant une mont\u00e9e stimulante avec une descente relaxante.<\/p>\n\n<\/div>\n<\/div>\n<div id=\"faq-question-1721825961383\" class=\"rank-math-list-item\">\n<h3 class=\"rank-math-question \">Quel est le go\u00fbt de l&#8217;Alien Rock Candy ?<\/h3>\n<div class=\"rank-math-answer \">\n\n<p>Alien Rock Candy offre un d\u00e9licieux go\u00fbt de citron vert et de citron, avec des touches sucr\u00e9es que certains d\u00e9crivent comme similaires \u00e0 la boisson Sprite. Son ar\u00f4me est tout aussi intense et agr\u00e9able, domin\u00e9 par des notes d&#8217;agrumes et de douceurs.<\/p>\n\n<\/div>\n<\/div>\n<div id=\"faq-question-1721825963251\" class=\"rank-math-list-item\">\n<h3 class=\"rank-math-question \">Quel est le contenu en cannabino\u00efdes de l&#8217;Alien Rock Candy ?<\/h3>\n<div class=\"rank-math-answer \">\n\n<p>Alien Rock Candy a une teneur en THC remarquablement \u00e9lev\u00e9e, atteignant des niveaux allant jusqu&#8217;\u00e0 24%. La teneur en CBD est faible, inf\u00e9rieure \u00e0 1%, ce qui la rend id\u00e9ale pour ceux qui pr\u00e9f\u00e8rent les effets psychoactifs du THC.<\/p>\n\n<\/div>\n<\/div>\n<\/div>\n<\/div>\n","protected":false},"excerpt":{"rendered":"<p><b>Alien Rock Candy<\/b> est le choix parfait pour ceux qui recherchent une exp\u00e9rience de culture facile et une r\u00e9colte abondante. Profitez d&#8217;une <strong>saveur d&#8217;agrumes et de douceurs<\/strong> incomparable, accompagn\u00e9e de <strong>effets puissants et \u00e9quilibr\u00e9s<\/strong> qui procurent euphorie et relaxation profonde. Id\u00e9ale pour les cultivateurs d\u00e9butants comme exp\u00e9riment\u00e9s.<\/p>\n","protected":false},"featured_media":26971,"comment_status":"open","ping_status":"closed","template":"","meta":{"_acf_changed":false,"inline_featured_image":false,"_uag_custom_page_level_css":""},"product_brand":[],"product_cat":[1125],"product_tag":[],"class_list":{"0":"post-14775","1":"product","2":"type-product","3":"status-publish","4":"has-post-thumbnail","6":"product_cat-graines-feminisees-en-gros","8":"first","9":"instock","10":"taxable","11":"shipping-taxable","12":"purchasable","13":"product-type-simple"},"acf":[],"uagb_featured_image_src":{"full":["https:\/\/bulkgenetics.com\/wp-content\/uploads\/2023\/02\/alien-rock-candy-strain-feminized-cannabis-seeds.jpg",1600,1600,false],"thumbnail":["https:\/\/bulkgenetics.com\/wp-content\/uploads\/2023\/02\/alien-rock-candy-strain-feminized-cannabis-seeds-150x150.jpg",150,150,true],"medium":["https:\/\/bulkgenetics.com\/wp-content\/uploads\/2023\/02\/alien-rock-candy-strain-feminized-cannabis-seeds-300x300.jpg",300,300,true],"medium_large":["https:\/\/bulkgenetics.com\/wp-content\/uploads\/2023\/02\/alien-rock-candy-strain-feminized-cannabis-seeds-768x768.jpg",768,768,true],"large":["https:\/\/bulkgenetics.com\/wp-content\/uploads\/2023\/02\/alien-rock-candy-strain-feminized-cannabis-seeds-1024x1024.jpg",1024,1024,true],"1536x1536":["https:\/\/bulkgenetics.com\/wp-content\/uploads\/2023\/02\/alien-rock-candy-strain-feminized-cannabis-seeds-1536x1536.jpg",1536,1536,true],"2048x2048":["https:\/\/bulkgenetics.com\/wp-content\/uploads\/2023\/02\/alien-rock-candy-strain-feminized-cannabis-seeds.jpg",1600,1600,false],"commercegurus-pdp-large":["https:\/\/bulkgenetics.com\/wp-content\/uploads\/2023\/02\/alien-rock-candy-strain-feminized-cannabis-seeds-990x990.jpg",990,990,true],"commercegurus-plp-mobile":["https:\/\/bulkgenetics.com\/wp-content\/uploads\/2023\/02\/alien-rock-candy-strain-feminized-cannabis-seeds-441x441.jpg",441,441,true],"cgkit_image_swatch":["https:\/\/bulkgenetics.com\/wp-content\/uploads\/2023\/02\/alien-rock-candy-strain-feminized-cannabis-seeds-100x100.jpg",100,100,true],"woocommerce_thumbnail":["https:\/\/bulkgenetics.com\/wp-content\/uploads\/2023\/02\/alien-rock-candy-strain-feminized-cannabis-seeds-300x300.jpg",300,300,true],"woocommerce_single":["https:\/\/bulkgenetics.com\/wp-content\/uploads\/2023\/02\/alien-rock-candy-strain-feminized-cannabis-seeds-800x800.jpg",800,800,true],"woocommerce_gallery_thumbnail":["https:\/\/bulkgenetics.com\/wp-content\/uploads\/2023\/02\/alien-rock-candy-strain-feminized-cannabis-seeds-150x150.jpg",150,150,true],"dgwt-wcas-product-suggestion":["https:\/\/bulkgenetics.com\/wp-content\/uploads\/2023\/02\/alien-rock-candy-strain-feminized-cannabis-seeds-64x64.jpg",64,64,true]},"uagb_author_info":{"display_name":"Bruno Crespo","author_link":"https:\/\/bulkgenetics.com\/fr\/author\/"},"uagb_comment_info":2,"uagb_excerpt":"Alien Rock Candy est le choix parfait pour ceux qui recherchent une exp\u00e9rience de culture facile et une r\u00e9colte abondante. Profitez d'une saveur d'agrumes et de douceurs incomparable, accompagn\u00e9e de effets puissants et \u00e9quilibr\u00e9s qui procurent euphorie et relaxation profonde. Id\u00e9ale pour les cultivateurs d\u00e9butants comme exp\u00e9riment\u00e9s.","_links":{"self":[{"href":"https:\/\/bulkgenetics.com\/fr\/wp-json\/wp\/v2\/product\/14775","targetHints":{"allow":["GET"]}}],"collection":[{"href":"https:\/\/bulkgenetics.com\/fr\/wp-json\/wp\/v2\/product"}],"about":[{"href":"https:\/\/bulkgenetics.com\/fr\/wp-json\/wp\/v2\/types\/product"}],"replies":[{"embeddable":true,"href":"https:\/\/bulkgenetics.com\/fr\/wp-json\/wp\/v2\/comments?post=14775"}],"wp:featuredmedia":[{"embeddable":true,"href":"https:\/\/bulkgenetics.com\/fr\/wp-json\/wp\/v2\/media\/26971"}],"wp:attachment":[{"href":"https:\/\/bulkgenetics.com\/fr\/wp-json\/wp\/v2\/media?parent=14775"}],"wp:term":[{"taxonomy":"product_brand","embeddable":true,"href":"https:\/\/bulkgenetics.com\/fr\/wp-json\/wp\/v2\/product_brand?post=14775"},{"taxonomy":"product_cat","embeddable":true,"href":"https:\/\/bulkgenetics.com\/fr\/wp-json\/wp\/v2\/product_cat?post=14775"},{"taxonomy":"product_tag","embeddable":true,"href":"https:\/\/bulkgenetics.com\/fr\/wp-json\/wp\/v2\/product_tag?post=14775"}],"curies":[{"name":"wp","href":"https:\/\/api.w.org\/{rel}","templated":true}]}}