{"id":14789,"date":"2023-02-14T12:42:11","date_gmt":"2023-02-14T11:42:11","guid":{"rendered":"https:\/\/bulkgenetics.com\/?post_type=product&#038;p=14789"},"modified":"2024-10-08T01:08:56","modified_gmt":"2024-10-07T23:08:56","slug":"deimos-auto","status":"publish","type":"product","link":"https:\/\/bulkgenetics.com\/fr\/deimos-auto\/","title":{"rendered":"Deimos Auto"},"content":{"rendered":"\n<p><strong>Deimos Auto<\/strong> est l&#8217;une des autofloraison les plus cultiv\u00e9es dans le monde, connue pour sa fiabilit\u00e9 et sa production abondante. Personne ne pourra r\u00e9sister \u00e0 ses charmes, elle est tout simplement parfaite.<\/p>\n\n\n\n<p>Cette souche est l&#8217;une des vedettes du catalogue de Budha Seeds. Elle a une forte dominance Indica et c&#8217;est le r\u00e9sultat d&#8217;un grand travail de croisement en partant de la <a href=\"https:\/\/bulkgenetics.com\/fr\/northern-lights\/\"><strong>Northern Lights<\/strong><\/a> et une vari\u00e9t\u00e9 <strong>Ruderalis<\/strong>. Apr\u00e8s plusieurs s\u00e9lections \u00e0 la recherche des ph\u00e9notypes les plus ramifi\u00e9s et sept g\u00e9n\u00e9rations plus tard, voici une plante qui surprendra tous les cultivateurs.<\/p>\n\n\n\n<h2 class=\"wp-block-heading\">Comment cultiver la Deimos Auto<\/h2>\n\n\n\n<p>Comme n&#8217;importe quel autofloraison, les graines en vrac Deimos appr\u00e9cient les longues journ\u00e9es particuli\u00e8rement ensoleill\u00e9es ou avec une photop\u00e9riode de 18\/6 si elle se cultive en int\u00e9rieur.<\/p>\n\n\n\n<p>Pour quelle pousse le plus possible, nous vous recommandons d&#8217;utiliser un grand pot de 20 L depuis le d\u00e9part de la culture. Ainsi les plantes pousseront sans interruption jusqu&#8217;au d\u00e9but de floraison, sans la coupure typique li\u00e9 au rempotage. En int\u00e9rieur, il est possible d&#8217;utiliser des pots plus petits afin de conserver 9 plantes par m\u00b2 de culture.<\/p>\n\n\n\n<p>Depuis la germination, Deimos Auto dure seulement <strong>70-75 jours pour \u00eatre pr\u00eate pour la r\u00e9colte<\/strong>. Gr\u00e2ce \u00e0 sa rapidit\u00e9, il est possible d&#8217;effectuer deux cultures cons\u00e9cutives durant la saison en ext\u00e9rieur. Il est m\u00eame possible de faire trois cultures dans les r\u00e9gions avec un d\u00e9but d&#8217;automne sec.<\/p>\n\n\n\n<h2 class=\"wp-block-heading\">Caract\u00e9ristiques de la Deimos Auto<\/h2>\n\n\n\n<p>L&#8217;une des grandes caract\u00e9ristiques de cette vari\u00e9t\u00e9 est sa grande production. Elle propose une \u00e9norme t\u00eate centrale entour\u00e9e par de nombreuses branches secondaires \u00e9galement volumineuses et tr\u00e8s compactes. La quantit\u00e9 de r\u00e9sine la rend \u00e9galement adapt\u00e9e pour tout type d&#8217;extractions.<\/p>\n\n\n\n<p>La <strong>saveur<\/strong> est tr\u00e8s intense et h\u00e9rite des saveurs douces de la m\u00e8re Northern Lights. L&#8217;<strong>ar\u00f4me<\/strong> est, par contre, particuli\u00e8rement discret, m\u00eame durant la phase de floraison.<\/p>\n\n\n\n<p>Les <strong>effets<\/strong> sont sp\u00e9cialement relaxants et introspectifs. Id\u00e9al pour lire ou regarder un film. Avec des doses plus importantes, l&#8217;effet produit bloque quasiment le corps, mais permet de conserver une sensation de bonheur mental.<\/p>\n\n\n\n<p>Les rendements de la Deimos Auto en vrac sont spectaculaires en prenant en compte sa taille compacte. En ext\u00e9rieur, les plantes atteignent une taille d&#8217;un m\u00e8tre pour une production pouvant atteindre <strong>125 g<\/strong>. En int\u00e9rieur et avec une ampoule LED de 300-350 W, il sera possible d&#8217;obtenir plus de <strong>500 g par m\u00b2<\/strong>.<\/p>\n\n\n\n<div style=\"height:50px\" aria-hidden=\"true\" class=\"wp-block-spacer uag-hide-mob\"><\/div>\n\n\n\n<div class=\"wp-block-columns is-layout-flex wp-container-core-columns-is-layout-28f84493 wp-block-columns-is-layout-flex\">\n<div class=\"wp-block-column is-layout-flow wp-block-column-is-layout-flow\">\n<p class=\"has-text-align-center has-medium-font-size\"><strong>Ce que nous aimons le plus<\/strong><\/p>\n\n\n\n<ul class=\"wp-block-list\">\n<li>Tr\u00e8s facile \u00e0 cultiver.<\/li>\n\n\n\n<li>Production tr\u00e8s \u00e9lev\u00e9e.<\/li>\n\n\n\n<li>Elle est r\u00e9colt\u00e9e en seulement 75 jours.<\/li>\n\n\n\n<li>Des effets tr\u00e8s relaxants et heureux.<\/li>\n\n\n\n<li>Son prix.<\/li>\n<\/ul>\n<\/div>\n\n\n\n<div class=\"wp-block-column is-layout-flow wp-block-column-is-layout-flow\">\n<p class=\"has-text-align-center has-medium-font-size\"><strong>Ce que nous aimons le moins<\/strong><\/p>\n\n\n\n<ul class=\"wp-block-list\">\n<li>Effets tr\u00e8s narcotiques \u00e0 dose \u00e9lev\u00e9e<\/li>\n<\/ul>\n<\/div>\n<\/div>\n\n\n\n<div style=\"height:50px\" aria-hidden=\"true\" class=\"wp-block-spacer uag-hide-mob\"><\/div>\n\n\n\n<h2 class=\"wp-block-heading\">Questions fr\u00e9quemment pos\u00e9es<\/h2>\n\n\n\n<p>Retrouvez \u00e0 pr\u00e9sent les questions les plus fr\u00e9quentes pos\u00e9es par les cultivateurs int\u00e9ress\u00e9s par ces graines bon march\u00e9 :<\/p>\n\n\n<div id=\"rank-math-faq\" class=\"rank-math-block\">\n<div class=\"rank-math-list \">\n<div id=\"faq-question-1663029074962\" class=\"rank-math-list-item\">\n<h3 class=\"rank-math-question \">Quel est le temps de culture complet de la Deimos Auto ?<\/h3>\n<div class=\"rank-math-answer \">\n\n<p>Cette vari\u00e9t\u00e9 se r\u00e9colte 75 jours apr\u00e8s la germination. Certains ph\u00e9notypes sont m\u00eame plus rapides.<\/p>\n\n<\/div>\n<\/div>\n<div id=\"faq-question-1663029159933\" class=\"rank-math-list-item\">\n<h3 class=\"rank-math-question \">Comment cultiver une Deimos Auto f\u00e9minis\u00e9e ?<\/h3>\n<div class=\"rank-math-answer \">\n\n<p>C&#8217;est une plante facile \u00e0 cultiver et qui a beaucoup \u00e0 offrir. Utilisez de grands pots et \u00e9vitez les rempotages. Elles grandiront ainsi au maximum avant de commencer la floraison.<\/p>\n\n<\/div>\n<\/div>\n<div id=\"faq-question-1663029165861\" class=\"rank-math-list-item\">\n<h3 class=\"rank-math-question \">Quelle production esp\u00e9rer avec une Deimos Auto?<\/h3>\n<div class=\"rank-math-answer \">\n\n<p>En ext\u00e9rieur, le rendement peut atteindre les 125 g pour les plantes les plus grandes. En int\u00e9rieur, avec une ampoule LED de 300 W, il sera possible d&#8217;obtenir 500 g par m\u00b2.<\/p>\n\n<\/div>\n<\/div>\n<div id=\"faq-question-1666780029954\" class=\"rank-math-list-item\">\n<h3 class=\"rank-math-question \">Quelles sont les caract\u00e9ristiques de la Deimos Auto en vrac ?<\/h3>\n<div class=\"rank-math-answer \">\n\n<p>C&#8217;est une plante facile \u00e0 cultiver et qui produit une grande t\u00eate centrale et de nombreuses t\u00eates satellites \u00e9normes. En int\u00e9rieur, il sera possible de cultiver sans filtre \u00e0 charbon gr\u00e2ce \u00e0 son odeur tr\u00e8s discr\u00e8te.<\/p>\n\n<\/div>\n<\/div>\n<\/div>\n<\/div>","protected":false},"excerpt":{"rendered":"<p>Deimos Auto est l&#8217;une des vari\u00e9t\u00e9s autofloraisons les plus connues et les cultiv\u00e9es dans le monde. Il s&#8217;agit d&#8217;un croisement Northern Lights x Ruderalis tr\u00e8s simple \u00e0 cultiver et sp\u00e9cialement productif. Les t\u00eates secondaires sont grosses et entourent une branche principale \u00e9norme, aussi bien en volume qu&#8217;en production de r\u00e9sine. Les effets sont tr\u00e8s relaxants et introspectifs. Elle est capable de coucher m\u00eame les plus exp\u00e9riment\u00e9s.<\/p>\n","protected":false},"featured_media":14849,"comment_status":"open","ping_status":"closed","template":"","meta":{"_acf_changed":false,"inline_featured_image":false,"_uag_custom_page_level_css":""},"product_brand":[],"product_cat":[2265],"product_tag":[],"class_list":{"0":"post-14789","1":"product","2":"type-product","3":"status-publish","4":"has-post-thumbnail","6":"product_cat-graines-autofloraison-en-gros","8":"first","9":"instock","10":"taxable","11":"shipping-taxable","12":"purchasable","13":"product-type-simple"},"acf":[],"uagb_featured_image_src":{"full":["https:\/\/bulkgenetics.com\/wp-content\/uploads\/2023\/02\/Deimos-Auto.jpg",1600,1600,false],"thumbnail":["https:\/\/bulkgenetics.com\/wp-content\/uploads\/2023\/02\/Deimos-Auto-150x150.jpg",150,150,true],"medium":["https:\/\/bulkgenetics.com\/wp-content\/uploads\/2023\/02\/Deimos-Auto-300x300.jpg",300,300,true],"medium_large":["https:\/\/bulkgenetics.com\/wp-content\/uploads\/2023\/02\/Deimos-Auto-768x768.jpg",768,768,true],"large":["https:\/\/bulkgenetics.com\/wp-content\/uploads\/2023\/02\/Deimos-Auto-1024x1024.jpg",1024,1024,true],"1536x1536":["https:\/\/bulkgenetics.com\/wp-content\/uploads\/2023\/02\/Deimos-Auto-1536x1536.jpg",1536,1536,true],"2048x2048":["https:\/\/bulkgenetics.com\/wp-content\/uploads\/2023\/02\/Deimos-Auto.jpg",1600,1600,false],"commercegurus-pdp-large":["https:\/\/bulkgenetics.com\/wp-content\/uploads\/2023\/02\/Deimos-Auto-990x990.jpg",990,990,true],"commercegurus-plp-mobile":["https:\/\/bulkgenetics.com\/wp-content\/uploads\/2023\/02\/Deimos-Auto-441x441.jpg",441,441,true],"cgkit_image_swatch":["https:\/\/bulkgenetics.com\/wp-content\/uploads\/2023\/02\/Deimos-Auto-100x100.jpg",100,100,true],"woocommerce_thumbnail":["https:\/\/bulkgenetics.com\/wp-content\/uploads\/2023\/02\/Deimos-Auto-300x300.jpg",300,300,true],"woocommerce_single":["https:\/\/bulkgenetics.com\/wp-content\/uploads\/2023\/02\/Deimos-Auto-800x800.jpg",800,800,true],"woocommerce_gallery_thumbnail":["https:\/\/bulkgenetics.com\/wp-content\/uploads\/2023\/02\/Deimos-Auto-150x150.jpg",150,150,true],"dgwt-wcas-product-suggestion":["https:\/\/bulkgenetics.com\/wp-content\/uploads\/2023\/02\/Deimos-Auto-64x64.jpg",64,64,true]},"uagb_author_info":{"display_name":"\u00c1ngel Flores","author_link":"https:\/\/bulkgenetics.com\/fr\/author\/"},"uagb_comment_info":0,"uagb_excerpt":"Deimos Auto est l'une des vari\u00e9t\u00e9s autofloraisons les plus connues et les cultiv\u00e9es dans le monde. Il s'agit d'un croisement Northern Lights x Ruderalis tr\u00e8s simple \u00e0 cultiver et sp\u00e9cialement productif. Les t\u00eates secondaires sont grosses et entourent une branche principale \u00e9norme, aussi bien en volume qu'en production de r\u00e9sine. Les effets sont tr\u00e8s relaxants\u2026","_links":{"self":[{"href":"https:\/\/bulkgenetics.com\/fr\/wp-json\/wp\/v2\/product\/14789","targetHints":{"allow":["GET"]}}],"collection":[{"href":"https:\/\/bulkgenetics.com\/fr\/wp-json\/wp\/v2\/product"}],"about":[{"href":"https:\/\/bulkgenetics.com\/fr\/wp-json\/wp\/v2\/types\/product"}],"replies":[{"embeddable":true,"href":"https:\/\/bulkgenetics.com\/fr\/wp-json\/wp\/v2\/comments?post=14789"}],"wp:featuredmedia":[{"embeddable":true,"href":"https:\/\/bulkgenetics.com\/fr\/wp-json\/wp\/v2\/media\/14849"}],"wp:attachment":[{"href":"https:\/\/bulkgenetics.com\/fr\/wp-json\/wp\/v2\/media?parent=14789"}],"wp:term":[{"taxonomy":"product_brand","embeddable":true,"href":"https:\/\/bulkgenetics.com\/fr\/wp-json\/wp\/v2\/product_brand?post=14789"},{"taxonomy":"product_cat","embeddable":true,"href":"https:\/\/bulkgenetics.com\/fr\/wp-json\/wp\/v2\/product_cat?post=14789"},{"taxonomy":"product_tag","embeddable":true,"href":"https:\/\/bulkgenetics.com\/fr\/wp-json\/wp\/v2\/product_tag?post=14789"}],"curies":[{"name":"wp","href":"https:\/\/api.w.org\/{rel}","templated":true}]}}