{"id":15501,"date":"2023-03-07T11:20:38","date_gmt":"2023-03-07T10:20:38","guid":{"rendered":"https:\/\/bulkgenetics.com\/?post_type=product&#038;p=15501"},"modified":"2024-10-08T01:08:55","modified_gmt":"2024-10-07T23:08:55","slug":"black-zkittlez-wood-fast-version","status":"publish","type":"product","link":"https:\/\/bulkgenetics.com\/fr\/black-zkittlez-wood-fast-version\/","title":{"rendered":"Black Zkittlez Wood Fast Version"},"content":{"rendered":"\n<p><strong>Black Zkittlez Wood Fast Version<\/strong> est l&#8217;une des vari\u00e9t\u00e9s de floraison rapide les plus r\u00e9centes de notre catalogue. Nous sommes persuad\u00e9s qu&#8217;elle deviendra l&#8217;une des favorites de nos clients tr\u00e8s rapidement.<\/p>\n\n\n\n<p>Pour sa cr\u00e9ation, nous avons s\u00e9lectionn\u00e9 une <strong>Zkittles Wood<\/strong>, g\u00e9n\u00e9tique provenant d&#8217;un croisement de <a href=\"https:\/\/bulkgenetics.com\/fr\/zkittlez\/\" target=\"_blank\" rel=\"noreferrer noopener\"><strong>Zkittlez<\/strong><\/a> x <strong>Kirkwood<\/strong> connue pour ses saveurs d\u00e9licieuses et ses effets puissants, avec notre <strong>Black Domina Auto<\/strong>. Le r\u00e9sultat de ce premier croisement est un hybride F1 qui n&#8217;h\u00e9rite pas du g\u00e8ne autofloraison, mais propose simplement un temps de floraison r\u00e9duit.<\/p>\n\n\n\n<h2 class=\"wp-block-heading\">Comment cultiver une <strong>Black Zkittlez Wood Fast Version<\/strong><\/h2>\n\n\n\n<p>C&#8217;est une souche simple \u00e0 cultiver par tous les cultivateurs qui pourront facilement obtenir le meilleur. Si votre climat le permet, commencez la saison au d\u00e9but du printemps et vous obtiendrez de <strong>grandes plantes de 2-2,5 m\u00e8tres de haut<\/strong>, aussi larges que hautes. <\/p>\n\n\n\n<p>La floraison est si rapide que vous pourrez r\u00e9colter avant l&#8217;arriv\u00e9e des premi\u00e8res pluies d&#8217;automne. En g\u00e9n\u00e9ral, elle se r\u00e9colte \u00e0 la <strong>mi-septembre<\/strong>, avec certains ph\u00e9notypes encore plus<\/p>\n\n\n\n<p>En <strong>int\u00e9rieur<\/strong>, elle s&#8217;adapte tr\u00e8s bien et ne causera pas de probl\u00e8me de hauteur. Nous vous recommandons une densit\u00e9 de <strong>9 plantes par m\u00b2<\/strong> . Vous pouvez en mettre moins et r\u00e9aliser des tailles apicales pour multiplier le nombre de t\u00eates.<\/p>\n\n\n\n<p>Depuis le changement de photop\u00e9riode, le temps de floraison est de <strong>seulement 50-55 jours<\/strong>. Vous serez surpris de la rapidit\u00e9 avec laquelle les fleurs grossissent.<\/p>\n\n\n\n<h2 class=\"wp-block-heading\">Caract\u00e9ristiques de la <strong>Black Zkittlez Wood Fast Version<\/strong><\/h2>\n\n\n\n<p>Les t\u00eates sont tr\u00e8s all\u00e9chantes visuellement. En plus d&#8217;\u00eatre grande, les t\u00eates sont extr\u00eamement dures et se couvrent d&#8217;une \u00e9paisse couche blanche de r\u00e9sine qui vous \u00e9blouira.<\/p>\n\n\n\n<p>Les rendements des plus grandes plantes en ext\u00e9rieur peuvent atteindre les <strong>800 g<\/strong>. En int\u00e9rieur, avec une lampe LED de 300-350 W, il sera possible d&#8217;atteindre les <strong>550 g par m\u00b2<\/strong>.<\/p>\n\n\n\n<p><strong>Les ar\u00f4mes et les saveurs<\/strong> sont complexes. Il est possible d&#8217;appr\u00e9cier un m\u00e9lange fantastique de touches fruit\u00e9es comme des bonbons, avec des notes citriques et un fond de haschich h\u00e9rit\u00e9 de ses g\u00e8nes afghans.<\/p>\n\n\n\n<p>Les <strong>effets<\/strong> vous procureront un \u00e9tat de d\u00e9tente agr\u00e9able aussi bien physique que mentale. C&#8217;est la vari\u00e9t\u00e9 id\u00e9ale pour d\u00e9connecter apr\u00e8s une journ\u00e9e difficile.<\/p>\n\n\n\n<div style=\"height:50px\" aria-hidden=\"true\" class=\"wp-block-spacer uag-hide-mob\"><\/div>\n\n\n\n<div class=\"wp-block-columns is-layout-flex wp-container-core-columns-is-layout-28f84493 wp-block-columns-is-layout-flex\">\n<div class=\"wp-block-column is-layout-flow wp-block-column-is-layout-flow\">\n<p class=\"has-text-align-center has-medium-font-size\"><strong>Ce que nous aimons le plus<\/strong><\/p>\n\n\n\n<ul class=\"wp-block-list\">\n<li>Tr\u00e8s facile \u00e0 cultiver.<\/li>\n\n\n\n<li>Production \u00e9lev\u00e9e.<\/li>\n\n\n\n<li>Floraison tr\u00e8s rapide.<\/li>\n\n\n\n<li>Des effets tr\u00e8s relaxants.<\/li>\n\n\n\n<li>Son prix.<\/li>\n<\/ul>\n<\/div>\n\n\n\n<div class=\"wp-block-column is-layout-flow wp-block-column-is-layout-flow\">\n<p class=\"has-text-align-center has-medium-font-size\"><strong>Ce que nous aimons le moins<\/strong><\/p>\n\n\n\n<ul class=\"wp-block-list\">\n<li>Odeur intense en floraison<\/li>\n<\/ul>\n<\/div>\n<\/div>\n\n\n\n<div style=\"height:50px\" aria-hidden=\"true\" class=\"wp-block-spacer uag-hide-mob\"><\/div>\n\n\n\n<h2 class=\"wp-block-heading\">Questions fr\u00e9quemment pos\u00e9es<\/h2>\n\n\n\n<p>Vous trouverez ci-dessous les r\u00e9ponses aux questions les plus fr\u00e9quemment pos\u00e9es par les cultivateurs int\u00e9ress\u00e9s par cette vari\u00e9t\u00e9 :<\/p>\n\n\n<div id=\"rank-math-faq\" class=\"rank-math-block\">\n<div class=\"rank-math-list \">\n<div id=\"faq-question-1663029074962\" class=\"rank-math-list-item\">\n<h3 class=\"rank-math-question \">Black Zkittlez Wood Fast Version Indica ou Sativa ?<\/h3>\n<div class=\"rank-math-answer \">\n\n<p>Elle poss\u00e8de une grande dominance Indica. Il s&#8217;agit d&#8217;un hybride Black Domina Auto (100% Indica) x Zkittlez Wood (80% Indica \/ 20% Sativa).<\/p>\n\n<\/div>\n<\/div>\n<div id=\"faq-question-1663029159933\" class=\"rank-math-list-item\">\n<h3 class=\"rank-math-question \">Combien de temps dure la floraison d&#8217;une Black Zkittlez Wood Fast Version ?<\/h3>\n<div class=\"rank-math-answer \">\n\n<p>C&#8217;est une vari\u00e9t\u00e9 \u00e0 floraison rapide qui se r\u00e9colte au milieu du mois de septembre, avec certains ph\u00e9notypes encore plus rapides.<\/p>\n\n<\/div>\n<\/div>\n<div id=\"faq-question-1663029165861\" class=\"rank-math-list-item\">\n<h3 class=\"rank-math-question \">Quelle production pour la Black Zkittlez Wood Fast Version?<\/h3>\n<div class=\"rank-math-answer \">\n\n<p>En ext\u00e9rieur, les rendements pourront atteindre les 800 g par plante pour les exemplaires les plus grands. En int\u00e9rieur, avec une bonne lampe LED, il est possible d&#8217;obtenir jusqu&#8217;\u00e0 550 g par m\u00b2.<\/p>\n\n<\/div>\n<\/div>\n<div id=\"faq-question-1666780029954\" class=\"rank-math-list-item\">\n<h3 class=\"rank-math-question \">Comment cultiver une Black Zkittlez Wood F1?<\/h3>\n<div class=\"rank-math-answer \">\n\n<p>C&#8217;est une plante tr\u00e8s facile \u00e0 cultiver et qui appr\u00e9cie des engrais organiques. Il sera possible d&#8217;obtenir des saveurs plus intenses et marqu\u00e9es, l&#8217;un des points fort de cette vari\u00e9t\u00e9.<\/p>\n\n<\/div>\n<\/div>\n<div id=\"faq-question-1678188710560\" class=\"rank-math-list-item\">\n<h3 class=\"rank-math-question \">Quelles sont les caract\u00e9ristiques de la Black Zkittlez Wood Fast Version en vrac ?<\/h3>\n<div class=\"rank-math-answer \">\n\n<p>C&#8217;est une vari\u00e9t\u00e9 facile \u00e0 cultiver, sp\u00e9cialement pour ceux qui recherchent une floraison rapide. Les t\u00eates d\u00e9gagent un ar\u00f4me et une saveur unique. Ses effets vous laisseront K.O.<\/p>\n\n<\/div>\n<\/div>\n<\/div>\n<\/div>","protected":false},"excerpt":{"rendered":"<p>Black Zkittlez Wood Fast Version est une g\u00e9n\u00e9tique avec une grande dominance Indica qui vous surprendra par sa rapidit\u00e9 de floraison et sa puissance. C&#8217;est \u00e9galement, une plante tr\u00e8s simple \u00e0 cultiver en int\u00e9rieur et en ext\u00e9rieur. Les t\u00eates sont grosses, dures comme de la pierre et ont un ar\u00f4me que vous adorerez.<\/p>\n","protected":false},"featured_media":15534,"comment_status":"open","ping_status":"closed","template":"","meta":{"_acf_changed":false,"inline_featured_image":false,"_uag_custom_page_level_css":""},"product_brand":[],"product_cat":[3567],"product_tag":[],"class_list":{"0":"post-15501","1":"product","2":"type-product","3":"status-publish","4":"has-post-thumbnail","6":"product_cat-graines-fast-version","8":"first","9":"outofstock","10":"taxable","11":"shipping-taxable","12":"purchasable","13":"product-type-simple"},"acf":[],"uagb_featured_image_src":{"full":["https:\/\/bulkgenetics.com\/wp-content\/uploads\/2023\/03\/Black-Zkittlez-Wood-Fast-Version.jpg",1600,1600,false],"thumbnail":["https:\/\/bulkgenetics.com\/wp-content\/uploads\/2023\/03\/Black-Zkittlez-Wood-Fast-Version-150x150.jpg",150,150,true],"medium":["https:\/\/bulkgenetics.com\/wp-content\/uploads\/2023\/03\/Black-Zkittlez-Wood-Fast-Version-300x300.jpg",300,300,true],"medium_large":["https:\/\/bulkgenetics.com\/wp-content\/uploads\/2023\/03\/Black-Zkittlez-Wood-Fast-Version-768x768.jpg",768,768,true],"large":["https:\/\/bulkgenetics.com\/wp-content\/uploads\/2023\/03\/Black-Zkittlez-Wood-Fast-Version-1024x1024.jpg",1024,1024,true],"1536x1536":["https:\/\/bulkgenetics.com\/wp-content\/uploads\/2023\/03\/Black-Zkittlez-Wood-Fast-Version-1536x1536.jpg",1536,1536,true],"2048x2048":["https:\/\/bulkgenetics.com\/wp-content\/uploads\/2023\/03\/Black-Zkittlez-Wood-Fast-Version.jpg",1600,1600,false],"commercegurus-pdp-large":["https:\/\/bulkgenetics.com\/wp-content\/uploads\/2023\/03\/Black-Zkittlez-Wood-Fast-Version-990x990.jpg",990,990,true],"commercegurus-plp-mobile":["https:\/\/bulkgenetics.com\/wp-content\/uploads\/2023\/03\/Black-Zkittlez-Wood-Fast-Version-441x441.jpg",441,441,true],"cgkit_image_swatch":["https:\/\/bulkgenetics.com\/wp-content\/uploads\/2023\/03\/Black-Zkittlez-Wood-Fast-Version-100x100.jpg",100,100,true],"woocommerce_thumbnail":["https:\/\/bulkgenetics.com\/wp-content\/uploads\/2023\/03\/Black-Zkittlez-Wood-Fast-Version-300x300.jpg",300,300,true],"woocommerce_single":["https:\/\/bulkgenetics.com\/wp-content\/uploads\/2023\/03\/Black-Zkittlez-Wood-Fast-Version-800x800.jpg",800,800,true],"woocommerce_gallery_thumbnail":["https:\/\/bulkgenetics.com\/wp-content\/uploads\/2023\/03\/Black-Zkittlez-Wood-Fast-Version-150x150.jpg",150,150,true],"dgwt-wcas-product-suggestion":["https:\/\/bulkgenetics.com\/wp-content\/uploads\/2023\/03\/Black-Zkittlez-Wood-Fast-Version-64x64.jpg",64,64,true]},"uagb_author_info":{"display_name":"\u00c1ngel Flores","author_link":"https:\/\/bulkgenetics.com\/fr\/author\/"},"uagb_comment_info":0,"uagb_excerpt":"Black Zkittlez Wood Fast Version est une g\u00e9n\u00e9tique avec une grande dominance Indica qui vous surprendra par sa rapidit\u00e9 de floraison et sa puissance. C'est \u00e9galement, une plante tr\u00e8s simple \u00e0 cultiver en int\u00e9rieur et en ext\u00e9rieur. Les t\u00eates sont grosses, dures comme de la pierre et ont un ar\u00f4me que vous adorerez.","_links":{"self":[{"href":"https:\/\/bulkgenetics.com\/fr\/wp-json\/wp\/v2\/product\/15501","targetHints":{"allow":["GET"]}}],"collection":[{"href":"https:\/\/bulkgenetics.com\/fr\/wp-json\/wp\/v2\/product"}],"about":[{"href":"https:\/\/bulkgenetics.com\/fr\/wp-json\/wp\/v2\/types\/product"}],"replies":[{"embeddable":true,"href":"https:\/\/bulkgenetics.com\/fr\/wp-json\/wp\/v2\/comments?post=15501"}],"wp:featuredmedia":[{"embeddable":true,"href":"https:\/\/bulkgenetics.com\/fr\/wp-json\/wp\/v2\/media\/15534"}],"wp:attachment":[{"href":"https:\/\/bulkgenetics.com\/fr\/wp-json\/wp\/v2\/media?parent=15501"}],"wp:term":[{"taxonomy":"product_brand","embeddable":true,"href":"https:\/\/bulkgenetics.com\/fr\/wp-json\/wp\/v2\/product_brand?post=15501"},{"taxonomy":"product_cat","embeddable":true,"href":"https:\/\/bulkgenetics.com\/fr\/wp-json\/wp\/v2\/product_cat?post=15501"},{"taxonomy":"product_tag","embeddable":true,"href":"https:\/\/bulkgenetics.com\/fr\/wp-json\/wp\/v2\/product_tag?post=15501"}],"curies":[{"name":"wp","href":"https:\/\/api.w.org\/{rel}","templated":true}]}}